{"id":76062,"date":"2025-01-14T18:22:39","date_gmt":"2025-01-14T16:22:39","guid":{"rendered":"https:\/\/www.libri.de\/?page_id=76062"},"modified":"2025-01-14T19:02:46","modified_gmt":"2025-01-14T17:02:46","slug":"reglement-general-sur-la-securite-des-produits-gpsr","status":"publish","type":"page","link":"https:\/\/www.libri.de\/fr\/entreprise\/durabilite-et-conformite\/reglement-general-sur-la-securite-des-produits-gpsr\/","title":{"rendered":"R\u00e8glement g\u00e9n\u00e9ral sur la s\u00e9curit\u00e9 des produits (GPSR)"},"content":{"rendered":"\r\n<div id=\"header-block_da454cd2b7816f94b2b7271a02b9bc02\" class=\"block-header module type-small bc-green c-white-imp\">\r\n  <div class=\"container\">\r\n\r\n    <p id=\"breadcrumbs\"><span><span><a href=\"https:\/\/www.libri.de\/fr\/\">Page d&rsquo;accueil<\/a><\/span><\/span><\/p>    \r\n    \r\n      \r\n      <div class=\"row\">\r\n        <div class=\"col-12 col-md-10 title\">\r\n          <h1 class=\"\">R\u00e8glement g\u00e9n\u00e9ral sur la s\u00e9curit\u00e9 des produits (GPSR)<\/h1>\r\n        <\/div>\r\n\r\n        <div class=\"col-12 col-md-10 text\">\r\n          <p>La R\u00e9glementation sur la s\u00e9curit\u00e9 des produits (\u00e9galement connue sous le nom de GPSR) \u00e9tablit le cadre l\u00e9gal pour garantir la s\u00e9curit\u00e9 des produits sur le march\u00e9 europ\u00e9en. Elle d\u00e9finit des principes g\u00e9n\u00e9raux concernant la conception, la fabrication et la mise sur le march\u00e9 des produits afin de s&rsquo;assurer qu&rsquo;ils ne pr\u00e9sentent aucun risque pour les consommateurs ou les tiers.<\/p>\r\n        <\/div>\r\n      <\/div>\r\n\r\n      \r\n  <\/div>\r\n<\/div>\r\n\r\n\n\n\r\n<div id=\"anchor-nav-block_53bbd8c0bdc88df4bf82c13d6fe06f63\" class=\"block-anchor-nav module bc-white\"  >\r\n\r\n      <div class=\"container\"><div class=\"line\"><\/div><\/div>\r\n    \r\n    <div class=\"container\">\r\n      <div class=\"p-relative\">\r\n        <div class=\"arrow left\"><\/div>\r\n        <div class=\"arrow right\"><\/div>\r\n      <\/div>\r\n      <div class=\"overflow-x-auto\">\r\n        <div class=\"d-flex anchor-nav\" data-class=\"anchor-nav-entry\"><\/div>\r\n      <\/div>\r\n    <\/div>\r\n\r\n  <\/div>\r\n\r\n\n\n\r\n<div id=\"reglement\" class=\"block-anchor\" data-title=\"R\u00e8glement\" >\r\n\r\n  <\/div>\r\n\r\n\n\n\r\n<div id=\"text-block_e235c119f5ab2a0c002279e91686c725\" class=\"block-text module type-text bc-trans\">\r\n  <div class=\"container\">\r\n\r\n    \r\n      <div class=\"row \">\r\n\r\n        \r\n        <div class=\"col-12 col-md-10\">\r\n\r\n          \r\n          <div class=\"text for-box-js\">\r\n            <p>\u00c0 partir du 13 d\u00e9cembre 2024, les exigences en mati\u00e8re de s\u00e9curit\u00e9 et d&rsquo;\u00e9tiquetage des produits deviendront obligatoires. Libri se pr\u00e9pare soigneusement \u00e0 cette nouvelle r\u00e9glementation et informera tous les \u00e9diteurs partenaires en temps utile. En r\u00e9sum\u00e9, \u00e0 partir de cette date, Libri sera responsable de v\u00e9rifier que tous les produits des \u00e9diteurs partenaires sont correctement \u00e9tiquet\u00e9s. Les produits non conformes seront retir\u00e9s de la gamme de produits. Par exemple :<\/p>\n<ul>\n<li><strong>\u00c9tiquetage des produits :<\/strong> Les fabricants ou les \u00e9diteurs doivent s&rsquo;assurer que leurs produits sont identifi\u00e9 par type, d&rsquo;un num\u00e9ro de lot ou de s\u00e9rie pour une identification facile (par exemple, un ISBN). Cette \u00e9tiquette doit \u00eatre physiquement visible sur le produit lui-m\u00eame (voir les obligations pour les \u00e9diteurs du B\u00f6rsenverein).<\/li>\n<li><strong>\u00c9tiquettes d&rsquo;avertissement et informations sur le produit :<\/strong> Si n\u00e9cessaire, les produits doivent comporter des \u00e9tiquettes d&rsquo;avertissement ou des marquages clairs qui sont facilement visibles pour les consommateurs. Ceux-ci doivent \u00e9galement \u00eatre physiquement visibles sur le produit ou son emballage.<\/li>\n<li><strong>Informations sur le fabricant ou l&rsquo;\u00e9diteur :<\/strong> Le fabricant ou l&rsquo;\u00e9diteur doit inclure son nom, son nom commercial ou sa marque, ainsi que son adresse postale et son adresse e-mail. Si diff\u00e9rent, une adresse de contact central doit \u00e9galement \u00eatre fournie. Ces informations doivent \u00eatre pr\u00e9sentes soit sur le produit lui-m\u00eame, sur l&#8217;emballage, ou dans un document d&rsquo;accompagnement.<\/li>\n<\/ul>\n<p>En tant qu&rsquo;op\u00e9rateur de vente \u00e0 distance, Libri agit en tant qu&rsquo;interm\u00e9diaire entre les fabricants, les maisons d&rsquo;\u00e9dition, les importateurs et les consommateurs finaux. Le r\u00f4le cl\u00e9 de Libri est de s&rsquo;assurer que les produits qu&rsquo;ils distribuent ou proposent sur leurs plateformes respectent les exigences de s\u00e9curit\u00e9. Ce r\u00f4le implique de faciliter l&rsquo;entr\u00e9e des produits sur le march\u00e9 et de les rendre accessibles aux consommateurs. Libri doit veiller \u00e0 ce que les descriptions des produits sur ses sites Web soient compl\u00e8tes, pr\u00e9cises et compr\u00e9hensible. Par cons\u00e9quent, Libri s&rsquo;attend \u00e0 ce que ses partenaires fournissent toutes les informations pertinentes sous forme num\u00e9rique.<\/p>\n<ul>\n<li><strong>Informations requises des \u00e9diteurs et des fabricants :<\/strong>\n<ul>\n<li><strong>Nom du fabricant ou de l&rsquo;\u00e9diteur : <\/strong>Le nom complet du fabricant ou de la maison d&rsquo;\u00e9dition.<\/li>\n<li><strong>Nom commercial ou marque d\u00e9pos\u00e9e :<\/strong> Le nom commercial ou la marque d\u00e9pos\u00e9e du fabricant ou de l&rsquo;\u00e9diteur.<\/li>\n<li><strong>Adresse postale et email :<\/strong> L&rsquo;adresse postale et l&rsquo;adresse email du fabricant ou de l&rsquo;\u00e9diteur.<\/li>\n<\/ul>\n<\/li>\n<li><strong>Identification du produit :<\/strong> Dans le cadre des ventes en ligne, les produits doivent \u00eatre clairement identifiables, ce qui inclut la fourniture de :\n<ul>\n<li>Images num\u00e9riques du produit, descriptions du produit, identifiants (comme les num\u00e9ros de s\u00e9rie, ISBN, etc.)<\/li>\n<\/ul>\n<\/li>\n<li><strong>Si le fabricant ou l&rsquo;\u00e9diteur n&rsquo;est pas bas\u00e9 dans l&rsquo;UE : <\/strong>Si le fabricant ou l&rsquo;\u00e9diteur est situ\u00e9 en dehors de l&rsquo;UE, les informations suivantes doivent \u00eatre fournies par la personne juridique responsable (importateur, repr\u00e9sentant autoris\u00e9 ou fournisseur de services d&rsquo;ex\u00e9cution) :\n<ul>\n<li>Nom de la personne responsable : Le nom de l&rsquo;entit\u00e9 de l&rsquo;importateur, du repr\u00e9sentant autoris\u00e9 ou du fournisseur de services d&rsquo;ex\u00e9cution.<\/li>\n<li>Adresse de la personne responsable : L&rsquo;adresse postale de l&rsquo;importateur, du repr\u00e9sentant autoris\u00e9 ou du fournisseur de services d&rsquo;ex\u00e9cution.<\/li>\n<li>Adresse email de la personne responsable : Le contact email de l&rsquo;importateur, du repr\u00e9sentant autoris\u00e9 ou du fournisseur de services d&rsquo;ex\u00e9cution.<\/li>\n<\/ul>\n<\/li>\n<\/ul>\n          <\/div>\r\n\r\n          \r\n          \r\n        <\/div>\r\n        \r\n      <\/div>\r\n\r\n    \r\n  <\/div>\r\n<\/div>\r\n\r\n\n\n\r\n<div id=\"faq\" class=\"block-anchor\" data-title=\"FAQ\" >\r\n\r\n  <\/div>\r\n\r\n\n\n\r\n<div id=\"teaser-small-block_cce4165bca4cbc641f45a0242c5333c7\" class=\"block-teaser-small bc-green-2\">\r\n\r\n  <div class=\"container\">\r\n\r\n    <a href=\"https:\/\/www.libri.de\/fr\/durabilite-et-conformite\/reglement-general-sur-la-securite-des-produits-gpsr\/faq-gpsr\/\" target=\"\" class=\"d-flex align-items-center justify-content-center flex-column flex-md-row\">\r\n\r\n              <div class=\"image\">\r\n          <img decoding=\"async\" width=\"150\" height=\"150\" src=\"https:\/\/www.libri.de\/wp-content\/uploads\/2024\/12\/GPSR-FAQ-Icon-150x150.png\" class=\"attachment-thumbnail size-thumbnail\" alt=\"\" srcset=\"https:\/\/www.libri.de\/wp-content\/uploads\/2024\/12\/GPSR-FAQ-Icon-150x150.png 150w, https:\/\/www.libri.de\/wp-content\/uploads\/2024\/12\/GPSR-FAQ-Icon-300x300.png 300w, https:\/\/www.libri.de\/wp-content\/uploads\/2024\/12\/GPSR-FAQ-Icon.png 600w\" sizes=\"(max-width: 150px) 100vw, 150px\" \/>        <\/div>\r\n      \r\n      <div class=\"text\">\r\n        <h3 class=\"title\">FAQs<\/h3>\r\n        <p>Simplifier la mise aux normes des produits : R\u00e9ponses aux questions fr\u00e9quemment pos\u00e9es sur la d\u00e9forestation et la r\u00e9glementation en mati\u00e8re de s\u00e9curit\u00e9.<\/p>      <\/div>\r\n\r\n      <div class=\"teaser-arrow\"><\/div>\r\n\r\n    <\/a>\r\n\r\n  <\/div>\r\n<\/div>\r\n\r\n\n\n\r\n<div id=\"go-back-block_4c868b495afec7900337f50151203323\" class=\"block-go-back module bc-trans\">\r\n  <div class=\"container\">\r\n\r\n    <a href=\"javascript:history.back()\" class=\"bttn-secondary go-back-link\">\r\n      <span class=\"arrow-left\"><\/span>Retour \u00e0 l&rsquo;aper\u00e7u    <\/a>\r\n\r\n  <\/div>\r\n<\/div>\r\n\r\n","protected":false},"excerpt":{"rendered":"","protected":false},"author":33,"featured_media":0,"parent":73155,"menu_order":0,"comment_status":"closed","ping_status":"closed","template":"","meta":{"_acf_changed":false,"footnotes":""},"class_list":["post-76062","page","type-page","status-publish","hentry"],"acf":[],"yoast_head":"<!-- This site is optimized with the Yoast SEO plugin v27.0 - https:\/\/yoast.com\/product\/yoast-seo-wordpress\/ -->\n<title>R\u00e8glement g\u00e9n\u00e9ral sur la s\u00e9curit\u00e9 des produits (GPSR) | Libri GmbH<\/title>\n<meta name=\"robots\" content=\"index, follow, max-snippet:-1, max-image-preview:large, max-video-preview:-1\" \/>\n<link rel=\"canonical\" href=\"https:\/\/www.libri.de\/fr\/entreprise\/durabilite-et-conformite\/reglement-general-sur-la-securite-des-produits-gpsr\/\" \/>\n<meta property=\"og:locale\" content=\"fr_FR\" \/>\n<meta property=\"og:type\" content=\"article\" \/>\n<meta property=\"og:title\" content=\"R\u00e8glement g\u00e9n\u00e9ral sur la s\u00e9curit\u00e9 des produits (GPSR) | Libri GmbH\" \/>\n<meta property=\"og:url\" content=\"https:\/\/www.libri.de\/fr\/entreprise\/durabilite-et-conformite\/reglement-general-sur-la-securite-des-produits-gpsr\/\" \/>\n<meta property=\"og:site_name\" content=\"Libri GmbH\" \/>\n<meta property=\"article:publisher\" content=\"https:\/\/www.facebook.com\/libribarsortiment\" \/>\n<meta property=\"article:modified_time\" content=\"2025-01-14T17:02:46+00:00\" \/>\n<meta name=\"twitter:card\" content=\"summary_large_image\" \/>\n<script type=\"application\/ld+json\" class=\"yoast-schema-graph\">{\"@context\":\"https:\/\/schema.org\",\"@graph\":[{\"@type\":\"WebPage\",\"@id\":\"https:\/\/www.libri.de\/fr\/entreprise\/durabilite-et-conformite\/reglement-general-sur-la-securite-des-produits-gpsr\/\",\"url\":\"https:\/\/www.libri.de\/fr\/entreprise\/durabilite-et-conformite\/reglement-general-sur-la-securite-des-produits-gpsr\/\",\"name\":\"R\u00e8glement g\u00e9n\u00e9ral sur la s\u00e9curit\u00e9 des produits (GPSR) | Libri GmbH\",\"isPartOf\":{\"@id\":\"https:\/\/www.libri.de\/fr\/#website\"},\"datePublished\":\"2025-01-14T16:22:39+00:00\",\"dateModified\":\"2025-01-14T17:02:46+00:00\",\"breadcrumb\":{\"@id\":\"https:\/\/www.libri.de\/fr\/entreprise\/durabilite-et-conformite\/reglement-general-sur-la-securite-des-produits-gpsr\/#breadcrumb\"},\"inLanguage\":\"fr-FR\",\"potentialAction\":[{\"@type\":\"ReadAction\",\"target\":[\"https:\/\/www.libri.de\/fr\/entreprise\/durabilite-et-conformite\/reglement-general-sur-la-securite-des-produits-gpsr\/\"]}]},{\"@type\":\"BreadcrumbList\",\"@id\":\"https:\/\/www.libri.de\/fr\/entreprise\/durabilite-et-conformite\/reglement-general-sur-la-securite-des-produits-gpsr\/#breadcrumb\",\"itemListElement\":[{\"@type\":\"ListItem\",\"position\":1,\"name\":\"Page d'accueil\",\"item\":\"https:\/\/www.libri.de\/fr\/\"},{\"@type\":\"ListItem\",\"position\":2,\"name\":\"Entreprise\",\"item\":\"https:\/\/www.libri.de\/fr\/entreprise\/\"},{\"@type\":\"ListItem\",\"position\":3,\"name\":\"Durabilit\u00e9 et conformit\u00e9\",\"item\":\"https:\/\/www.libri.de\/fr\/entreprise\/durabilite-et-conformite\/\"},{\"@type\":\"ListItem\",\"position\":4,\"name\":\"R\u00e8glement g\u00e9n\u00e9ral sur la s\u00e9curit\u00e9 des produits (GPSR)\"}]},{\"@type\":\"WebSite\",\"@id\":\"https:\/\/www.libri.de\/fr\/#website\",\"url\":\"https:\/\/www.libri.de\/fr\/\",\"name\":\"Libri GmbH\",\"description\":\"Barsortiment und Gro\u00dfhandel f\u00fcr B\u00fccher und andere Medien\",\"publisher\":{\"@id\":\"https:\/\/www.libri.de\/fr\/#organization\"},\"potentialAction\":[{\"@type\":\"SearchAction\",\"target\":{\"@type\":\"EntryPoint\",\"urlTemplate\":\"https:\/\/www.libri.de\/fr\/?s={search_term_string}\"},\"query-input\":{\"@type\":\"PropertyValueSpecification\",\"valueRequired\":true,\"valueName\":\"search_term_string\"}}],\"inLanguage\":\"fr-FR\"},{\"@type\":\"Organization\",\"@id\":\"https:\/\/www.libri.de\/fr\/#organization\",\"name\":\"Libri\",\"url\":\"https:\/\/www.libri.de\/fr\/\",\"logo\":{\"@type\":\"ImageObject\",\"inLanguage\":\"fr-FR\",\"@id\":\"https:\/\/www.libri.de\/fr\/#\/schema\/logo\/image\/\",\"url\":\"https:\/\/188.64.195.32\/wp-content\/uploads\/2022\/04\/libri_logo-1.jpg\",\"contentUrl\":\"https:\/\/188.64.195.32\/wp-content\/uploads\/2022\/04\/libri_logo-1.jpg\",\"width\":2000,\"height\":1000,\"caption\":\"Libri\"},\"image\":{\"@id\":\"https:\/\/www.libri.de\/fr\/#\/schema\/logo\/image\/\"},\"sameAs\":[\"https:\/\/www.facebook.com\/libribarsortiment\",\"https:\/\/www.instagram.com\/libri.barsortiment\",\"https:\/\/www.linkedin.com\/company\/libri-gmbh\"]}]}<\/script>\n<!-- \/ Yoast SEO plugin. -->","yoast_head_json":{"title":"R\u00e8glement g\u00e9n\u00e9ral sur la s\u00e9curit\u00e9 des produits (GPSR) | Libri GmbH","robots":{"index":"index","follow":"follow","max-snippet":"max-snippet:-1","max-image-preview":"max-image-preview:large","max-video-preview":"max-video-preview:-1"},"canonical":"https:\/\/www.libri.de\/fr\/entreprise\/durabilite-et-conformite\/reglement-general-sur-la-securite-des-produits-gpsr\/","og_locale":"fr_FR","og_type":"article","og_title":"R\u00e8glement g\u00e9n\u00e9ral sur la s\u00e9curit\u00e9 des produits (GPSR) | Libri GmbH","og_url":"https:\/\/www.libri.de\/fr\/entreprise\/durabilite-et-conformite\/reglement-general-sur-la-securite-des-produits-gpsr\/","og_site_name":"Libri GmbH","article_publisher":"https:\/\/www.facebook.com\/libribarsortiment","article_modified_time":"2025-01-14T17:02:46+00:00","twitter_card":"summary_large_image","schema":{"@context":"https:\/\/schema.org","@graph":[{"@type":"WebPage","@id":"https:\/\/www.libri.de\/fr\/entreprise\/durabilite-et-conformite\/reglement-general-sur-la-securite-des-produits-gpsr\/","url":"https:\/\/www.libri.de\/fr\/entreprise\/durabilite-et-conformite\/reglement-general-sur-la-securite-des-produits-gpsr\/","name":"R\u00e8glement g\u00e9n\u00e9ral sur la s\u00e9curit\u00e9 des produits (GPSR) | Libri GmbH","isPartOf":{"@id":"https:\/\/www.libri.de\/fr\/#website"},"datePublished":"2025-01-14T16:22:39+00:00","dateModified":"2025-01-14T17:02:46+00:00","breadcrumb":{"@id":"https:\/\/www.libri.de\/fr\/entreprise\/durabilite-et-conformite\/reglement-general-sur-la-securite-des-produits-gpsr\/#breadcrumb"},"inLanguage":"fr-FR","potentialAction":[{"@type":"ReadAction","target":["https:\/\/www.libri.de\/fr\/entreprise\/durabilite-et-conformite\/reglement-general-sur-la-securite-des-produits-gpsr\/"]}]},{"@type":"BreadcrumbList","@id":"https:\/\/www.libri.de\/fr\/entreprise\/durabilite-et-conformite\/reglement-general-sur-la-securite-des-produits-gpsr\/#breadcrumb","itemListElement":[{"@type":"ListItem","position":1,"name":"Page d'accueil","item":"https:\/\/www.libri.de\/fr\/"},{"@type":"ListItem","position":2,"name":"Entreprise","item":"https:\/\/www.libri.de\/fr\/entreprise\/"},{"@type":"ListItem","position":3,"name":"Durabilit\u00e9 et conformit\u00e9","item":"https:\/\/www.libri.de\/fr\/entreprise\/durabilite-et-conformite\/"},{"@type":"ListItem","position":4,"name":"R\u00e8glement g\u00e9n\u00e9ral sur la s\u00e9curit\u00e9 des produits (GPSR)"}]},{"@type":"WebSite","@id":"https:\/\/www.libri.de\/fr\/#website","url":"https:\/\/www.libri.de\/fr\/","name":"Libri GmbH","description":"Barsortiment und Gro\u00dfhandel f\u00fcr B\u00fccher und andere Medien","publisher":{"@id":"https:\/\/www.libri.de\/fr\/#organization"},"potentialAction":[{"@type":"SearchAction","target":{"@type":"EntryPoint","urlTemplate":"https:\/\/www.libri.de\/fr\/?s={search_term_string}"},"query-input":{"@type":"PropertyValueSpecification","valueRequired":true,"valueName":"search_term_string"}}],"inLanguage":"fr-FR"},{"@type":"Organization","@id":"https:\/\/www.libri.de\/fr\/#organization","name":"Libri","url":"https:\/\/www.libri.de\/fr\/","logo":{"@type":"ImageObject","inLanguage":"fr-FR","@id":"https:\/\/www.libri.de\/fr\/#\/schema\/logo\/image\/","url":"https:\/\/188.64.195.32\/wp-content\/uploads\/2022\/04\/libri_logo-1.jpg","contentUrl":"https:\/\/188.64.195.32\/wp-content\/uploads\/2022\/04\/libri_logo-1.jpg","width":2000,"height":1000,"caption":"Libri"},"image":{"@id":"https:\/\/www.libri.de\/fr\/#\/schema\/logo\/image\/"},"sameAs":["https:\/\/www.facebook.com\/libribarsortiment","https:\/\/www.instagram.com\/libri.barsortiment","https:\/\/www.linkedin.com\/company\/libri-gmbh"]}]}},"_links":{"self":[{"href":"https:\/\/www.libri.de\/fr\/wp-json\/wp\/v2\/pages\/76062","targetHints":{"allow":["GET"]}}],"collection":[{"href":"https:\/\/www.libri.de\/fr\/wp-json\/wp\/v2\/pages"}],"about":[{"href":"https:\/\/www.libri.de\/fr\/wp-json\/wp\/v2\/types\/page"}],"author":[{"embeddable":true,"href":"https:\/\/www.libri.de\/fr\/wp-json\/wp\/v2\/users\/33"}],"replies":[{"embeddable":true,"href":"https:\/\/www.libri.de\/fr\/wp-json\/wp\/v2\/comments?post=76062"}],"version-history":[{"count":2,"href":"https:\/\/www.libri.de\/fr\/wp-json\/wp\/v2\/pages\/76062\/revisions"}],"predecessor-version":[{"id":76080,"href":"https:\/\/www.libri.de\/fr\/wp-json\/wp\/v2\/pages\/76062\/revisions\/76080"}],"up":[{"embeddable":true,"href":"https:\/\/www.libri.de\/fr\/wp-json\/wp\/v2\/pages\/73155"}],"wp:attachment":[{"href":"https:\/\/www.libri.de\/fr\/wp-json\/wp\/v2\/media?parent=76062"}],"curies":[{"name":"wp","href":"https:\/\/api.w.org\/{rel}","templated":true}]}}