{"id":73738,"date":"2024-10-15T18:10:04","date_gmt":"2024-10-15T16:10:04","guid":{"rendered":"https:\/\/www.libri.de\/?page_id=73738"},"modified":"2025-10-09T18:54:29","modified_gmt":"2025-10-09T16:54:29","slug":"encourager-la-lecture","status":"publish","type":"page","link":"https:\/\/www.libri.de\/fr\/entreprise\/encourager-la-lecture\/","title":{"rendered":"Encourager la lecture"},"content":{"rendered":"\r\n<div id=\"header-block_77abf6e39bd1cbf4a8244a9ace524451\" class=\"block-header module type-big bc-third-blue c-white-imp\">\r\n  <div class=\"container\">\r\n\r\n    <p id=\"breadcrumbs\"><span><span><a href=\"https:\/\/www.libri.de\/fr\/\">Page d&rsquo;accueil<\/a><\/span><\/span><\/p>    \r\n    \r\n              <div class=\"image\">\r\n          <img decoding=\"async\" width=\"1990\" height=\"1100\" src=\"https:\/\/www.libri.de\/wp-content\/uploads\/2024\/10\/Lesen-foerdern-1900-x-1100-px-Header.png\" class=\"attachment-2048x2048 size-2048x2048\" alt=\"Lesen f\u00f6rdern\" srcset=\"https:\/\/www.libri.de\/wp-content\/uploads\/2024\/10\/Lesen-foerdern-1900-x-1100-px-Header.png 1990w, https:\/\/www.libri.de\/wp-content\/uploads\/2024\/10\/Lesen-foerdern-1900-x-1100-px-Header-300x166.png 300w, https:\/\/www.libri.de\/wp-content\/uploads\/2024\/10\/Lesen-foerdern-1900-x-1100-px-Header-1024x566.png 1024w, https:\/\/www.libri.de\/wp-content\/uploads\/2024\/10\/Lesen-foerdern-1900-x-1100-px-Header-768x425.png 768w, https:\/\/www.libri.de\/wp-content\/uploads\/2024\/10\/Lesen-foerdern-1900-x-1100-px-Header-1536x849.png 1536w\" sizes=\"(max-width: 1990px) 100vw, 1990px\" \/>        <\/div>\r\n      \r\n      <div class=\"row\">\r\n        <div class=\"col-12 col-md-10 title\">\r\n          <h1 class=\"\">Encourager la lecture<\/h1>\r\n        <\/div>\r\n\r\n        <div class=\"col-12 col-md-10 text\">\r\n          <p>Chez Libri, nous consid\u00e9rons la lecture comme une comp\u00e9tence de vie. C&rsquo;est la cl\u00e9 qui ouvre les portes de l&rsquo;\u00e9ducation, de la cr\u00e9ativit\u00e9 et de la pens\u00e9e critique. En tant que grossiste en livres, nous sommes conscients de notre responsabilit\u00e9 sociale de promouvoir et de renforcer cette capacit\u00e9.<\/p>\r\n        <\/div>\r\n      <\/div>\r\n\r\n      \r\n  <\/div>\r\n<\/div>\r\n\r\n\n\n\r\n<div id=\"text-block_61dc94f1c6abf67756fcd2b095cb9b2d\" class=\"block-text module type-text bc-trans\">\r\n  <div class=\"container\">\r\n\r\n    \r\n      <div class=\"row \">\r\n\r\n        \r\n        <div class=\"col-12 col-md-10\">\r\n\r\n                      <h2 class=\"title\">Notre investissement dans l&rsquo;avenir<\/h2>\r\n          \r\n          <div class=\"text for-box-js\">\r\n            <p class=\"whitespace-pre-wrap break-words\">Les lecteurs de demain ne sont pas seulement l&rsquo;avenir de l&rsquo;industrie du livre &#8211; ils sont le fondement d&rsquo;une soci\u00e9t\u00e9 vivante et d\u00e9mocratique. En investissant aujourd&rsquo;hui dans la promotion de la lecture, nous fa\u00e7onnons activement une communaut\u00e9 ouverte et engag\u00e9e pour demain.<\/p>\n          <\/div>\r\n\r\n          \r\n          \r\n        <\/div>\r\n        \r\n      <\/div>\r\n\r\n    \r\n  <\/div>\r\n<\/div>\r\n\r\n\n\n\r\n<div id=\"text-block_e98b6d26afd4dfe95673e1351e06ace7\" class=\"block-text module type-img-text bc-trans\">\r\n  <div class=\"container\">\r\n\r\n    \r\n      <div class=\"row \">\r\n\r\n        \r\n          <div class=\"col-12 col-md-6 col-xl-5\">\r\n            <div class=\"image round\">\r\n              <img decoding=\"async\" width=\"768\" height=\"768\" src=\"https:\/\/www.libri.de\/wp-content\/uploads\/2024\/10\/Alyna-Wnukowsky_AZ69453-800x800px-768x768.jpg\" class=\"attachment-medium_large size-medium_large\" alt=\"Alyna Wnukowsky | Sprecherin der Gesch\u00e4ftsf\u00fchrung\" srcset=\"https:\/\/www.libri.de\/wp-content\/uploads\/2024\/10\/Alyna-Wnukowsky_AZ69453-800x800px-768x768.jpg 768w, https:\/\/www.libri.de\/wp-content\/uploads\/2024\/10\/Alyna-Wnukowsky_AZ69453-800x800px-300x300.jpg 300w, https:\/\/www.libri.de\/wp-content\/uploads\/2024\/10\/Alyna-Wnukowsky_AZ69453-800x800px-150x150.jpg 150w, https:\/\/www.libri.de\/wp-content\/uploads\/2024\/10\/Alyna-Wnukowsky_AZ69453-800x800px.jpg 800w\" sizes=\"(max-width: 768px) 100vw, 768px\" \/>            <\/div>\r\n                          <span class=\"caption\">Alyna Wnukowsky | Porte-parole de la direction<\/span>\r\n                      <\/div>\r\n\r\n          <div class=\"d-none d-xl-block col-1\"><\/div>\r\n\r\n        \r\n        <div class=\"col-12 col-md-6 col-xl-5\">\r\n\r\n          \r\n          <div class=\"text \">\r\n            <p>\u00ab La lecture est un droit fondamental pour tous. Celui qui ne sait pas lire a du mal \u00e0 s&rsquo;impliquer ou \u00e0 apprendre. Il est donc alarmant de constater que de plus en plus de jeunes ne savent pas lire de mani\u00e8re sensorielle. La lecture est l&rsquo;affaire de tous.<\/p>\n<p>Et surtout, cela peut \u00eatre tr\u00e8s amusant !<\/p>\n<p>Ensemble, nous devons donc faire encore plus pour promouvoir la lecture et inciter davantage de jeunes \u00e0 lire \u00bb.<\/p>\n          <\/div>\r\n\r\n          \r\n          \r\n        <\/div>\r\n        \r\n      <\/div>\r\n\r\n    \r\n  <\/div>\r\n<\/div>\r\n\r\n\n\n\r\n<div id=\"text-block_966cfc9b565484f050129921e358ffa5\" class=\"block-text module type-text bc-trans\">\r\n  <div class=\"container\">\r\n\r\n    \r\n      <div class=\"row \">\r\n\r\n        \r\n        <div class=\"col-12 col-md-10\">\r\n\r\n          \r\n          <div class=\"text for-box-js\">\r\n            <p class=\"whitespace-pre-wrap break-words\">D\u00e9couvrez sur cette page comment nous nous engageons pour la promotion de la lecture, \u00e0 quelles actions nous participons et quelles initiatives nous soutenons concr\u00e8tement.<\/p>\n          <\/div>\r\n\r\n          \r\n          \r\n        <\/div>\r\n        \r\n      <\/div>\r\n\r\n    \r\n  <\/div>\r\n<\/div>\r\n\r\n\n\n\r\n<div id=\"text-block_48e9510f508d27ac7e70f1391256d4d5\" class=\"block-text module type-text-img bc-green-2\">\r\n  <div class=\"container\">\r\n\r\n    \r\n      <div class=\"row flex-row-reverse\">\r\n\r\n        \r\n          <div class=\"col-12 col-md-6 col-xl-5\">\r\n            <div class=\"image square\">\r\n              <img decoding=\"async\" width=\"768\" height=\"768\" src=\"https:\/\/www.libri.de\/wp-content\/uploads\/2024\/10\/Kein-Titel-800-x-800-px-768x768.jpg\" class=\"attachment-medium_large size-medium_large\" alt=\"\" srcset=\"https:\/\/www.libri.de\/wp-content\/uploads\/2024\/10\/Kein-Titel-800-x-800-px-768x768.jpg 768w, https:\/\/www.libri.de\/wp-content\/uploads\/2024\/10\/Kein-Titel-800-x-800-px-300x300.jpg 300w, https:\/\/www.libri.de\/wp-content\/uploads\/2024\/10\/Kein-Titel-800-x-800-px-150x150.jpg 150w, https:\/\/www.libri.de\/wp-content\/uploads\/2024\/10\/Kein-Titel-800-x-800-px.jpg 800w\" sizes=\"(max-width: 768px) 100vw, 768px\" \/>            <\/div>\r\n                          <span class=\"caption\">\u00a9 Librairie L\u00f6ffelholz<\/span>\r\n                      <\/div>\r\n\r\n          <div class=\"d-none d-xl-block col-2\"><\/div>\r\n\r\n        \r\n        <div class=\"col-12 col-md-6 col-xl-5\">\r\n\r\n                      <h2 class=\"title\">Susciter l&rsquo;enthousiasme pour la lecture d\u00e8s la rentr\u00e9e scolaire.<\/h2>\r\n          \r\n          <div class=\"text \">\r\n            <p>Le \u00ab sac de lecture \u00bb est une initiative du groupe d&rsquo;int\u00e9r\u00eat (IG) \u00ab promotion de la lecture \u00bb du B\u00f6rsenverein en coop\u00e9ration avec les maisons d&rsquo;\u00e9dition Arena et Oetinger. Les librairies participantes coordonnent l&rsquo;action en coop\u00e9ration avec les \u00e9coles locales.<\/p>\n<p>En 2024, Libri a soutenu pour la premi\u00e8re fois cette action importante. Cela a permis de r\u00e9duire la contribution par sac pour les librairies membres participantes.<\/p>\n          <\/div>\r\n\r\n          \r\n          \r\n        <\/div>\r\n        \r\n      <\/div>\r\n\r\n    \r\n  <\/div>\r\n<\/div>\r\n\r\n\n\n\r\n<div id=\"text-block_789921509cbd2e4dd6908e7fe09f78b8\" class=\"block-text module type-img-text bc-trans\">\r\n  <div class=\"container\">\r\n\r\n    \r\n      <div class=\"row \">\r\n\r\n        \r\n          <div class=\"col-12 col-md-6 col-xl-5\">\r\n            <div class=\"image square\">\r\n              <img decoding=\"async\" width=\"768\" height=\"768\" src=\"https:\/\/www.libri.de\/wp-content\/uploads\/2024\/10\/akj-praxisseminar-800x800px-768x768.png\" class=\"attachment-medium_large size-medium_large\" alt=\"AKJ Praxisseminar\" srcset=\"https:\/\/www.libri.de\/wp-content\/uploads\/2024\/10\/akj-praxisseminar-800x800px-768x768.png 768w, https:\/\/www.libri.de\/wp-content\/uploads\/2024\/10\/akj-praxisseminar-800x800px-300x300.png 300w, https:\/\/www.libri.de\/wp-content\/uploads\/2024\/10\/akj-praxisseminar-800x800px-150x150.png 150w, https:\/\/www.libri.de\/wp-content\/uploads\/2024\/10\/akj-praxisseminar-800x800px.png 800w\" sizes=\"(max-width: 768px) 100vw, 768px\" \/>            <\/div>\r\n                          <span class=\"caption\">\u00a9 groupe de travrail du Jugendliteratur<\/span>\r\n                      <\/div>\r\n\r\n          <div class=\"d-none d-xl-block col-1\"><\/div>\r\n\r\n        \r\n        <div class=\"col-12 col-md-6 col-xl-5\">\r\n\r\n                      <h2 class=\"title\">Des concepts adapt\u00e9s \u00e0 la pratique<\/h2>\r\n          \r\n          <div class=\"text \">\r\n            <p>La litt\u00e9rature pour enfants et adolescents pr\u00e9sente aujourd&rsquo;hui une grande diversit\u00e9 de th\u00e8mes et de genres, comme le montre chaque ann\u00e9e le Prix allemand de la litt\u00e9rature pour la jeunesse. Le groupe de travail Litt\u00e9rature de jeunesse propose des s\u00e9minaires pour les professionnels qui souhaitent enthousiasmer les enfants et les jeunes pour la lecture et met \u00e0 disposition des concepts cr\u00e9atifs sur les livres nomin\u00e9s.<\/p>\n<p>L&rsquo;offre de s\u00e9minaires Preisverd\u00e4chtig ! nous a convaincus. Nous souhaitons contribuer \u00e0 la faire conna\u00eetre davantage dans les librairies et permettre aux librairies d&rsquo;y participer.<\/p>\n          <\/div>\r\n\r\n          \r\n          \r\n        <\/div>\r\n        \r\n      <\/div>\r\n\r\n    \r\n  <\/div>\r\n<\/div>\r\n\r\n\n\n\r\n<div id=\"text-block_8049b710cd64a459e23796ed38759a1a\" class=\"block-text module type-text-img bc-green-2\">\r\n  <div class=\"container\">\r\n\r\n    \r\n      <div class=\"row flex-row-reverse\">\r\n\r\n        \r\n          <div class=\"col-12 col-md-6 col-xl-5\">\r\n            <div class=\"image square\">\r\n              <img decoding=\"async\" width=\"768\" height=\"768\" src=\"https:\/\/www.libri.de\/wp-content\/uploads\/2024\/10\/Libri-Vorlesetag-2023-800x800px-768x768.png\" class=\"attachment-medium_large size-medium_large\" alt=\"Vorlesetag 2023\" srcset=\"https:\/\/www.libri.de\/wp-content\/uploads\/2024\/10\/Libri-Vorlesetag-2023-800x800px-768x768.png 768w, https:\/\/www.libri.de\/wp-content\/uploads\/2024\/10\/Libri-Vorlesetag-2023-800x800px-300x300.png 300w, https:\/\/www.libri.de\/wp-content\/uploads\/2024\/10\/Libri-Vorlesetag-2023-800x800px-150x150.png 150w, https:\/\/www.libri.de\/wp-content\/uploads\/2024\/10\/Libri-Vorlesetag-2023-800x800px.png 800w\" sizes=\"(max-width: 768px) 100vw, 768px\" \/>            <\/div>\r\n                          <span class=\"caption\">Coll\u00e8gues de Libri lors de la journ\u00e9e de lecture<\/span>\r\n                      <\/div>\r\n\r\n          <div class=\"d-none d-xl-block col-2\"><\/div>\r\n\r\n        \r\n        <div class=\"col-12 col-md-6 col-xl-5\">\r\n\r\n                      <h2 class=\"title\">Nous lisons \u00e0 haute voix !<\/h2>\r\n          \r\n          <div class=\"text \">\r\n            <p>Depuis 2022, les collaborateurs de Libri se rendent dans les cr\u00e8ches et les \u00e9coles \u00e0 l&rsquo;occasion de la journ\u00e9e de la lecture. Cette journ\u00e9e d&rsquo;action nationale est une initiative commune de DIE ZEIT, de la fondation Lesen et de la fondation Deutsche Bahn. Son objectif est de donner un signal public de l&rsquo;importance de la lecture \u00e0 haute voix et d&rsquo;enthousiasmer les enfants et les adultes pour les histoires.<\/p>\n<p>La propre exp\u00e9rience de lire \u00e0 haute voix \u00e0 des enfants fait de cette journ\u00e9e une exp\u00e9rience particuli\u00e8re pour les collaborateurs de Libri. \u00ab C&rsquo;est avec beaucoup de curiosit\u00e9, d&rsquo;ouverture et de confiance que les enfants sont venus \u00e0 ma rencontre et se sont r\u00e9jouis de la lecture \u00e0 haute voix. C&rsquo;est vraiment agr\u00e9able de d\u00e9couvrir la valeur de la lecture en commun \u00bb, d\u00e9clare une lectrice enthousiaste.<\/p>\n<p>&nbsp;<\/p>\n          <\/div>\r\n\r\n          \r\n          \r\n        <\/div>\r\n        \r\n      <\/div>\r\n\r\n    \r\n  <\/div>\r\n<\/div>\r\n\r\n\n\n\r\n<div id=\"text-block_f401025511944ad6c2695694a61f7a5b\" class=\"block-text module type-text bc-trans\">\r\n  <div class=\"container\">\r\n\r\n    \r\n      <div class=\"row \">\r\n\r\n        \r\n        <div class=\"col-12 col-md-10\">\r\n\r\n                      <h2 class=\"title\">Ensemble pour la promotion de la lecture<\/h2>\r\n          \r\n          <div class=\"text for-box-js\">\r\n            <p>De nombreuses personnes s&rsquo;engagent dans toute l&rsquo;Allemagne et apportent leurs comp\u00e9tences. Les diff\u00e9rentes perspectives issues de la p\u00e9dagogie et de la science, des auteurs et des maisons d&rsquo;\u00e9dition ainsi que des librairies assurent un m\u00e9lange color\u00e9 d&rsquo;offres qui offrent aux enfants et aux jeunes diff\u00e9rents acc\u00e8s \u00e0 la lecture et aux livres. Nous trouvons cette diversit\u00e9 formidable et importante.<\/p>\n<p>Afin d&rsquo;\u00e9changer avec le plus grand nombre d&rsquo;acteurs possible et de d\u00e9velopper des projets en commun, nous sommes membres des groupes suivants.<\/p>\n          <\/div>\r\n\r\n          \r\n          \r\n        <\/div>\r\n        \r\n      <\/div>\r\n\r\n    \r\n  <\/div>\r\n<\/div>\r\n\r\n\n\n\r\n<div id=\"slider-block_8195e306c366e6bdc0c4e8fd728a9c10\" class=\"block-slider bc-trans auto\">\r\n\r\n  <div class=\"container\">\r\n    <div class=\"row\">\r\n\r\n      <div class=\"col-12 col-md-10\">\r\n\r\n                  \r\n          <div class=\"wrapper\">\r\n            <div class=\"slides d-flex\">\r\n\r\n              \r\n                  <div class=\"slide\">\r\n                    <div class=\"image-wrapper\">\r\n                      <img decoding=\"async\" width=\"1024\" height=\"565\" src=\"https:\/\/www.libri.de\/wp-content\/uploads\/2024\/10\/AKJ-1650x910px-1024x565.jpg\" class=\"attachment-large size-large\" alt=\"Arbeitskreis Jugendliteratur\" draggable=\"false\" srcset=\"https:\/\/www.libri.de\/wp-content\/uploads\/2024\/10\/AKJ-1650x910px-1024x565.jpg 1024w, https:\/\/www.libri.de\/wp-content\/uploads\/2024\/10\/AKJ-1650x910px-300x165.jpg 300w, https:\/\/www.libri.de\/wp-content\/uploads\/2024\/10\/AKJ-1650x910px-768x424.jpg 768w, https:\/\/www.libri.de\/wp-content\/uploads\/2024\/10\/AKJ-1650x910px-1536x847.jpg 1536w, https:\/\/www.libri.de\/wp-content\/uploads\/2024\/10\/AKJ-1650x910px.jpg 1650w\" sizes=\"(max-width: 1024px) 100vw, 1024px\" \/>                    <\/div>\r\n                    \r\n                                          <div class=\"slide-caption\">Groupe de travail Litt\u00e9rature pour la jeunesse<\/div>\r\n                                      <\/div>\r\n\r\n                  \r\n                  <div class=\"slide\">\r\n                    <div class=\"image-wrapper\">\r\n                      <img decoding=\"async\" width=\"1024\" height=\"565\" src=\"https:\/\/www.libri.de\/wp-content\/uploads\/2024\/10\/IG-Lesefoerderung-1650x910px-1024x565.jpg\" class=\"attachment-large size-large\" alt=\"IG Lesef\u00f6rderung im B\u00f6rsenverein des Deutschen Buchhandels\" draggable=\"false\" srcset=\"https:\/\/www.libri.de\/wp-content\/uploads\/2024\/10\/IG-Lesefoerderung-1650x910px-1024x565.jpg 1024w, https:\/\/www.libri.de\/wp-content\/uploads\/2024\/10\/IG-Lesefoerderung-1650x910px-300x165.jpg 300w, https:\/\/www.libri.de\/wp-content\/uploads\/2024\/10\/IG-Lesefoerderung-1650x910px-768x424.jpg 768w, https:\/\/www.libri.de\/wp-content\/uploads\/2024\/10\/IG-Lesefoerderung-1650x910px-1536x847.jpg 1536w, https:\/\/www.libri.de\/wp-content\/uploads\/2024\/10\/IG-Lesefoerderung-1650x910px.jpg 1650w\" sizes=\"(max-width: 1024px) 100vw, 1024px\" \/>                    <\/div>\r\n                    \r\n                                          <div class=\"slide-caption\">Groupe de travail \u00ab Promotion de la lecture \u00bb de l&rsquo;association des libraires allemands (B\u00f6rsenverein des Deutschen Buchhandels)<\/div>\r\n                                      <\/div>\r\n\r\n                  \r\n                  <div class=\"slide\">\r\n                    <div class=\"image-wrapper\">\r\n                      <img decoding=\"async\" width=\"1024\" height=\"565\" src=\"https:\/\/www.libri.de\/wp-content\/uploads\/2024\/10\/BVL-1650x910px-1024x565.jpg\" class=\"attachment-large size-large\" alt=\"Bundesverband Lesef\u00f6rderung\" draggable=\"false\" srcset=\"https:\/\/www.libri.de\/wp-content\/uploads\/2024\/10\/BVL-1650x910px-1024x565.jpg 1024w, https:\/\/www.libri.de\/wp-content\/uploads\/2024\/10\/BVL-1650x910px-300x165.jpg 300w, https:\/\/www.libri.de\/wp-content\/uploads\/2024\/10\/BVL-1650x910px-768x424.jpg 768w, https:\/\/www.libri.de\/wp-content\/uploads\/2024\/10\/BVL-1650x910px-1536x847.jpg 1536w, https:\/\/www.libri.de\/wp-content\/uploads\/2024\/10\/BVL-1650x910px.jpg 1650w\" sizes=\"(max-width: 1024px) 100vw, 1024px\" \/>                    <\/div>\r\n                    \r\n                                          <div class=\"slide-caption\">dans l&rsquo;association f\u00e9d\u00e9rale pour la promotion de la lecture<\/div>\r\n                                      <\/div>\r\n\r\n                  \r\n            <\/div>\r\n\r\n            <div class=\"slider-arrows\">\r\n              <div class=\"slider-arrow-prev\">\r\n                <img decoding=\"async\" src=\"https:\/\/www.libri.de\/wp-content\/themes\/libri\/img\/icn-arrow-right.svg\" alt=\"\">\r\n              <\/div>\r\n              <div class=\"slider-arrow-next\">\r\n                <img decoding=\"async\" src=\"https:\/\/www.libri.de\/wp-content\/themes\/libri\/img\/icn-arrow-right.svg\" alt=\"\">\r\n              <\/div>\r\n            <\/div>\r\n          <\/div>\r\n\r\n          <div class=\"slider-indicator-wrapper\">\r\n            <div class=\"slider-indicator d-flex justify-content-center\">\r\n              <div class=\"slider-point active\" data-index=\"1\"><\/div><div class=\"slider-point\" data-index=\"2\"><\/div><div class=\"slider-point\" data-index=\"3\"><\/div>            <\/div>\r\n          <\/div>\r\n\r\n        \r\n      <\/div>\r\n\r\n    <\/div>\r\n  <\/div>\r\n<\/div>\r\n\r\n","protected":false},"excerpt":{"rendered":"","protected":false},"author":24,"featured_media":0,"parent":73152,"menu_order":0,"comment_status":"closed","ping_status":"closed","template":"","meta":{"_acf_changed":false,"footnotes":""},"class_list":["post-73738","page","type-page","status-publish","hentry"],"acf":[],"yoast_head":"<!-- This site is optimized with the Yoast SEO plugin v27.0 - https:\/\/yoast.com\/product\/yoast-seo-wordpress\/ -->\n<title>Encourager la lecture | Libri GmbH<\/title>\n<meta name=\"robots\" content=\"index, follow, max-snippet:-1, max-image-preview:large, max-video-preview:-1\" \/>\n<link rel=\"canonical\" href=\"https:\/\/www.libri.de\/fr\/entreprise\/encourager-la-lecture\/\" \/>\n<meta property=\"og:locale\" content=\"fr_FR\" \/>\n<meta property=\"og:type\" content=\"article\" \/>\n<meta property=\"og:title\" content=\"Encourager la lecture | Libri GmbH\" \/>\n<meta property=\"og:url\" content=\"https:\/\/www.libri.de\/fr\/entreprise\/encourager-la-lecture\/\" \/>\n<meta property=\"og:site_name\" content=\"Libri GmbH\" \/>\n<meta property=\"article:publisher\" content=\"https:\/\/www.facebook.com\/libribarsortiment\" \/>\n<meta property=\"article:modified_time\" content=\"2025-10-09T16:54:29+00:00\" \/>\n<meta name=\"twitter:card\" content=\"summary_large_image\" \/>\n<script type=\"application\/ld+json\" class=\"yoast-schema-graph\">{\"@context\":\"https:\/\/schema.org\",\"@graph\":[{\"@type\":\"WebPage\",\"@id\":\"https:\/\/www.libri.de\/fr\/entreprise\/encourager-la-lecture\/\",\"url\":\"https:\/\/www.libri.de\/fr\/entreprise\/encourager-la-lecture\/\",\"name\":\"Encourager la lecture | Libri GmbH\",\"isPartOf\":{\"@id\":\"https:\/\/www.libri.de\/fr\/#website\"},\"datePublished\":\"2024-10-15T16:10:04+00:00\",\"dateModified\":\"2025-10-09T16:54:29+00:00\",\"breadcrumb\":{\"@id\":\"https:\/\/www.libri.de\/fr\/entreprise\/encourager-la-lecture\/#breadcrumb\"},\"inLanguage\":\"fr-FR\",\"potentialAction\":[{\"@type\":\"ReadAction\",\"target\":[\"https:\/\/www.libri.de\/fr\/entreprise\/encourager-la-lecture\/\"]}]},{\"@type\":\"BreadcrumbList\",\"@id\":\"https:\/\/www.libri.de\/fr\/entreprise\/encourager-la-lecture\/#breadcrumb\",\"itemListElement\":[{\"@type\":\"ListItem\",\"position\":1,\"name\":\"Page d'accueil\",\"item\":\"https:\/\/www.libri.de\/fr\/\"},{\"@type\":\"ListItem\",\"position\":2,\"name\":\"Entreprise\",\"item\":\"https:\/\/www.libri.de\/fr\/entreprise\/\"},{\"@type\":\"ListItem\",\"position\":3,\"name\":\"Encourager la lecture\"}]},{\"@type\":\"WebSite\",\"@id\":\"https:\/\/www.libri.de\/fr\/#website\",\"url\":\"https:\/\/www.libri.de\/fr\/\",\"name\":\"Libri GmbH\",\"description\":\"Barsortiment und Gro\u00dfhandel f\u00fcr B\u00fccher und andere Medien\",\"publisher\":{\"@id\":\"https:\/\/www.libri.de\/fr\/#organization\"},\"potentialAction\":[{\"@type\":\"SearchAction\",\"target\":{\"@type\":\"EntryPoint\",\"urlTemplate\":\"https:\/\/www.libri.de\/fr\/?s={search_term_string}\"},\"query-input\":{\"@type\":\"PropertyValueSpecification\",\"valueRequired\":true,\"valueName\":\"search_term_string\"}}],\"inLanguage\":\"fr-FR\"},{\"@type\":\"Organization\",\"@id\":\"https:\/\/www.libri.de\/fr\/#organization\",\"name\":\"Libri\",\"url\":\"https:\/\/www.libri.de\/fr\/\",\"logo\":{\"@type\":\"ImageObject\",\"inLanguage\":\"fr-FR\",\"@id\":\"https:\/\/www.libri.de\/fr\/#\/schema\/logo\/image\/\",\"url\":\"https:\/\/188.64.195.32\/wp-content\/uploads\/2022\/04\/libri_logo-1.jpg\",\"contentUrl\":\"https:\/\/188.64.195.32\/wp-content\/uploads\/2022\/04\/libri_logo-1.jpg\",\"width\":2000,\"height\":1000,\"caption\":\"Libri\"},\"image\":{\"@id\":\"https:\/\/www.libri.de\/fr\/#\/schema\/logo\/image\/\"},\"sameAs\":[\"https:\/\/www.facebook.com\/libribarsortiment\",\"https:\/\/www.instagram.com\/libri.barsortiment\",\"https:\/\/www.linkedin.com\/company\/libri-gmbh\"]}]}<\/script>\n<!-- \/ Yoast SEO plugin. -->","yoast_head_json":{"title":"Encourager la lecture | Libri GmbH","robots":{"index":"index","follow":"follow","max-snippet":"max-snippet:-1","max-image-preview":"max-image-preview:large","max-video-preview":"max-video-preview:-1"},"canonical":"https:\/\/www.libri.de\/fr\/entreprise\/encourager-la-lecture\/","og_locale":"fr_FR","og_type":"article","og_title":"Encourager la lecture | Libri GmbH","og_url":"https:\/\/www.libri.de\/fr\/entreprise\/encourager-la-lecture\/","og_site_name":"Libri GmbH","article_publisher":"https:\/\/www.facebook.com\/libribarsortiment","article_modified_time":"2025-10-09T16:54:29+00:00","twitter_card":"summary_large_image","schema":{"@context":"https:\/\/schema.org","@graph":[{"@type":"WebPage","@id":"https:\/\/www.libri.de\/fr\/entreprise\/encourager-la-lecture\/","url":"https:\/\/www.libri.de\/fr\/entreprise\/encourager-la-lecture\/","name":"Encourager la lecture | Libri GmbH","isPartOf":{"@id":"https:\/\/www.libri.de\/fr\/#website"},"datePublished":"2024-10-15T16:10:04+00:00","dateModified":"2025-10-09T16:54:29+00:00","breadcrumb":{"@id":"https:\/\/www.libri.de\/fr\/entreprise\/encourager-la-lecture\/#breadcrumb"},"inLanguage":"fr-FR","potentialAction":[{"@type":"ReadAction","target":["https:\/\/www.libri.de\/fr\/entreprise\/encourager-la-lecture\/"]}]},{"@type":"BreadcrumbList","@id":"https:\/\/www.libri.de\/fr\/entreprise\/encourager-la-lecture\/#breadcrumb","itemListElement":[{"@type":"ListItem","position":1,"name":"Page d'accueil","item":"https:\/\/www.libri.de\/fr\/"},{"@type":"ListItem","position":2,"name":"Entreprise","item":"https:\/\/www.libri.de\/fr\/entreprise\/"},{"@type":"ListItem","position":3,"name":"Encourager la lecture"}]},{"@type":"WebSite","@id":"https:\/\/www.libri.de\/fr\/#website","url":"https:\/\/www.libri.de\/fr\/","name":"Libri GmbH","description":"Barsortiment und Gro\u00dfhandel f\u00fcr B\u00fccher und andere Medien","publisher":{"@id":"https:\/\/www.libri.de\/fr\/#organization"},"potentialAction":[{"@type":"SearchAction","target":{"@type":"EntryPoint","urlTemplate":"https:\/\/www.libri.de\/fr\/?s={search_term_string}"},"query-input":{"@type":"PropertyValueSpecification","valueRequired":true,"valueName":"search_term_string"}}],"inLanguage":"fr-FR"},{"@type":"Organization","@id":"https:\/\/www.libri.de\/fr\/#organization","name":"Libri","url":"https:\/\/www.libri.de\/fr\/","logo":{"@type":"ImageObject","inLanguage":"fr-FR","@id":"https:\/\/www.libri.de\/fr\/#\/schema\/logo\/image\/","url":"https:\/\/188.64.195.32\/wp-content\/uploads\/2022\/04\/libri_logo-1.jpg","contentUrl":"https:\/\/188.64.195.32\/wp-content\/uploads\/2022\/04\/libri_logo-1.jpg","width":2000,"height":1000,"caption":"Libri"},"image":{"@id":"https:\/\/www.libri.de\/fr\/#\/schema\/logo\/image\/"},"sameAs":["https:\/\/www.facebook.com\/libribarsortiment","https:\/\/www.instagram.com\/libri.barsortiment","https:\/\/www.linkedin.com\/company\/libri-gmbh"]}]}},"_links":{"self":[{"href":"https:\/\/www.libri.de\/fr\/wp-json\/wp\/v2\/pages\/73738","targetHints":{"allow":["GET"]}}],"collection":[{"href":"https:\/\/www.libri.de\/fr\/wp-json\/wp\/v2\/pages"}],"about":[{"href":"https:\/\/www.libri.de\/fr\/wp-json\/wp\/v2\/types\/page"}],"author":[{"embeddable":true,"href":"https:\/\/www.libri.de\/fr\/wp-json\/wp\/v2\/users\/24"}],"replies":[{"embeddable":true,"href":"https:\/\/www.libri.de\/fr\/wp-json\/wp\/v2\/comments?post=73738"}],"version-history":[{"count":3,"href":"https:\/\/www.libri.de\/fr\/wp-json\/wp\/v2\/pages\/73738\/revisions"}],"predecessor-version":[{"id":76168,"href":"https:\/\/www.libri.de\/fr\/wp-json\/wp\/v2\/pages\/73738\/revisions\/76168"}],"up":[{"embeddable":true,"href":"https:\/\/www.libri.de\/fr\/wp-json\/wp\/v2\/pages\/73152"}],"wp:attachment":[{"href":"https:\/\/www.libri.de\/fr\/wp-json\/wp\/v2\/media?parent=73738"}],"curies":[{"name":"wp","href":"https:\/\/api.w.org\/{rel}","templated":true}]}}