{"id":73184,"date":"2024-10-14T12:02:41","date_gmt":"2024-10-14T10:02:41","guid":{"rendered":"https:\/\/www.libri.de\/?page_id=73184"},"modified":"2025-10-10T18:07:19","modified_gmt":"2025-10-10T16:07:19","slug":"home","status":"publish","type":"page","link":"https:\/\/www.libri.de\/fr\/","title":{"rendered":"Home"},"content":{"rendered":"\r\n<div id=\"header-home-block_24ceee706a827a9d28228a496fc51ca8\" class=\"block-header-home module bc-trans\">\r\n  \r\n\r\n  <h1>Libri<\/h1>\r\n\r\n  <div class=\"wrapper\">\r\n    <div class=\"slides d-flex\">\r\n\r\n                <div class=\"entry\">\r\n            <div class=\"header-image-wrapper\">\r\n              <img fetchpriority=\"high\" decoding=\"async\" width=\"1990\" height=\"1100\" src=\"https:\/\/www.libri.de\/wp-content\/uploads\/2021\/11\/Libri_Grosshandel_Barsortiment.jpg\" class=\"attachment-2048x2048 size-2048x2048\" alt=\"Gro\u00dfhandel Libri Lager\" draggable=\"false\" loading=\"eager\" srcset=\"https:\/\/www.libri.de\/wp-content\/uploads\/2021\/11\/Libri_Grosshandel_Barsortiment.jpg 1990w, https:\/\/www.libri.de\/wp-content\/uploads\/2021\/11\/Libri_Grosshandel_Barsortiment-300x166.jpg 300w, https:\/\/www.libri.de\/wp-content\/uploads\/2021\/11\/Libri_Grosshandel_Barsortiment-1024x566.jpg 1024w, https:\/\/www.libri.de\/wp-content\/uploads\/2021\/11\/Libri_Grosshandel_Barsortiment-768x425.jpg 768w, https:\/\/www.libri.de\/wp-content\/uploads\/2021\/11\/Libri_Grosshandel_Barsortiment-1536x849.jpg 1536w\" sizes=\"(max-width: 1990px) 100vw, 1990px\" \/>            <\/div>\r\n\r\n            <div class=\"header-text\">\r\n              <h2>Le grossiste proposant le plus large choix de livres <\/h2>\r\n              <h3>Libri, en tant que grossiste, vous donne acc\u00e8s \u00e0 une grande vari\u00e9t\u00e9 de livres imprim\u00e9s et d\u2019ebooks.<\/h3>\r\n              \r\n                              <a \r\n                  class=\"bttn-primary icn-no\" \r\n                  href=\"https:\/\/www.libri.de\/fr\/pour-les-libraires\/notre-activite-de-grossiste\/\" \r\n                  target=\"_self\"\r\n                  >\r\n                  Notre activit\u00e9 de grossiste                <\/a>\r\n                          <\/div>\r\n\r\n          <\/div>\r\n                  <div class=\"entry\">\r\n            <div class=\"header-image-wrapper\">\r\n              <img decoding=\"async\" width=\"1990\" height=\"1100\" src=\"https:\/\/www.libri.de\/wp-content\/uploads\/2021\/10\/Libri_Bad-Hersfel_Unternehmen.jpg\" class=\"attachment-2048x2048 size-2048x2048\" alt=\"Libri_Bad-Hersfel_Unternehmen\" draggable=\"false\" srcset=\"https:\/\/www.libri.de\/wp-content\/uploads\/2021\/10\/Libri_Bad-Hersfel_Unternehmen.jpg 1990w, https:\/\/www.libri.de\/wp-content\/uploads\/2021\/10\/Libri_Bad-Hersfel_Unternehmen-300x166.jpg 300w, https:\/\/www.libri.de\/wp-content\/uploads\/2021\/10\/Libri_Bad-Hersfel_Unternehmen-1024x566.jpg 1024w, https:\/\/www.libri.de\/wp-content\/uploads\/2021\/10\/Libri_Bad-Hersfel_Unternehmen-768x425.jpg 768w, https:\/\/www.libri.de\/wp-content\/uploads\/2021\/10\/Libri_Bad-Hersfel_Unternehmen-1536x849.jpg 1536w\" sizes=\"(max-width: 1990px) 100vw, 1990px\" \/>            <\/div>\r\n\r\n            <div class=\"header-text\">\r\n              <h2>Libri, un partenaire innovant et fiable \u00e0 vos c\u00f4t\u00e9s.<\/h2>\r\n              <h3>Principal grossiste de livres en Allemagne, Libri est un partenaire commercial indispensable pour les librairies et les \u00e9diteurs.<\/h3>\r\n              \r\n                              <a \r\n                  class=\"bttn-primary icn-no\" \r\n                  href=\"https:\/\/www.libri.de\/fr\/entreprise\/\" \r\n                  target=\"_self\"\r\n                  >\r\n                  L&rsquo;entreprise                <\/a>\r\n                          <\/div>\r\n\r\n          <\/div>\r\n                  <div class=\"entry\">\r\n            <div class=\"header-image-wrapper\">\r\n              <img decoding=\"async\" width=\"1000\" height=\"840\" src=\"https:\/\/www.libri.de\/wp-content\/uploads\/2024\/08\/Headergrafik-Website-Libri-Desktop-1000x840px.png\" class=\"attachment-2048x2048 size-2048x2048\" alt=\"tolino neuen eReader\" draggable=\"false\" srcset=\"https:\/\/www.libri.de\/wp-content\/uploads\/2024\/08\/Headergrafik-Website-Libri-Desktop-1000x840px.png 1000w, https:\/\/www.libri.de\/wp-content\/uploads\/2024\/08\/Headergrafik-Website-Libri-Desktop-1000x840px-300x252.png 300w, https:\/\/www.libri.de\/wp-content\/uploads\/2024\/08\/Headergrafik-Website-Libri-Desktop-1000x840px-768x645.png 768w\" sizes=\"(max-width: 1000px) 100vw, 1000px\" \/>            <\/div>\r\n\r\n            <div class=\"header-text\">\r\n              <h2>Votre partenaire fiable dans l&rsquo;alliance tolino<\/h2>\r\n              <h3>Libri est le fournisseur central de contenu pour l&rsquo;alliance tolino <\/h3>\r\n              \r\n                          <\/div>\r\n\r\n          <\/div>\r\n                  <div class=\"entry\">\r\n            <div class=\"header-image-wrapper\">\r\n              <img decoding=\"async\" width=\"1650\" height=\"910\" src=\"https:\/\/www.libri.de\/wp-content\/uploads\/2021\/12\/Contact_Customer_Help_Desk_Libri.jpg\" class=\"attachment-2048x2048 size-2048x2048\" alt=\"Ein Mann sitzt mit Headset vor einem Computer\" draggable=\"false\" srcset=\"https:\/\/www.libri.de\/wp-content\/uploads\/2021\/12\/Contact_Customer_Help_Desk_Libri.jpg 1650w, https:\/\/www.libri.de\/wp-content\/uploads\/2021\/12\/Contact_Customer_Help_Desk_Libri-300x165.jpg 300w, https:\/\/www.libri.de\/wp-content\/uploads\/2021\/12\/Contact_Customer_Help_Desk_Libri-1024x565.jpg 1024w, https:\/\/www.libri.de\/wp-content\/uploads\/2021\/12\/Contact_Customer_Help_Desk_Libri-768x424.jpg 768w, https:\/\/www.libri.de\/wp-content\/uploads\/2021\/12\/Contact_Customer_Help_Desk_Libri-1536x847.jpg 1536w\" sizes=\"(max-width: 1650px) 100vw, 1650px\" \/>            <\/div>\r\n\r\n            <div class=\"header-text\">\r\n              <h2>Contactez-nous<\/h2>\r\n              <h3>Nous sommes \u00e0 votre disposition pour vous rencontrer ou \u00e9changer par t\u00e9l\u00e9phone.<\/h3>\r\n              \r\n                              <a \r\n                  class=\"bttn-primary icn-no\" \r\n                  href=\"https:\/\/www.libri.de\/fr\/contact\/\" \r\n                  target=\"_self\"\r\n                  >\r\n                  Contact                <\/a>\r\n                          <\/div>\r\n\r\n          <\/div>\r\n              \r\n    <\/div>\r\n\r\n    <div class=\"slider-indicator d-flex\">\r\n      <div class=\"slider-point active\" data-index=\"0\"><\/div><div class=\"slider-point\" data-index=\"1\"><\/div><div class=\"slider-point\" data-index=\"2\"><\/div><div class=\"slider-point\" data-index=\"3\"><\/div>    <\/div>\r\n  <\/div>\r\n\r\n<\/div>\n\n\r\n<div id=\"space-block_1b87f7c50ad259c0c89c24c6683aac97\" class=\"block-space module bc-trans\" style=\"height: 48px;\"><\/div>\n\n\r\n<div id=\"teaser-block_be0144a63f3044ad8825cd369711f77f\" class=\"block-teaser module align-normal bc-blue c-white-imp\">\r\n\r\n  <div class=\"container\">\r\n\r\n    <div class=\"row flex-column-reverse flex-md-row justify-content-md-between align-items-md-center\">\r\n      <div class=\"col-12 col-md-custom text\">\r\n\r\n        <h3>\u00c0 propos de Libri <\/h3><p>Libri assure une livraison rapide et fiable des livres, en mettant en relation les \u00e9diteurs et les libraires. Par amour des livres, Libri s\u2019engage pour l\u2019innovation dans ce secteur et la diversit\u00e9 culturelle, aujourd&rsquo;hui et pour les g\u00e9n\u00e9rations \u00e0 venir. <\/p>\r\n                  <div class=\"buttons\">\r\n                            <div class=\"cta\">\r\n                  <a \r\n                    class=\"bttn-secondary icn-no\" \r\n                    href=\"https:\/\/www.libri.de\/fr\/entreprise\/\" \r\n                    target=\"_self\"\r\n                                        >\r\n                    Entreprise                  <\/a>\r\n                <\/div>\r\n                          <\/div>\r\n        \r\n      <\/div>\r\n\r\n      <div class=\"col-12 col-md-custom image ratio-1-1\">\r\n        <img decoding=\"async\" width=\"1990\" height=\"1100\" src=\"https:\/\/www.libri.de\/wp-content\/uploads\/2021\/10\/Libri_Bad-Hersfel_Unternehmen.jpg\" class=\"attachment-larges size-larges\" alt=\"Libri_Bad-Hersfel_Unternehmen\" srcset=\"https:\/\/www.libri.de\/wp-content\/uploads\/2021\/10\/Libri_Bad-Hersfel_Unternehmen.jpg 1990w, https:\/\/www.libri.de\/wp-content\/uploads\/2021\/10\/Libri_Bad-Hersfel_Unternehmen-300x166.jpg 300w, https:\/\/www.libri.de\/wp-content\/uploads\/2021\/10\/Libri_Bad-Hersfel_Unternehmen-1024x566.jpg 1024w, https:\/\/www.libri.de\/wp-content\/uploads\/2021\/10\/Libri_Bad-Hersfel_Unternehmen-768x425.jpg 768w, https:\/\/www.libri.de\/wp-content\/uploads\/2021\/10\/Libri_Bad-Hersfel_Unternehmen-1536x849.jpg 1536w\" sizes=\"(max-width: 1990px) 100vw, 1990px\" \/>      <\/div>\r\n    <\/div>\r\n  <\/div>\r\n<\/div>\r\n\r\n\n\n\r\n<div id=\"teaser-block_ade98cb65b2e4a53a88fd80432c2f35f\" class=\"block-teaser module align-reverse bc-trans\">\r\n\r\n  <div class=\"container\">\r\n\r\n    <div class=\"row flex-column-reverse flex-md-row-reverse justify-content-md-between align-items-md-center\">\r\n      <div class=\"col-12 col-md-custom text\">\r\n\r\n        <h3>T\u00e9l\u00e9chargements<\/h3><p>Qu&rsquo;il s&rsquo;agisse d&rsquo;informations sur notre entreprise ou sur le r\u00e9f\u00e9rencement des titres, vous trouverez ici les documents importants \u00e0 t\u00e9l\u00e9charger. <\/p>\r\n                  <div class=\"buttons\">\r\n                            <div class=\"cta\">\r\n                  <a \r\n                    class=\"bttn-secondary icn-no\" \r\n                    href=\"https:\/\/www.libri.de\/en\/downloads\/\" \r\n                    target=\"_blank\"\r\n                    rel=\"noopener\"                    >\r\n                    T\u00e9l\u00e9chargements (en)                  <\/a>\r\n                <\/div>\r\n                          <\/div>\r\n        \r\n      <\/div>\r\n\r\n      <div class=\"col-12 col-md-custom image ratio-1-1\">\r\n        <img decoding=\"async\" width=\"1650\" height=\"910\" src=\"https:\/\/www.libri.de\/wp-content\/uploads\/2021\/12\/Downloads_Libri_Teaser.jpg\" class=\"attachment-larges size-larges\" alt=\"\" srcset=\"https:\/\/www.libri.de\/wp-content\/uploads\/2021\/12\/Downloads_Libri_Teaser.jpg 1650w, https:\/\/www.libri.de\/wp-content\/uploads\/2021\/12\/Downloads_Libri_Teaser-300x165.jpg 300w, https:\/\/www.libri.de\/wp-content\/uploads\/2021\/12\/Downloads_Libri_Teaser-1024x565.jpg 1024w, https:\/\/www.libri.de\/wp-content\/uploads\/2021\/12\/Downloads_Libri_Teaser-768x424.jpg 768w, https:\/\/www.libri.de\/wp-content\/uploads\/2021\/12\/Downloads_Libri_Teaser-1536x847.jpg 1536w\" sizes=\"(max-width: 1650px) 100vw, 1650px\" \/>      <\/div>\r\n    <\/div>\r\n  <\/div>\r\n<\/div>\r\n\r\n\n\n\r\n<div id=\"space-block_1b87f7c50ad259c0c89c24c6683aac97\" class=\"block-space module bc-trans\" style=\"height: 48px;\"><\/div>","protected":false},"excerpt":{"rendered":"","protected":false},"author":24,"featured_media":0,"parent":0,"menu_order":0,"comment_status":"closed","ping_status":"closed","template":"","meta":{"_acf_changed":false,"footnotes":""},"class_list":["post-73184","page","type-page","status-publish","hentry"],"acf":[],"yoast_head":"<!-- This site is optimized with the Yoast SEO plugin v27.0 - https:\/\/yoast.com\/product\/yoast-seo-wordpress\/ -->\n<title>Home | Libri GmbH<\/title>\n<meta name=\"robots\" content=\"index, follow, max-snippet:-1, max-image-preview:large, max-video-preview:-1\" \/>\n<link rel=\"canonical\" href=\"https:\/\/www.libri.de\/fr\/\" \/>\n<meta property=\"og:locale\" content=\"fr_FR\" \/>\n<meta property=\"og:type\" content=\"article\" \/>\n<meta property=\"og:title\" content=\"Home | Libri GmbH\" \/>\n<meta property=\"og:url\" content=\"https:\/\/www.libri.de\/fr\/\" \/>\n<meta property=\"og:site_name\" content=\"Libri GmbH\" \/>\n<meta property=\"article:publisher\" content=\"https:\/\/www.facebook.com\/libribarsortiment\" \/>\n<meta property=\"article:modified_time\" content=\"2025-10-10T16:07:19+00:00\" \/>\n<meta name=\"twitter:card\" content=\"summary_large_image\" \/>\n<script type=\"application\/ld+json\" class=\"yoast-schema-graph\">{\"@context\":\"https:\/\/schema.org\",\"@graph\":[{\"@type\":\"WebPage\",\"@id\":\"https:\/\/www.libri.de\/fr\/\",\"url\":\"https:\/\/www.libri.de\/fr\/\",\"name\":\"Home | Libri GmbH\",\"isPartOf\":{\"@id\":\"https:\/\/www.libri.de\/fr\/#website\"},\"datePublished\":\"2024-10-14T10:02:41+00:00\",\"dateModified\":\"2025-10-10T16:07:19+00:00\",\"breadcrumb\":{\"@id\":\"https:\/\/www.libri.de\/fr\/#breadcrumb\"},\"inLanguage\":\"fr-FR\",\"potentialAction\":[{\"@type\":\"ReadAction\",\"target\":[\"https:\/\/www.libri.de\/fr\/\"]}]},{\"@type\":\"BreadcrumbList\",\"@id\":\"https:\/\/www.libri.de\/fr\/#breadcrumb\",\"itemListElement\":[{\"@type\":\"ListItem\",\"position\":1,\"name\":\"Page d'accueil\",\"item\":\"https:\/\/www.libri.de\/fr\/\"},{\"@type\":\"ListItem\",\"position\":2,\"name\":\"Home\"}]},{\"@type\":\"WebSite\",\"@id\":\"https:\/\/www.libri.de\/fr\/#website\",\"url\":\"https:\/\/www.libri.de\/fr\/\",\"name\":\"Libri GmbH\",\"description\":\"Barsortiment und Gro\u00dfhandel f\u00fcr B\u00fccher und andere Medien\",\"publisher\":{\"@id\":\"https:\/\/www.libri.de\/fr\/#organization\"},\"potentialAction\":[{\"@type\":\"SearchAction\",\"target\":{\"@type\":\"EntryPoint\",\"urlTemplate\":\"https:\/\/www.libri.de\/fr\/?s={search_term_string}\"},\"query-input\":{\"@type\":\"PropertyValueSpecification\",\"valueRequired\":true,\"valueName\":\"search_term_string\"}}],\"inLanguage\":\"fr-FR\"},{\"@type\":\"Organization\",\"@id\":\"https:\/\/www.libri.de\/fr\/#organization\",\"name\":\"Libri\",\"url\":\"https:\/\/www.libri.de\/fr\/\",\"logo\":{\"@type\":\"ImageObject\",\"inLanguage\":\"fr-FR\",\"@id\":\"https:\/\/www.libri.de\/fr\/#\/schema\/logo\/image\/\",\"url\":\"https:\/\/188.64.195.32\/wp-content\/uploads\/2022\/04\/libri_logo-1.jpg\",\"contentUrl\":\"https:\/\/188.64.195.32\/wp-content\/uploads\/2022\/04\/libri_logo-1.jpg\",\"width\":2000,\"height\":1000,\"caption\":\"Libri\"},\"image\":{\"@id\":\"https:\/\/www.libri.de\/fr\/#\/schema\/logo\/image\/\"},\"sameAs\":[\"https:\/\/www.facebook.com\/libribarsortiment\",\"https:\/\/www.instagram.com\/libri.barsortiment\",\"https:\/\/www.linkedin.com\/company\/libri-gmbh\"]}]}<\/script>\n<!-- \/ Yoast SEO plugin. -->","yoast_head_json":{"title":"Home | Libri GmbH","robots":{"index":"index","follow":"follow","max-snippet":"max-snippet:-1","max-image-preview":"max-image-preview:large","max-video-preview":"max-video-preview:-1"},"canonical":"https:\/\/www.libri.de\/fr\/","og_locale":"fr_FR","og_type":"article","og_title":"Home | Libri GmbH","og_url":"https:\/\/www.libri.de\/fr\/","og_site_name":"Libri GmbH","article_publisher":"https:\/\/www.facebook.com\/libribarsortiment","article_modified_time":"2025-10-10T16:07:19+00:00","twitter_card":"summary_large_image","schema":{"@context":"https:\/\/schema.org","@graph":[{"@type":"WebPage","@id":"https:\/\/www.libri.de\/fr\/","url":"https:\/\/www.libri.de\/fr\/","name":"Home | Libri GmbH","isPartOf":{"@id":"https:\/\/www.libri.de\/fr\/#website"},"datePublished":"2024-10-14T10:02:41+00:00","dateModified":"2025-10-10T16:07:19+00:00","breadcrumb":{"@id":"https:\/\/www.libri.de\/fr\/#breadcrumb"},"inLanguage":"fr-FR","potentialAction":[{"@type":"ReadAction","target":["https:\/\/www.libri.de\/fr\/"]}]},{"@type":"BreadcrumbList","@id":"https:\/\/www.libri.de\/fr\/#breadcrumb","itemListElement":[{"@type":"ListItem","position":1,"name":"Page d'accueil","item":"https:\/\/www.libri.de\/fr\/"},{"@type":"ListItem","position":2,"name":"Home"}]},{"@type":"WebSite","@id":"https:\/\/www.libri.de\/fr\/#website","url":"https:\/\/www.libri.de\/fr\/","name":"Libri GmbH","description":"Barsortiment und Gro\u00dfhandel f\u00fcr B\u00fccher und andere Medien","publisher":{"@id":"https:\/\/www.libri.de\/fr\/#organization"},"potentialAction":[{"@type":"SearchAction","target":{"@type":"EntryPoint","urlTemplate":"https:\/\/www.libri.de\/fr\/?s={search_term_string}"},"query-input":{"@type":"PropertyValueSpecification","valueRequired":true,"valueName":"search_term_string"}}],"inLanguage":"fr-FR"},{"@type":"Organization","@id":"https:\/\/www.libri.de\/fr\/#organization","name":"Libri","url":"https:\/\/www.libri.de\/fr\/","logo":{"@type":"ImageObject","inLanguage":"fr-FR","@id":"https:\/\/www.libri.de\/fr\/#\/schema\/logo\/image\/","url":"https:\/\/188.64.195.32\/wp-content\/uploads\/2022\/04\/libri_logo-1.jpg","contentUrl":"https:\/\/188.64.195.32\/wp-content\/uploads\/2022\/04\/libri_logo-1.jpg","width":2000,"height":1000,"caption":"Libri"},"image":{"@id":"https:\/\/www.libri.de\/fr\/#\/schema\/logo\/image\/"},"sameAs":["https:\/\/www.facebook.com\/libribarsortiment","https:\/\/www.instagram.com\/libri.barsortiment","https:\/\/www.linkedin.com\/company\/libri-gmbh"]}]}},"_links":{"self":[{"href":"https:\/\/www.libri.de\/fr\/wp-json\/wp\/v2\/pages\/73184","targetHints":{"allow":["GET"]}}],"collection":[{"href":"https:\/\/www.libri.de\/fr\/wp-json\/wp\/v2\/pages"}],"about":[{"href":"https:\/\/www.libri.de\/fr\/wp-json\/wp\/v2\/types\/page"}],"author":[{"embeddable":true,"href":"https:\/\/www.libri.de\/fr\/wp-json\/wp\/v2\/users\/24"}],"replies":[{"embeddable":true,"href":"https:\/\/www.libri.de\/fr\/wp-json\/wp\/v2\/comments?post=73184"}],"version-history":[{"count":2,"href":"https:\/\/www.libri.de\/fr\/wp-json\/wp\/v2\/pages\/73184\/revisions"}],"predecessor-version":[{"id":83981,"href":"https:\/\/www.libri.de\/fr\/wp-json\/wp\/v2\/pages\/73184\/revisions\/83981"}],"wp:attachment":[{"href":"https:\/\/www.libri.de\/fr\/wp-json\/wp\/v2\/media?parent=73184"}],"curies":[{"name":"wp","href":"https:\/\/api.w.org\/{rel}","templated":true}]}}