{"id":73176,"date":"2024-10-14T12:02:47","date_gmt":"2024-10-14T10:02:47","guid":{"rendered":"https:\/\/www.libri.de\/?page_id=73176"},"modified":"2024-11-21T15:14:20","modified_gmt":"2024-11-21T13:14:20","slug":"mentions-legales","status":"publish","type":"page","link":"https:\/\/www.libri.de\/fr\/mentions-legales\/","title":{"rendered":"Mentions l\u00e9gales"},"content":{"rendered":"\r\n<div id=\"header-block_f954efc59f2e6a87633f27a2ae4a5cee\" class=\"block-header module type-small bc-trans\">\r\n  <div class=\"container\">\r\n\r\n    <p id=\"breadcrumbs\"><span><span><a href=\"https:\/\/www.libri.de\/fr\/\">Page d&rsquo;accueil<\/a><\/span><\/span><\/p>    \r\n    \r\n      \r\n      <div class=\"row\">\r\n        <div class=\"col-12 col-md-10 title\">\r\n          <h1 class=\"\">Mentions l\u00e9gales<\/h1>\r\n        <\/div>\r\n\r\n        <div class=\"col-12 col-md-10 text\">\r\n          <p><\/p>\r\n        <\/div>\r\n      <\/div>\r\n\r\n      \r\n  <\/div>\r\n<\/div>\r\n\r\n\n\n\r\n<div id=\"text-block_517a738c81a3c7d773c341a8cb020d7b\" class=\"block-text module type-text bc-trans\">\r\n  <div class=\"container\">\r\n\r\n    \r\n      <div class=\"row \">\r\n\r\n        \r\n        <div class=\"col-12 col-md-10\">\r\n\r\n          \r\n          <div class=\"text for-box-js\">\r\n            <p>Responsable du contenu :<\/p>\n<p>Libri GmbH<br \/>\nFriedensallee 273<br \/>\n22763 Hambourg<br \/>\nAllemagne<\/p>\n<p>T\u00e9l. : +49 40 853980<br \/>\nE-mail :\u00a0<a href=\"mailto:Libri@libri.de%EF%BB%BF\">libri(at)libri.de<\/a><\/p>\n<p>Repr\u00e9sent\u00e9 par la direction : Alyna Wnukowsky (porte-parole) et Ulrich Vollmer<br \/>\nPr\u00e9sident du conseil de surveillance : Markus Conrad<br \/>\nImmatriculation au Registre du commerce : tribunal d&rsquo;instance de Hambourg HRB 65430<br \/>\nNum\u00e9ro de TVA intracommunautaire : DE 217908460<\/p>\n<p>En tant qu&#8217;employeur respectueux de la vie familiale, nous soutenons activement nos employ\u00e9s dans la recherche d&rsquo;un \u00e9quilibre entre leur vie professionnelle et leur vie priv\u00e9e. Notre gestion durable des ressources humaines repose sur les principes de la responsabilit\u00e9 sociale. Nous sommes convaincus qu&rsquo;une entreprise ne peut r\u00e9ussir que si ses employ\u00e9s sont satisfaits. Les quotas suivants sont bas\u00e9s sur la composition actuelle des organes dirigeants de l\u2019entreprise et des p\u00e9riodes de mandat en cours. Notre entreprise disposant d\u2019un personnel exceptionnellement stable et employ\u00e9 depuis longtemps, nos objectifs sont r\u00e9alistes compte tenu de la situation interne de l\u2019entreprise.<\/p>\n<p>Conform\u00e9ment \u00e0 la loi sur la participation \u00e9gale des femmes et des hommes aux postes de direction, l&rsquo;assembl\u00e9e g\u00e9n\u00e9rale de Libri GmbH a fix\u00e9 en juin 2017 des objectifs en mati\u00e8re de proportion de femmes au sein du conseil de surveillance et de la direction. Fix\u00e9s au taux de 0 %, ils ont \u00e9t\u00e9 atteints et \u00e9taient valables jusqu\u2019au 30 juin 2022. Dans le cas des postes de direction, l&rsquo;objectif a m\u00eame \u00e9t\u00e9 d\u00e9pass\u00e9, avec une proportion de femmes de 20 %.<\/p>\n<p>Compte tenu de la composition actuelle des organes dirigeants de l\u2019entreprise et des mandats en cours, l&rsquo;assembl\u00e9e g\u00e9n\u00e9rale de juin 2022 a \u00e9tabli de nouveaux objectifs en mati\u00e8re de repr\u00e9sentation des femmes pour la p\u00e9riode allant jusqu&rsquo;au 30 juin 2027 : pour le conseil de surveillance, un objectif correspondant au taux actuel (0 %) et pour la direction, un objectif de 25 %. Cette d\u00e9cision n&rsquo;exprime clairement pas l&rsquo;intention de maintenir durablement la proportion de femmes au sein du conseil de surveillance au niveau actuel, mais repr\u00e9sente simplement la situation \u00e0 laquelle on peut raisonnablement s&rsquo;attendre au 30 juin 2027, \u00e9tant donn\u00e9 qu&rsquo;aucune nouvelle nomination n&rsquo;est pr\u00e9vue au cours de cette p\u00e9riode. Si des remplacements s&rsquo;av\u00e9raient n\u00e9cessaires, nous veillerions comme toujours \u00e0 encourager la diversit\u00e9.<\/p>\n<p>En juin 2017, la direction a fix\u00e9 un objectif de 15 % pour la proportion de femmes au plus haut niveau de direction. Au 30 juin 2022, il n\u2019\u00e9tait pas totalement rempli, atteignant seulement 10 %, en raison du d\u00e9part d&rsquo;une dirigeante remplac\u00e9e par un candidat masculin qualifi\u00e9. L\u2019objectif de 40 % au deuxi\u00e8me niveau de direction de l&rsquo;entreprise a quant \u00e0 lui \u00e9t\u00e9 l\u00e9g\u00e8rement d\u00e9pass\u00e9, atteignant 42 % \u00e0 la m\u00eame date. En juin 2022, la direction a de nouveau fix\u00e9 un objectif de 15 % pour la proportion de femmes au plus haut niveau de direction et de 40 % au deuxi\u00e8me niveau de direction. Ces objectifs doivent \u00eatre atteints d&rsquo;ici le 30 juin 2027.<\/p>\n<p>Conception du site Web : <a href=\"https:\/\/www.no-agency.de\/\">No agency<\/a> \u2013 Agence de conception de sites Web \u00e0 Hambourg<\/p>\n<p>&nbsp;<\/p>\n<p>&nbsp;<\/p>\n          <\/div>\r\n\r\n          \r\n          \r\n        <\/div>\r\n        \r\n      <\/div>\r\n\r\n    \r\n  <\/div>\r\n<\/div>\r\n\r\n","protected":false},"excerpt":{"rendered":"","protected":false},"author":24,"featured_media":0,"parent":0,"menu_order":0,"comment_status":"closed","ping_status":"closed","template":"","meta":{"_acf_changed":false,"footnotes":""},"class_list":["post-73176","page","type-page","status-publish","hentry"],"acf":[],"yoast_head":"<!-- This site is optimized with the Yoast SEO plugin v27.0 - https:\/\/yoast.com\/product\/yoast-seo-wordpress\/ -->\n<title>Mentions l\u00e9gales | Libri GmbH<\/title>\n<meta name=\"robots\" content=\"index, follow, max-snippet:-1, max-image-preview:large, max-video-preview:-1\" \/>\n<link rel=\"canonical\" href=\"https:\/\/www.libri.de\/fr\/mentions-legales\/\" \/>\n<meta property=\"og:locale\" content=\"fr_FR\" \/>\n<meta property=\"og:type\" content=\"article\" \/>\n<meta property=\"og:title\" content=\"Mentions l\u00e9gales | Libri GmbH\" \/>\n<meta property=\"og:url\" content=\"https:\/\/www.libri.de\/fr\/mentions-legales\/\" \/>\n<meta property=\"og:site_name\" content=\"Libri GmbH\" \/>\n<meta property=\"article:publisher\" content=\"https:\/\/www.facebook.com\/libribarsortiment\" \/>\n<meta property=\"article:modified_time\" content=\"2024-11-21T13:14:20+00:00\" \/>\n<meta name=\"twitter:card\" content=\"summary_large_image\" \/>\n<script type=\"application\/ld+json\" class=\"yoast-schema-graph\">{\"@context\":\"https:\/\/schema.org\",\"@graph\":[{\"@type\":\"WebPage\",\"@id\":\"https:\/\/www.libri.de\/fr\/mentions-legales\/\",\"url\":\"https:\/\/www.libri.de\/fr\/mentions-legales\/\",\"name\":\"Mentions l\u00e9gales | Libri GmbH\",\"isPartOf\":{\"@id\":\"https:\/\/www.libri.de\/fr\/#website\"},\"datePublished\":\"2024-10-14T10:02:47+00:00\",\"dateModified\":\"2024-11-21T13:14:20+00:00\",\"breadcrumb\":{\"@id\":\"https:\/\/www.libri.de\/fr\/mentions-legales\/#breadcrumb\"},\"inLanguage\":\"fr-FR\",\"potentialAction\":[{\"@type\":\"ReadAction\",\"target\":[\"https:\/\/www.libri.de\/fr\/mentions-legales\/\"]}]},{\"@type\":\"BreadcrumbList\",\"@id\":\"https:\/\/www.libri.de\/fr\/mentions-legales\/#breadcrumb\",\"itemListElement\":[{\"@type\":\"ListItem\",\"position\":1,\"name\":\"Page d'accueil\",\"item\":\"https:\/\/www.libri.de\/fr\/\"},{\"@type\":\"ListItem\",\"position\":2,\"name\":\"Mentions l\u00e9gales\"}]},{\"@type\":\"WebSite\",\"@id\":\"https:\/\/www.libri.de\/fr\/#website\",\"url\":\"https:\/\/www.libri.de\/fr\/\",\"name\":\"Libri GmbH\",\"description\":\"Barsortiment und Gro\u00dfhandel f\u00fcr B\u00fccher und andere Medien\",\"publisher\":{\"@id\":\"https:\/\/www.libri.de\/fr\/#organization\"},\"potentialAction\":[{\"@type\":\"SearchAction\",\"target\":{\"@type\":\"EntryPoint\",\"urlTemplate\":\"https:\/\/www.libri.de\/fr\/?s={search_term_string}\"},\"query-input\":{\"@type\":\"PropertyValueSpecification\",\"valueRequired\":true,\"valueName\":\"search_term_string\"}}],\"inLanguage\":\"fr-FR\"},{\"@type\":\"Organization\",\"@id\":\"https:\/\/www.libri.de\/fr\/#organization\",\"name\":\"Libri\",\"url\":\"https:\/\/www.libri.de\/fr\/\",\"logo\":{\"@type\":\"ImageObject\",\"inLanguage\":\"fr-FR\",\"@id\":\"https:\/\/www.libri.de\/fr\/#\/schema\/logo\/image\/\",\"url\":\"https:\/\/188.64.195.32\/wp-content\/uploads\/2022\/04\/libri_logo-1.jpg\",\"contentUrl\":\"https:\/\/188.64.195.32\/wp-content\/uploads\/2022\/04\/libri_logo-1.jpg\",\"width\":2000,\"height\":1000,\"caption\":\"Libri\"},\"image\":{\"@id\":\"https:\/\/www.libri.de\/fr\/#\/schema\/logo\/image\/\"},\"sameAs\":[\"https:\/\/www.facebook.com\/libribarsortiment\",\"https:\/\/www.instagram.com\/libri.barsortiment\",\"https:\/\/www.linkedin.com\/company\/libri-gmbh\"]}]}<\/script>\n<!-- \/ Yoast SEO plugin. -->","yoast_head_json":{"title":"Mentions l\u00e9gales | Libri GmbH","robots":{"index":"index","follow":"follow","max-snippet":"max-snippet:-1","max-image-preview":"max-image-preview:large","max-video-preview":"max-video-preview:-1"},"canonical":"https:\/\/www.libri.de\/fr\/mentions-legales\/","og_locale":"fr_FR","og_type":"article","og_title":"Mentions l\u00e9gales | Libri GmbH","og_url":"https:\/\/www.libri.de\/fr\/mentions-legales\/","og_site_name":"Libri GmbH","article_publisher":"https:\/\/www.facebook.com\/libribarsortiment","article_modified_time":"2024-11-21T13:14:20+00:00","twitter_card":"summary_large_image","schema":{"@context":"https:\/\/schema.org","@graph":[{"@type":"WebPage","@id":"https:\/\/www.libri.de\/fr\/mentions-legales\/","url":"https:\/\/www.libri.de\/fr\/mentions-legales\/","name":"Mentions l\u00e9gales | Libri GmbH","isPartOf":{"@id":"https:\/\/www.libri.de\/fr\/#website"},"datePublished":"2024-10-14T10:02:47+00:00","dateModified":"2024-11-21T13:14:20+00:00","breadcrumb":{"@id":"https:\/\/www.libri.de\/fr\/mentions-legales\/#breadcrumb"},"inLanguage":"fr-FR","potentialAction":[{"@type":"ReadAction","target":["https:\/\/www.libri.de\/fr\/mentions-legales\/"]}]},{"@type":"BreadcrumbList","@id":"https:\/\/www.libri.de\/fr\/mentions-legales\/#breadcrumb","itemListElement":[{"@type":"ListItem","position":1,"name":"Page d'accueil","item":"https:\/\/www.libri.de\/fr\/"},{"@type":"ListItem","position":2,"name":"Mentions l\u00e9gales"}]},{"@type":"WebSite","@id":"https:\/\/www.libri.de\/fr\/#website","url":"https:\/\/www.libri.de\/fr\/","name":"Libri GmbH","description":"Barsortiment und Gro\u00dfhandel f\u00fcr B\u00fccher und andere Medien","publisher":{"@id":"https:\/\/www.libri.de\/fr\/#organization"},"potentialAction":[{"@type":"SearchAction","target":{"@type":"EntryPoint","urlTemplate":"https:\/\/www.libri.de\/fr\/?s={search_term_string}"},"query-input":{"@type":"PropertyValueSpecification","valueRequired":true,"valueName":"search_term_string"}}],"inLanguage":"fr-FR"},{"@type":"Organization","@id":"https:\/\/www.libri.de\/fr\/#organization","name":"Libri","url":"https:\/\/www.libri.de\/fr\/","logo":{"@type":"ImageObject","inLanguage":"fr-FR","@id":"https:\/\/www.libri.de\/fr\/#\/schema\/logo\/image\/","url":"https:\/\/188.64.195.32\/wp-content\/uploads\/2022\/04\/libri_logo-1.jpg","contentUrl":"https:\/\/188.64.195.32\/wp-content\/uploads\/2022\/04\/libri_logo-1.jpg","width":2000,"height":1000,"caption":"Libri"},"image":{"@id":"https:\/\/www.libri.de\/fr\/#\/schema\/logo\/image\/"},"sameAs":["https:\/\/www.facebook.com\/libribarsortiment","https:\/\/www.instagram.com\/libri.barsortiment","https:\/\/www.linkedin.com\/company\/libri-gmbh"]}]}},"_links":{"self":[{"href":"https:\/\/www.libri.de\/fr\/wp-json\/wp\/v2\/pages\/73176","targetHints":{"allow":["GET"]}}],"collection":[{"href":"https:\/\/www.libri.de\/fr\/wp-json\/wp\/v2\/pages"}],"about":[{"href":"https:\/\/www.libri.de\/fr\/wp-json\/wp\/v2\/types\/page"}],"author":[{"embeddable":true,"href":"https:\/\/www.libri.de\/fr\/wp-json\/wp\/v2\/users\/24"}],"replies":[{"embeddable":true,"href":"https:\/\/www.libri.de\/fr\/wp-json\/wp\/v2\/comments?post=73176"}],"version-history":[{"count":3,"href":"https:\/\/www.libri.de\/fr\/wp-json\/wp\/v2\/pages\/73176\/revisions"}],"predecessor-version":[{"id":74856,"href":"https:\/\/www.libri.de\/fr\/wp-json\/wp\/v2\/pages\/73176\/revisions\/74856"}],"wp:attachment":[{"href":"https:\/\/www.libri.de\/fr\/wp-json\/wp\/v2\/media?parent=73176"}],"curies":[{"name":"wp","href":"https:\/\/api.w.org\/{rel}","templated":true}]}}