{"id":73170,"date":"2024-10-14T12:00:21","date_gmt":"2024-10-14T10:00:21","guid":{"rendered":"https:\/\/www.libri.de\/?page_id=73170"},"modified":"2024-10-14T12:00:21","modified_gmt":"2024-10-14T10:00:21","slug":"e-commerce-et-clients-internationaux","status":"publish","type":"page","link":"https:\/\/www.libri.de\/fr\/contact\/e-commerce-et-clients-internationaux\/","title":{"rendered":"E-commerce et clients internationaux"},"content":{"rendered":"\r\n<div id=\"header-block_a02cc08980b37f6153cb282f91799aca\" class=\"block-header module type-small bc-trans\">\r\n  <div class=\"container\">\r\n\r\n    <p id=\"breadcrumbs\"><span><span><a href=\"https:\/\/www.libri.de\/fr\/\">Page d&rsquo;accueil<\/a><\/span><\/span><\/p>    \r\n    \r\n      \r\n      <div class=\"row\">\r\n        <div class=\"col-12 col-md-10 title\">\r\n          <h1 class=\"\">E-commerce et clients internationaux<\/h1>\r\n        <\/div>\r\n\r\n        <div class=\"col-12 col-md-10 text\">\r\n          <p>Si vous avez des questions concernant nos services pour le E-commerce ou nos offres pour votre entreprise en dehors de l&rsquo;Allemagne, n&rsquo;h\u00e9sitez pas \u00e0 nous contacter.<\/p>\r\n        <\/div>\r\n      <\/div>\r\n\r\n      \r\n  <\/div>\r\n<\/div>\r\n\r\n\n\n\r\n<div id=\"contacts-block_8fca3f3ba72fba3d90959b686df122c1\" class=\"block-contacts module\">\r\n  <div class=\"container\">\r\n    <div class=\"row\">\r\n      \r\n        <div class=\"col-12 col-md-6\">\r\n          <div class=\"d-flex align-items-center contacts-entry bc-green-2\">\r\n\r\n            <div class=\"image-wrapper\">\r\n              <div class=\"image\">\r\n                <img decoding=\"async\" width=\"24\" height=\"24\" src=\"https:\/\/www.libri.de\/wp-content\/uploads\/2021\/10\/people_white_24dp.svg\" class=\"attachment-thumbnail size-thumbnail\" alt=\"Libri Kontakt Icon\" \/>              <\/div>\r\n            <\/div>\r\n\r\n            <p class=\"info\">\r\n                            <b>Team eCommerce &#038; International Sales<\/b><br>\r\n                                            <a href=\"mailto:sales@libri.de\">sales@libri.de<\/a>\r\n                          <\/p>\r\n\r\n          <\/div>\r\n        <\/div>  \r\n      \r\n          <\/div>\r\n  <\/div>\r\n<\/div>\r\n\r\n\n\n\r\n<div id=\"teaser-small-block_0c960cba649d5adb8cfe121fcd542650\" class=\"block-teaser-small bc-green-2\">\r\n\r\n  <div class=\"container\">\r\n\r\n    <a href=\"https:\/\/www.libri.de\/fr\/contact\/\" target=\"\" class=\"d-flex align-items-center justify-content-center flex-column flex-md-row\">\r\n\r\n              <div class=\"icon\">\r\n          <img decoding=\"async\" width=\"24\" height=\"24\" src=\"https:\/\/www.libri.de\/wp-content\/uploads\/2021\/10\/people_white_24dp.svg\" class=\"attachment-thumbnail size-thumbnail\" alt=\"Libri Kontakt Icon\" \/>        <\/div>\r\n      \r\n      <div class=\"text\">\r\n        <h3 class=\"title\">Retour \u00e0 l&rsquo;aper\u00e7u<\/h3>\r\n              <\/div>\r\n\r\n      <div class=\"teaser-arrow\"><\/div>\r\n\r\n    <\/a>\r\n\r\n  <\/div>\r\n<\/div>\r\n\r\n","protected":false},"excerpt":{"rendered":"","protected":false},"author":24,"featured_media":61593,"parent":73163,"menu_order":0,"comment_status":"closed","ping_status":"closed","template":"","meta":{"_acf_changed":false,"footnotes":""},"class_list":["post-73170","page","type-page","status-publish","has-post-thumbnail","hentry"],"acf":[],"yoast_head":"<!-- This site is optimized with the Yoast SEO plugin v27.0 - https:\/\/yoast.com\/product\/yoast-seo-wordpress\/ -->\n<title>E-commerce et clients internationaux | Libri GmbH<\/title>\n<meta name=\"robots\" content=\"index, follow, max-snippet:-1, max-image-preview:large, max-video-preview:-1\" \/>\n<link rel=\"canonical\" href=\"https:\/\/www.libri.de\/fr\/contact\/e-commerce-et-clients-internationaux\/\" \/>\n<meta property=\"og:locale\" content=\"fr_FR\" \/>\n<meta property=\"og:type\" content=\"article\" \/>\n<meta property=\"og:title\" content=\"E-commerce et clients internationaux | Libri GmbH\" \/>\n<meta property=\"og:url\" content=\"https:\/\/www.libri.de\/fr\/contact\/e-commerce-et-clients-internationaux\/\" \/>\n<meta property=\"og:site_name\" content=\"Libri GmbH\" \/>\n<meta property=\"article:publisher\" content=\"https:\/\/www.facebook.com\/libribarsortiment\" \/>\n<meta property=\"og:image\" content=\"https:\/\/www.libri.de\/wp-content\/uploads\/2021\/12\/Beitragsbild_Libri_blau.jpg\" \/>\n\t<meta property=\"og:image:width\" content=\"1990\" \/>\n\t<meta property=\"og:image:height\" content=\"1100\" \/>\n\t<meta property=\"og:image:type\" content=\"image\/jpeg\" \/>\n<meta name=\"twitter:card\" content=\"summary_large_image\" \/>\n<script type=\"application\/ld+json\" class=\"yoast-schema-graph\">{\"@context\":\"https:\/\/schema.org\",\"@graph\":[{\"@type\":\"WebPage\",\"@id\":\"https:\/\/www.libri.de\/fr\/contact\/e-commerce-et-clients-internationaux\/\",\"url\":\"https:\/\/www.libri.de\/fr\/contact\/e-commerce-et-clients-internationaux\/\",\"name\":\"E-commerce et clients internationaux | Libri GmbH\",\"isPartOf\":{\"@id\":\"https:\/\/www.libri.de\/fr\/#website\"},\"primaryImageOfPage\":{\"@id\":\"https:\/\/www.libri.de\/fr\/contact\/e-commerce-et-clients-internationaux\/#primaryimage\"},\"image\":{\"@id\":\"https:\/\/www.libri.de\/fr\/contact\/e-commerce-et-clients-internationaux\/#primaryimage\"},\"thumbnailUrl\":\"https:\/\/www.libri.de\/wp-content\/uploads\/2021\/12\/Beitragsbild_Libri_blau.jpg\",\"datePublished\":\"2024-10-14T10:00:21+00:00\",\"breadcrumb\":{\"@id\":\"https:\/\/www.libri.de\/fr\/contact\/e-commerce-et-clients-internationaux\/#breadcrumb\"},\"inLanguage\":\"fr-FR\",\"potentialAction\":[{\"@type\":\"ReadAction\",\"target\":[\"https:\/\/www.libri.de\/fr\/contact\/e-commerce-et-clients-internationaux\/\"]}]},{\"@type\":\"ImageObject\",\"inLanguage\":\"fr-FR\",\"@id\":\"https:\/\/www.libri.de\/fr\/contact\/e-commerce-et-clients-internationaux\/#primaryimage\",\"url\":\"https:\/\/www.libri.de\/wp-content\/uploads\/2021\/12\/Beitragsbild_Libri_blau.jpg\",\"contentUrl\":\"https:\/\/www.libri.de\/wp-content\/uploads\/2021\/12\/Beitragsbild_Libri_blau.jpg\",\"width\":1990,\"height\":1100},{\"@type\":\"BreadcrumbList\",\"@id\":\"https:\/\/www.libri.de\/fr\/contact\/e-commerce-et-clients-internationaux\/#breadcrumb\",\"itemListElement\":[{\"@type\":\"ListItem\",\"position\":1,\"name\":\"Page d'accueil\",\"item\":\"https:\/\/www.libri.de\/fr\/\"},{\"@type\":\"ListItem\",\"position\":2,\"name\":\"Contact\",\"item\":\"https:\/\/www.libri.de\/fr\/contact\/\"},{\"@type\":\"ListItem\",\"position\":3,\"name\":\"E-commerce et clients internationaux\"}]},{\"@type\":\"WebSite\",\"@id\":\"https:\/\/www.libri.de\/fr\/#website\",\"url\":\"https:\/\/www.libri.de\/fr\/\",\"name\":\"Libri GmbH\",\"description\":\"Barsortiment und Gro\u00dfhandel f\u00fcr B\u00fccher und andere Medien\",\"publisher\":{\"@id\":\"https:\/\/www.libri.de\/fr\/#organization\"},\"potentialAction\":[{\"@type\":\"SearchAction\",\"target\":{\"@type\":\"EntryPoint\",\"urlTemplate\":\"https:\/\/www.libri.de\/fr\/?s={search_term_string}\"},\"query-input\":{\"@type\":\"PropertyValueSpecification\",\"valueRequired\":true,\"valueName\":\"search_term_string\"}}],\"inLanguage\":\"fr-FR\"},{\"@type\":\"Organization\",\"@id\":\"https:\/\/www.libri.de\/fr\/#organization\",\"name\":\"Libri\",\"url\":\"https:\/\/www.libri.de\/fr\/\",\"logo\":{\"@type\":\"ImageObject\",\"inLanguage\":\"fr-FR\",\"@id\":\"https:\/\/www.libri.de\/fr\/#\/schema\/logo\/image\/\",\"url\":\"https:\/\/188.64.195.32\/wp-content\/uploads\/2022\/04\/libri_logo-1.jpg\",\"contentUrl\":\"https:\/\/188.64.195.32\/wp-content\/uploads\/2022\/04\/libri_logo-1.jpg\",\"width\":2000,\"height\":1000,\"caption\":\"Libri\"},\"image\":{\"@id\":\"https:\/\/www.libri.de\/fr\/#\/schema\/logo\/image\/\"},\"sameAs\":[\"https:\/\/www.facebook.com\/libribarsortiment\",\"https:\/\/www.instagram.com\/libri.barsortiment\",\"https:\/\/www.linkedin.com\/company\/libri-gmbh\"]}]}<\/script>\n<!-- \/ Yoast SEO plugin. -->","yoast_head_json":{"title":"E-commerce et clients internationaux | Libri GmbH","robots":{"index":"index","follow":"follow","max-snippet":"max-snippet:-1","max-image-preview":"max-image-preview:large","max-video-preview":"max-video-preview:-1"},"canonical":"https:\/\/www.libri.de\/fr\/contact\/e-commerce-et-clients-internationaux\/","og_locale":"fr_FR","og_type":"article","og_title":"E-commerce et clients internationaux | Libri GmbH","og_url":"https:\/\/www.libri.de\/fr\/contact\/e-commerce-et-clients-internationaux\/","og_site_name":"Libri GmbH","article_publisher":"https:\/\/www.facebook.com\/libribarsortiment","og_image":[{"width":1990,"height":1100,"url":"https:\/\/www.libri.de\/wp-content\/uploads\/2021\/12\/Beitragsbild_Libri_blau.jpg","type":"image\/jpeg"}],"twitter_card":"summary_large_image","schema":{"@context":"https:\/\/schema.org","@graph":[{"@type":"WebPage","@id":"https:\/\/www.libri.de\/fr\/contact\/e-commerce-et-clients-internationaux\/","url":"https:\/\/www.libri.de\/fr\/contact\/e-commerce-et-clients-internationaux\/","name":"E-commerce et clients internationaux | Libri GmbH","isPartOf":{"@id":"https:\/\/www.libri.de\/fr\/#website"},"primaryImageOfPage":{"@id":"https:\/\/www.libri.de\/fr\/contact\/e-commerce-et-clients-internationaux\/#primaryimage"},"image":{"@id":"https:\/\/www.libri.de\/fr\/contact\/e-commerce-et-clients-internationaux\/#primaryimage"},"thumbnailUrl":"https:\/\/www.libri.de\/wp-content\/uploads\/2021\/12\/Beitragsbild_Libri_blau.jpg","datePublished":"2024-10-14T10:00:21+00:00","breadcrumb":{"@id":"https:\/\/www.libri.de\/fr\/contact\/e-commerce-et-clients-internationaux\/#breadcrumb"},"inLanguage":"fr-FR","potentialAction":[{"@type":"ReadAction","target":["https:\/\/www.libri.de\/fr\/contact\/e-commerce-et-clients-internationaux\/"]}]},{"@type":"ImageObject","inLanguage":"fr-FR","@id":"https:\/\/www.libri.de\/fr\/contact\/e-commerce-et-clients-internationaux\/#primaryimage","url":"https:\/\/www.libri.de\/wp-content\/uploads\/2021\/12\/Beitragsbild_Libri_blau.jpg","contentUrl":"https:\/\/www.libri.de\/wp-content\/uploads\/2021\/12\/Beitragsbild_Libri_blau.jpg","width":1990,"height":1100},{"@type":"BreadcrumbList","@id":"https:\/\/www.libri.de\/fr\/contact\/e-commerce-et-clients-internationaux\/#breadcrumb","itemListElement":[{"@type":"ListItem","position":1,"name":"Page d'accueil","item":"https:\/\/www.libri.de\/fr\/"},{"@type":"ListItem","position":2,"name":"Contact","item":"https:\/\/www.libri.de\/fr\/contact\/"},{"@type":"ListItem","position":3,"name":"E-commerce et clients internationaux"}]},{"@type":"WebSite","@id":"https:\/\/www.libri.de\/fr\/#website","url":"https:\/\/www.libri.de\/fr\/","name":"Libri GmbH","description":"Barsortiment und Gro\u00dfhandel f\u00fcr B\u00fccher und andere Medien","publisher":{"@id":"https:\/\/www.libri.de\/fr\/#organization"},"potentialAction":[{"@type":"SearchAction","target":{"@type":"EntryPoint","urlTemplate":"https:\/\/www.libri.de\/fr\/?s={search_term_string}"},"query-input":{"@type":"PropertyValueSpecification","valueRequired":true,"valueName":"search_term_string"}}],"inLanguage":"fr-FR"},{"@type":"Organization","@id":"https:\/\/www.libri.de\/fr\/#organization","name":"Libri","url":"https:\/\/www.libri.de\/fr\/","logo":{"@type":"ImageObject","inLanguage":"fr-FR","@id":"https:\/\/www.libri.de\/fr\/#\/schema\/logo\/image\/","url":"https:\/\/188.64.195.32\/wp-content\/uploads\/2022\/04\/libri_logo-1.jpg","contentUrl":"https:\/\/188.64.195.32\/wp-content\/uploads\/2022\/04\/libri_logo-1.jpg","width":2000,"height":1000,"caption":"Libri"},"image":{"@id":"https:\/\/www.libri.de\/fr\/#\/schema\/logo\/image\/"},"sameAs":["https:\/\/www.facebook.com\/libribarsortiment","https:\/\/www.instagram.com\/libri.barsortiment","https:\/\/www.linkedin.com\/company\/libri-gmbh"]}]}},"_links":{"self":[{"href":"https:\/\/www.libri.de\/fr\/wp-json\/wp\/v2\/pages\/73170","targetHints":{"allow":["GET"]}}],"collection":[{"href":"https:\/\/www.libri.de\/fr\/wp-json\/wp\/v2\/pages"}],"about":[{"href":"https:\/\/www.libri.de\/fr\/wp-json\/wp\/v2\/types\/page"}],"author":[{"embeddable":true,"href":"https:\/\/www.libri.de\/fr\/wp-json\/wp\/v2\/users\/24"}],"replies":[{"embeddable":true,"href":"https:\/\/www.libri.de\/fr\/wp-json\/wp\/v2\/comments?post=73170"}],"version-history":[{"count":2,"href":"https:\/\/www.libri.de\/fr\/wp-json\/wp\/v2\/pages\/73170\/revisions"}],"predecessor-version":[{"id":73172,"href":"https:\/\/www.libri.de\/fr\/wp-json\/wp\/v2\/pages\/73170\/revisions\/73172"}],"up":[{"embeddable":true,"href":"https:\/\/www.libri.de\/fr\/wp-json\/wp\/v2\/pages\/73163"}],"wp:featuredmedia":[{"embeddable":true,"href":"https:\/\/www.libri.de\/fr\/wp-json\/wp\/v2\/media\/61593"}],"wp:attachment":[{"href":"https:\/\/www.libri.de\/fr\/wp-json\/wp\/v2\/media?parent=73170"}],"curies":[{"name":"wp","href":"https:\/\/api.w.org\/{rel}","templated":true}]}}