{"id":73160,"date":"2024-10-14T12:03:56","date_gmt":"2024-10-14T10:03:56","guid":{"rendered":"https:\/\/www.libri.de\/?page_id=73160"},"modified":"2025-09-18T09:36:42","modified_gmt":"2025-09-18T07:36:42","slug":"presse","status":"publish","type":"page","link":"https:\/\/www.libri.de\/fr\/presse\/","title":{"rendered":"Presse"},"content":{"rendered":"\r\n<div id=\"header-block_afad898d2561eb5ee06ee442d1f467cc\" class=\"block-header module type-press bc-trans\">\r\n  <div class=\"container\">\r\n\r\n    <p id=\"breadcrumbs\"><span><span><a href=\"https:\/\/www.libri.de\/fr\/\">Page d&rsquo;accueil<\/a><\/span><\/span><\/p>    \r\n    \r\n      \r\n      <div class=\"row\">\r\n        <div class=\"col-12 col-md-10 title\">\r\n          <h1 class=\"\">Presse<\/h1>\r\n        <\/div>\r\n\r\n        <div class=\"col-12 col-md-10 text\">\r\n          <p>Vous trouverez ici nos communiqu\u00e9s de presse, des fichiers \u00e0 t\u00e9l\u00e9charger et les coordonn\u00e9es de notre attach\u00e9 de presse. <\/p>\r\n        <\/div>\r\n      <\/div>\r\n\r\n      \r\n  <\/div>\r\n<\/div>\r\n\r\n\n\n\r\n<div id=\"teaser-small-block_1962683746b245a67662871142ab71eb\" class=\"block-teaser-small bc-green-2\">\r\n\r\n  <div class=\"container\">\r\n\r\n    <a href=\"mailto:tsimon@libri.de\" target=\"_blank\" class=\"d-flex align-items-center justify-content-center flex-column flex-md-row\">\r\n\r\n              <div class=\"image\">\r\n          <img decoding=\"async\" width=\"150\" height=\"150\" src=\"https:\/\/www.libri.de\/wp-content\/uploads\/2022\/04\/ThorstenSimon_Pressesprecher_Presse_Libri-150x150.jpg\" class=\"attachment-thumbnail size-thumbnail\" alt=\"\" srcset=\"https:\/\/www.libri.de\/wp-content\/uploads\/2022\/04\/ThorstenSimon_Pressesprecher_Presse_Libri-150x150.jpg 150w, https:\/\/www.libri.de\/wp-content\/uploads\/2022\/04\/ThorstenSimon_Pressesprecher_Presse_Libri-300x300.jpg 300w, https:\/\/www.libri.de\/wp-content\/uploads\/2022\/04\/ThorstenSimon_Pressesprecher_Presse_Libri.jpg 640w\" sizes=\"(max-width: 150px) 100vw, 150px\" \/>        <\/div>\r\n      \r\n      <div class=\"text\">\r\n        <h3 class=\"title\">Attach\u00e9 de presse<\/h3>\r\n        <p>Thorsten Simon<br \/>\r\n+49 40 534335-76<\/p>      <\/div>\r\n\r\n      <div class=\"teaser-arrow\"><\/div>\r\n\r\n    <\/a>\r\n\r\n  <\/div>\r\n<\/div>\r\n\r\n\n\n\r\n<div id=\"list-block_2479304c84c22c27720ee7d383603073\" class=\"block-list module type-press\">\r\n\r\n  <\/div>\n\n\r\n<div id=\"space-block_6b32dd3b35e52e8c57455052fe0ae73a\" class=\"block-space module bc-trans\" style=\"height: 48px;\"><\/div>","protected":false},"excerpt":{"rendered":"","protected":false},"author":24,"featured_media":61591,"parent":0,"menu_order":0,"comment_status":"closed","ping_status":"closed","template":"","meta":{"_acf_changed":false,"footnotes":""},"class_list":["post-73160","page","type-page","status-publish","has-post-thumbnail","hentry"],"acf":[],"yoast_head":"<!-- This site is optimized with the Yoast SEO plugin v27.0 - https:\/\/yoast.com\/product\/yoast-seo-wordpress\/ -->\n<title>Presse | Libri GmbH<\/title>\n<meta name=\"robots\" content=\"index, follow, max-snippet:-1, max-image-preview:large, max-video-preview:-1\" \/>\n<link rel=\"canonical\" href=\"https:\/\/www.libri.de\/fr\/presse\/\" \/>\n<meta property=\"og:locale\" content=\"fr_FR\" \/>\n<meta property=\"og:type\" content=\"article\" \/>\n<meta property=\"og:title\" content=\"Presse | Libri GmbH\" \/>\n<meta property=\"og:url\" content=\"https:\/\/www.libri.de\/fr\/presse\/\" \/>\n<meta property=\"og:site_name\" content=\"Libri GmbH\" \/>\n<meta property=\"article:publisher\" content=\"https:\/\/www.facebook.com\/libribarsortiment\" \/>\n<meta property=\"article:modified_time\" content=\"2025-09-18T07:36:42+00:00\" \/>\n<meta property=\"og:image\" content=\"https:\/\/www.libri.de\/wp-content\/uploads\/2021\/12\/Beitragsbild_Libri_mittelblau.jpg\" \/>\n\t<meta property=\"og:image:width\" content=\"1990\" \/>\n\t<meta property=\"og:image:height\" content=\"1100\" \/>\n\t<meta property=\"og:image:type\" content=\"image\/jpeg\" \/>\n<meta name=\"twitter:card\" content=\"summary_large_image\" \/>\n<meta name=\"twitter:label1\" content=\"Dur\u00e9e de lecture estim\u00e9e\" \/>\n\t<meta name=\"twitter:data1\" content=\"1 minute\" \/>\n<script type=\"application\/ld+json\" class=\"yoast-schema-graph\">{\"@context\":\"https:\/\/schema.org\",\"@graph\":[{\"@type\":\"WebPage\",\"@id\":\"https:\/\/www.libri.de\/fr\/presse\/\",\"url\":\"https:\/\/www.libri.de\/fr\/presse\/\",\"name\":\"Presse | Libri GmbH\",\"isPartOf\":{\"@id\":\"https:\/\/www.libri.de\/fr\/#website\"},\"primaryImageOfPage\":{\"@id\":\"https:\/\/www.libri.de\/fr\/presse\/#primaryimage\"},\"image\":{\"@id\":\"https:\/\/www.libri.de\/fr\/presse\/#primaryimage\"},\"thumbnailUrl\":\"https:\/\/www.libri.de\/wp-content\/uploads\/2021\/12\/Beitragsbild_Libri_mittelblau.jpg\",\"datePublished\":\"2024-10-14T10:03:56+00:00\",\"dateModified\":\"2025-09-18T07:36:42+00:00\",\"breadcrumb\":{\"@id\":\"https:\/\/www.libri.de\/fr\/presse\/#breadcrumb\"},\"inLanguage\":\"fr-FR\",\"potentialAction\":[{\"@type\":\"ReadAction\",\"target\":[\"https:\/\/www.libri.de\/fr\/presse\/\"]}]},{\"@type\":\"ImageObject\",\"inLanguage\":\"fr-FR\",\"@id\":\"https:\/\/www.libri.de\/fr\/presse\/#primaryimage\",\"url\":\"https:\/\/www.libri.de\/wp-content\/uploads\/2021\/12\/Beitragsbild_Libri_mittelblau.jpg\",\"contentUrl\":\"https:\/\/www.libri.de\/wp-content\/uploads\/2021\/12\/Beitragsbild_Libri_mittelblau.jpg\",\"width\":1990,\"height\":1100},{\"@type\":\"BreadcrumbList\",\"@id\":\"https:\/\/www.libri.de\/fr\/presse\/#breadcrumb\",\"itemListElement\":[{\"@type\":\"ListItem\",\"position\":1,\"name\":\"Page d'accueil\",\"item\":\"https:\/\/www.libri.de\/fr\/\"},{\"@type\":\"ListItem\",\"position\":2,\"name\":\"Presse\"}]},{\"@type\":\"WebSite\",\"@id\":\"https:\/\/www.libri.de\/fr\/#website\",\"url\":\"https:\/\/www.libri.de\/fr\/\",\"name\":\"Libri GmbH\",\"description\":\"Barsortiment und Gro\u00dfhandel f\u00fcr B\u00fccher und andere Medien\",\"publisher\":{\"@id\":\"https:\/\/www.libri.de\/fr\/#organization\"},\"potentialAction\":[{\"@type\":\"SearchAction\",\"target\":{\"@type\":\"EntryPoint\",\"urlTemplate\":\"https:\/\/www.libri.de\/fr\/?s={search_term_string}\"},\"query-input\":{\"@type\":\"PropertyValueSpecification\",\"valueRequired\":true,\"valueName\":\"search_term_string\"}}],\"inLanguage\":\"fr-FR\"},{\"@type\":\"Organization\",\"@id\":\"https:\/\/www.libri.de\/fr\/#organization\",\"name\":\"Libri\",\"url\":\"https:\/\/www.libri.de\/fr\/\",\"logo\":{\"@type\":\"ImageObject\",\"inLanguage\":\"fr-FR\",\"@id\":\"https:\/\/www.libri.de\/fr\/#\/schema\/logo\/image\/\",\"url\":\"https:\/\/188.64.195.32\/wp-content\/uploads\/2022\/04\/libri_logo-1.jpg\",\"contentUrl\":\"https:\/\/188.64.195.32\/wp-content\/uploads\/2022\/04\/libri_logo-1.jpg\",\"width\":2000,\"height\":1000,\"caption\":\"Libri\"},\"image\":{\"@id\":\"https:\/\/www.libri.de\/fr\/#\/schema\/logo\/image\/\"},\"sameAs\":[\"https:\/\/www.facebook.com\/libribarsortiment\",\"https:\/\/www.instagram.com\/libri.barsortiment\",\"https:\/\/www.linkedin.com\/company\/libri-gmbh\"]}]}<\/script>\n<!-- \/ Yoast SEO plugin. -->","yoast_head_json":{"title":"Presse | Libri GmbH","robots":{"index":"index","follow":"follow","max-snippet":"max-snippet:-1","max-image-preview":"max-image-preview:large","max-video-preview":"max-video-preview:-1"},"canonical":"https:\/\/www.libri.de\/fr\/presse\/","og_locale":"fr_FR","og_type":"article","og_title":"Presse | Libri GmbH","og_url":"https:\/\/www.libri.de\/fr\/presse\/","og_site_name":"Libri GmbH","article_publisher":"https:\/\/www.facebook.com\/libribarsortiment","article_modified_time":"2025-09-18T07:36:42+00:00","og_image":[{"width":1990,"height":1100,"url":"https:\/\/www.libri.de\/wp-content\/uploads\/2021\/12\/Beitragsbild_Libri_mittelblau.jpg","type":"image\/jpeg"}],"twitter_card":"summary_large_image","twitter_misc":{"Dur\u00e9e de lecture estim\u00e9e":"1 minute"},"schema":{"@context":"https:\/\/schema.org","@graph":[{"@type":"WebPage","@id":"https:\/\/www.libri.de\/fr\/presse\/","url":"https:\/\/www.libri.de\/fr\/presse\/","name":"Presse | Libri GmbH","isPartOf":{"@id":"https:\/\/www.libri.de\/fr\/#website"},"primaryImageOfPage":{"@id":"https:\/\/www.libri.de\/fr\/presse\/#primaryimage"},"image":{"@id":"https:\/\/www.libri.de\/fr\/presse\/#primaryimage"},"thumbnailUrl":"https:\/\/www.libri.de\/wp-content\/uploads\/2021\/12\/Beitragsbild_Libri_mittelblau.jpg","datePublished":"2024-10-14T10:03:56+00:00","dateModified":"2025-09-18T07:36:42+00:00","breadcrumb":{"@id":"https:\/\/www.libri.de\/fr\/presse\/#breadcrumb"},"inLanguage":"fr-FR","potentialAction":[{"@type":"ReadAction","target":["https:\/\/www.libri.de\/fr\/presse\/"]}]},{"@type":"ImageObject","inLanguage":"fr-FR","@id":"https:\/\/www.libri.de\/fr\/presse\/#primaryimage","url":"https:\/\/www.libri.de\/wp-content\/uploads\/2021\/12\/Beitragsbild_Libri_mittelblau.jpg","contentUrl":"https:\/\/www.libri.de\/wp-content\/uploads\/2021\/12\/Beitragsbild_Libri_mittelblau.jpg","width":1990,"height":1100},{"@type":"BreadcrumbList","@id":"https:\/\/www.libri.de\/fr\/presse\/#breadcrumb","itemListElement":[{"@type":"ListItem","position":1,"name":"Page d'accueil","item":"https:\/\/www.libri.de\/fr\/"},{"@type":"ListItem","position":2,"name":"Presse"}]},{"@type":"WebSite","@id":"https:\/\/www.libri.de\/fr\/#website","url":"https:\/\/www.libri.de\/fr\/","name":"Libri GmbH","description":"Barsortiment und Gro\u00dfhandel f\u00fcr B\u00fccher und andere Medien","publisher":{"@id":"https:\/\/www.libri.de\/fr\/#organization"},"potentialAction":[{"@type":"SearchAction","target":{"@type":"EntryPoint","urlTemplate":"https:\/\/www.libri.de\/fr\/?s={search_term_string}"},"query-input":{"@type":"PropertyValueSpecification","valueRequired":true,"valueName":"search_term_string"}}],"inLanguage":"fr-FR"},{"@type":"Organization","@id":"https:\/\/www.libri.de\/fr\/#organization","name":"Libri","url":"https:\/\/www.libri.de\/fr\/","logo":{"@type":"ImageObject","inLanguage":"fr-FR","@id":"https:\/\/www.libri.de\/fr\/#\/schema\/logo\/image\/","url":"https:\/\/188.64.195.32\/wp-content\/uploads\/2022\/04\/libri_logo-1.jpg","contentUrl":"https:\/\/188.64.195.32\/wp-content\/uploads\/2022\/04\/libri_logo-1.jpg","width":2000,"height":1000,"caption":"Libri"},"image":{"@id":"https:\/\/www.libri.de\/fr\/#\/schema\/logo\/image\/"},"sameAs":["https:\/\/www.facebook.com\/libribarsortiment","https:\/\/www.instagram.com\/libri.barsortiment","https:\/\/www.linkedin.com\/company\/libri-gmbh"]}]}},"_links":{"self":[{"href":"https:\/\/www.libri.de\/fr\/wp-json\/wp\/v2\/pages\/73160","targetHints":{"allow":["GET"]}}],"collection":[{"href":"https:\/\/www.libri.de\/fr\/wp-json\/wp\/v2\/pages"}],"about":[{"href":"https:\/\/www.libri.de\/fr\/wp-json\/wp\/v2\/types\/page"}],"author":[{"embeddable":true,"href":"https:\/\/www.libri.de\/fr\/wp-json\/wp\/v2\/users\/24"}],"replies":[{"embeddable":true,"href":"https:\/\/www.libri.de\/fr\/wp-json\/wp\/v2\/comments?post=73160"}],"version-history":[{"count":3,"href":"https:\/\/www.libri.de\/fr\/wp-json\/wp\/v2\/pages\/73160\/revisions"}],"predecessor-version":[{"id":82753,"href":"https:\/\/www.libri.de\/fr\/wp-json\/wp\/v2\/pages\/73160\/revisions\/82753"}],"wp:featuredmedia":[{"embeddable":true,"href":"https:\/\/www.libri.de\/fr\/wp-json\/wp\/v2\/media\/61591"}],"wp:attachment":[{"href":"https:\/\/www.libri.de\/fr\/wp-json\/wp\/v2\/media?parent=73160"}],"curies":[{"name":"wp","href":"https:\/\/api.w.org\/{rel}","templated":true}]}}