{"id":73152,"date":"2024-10-14T12:02:34","date_gmt":"2024-10-14T10:02:34","guid":{"rendered":"https:\/\/www.libri.de\/?page_id=73152"},"modified":"2025-10-13T10:40:12","modified_gmt":"2025-10-13T08:40:12","slug":"entreprise","status":"publish","type":"page","link":"https:\/\/www.libri.de\/fr\/entreprise\/","title":{"rendered":"Entreprise"},"content":{"rendered":"\r\n<div id=\"header-block_d6891665ea2c1b14b09da4aa6552f449\" class=\"block-header module type-small bc-libri-blue c-white-imp\">\r\n  <div class=\"container\">\r\n\r\n    <p id=\"breadcrumbs\"><span><span><a href=\"https:\/\/www.libri.de\/fr\/\">Page d&rsquo;accueil<\/a><\/span><\/span><\/p>    \r\n    \r\n      \r\n      <div class=\"row\">\r\n        <div class=\"col-12 col-md-10 title\">\r\n          <h1 class=\"\">Des livres pour tous, partout, \u00e0 tout moment. <\/h1>\r\n        <\/div>\r\n\r\n        <div class=\"col-12 col-md-10 text\">\r\n          <p>Une aventure qui dure depuis plus de 90 ans<\/p>\r\n        <\/div>\r\n      <\/div>\r\n\r\n      \r\n  <\/div>\r\n<\/div>\r\n\r\n\n\n\r\n<div id=\"image-block_67a00edaf98dde15a943f7ca5fc3f1d4\" class=\"block-image module type-full bc-trans\">\r\n\r\n  \r\n    <img decoding=\"async\" width=\"1990\" height=\"1100\" src=\"https:\/\/www.libri.de\/wp-content\/uploads\/2021\/10\/Libri_Bad-Hersfel_Unternehmen.jpg\" class=\"attachment-2048x2048 size-2048x2048\" alt=\"Libri_Bad-Hersfel_Unternehmen\" srcset=\"https:\/\/www.libri.de\/wp-content\/uploads\/2021\/10\/Libri_Bad-Hersfel_Unternehmen.jpg 1990w, https:\/\/www.libri.de\/wp-content\/uploads\/2021\/10\/Libri_Bad-Hersfel_Unternehmen-300x166.jpg 300w, https:\/\/www.libri.de\/wp-content\/uploads\/2021\/10\/Libri_Bad-Hersfel_Unternehmen-1024x566.jpg 1024w, https:\/\/www.libri.de\/wp-content\/uploads\/2021\/10\/Libri_Bad-Hersfel_Unternehmen-768x425.jpg 768w, https:\/\/www.libri.de\/wp-content\/uploads\/2021\/10\/Libri_Bad-Hersfel_Unternehmen-1536x849.jpg 1536w\" sizes=\"(max-width: 1990px) 100vw, 1990px\" \/>\r\n   \r\n  \r\n<\/div>\r\n\r\n\n\n\r\n<div id=\"space-block_402f1cc23a82794ed658f6cedf1c9f56\" class=\"block-space module bc-libri-blue c-white-imp\" style=\"height: 48px;\"><\/div>\n\n\r\n<div id=\"text-block_ff905cc2cd181676d58f35aef0cd084c\" class=\"block-text module type-text bc-libri-blue c-white-imp\">\r\n  <div class=\"container\">\r\n\r\n    \r\n      <div class=\"row \">\r\n\r\n        \r\n        <div class=\"col-12 col-md-10\">\r\n\r\n          \r\n          <div class=\"text for-box-js\">\r\n                      <\/div>\r\n\r\n          \r\n          \r\n        <\/div>\r\n        \r\n      <\/div>\r\n\r\n    \r\n  <\/div>\r\n<\/div>\r\n\r\n\n\n\r\n<div id=\"space-block_402f1cc23a82794ed658f6cedf1c9f56\" class=\"block-space module bc-libri-blue c-white-imp\" style=\"height: 48px;\"><\/div>\n\n\r\n<div id=\"space-block_402f1cc23a82794ed658f6cedf1c9f56\" class=\"block-space module bc-libri-blue c-white-imp\" style=\"height: 48px;\"><\/div>\n\n\r\n<div id=\"space-block_1c5f4cefa991508891f9c7174e1a2a83\" class=\"block-space module bc-blue c-white-imp\" style=\"height: 48px;\"><\/div>\n\n\r\n<div id=\"text-block_40cfd116bd2ac2a58419234c25d80064\" class=\"block-text module type-img-text bc-blue c-white-imp\">\r\n  <div class=\"container\">\r\n\r\n    \r\n      <div class=\"row \">\r\n\r\n        \r\n          <div class=\"col-12 col-md-6 col-xl-5\">\r\n            <div class=\"image square\">\r\n              <img decoding=\"async\" width=\"768\" height=\"768\" src=\"https:\/\/www.libri.de\/wp-content\/uploads\/2024\/12\/Unternehmensseite-seit-90-Jahren-FR-800x800-1-768x768.png\" class=\"attachment-medium_large size-medium_large\" alt=\"\" srcset=\"https:\/\/www.libri.de\/wp-content\/uploads\/2024\/12\/Unternehmensseite-seit-90-Jahren-FR-800x800-1-768x768.png 768w, https:\/\/www.libri.de\/wp-content\/uploads\/2024\/12\/Unternehmensseite-seit-90-Jahren-FR-800x800-1-300x300.png 300w, https:\/\/www.libri.de\/wp-content\/uploads\/2024\/12\/Unternehmensseite-seit-90-Jahren-FR-800x800-1-150x150.png 150w, https:\/\/www.libri.de\/wp-content\/uploads\/2024\/12\/Unternehmensseite-seit-90-Jahren-FR-800x800-1.png 800w\" sizes=\"(max-width: 768px) 100vw, 768px\" \/>            <\/div>\r\n                      <\/div>\r\n\r\n          <div class=\"d-none d-xl-block col-1\"><\/div>\r\n\r\n        \r\n        <div class=\"col-12 col-md-6 col-xl-5\">\r\n\r\n                      <h2 class=\"title\">La rapidit\u00e9 est essentielle.<\/h2>\r\n          \r\n          <div class=\"text \">\r\n            <h3>L&rsquo;exp\u00e9rience aussi.<\/h3>\n<p>La ma\u00eetrise du temps est la cl\u00e9 du succ\u00e8s. Servir vos clients rapidement leur donne un avantage. C&rsquo;est ce que fait Libri depuis plus de 90 ans. Au cours de cette p\u00e9riode, nous avons accompagn\u00e9 le d\u00e9veloppement du march\u00e9 du livre \u2013 et nous continuons \u00e0 le faire.<\/p>\n          <\/div>\r\n\r\n          \r\n          \r\n        <\/div>\r\n        \r\n      <\/div>\r\n\r\n    \r\n  <\/div>\r\n<\/div>\r\n\r\n\n\n\r\n<div id=\"space-block_1c5f4cefa991508891f9c7174e1a2a83\" class=\"block-space module bc-blue c-white-imp\" style=\"height: 48px;\"><\/div>\n\n\r\n<div id=\"space-block_137e07cd5ffee7658b5d38d22f93079f\" class=\"block-space module bc-trans\" style=\"height: 48px;\"><\/div>\n\n\r\n<div id=\"text-block_affd5196b39142df9913354cafccba26\" class=\"block-text module type-text bc-trans\">\r\n  <div class=\"container\">\r\n\r\n    \r\n      <div class=\"row \">\r\n\r\n        \r\n        <div class=\"col-12 col-md-10\">\r\n\r\n                      <h2 class=\"title\">Des services logistiques de pointe pour l\u2019industrie du livre <\/h2>\r\n          \r\n          <div class=\"text for-box-js\">\r\n            <p>En tant que principal grossiste de livres en Allemagne, Libri joue un r\u00f4le central entre les \u00e9diteurs et les libraires et plateformes de vente. Depuis notre entrep\u00f4t de Bad Hersfeld, dans la Hesse, au c\u0153ur de l&rsquo;Allemagne, nous fournissons l&rsquo;un des services logistiques les plus modernes du secteur du livre. <\/p>\n          <\/div>\r\n\r\n          \r\n          \r\n        <\/div>\r\n        \r\n      <\/div>\r\n\r\n    \r\n  <\/div>\r\n<\/div>\r\n\r\n\n\n\r\n<div id=\"text-block_a659f4845c18ff94600de1568c6b5b71\" class=\"block-text module type-text-img bc-trans\">\r\n  <div class=\"container\">\r\n\r\n    \r\n      <div class=\"row flex-row-reverse\">\r\n\r\n        \r\n          <div class=\"col-12 col-md-6 col-xl-5\">\r\n            <div class=\"image square\">\r\n              <img decoding=\"async\" width=\"768\" height=\"424\" src=\"https:\/\/www.libri.de\/wp-content\/uploads\/2021\/11\/Libri_Booxpress_Bad_Hersfeld-768x424.png\" class=\"attachment-medium_large size-medium_large\" alt=\"\" srcset=\"https:\/\/www.libri.de\/wp-content\/uploads\/2021\/11\/Libri_Booxpress_Bad_Hersfeld-768x424.png 768w, https:\/\/www.libri.de\/wp-content\/uploads\/2021\/11\/Libri_Booxpress_Bad_Hersfeld-300x165.png 300w, https:\/\/www.libri.de\/wp-content\/uploads\/2021\/11\/Libri_Booxpress_Bad_Hersfeld-1024x565.png 1024w, https:\/\/www.libri.de\/wp-content\/uploads\/2021\/11\/Libri_Booxpress_Bad_Hersfeld-1536x847.png 1536w, https:\/\/www.libri.de\/wp-content\/uploads\/2021\/11\/Libri_Booxpress_Bad_Hersfeld.png 1650w\" sizes=\"(max-width: 768px) 100vw, 768px\" \/>            <\/div>\r\n                      <\/div>\r\n\r\n          <div class=\"d-none d-xl-block col-2\"><\/div>\r\n\r\n        \r\n        <div class=\"col-12 col-md-6 col-xl-5\">\r\n\r\n          \r\n          <div class=\"text \">\r\n            <p>Gr\u00e2ce \u00e0 notre service fiable de livraison express, nous fournissons \u00e0 nos clients \u2013 soit plus de 4 000 librairies de toutes tailles \u2013 les livres qu&rsquo;ils ont command\u00e9s ou nous les envoyons directement aux clients finaux en leur nom.<\/p>\n<p>Gr\u00e2ce \u00e0 notre catalogue, qui constitue la plus grande offre de titres sur le march\u00e9 du livre allemand, plus de 95 % des demandes de libraires, m\u00eame sp\u00e9cialis\u00e9s, peuvent \u00eatre satisfaites par Libri.<\/p>\n<p>Nous avons d\u00e9velopp\u00e9 l&rsquo;une des infrastructures logistiques et informatiques les plus efficaces pour la vente de livres. En tant que consultant et prestataire de services, nous mettons \u00e0 disposition des donn\u00e9es de catalogue, des interfaces EDI, des boutiques en marque blanche, des syst\u00e8mes de commande et de r\u00e9f\u00e9rencement des titres, ainsi qu&rsquo;un centre de traitement pour la transmission des commandes des \u00e9diteurs.<\/p>\n<p>Notre service de livraison BOOXpress assure des livraisons rapides en moins de 24 heures en Allemagne et contribue de mani\u00e8re significative \u00e0 garantir que les livres, symboles de notre diversit\u00e9 culturelle, soient pr\u00e9sents partout.<\/p>\n          <\/div>\r\n\r\n          \r\n          \r\n        <\/div>\r\n        \r\n      <\/div>\r\n\r\n    \r\n  <\/div>\r\n<\/div>\r\n\r\n\n\n\r\n<div id=\"space-block_db4d8be16de6a4c406e13980668f426c\" class=\"block-space module bc-trans\" style=\"height: 48px;\"><\/div>\n\n\r\n<div id=\"space-block_db4d8be16de6a4c406e13980668f426c\" class=\"block-space module bc-trans\" style=\"height: 48px;\"><\/div>\n\n\r\n<div id=\"space-block_73fe581d545fb0b26669ab2ce35e0750\" class=\"block-space module bc-blue c-white-imp\" style=\"height: 48px;\"><\/div>\n\n\r\n<div id=\"text-block_08db5368acf487c97ac349944c12dd08\" class=\"block-text module type-text bc-blue c-white-imp\">\r\n  <div class=\"container\">\r\n\r\n    \r\n      <div class=\"row \">\r\n\r\n        \r\n        <div class=\"col-12 col-md-10\">\r\n\r\n                      <h2 class=\"title\">\u0152uvrer ensemble pour la diversit\u00e9 sur le march\u00e9 du livre. <\/h2>\r\n          \r\n          <div class=\"text for-box-js\">\r\n            <p>Disponibilit\u00e9 permanente, large visibilit\u00e9 et livraison imm\u00e9diate de millions de titres sur l&rsquo;ensemble du march\u00e9 du livre \u2013 voil\u00e0 ce qu&rsquo;offre Libri Print-on-Demand, la plateforme des \u00e9diteurs de Libri et BoD. Le c\u0153ur de Libri Print-on-Demand est le centre d&rsquo;impression \u00e0 la demande et de logistique le plus avanc\u00e9 d&rsquo;Europe, situ\u00e9 \u00e0 Bad Hersfeld, en Allemagne. Il allie la derni\u00e8re technologie d&rsquo;impression num\u00e9rique de BoD et le centre de distribution ultramoderne de Libri. <\/p>\n<p>Libri Print-on-Demand repousse les limites du stockage physique des livres gr\u00e2ce aux possibilit\u00e9s infinies du stockage num\u00e9rique. Dans le processus d&rsquo;impression \u00e0 la demande, les livres sont imprim\u00e9s \u00e0 partir de leur fichier num\u00e9rique et livr\u00e9s aux libraires ou au client final lorsque celui-ci a pass\u00e9 commande par l&rsquo;interm\u00e9diaire d\u2019une boutique en ligne. Gr\u00e2ce \u00e0 Libri Print-on-Demand, les \u00e9diteurs peuvent rendre disponibles tous leurs titres, y compris leurs titres de fonds, et les faire livrer aux librairies en moins de 24 heures en Allemagne. Des millions de livres germanophones et internationaux sont ainsi \u00e0 la port\u00e9e des lecteurs. <\/p>\n<p>Libri Print-on-Demand permet \u00e9galement d&rsquo;\u00e9viter efficacement la surproduction et les retours d\u2019invendus, tout en offrant aux \u00e9diteurs une publication de livres flexible et sans risque financier \u2013 pour une plus grande diversit\u00e9 sur le march\u00e9 du livre ! <\/p>\n<p>\u0152uvrer ensemble pour la diversit\u00e9 sur le march\u00e9 du livre.<\/p>\n          <\/div>\r\n\r\n          \r\n          \r\n        <\/div>\r\n        \r\n      <\/div>\r\n\r\n    \r\n  <\/div>\r\n<\/div>\r\n\r\n\n\n\r\n<div id=\"image-block_1d1093070fbf168a703644da1f3042ae\" class=\"block-image module type-default bc-blue c-white-imp\">\r\n\r\n      <div class=\"container\">\r\n      <div class=\"row\">\r\n        <div class=\"col-12 col-md-10\">\r\n          \r\n          <div class=\"row\">\r\n\r\n                          <div class=\"col\">\r\n                <img decoding=\"async\" width=\"1024\" height=\"565\" src=\"https:\/\/www.libri.de\/wp-content\/uploads\/2024\/11\/Libri_Print-on-Demand-FR-partenariat-1024x565.png\" class=\"attachment-large size-large\" alt=\"Libri Print-on-Demand: partenariat de Libri un BoD\" srcset=\"https:\/\/www.libri.de\/wp-content\/uploads\/2024\/11\/Libri_Print-on-Demand-FR-partenariat-1024x565.png 1024w, https:\/\/www.libri.de\/wp-content\/uploads\/2024\/11\/Libri_Print-on-Demand-FR-partenariat-300x165.png 300w, https:\/\/www.libri.de\/wp-content\/uploads\/2024\/11\/Libri_Print-on-Demand-FR-partenariat-768x424.png 768w, https:\/\/www.libri.de\/wp-content\/uploads\/2024\/11\/Libri_Print-on-Demand-FR-partenariat-1536x847.png 1536w, https:\/\/www.libri.de\/wp-content\/uploads\/2024\/11\/Libri_Print-on-Demand-FR-partenariat.png 1650w\" sizes=\"(max-width: 1024px) 100vw, 1024px\" \/>              <\/div>\r\n                        \r\n            \r\n          <\/div>\r\n\r\n          <div class=\"row\">\r\n\r\n                        \r\n            \r\n          <\/div>\r\n\r\n        <\/div>\r\n      <\/div>\r\n    <\/div>\r\n\r\n   \r\n  \r\n<\/div>\r\n\r\n\n\n\r\n<div id=\"image-block_72a8fa35401f5aab3aea2bac9fb54786\" class=\"block-image module type-full bc-trans\">\r\n\r\n  \r\n    <img decoding=\"async\" width=\"2048\" height=\"850\" src=\"https:\/\/www.libri.de\/wp-content\/uploads\/2021\/11\/libri_unternehmen_standtorthamburg-zukunft-2048x850.jpg\" class=\"attachment-2048x2048 size-2048x2048\" alt=\"\" srcset=\"https:\/\/www.libri.de\/wp-content\/uploads\/2021\/11\/libri_unternehmen_standtorthamburg-zukunft-2048x850.jpg 2048w, https:\/\/www.libri.de\/wp-content\/uploads\/2021\/11\/libri_unternehmen_standtorthamburg-zukunft-300x125.jpg 300w, https:\/\/www.libri.de\/wp-content\/uploads\/2021\/11\/libri_unternehmen_standtorthamburg-zukunft-1024x425.jpg 1024w, https:\/\/www.libri.de\/wp-content\/uploads\/2021\/11\/libri_unternehmen_standtorthamburg-zukunft-768x319.jpg 768w, https:\/\/www.libri.de\/wp-content\/uploads\/2021\/11\/libri_unternehmen_standtorthamburg-zukunft-1536x638.jpg 1536w\" sizes=\"(max-width: 2048px) 100vw, 2048px\" \/>\r\n   \r\n  \r\n<\/div>\r\n\r\n\n\n\r\n<div id=\"space-block_db4d8be16de6a4c406e13980668f426c\" class=\"block-space module bc-trans\" style=\"height: 48px;\"><\/div>\n\n\r\n<div id=\"text-block_43c9d7f75d7811e9c858bb48e3512796\" class=\"block-text module type-text bc-trans\">\r\n  <div class=\"container\">\r\n\r\n    \r\n      <div class=\"row \">\r\n\r\n        \r\n        <div class=\"col-12 col-md-10\">\r\n\r\n                      <h2 class=\"title\">Penser l&rsquo;avenir de l\u2019industrie du livre en maintenant un dialogue permanent. <\/h2>\r\n          \r\n          <div class=\"text for-box-js\">\r\n            <p>Au si\u00e8ge social de Libri, \u00e0 Hambourg, les d\u00e9partements du service clients, des achats, de la vente, du marketing et du d\u00e9veloppement informatique travaillent en \u00e9troite collaboration avec les d\u00e9taillants et les \u00e9diteurs pour cr\u00e9er des services et des produits intelligents pour le secteur. <\/p>\n<p>C\u2019est \u00e9galement le lieu o\u00f9 sont organis\u00e9s des \u00e9v\u00e9nements appr\u00e9ci\u00e9s des acteurs du livre, tels que le Libri.Campus. <\/p>\n          <\/div>\r\n\r\n          \r\n          \r\n        <\/div>\r\n        \r\n      <\/div>\r\n\r\n    \r\n  <\/div>\r\n<\/div>\r\n\r\n\n\n\r\n<div id=\"teaser-small-block_a9d196c7831070bcefa9f5d4fe8091af\" class=\"block-teaser-small bc-green-2\">\r\n\r\n  <div class=\"container\">\r\n\r\n    <a href=\"https:\/\/www.libri.de\/fr\/contact\/\" target=\"_blank\" class=\"d-flex align-items-center justify-content-center flex-column flex-md-row\">\r\n\r\n              <div class=\"icon\">\r\n          <img decoding=\"async\" width=\"24\" height=\"24\" src=\"https:\/\/www.libri.de\/wp-content\/uploads\/2021\/11\/info_white_24dp-1.svg\" class=\"attachment-thumbnail size-thumbnail\" alt=\"\" \/>        <\/div>\r\n      \r\n      <div class=\"text\">\r\n        <h3 class=\"title\">Nous serons heureux de r\u00e9pondre \u00e0 toutes vos questions <\/h3>\r\n        <p>Trouvez l\u2019interlocuteur concern\u00e9 dans notre section contact. <\/p>      <\/div>\r\n\r\n      <div class=\"teaser-arrow\"><\/div>\r\n\r\n    <\/a>\r\n\r\n  <\/div>\r\n<\/div>\r\n\r\n","protected":false},"excerpt":{"rendered":"","protected":false},"author":24,"featured_media":61136,"parent":0,"menu_order":0,"comment_status":"closed","ping_status":"closed","template":"","meta":{"_acf_changed":false,"footnotes":""},"class_list":["post-73152","page","type-page","status-publish","has-post-thumbnail","hentry"],"acf":[],"yoast_head":"<!-- This site is optimized with the Yoast SEO plugin v27.0 - https:\/\/yoast.com\/product\/yoast-seo-wordpress\/ -->\n<title>Entreprise | Libri GmbH<\/title>\n<meta name=\"robots\" content=\"index, follow, max-snippet:-1, max-image-preview:large, max-video-preview:-1\" \/>\n<link rel=\"canonical\" href=\"https:\/\/www.libri.de\/fr\/entreprise\/\" \/>\n<meta property=\"og:locale\" content=\"fr_FR\" \/>\n<meta property=\"og:type\" content=\"article\" \/>\n<meta property=\"og:title\" content=\"Entreprise | Libri GmbH\" \/>\n<meta property=\"og:url\" content=\"https:\/\/www.libri.de\/fr\/entreprise\/\" \/>\n<meta property=\"og:site_name\" content=\"Libri GmbH\" \/>\n<meta property=\"article:publisher\" content=\"https:\/\/www.facebook.com\/libribarsortiment\" \/>\n<meta property=\"article:modified_time\" content=\"2025-10-13T08:40:12+00:00\" \/>\n<meta property=\"og:image\" content=\"https:\/\/www.libri.de\/wp-content\/uploads\/2021\/10\/Libri_Photovoltaik-Bad-Hersfeld.jpg\" \/>\n\t<meta property=\"og:image:width\" content=\"1650\" \/>\n\t<meta property=\"og:image:height\" content=\"910\" \/>\n\t<meta property=\"og:image:type\" content=\"image\/jpeg\" \/>\n<meta name=\"twitter:card\" content=\"summary_large_image\" \/>\n<meta name=\"twitter:label1\" content=\"Dur\u00e9e de lecture estim\u00e9e\" \/>\n\t<meta name=\"twitter:data1\" content=\"1 minute\" \/>\n<script type=\"application\/ld+json\" class=\"yoast-schema-graph\">{\"@context\":\"https:\/\/schema.org\",\"@graph\":[{\"@type\":\"WebPage\",\"@id\":\"https:\/\/www.libri.de\/fr\/entreprise\/\",\"url\":\"https:\/\/www.libri.de\/fr\/entreprise\/\",\"name\":\"Entreprise | Libri GmbH\",\"isPartOf\":{\"@id\":\"https:\/\/www.libri.de\/fr\/#website\"},\"primaryImageOfPage\":{\"@id\":\"https:\/\/www.libri.de\/fr\/entreprise\/#primaryimage\"},\"image\":{\"@id\":\"https:\/\/www.libri.de\/fr\/entreprise\/#primaryimage\"},\"thumbnailUrl\":\"https:\/\/www.libri.de\/wp-content\/uploads\/2021\/10\/Libri_Photovoltaik-Bad-Hersfeld.jpg\",\"datePublished\":\"2024-10-14T10:02:34+00:00\",\"dateModified\":\"2025-10-13T08:40:12+00:00\",\"breadcrumb\":{\"@id\":\"https:\/\/www.libri.de\/fr\/entreprise\/#breadcrumb\"},\"inLanguage\":\"fr-FR\",\"potentialAction\":[{\"@type\":\"ReadAction\",\"target\":[\"https:\/\/www.libri.de\/fr\/entreprise\/\"]}]},{\"@type\":\"ImageObject\",\"inLanguage\":\"fr-FR\",\"@id\":\"https:\/\/www.libri.de\/fr\/entreprise\/#primaryimage\",\"url\":\"https:\/\/www.libri.de\/wp-content\/uploads\/2021\/10\/Libri_Photovoltaik-Bad-Hersfeld.jpg\",\"contentUrl\":\"https:\/\/www.libri.de\/wp-content\/uploads\/2021\/10\/Libri_Photovoltaik-Bad-Hersfeld.jpg\",\"width\":1650,\"height\":910},{\"@type\":\"BreadcrumbList\",\"@id\":\"https:\/\/www.libri.de\/fr\/entreprise\/#breadcrumb\",\"itemListElement\":[{\"@type\":\"ListItem\",\"position\":1,\"name\":\"Page d'accueil\",\"item\":\"https:\/\/www.libri.de\/fr\/\"},{\"@type\":\"ListItem\",\"position\":2,\"name\":\"Entreprise\"}]},{\"@type\":\"WebSite\",\"@id\":\"https:\/\/www.libri.de\/fr\/#website\",\"url\":\"https:\/\/www.libri.de\/fr\/\",\"name\":\"Libri GmbH\",\"description\":\"Barsortiment und Gro\u00dfhandel f\u00fcr B\u00fccher und andere Medien\",\"publisher\":{\"@id\":\"https:\/\/www.libri.de\/fr\/#organization\"},\"potentialAction\":[{\"@type\":\"SearchAction\",\"target\":{\"@type\":\"EntryPoint\",\"urlTemplate\":\"https:\/\/www.libri.de\/fr\/?s={search_term_string}\"},\"query-input\":{\"@type\":\"PropertyValueSpecification\",\"valueRequired\":true,\"valueName\":\"search_term_string\"}}],\"inLanguage\":\"fr-FR\"},{\"@type\":\"Organization\",\"@id\":\"https:\/\/www.libri.de\/fr\/#organization\",\"name\":\"Libri\",\"url\":\"https:\/\/www.libri.de\/fr\/\",\"logo\":{\"@type\":\"ImageObject\",\"inLanguage\":\"fr-FR\",\"@id\":\"https:\/\/www.libri.de\/fr\/#\/schema\/logo\/image\/\",\"url\":\"https:\/\/188.64.195.32\/wp-content\/uploads\/2022\/04\/libri_logo-1.jpg\",\"contentUrl\":\"https:\/\/188.64.195.32\/wp-content\/uploads\/2022\/04\/libri_logo-1.jpg\",\"width\":2000,\"height\":1000,\"caption\":\"Libri\"},\"image\":{\"@id\":\"https:\/\/www.libri.de\/fr\/#\/schema\/logo\/image\/\"},\"sameAs\":[\"https:\/\/www.facebook.com\/libribarsortiment\",\"https:\/\/www.instagram.com\/libri.barsortiment\",\"https:\/\/www.linkedin.com\/company\/libri-gmbh\"]}]}<\/script>\n<!-- \/ Yoast SEO plugin. -->","yoast_head_json":{"title":"Entreprise | Libri GmbH","robots":{"index":"index","follow":"follow","max-snippet":"max-snippet:-1","max-image-preview":"max-image-preview:large","max-video-preview":"max-video-preview:-1"},"canonical":"https:\/\/www.libri.de\/fr\/entreprise\/","og_locale":"fr_FR","og_type":"article","og_title":"Entreprise | Libri GmbH","og_url":"https:\/\/www.libri.de\/fr\/entreprise\/","og_site_name":"Libri GmbH","article_publisher":"https:\/\/www.facebook.com\/libribarsortiment","article_modified_time":"2025-10-13T08:40:12+00:00","og_image":[{"width":1650,"height":910,"url":"https:\/\/www.libri.de\/wp-content\/uploads\/2021\/10\/Libri_Photovoltaik-Bad-Hersfeld.jpg","type":"image\/jpeg"}],"twitter_card":"summary_large_image","twitter_misc":{"Dur\u00e9e de lecture estim\u00e9e":"1 minute"},"schema":{"@context":"https:\/\/schema.org","@graph":[{"@type":"WebPage","@id":"https:\/\/www.libri.de\/fr\/entreprise\/","url":"https:\/\/www.libri.de\/fr\/entreprise\/","name":"Entreprise | Libri GmbH","isPartOf":{"@id":"https:\/\/www.libri.de\/fr\/#website"},"primaryImageOfPage":{"@id":"https:\/\/www.libri.de\/fr\/entreprise\/#primaryimage"},"image":{"@id":"https:\/\/www.libri.de\/fr\/entreprise\/#primaryimage"},"thumbnailUrl":"https:\/\/www.libri.de\/wp-content\/uploads\/2021\/10\/Libri_Photovoltaik-Bad-Hersfeld.jpg","datePublished":"2024-10-14T10:02:34+00:00","dateModified":"2025-10-13T08:40:12+00:00","breadcrumb":{"@id":"https:\/\/www.libri.de\/fr\/entreprise\/#breadcrumb"},"inLanguage":"fr-FR","potentialAction":[{"@type":"ReadAction","target":["https:\/\/www.libri.de\/fr\/entreprise\/"]}]},{"@type":"ImageObject","inLanguage":"fr-FR","@id":"https:\/\/www.libri.de\/fr\/entreprise\/#primaryimage","url":"https:\/\/www.libri.de\/wp-content\/uploads\/2021\/10\/Libri_Photovoltaik-Bad-Hersfeld.jpg","contentUrl":"https:\/\/www.libri.de\/wp-content\/uploads\/2021\/10\/Libri_Photovoltaik-Bad-Hersfeld.jpg","width":1650,"height":910},{"@type":"BreadcrumbList","@id":"https:\/\/www.libri.de\/fr\/entreprise\/#breadcrumb","itemListElement":[{"@type":"ListItem","position":1,"name":"Page d'accueil","item":"https:\/\/www.libri.de\/fr\/"},{"@type":"ListItem","position":2,"name":"Entreprise"}]},{"@type":"WebSite","@id":"https:\/\/www.libri.de\/fr\/#website","url":"https:\/\/www.libri.de\/fr\/","name":"Libri GmbH","description":"Barsortiment und Gro\u00dfhandel f\u00fcr B\u00fccher und andere Medien","publisher":{"@id":"https:\/\/www.libri.de\/fr\/#organization"},"potentialAction":[{"@type":"SearchAction","target":{"@type":"EntryPoint","urlTemplate":"https:\/\/www.libri.de\/fr\/?s={search_term_string}"},"query-input":{"@type":"PropertyValueSpecification","valueRequired":true,"valueName":"search_term_string"}}],"inLanguage":"fr-FR"},{"@type":"Organization","@id":"https:\/\/www.libri.de\/fr\/#organization","name":"Libri","url":"https:\/\/www.libri.de\/fr\/","logo":{"@type":"ImageObject","inLanguage":"fr-FR","@id":"https:\/\/www.libri.de\/fr\/#\/schema\/logo\/image\/","url":"https:\/\/188.64.195.32\/wp-content\/uploads\/2022\/04\/libri_logo-1.jpg","contentUrl":"https:\/\/188.64.195.32\/wp-content\/uploads\/2022\/04\/libri_logo-1.jpg","width":2000,"height":1000,"caption":"Libri"},"image":{"@id":"https:\/\/www.libri.de\/fr\/#\/schema\/logo\/image\/"},"sameAs":["https:\/\/www.facebook.com\/libribarsortiment","https:\/\/www.instagram.com\/libri.barsortiment","https:\/\/www.linkedin.com\/company\/libri-gmbh"]}]}},"_links":{"self":[{"href":"https:\/\/www.libri.de\/fr\/wp-json\/wp\/v2\/pages\/73152","targetHints":{"allow":["GET"]}}],"collection":[{"href":"https:\/\/www.libri.de\/fr\/wp-json\/wp\/v2\/pages"}],"about":[{"href":"https:\/\/www.libri.de\/fr\/wp-json\/wp\/v2\/types\/page"}],"author":[{"embeddable":true,"href":"https:\/\/www.libri.de\/fr\/wp-json\/wp\/v2\/users\/24"}],"replies":[{"embeddable":true,"href":"https:\/\/www.libri.de\/fr\/wp-json\/wp\/v2\/comments?post=73152"}],"version-history":[{"count":2,"href":"https:\/\/www.libri.de\/fr\/wp-json\/wp\/v2\/pages\/73152\/revisions"}],"predecessor-version":[{"id":75555,"href":"https:\/\/www.libri.de\/fr\/wp-json\/wp\/v2\/pages\/73152\/revisions\/75555"}],"wp:featuredmedia":[{"embeddable":true,"href":"https:\/\/www.libri.de\/fr\/wp-json\/wp\/v2\/media\/61136"}],"wp:attachment":[{"href":"https:\/\/www.libri.de\/fr\/wp-json\/wp\/v2\/media?parent=73152"}],"curies":[{"name":"wp","href":"https:\/\/api.w.org\/{rel}","templated":true}]}}