{"id":73123,"date":"2024-10-14T12:02:54","date_gmt":"2024-10-14T10:02:54","guid":{"rendered":"https:\/\/www.libri.de\/?page_id=73123"},"modified":"2024-10-14T12:02:54","modified_gmt":"2024-10-14T10:02:54","slug":"pour-les-auteurs","status":"publish","type":"page","link":"https:\/\/www.libri.de\/fr\/pour-les-auteurs\/","title":{"rendered":"Pour les auteurs"},"content":{"rendered":"\r\n<div id=\"header-block_2afe7af288699e0d31d69c61b8ed39bb\" class=\"block-header module type-big bc-blue c-white-imp\">\r\n  <div class=\"container\">\r\n\r\n    <p id=\"breadcrumbs\"><span><span><a href=\"https:\/\/www.libri.de\/fr\/\">Page d&rsquo;accueil<\/a><\/span><\/span><\/p>    \r\n    \r\n              <div class=\"image\">\r\n          <img decoding=\"async\" width=\"1990\" height=\"1100\" src=\"https:\/\/www.libri.de\/wp-content\/uploads\/2021\/11\/Autoren_Infos_Libri.jpg\" class=\"attachment-2048x2048 size-2048x2048\" alt=\"Infos Autoren Libri BoD\" srcset=\"https:\/\/www.libri.de\/wp-content\/uploads\/2021\/11\/Autoren_Infos_Libri.jpg 1990w, https:\/\/www.libri.de\/wp-content\/uploads\/2021\/11\/Autoren_Infos_Libri-300x166.jpg 300w, https:\/\/www.libri.de\/wp-content\/uploads\/2021\/11\/Autoren_Infos_Libri-1024x566.jpg 1024w, https:\/\/www.libri.de\/wp-content\/uploads\/2021\/11\/Autoren_Infos_Libri-768x425.jpg 768w, https:\/\/www.libri.de\/wp-content\/uploads\/2021\/11\/Autoren_Infos_Libri-1536x849.jpg 1536w\" sizes=\"(max-width: 1990px) 100vw, 1990px\" \/>        <\/div>\r\n      \r\n      <div class=\"row\">\r\n        <div class=\"col-12 col-md-10 title\">\r\n          <h1 class=\"\">Pour les auteurs<\/h1>\r\n        <\/div>\r\n\r\n        <div class=\"col-12 col-md-10 text\">\r\n          <p>Vous trouverez ici des informations sur ce que Libri peut vous offrir si vous \u00eates auteur. <\/p>\r\n        <\/div>\r\n      <\/div>\r\n\r\n      \r\n  <\/div>\r\n<\/div>\r\n\r\n\n\n\r\n<div id=\"accordion-block_43361f88f4097433b59302c8baeae5e1\" class=\"block-accordion-entry type-default\">\r\n  <div class=\"container hr\"><\/div>\r\n  <div class=\"accordion-entry-content \">\r\n    \r\n    <div class=\"accordion-toggler container\">\r\n      <div class=\"row\">\r\n\r\n        <div class=\"col-11 col-md-10 acco-title\">\r\n          <h3 class=\"h4\">En tant qu\u2019auteur, comment puis-je inscrire mon livre chez Libri pour qu&rsquo;il soit command\u00e9 par les librairies ? <\/h3>\r\n        <\/div>\r\n\r\n        <div class=\"d-none d-md-block col-1\"><\/div>\r\n\r\n        <div class=\"col-12 col-md-10 acco-excerpt\">\r\n          <p class=\"m-0\">La mani\u00e8re la plus simple de commercialiser votre livre est de faire appel \u00e0 notre soci\u00e9t\u00e9 s\u0153ur BoD, sp\u00e9cialis\u00e9e dans les domaines de l&rsquo;auto-\u00e9dition et de la ebooks publication. <\/p>\r\n        <\/div>\r\n\r\n        <img decoding=\"async\" class=\"accordion-arrow\" src=\"https:\/\/www.libri.de\/wp-content\/themes\/libri\/img\/arrow.svg\">\r\n\r\n      <\/div>\r\n    <\/div>\r\n\r\n    <div class=\"accordion-menu \" >\r\n      <div class=\"accordion\">\r\n\r\n        \r\n          <div class=\"container\">\r\n            <div class=\"row\">\r\n              <div class=\"col-12 col-md-10\">\r\n                                  <p class=\"acco-text\">BoD permet aux auteurs, aux \u00e9diteurs et aux entreprises de publier et de vendre leurs livres imprim\u00e9s et ebooks dans les librairies. Ils sont r\u00e9f\u00e9renc\u00e9s sur les principales librairies en ligne (en France : Amazon, Fnac, Cultura\u2026) et catalogues des libraires (Dilicom et Electre). L\u2019impression \u00e0 la demande est de qualit\u00e9 et les d\u00e9lais de livraison sont rapides. Les titres BoD sont disponibles aussi bien en Allemagne qu\u2019en France et en Suisse. Le service d&rsquo;auto-\u00e9dition propos\u00e9 par BoD comprend l&rsquo;attribution d&rsquo;un num\u00e9ro ISBN et le d\u00e9p\u00f4t l\u00e9gal \u00e0 la BnF. <br \/>\r\n<br \/>\r\nLe large r\u00e9f\u00e9rencement des ouvrages et la possibilit\u00e9 de les imprimer \u00e0 la demande \u00e0 partir d\u2019un exemplaire permet aux auteurs non seulement d\u2019\u00e9conomiser les co\u00fbts de stockage et d\u2019exp\u00e9dition, mais les dispense \u00e9galement d\u2019investir d\u2019importantes sommes d\u2019argent dans l\u2019impression de gros tirages, r\u00e9duisant ainsi le risque financier que peut repr\u00e9senter d\u2019ordinaire la publication d\u2019un livre. Un grand nombre d&rsquo;\u00e9diteurs fran\u00e7ais (Eyrolles, Lexitis, Classiques Garnier, Ellipse&#8230;) profitent d\u00e9j\u00e0 des avantages offerts par BoD. <br \/>\r\n<br \/>\r\n\u00c0 propos de BoD <br \/>\r\n<br \/>\r\nPour plus d&rsquo;informations sur la ebooks publication et l&rsquo;auto-\u00e9dition, veuillez consulter le site Web de BoD. <br \/>\r\n<\/p>\r\n                              <\/div>\r\n            <\/div>\r\n          <\/div>\r\n\r\n          \n\r\n<div id=\"teaser-small-block_424db220b0d41d94abbed020ed0803c6\" class=\"block-teaser-small bc-green-2\">\r\n\r\n  <div class=\"container\">\r\n\r\n    <a href=\"https:\/\/www.bod.com\/\" target=\"_blank\" class=\"d-flex align-items-center justify-content-center flex-column flex-md-row\">\r\n\r\n              <div class=\"icon\">\r\n          <img decoding=\"async\" width=\"24\" height=\"24\" src=\"https:\/\/www.libri.de\/wp-content\/uploads\/2021\/11\/menu_book_white_24dp.svg\" class=\"attachment-thumbnail size-thumbnail\" alt=\"\" \/>        <\/div>\r\n      \r\n      <div class=\"text\">\r\n        <h3 class=\"title\">About BoD<\/h3>\r\n        <p>Please visit the BoD website for further information about e-book publication and self-publishing.<\/p>      <\/div>\r\n\r\n      <div class=\"teaser-arrow\"><\/div>\r\n\r\n    <\/a>\r\n\r\n  <\/div>\r\n<\/div>\r\n\r\n\n\r\n\r\n        \r\n      <\/div>\r\n    <\/div>\r\n\r\n  <\/div>\r\n  <div class=\"container hr\"><\/div>\r\n<\/div>\r\n\r\n\n\n\r\n<div id=\"accordion-block_ce71207bf5b4d5b138f81e5c1ee55d2e\" class=\"block-accordion-entry type-default\">\r\n  <div class=\"container hr\"><\/div>\r\n  <div class=\"accordion-entry-content \">\r\n    \r\n    <div class=\"accordion-toggler container\">\r\n      <div class=\"row\">\r\n\r\n        <div class=\"col-11 col-md-10 acco-title\">\r\n          <h3 class=\"h4\">Si BoD ne propose pas ce que je souhaite pour la conception de mon livre, puis-je n\u00e9gocier un contrat particulier ? <\/h3>\r\n        <\/div>\r\n\r\n        <div class=\"d-none d-md-block col-1\"><\/div>\r\n\r\n        <div class=\"col-12 col-md-10 acco-excerpt\">\r\n          <p class=\"m-0\">BoD peut \u00e9ventuellement s\u2019adapter \u00e0 des projets particuliers.<\/p>\r\n        <\/div>\r\n\r\n        <img decoding=\"async\" class=\"accordion-arrow\" src=\"https:\/\/www.libri.de\/wp-content\/themes\/libri\/img\/arrow.svg\">\r\n\r\n      <\/div>\r\n    <\/div>\r\n\r\n    <div class=\"accordion-menu \" >\r\n      <div class=\"accordion\">\r\n\r\n        \r\n          <div class=\"container\">\r\n            <div class=\"row\">\r\n              <div class=\"col-12 col-md-10\">\r\n                                  <p class=\"acco-text\">Les demandes sont examin\u00e9es au cas par cas. <\/p>\r\n                              <\/div>\r\n            <\/div>\r\n          <\/div>\r\n\r\n          \r\n\r\n        \r\n      <\/div>\r\n    <\/div>\r\n\r\n  <\/div>\r\n  <div class=\"container hr\"><\/div>\r\n<\/div>\r\n\r\n\n\n\r\n<div id=\"accordion-block_6bb85b02b02f31e9c99adf5fcd0ebe4f\" class=\"block-accordion-entry type-default\">\r\n  <div class=\"container hr\"><\/div>\r\n  <div class=\"accordion-entry-content \">\r\n    \r\n    <div class=\"accordion-toggler container\">\r\n      <div class=\"row\">\r\n\r\n        <div class=\"col-11 col-md-10 acco-title\">\r\n          <h3 class=\"h4\">Quels crit\u00e8res dois-je remplir pour obtenir un contrat de fournisseur pour mon livre chez Libri ? <\/h3>\r\n        <\/div>\r\n\r\n        <div class=\"d-none d-md-block col-1\"><\/div>\r\n\r\n        <div class=\"col-12 col-md-10 acco-excerpt\">\r\n          <p class=\"m-0\">Il faut r\u00e9pondre \u00e0 plusieurs crit\u00e8res. <\/p>\r\n        <\/div>\r\n\r\n        <img decoding=\"async\" class=\"accordion-arrow\" src=\"https:\/\/www.libri.de\/wp-content\/themes\/libri\/img\/arrow.svg\">\r\n\r\n      <\/div>\r\n    <\/div>\r\n\r\n    <div class=\"accordion-menu \" >\r\n      <div class=\"accordion\">\r\n\r\n        \r\n          <div class=\"container\">\r\n            <div class=\"row\">\r\n              <div class=\"col-12 col-md-10\">\r\n                                  <p class=\"acco-text\">Vous devez avoir d\u00e9j\u00e0 publi\u00e9 plusieurs livres. De plus, les titres doivent \u00eatre adapt\u00e9s \u00e0 notre catalogue et r\u00e9pondre \u00e0 d&rsquo;autres exigences (voir les informations destin\u00e9es aux \u00e9diteurs). <\/p>\r\n                              <\/div>\r\n            <\/div>\r\n          <\/div>\r\n\r\n          \n\r\n<div id=\"text-block_ad4896775359cafe92b54d87d8344a81\" class=\"block-text module type-text bc-trans\">\r\n  <div class=\"container\">\r\n\r\n    \r\n      <div class=\"row \">\r\n\r\n        \r\n        <div class=\"col-12 col-md-10\">\r\n\r\n          \r\n          <div class=\"text for-box-js\">\r\n            <p>You must have already published several books, the titles must be suitable for our portfolio and meet certain other requirements (see information for publishers)<\/p>\n          <\/div>\r\n\r\n          \r\n          \r\n        <\/div>\r\n        \r\n      <\/div>\r\n\r\n    \r\n  <\/div>\r\n<\/div>\r\n\r\n\n\r\n\r\n        \r\n      <\/div>\r\n    <\/div>\r\n\r\n  <\/div>\r\n  <div class=\"container hr\"><\/div>\r\n<\/div>\r\n\r\n\n\n\r\n<div id=\"accordion-block_702878e5990356171301a360d3deaccd\" class=\"block-accordion-entry type-default\">\r\n  <div class=\"container hr\"><\/div>\r\n  <div class=\"accordion-entry-content \">\r\n    \r\n    <div class=\"accordion-toggler container\">\r\n      <div class=\"row\">\r\n\r\n        <div class=\"col-11 col-md-10 acco-title\">\r\n          <h3 class=\"h4\">Si mon livre est r\u00e9f\u00e9renc\u00e9 par Libri, qu&rsquo;est-ce que cela implique pour moi ? <\/h3>\r\n        <\/div>\r\n\r\n        <div class=\"d-none d-md-block col-1\"><\/div>\r\n\r\n        <div class=\"col-12 col-md-10 acco-excerpt\">\r\n          <p class=\"m-0\">Veuillez noter les points suivants. <\/p>\r\n        <\/div>\r\n\r\n        <img decoding=\"async\" class=\"accordion-arrow\" src=\"https:\/\/www.libri.de\/wp-content\/themes\/libri\/img\/arrow.svg\">\r\n\r\n      <\/div>\r\n    <\/div>\r\n\r\n    <div class=\"accordion-menu \" >\r\n      <div class=\"accordion\">\r\n\r\n        \r\n          <div class=\"container\">\r\n            <div class=\"row\">\r\n              <div class=\"col-12 col-md-10\">\r\n                                  <p class=\"acco-text\">\u2022\tDes commandes automatis\u00e9es en fonction des besoins, souvent en petites quantit\u00e9s <br \/>\r\n\u2022\tUne exp\u00e9dition et facturation individuelle pour chaque commande<br \/>\r\n\u2022\tDes processus de retour d\u2019invendus<br \/>\r\n\u2022\tUn canal de vente parmi beaucoup d&rsquo;autres <br \/>\r\n\u2022\tDes processus automatis\u00e9s, pas d&rsquo;accords individuels. <\/p>\r\n                              <\/div>\r\n            <\/div>\r\n          <\/div>\r\n\r\n          \n\r\n<div id=\"text-block_7fee30dcd9e3e47e362b2148e0e5032e\" class=\"block-text module type-text bc-trans\">\r\n  <div class=\"container\">\r\n\r\n    \r\n      <div class=\"row \">\r\n\r\n        \r\n        <div class=\"col-12 col-md-10\">\r\n\r\n          \r\n          <div class=\"text for-box-js\">\r\n            <ul>\n<li>\u00a0Automated order cycles as required, often with small batches<\/li>\n<li>Regular individual shipping and billing<\/li>\n<li>Continuous remission processes<\/li>\n<li>One sales channel among many others<\/li>\n<li>Automated processes, no individual agreements<\/li>\n<\/ul>\n          <\/div>\r\n\r\n          \r\n          \r\n        <\/div>\r\n        \r\n      <\/div>\r\n\r\n    \r\n  <\/div>\r\n<\/div>\r\n\r\n\n\r\n\r\n        \r\n      <\/div>\r\n    <\/div>\r\n\r\n  <\/div>\r\n  <div class=\"container hr\"><\/div>\r\n<\/div>\r\n\r\n\n\n\r\n<div id=\"space-block_fdbdf6e308f3a8cfe3a6591cf4907e21\" class=\"block-space module bc-trans\" style=\"height: 48px;\"><\/div>\n\n\r\n<div id=\"text-block_87cd5a2e39e3fad35132a9a466043ef5\" class=\"block-text module type-text bc-green-2\">\r\n  <div class=\"container\">\r\n\r\n    \r\n      <div class=\"row \">\r\n\r\n        \r\n        <div class=\"col-12 col-md-10\">\r\n\r\n          \r\n          <div class=\"text for-box-js\">\r\n                      <\/div>\r\n\r\n          \r\n          \r\n        <\/div>\r\n        \r\n      <\/div>\r\n\r\n    \r\n  <\/div>\r\n<\/div>\r\n\r\n\n\n\r\n<div id=\"space-block_0bcfd6f57f92e54c126f5ab00a9f479b\" class=\"block-space module bc-green-2\" style=\"height: 48px;\"><\/div>","protected":false},"excerpt":{"rendered":"","protected":false},"author":24,"featured_media":0,"parent":0,"menu_order":0,"comment_status":"closed","ping_status":"closed","template":"","meta":{"_acf_changed":false,"footnotes":""},"class_list":["post-73123","page","type-page","status-publish","hentry"],"acf":[],"yoast_head":"<!-- This site is optimized with the Yoast SEO plugin v27.0 - https:\/\/yoast.com\/product\/yoast-seo-wordpress\/ -->\n<title>Pour les auteurs | Libri GmbH<\/title>\n<meta name=\"robots\" content=\"index, follow, max-snippet:-1, max-image-preview:large, max-video-preview:-1\" \/>\n<link rel=\"canonical\" href=\"https:\/\/www.libri.de\/fr\/pour-les-auteurs\/\" \/>\n<meta property=\"og:locale\" content=\"fr_FR\" \/>\n<meta property=\"og:type\" content=\"article\" \/>\n<meta property=\"og:title\" content=\"Pour les auteurs | Libri GmbH\" \/>\n<meta property=\"og:url\" content=\"https:\/\/www.libri.de\/fr\/pour-les-auteurs\/\" \/>\n<meta property=\"og:site_name\" content=\"Libri GmbH\" \/>\n<meta property=\"article:publisher\" content=\"https:\/\/www.facebook.com\/libribarsortiment\" \/>\n<meta name=\"twitter:card\" content=\"summary_large_image\" \/>\n<script type=\"application\/ld+json\" class=\"yoast-schema-graph\">{\"@context\":\"https:\/\/schema.org\",\"@graph\":[{\"@type\":\"WebPage\",\"@id\":\"https:\/\/www.libri.de\/fr\/pour-les-auteurs\/\",\"url\":\"https:\/\/www.libri.de\/fr\/pour-les-auteurs\/\",\"name\":\"Pour les auteurs | Libri GmbH\",\"isPartOf\":{\"@id\":\"https:\/\/www.libri.de\/fr\/#website\"},\"datePublished\":\"2024-10-14T10:02:54+00:00\",\"breadcrumb\":{\"@id\":\"https:\/\/www.libri.de\/fr\/pour-les-auteurs\/#breadcrumb\"},\"inLanguage\":\"fr-FR\",\"potentialAction\":[{\"@type\":\"ReadAction\",\"target\":[\"https:\/\/www.libri.de\/fr\/pour-les-auteurs\/\"]}]},{\"@type\":\"BreadcrumbList\",\"@id\":\"https:\/\/www.libri.de\/fr\/pour-les-auteurs\/#breadcrumb\",\"itemListElement\":[{\"@type\":\"ListItem\",\"position\":1,\"name\":\"Page d'accueil\",\"item\":\"https:\/\/www.libri.de\/fr\/\"},{\"@type\":\"ListItem\",\"position\":2,\"name\":\"Pour les auteurs\"}]},{\"@type\":\"WebSite\",\"@id\":\"https:\/\/www.libri.de\/fr\/#website\",\"url\":\"https:\/\/www.libri.de\/fr\/\",\"name\":\"Libri GmbH\",\"description\":\"Barsortiment und Gro\u00dfhandel f\u00fcr B\u00fccher und andere Medien\",\"publisher\":{\"@id\":\"https:\/\/www.libri.de\/fr\/#organization\"},\"potentialAction\":[{\"@type\":\"SearchAction\",\"target\":{\"@type\":\"EntryPoint\",\"urlTemplate\":\"https:\/\/www.libri.de\/fr\/?s={search_term_string}\"},\"query-input\":{\"@type\":\"PropertyValueSpecification\",\"valueRequired\":true,\"valueName\":\"search_term_string\"}}],\"inLanguage\":\"fr-FR\"},{\"@type\":\"Organization\",\"@id\":\"https:\/\/www.libri.de\/fr\/#organization\",\"name\":\"Libri\",\"url\":\"https:\/\/www.libri.de\/fr\/\",\"logo\":{\"@type\":\"ImageObject\",\"inLanguage\":\"fr-FR\",\"@id\":\"https:\/\/www.libri.de\/fr\/#\/schema\/logo\/image\/\",\"url\":\"https:\/\/188.64.195.32\/wp-content\/uploads\/2022\/04\/libri_logo-1.jpg\",\"contentUrl\":\"https:\/\/188.64.195.32\/wp-content\/uploads\/2022\/04\/libri_logo-1.jpg\",\"width\":2000,\"height\":1000,\"caption\":\"Libri\"},\"image\":{\"@id\":\"https:\/\/www.libri.de\/fr\/#\/schema\/logo\/image\/\"},\"sameAs\":[\"https:\/\/www.facebook.com\/libribarsortiment\",\"https:\/\/www.instagram.com\/libri.barsortiment\",\"https:\/\/www.linkedin.com\/company\/libri-gmbh\"]}]}<\/script>\n<!-- \/ Yoast SEO plugin. -->","yoast_head_json":{"title":"Pour les auteurs | Libri GmbH","robots":{"index":"index","follow":"follow","max-snippet":"max-snippet:-1","max-image-preview":"max-image-preview:large","max-video-preview":"max-video-preview:-1"},"canonical":"https:\/\/www.libri.de\/fr\/pour-les-auteurs\/","og_locale":"fr_FR","og_type":"article","og_title":"Pour les auteurs | Libri GmbH","og_url":"https:\/\/www.libri.de\/fr\/pour-les-auteurs\/","og_site_name":"Libri GmbH","article_publisher":"https:\/\/www.facebook.com\/libribarsortiment","twitter_card":"summary_large_image","schema":{"@context":"https:\/\/schema.org","@graph":[{"@type":"WebPage","@id":"https:\/\/www.libri.de\/fr\/pour-les-auteurs\/","url":"https:\/\/www.libri.de\/fr\/pour-les-auteurs\/","name":"Pour les auteurs | Libri GmbH","isPartOf":{"@id":"https:\/\/www.libri.de\/fr\/#website"},"datePublished":"2024-10-14T10:02:54+00:00","breadcrumb":{"@id":"https:\/\/www.libri.de\/fr\/pour-les-auteurs\/#breadcrumb"},"inLanguage":"fr-FR","potentialAction":[{"@type":"ReadAction","target":["https:\/\/www.libri.de\/fr\/pour-les-auteurs\/"]}]},{"@type":"BreadcrumbList","@id":"https:\/\/www.libri.de\/fr\/pour-les-auteurs\/#breadcrumb","itemListElement":[{"@type":"ListItem","position":1,"name":"Page d'accueil","item":"https:\/\/www.libri.de\/fr\/"},{"@type":"ListItem","position":2,"name":"Pour les auteurs"}]},{"@type":"WebSite","@id":"https:\/\/www.libri.de\/fr\/#website","url":"https:\/\/www.libri.de\/fr\/","name":"Libri GmbH","description":"Barsortiment und Gro\u00dfhandel f\u00fcr B\u00fccher und andere Medien","publisher":{"@id":"https:\/\/www.libri.de\/fr\/#organization"},"potentialAction":[{"@type":"SearchAction","target":{"@type":"EntryPoint","urlTemplate":"https:\/\/www.libri.de\/fr\/?s={search_term_string}"},"query-input":{"@type":"PropertyValueSpecification","valueRequired":true,"valueName":"search_term_string"}}],"inLanguage":"fr-FR"},{"@type":"Organization","@id":"https:\/\/www.libri.de\/fr\/#organization","name":"Libri","url":"https:\/\/www.libri.de\/fr\/","logo":{"@type":"ImageObject","inLanguage":"fr-FR","@id":"https:\/\/www.libri.de\/fr\/#\/schema\/logo\/image\/","url":"https:\/\/188.64.195.32\/wp-content\/uploads\/2022\/04\/libri_logo-1.jpg","contentUrl":"https:\/\/188.64.195.32\/wp-content\/uploads\/2022\/04\/libri_logo-1.jpg","width":2000,"height":1000,"caption":"Libri"},"image":{"@id":"https:\/\/www.libri.de\/fr\/#\/schema\/logo\/image\/"},"sameAs":["https:\/\/www.facebook.com\/libribarsortiment","https:\/\/www.instagram.com\/libri.barsortiment","https:\/\/www.linkedin.com\/company\/libri-gmbh"]}]}},"_links":{"self":[{"href":"https:\/\/www.libri.de\/fr\/wp-json\/wp\/v2\/pages\/73123","targetHints":{"allow":["GET"]}}],"collection":[{"href":"https:\/\/www.libri.de\/fr\/wp-json\/wp\/v2\/pages"}],"about":[{"href":"https:\/\/www.libri.de\/fr\/wp-json\/wp\/v2\/types\/page"}],"author":[{"embeddable":true,"href":"https:\/\/www.libri.de\/fr\/wp-json\/wp\/v2\/users\/24"}],"replies":[{"embeddable":true,"href":"https:\/\/www.libri.de\/fr\/wp-json\/wp\/v2\/comments?post=73123"}],"version-history":[{"count":2,"href":"https:\/\/www.libri.de\/fr\/wp-json\/wp\/v2\/pages\/73123\/revisions"}],"predecessor-version":[{"id":73151,"href":"https:\/\/www.libri.de\/fr\/wp-json\/wp\/v2\/pages\/73123\/revisions\/73151"}],"wp:attachment":[{"href":"https:\/\/www.libri.de\/fr\/wp-json\/wp\/v2\/media?parent=73123"}],"curies":[{"name":"wp","href":"https:\/\/api.w.org\/{rel}","templated":true}]}}