{"id":73120,"date":"2024-10-14T12:03:14","date_gmt":"2024-10-14T10:03:14","guid":{"rendered":"https:\/\/www.libri.de\/?page_id=73120"},"modified":"2025-12-29T16:26:53","modified_gmt":"2025-12-29T14:26:53","slug":"promotion-des-ventes","status":"publish","type":"page","link":"https:\/\/www.libri.de\/fr\/pour-les-editeurs\/promotion-des-ventes\/","title":{"rendered":"Promotion des ventes"},"content":{"rendered":"\r\n<div id=\"header-block_f034f5b427f77bb11b7819197befc609\" class=\"block-header module type-big bc-libri-blue c-white-imp\">\r\n  <div class=\"container\">\r\n\r\n    <p id=\"breadcrumbs\"><span><span><a href=\"https:\/\/www.libri.de\/fr\/\">Page d&rsquo;accueil<\/a><\/span><\/span><\/p>    \r\n    \r\n              <div class=\"image\">\r\n          <img decoding=\"async\" width=\"1990\" height=\"1100\" src=\"https:\/\/www.libri.de\/wp-content\/uploads\/2021\/10\/Verkaufsfoerderung_Libri_FuerVerlage.jpg\" class=\"attachment-2048x2048 size-2048x2048\" alt=\"\" srcset=\"https:\/\/www.libri.de\/wp-content\/uploads\/2021\/10\/Verkaufsfoerderung_Libri_FuerVerlage.jpg 1990w, https:\/\/www.libri.de\/wp-content\/uploads\/2021\/10\/Verkaufsfoerderung_Libri_FuerVerlage-300x166.jpg 300w, https:\/\/www.libri.de\/wp-content\/uploads\/2021\/10\/Verkaufsfoerderung_Libri_FuerVerlage-1024x566.jpg 1024w, https:\/\/www.libri.de\/wp-content\/uploads\/2021\/10\/Verkaufsfoerderung_Libri_FuerVerlage-768x425.jpg 768w, https:\/\/www.libri.de\/wp-content\/uploads\/2021\/10\/Verkaufsfoerderung_Libri_FuerVerlage-1536x849.jpg 1536w\" sizes=\"(max-width: 1990px) 100vw, 1990px\" \/>        <\/div>\r\n      \r\n      <div class=\"row\">\r\n        <div class=\"col-12 col-md-10 title\">\r\n          <h1 class=\"\">Promotion des ventes<\/h1>\r\n        <\/div>\r\n\r\n        <div class=\"col-12 col-md-10 text\">\r\n          <p>Nous proposons une gamme de services marketing \u00e0 la carte pour vous aider \u00e0 promouvoir vos titres.<\/p>\r\n        <\/div>\r\n      <\/div>\r\n\r\n      \r\n  <\/div>\r\n<\/div>\r\n\r\n\n\n\r\n<div id=\"anchor-nav-block_516afacec97aa8abddba322bca3dd5a6\" class=\"block-anchor-nav module bc-libri-blue c-white-imp\"  >\r\n\r\n      <div class=\"container\"><div class=\"line\"><\/div><\/div>\r\n    \r\n    <div class=\"container\">\r\n      <div class=\"p-relative\">\r\n        <div class=\"arrow left\"><\/div>\r\n        <div class=\"arrow right\"><\/div>\r\n      <\/div>\r\n      <div class=\"overflow-x-auto\">\r\n        <div class=\"d-flex anchor-nav\" data-class=\"anchor-nav-entry\"><\/div>\r\n      <\/div>\r\n    <\/div>\r\n\r\n  <\/div>\r\n\r\n\n\n\r\n<div id=\"space-block_499d7340366ab3d351c95a7854c82577\" class=\"block-space module bc-libri-blue c-white-imp\" style=\"height: 48px;\"><\/div>\n\n\r\n<div id=\"space-block_facb85b079352575020c8e6626171dab\" class=\"block-space module bc-trans\" style=\"height: 48px;\"><\/div>\n\n\r\n<div id=\"publicite-sur-libri-shopline\" class=\"block-anchor\" data-title=\"Publicit\u00e9 sur Libri.Shopline\" >\r\n\r\n  <\/div>\r\n\r\n\n\n\r\n<div id=\"text-block_ef2905948549a6cbb95bb1821d0d8fed\" class=\"block-text module type-img-text bc-trans\">\r\n  <div class=\"container\">\r\n\r\n    \r\n      <div class=\"row \">\r\n\r\n        \r\n          <div class=\"col-12 col-md-6 col-xl-5\">\r\n            <div class=\"image square\">\r\n              <img decoding=\"async\" width=\"768\" height=\"424\" src=\"https:\/\/www.libri.de\/wp-content\/uploads\/2021\/10\/Anzeigen_Libri-Shopline-768x424.jpg\" class=\"attachment-medium_large size-medium_large\" alt=\"\" srcset=\"https:\/\/www.libri.de\/wp-content\/uploads\/2021\/10\/Anzeigen_Libri-Shopline-768x424.jpg 768w, https:\/\/www.libri.de\/wp-content\/uploads\/2021\/10\/Anzeigen_Libri-Shopline-300x165.jpg 300w, https:\/\/www.libri.de\/wp-content\/uploads\/2021\/10\/Anzeigen_Libri-Shopline-1024x565.jpg 1024w, https:\/\/www.libri.de\/wp-content\/uploads\/2021\/10\/Anzeigen_Libri-Shopline-1536x847.jpg 1536w, https:\/\/www.libri.de\/wp-content\/uploads\/2021\/10\/Anzeigen_Libri-Shopline.jpg 1650w\" sizes=\"(max-width: 768px) 100vw, 768px\" \/>            <\/div>\r\n                      <\/div>\r\n\r\n          <div class=\"d-none d-xl-block col-1\"><\/div>\r\n\r\n        \r\n        <div class=\"col-12 col-md-6 col-xl-5\">\r\n\r\n                      <h2 class=\"title\">Publicit\u00e9 sur Libri.Shopline<\/h2>\r\n          \r\n          <div class=\"text \">\r\n            <p>Plus de 700 librairies utilisent actuellement l&rsquo;une des solutions de boutique en ligne en marque blanche de Libri. Libri propose \u00e9galement des services marketing adapt\u00e9s \u00e0 vos besoins afin de donner \u00e0 vos titres la plus grande visibilit\u00e9 possible. <\/p>\n          <\/div>\r\n\r\n          \r\n          \r\n        <\/div>\r\n        \r\n      <\/div>\r\n\r\n    \r\n  <\/div>\r\n<\/div>\r\n\r\n\n\n\r\n<div id=\"text-block_9cf870056ccead8f92a3a16045915a6d\" class=\"block-text module type-text-text bc-green-2\">\r\n  <div class=\"container\">\r\n\r\n    \r\n<div class=\"grid\">\r\n  <h3 class=\"left-top d-none d-md-block\">\r\n      <\/h3>\r\n\r\n  <div class=\"left-bottom text\">\r\n    <p>Si vous souhaitez obtenir plus d&rsquo;informations \u00e0 ce sujet, n&rsquo;h\u00e9sitez pas \u00e0 contacter Nicole Kobow de l&rsquo;\u00e9quipe Libri.Shopline !<\/p>\n          <div class=\"cta\">\r\n        <a \r\n          class=\"bttn-secondary icn-no\" \r\n          href=\"mailto:nkobow@libri.de\" \r\n          target=\"_self\"\r\n          >\r\n          Contactez notre \u00e9quipe Libri.Shopline        <\/a>\r\n      <\/div>\r\n      <\/div>\r\n\r\n  <h3 class=\"right-top d-none d-md-block\">\r\n      <\/h3>\r\n\r\n  <div class=\"right-bottom text\">\r\n          <\/div>\r\n\r\n<\/div>\r\n\r\n  <\/div>\r\n<\/div>\r\n\r\n\n\n\r\n<div id=\"space-block_b34a01ec1ec604fde9b20ba0e48230ea\" class=\"block-space module bc-green-2\" style=\"height: 48px;\"><\/div>\n\n\r\n<div id=\"space-block_9d7721097db9e8fe73813ef915288629\" class=\"block-space module bc-trans\" style=\"height: 48px;\"><\/div>\n\n\r\n<div id=\"placement-de-publicites-dans-le-catalogue-just-the-best\" class=\"block-anchor\" data-title=\"Placement de publicit\u00e9s dans le catalogue Just the Best\" >\r\n\r\n  <\/div>\r\n\r\n\n\n\r\n<div id=\"text-block_1fe61fae4b5cc5c46279a9c239036cab\" class=\"block-text module type-img-text bc-trans\">\r\n  <div class=\"container\">\r\n\r\n    \r\n      <div class=\"row \">\r\n\r\n        \r\n          <div class=\"col-12 col-md-6 col-xl-5\">\r\n            <div class=\"image square\">\r\n              <img decoding=\"async\" width=\"768\" height=\"768\" src=\"https:\/\/www.libri.de\/wp-content\/uploads\/2025\/12\/Just-the-Best-Katalog-Januar-Juni-2026-768x768.png\" class=\"attachment-medium_large size-medium_large\" alt=\"Cover des Katalogs Libri Just the Best Januar bis Juli 2026\" srcset=\"https:\/\/www.libri.de\/wp-content\/uploads\/2025\/12\/Just-the-Best-Katalog-Januar-Juni-2026-768x768.png 768w, https:\/\/www.libri.de\/wp-content\/uploads\/2025\/12\/Just-the-Best-Katalog-Januar-Juni-2026-300x300.png 300w, https:\/\/www.libri.de\/wp-content\/uploads\/2025\/12\/Just-the-Best-Katalog-Januar-Juni-2026-1024x1024.png 1024w, https:\/\/www.libri.de\/wp-content\/uploads\/2025\/12\/Just-the-Best-Katalog-Januar-Juni-2026-150x150.png 150w, https:\/\/www.libri.de\/wp-content\/uploads\/2025\/12\/Just-the-Best-Katalog-Januar-Juni-2026.png 1080w\" sizes=\"(max-width: 768px) 100vw, 768px\" \/>            <\/div>\r\n                      <\/div>\r\n\r\n          <div class=\"d-none d-xl-block col-1\"><\/div>\r\n\r\n        \r\n        <div class=\"col-12 col-md-6 col-xl-5\">\r\n\r\n                      <h2 class=\"title\">Placement de publicit\u00e9s dans le catalogue Just the Best<\/h2>\r\n          \r\n          <div class=\"text \">\r\n            <p>Le catalogue Just the Best de Libri, d\u00e9di\u00e9 \u00e0 la litt\u00e9rature en langue \u00e9trang\u00e8re, para\u00eet tous les six mois et est tir\u00e9 \u00e0 environ 3 500 exemplaires. Dans Just the Best, nous pr\u00e9sentons les nouveaut\u00e9s dans les domaines de la fiction, de la non-fiction, des livres pour enfants et pour ados, ainsi que d&rsquo;autres genres et cat\u00e9gories de livres qui se vendent bien. Y apparaissent notamment des best-sellers fran\u00e7ais, espagnols et turcs.<\/p>\n<p>Pourquoi ne pas placer votre publicit\u00e9 dans ce catalogue ? N&rsquo;h\u00e9sitez pas \u00e0 en discuter avec votre interlocuteur au sein du service des achats. <\/p>\n          <\/div>\r\n\r\n          \r\n          \r\n        <\/div>\r\n        \r\n      <\/div>\r\n\r\n    \r\n  <\/div>\r\n<\/div>\r\n\r\n\n\n\r\n<div id=\"space-block_9d7721097db9e8fe73813ef915288629\" class=\"block-space module bc-trans\" style=\"height: 48px;\"><\/div>\n\n\r\n<div id=\"teaser-contact-block_c772bac3cc16f8a5d1cfe0d0fff02043\" class=\"block-teaser-contact bc-third-blue c-white-imp\">\r\n  <div class=\"container\">\r\n    <div class=\"row flex-md-row-reverse justify-content-between\">\r\n\r\n      <div class=\"col-12 col-md-4\">\r\n        <div class=\"image\">\r\n                  <\/div>\r\n      <\/div>\r\n\r\n      <div class=\"col-12 col-md-6 d-flex flex-column\">\r\n\r\n        <div class=\"text\">\r\n                      <h2 class=\"title\">Nous serons heureux de vous aider ! <\/h2>\r\n          \r\n                      <p>Vous avez des questions ou une demande sp\u00e9cifique ? <br \/>\r\nContactez-nous d\u00e8s maintenant <\/p>\r\n                  <\/div>\r\n\r\n                  <div class=\"cta\">\r\n            <a \r\n              class=\"bttn-primary icn-no\"\r\n              href=\"https:\/\/www.libri.de\/fr\/contact\/editeurs-internationaux\/\"\r\n              target=\"_self\"\r\n              >\r\n              Contactez nous            <\/a>\r\n          <\/div>\r\n        \r\n        \r\n      <\/div>\r\n\r\n    <\/div>\r\n  <\/div>\r\n<\/div>\r\n\r\n\n\n\r\n<div id=\"text-block_e0db01fc9427169dfee3f2fb160769ef\" class=\"block-text module type-text bc-green-2\">\r\n  <div class=\"container\">\r\n\r\n    \r\n      <div class=\"row \">\r\n\r\n        \r\n        <div class=\"col-12 col-md-10\">\r\n\r\n          \r\n          <div class=\"text for-box-js\">\r\n                      <\/div>\r\n\r\n                      <div class=\"cta\">\r\n              <a \r\n                class=\"bttn-secondary icn-no\" \r\n                href=\"https:\/\/www.libri.de\/fr\/pour-les-editeurs\/\" \r\n                target=\"_self\"\r\n                >\r\n                \u2190 Pour les \u00e9diteurs              <\/a>\r\n            <\/div>\r\n          \r\n          \r\n        <\/div>\r\n        \r\n      <\/div>\r\n\r\n    \r\n  <\/div>\r\n<\/div>\r\n\r\n\n\n\r\n<div id=\"space-block_b34a01ec1ec604fde9b20ba0e48230ea\" class=\"block-space module bc-green-2\" style=\"height: 48px;\"><\/div>","protected":false},"excerpt":{"rendered":"","protected":false},"author":24,"featured_media":61203,"parent":73089,"menu_order":0,"comment_status":"closed","ping_status":"closed","template":"","meta":{"_acf_changed":false,"footnotes":""},"class_list":["post-73120","page","type-page","status-publish","has-post-thumbnail","hentry"],"acf":[],"yoast_head":"<!-- This site is optimized with the Yoast SEO plugin v27.0 - https:\/\/yoast.com\/product\/yoast-seo-wordpress\/ -->\n<title>Promotion des ventes | Libri GmbH<\/title>\n<meta name=\"robots\" content=\"index, follow, max-snippet:-1, max-image-preview:large, max-video-preview:-1\" \/>\n<link rel=\"canonical\" href=\"https:\/\/www.libri.de\/fr\/pour-les-editeurs\/promotion-des-ventes\/\" \/>\n<meta property=\"og:locale\" content=\"fr_FR\" \/>\n<meta property=\"og:type\" content=\"article\" \/>\n<meta property=\"og:title\" content=\"Promotion des ventes | Libri GmbH\" \/>\n<meta property=\"og:url\" content=\"https:\/\/www.libri.de\/fr\/pour-les-editeurs\/promotion-des-ventes\/\" \/>\n<meta property=\"og:site_name\" content=\"Libri GmbH\" \/>\n<meta property=\"article:publisher\" content=\"https:\/\/www.facebook.com\/libribarsortiment\" \/>\n<meta property=\"article:modified_time\" content=\"2025-12-29T14:26:53+00:00\" \/>\n<meta property=\"og:image\" content=\"https:\/\/www.libri.de\/wp-content\/uploads\/2021\/10\/Verkaufsfoerderung_Libri_FuerVerlage.jpg\" \/>\n\t<meta property=\"og:image:width\" content=\"1990\" \/>\n\t<meta property=\"og:image:height\" content=\"1100\" \/>\n\t<meta property=\"og:image:type\" content=\"image\/jpeg\" \/>\n<meta name=\"twitter:card\" content=\"summary_large_image\" \/>\n<meta name=\"twitter:label1\" content=\"Dur\u00e9e de lecture estim\u00e9e\" \/>\n\t<meta name=\"twitter:data1\" content=\"1 minute\" \/>\n<script type=\"application\/ld+json\" class=\"yoast-schema-graph\">{\"@context\":\"https:\/\/schema.org\",\"@graph\":[{\"@type\":\"WebPage\",\"@id\":\"https:\/\/www.libri.de\/fr\/pour-les-editeurs\/promotion-des-ventes\/\",\"url\":\"https:\/\/www.libri.de\/fr\/pour-les-editeurs\/promotion-des-ventes\/\",\"name\":\"Promotion des ventes | Libri GmbH\",\"isPartOf\":{\"@id\":\"https:\/\/www.libri.de\/fr\/#website\"},\"primaryImageOfPage\":{\"@id\":\"https:\/\/www.libri.de\/fr\/pour-les-editeurs\/promotion-des-ventes\/#primaryimage\"},\"image\":{\"@id\":\"https:\/\/www.libri.de\/fr\/pour-les-editeurs\/promotion-des-ventes\/#primaryimage\"},\"thumbnailUrl\":\"https:\/\/www.libri.de\/wp-content\/uploads\/2021\/10\/Verkaufsfoerderung_Libri_FuerVerlage.jpg\",\"datePublished\":\"2024-10-14T10:03:14+00:00\",\"dateModified\":\"2025-12-29T14:26:53+00:00\",\"breadcrumb\":{\"@id\":\"https:\/\/www.libri.de\/fr\/pour-les-editeurs\/promotion-des-ventes\/#breadcrumb\"},\"inLanguage\":\"fr-FR\",\"potentialAction\":[{\"@type\":\"ReadAction\",\"target\":[\"https:\/\/www.libri.de\/fr\/pour-les-editeurs\/promotion-des-ventes\/\"]}]},{\"@type\":\"ImageObject\",\"inLanguage\":\"fr-FR\",\"@id\":\"https:\/\/www.libri.de\/fr\/pour-les-editeurs\/promotion-des-ventes\/#primaryimage\",\"url\":\"https:\/\/www.libri.de\/wp-content\/uploads\/2021\/10\/Verkaufsfoerderung_Libri_FuerVerlage.jpg\",\"contentUrl\":\"https:\/\/www.libri.de\/wp-content\/uploads\/2021\/10\/Verkaufsfoerderung_Libri_FuerVerlage.jpg\",\"width\":1990,\"height\":1100},{\"@type\":\"BreadcrumbList\",\"@id\":\"https:\/\/www.libri.de\/fr\/pour-les-editeurs\/promotion-des-ventes\/#breadcrumb\",\"itemListElement\":[{\"@type\":\"ListItem\",\"position\":1,\"name\":\"Page d'accueil\",\"item\":\"https:\/\/www.libri.de\/fr\/\"},{\"@type\":\"ListItem\",\"position\":2,\"name\":\"Pour les \u00e9diteurs\",\"item\":\"https:\/\/www.libri.de\/fr\/pour-les-editeurs\/\"},{\"@type\":\"ListItem\",\"position\":3,\"name\":\"Promotion des ventes\"}]},{\"@type\":\"WebSite\",\"@id\":\"https:\/\/www.libri.de\/fr\/#website\",\"url\":\"https:\/\/www.libri.de\/fr\/\",\"name\":\"Libri GmbH\",\"description\":\"Barsortiment und Gro\u00dfhandel f\u00fcr B\u00fccher und andere Medien\",\"publisher\":{\"@id\":\"https:\/\/www.libri.de\/fr\/#organization\"},\"potentialAction\":[{\"@type\":\"SearchAction\",\"target\":{\"@type\":\"EntryPoint\",\"urlTemplate\":\"https:\/\/www.libri.de\/fr\/?s={search_term_string}\"},\"query-input\":{\"@type\":\"PropertyValueSpecification\",\"valueRequired\":true,\"valueName\":\"search_term_string\"}}],\"inLanguage\":\"fr-FR\"},{\"@type\":\"Organization\",\"@id\":\"https:\/\/www.libri.de\/fr\/#organization\",\"name\":\"Libri\",\"url\":\"https:\/\/www.libri.de\/fr\/\",\"logo\":{\"@type\":\"ImageObject\",\"inLanguage\":\"fr-FR\",\"@id\":\"https:\/\/www.libri.de\/fr\/#\/schema\/logo\/image\/\",\"url\":\"https:\/\/188.64.195.32\/wp-content\/uploads\/2022\/04\/libri_logo-1.jpg\",\"contentUrl\":\"https:\/\/188.64.195.32\/wp-content\/uploads\/2022\/04\/libri_logo-1.jpg\",\"width\":2000,\"height\":1000,\"caption\":\"Libri\"},\"image\":{\"@id\":\"https:\/\/www.libri.de\/fr\/#\/schema\/logo\/image\/\"},\"sameAs\":[\"https:\/\/www.facebook.com\/libribarsortiment\",\"https:\/\/www.instagram.com\/libri.barsortiment\",\"https:\/\/www.linkedin.com\/company\/libri-gmbh\"]}]}<\/script>\n<!-- \/ Yoast SEO plugin. -->","yoast_head_json":{"title":"Promotion des ventes | Libri GmbH","robots":{"index":"index","follow":"follow","max-snippet":"max-snippet:-1","max-image-preview":"max-image-preview:large","max-video-preview":"max-video-preview:-1"},"canonical":"https:\/\/www.libri.de\/fr\/pour-les-editeurs\/promotion-des-ventes\/","og_locale":"fr_FR","og_type":"article","og_title":"Promotion des ventes | Libri GmbH","og_url":"https:\/\/www.libri.de\/fr\/pour-les-editeurs\/promotion-des-ventes\/","og_site_name":"Libri GmbH","article_publisher":"https:\/\/www.facebook.com\/libribarsortiment","article_modified_time":"2025-12-29T14:26:53+00:00","og_image":[{"width":1990,"height":1100,"url":"https:\/\/www.libri.de\/wp-content\/uploads\/2021\/10\/Verkaufsfoerderung_Libri_FuerVerlage.jpg","type":"image\/jpeg"}],"twitter_card":"summary_large_image","twitter_misc":{"Dur\u00e9e de lecture estim\u00e9e":"1 minute"},"schema":{"@context":"https:\/\/schema.org","@graph":[{"@type":"WebPage","@id":"https:\/\/www.libri.de\/fr\/pour-les-editeurs\/promotion-des-ventes\/","url":"https:\/\/www.libri.de\/fr\/pour-les-editeurs\/promotion-des-ventes\/","name":"Promotion des ventes | Libri GmbH","isPartOf":{"@id":"https:\/\/www.libri.de\/fr\/#website"},"primaryImageOfPage":{"@id":"https:\/\/www.libri.de\/fr\/pour-les-editeurs\/promotion-des-ventes\/#primaryimage"},"image":{"@id":"https:\/\/www.libri.de\/fr\/pour-les-editeurs\/promotion-des-ventes\/#primaryimage"},"thumbnailUrl":"https:\/\/www.libri.de\/wp-content\/uploads\/2021\/10\/Verkaufsfoerderung_Libri_FuerVerlage.jpg","datePublished":"2024-10-14T10:03:14+00:00","dateModified":"2025-12-29T14:26:53+00:00","breadcrumb":{"@id":"https:\/\/www.libri.de\/fr\/pour-les-editeurs\/promotion-des-ventes\/#breadcrumb"},"inLanguage":"fr-FR","potentialAction":[{"@type":"ReadAction","target":["https:\/\/www.libri.de\/fr\/pour-les-editeurs\/promotion-des-ventes\/"]}]},{"@type":"ImageObject","inLanguage":"fr-FR","@id":"https:\/\/www.libri.de\/fr\/pour-les-editeurs\/promotion-des-ventes\/#primaryimage","url":"https:\/\/www.libri.de\/wp-content\/uploads\/2021\/10\/Verkaufsfoerderung_Libri_FuerVerlage.jpg","contentUrl":"https:\/\/www.libri.de\/wp-content\/uploads\/2021\/10\/Verkaufsfoerderung_Libri_FuerVerlage.jpg","width":1990,"height":1100},{"@type":"BreadcrumbList","@id":"https:\/\/www.libri.de\/fr\/pour-les-editeurs\/promotion-des-ventes\/#breadcrumb","itemListElement":[{"@type":"ListItem","position":1,"name":"Page d'accueil","item":"https:\/\/www.libri.de\/fr\/"},{"@type":"ListItem","position":2,"name":"Pour les \u00e9diteurs","item":"https:\/\/www.libri.de\/fr\/pour-les-editeurs\/"},{"@type":"ListItem","position":3,"name":"Promotion des ventes"}]},{"@type":"WebSite","@id":"https:\/\/www.libri.de\/fr\/#website","url":"https:\/\/www.libri.de\/fr\/","name":"Libri GmbH","description":"Barsortiment und Gro\u00dfhandel f\u00fcr B\u00fccher und andere Medien","publisher":{"@id":"https:\/\/www.libri.de\/fr\/#organization"},"potentialAction":[{"@type":"SearchAction","target":{"@type":"EntryPoint","urlTemplate":"https:\/\/www.libri.de\/fr\/?s={search_term_string}"},"query-input":{"@type":"PropertyValueSpecification","valueRequired":true,"valueName":"search_term_string"}}],"inLanguage":"fr-FR"},{"@type":"Organization","@id":"https:\/\/www.libri.de\/fr\/#organization","name":"Libri","url":"https:\/\/www.libri.de\/fr\/","logo":{"@type":"ImageObject","inLanguage":"fr-FR","@id":"https:\/\/www.libri.de\/fr\/#\/schema\/logo\/image\/","url":"https:\/\/188.64.195.32\/wp-content\/uploads\/2022\/04\/libri_logo-1.jpg","contentUrl":"https:\/\/188.64.195.32\/wp-content\/uploads\/2022\/04\/libri_logo-1.jpg","width":2000,"height":1000,"caption":"Libri"},"image":{"@id":"https:\/\/www.libri.de\/fr\/#\/schema\/logo\/image\/"},"sameAs":["https:\/\/www.facebook.com\/libribarsortiment","https:\/\/www.instagram.com\/libri.barsortiment","https:\/\/www.linkedin.com\/company\/libri-gmbh"]}]}},"_links":{"self":[{"href":"https:\/\/www.libri.de\/fr\/wp-json\/wp\/v2\/pages\/73120","targetHints":{"allow":["GET"]}}],"collection":[{"href":"https:\/\/www.libri.de\/fr\/wp-json\/wp\/v2\/pages"}],"about":[{"href":"https:\/\/www.libri.de\/fr\/wp-json\/wp\/v2\/types\/page"}],"author":[{"embeddable":true,"href":"https:\/\/www.libri.de\/fr\/wp-json\/wp\/v2\/users\/24"}],"replies":[{"embeddable":true,"href":"https:\/\/www.libri.de\/fr\/wp-json\/wp\/v2\/comments?post=73120"}],"version-history":[{"count":3,"href":"https:\/\/www.libri.de\/fr\/wp-json\/wp\/v2\/pages\/73120\/revisions"}],"predecessor-version":[{"id":85724,"href":"https:\/\/www.libri.de\/fr\/wp-json\/wp\/v2\/pages\/73120\/revisions\/85724"}],"up":[{"embeddable":true,"href":"https:\/\/www.libri.de\/fr\/wp-json\/wp\/v2\/pages\/73089"}],"wp:featuredmedia":[{"embeddable":true,"href":"https:\/\/www.libri.de\/fr\/wp-json\/wp\/v2\/media\/61203"}],"wp:attachment":[{"href":"https:\/\/www.libri.de\/fr\/wp-json\/wp\/v2\/media?parent=73120"}],"curies":[{"name":"wp","href":"https:\/\/api.w.org\/{rel}","templated":true}]}}