{"id":73089,"date":"2024-10-14T12:03:01","date_gmt":"2024-10-14T10:03:01","guid":{"rendered":"https:\/\/www.libri.de\/?page_id=73089"},"modified":"2025-10-13T10:59:03","modified_gmt":"2025-10-13T08:59:03","slug":"pour-les-editeurs","status":"publish","type":"page","link":"https:\/\/www.libri.de\/fr\/pour-les-editeurs\/","title":{"rendered":"Pour les \u00e9diteurs"},"content":{"rendered":"\r\n<div id=\"header-block_a18873c9991a4ccc2910f39e93e3038c\" class=\"block-header module type-small bc-libri-blue c-white-imp\">\r\n  <div class=\"container\">\r\n\r\n    <p id=\"breadcrumbs\"><span><span><a href=\"https:\/\/www.libri.de\/fr\/\">Page d&rsquo;accueil<\/a><\/span><\/span><\/p>    \r\n    \r\n      \r\n      <div class=\"row\">\r\n        <div class=\"col-12 col-md-10 title\">\r\n          <h1 class=\"\">Pour les \u00e9diteurs <\/h1>\r\n        <\/div>\r\n\r\n        <div class=\"col-12 col-md-10 text\">\r\n          <p>Libri permet la disponibilit\u00e9 imm\u00e9diate des livres gr\u00e2ce \u00e0 leur stockage dans ses entrep\u00f4ts, et des d\u00e9lais de livraison courts \u2014 ce qui en fait un partenaire de choix pour les \u00e9diteurs. Les services que nous proposons pour les ouvrages imprim\u00e9s et les ebooks sont d\u00e9taill\u00e9s sur cette page.<\/p>\r\n        <\/div>\r\n      <\/div>\r\n\r\n      \r\n  <\/div>\r\n<\/div>\r\n\r\n\n\n\r\n<div id=\"image-block_4edb8cdd84834d4f1062da7a6edcae10\" class=\"block-image module type-full bc-trans\">\r\n\r\n  \r\n    <img decoding=\"async\" width=\"1990\" height=\"1101\" src=\"https:\/\/www.libri.de\/wp-content\/uploads\/2021\/11\/fuerVerlage_Services_Libri.png\" class=\"attachment-2048x2048 size-2048x2048\" alt=\"Libri-Services f\u00fcr Verlage\" srcset=\"https:\/\/www.libri.de\/wp-content\/uploads\/2021\/11\/fuerVerlage_Services_Libri.png 1990w, https:\/\/www.libri.de\/wp-content\/uploads\/2021\/11\/fuerVerlage_Services_Libri-300x166.png 300w, https:\/\/www.libri.de\/wp-content\/uploads\/2021\/11\/fuerVerlage_Services_Libri-1024x567.png 1024w, https:\/\/www.libri.de\/wp-content\/uploads\/2021\/11\/fuerVerlage_Services_Libri-768x425.png 768w, https:\/\/www.libri.de\/wp-content\/uploads\/2021\/11\/fuerVerlage_Services_Libri-1536x850.png 1536w\" sizes=\"(max-width: 1990px) 100vw, 1990px\" \/>\r\n   \r\n  \r\n<\/div>\r\n\r\n\n\n\r\n<div id=\"space-block_dfbd3ef6a2dc3c75b47dee1efd4f1d96\" class=\"block-space module bc-trans\" style=\"height: 48px;\"><\/div>\n\n\r\n<div id=\"accordion-block_23ab0a898baad885236fff96aef87f00\" class=\"block-accordion-entry type-links\">\r\n  <div class=\"container hr\"><\/div>\r\n  <div class=\"accordion-entry-content \">\r\n    \r\n    <div class=\"accordion-toggler container\">\r\n      <div class=\"row\">\r\n\r\n        <div class=\"col-11 col-md-5 acco-title\">\r\n          <h3 class=\"h3\">Impression \u00e0 la demande<\/h3>\r\n        <\/div>\r\n\r\n        <div class=\"d-none d-md-block col-1\"><\/div>\r\n\r\n        <div class=\"col-12 col-md-5 acco-excerpt\">\r\n          <p class=\"m-0\">L&rsquo;int\u00e9gration de la production d&rsquo;ouvrages en impression \u00e0 la demande \u00e0 Bad Hersfeld dans les processus logistiques de Libri offre une disponibilit\u00e9 imm\u00e9diate et continue de millions de titres.<\/p>\r\n        <\/div>\r\n\r\n        <img decoding=\"async\" class=\"accordion-arrow\" src=\"https:\/\/www.libri.de\/wp-content\/themes\/libri\/img\/arrow.svg\">\r\n\r\n      <\/div>\r\n    <\/div>\r\n\r\n    <div class=\"accordion-menu \" >\r\n      <div class=\"accordion\">\r\n\r\n                  \r\n          <div class=\"container mt-4\">\r\n            <div class=\"row\">\r\n\r\n              <div class=\"col-12 col-md-5\">\r\n                                  <p class=\"acco-excerpt-inner d-none d-md-block\">L&rsquo;int\u00e9gration de la production d&rsquo;ouvrages en impression \u00e0 la demande \u00e0 Bad Hersfeld dans les processus logistiques de Libri offre une disponibilit\u00e9 imm\u00e9diate et continue de millions de titres.<\/p>\r\n                                              <\/div>\r\n\r\n              <div class=\"d-none d-md-block col-1\"><\/div>\r\n\r\n              <div class=\"col-12 col-md-6\">\r\n                <p class=\"acco-links\">\r\n                                      \r\n                      <a class=\"\" \r\n                        href=\"https:\/\/www.libri.de\/fr\/pour-les-editeurs\/libri-print-on-demand\/\"\r\n                        target=\"_self\">\r\n                        Libri-Print-on-Demand &gt;\r\n                      <\/a><br>\r\n\r\n                                                      <\/p>\r\n              <\/div>\r\n\r\n            <\/div>\r\n          <\/div>\r\n\r\n                      <div class=\"container acco-image-container\">\r\n              <div class=\"acco-image\">\r\n                <img decoding=\"async\" width=\"1024\" height=\"566\" src=\"https:\/\/www.libri.de\/wp-content\/uploads\/2024\/02\/LBM24-2000-x-1106-px-1024x566.jpg\" class=\"attachment-large size-large\" alt=\"Produktionshalle PoD\" srcset=\"https:\/\/www.libri.de\/wp-content\/uploads\/2024\/02\/LBM24-2000-x-1106-px-1024x566.jpg 1024w, https:\/\/www.libri.de\/wp-content\/uploads\/2024\/02\/LBM24-2000-x-1106-px-300x166.jpg 300w, https:\/\/www.libri.de\/wp-content\/uploads\/2024\/02\/LBM24-2000-x-1106-px-768x425.jpg 768w, https:\/\/www.libri.de\/wp-content\/uploads\/2024\/02\/LBM24-2000-x-1106-px-1536x849.jpg 1536w, https:\/\/www.libri.de\/wp-content\/uploads\/2024\/02\/LBM24-2000-x-1106-px.jpg 2000w\" sizes=\"(max-width: 1024px) 100vw, 1024px\" \/>              <\/div>\r\n            <\/div>\r\n          \r\n        \r\n      <\/div>\r\n    <\/div>\r\n\r\n  <\/div>\r\n  <div class=\"container hr\"><\/div>\r\n<\/div>\r\n\r\n\n\n\r\n<div id=\"accordion-block_b137f58ecdd532da581812e7a49f6889\" class=\"block-accordion-entry type-links\">\r\n  <div class=\"container hr\"><\/div>\r\n  <div class=\"accordion-entry-content \">\r\n    \r\n    <div class=\"accordion-toggler container\">\r\n      <div class=\"row\">\r\n\r\n        <div class=\"col-11 col-md-5 acco-title\">\r\n          <h3 class=\"h3\">Vente d\u2019ebooks<\/h3>\r\n        <\/div>\r\n\r\n        <div class=\"d-none d-md-block col-1\"><\/div>\r\n\r\n        <div class=\"col-12 col-md-5 acco-excerpt\">\r\n          <p class=\"m-0\">Vos ebooks disponibles en librairie avec Libri.Digital<\/p>\r\n        <\/div>\r\n\r\n        <img decoding=\"async\" class=\"accordion-arrow\" src=\"https:\/\/www.libri.de\/wp-content\/themes\/libri\/img\/arrow.svg\">\r\n\r\n      <\/div>\r\n    <\/div>\r\n\r\n    <div class=\"accordion-menu \" >\r\n      <div class=\"accordion\">\r\n\r\n                  \r\n          <div class=\"container mt-4\">\r\n            <div class=\"row\">\r\n\r\n              <div class=\"col-12 col-md-5\">\r\n                                  <p class=\"acco-excerpt-inner d-none d-md-block\">Vos ebooks disponibles en librairie avec Libri.Digital<\/p>\r\n                                                  <p class=\"acco-text\">Gr\u00e2ce \u00e0 son catalogue d\u2019ebooks, Libri veille \u00e0 ce que les nouveaut\u00e9s, les best-sellers et les titres de fonds des \u00e9diteurs puissent \u00eatre disponibles en t\u00e9l\u00e9chargement imm\u00e9diat en toute fiabilit\u00e9 sur les boutiques en ligne des libraires. <\/p>\r\n                              <\/div>\r\n\r\n              <div class=\"d-none d-md-block col-1\"><\/div>\r\n\r\n              <div class=\"col-12 col-md-6\">\r\n                <p class=\"acco-links\">\r\n                                      \r\n                      <a class=\"\" \r\n                        href=\"https:\/\/www.libri.de\/fr\/pour-les-editeurs\/vente-debooks\/\"\r\n                        target=\"_self\">\r\n                        Vente d\u2019ebook &gt;\r\n                      <\/a><br>\r\n\r\n                                                      <\/p>\r\n              <\/div>\r\n\r\n            <\/div>\r\n          <\/div>\r\n\r\n                      <div class=\"container acco-image-container\">\r\n              <div class=\"acco-image\">\r\n                <img decoding=\"async\" width=\"800\" height=\"800\" src=\"https:\/\/www.libri.de\/wp-content\/uploads\/2021\/11\/tolino-vision6-regal-FBM21.png\" class=\"attachment-large size-large\" alt=\"tolino vision 6 vor Buchregal\" srcset=\"https:\/\/www.libri.de\/wp-content\/uploads\/2021\/11\/tolino-vision6-regal-FBM21.png 800w, https:\/\/www.libri.de\/wp-content\/uploads\/2021\/11\/tolino-vision6-regal-FBM21-300x300.png 300w, https:\/\/www.libri.de\/wp-content\/uploads\/2021\/11\/tolino-vision6-regal-FBM21-150x150.png 150w, https:\/\/www.libri.de\/wp-content\/uploads\/2021\/11\/tolino-vision6-regal-FBM21-768x768.png 768w\" sizes=\"(max-width: 800px) 100vw, 800px\" \/>              <\/div>\r\n            <\/div>\r\n          \r\n        \r\n      <\/div>\r\n    <\/div>\r\n\r\n  <\/div>\r\n  <div class=\"container hr\"><\/div>\r\n<\/div>\r\n\r\n\n\n\r\n<div id=\"accordion-block_9eaa4204db5b17dc9559ac1a97e28d78\" class=\"block-accordion-entry type-links\">\r\n  <div class=\"container hr\"><\/div>\r\n  <div class=\"accordion-entry-content \">\r\n    \r\n    <div class=\"accordion-toggler container\">\r\n      <div class=\"row\">\r\n\r\n        <div class=\"col-11 col-md-5 acco-title\">\r\n          <h3 class=\"h3\">Promotion des ventes<\/h3>\r\n        <\/div>\r\n\r\n        <div class=\"d-none d-md-block col-1\"><\/div>\r\n\r\n        <div class=\"col-12 col-md-5 acco-excerpt\">\r\n          <p class=\"m-0\">Nous proposons une gamme de services marketing \u00e0 la carte pour vous aider \u00e0 promouvoir vos titres.<\/p>\r\n        <\/div>\r\n\r\n        <img decoding=\"async\" class=\"accordion-arrow\" src=\"https:\/\/www.libri.de\/wp-content\/themes\/libri\/img\/arrow.svg\">\r\n\r\n      <\/div>\r\n    <\/div>\r\n\r\n    <div class=\"accordion-menu \" >\r\n      <div class=\"accordion\">\r\n\r\n                  \r\n          <div class=\"container mt-4\">\r\n            <div class=\"row\">\r\n\r\n              <div class=\"col-12 col-md-5\">\r\n                                  <p class=\"acco-excerpt-inner d-none d-md-block\">Nous proposons une gamme de services marketing \u00e0 la carte pour vous aider \u00e0 promouvoir vos titres.<\/p>\r\n                                              <\/div>\r\n\r\n              <div class=\"d-none d-md-block col-1\"><\/div>\r\n\r\n              <div class=\"col-12 col-md-6\">\r\n                <p class=\"acco-links\">\r\n                                      \r\n                      <a class=\"bold\" \r\n                        href=\"https:\/\/www.libri.de\/fr\/pour-les-editeurs\/promotion-des-ventes\/\"\r\n                        target=\"_self\">\r\n                        Promotion des ventes &gt;\r\n                      <\/a><br>\r\n\r\n                                                          \r\n                      <a class=\"\" \r\n                        href=\"https:\/\/www.libri.de\/fr\/pour-les-editeurs\/promotion-des-ventes\/#publicite-sur-libri-shopline\"\r\n                        target=\"_self\">\r\n                        Publicit\u00e9 sur Libri.Shopline &gt;\r\n                      <\/a><br>\r\n\r\n                                                          \r\n                      <a class=\"\" \r\n                        href=\"https:\/\/www.libri.de\/fr\/pour-les-editeurs\/promotion-des-ventes\/#placement-dannonces-dans-le-catalogue-just-the-best\"\r\n                        target=\"_self\">\r\n                        Placement de publicit\u00e9s dans le catalogue Just the Best &gt;\r\n                      <\/a><br>\r\n\r\n                                                      <\/p>\r\n              <\/div>\r\n\r\n            <\/div>\r\n          <\/div>\r\n\r\n                      <div class=\"container acco-image-container\">\r\n              <div class=\"acco-image\">\r\n                <img decoding=\"async\" width=\"1024\" height=\"566\" src=\"https:\/\/www.libri.de\/wp-content\/uploads\/2021\/10\/Verkaufsfoerderung_Libri_FuerVerlage-1024x566.jpg\" class=\"attachment-large size-large\" alt=\"\" srcset=\"https:\/\/www.libri.de\/wp-content\/uploads\/2021\/10\/Verkaufsfoerderung_Libri_FuerVerlage-1024x566.jpg 1024w, https:\/\/www.libri.de\/wp-content\/uploads\/2021\/10\/Verkaufsfoerderung_Libri_FuerVerlage-300x166.jpg 300w, https:\/\/www.libri.de\/wp-content\/uploads\/2021\/10\/Verkaufsfoerderung_Libri_FuerVerlage-768x425.jpg 768w, https:\/\/www.libri.de\/wp-content\/uploads\/2021\/10\/Verkaufsfoerderung_Libri_FuerVerlage-1536x849.jpg 1536w, https:\/\/www.libri.de\/wp-content\/uploads\/2021\/10\/Verkaufsfoerderung_Libri_FuerVerlage.jpg 1990w\" sizes=\"(max-width: 1024px) 100vw, 1024px\" \/>              <\/div>\r\n            <\/div>\r\n          \r\n        \r\n      <\/div>\r\n    <\/div>\r\n\r\n  <\/div>\r\n  <div class=\"container hr\"><\/div>\r\n<\/div>\r\n\r\n\n\n\r\n<div id=\"accordion-block_d314251a91ad1e341919ad60c33c5d5b\" class=\"block-accordion-entry type-links\">\r\n  <div class=\"container hr\"><\/div>\r\n  <div class=\"accordion-entry-content \">\r\n    \r\n    <div class=\"accordion-toggler container\">\r\n      <div class=\"row\">\r\n\r\n        <div class=\"col-11 col-md-5 acco-title\">\r\n          <h3 class=\"h3\">Pour les auteurs<\/h3>\r\n        <\/div>\r\n\r\n        <div class=\"d-none d-md-block col-1\"><\/div>\r\n\r\n        <div class=\"col-12 col-md-5 acco-excerpt\">\r\n          <p class=\"m-0\">Veuillez consulter notre page d\u2019informations d\u00e9di\u00e9e, nous y d\u00e9taillons les diff\u00e9rentes options qui s&rsquo;offrent \u00e0 vous en tant qu&rsquo;auteur pour r\u00e9f\u00e9rencer votre livre. <\/p>\r\n        <\/div>\r\n\r\n        <img decoding=\"async\" class=\"accordion-arrow\" src=\"https:\/\/www.libri.de\/wp-content\/themes\/libri\/img\/arrow.svg\">\r\n\r\n      <\/div>\r\n    <\/div>\r\n\r\n    <div class=\"accordion-menu \" >\r\n      <div class=\"accordion\">\r\n\r\n                  \r\n          <div class=\"container mt-4\">\r\n            <div class=\"row\">\r\n\r\n              <div class=\"col-12 col-md-5\">\r\n                                  <p class=\"acco-excerpt-inner d-none d-md-block\">Veuillez consulter notre page d\u2019informations d\u00e9di\u00e9e, nous y d\u00e9taillons les diff\u00e9rentes options qui s&rsquo;offrent \u00e0 vous en tant qu&rsquo;auteur pour r\u00e9f\u00e9rencer votre livre. <\/p>\r\n                                              <\/div>\r\n\r\n              <div class=\"d-none d-md-block col-1\"><\/div>\r\n\r\n              <div class=\"col-12 col-md-6\">\r\n                <p class=\"acco-links\">\r\n                                  <\/p>\r\n              <\/div>\r\n\r\n            <\/div>\r\n          <\/div>\r\n\r\n                      <div class=\"container acco-image-container\">\r\n              <div class=\"acco-image\">\r\n                <img decoding=\"async\" width=\"1024\" height=\"566\" src=\"https:\/\/www.libri.de\/wp-content\/uploads\/2021\/11\/Autoren_Infos_Libri-1024x566.jpg\" class=\"attachment-large size-large\" alt=\"Infos Autoren Libri BoD\" srcset=\"https:\/\/www.libri.de\/wp-content\/uploads\/2021\/11\/Autoren_Infos_Libri-1024x566.jpg 1024w, https:\/\/www.libri.de\/wp-content\/uploads\/2021\/11\/Autoren_Infos_Libri-300x166.jpg 300w, https:\/\/www.libri.de\/wp-content\/uploads\/2021\/11\/Autoren_Infos_Libri-768x425.jpg 768w, https:\/\/www.libri.de\/wp-content\/uploads\/2021\/11\/Autoren_Infos_Libri-1536x849.jpg 1536w, https:\/\/www.libri.de\/wp-content\/uploads\/2021\/11\/Autoren_Infos_Libri.jpg 1990w\" sizes=\"(max-width: 1024px) 100vw, 1024px\" \/>              <\/div>\r\n            <\/div>\r\n          \r\n        \r\n      <\/div>\r\n    <\/div>\r\n\r\n  <\/div>\r\n  <div class=\"container hr\"><\/div>\r\n<\/div>\r\n\r\n\n\n\r\n<div id=\"space-block_dfbd3ef6a2dc3c75b47dee1efd4f1d96\" class=\"block-space module bc-trans\" style=\"height: 48px;\"><\/div>\n\n\r\n<div id=\"teaser-small-block_e1b91afc3b4381ee258854912cb8d424\" class=\"block-teaser-small bc-green-2\">\r\n\r\n  <div class=\"container\">\r\n\r\n    <a href=\"https:\/\/www.libri.de\/en\/downloads\/\" target=\"_blank\" class=\"d-flex align-items-center justify-content-center flex-column flex-md-row\">\r\n\r\n              <div class=\"icon\">\r\n          <img decoding=\"async\" width=\"24\" height=\"24\" src=\"https:\/\/www.libri.de\/wp-content\/uploads\/2021\/11\/file_download_white_24dp.svg\" class=\"attachment-thumbnail size-thumbnail\" alt=\"\" \/>        <\/div>\r\n      \r\n      <div class=\"text\">\r\n        <h3 class=\"title\">T\u00e9l\u00e9chargements (en)<\/h3>\r\n        <p>Vous trouverez ici les documents sur le r\u00e9f\u00e9rencement des titres, nos conditions d&rsquo;achat pour les titres imprim\u00e9s et les ebooks.<\/p>      <\/div>\r\n\r\n      <div class=\"teaser-arrow\"><\/div>\r\n\r\n    <\/a>\r\n\r\n  <\/div>\r\n<\/div>\r\n\r\n","protected":false},"excerpt":{"rendered":"","protected":false},"author":24,"featured_media":61209,"parent":0,"menu_order":0,"comment_status":"closed","ping_status":"closed","template":"","meta":{"_acf_changed":false,"footnotes":""},"class_list":["post-73089","page","type-page","status-publish","has-post-thumbnail","hentry"],"acf":[],"yoast_head":"<!-- This site is optimized with the Yoast SEO plugin v27.0 - https:\/\/yoast.com\/product\/yoast-seo-wordpress\/ -->\n<title>Pour les \u00e9diteurs | Libri GmbH<\/title>\n<meta name=\"robots\" content=\"index, follow, max-snippet:-1, max-image-preview:large, max-video-preview:-1\" \/>\n<link rel=\"canonical\" href=\"https:\/\/www.libri.de\/fr\/pour-les-editeurs\/\" \/>\n<meta property=\"og:locale\" content=\"fr_FR\" \/>\n<meta property=\"og:type\" content=\"article\" \/>\n<meta property=\"og:title\" content=\"Pour les \u00e9diteurs | Libri GmbH\" \/>\n<meta property=\"og:url\" content=\"https:\/\/www.libri.de\/fr\/pour-les-editeurs\/\" \/>\n<meta property=\"og:site_name\" content=\"Libri GmbH\" \/>\n<meta property=\"article:publisher\" content=\"https:\/\/www.facebook.com\/libribarsortiment\" \/>\n<meta property=\"article:modified_time\" content=\"2025-10-13T08:59:03+00:00\" \/>\n<meta property=\"og:image\" content=\"https:\/\/www.libri.de\/wp-content\/uploads\/2021\/10\/Libri_Fuer_Verlage_Lieferanten.png\" \/>\n\t<meta property=\"og:image:width\" content=\"1990\" \/>\n\t<meta property=\"og:image:height\" content=\"1101\" \/>\n\t<meta property=\"og:image:type\" content=\"image\/png\" \/>\n<meta name=\"twitter:card\" content=\"summary_large_image\" \/>\n<meta name=\"twitter:label1\" content=\"Dur\u00e9e de lecture estim\u00e9e\" \/>\n\t<meta name=\"twitter:data1\" content=\"1 minute\" \/>\n<script type=\"application\/ld+json\" class=\"yoast-schema-graph\">{\"@context\":\"https:\/\/schema.org\",\"@graph\":[{\"@type\":\"WebPage\",\"@id\":\"https:\/\/www.libri.de\/fr\/pour-les-editeurs\/\",\"url\":\"https:\/\/www.libri.de\/fr\/pour-les-editeurs\/\",\"name\":\"Pour les \u00e9diteurs | Libri GmbH\",\"isPartOf\":{\"@id\":\"https:\/\/www.libri.de\/fr\/#website\"},\"primaryImageOfPage\":{\"@id\":\"https:\/\/www.libri.de\/fr\/pour-les-editeurs\/#primaryimage\"},\"image\":{\"@id\":\"https:\/\/www.libri.de\/fr\/pour-les-editeurs\/#primaryimage\"},\"thumbnailUrl\":\"https:\/\/www.libri.de\/wp-content\/uploads\/2021\/10\/Libri_Fuer_Verlage_Lieferanten.png\",\"datePublished\":\"2024-10-14T10:03:01+00:00\",\"dateModified\":\"2025-10-13T08:59:03+00:00\",\"breadcrumb\":{\"@id\":\"https:\/\/www.libri.de\/fr\/pour-les-editeurs\/#breadcrumb\"},\"inLanguage\":\"fr-FR\",\"potentialAction\":[{\"@type\":\"ReadAction\",\"target\":[\"https:\/\/www.libri.de\/fr\/pour-les-editeurs\/\"]}]},{\"@type\":\"ImageObject\",\"inLanguage\":\"fr-FR\",\"@id\":\"https:\/\/www.libri.de\/fr\/pour-les-editeurs\/#primaryimage\",\"url\":\"https:\/\/www.libri.de\/wp-content\/uploads\/2021\/10\/Libri_Fuer_Verlage_Lieferanten.png\",\"contentUrl\":\"https:\/\/www.libri.de\/wp-content\/uploads\/2021\/10\/Libri_Fuer_Verlage_Lieferanten.png\",\"width\":1990,\"height\":1101},{\"@type\":\"BreadcrumbList\",\"@id\":\"https:\/\/www.libri.de\/fr\/pour-les-editeurs\/#breadcrumb\",\"itemListElement\":[{\"@type\":\"ListItem\",\"position\":1,\"name\":\"Page d'accueil\",\"item\":\"https:\/\/www.libri.de\/fr\/\"},{\"@type\":\"ListItem\",\"position\":2,\"name\":\"Pour les \u00e9diteurs\"}]},{\"@type\":\"WebSite\",\"@id\":\"https:\/\/www.libri.de\/fr\/#website\",\"url\":\"https:\/\/www.libri.de\/fr\/\",\"name\":\"Libri GmbH\",\"description\":\"Barsortiment und Gro\u00dfhandel f\u00fcr B\u00fccher und andere Medien\",\"publisher\":{\"@id\":\"https:\/\/www.libri.de\/fr\/#organization\"},\"potentialAction\":[{\"@type\":\"SearchAction\",\"target\":{\"@type\":\"EntryPoint\",\"urlTemplate\":\"https:\/\/www.libri.de\/fr\/?s={search_term_string}\"},\"query-input\":{\"@type\":\"PropertyValueSpecification\",\"valueRequired\":true,\"valueName\":\"search_term_string\"}}],\"inLanguage\":\"fr-FR\"},{\"@type\":\"Organization\",\"@id\":\"https:\/\/www.libri.de\/fr\/#organization\",\"name\":\"Libri\",\"url\":\"https:\/\/www.libri.de\/fr\/\",\"logo\":{\"@type\":\"ImageObject\",\"inLanguage\":\"fr-FR\",\"@id\":\"https:\/\/www.libri.de\/fr\/#\/schema\/logo\/image\/\",\"url\":\"https:\/\/188.64.195.32\/wp-content\/uploads\/2022\/04\/libri_logo-1.jpg\",\"contentUrl\":\"https:\/\/188.64.195.32\/wp-content\/uploads\/2022\/04\/libri_logo-1.jpg\",\"width\":2000,\"height\":1000,\"caption\":\"Libri\"},\"image\":{\"@id\":\"https:\/\/www.libri.de\/fr\/#\/schema\/logo\/image\/\"},\"sameAs\":[\"https:\/\/www.facebook.com\/libribarsortiment\",\"https:\/\/www.instagram.com\/libri.barsortiment\",\"https:\/\/www.linkedin.com\/company\/libri-gmbh\"]}]}<\/script>\n<!-- \/ Yoast SEO plugin. -->","yoast_head_json":{"title":"Pour les \u00e9diteurs | Libri GmbH","robots":{"index":"index","follow":"follow","max-snippet":"max-snippet:-1","max-image-preview":"max-image-preview:large","max-video-preview":"max-video-preview:-1"},"canonical":"https:\/\/www.libri.de\/fr\/pour-les-editeurs\/","og_locale":"fr_FR","og_type":"article","og_title":"Pour les \u00e9diteurs | Libri GmbH","og_url":"https:\/\/www.libri.de\/fr\/pour-les-editeurs\/","og_site_name":"Libri GmbH","article_publisher":"https:\/\/www.facebook.com\/libribarsortiment","article_modified_time":"2025-10-13T08:59:03+00:00","og_image":[{"width":1990,"height":1101,"url":"https:\/\/www.libri.de\/wp-content\/uploads\/2021\/10\/Libri_Fuer_Verlage_Lieferanten.png","type":"image\/png"}],"twitter_card":"summary_large_image","twitter_misc":{"Dur\u00e9e de lecture estim\u00e9e":"1 minute"},"schema":{"@context":"https:\/\/schema.org","@graph":[{"@type":"WebPage","@id":"https:\/\/www.libri.de\/fr\/pour-les-editeurs\/","url":"https:\/\/www.libri.de\/fr\/pour-les-editeurs\/","name":"Pour les \u00e9diteurs | Libri GmbH","isPartOf":{"@id":"https:\/\/www.libri.de\/fr\/#website"},"primaryImageOfPage":{"@id":"https:\/\/www.libri.de\/fr\/pour-les-editeurs\/#primaryimage"},"image":{"@id":"https:\/\/www.libri.de\/fr\/pour-les-editeurs\/#primaryimage"},"thumbnailUrl":"https:\/\/www.libri.de\/wp-content\/uploads\/2021\/10\/Libri_Fuer_Verlage_Lieferanten.png","datePublished":"2024-10-14T10:03:01+00:00","dateModified":"2025-10-13T08:59:03+00:00","breadcrumb":{"@id":"https:\/\/www.libri.de\/fr\/pour-les-editeurs\/#breadcrumb"},"inLanguage":"fr-FR","potentialAction":[{"@type":"ReadAction","target":["https:\/\/www.libri.de\/fr\/pour-les-editeurs\/"]}]},{"@type":"ImageObject","inLanguage":"fr-FR","@id":"https:\/\/www.libri.de\/fr\/pour-les-editeurs\/#primaryimage","url":"https:\/\/www.libri.de\/wp-content\/uploads\/2021\/10\/Libri_Fuer_Verlage_Lieferanten.png","contentUrl":"https:\/\/www.libri.de\/wp-content\/uploads\/2021\/10\/Libri_Fuer_Verlage_Lieferanten.png","width":1990,"height":1101},{"@type":"BreadcrumbList","@id":"https:\/\/www.libri.de\/fr\/pour-les-editeurs\/#breadcrumb","itemListElement":[{"@type":"ListItem","position":1,"name":"Page d'accueil","item":"https:\/\/www.libri.de\/fr\/"},{"@type":"ListItem","position":2,"name":"Pour les \u00e9diteurs"}]},{"@type":"WebSite","@id":"https:\/\/www.libri.de\/fr\/#website","url":"https:\/\/www.libri.de\/fr\/","name":"Libri GmbH","description":"Barsortiment und Gro\u00dfhandel f\u00fcr B\u00fccher und andere Medien","publisher":{"@id":"https:\/\/www.libri.de\/fr\/#organization"},"potentialAction":[{"@type":"SearchAction","target":{"@type":"EntryPoint","urlTemplate":"https:\/\/www.libri.de\/fr\/?s={search_term_string}"},"query-input":{"@type":"PropertyValueSpecification","valueRequired":true,"valueName":"search_term_string"}}],"inLanguage":"fr-FR"},{"@type":"Organization","@id":"https:\/\/www.libri.de\/fr\/#organization","name":"Libri","url":"https:\/\/www.libri.de\/fr\/","logo":{"@type":"ImageObject","inLanguage":"fr-FR","@id":"https:\/\/www.libri.de\/fr\/#\/schema\/logo\/image\/","url":"https:\/\/188.64.195.32\/wp-content\/uploads\/2022\/04\/libri_logo-1.jpg","contentUrl":"https:\/\/188.64.195.32\/wp-content\/uploads\/2022\/04\/libri_logo-1.jpg","width":2000,"height":1000,"caption":"Libri"},"image":{"@id":"https:\/\/www.libri.de\/fr\/#\/schema\/logo\/image\/"},"sameAs":["https:\/\/www.facebook.com\/libribarsortiment","https:\/\/www.instagram.com\/libri.barsortiment","https:\/\/www.linkedin.com\/company\/libri-gmbh"]}]}},"_links":{"self":[{"href":"https:\/\/www.libri.de\/fr\/wp-json\/wp\/v2\/pages\/73089","targetHints":{"allow":["GET"]}}],"collection":[{"href":"https:\/\/www.libri.de\/fr\/wp-json\/wp\/v2\/pages"}],"about":[{"href":"https:\/\/www.libri.de\/fr\/wp-json\/wp\/v2\/types\/page"}],"author":[{"embeddable":true,"href":"https:\/\/www.libri.de\/fr\/wp-json\/wp\/v2\/users\/24"}],"replies":[{"embeddable":true,"href":"https:\/\/www.libri.de\/fr\/wp-json\/wp\/v2\/comments?post=73089"}],"version-history":[{"count":2,"href":"https:\/\/www.libri.de\/fr\/wp-json\/wp\/v2\/pages\/73089\/revisions"}],"predecessor-version":[{"id":84013,"href":"https:\/\/www.libri.de\/fr\/wp-json\/wp\/v2\/pages\/73089\/revisions\/84013"}],"wp:featuredmedia":[{"embeddable":true,"href":"https:\/\/www.libri.de\/fr\/wp-json\/wp\/v2\/media\/61209"}],"wp:attachment":[{"href":"https:\/\/www.libri.de\/fr\/wp-json\/wp\/v2\/media?parent=73089"}],"curies":[{"name":"wp","href":"https:\/\/api.w.org\/{rel}","templated":true}]}}