{"id":73085,"date":"2024-10-14T12:03:34","date_gmt":"2024-10-14T10:03:34","guid":{"rendered":"https:\/\/www.libri.de\/?page_id=73085"},"modified":"2024-11-22T17:09:51","modified_gmt":"2024-11-22T15:09:51","slug":"e-commerce","status":"publish","type":"page","link":"https:\/\/www.libri.de\/fr\/pour-les-libraires\/e-commerce\/","title":{"rendered":"E-commerce"},"content":{"rendered":"\r\n<div id=\"header-block_24901a5cd0a5dc237cfb7dc4a213f179\" class=\"block-header module type-big bc-blue c-white-imp\">\r\n  <div class=\"container\">\r\n\r\n    <p id=\"breadcrumbs\"><span><span><a href=\"https:\/\/www.libri.de\/fr\/\">Page d&rsquo;accueil<\/a><\/span><\/span><\/p>    \r\n    \r\n              <div class=\"image\">\r\n          <img decoding=\"async\" width=\"1650\" height=\"910\" src=\"https:\/\/www.libri.de\/wp-content\/uploads\/2021\/12\/libri_service_ecommerce.jpg\" class=\"attachment-2048x2048 size-2048x2048\" alt=\"Kundin sucht im Internet \u00fcber eCommerce ihr gesuchtes Buch\" srcset=\"https:\/\/www.libri.de\/wp-content\/uploads\/2021\/12\/libri_service_ecommerce.jpg 1650w, https:\/\/www.libri.de\/wp-content\/uploads\/2021\/12\/libri_service_ecommerce-300x165.jpg 300w, https:\/\/www.libri.de\/wp-content\/uploads\/2021\/12\/libri_service_ecommerce-1024x565.jpg 1024w, https:\/\/www.libri.de\/wp-content\/uploads\/2021\/12\/libri_service_ecommerce-768x424.jpg 768w, https:\/\/www.libri.de\/wp-content\/uploads\/2021\/12\/libri_service_ecommerce-1536x847.jpg 1536w\" sizes=\"(max-width: 1650px) 100vw, 1650px\" \/>        <\/div>\r\n      \r\n      <div class=\"row\">\r\n        <div class=\"col-12 col-md-10 title\">\r\n          <h1 class=\"\">E-commerce<\/h1>\r\n        <\/div>\r\n\r\n        <div class=\"col-12 col-md-10 text\">\r\n          <p>Gr\u00e2ce \u00e0 notre vaste catalogue, nous vous offrons le meilleur soutien possible pour votre commerce en ligne. Nous livrons volontiers nos produits dans votre librairie ou directement au domicile de vos clients. Chez Libri, flexibilit\u00e9 et rapidit\u00e9 sont les ma\u00eetres mots. <\/p>\r\n        <\/div>\r\n      <\/div>\r\n\r\n      \r\n  <\/div>\r\n<\/div>\r\n\r\n\n\n\r\n<div id=\"anchor-nav-block_5ae61c5619519db28607b8efa2bd9bc0\" class=\"block-anchor-nav module bc-blue c-white-imp\"  >\r\n\r\n      <div class=\"container\"><div class=\"line\"><\/div><\/div>\r\n    \r\n    <div class=\"container\">\r\n      <div class=\"p-relative\">\r\n        <div class=\"arrow left\"><\/div>\r\n        <div class=\"arrow right\"><\/div>\r\n      <\/div>\r\n      <div class=\"overflow-x-auto\">\r\n        <div class=\"d-flex anchor-nav\" data-class=\"anchor-nav-entry\"><\/div>\r\n      <\/div>\r\n    <\/div>\r\n\r\n  <\/div>\r\n\r\n\n\n\r\n<div id=\"space-block_ac32795b5a1a510ab648e1f463d33d4a\" class=\"block-space module bc-blue c-white-imp\" style=\"height: 48px;\"><\/div>\n\n\r\n<div id=\"space-block_6ad4e7ffb815b834c9b9cc6160d73500\" class=\"block-space module bc-trans\" style=\"height: 48px;\"><\/div>\n\n\r\n<div id=\"product-data\" class=\"block-anchor\" data-title=\"Product data \" >\r\n\r\n  <\/div>\r\n\r\n\n\n\r\n<div id=\"text-block_b7ffd0127cd1e53df4e64780cafb7562\" class=\"block-text module type-text bc-trans\">\r\n  <div class=\"container\">\r\n\r\n    \r\n      <div class=\"row \">\r\n\r\n        \r\n        <div class=\"col-12 col-md-10\">\r\n\r\n                      <h2 class=\"title\">Base de donn\u00e9es pour le commerce en ligne et logiciel de commande<\/h2>\r\n          \r\n          <div class=\"text for-box-js\">\r\n            <p>Le catalogue Libri, mis \u00e0 jour quotidiennement, contient un large choix de livres et d\u2019ebooks allemands et internationaux, ainsi que de nombreux autres articles.<\/p>\n          <\/div>\r\n\r\n          \r\n          \r\n        <\/div>\r\n        \r\n      <\/div>\r\n\r\n    \r\n  <\/div>\r\n<\/div>\r\n\r\n\n\n\r\n<div id=\"order-receipt-system\" class=\"block-anchor\" data-title=\"Order receipt system\" >\r\n\r\n  <\/div>\r\n\r\n\n\n\r\n<div id=\"text-block_123676e6f4fc4b79dbe0e2336cad86a3\" class=\"block-text module type-text-img bc-trans\">\r\n  <div class=\"container\">\r\n\r\n    \r\n      <div class=\"row flex-row-reverse\">\r\n\r\n        \r\n          <div class=\"col-12 col-md-6 col-xl-5\">\r\n            <div class=\"image square\">\r\n              <img decoding=\"async\" width=\"640\" height=\"640\" src=\"https:\/\/www.libri.de\/wp-content\/uploads\/2021\/12\/libri_ecommerce_katalogdaten-onix.jpg\" class=\"attachment-medium_large size-medium_large\" alt=\"Buchh\u00e4ndlerinnen organisieren sich mit Libri f\u00fcr die n\u00e4chste Buchbestellung\" srcset=\"https:\/\/www.libri.de\/wp-content\/uploads\/2021\/12\/libri_ecommerce_katalogdaten-onix.jpg 640w, https:\/\/www.libri.de\/wp-content\/uploads\/2021\/12\/libri_ecommerce_katalogdaten-onix-300x300.jpg 300w, https:\/\/www.libri.de\/wp-content\/uploads\/2021\/12\/libri_ecommerce_katalogdaten-onix-150x150.jpg 150w\" sizes=\"(max-width: 640px) 100vw, 640px\" \/>            <\/div>\r\n                      <\/div>\r\n\r\n          <div class=\"d-none d-xl-block col-2\"><\/div>\r\n\r\n        \r\n        <div class=\"col-12 col-md-6 col-xl-5\">\r\n\r\n                      <h2 class=\"title\">De l\u2019offre de votre boutique \u00e0 la r\u00e9ception de la commande chez Libri <\/h2>\r\n          \r\n          <div class=\"text \">\r\n            <p>Comme sur votre boutique en ligne, notre syst\u00e8me de r\u00e9ception des commandes est disponible 24 heures sur 24. Celles-ci sont trait\u00e9es de mani\u00e8re rapide, fiable et s\u00e9curis\u00e9e. Notre processus EDI \u00e9prouv\u00e9 traite des centaines de milliers de commandes chaque jour tout en offrant la flexibilit\u00e9 que vous et vos clients attendez. <\/p>\n          <\/div>\r\n\r\n          \r\n          \r\n        <\/div>\r\n        \r\n      <\/div>\r\n\r\n    \r\n  <\/div>\r\n<\/div>\r\n\r\n\n\n\r\n<div id=\"envois-directs-avec-libri-direkt\" class=\"block-anchor\" data-title=\"Envois directs avec Libri.Direkt\" >\r\n\r\n  <\/div>\r\n\r\n\n\n\r\n<div id=\"text-block_0ec897dab36d31b0b7461ed62561dee8\" class=\"block-text module type-img-text bc-trans\">\r\n  <div class=\"container\">\r\n\r\n    \r\n      <div class=\"row \">\r\n\r\n        \r\n          <div class=\"col-12 col-md-6 col-xl-5\">\r\n            <div class=\"image square\">\r\n              <img decoding=\"async\" width=\"640\" height=\"640\" src=\"https:\/\/www.libri.de\/wp-content\/uploads\/2021\/12\/Libri.Direkt_Dropshipment_Versandservice_teaser.jpg\" class=\"attachment-medium_large size-medium_large\" alt=\"Libri Mitarbeiterin bereit im Versandservice eine Bestellung f\u00fcr den Versand vor\" srcset=\"https:\/\/www.libri.de\/wp-content\/uploads\/2021\/12\/Libri.Direkt_Dropshipment_Versandservice_teaser.jpg 640w, https:\/\/www.libri.de\/wp-content\/uploads\/2021\/12\/Libri.Direkt_Dropshipment_Versandservice_teaser-300x300.jpg 300w, https:\/\/www.libri.de\/wp-content\/uploads\/2021\/12\/Libri.Direkt_Dropshipment_Versandservice_teaser-150x150.jpg 150w\" sizes=\"(max-width: 640px) 100vw, 640px\" \/>            <\/div>\r\n                      <\/div>\r\n\r\n          <div class=\"d-none d-xl-block col-1\"><\/div>\r\n\r\n        \r\n        <div class=\"col-12 col-md-6 col-xl-5\">\r\n\r\n                      <h2 class=\"title\">Envois directs avec Libri.Direkt <\/h2>\r\n          \r\n          <div class=\"text \">\r\n            <p>Nous traitons les commandes en respectant les normes les plus strictes : avec Libri.Direkt, nous livrons vos clients dans le monde entier, directement \u00e0 leur domicile. Vous gagnez ainsi du temps et de l\u2019espace de stockage. <\/p>\n          <\/div>\r\n\r\n          \r\n          \r\n        <\/div>\r\n        \r\n      <\/div>\r\n\r\n    \r\n  <\/div>\r\n<\/div>\r\n\r\n\n\n\r\n<div id=\"space-block_6ad4e7ffb815b834c9b9cc6160d73500\" class=\"block-space module bc-trans\" style=\"height: 48px;\"><\/div>\n\n\r\n<div id=\"space-block_6ad4e7ffb815b834c9b9cc6160d73500\" class=\"block-space module bc-trans\" style=\"height: 48px;\"><\/div>\n\n\r\n<div id=\"text-block_4babaefbaba9617703cfaab36f8cf1ef\" class=\"block-text module type-text bc-green-2\">\r\n  <div class=\"container\">\r\n\r\n    \r\n      <div class=\"row \">\r\n\r\n        \r\n        <div class=\"col-12 col-md-10\">\r\n\r\n          \r\n          <div class=\"text for-box-js\">\r\n                      <\/div>\r\n\r\n                      <div class=\"cta\">\r\n              <a \r\n                class=\"bttn-secondary icn-no\" \r\n                href=\"https:\/\/www.libri.de\/fr\/pour-les-libraires\/\" \r\n                target=\"_self\"\r\n                >\r\n                \u2190 Pour les libraires              <\/a>\r\n            <\/div>\r\n          \r\n          \r\n        <\/div>\r\n        \r\n      <\/div>\r\n\r\n    \r\n  <\/div>\r\n<\/div>\r\n\r\n\n\n\r\n<div id=\"space-block_3744ed9e00d3c956a1af46e313feeea6\" class=\"block-space module bc-green-2\" style=\"height: 48px;\"><\/div>","protected":false},"excerpt":{"rendered":"","protected":false},"author":24,"featured_media":61567,"parent":73076,"menu_order":0,"comment_status":"closed","ping_status":"closed","template":"","meta":{"_acf_changed":false,"footnotes":""},"class_list":["post-73085","page","type-page","status-publish","has-post-thumbnail","hentry"],"acf":[],"yoast_head":"<!-- This site is optimized with the Yoast SEO plugin v27.0 - https:\/\/yoast.com\/product\/yoast-seo-wordpress\/ -->\n<title>E-commerce | Libri GmbH<\/title>\n<meta name=\"robots\" content=\"index, follow, max-snippet:-1, max-image-preview:large, max-video-preview:-1\" \/>\n<link rel=\"canonical\" href=\"https:\/\/www.libri.de\/fr\/pour-les-libraires\/e-commerce\/\" \/>\n<meta property=\"og:locale\" content=\"fr_FR\" \/>\n<meta property=\"og:type\" content=\"article\" \/>\n<meta property=\"og:title\" content=\"E-commerce | Libri GmbH\" \/>\n<meta property=\"og:url\" content=\"https:\/\/www.libri.de\/fr\/pour-les-libraires\/e-commerce\/\" \/>\n<meta property=\"og:site_name\" content=\"Libri GmbH\" \/>\n<meta property=\"article:publisher\" content=\"https:\/\/www.facebook.com\/libribarsortiment\" \/>\n<meta property=\"article:modified_time\" content=\"2024-11-22T15:09:51+00:00\" \/>\n<meta property=\"og:image\" content=\"https:\/\/www.libri.de\/wp-content\/uploads\/2021\/12\/libri_service_ecommerce.jpg\" \/>\n\t<meta property=\"og:image:width\" content=\"1650\" \/>\n\t<meta property=\"og:image:height\" content=\"910\" \/>\n\t<meta property=\"og:image:type\" content=\"image\/jpeg\" \/>\n<meta name=\"twitter:card\" content=\"summary_large_image\" \/>\n<meta name=\"twitter:label1\" content=\"Dur\u00e9e de lecture estim\u00e9e\" \/>\n\t<meta name=\"twitter:data1\" content=\"1 minute\" \/>\n<script type=\"application\/ld+json\" class=\"yoast-schema-graph\">{\"@context\":\"https:\/\/schema.org\",\"@graph\":[{\"@type\":\"WebPage\",\"@id\":\"https:\/\/www.libri.de\/fr\/pour-les-libraires\/e-commerce\/\",\"url\":\"https:\/\/www.libri.de\/fr\/pour-les-libraires\/e-commerce\/\",\"name\":\"E-commerce | Libri GmbH\",\"isPartOf\":{\"@id\":\"https:\/\/www.libri.de\/fr\/#website\"},\"primaryImageOfPage\":{\"@id\":\"https:\/\/www.libri.de\/fr\/pour-les-libraires\/e-commerce\/#primaryimage\"},\"image\":{\"@id\":\"https:\/\/www.libri.de\/fr\/pour-les-libraires\/e-commerce\/#primaryimage\"},\"thumbnailUrl\":\"https:\/\/www.libri.de\/wp-content\/uploads\/2021\/12\/libri_service_ecommerce.jpg\",\"datePublished\":\"2024-10-14T10:03:34+00:00\",\"dateModified\":\"2024-11-22T15:09:51+00:00\",\"breadcrumb\":{\"@id\":\"https:\/\/www.libri.de\/fr\/pour-les-libraires\/e-commerce\/#breadcrumb\"},\"inLanguage\":\"fr-FR\",\"potentialAction\":[{\"@type\":\"ReadAction\",\"target\":[\"https:\/\/www.libri.de\/fr\/pour-les-libraires\/e-commerce\/\"]}]},{\"@type\":\"ImageObject\",\"inLanguage\":\"fr-FR\",\"@id\":\"https:\/\/www.libri.de\/fr\/pour-les-libraires\/e-commerce\/#primaryimage\",\"url\":\"https:\/\/www.libri.de\/wp-content\/uploads\/2021\/12\/libri_service_ecommerce.jpg\",\"contentUrl\":\"https:\/\/www.libri.de\/wp-content\/uploads\/2021\/12\/libri_service_ecommerce.jpg\",\"width\":1650,\"height\":910},{\"@type\":\"BreadcrumbList\",\"@id\":\"https:\/\/www.libri.de\/fr\/pour-les-libraires\/e-commerce\/#breadcrumb\",\"itemListElement\":[{\"@type\":\"ListItem\",\"position\":1,\"name\":\"Page d'accueil\",\"item\":\"https:\/\/www.libri.de\/fr\/\"},{\"@type\":\"ListItem\",\"position\":2,\"name\":\"Pour les libraires\",\"item\":\"https:\/\/www.libri.de\/fr\/pour-les-libraires\/\"},{\"@type\":\"ListItem\",\"position\":3,\"name\":\"E-commerce\"}]},{\"@type\":\"WebSite\",\"@id\":\"https:\/\/www.libri.de\/fr\/#website\",\"url\":\"https:\/\/www.libri.de\/fr\/\",\"name\":\"Libri GmbH\",\"description\":\"Barsortiment und Gro\u00dfhandel f\u00fcr B\u00fccher und andere Medien\",\"publisher\":{\"@id\":\"https:\/\/www.libri.de\/fr\/#organization\"},\"potentialAction\":[{\"@type\":\"SearchAction\",\"target\":{\"@type\":\"EntryPoint\",\"urlTemplate\":\"https:\/\/www.libri.de\/fr\/?s={search_term_string}\"},\"query-input\":{\"@type\":\"PropertyValueSpecification\",\"valueRequired\":true,\"valueName\":\"search_term_string\"}}],\"inLanguage\":\"fr-FR\"},{\"@type\":\"Organization\",\"@id\":\"https:\/\/www.libri.de\/fr\/#organization\",\"name\":\"Libri\",\"url\":\"https:\/\/www.libri.de\/fr\/\",\"logo\":{\"@type\":\"ImageObject\",\"inLanguage\":\"fr-FR\",\"@id\":\"https:\/\/www.libri.de\/fr\/#\/schema\/logo\/image\/\",\"url\":\"https:\/\/188.64.195.32\/wp-content\/uploads\/2022\/04\/libri_logo-1.jpg\",\"contentUrl\":\"https:\/\/188.64.195.32\/wp-content\/uploads\/2022\/04\/libri_logo-1.jpg\",\"width\":2000,\"height\":1000,\"caption\":\"Libri\"},\"image\":{\"@id\":\"https:\/\/www.libri.de\/fr\/#\/schema\/logo\/image\/\"},\"sameAs\":[\"https:\/\/www.facebook.com\/libribarsortiment\",\"https:\/\/www.instagram.com\/libri.barsortiment\",\"https:\/\/www.linkedin.com\/company\/libri-gmbh\"]}]}<\/script>\n<!-- \/ Yoast SEO plugin. -->","yoast_head_json":{"title":"E-commerce | Libri GmbH","robots":{"index":"index","follow":"follow","max-snippet":"max-snippet:-1","max-image-preview":"max-image-preview:large","max-video-preview":"max-video-preview:-1"},"canonical":"https:\/\/www.libri.de\/fr\/pour-les-libraires\/e-commerce\/","og_locale":"fr_FR","og_type":"article","og_title":"E-commerce | Libri GmbH","og_url":"https:\/\/www.libri.de\/fr\/pour-les-libraires\/e-commerce\/","og_site_name":"Libri GmbH","article_publisher":"https:\/\/www.facebook.com\/libribarsortiment","article_modified_time":"2024-11-22T15:09:51+00:00","og_image":[{"width":1650,"height":910,"url":"https:\/\/www.libri.de\/wp-content\/uploads\/2021\/12\/libri_service_ecommerce.jpg","type":"image\/jpeg"}],"twitter_card":"summary_large_image","twitter_misc":{"Dur\u00e9e de lecture estim\u00e9e":"1 minute"},"schema":{"@context":"https:\/\/schema.org","@graph":[{"@type":"WebPage","@id":"https:\/\/www.libri.de\/fr\/pour-les-libraires\/e-commerce\/","url":"https:\/\/www.libri.de\/fr\/pour-les-libraires\/e-commerce\/","name":"E-commerce | Libri GmbH","isPartOf":{"@id":"https:\/\/www.libri.de\/fr\/#website"},"primaryImageOfPage":{"@id":"https:\/\/www.libri.de\/fr\/pour-les-libraires\/e-commerce\/#primaryimage"},"image":{"@id":"https:\/\/www.libri.de\/fr\/pour-les-libraires\/e-commerce\/#primaryimage"},"thumbnailUrl":"https:\/\/www.libri.de\/wp-content\/uploads\/2021\/12\/libri_service_ecommerce.jpg","datePublished":"2024-10-14T10:03:34+00:00","dateModified":"2024-11-22T15:09:51+00:00","breadcrumb":{"@id":"https:\/\/www.libri.de\/fr\/pour-les-libraires\/e-commerce\/#breadcrumb"},"inLanguage":"fr-FR","potentialAction":[{"@type":"ReadAction","target":["https:\/\/www.libri.de\/fr\/pour-les-libraires\/e-commerce\/"]}]},{"@type":"ImageObject","inLanguage":"fr-FR","@id":"https:\/\/www.libri.de\/fr\/pour-les-libraires\/e-commerce\/#primaryimage","url":"https:\/\/www.libri.de\/wp-content\/uploads\/2021\/12\/libri_service_ecommerce.jpg","contentUrl":"https:\/\/www.libri.de\/wp-content\/uploads\/2021\/12\/libri_service_ecommerce.jpg","width":1650,"height":910},{"@type":"BreadcrumbList","@id":"https:\/\/www.libri.de\/fr\/pour-les-libraires\/e-commerce\/#breadcrumb","itemListElement":[{"@type":"ListItem","position":1,"name":"Page d'accueil","item":"https:\/\/www.libri.de\/fr\/"},{"@type":"ListItem","position":2,"name":"Pour les libraires","item":"https:\/\/www.libri.de\/fr\/pour-les-libraires\/"},{"@type":"ListItem","position":3,"name":"E-commerce"}]},{"@type":"WebSite","@id":"https:\/\/www.libri.de\/fr\/#website","url":"https:\/\/www.libri.de\/fr\/","name":"Libri GmbH","description":"Barsortiment und Gro\u00dfhandel f\u00fcr B\u00fccher und andere Medien","publisher":{"@id":"https:\/\/www.libri.de\/fr\/#organization"},"potentialAction":[{"@type":"SearchAction","target":{"@type":"EntryPoint","urlTemplate":"https:\/\/www.libri.de\/fr\/?s={search_term_string}"},"query-input":{"@type":"PropertyValueSpecification","valueRequired":true,"valueName":"search_term_string"}}],"inLanguage":"fr-FR"},{"@type":"Organization","@id":"https:\/\/www.libri.de\/fr\/#organization","name":"Libri","url":"https:\/\/www.libri.de\/fr\/","logo":{"@type":"ImageObject","inLanguage":"fr-FR","@id":"https:\/\/www.libri.de\/fr\/#\/schema\/logo\/image\/","url":"https:\/\/188.64.195.32\/wp-content\/uploads\/2022\/04\/libri_logo-1.jpg","contentUrl":"https:\/\/188.64.195.32\/wp-content\/uploads\/2022\/04\/libri_logo-1.jpg","width":2000,"height":1000,"caption":"Libri"},"image":{"@id":"https:\/\/www.libri.de\/fr\/#\/schema\/logo\/image\/"},"sameAs":["https:\/\/www.facebook.com\/libribarsortiment","https:\/\/www.instagram.com\/libri.barsortiment","https:\/\/www.linkedin.com\/company\/libri-gmbh"]}]}},"_links":{"self":[{"href":"https:\/\/www.libri.de\/fr\/wp-json\/wp\/v2\/pages\/73085","targetHints":{"allow":["GET"]}}],"collection":[{"href":"https:\/\/www.libri.de\/fr\/wp-json\/wp\/v2\/pages"}],"about":[{"href":"https:\/\/www.libri.de\/fr\/wp-json\/wp\/v2\/types\/page"}],"author":[{"embeddable":true,"href":"https:\/\/www.libri.de\/fr\/wp-json\/wp\/v2\/users\/24"}],"replies":[{"embeddable":true,"href":"https:\/\/www.libri.de\/fr\/wp-json\/wp\/v2\/comments?post=73085"}],"version-history":[{"count":2,"href":"https:\/\/www.libri.de\/fr\/wp-json\/wp\/v2\/pages\/73085\/revisions"}],"predecessor-version":[{"id":74907,"href":"https:\/\/www.libri.de\/fr\/wp-json\/wp\/v2\/pages\/73085\/revisions\/74907"}],"up":[{"embeddable":true,"href":"https:\/\/www.libri.de\/fr\/wp-json\/wp\/v2\/pages\/73076"}],"wp:featuredmedia":[{"embeddable":true,"href":"https:\/\/www.libri.de\/fr\/wp-json\/wp\/v2\/media\/61567"}],"wp:attachment":[{"href":"https:\/\/www.libri.de\/fr\/wp-json\/wp\/v2\/media?parent=73085"}],"curies":[{"name":"wp","href":"https:\/\/api.w.org\/{rel}","templated":true}]}}