{"id":73079,"date":"2024-10-14T12:03:42","date_gmt":"2024-10-14T10:03:42","guid":{"rendered":"https:\/\/www.libri.de\/?page_id=73079"},"modified":"2025-01-16T18:09:53","modified_gmt":"2025-01-16T16:09:53","slug":"notre-activite-de-grossiste","status":"publish","type":"page","link":"https:\/\/www.libri.de\/fr\/pour-les-libraires\/notre-activite-de-grossiste\/","title":{"rendered":"Notre activit\u00e9 de grossiste"},"content":{"rendered":"\r\n<div id=\"header-block_4052cf6c8fa35dd0fbe44b4a26696911\" class=\"block-header module type-big bc-blue c-white-imp\">\r\n  <div class=\"container\">\r\n\r\n    <p id=\"breadcrumbs\"><span><span><a href=\"https:\/\/www.libri.de\/fr\/\">Page d&rsquo;accueil<\/a><\/span><\/span><\/p>    \r\n    \r\n              <div class=\"image\">\r\n          <img decoding=\"async\" width=\"1990\" height=\"1100\" src=\"https:\/\/www.libri.de\/wp-content\/uploads\/2021\/11\/Libri_Grosshandel_Barsortiment.jpg\" class=\"attachment-2048x2048 size-2048x2048\" alt=\"Das Libri Lager f\u00fcr den Gro\u00dfhandel mit vielen verschiedenen Produkten in sortierten Regalen\" srcset=\"https:\/\/www.libri.de\/wp-content\/uploads\/2021\/11\/Libri_Grosshandel_Barsortiment.jpg 1990w, https:\/\/www.libri.de\/wp-content\/uploads\/2021\/11\/Libri_Grosshandel_Barsortiment-300x166.jpg 300w, https:\/\/www.libri.de\/wp-content\/uploads\/2021\/11\/Libri_Grosshandel_Barsortiment-1024x566.jpg 1024w, https:\/\/www.libri.de\/wp-content\/uploads\/2021\/11\/Libri_Grosshandel_Barsortiment-768x425.jpg 768w, https:\/\/www.libri.de\/wp-content\/uploads\/2021\/11\/Libri_Grosshandel_Barsortiment-1536x849.jpg 1536w\" sizes=\"(max-width: 1990px) 100vw, 1990px\" \/>        <\/div>\r\n      \r\n      <div class=\"row\">\r\n        <div class=\"col-12 col-md-10 title\">\r\n          <h1 class=\"\">Notre activit\u00e9 de grossiste<\/h1>\r\n        <\/div>\r\n\r\n        <div class=\"col-12 col-md-10 text\">\r\n          <p>Libri vous offre la plus large s\u00e9lection de livres sur le march\u00e9 en Allemagne.<\/p>\r\n        <\/div>\r\n      <\/div>\r\n\r\n      \r\n  <\/div>\r\n<\/div>\r\n\r\n\n\n\r\n<div id=\"anchor-nav-block_b9aa8b511e1ac6ab52d941422c814755\" class=\"block-anchor-nav module bc-blue c-white-imp\"  >\r\n\r\n      <div class=\"container\"><div class=\"line\"><\/div><\/div>\r\n    \r\n    <div class=\"container\">\r\n      <div class=\"p-relative\">\r\n        <div class=\"arrow left\"><\/div>\r\n        <div class=\"arrow right\"><\/div>\r\n      <\/div>\r\n      <div class=\"overflow-x-auto\">\r\n        <div class=\"d-flex anchor-nav\" data-class=\"anchor-nav-entry\"><\/div>\r\n      <\/div>\r\n    <\/div>\r\n\r\n  <\/div>\r\n\r\n\n\n\r\n<div id=\"space-block_76135ca91c27099617b9dc60e3247f6d\" class=\"block-space module bc-blue c-white-imp\" style=\"height: 48px;\"><\/div>\n\n\r\n<div id=\"space-block_8b252b56b8ff552e181255fc98e37fdf\" class=\"block-space module bc-trans\" style=\"height: 48px;\"><\/div>\n\n\r\n<div id=\"titres-en-stock\" class=\"block-anchor\" data-title=\"Titres en stock\" >\r\n\r\n  <\/div>\r\n\r\n\n\n\r\n<div id=\"text-block_06ad1edba531deff6253954830dbe932\" class=\"block-text module type-text bc-trans\">\r\n  <div class=\"container\">\r\n\r\n    \r\n      <div class=\"row \">\r\n\r\n        \r\n        <div class=\"col-12 col-md-10\">\r\n\r\n                      <h2 class=\"title\">Titres en stock<\/h2>\r\n          \r\n          <div class=\"text for-box-js\">\r\n            <p>La livraison de la bonne quantit\u00e9 de livres en temps voulu aux librairies a toujours \u00e9t\u00e9 au c\u0153ur de notre activit\u00e9 de grossiste. Libri offre une gamme de services compl\u00e8te : large catalogue, syst\u00e8mes de r\u00e9f\u00e9rencement des titres, stockage dans un entrep\u00f4t centralis\u00e9, logistique, promotion des livres \u2026<\/p>\n<p>Selon les p\u00e9riodes de l\u2019ann\u00e9e, 10 \u00e0 12 millions de livres sont stock\u00e9s dans notre entrep\u00f4t situ\u00e9 \u00e0 Bad Hersfeld, en Allemagne. Les commandes de nos clients sont pr\u00e9par\u00e9es et livr\u00e9es en 24 heures dans tout le pays par BOOXpress, notre soci\u00e9t\u00e9 de livraison.<\/p>\n<p>Le stock d\u2019ouvrages de Libri fournit l&rsquo;ensemble du march\u00e9 du livre allemand. Plus de 95 % des demandes courantes des libraires peuvent \u00eatre satisfaites par Libri.<\/p>\n<p>Gr\u00e2ce \u00e0 la plateforme Libri Print-on-Demand de BoD, des millions de titres d\u2019\u00e9diteurs peuvent \u00eatre rendus disponibles imm\u00e9diatement en impression \u00e0 la demande. Ainsi, notre catalogue ne cesse de s\u2019agrandir.<\/p>\n          <\/div>\r\n\r\n          \r\n          \r\n        <\/div>\r\n        \r\n      <\/div>\r\n\r\n    \r\n  <\/div>\r\n<\/div>\r\n\r\n\n\n\r\n<div id=\"titres-sur-commande\" class=\"block-anchor\" data-title=\"Titres sur commande\" >\r\n\r\n  <\/div>\r\n\r\n\n\n\r\n<div id=\"text-block_7b06ede70df1b38f62e0d7583eb1234c\" class=\"block-text module type-text bc-trans\">\r\n  <div class=\"container\">\r\n\r\n    \r\n      <div class=\"row \">\r\n\r\n        \r\n        <div class=\"col-12 col-md-10\">\r\n\r\n                      <h2 class=\"title\">Titres sur commande<\/h2>\r\n          \r\n          <div class=\"text for-box-js\">\r\n            <p>Lorsqu\u2019un titre n\u2019est pas disponible dans nos stocks, nous pouvons le commander directement aupr\u00e8s de l\u2019\u00e9diteur, dans le monde entier, et vous le livrons en m\u00eame temps que votre prochaine commande de livres. <\/p>\n          <\/div>\r\n\r\n          \r\n          \r\n        <\/div>\r\n        \r\n      <\/div>\r\n\r\n    \r\n  <\/div>\r\n<\/div>\r\n\r\n\n\n\r\n<div id=\"vente-debooks\" class=\"block-anchor\" data-title=\"Vente d\u2019ebooks\" >\r\n\r\n  <\/div>\r\n\r\n\n\n\r\n<div id=\"text-block_9d1880d43bd59403fa206725df122ec1\" class=\"block-text module type-text bc-trans\">\r\n  <div class=\"container\">\r\n\r\n    \r\n      <div class=\"row \">\r\n\r\n        \r\n        <div class=\"col-12 col-md-10\">\r\n\r\n                      <h2 class=\"title\">Vente d\u2019ebooks<\/h2>\r\n          \r\n          <div class=\"text for-box-js\">\r\n            <p>En tant que grossiste, Libri dispose \u00e9galement d\u2019un catalogue d\u2019ebooks, et propose aux libraires disposant d\u2019une boutique physique et\/ou en ligne, ainsi qu\u2019aux membres de l&rsquo;alliance tolino, des canaux de vente adapt\u00e9s.<\/p>\n          <\/div>\r\n\r\n          \r\n          \r\n        <\/div>\r\n        \r\n      <\/div>\r\n\r\n    \r\n  <\/div>\r\n<\/div>\r\n\r\n\n\n\r\n<div id=\"space-block_8b252b56b8ff552e181255fc98e37fdf\" class=\"block-space module bc-trans\" style=\"height: 48px;\"><\/div>\n\n\r\n<div id=\"go-back-block_bf6c29b231c32d23d4000bc6c0d1c6e1\" class=\"block-go-back module bc-green-2\">\r\n  <div class=\"container\">\r\n\r\n    <a href=\"javascript:history.back()\" class=\"bttn-secondary go-back-link\">\r\n      <span class=\"arrow-left\"><\/span>Retour \u00e0 l&rsquo;aper\u00e7u    <\/a>\r\n\r\n  <\/div>\r\n<\/div>\r\n\r\n","protected":false},"excerpt":{"rendered":"","protected":false},"author":24,"featured_media":61529,"parent":73076,"menu_order":0,"comment_status":"closed","ping_status":"closed","template":"","meta":{"_acf_changed":false,"footnotes":""},"class_list":["post-73079","page","type-page","status-publish","has-post-thumbnail","hentry"],"acf":[],"yoast_head":"<!-- This site is optimized with the Yoast SEO plugin v27.0 - https:\/\/yoast.com\/product\/yoast-seo-wordpress\/ -->\n<title>Notre activit\u00e9 de grossiste | Libri GmbH<\/title>\n<meta name=\"robots\" content=\"index, follow, max-snippet:-1, max-image-preview:large, max-video-preview:-1\" \/>\n<link rel=\"canonical\" href=\"https:\/\/www.libri.de\/fr\/pour-les-libraires\/notre-activite-de-grossiste\/\" \/>\n<meta property=\"og:locale\" content=\"fr_FR\" \/>\n<meta property=\"og:type\" content=\"article\" \/>\n<meta property=\"og:title\" content=\"Notre activit\u00e9 de grossiste | Libri GmbH\" \/>\n<meta property=\"og:url\" content=\"https:\/\/www.libri.de\/fr\/pour-les-libraires\/notre-activite-de-grossiste\/\" \/>\n<meta property=\"og:site_name\" content=\"Libri GmbH\" \/>\n<meta property=\"article:publisher\" content=\"https:\/\/www.facebook.com\/libribarsortiment\" \/>\n<meta property=\"article:modified_time\" content=\"2025-01-16T16:09:53+00:00\" \/>\n<meta property=\"og:image\" content=\"https:\/\/www.libri.de\/wp-content\/uploads\/2021\/11\/Libri_Grosshandel_Barsortiment.jpg\" \/>\n\t<meta property=\"og:image:width\" content=\"1990\" \/>\n\t<meta property=\"og:image:height\" content=\"1100\" \/>\n\t<meta property=\"og:image:type\" content=\"image\/jpeg\" \/>\n<meta name=\"twitter:card\" content=\"summary_large_image\" \/>\n<meta name=\"twitter:label1\" content=\"Dur\u00e9e de lecture estim\u00e9e\" \/>\n\t<meta name=\"twitter:data1\" content=\"1 minute\" \/>\n<script type=\"application\/ld+json\" class=\"yoast-schema-graph\">{\"@context\":\"https:\/\/schema.org\",\"@graph\":[{\"@type\":\"WebPage\",\"@id\":\"https:\/\/www.libri.de\/fr\/pour-les-libraires\/notre-activite-de-grossiste\/\",\"url\":\"https:\/\/www.libri.de\/fr\/pour-les-libraires\/notre-activite-de-grossiste\/\",\"name\":\"Notre activit\u00e9 de grossiste | Libri GmbH\",\"isPartOf\":{\"@id\":\"https:\/\/www.libri.de\/fr\/#website\"},\"primaryImageOfPage\":{\"@id\":\"https:\/\/www.libri.de\/fr\/pour-les-libraires\/notre-activite-de-grossiste\/#primaryimage\"},\"image\":{\"@id\":\"https:\/\/www.libri.de\/fr\/pour-les-libraires\/notre-activite-de-grossiste\/#primaryimage\"},\"thumbnailUrl\":\"https:\/\/www.libri.de\/wp-content\/uploads\/2021\/11\/Libri_Grosshandel_Barsortiment.jpg\",\"datePublished\":\"2024-10-14T10:03:42+00:00\",\"dateModified\":\"2025-01-16T16:09:53+00:00\",\"breadcrumb\":{\"@id\":\"https:\/\/www.libri.de\/fr\/pour-les-libraires\/notre-activite-de-grossiste\/#breadcrumb\"},\"inLanguage\":\"fr-FR\",\"potentialAction\":[{\"@type\":\"ReadAction\",\"target\":[\"https:\/\/www.libri.de\/fr\/pour-les-libraires\/notre-activite-de-grossiste\/\"]}]},{\"@type\":\"ImageObject\",\"inLanguage\":\"fr-FR\",\"@id\":\"https:\/\/www.libri.de\/fr\/pour-les-libraires\/notre-activite-de-grossiste\/#primaryimage\",\"url\":\"https:\/\/www.libri.de\/wp-content\/uploads\/2021\/11\/Libri_Grosshandel_Barsortiment.jpg\",\"contentUrl\":\"https:\/\/www.libri.de\/wp-content\/uploads\/2021\/11\/Libri_Grosshandel_Barsortiment.jpg\",\"width\":1990,\"height\":1100},{\"@type\":\"BreadcrumbList\",\"@id\":\"https:\/\/www.libri.de\/fr\/pour-les-libraires\/notre-activite-de-grossiste\/#breadcrumb\",\"itemListElement\":[{\"@type\":\"ListItem\",\"position\":1,\"name\":\"Page d'accueil\",\"item\":\"https:\/\/www.libri.de\/fr\/\"},{\"@type\":\"ListItem\",\"position\":2,\"name\":\"Pour les libraires\",\"item\":\"https:\/\/www.libri.de\/fr\/pour-les-libraires\/\"},{\"@type\":\"ListItem\",\"position\":3,\"name\":\"Notre activit\u00e9 de grossiste\"}]},{\"@type\":\"WebSite\",\"@id\":\"https:\/\/www.libri.de\/fr\/#website\",\"url\":\"https:\/\/www.libri.de\/fr\/\",\"name\":\"Libri GmbH\",\"description\":\"Barsortiment und Gro\u00dfhandel f\u00fcr B\u00fccher und andere Medien\",\"publisher\":{\"@id\":\"https:\/\/www.libri.de\/fr\/#organization\"},\"potentialAction\":[{\"@type\":\"SearchAction\",\"target\":{\"@type\":\"EntryPoint\",\"urlTemplate\":\"https:\/\/www.libri.de\/fr\/?s={search_term_string}\"},\"query-input\":{\"@type\":\"PropertyValueSpecification\",\"valueRequired\":true,\"valueName\":\"search_term_string\"}}],\"inLanguage\":\"fr-FR\"},{\"@type\":\"Organization\",\"@id\":\"https:\/\/www.libri.de\/fr\/#organization\",\"name\":\"Libri\",\"url\":\"https:\/\/www.libri.de\/fr\/\",\"logo\":{\"@type\":\"ImageObject\",\"inLanguage\":\"fr-FR\",\"@id\":\"https:\/\/www.libri.de\/fr\/#\/schema\/logo\/image\/\",\"url\":\"https:\/\/188.64.195.32\/wp-content\/uploads\/2022\/04\/libri_logo-1.jpg\",\"contentUrl\":\"https:\/\/188.64.195.32\/wp-content\/uploads\/2022\/04\/libri_logo-1.jpg\",\"width\":2000,\"height\":1000,\"caption\":\"Libri\"},\"image\":{\"@id\":\"https:\/\/www.libri.de\/fr\/#\/schema\/logo\/image\/\"},\"sameAs\":[\"https:\/\/www.facebook.com\/libribarsortiment\",\"https:\/\/www.instagram.com\/libri.barsortiment\",\"https:\/\/www.linkedin.com\/company\/libri-gmbh\"]}]}<\/script>\n<!-- \/ Yoast SEO plugin. -->","yoast_head_json":{"title":"Notre activit\u00e9 de grossiste | Libri GmbH","robots":{"index":"index","follow":"follow","max-snippet":"max-snippet:-1","max-image-preview":"max-image-preview:large","max-video-preview":"max-video-preview:-1"},"canonical":"https:\/\/www.libri.de\/fr\/pour-les-libraires\/notre-activite-de-grossiste\/","og_locale":"fr_FR","og_type":"article","og_title":"Notre activit\u00e9 de grossiste | Libri GmbH","og_url":"https:\/\/www.libri.de\/fr\/pour-les-libraires\/notre-activite-de-grossiste\/","og_site_name":"Libri GmbH","article_publisher":"https:\/\/www.facebook.com\/libribarsortiment","article_modified_time":"2025-01-16T16:09:53+00:00","og_image":[{"width":1990,"height":1100,"url":"https:\/\/www.libri.de\/wp-content\/uploads\/2021\/11\/Libri_Grosshandel_Barsortiment.jpg","type":"image\/jpeg"}],"twitter_card":"summary_large_image","twitter_misc":{"Dur\u00e9e de lecture estim\u00e9e":"1 minute"},"schema":{"@context":"https:\/\/schema.org","@graph":[{"@type":"WebPage","@id":"https:\/\/www.libri.de\/fr\/pour-les-libraires\/notre-activite-de-grossiste\/","url":"https:\/\/www.libri.de\/fr\/pour-les-libraires\/notre-activite-de-grossiste\/","name":"Notre activit\u00e9 de grossiste | Libri GmbH","isPartOf":{"@id":"https:\/\/www.libri.de\/fr\/#website"},"primaryImageOfPage":{"@id":"https:\/\/www.libri.de\/fr\/pour-les-libraires\/notre-activite-de-grossiste\/#primaryimage"},"image":{"@id":"https:\/\/www.libri.de\/fr\/pour-les-libraires\/notre-activite-de-grossiste\/#primaryimage"},"thumbnailUrl":"https:\/\/www.libri.de\/wp-content\/uploads\/2021\/11\/Libri_Grosshandel_Barsortiment.jpg","datePublished":"2024-10-14T10:03:42+00:00","dateModified":"2025-01-16T16:09:53+00:00","breadcrumb":{"@id":"https:\/\/www.libri.de\/fr\/pour-les-libraires\/notre-activite-de-grossiste\/#breadcrumb"},"inLanguage":"fr-FR","potentialAction":[{"@type":"ReadAction","target":["https:\/\/www.libri.de\/fr\/pour-les-libraires\/notre-activite-de-grossiste\/"]}]},{"@type":"ImageObject","inLanguage":"fr-FR","@id":"https:\/\/www.libri.de\/fr\/pour-les-libraires\/notre-activite-de-grossiste\/#primaryimage","url":"https:\/\/www.libri.de\/wp-content\/uploads\/2021\/11\/Libri_Grosshandel_Barsortiment.jpg","contentUrl":"https:\/\/www.libri.de\/wp-content\/uploads\/2021\/11\/Libri_Grosshandel_Barsortiment.jpg","width":1990,"height":1100},{"@type":"BreadcrumbList","@id":"https:\/\/www.libri.de\/fr\/pour-les-libraires\/notre-activite-de-grossiste\/#breadcrumb","itemListElement":[{"@type":"ListItem","position":1,"name":"Page d'accueil","item":"https:\/\/www.libri.de\/fr\/"},{"@type":"ListItem","position":2,"name":"Pour les libraires","item":"https:\/\/www.libri.de\/fr\/pour-les-libraires\/"},{"@type":"ListItem","position":3,"name":"Notre activit\u00e9 de grossiste"}]},{"@type":"WebSite","@id":"https:\/\/www.libri.de\/fr\/#website","url":"https:\/\/www.libri.de\/fr\/","name":"Libri GmbH","description":"Barsortiment und Gro\u00dfhandel f\u00fcr B\u00fccher und andere Medien","publisher":{"@id":"https:\/\/www.libri.de\/fr\/#organization"},"potentialAction":[{"@type":"SearchAction","target":{"@type":"EntryPoint","urlTemplate":"https:\/\/www.libri.de\/fr\/?s={search_term_string}"},"query-input":{"@type":"PropertyValueSpecification","valueRequired":true,"valueName":"search_term_string"}}],"inLanguage":"fr-FR"},{"@type":"Organization","@id":"https:\/\/www.libri.de\/fr\/#organization","name":"Libri","url":"https:\/\/www.libri.de\/fr\/","logo":{"@type":"ImageObject","inLanguage":"fr-FR","@id":"https:\/\/www.libri.de\/fr\/#\/schema\/logo\/image\/","url":"https:\/\/188.64.195.32\/wp-content\/uploads\/2022\/04\/libri_logo-1.jpg","contentUrl":"https:\/\/188.64.195.32\/wp-content\/uploads\/2022\/04\/libri_logo-1.jpg","width":2000,"height":1000,"caption":"Libri"},"image":{"@id":"https:\/\/www.libri.de\/fr\/#\/schema\/logo\/image\/"},"sameAs":["https:\/\/www.facebook.com\/libribarsortiment","https:\/\/www.instagram.com\/libri.barsortiment","https:\/\/www.linkedin.com\/company\/libri-gmbh"]}]}},"_links":{"self":[{"href":"https:\/\/www.libri.de\/fr\/wp-json\/wp\/v2\/pages\/73079","targetHints":{"allow":["GET"]}}],"collection":[{"href":"https:\/\/www.libri.de\/fr\/wp-json\/wp\/v2\/pages"}],"about":[{"href":"https:\/\/www.libri.de\/fr\/wp-json\/wp\/v2\/types\/page"}],"author":[{"embeddable":true,"href":"https:\/\/www.libri.de\/fr\/wp-json\/wp\/v2\/users\/24"}],"replies":[{"embeddable":true,"href":"https:\/\/www.libri.de\/fr\/wp-json\/wp\/v2\/comments?post=73079"}],"version-history":[{"count":3,"href":"https:\/\/www.libri.de\/fr\/wp-json\/wp\/v2\/pages\/73079\/revisions"}],"predecessor-version":[{"id":76163,"href":"https:\/\/www.libri.de\/fr\/wp-json\/wp\/v2\/pages\/73079\/revisions\/76163"}],"up":[{"embeddable":true,"href":"https:\/\/www.libri.de\/fr\/wp-json\/wp\/v2\/pages\/73076"}],"wp:featuredmedia":[{"embeddable":true,"href":"https:\/\/www.libri.de\/fr\/wp-json\/wp\/v2\/media\/61529"}],"wp:attachment":[{"href":"https:\/\/www.libri.de\/fr\/wp-json\/wp\/v2\/media?parent=73079"}],"curies":[{"name":"wp","href":"https:\/\/api.w.org\/{rel}","templated":true}]}}