{"id":73076,"date":"2024-10-14T12:03:27","date_gmt":"2024-10-14T10:03:27","guid":{"rendered":"https:\/\/www.libri.de\/?page_id=73076"},"modified":"2025-10-13T10:59:58","modified_gmt":"2025-10-13T08:59:58","slug":"pour-les-libraires","status":"publish","type":"page","link":"https:\/\/www.libri.de\/fr\/pour-les-libraires\/","title":{"rendered":"Pour les libraires"},"content":{"rendered":"\r\n<div id=\"header-block_db767ba37d4a882be8a327686e76f314\" class=\"block-header module type-small bc-libri-blue c-white-imp\">\r\n  <div class=\"container\">\r\n\r\n    <p id=\"breadcrumbs\"><span><span><a href=\"https:\/\/www.libri.de\/fr\/\">Page d&rsquo;accueil<\/a><\/span><\/span><\/p>    \r\n    \r\n      \r\n      <div class=\"row\">\r\n        <div class=\"col-12 col-md-10 title\">\r\n          <h1 class=\"\">Pour les libraires<\/h1>\r\n        <\/div>\r\n\r\n        <div class=\"col-12 col-md-10 text\">\r\n          <p>La vaste gamme de produits et de services de Libri vous soutient dans vos activit\u00e9s de libraire et de d\u00e9taillant en ligne, et ce depuis plus de 90 ans. <\/p>\r\n        <\/div>\r\n      <\/div>\r\n\r\n      \r\n  <\/div>\r\n<\/div>\r\n\r\n\n\n\r\n<div id=\"image-block_a59d5a81b719820f9297ca5b616c6960\" class=\"block-image module type-full bc-trans\">\r\n\r\n  \r\n    <img decoding=\"async\" width=\"1650\" height=\"910\" src=\"https:\/\/www.libri.de\/wp-content\/uploads\/2021\/11\/libri_fuer-den-handel_01.jpg\" class=\"attachment-2048x2048 size-2048x2048\" alt=\"Buchhandel, B\u00fccher werden pr\u00e4sentiert und in Szene gesetzt\" srcset=\"https:\/\/www.libri.de\/wp-content\/uploads\/2021\/11\/libri_fuer-den-handel_01.jpg 1650w, https:\/\/www.libri.de\/wp-content\/uploads\/2021\/11\/libri_fuer-den-handel_01-300x165.jpg 300w, https:\/\/www.libri.de\/wp-content\/uploads\/2021\/11\/libri_fuer-den-handel_01-1024x565.jpg 1024w, https:\/\/www.libri.de\/wp-content\/uploads\/2021\/11\/libri_fuer-den-handel_01-768x424.jpg 768w, https:\/\/www.libri.de\/wp-content\/uploads\/2021\/11\/libri_fuer-den-handel_01-1536x847.jpg 1536w\" sizes=\"(max-width: 1650px) 100vw, 1650px\" \/>\r\n   \r\n  \r\n<\/div>\r\n\r\n\n\n\r\n<div id=\"space-block_bfa48ba3c0586aae5f0d6e1f4640cbd7\" class=\"block-space module bc-trans\" style=\"height: 48px;\"><\/div>\n\n\r\n<div id=\"accordion-block_45930e5d3c847d2cbf021d700f2b8e49\" class=\"block-accordion-entry type-links\">\r\n  <div class=\"container hr\"><\/div>\r\n  <div class=\"accordion-entry-content \">\r\n    \r\n    <div class=\"accordion-toggler container\">\r\n      <div class=\"row\">\r\n\r\n        <div class=\"col-11 col-md-5 acco-title\">\r\n          <h3 class=\"h3\">Activit\u00e9 de grossiste et transport<\/h3>\r\n        <\/div>\r\n\r\n        <div class=\"d-none d-md-block col-1\"><\/div>\r\n\r\n        <div class=\"col-12 col-md-5 acco-excerpt\">\r\n          <p class=\"m-0\">Nous vous proposons le plus grand choix de titres sur le march\u00e9 du livre allemand et la livraison \u00e0 votre librairie en Allemagne en 24 heures, 6 jours sur 7. <\/p>\r\n        <\/div>\r\n\r\n        <img decoding=\"async\" class=\"accordion-arrow\" src=\"https:\/\/www.libri.de\/wp-content\/themes\/libri\/img\/arrow.svg\">\r\n\r\n      <\/div>\r\n    <\/div>\r\n\r\n    <div class=\"accordion-menu \" >\r\n      <div class=\"accordion\">\r\n\r\n                  \r\n          <div class=\"container mt-4\">\r\n            <div class=\"row\">\r\n\r\n              <div class=\"col-12 col-md-5\">\r\n                                  <p class=\"acco-excerpt-inner d-none d-md-block\">Nous vous proposons le plus grand choix de titres sur le march\u00e9 du livre allemand et la livraison \u00e0 votre librairie en Allemagne en 24 heures, 6 jours sur 7. <\/p>\r\n                                              <\/div>\r\n\r\n              <div class=\"d-none d-md-block col-1\"><\/div>\r\n\r\n              <div class=\"col-12 col-md-6\">\r\n                <p class=\"acco-links\">\r\n                                      \r\n                      <a class=\"bold\" \r\n                        href=\"https:\/\/www.libri.de\/fr\/pour-les-libraires\/notre-activite-de-grossiste\/\"\r\n                        target=\"_self\">\r\n                        Notre activit\u00e9 de grossiste &gt;\r\n                      <\/a><br>\r\n\r\n                                                          \r\n                      <a class=\"\" \r\n                        href=\"https:\/\/www.libri.de\/fr\/pour-les-libraires\/notre-activite-de-grossiste\/#titres-en-stock\"\r\n                        target=\"_self\">\r\n                        Titres en stock &gt;\r\n                      <\/a><br>\r\n\r\n                                                          \r\n                      <a class=\"\" \r\n                        href=\"https:\/\/www.libri.de\/fr\/pour-les-libraires\/notre-activite-de-grossiste\/#titres-sur-commande\"\r\n                        target=\"_self\">\r\n                        Titres sur commande &gt;\r\n                      <\/a><br>\r\n\r\n                                                          \r\n                      <a class=\"\" \r\n                        href=\"https:\/\/www.libri.de\/de\/fuer-den-handel\/grosshandel\/ebook-grosshaendler\/\"\r\n                        target=\"_self\">\r\n                        eBooks &gt;\r\n                      <\/a><br>\r\n\r\n                                                          \r\n                      <a class=\"bold\" \r\n                        href=\"https:\/\/www.libri.de\/fr\/pour-les-libraires\/transport\/\"\r\n                        target=\"_self\">\r\n                        Transport &gt;\r\n                      <\/a><br>\r\n\r\n                                                          \r\n                      <a class=\"\" \r\n                        href=\"https:\/\/www.libri.de\/fr\/pour-les-libraires\/transport\/#livraisons-express\"\r\n                        target=\"_self\">\r\n                        Livraisons express &gt;\r\n                      <\/a><br>\r\n\r\n                                                      <\/p>\r\n              <\/div>\r\n\r\n            <\/div>\r\n          <\/div>\r\n\r\n          \r\n        \r\n      <\/div>\r\n    <\/div>\r\n\r\n  <\/div>\r\n  <div class=\"container hr\"><\/div>\r\n<\/div>\r\n\r\n\n\n\r\n<div id=\"accordion-block_1154f08c091a352afbd0725972116bc5\" class=\"block-accordion-entry type-links\">\r\n  <div class=\"container hr\"><\/div>\r\n  <div class=\"accordion-entry-content \">\r\n    \r\n    <div class=\"accordion-toggler container\">\r\n      <div class=\"row\">\r\n\r\n        <div class=\"col-11 col-md-5 acco-title\">\r\n          <h3 class=\"h3\">Produits et services <\/h3>\r\n        <\/div>\r\n\r\n        <div class=\"d-none d-md-block col-1\"><\/div>\r\n\r\n        <div class=\"col-12 col-md-5 acco-excerpt\">\r\n          <p class=\"m-0\">Nous vous assistons dans la vente au d\u00e9tail de livres au quotidien gr\u00e2ce \u00e0 nos syst\u00e8mes de commande et de r\u00e9f\u00e9rencement des livres, nos services de livraison de manuels scolaires ou encore de boutiques en marque blanche. <\/p>\r\n        <\/div>\r\n\r\n        <img decoding=\"async\" class=\"accordion-arrow\" src=\"https:\/\/www.libri.de\/wp-content\/themes\/libri\/img\/arrow.svg\">\r\n\r\n      <\/div>\r\n    <\/div>\r\n\r\n    <div class=\"accordion-menu \" >\r\n      <div class=\"accordion\">\r\n\r\n                  \r\n          <div class=\"container mt-4\">\r\n            <div class=\"row\">\r\n\r\n              <div class=\"col-12 col-md-5\">\r\n                                  <p class=\"acco-excerpt-inner d-none d-md-block\">Nous vous assistons dans la vente au d\u00e9tail de livres au quotidien gr\u00e2ce \u00e0 nos syst\u00e8mes de commande et de r\u00e9f\u00e9rencement des livres, nos services de livraison de manuels scolaires ou encore de boutiques en marque blanche. <\/p>\r\n                                              <\/div>\r\n\r\n              <div class=\"d-none d-md-block col-1\"><\/div>\r\n\r\n              <div class=\"col-12 col-md-6\">\r\n                <p class=\"acco-links\">\r\n                                  <\/p>\r\n              <\/div>\r\n\r\n            <\/div>\r\n          <\/div>\r\n\r\n          \r\n        \r\n      <\/div>\r\n    <\/div>\r\n\r\n  <\/div>\r\n  <div class=\"container hr\"><\/div>\r\n<\/div>\r\n\r\n\n\n\r\n<div id=\"accordion-block_6f5a9a56d78944d1c456dad144c08270\" class=\"block-accordion-entry type-links\">\r\n  <div class=\"container hr\"><\/div>\r\n  <div class=\"accordion-entry-content \">\r\n    \r\n    <div class=\"accordion-toggler container\">\r\n      <div class=\"row\">\r\n\r\n        <div class=\"col-11 col-md-5 acco-title\">\r\n          <h3 class=\"h3\">E-commerce <\/h3>\r\n        <\/div>\r\n\r\n        <div class=\"d-none d-md-block col-1\"><\/div>\r\n\r\n        <div class=\"col-12 col-md-5 acco-excerpt\">\r\n          <p class=\"m-0\">Gr\u00e2ce \u00e0 notre vaste base de donn\u00e9es, nous sommes en mesure de vous fournir le meilleur catalogue pour vous soutenir au mieux dans le d\u00e9veloppement de votre commerce en ligne. <\/p>\r\n        <\/div>\r\n\r\n        <img decoding=\"async\" class=\"accordion-arrow\" src=\"https:\/\/www.libri.de\/wp-content\/themes\/libri\/img\/arrow.svg\">\r\n\r\n      <\/div>\r\n    <\/div>\r\n\r\n    <div class=\"accordion-menu \" >\r\n      <div class=\"accordion\">\r\n\r\n                  \r\n          <div class=\"container mt-4\">\r\n            <div class=\"row\">\r\n\r\n              <div class=\"col-12 col-md-5\">\r\n                                  <p class=\"acco-excerpt-inner d-none d-md-block\">Gr\u00e2ce \u00e0 notre vaste base de donn\u00e9es, nous sommes en mesure de vous fournir le meilleur catalogue pour vous soutenir au mieux dans le d\u00e9veloppement de votre commerce en ligne. <\/p>\r\n                                              <\/div>\r\n\r\n              <div class=\"d-none d-md-block col-1\"><\/div>\r\n\r\n              <div class=\"col-12 col-md-6\">\r\n                <p class=\"acco-links\">\r\n                                      \r\n                      <a class=\"bold\" \r\n                        href=\"https:\/\/www.libri.de\/fr\/pour-les-libraires\/e-commerce\/\"\r\n                        target=\"_self\">\r\n                        E-commerce &gt;\r\n                      <\/a><br>\r\n\r\n                                                      <\/p>\r\n              <\/div>\r\n\r\n            <\/div>\r\n          <\/div>\r\n\r\n          \r\n        \r\n      <\/div>\r\n    <\/div>\r\n\r\n  <\/div>\r\n  <div class=\"container hr\"><\/div>\r\n<\/div>\r\n\r\n","protected":false},"excerpt":{"rendered":"","protected":false},"author":24,"featured_media":61552,"parent":0,"menu_order":0,"comment_status":"closed","ping_status":"closed","template":"","meta":{"_acf_changed":false,"footnotes":""},"class_list":["post-73076","page","type-page","status-publish","has-post-thumbnail","hentry"],"acf":[],"yoast_head":"<!-- This site is optimized with the Yoast SEO plugin v27.0 - https:\/\/yoast.com\/product\/yoast-seo-wordpress\/ -->\n<title>Pour les libraires | Libri GmbH<\/title>\n<meta name=\"robots\" content=\"index, follow, max-snippet:-1, max-image-preview:large, max-video-preview:-1\" \/>\n<link rel=\"canonical\" href=\"https:\/\/www.libri.de\/fr\/pour-les-libraires\/\" \/>\n<meta property=\"og:locale\" content=\"fr_FR\" \/>\n<meta property=\"og:type\" content=\"article\" \/>\n<meta property=\"og:title\" content=\"Pour les libraires | Libri GmbH\" \/>\n<meta property=\"og:url\" content=\"https:\/\/www.libri.de\/fr\/pour-les-libraires\/\" \/>\n<meta property=\"og:site_name\" content=\"Libri GmbH\" \/>\n<meta property=\"article:publisher\" content=\"https:\/\/www.facebook.com\/libribarsortiment\" \/>\n<meta property=\"article:modified_time\" content=\"2025-10-13T08:59:58+00:00\" \/>\n<meta property=\"og:image\" content=\"https:\/\/www.libri.de\/wp-content\/uploads\/2021\/11\/libri_fuer-den-handel_01.jpg\" \/>\n\t<meta property=\"og:image:width\" content=\"1650\" \/>\n\t<meta property=\"og:image:height\" content=\"910\" \/>\n\t<meta property=\"og:image:type\" content=\"image\/jpeg\" \/>\n<meta name=\"twitter:card\" content=\"summary_large_image\" \/>\n<meta name=\"twitter:label1\" content=\"Dur\u00e9e de lecture estim\u00e9e\" \/>\n\t<meta name=\"twitter:data1\" content=\"1 minute\" \/>\n<script type=\"application\/ld+json\" class=\"yoast-schema-graph\">{\"@context\":\"https:\/\/schema.org\",\"@graph\":[{\"@type\":\"WebPage\",\"@id\":\"https:\/\/www.libri.de\/fr\/pour-les-libraires\/\",\"url\":\"https:\/\/www.libri.de\/fr\/pour-les-libraires\/\",\"name\":\"Pour les libraires | Libri GmbH\",\"isPartOf\":{\"@id\":\"https:\/\/www.libri.de\/fr\/#website\"},\"primaryImageOfPage\":{\"@id\":\"https:\/\/www.libri.de\/fr\/pour-les-libraires\/#primaryimage\"},\"image\":{\"@id\":\"https:\/\/www.libri.de\/fr\/pour-les-libraires\/#primaryimage\"},\"thumbnailUrl\":\"https:\/\/www.libri.de\/wp-content\/uploads\/2021\/11\/libri_fuer-den-handel_01.jpg\",\"datePublished\":\"2024-10-14T10:03:27+00:00\",\"dateModified\":\"2025-10-13T08:59:58+00:00\",\"breadcrumb\":{\"@id\":\"https:\/\/www.libri.de\/fr\/pour-les-libraires\/#breadcrumb\"},\"inLanguage\":\"fr-FR\",\"potentialAction\":[{\"@type\":\"ReadAction\",\"target\":[\"https:\/\/www.libri.de\/fr\/pour-les-libraires\/\"]}]},{\"@type\":\"ImageObject\",\"inLanguage\":\"fr-FR\",\"@id\":\"https:\/\/www.libri.de\/fr\/pour-les-libraires\/#primaryimage\",\"url\":\"https:\/\/www.libri.de\/wp-content\/uploads\/2021\/11\/libri_fuer-den-handel_01.jpg\",\"contentUrl\":\"https:\/\/www.libri.de\/wp-content\/uploads\/2021\/11\/libri_fuer-den-handel_01.jpg\",\"width\":1650,\"height\":910},{\"@type\":\"BreadcrumbList\",\"@id\":\"https:\/\/www.libri.de\/fr\/pour-les-libraires\/#breadcrumb\",\"itemListElement\":[{\"@type\":\"ListItem\",\"position\":1,\"name\":\"Page d'accueil\",\"item\":\"https:\/\/www.libri.de\/fr\/\"},{\"@type\":\"ListItem\",\"position\":2,\"name\":\"Pour les libraires\"}]},{\"@type\":\"WebSite\",\"@id\":\"https:\/\/www.libri.de\/fr\/#website\",\"url\":\"https:\/\/www.libri.de\/fr\/\",\"name\":\"Libri GmbH\",\"description\":\"Barsortiment und Gro\u00dfhandel f\u00fcr B\u00fccher und andere Medien\",\"publisher\":{\"@id\":\"https:\/\/www.libri.de\/fr\/#organization\"},\"potentialAction\":[{\"@type\":\"SearchAction\",\"target\":{\"@type\":\"EntryPoint\",\"urlTemplate\":\"https:\/\/www.libri.de\/fr\/?s={search_term_string}\"},\"query-input\":{\"@type\":\"PropertyValueSpecification\",\"valueRequired\":true,\"valueName\":\"search_term_string\"}}],\"inLanguage\":\"fr-FR\"},{\"@type\":\"Organization\",\"@id\":\"https:\/\/www.libri.de\/fr\/#organization\",\"name\":\"Libri\",\"url\":\"https:\/\/www.libri.de\/fr\/\",\"logo\":{\"@type\":\"ImageObject\",\"inLanguage\":\"fr-FR\",\"@id\":\"https:\/\/www.libri.de\/fr\/#\/schema\/logo\/image\/\",\"url\":\"https:\/\/188.64.195.32\/wp-content\/uploads\/2022\/04\/libri_logo-1.jpg\",\"contentUrl\":\"https:\/\/188.64.195.32\/wp-content\/uploads\/2022\/04\/libri_logo-1.jpg\",\"width\":2000,\"height\":1000,\"caption\":\"Libri\"},\"image\":{\"@id\":\"https:\/\/www.libri.de\/fr\/#\/schema\/logo\/image\/\"},\"sameAs\":[\"https:\/\/www.facebook.com\/libribarsortiment\",\"https:\/\/www.instagram.com\/libri.barsortiment\",\"https:\/\/www.linkedin.com\/company\/libri-gmbh\"]}]}<\/script>\n<!-- \/ Yoast SEO plugin. -->","yoast_head_json":{"title":"Pour les libraires | Libri GmbH","robots":{"index":"index","follow":"follow","max-snippet":"max-snippet:-1","max-image-preview":"max-image-preview:large","max-video-preview":"max-video-preview:-1"},"canonical":"https:\/\/www.libri.de\/fr\/pour-les-libraires\/","og_locale":"fr_FR","og_type":"article","og_title":"Pour les libraires | Libri GmbH","og_url":"https:\/\/www.libri.de\/fr\/pour-les-libraires\/","og_site_name":"Libri GmbH","article_publisher":"https:\/\/www.facebook.com\/libribarsortiment","article_modified_time":"2025-10-13T08:59:58+00:00","og_image":[{"width":1650,"height":910,"url":"https:\/\/www.libri.de\/wp-content\/uploads\/2021\/11\/libri_fuer-den-handel_01.jpg","type":"image\/jpeg"}],"twitter_card":"summary_large_image","twitter_misc":{"Dur\u00e9e de lecture estim\u00e9e":"1 minute"},"schema":{"@context":"https:\/\/schema.org","@graph":[{"@type":"WebPage","@id":"https:\/\/www.libri.de\/fr\/pour-les-libraires\/","url":"https:\/\/www.libri.de\/fr\/pour-les-libraires\/","name":"Pour les libraires | Libri GmbH","isPartOf":{"@id":"https:\/\/www.libri.de\/fr\/#website"},"primaryImageOfPage":{"@id":"https:\/\/www.libri.de\/fr\/pour-les-libraires\/#primaryimage"},"image":{"@id":"https:\/\/www.libri.de\/fr\/pour-les-libraires\/#primaryimage"},"thumbnailUrl":"https:\/\/www.libri.de\/wp-content\/uploads\/2021\/11\/libri_fuer-den-handel_01.jpg","datePublished":"2024-10-14T10:03:27+00:00","dateModified":"2025-10-13T08:59:58+00:00","breadcrumb":{"@id":"https:\/\/www.libri.de\/fr\/pour-les-libraires\/#breadcrumb"},"inLanguage":"fr-FR","potentialAction":[{"@type":"ReadAction","target":["https:\/\/www.libri.de\/fr\/pour-les-libraires\/"]}]},{"@type":"ImageObject","inLanguage":"fr-FR","@id":"https:\/\/www.libri.de\/fr\/pour-les-libraires\/#primaryimage","url":"https:\/\/www.libri.de\/wp-content\/uploads\/2021\/11\/libri_fuer-den-handel_01.jpg","contentUrl":"https:\/\/www.libri.de\/wp-content\/uploads\/2021\/11\/libri_fuer-den-handel_01.jpg","width":1650,"height":910},{"@type":"BreadcrumbList","@id":"https:\/\/www.libri.de\/fr\/pour-les-libraires\/#breadcrumb","itemListElement":[{"@type":"ListItem","position":1,"name":"Page d'accueil","item":"https:\/\/www.libri.de\/fr\/"},{"@type":"ListItem","position":2,"name":"Pour les libraires"}]},{"@type":"WebSite","@id":"https:\/\/www.libri.de\/fr\/#website","url":"https:\/\/www.libri.de\/fr\/","name":"Libri GmbH","description":"Barsortiment und Gro\u00dfhandel f\u00fcr B\u00fccher und andere Medien","publisher":{"@id":"https:\/\/www.libri.de\/fr\/#organization"},"potentialAction":[{"@type":"SearchAction","target":{"@type":"EntryPoint","urlTemplate":"https:\/\/www.libri.de\/fr\/?s={search_term_string}"},"query-input":{"@type":"PropertyValueSpecification","valueRequired":true,"valueName":"search_term_string"}}],"inLanguage":"fr-FR"},{"@type":"Organization","@id":"https:\/\/www.libri.de\/fr\/#organization","name":"Libri","url":"https:\/\/www.libri.de\/fr\/","logo":{"@type":"ImageObject","inLanguage":"fr-FR","@id":"https:\/\/www.libri.de\/fr\/#\/schema\/logo\/image\/","url":"https:\/\/188.64.195.32\/wp-content\/uploads\/2022\/04\/libri_logo-1.jpg","contentUrl":"https:\/\/188.64.195.32\/wp-content\/uploads\/2022\/04\/libri_logo-1.jpg","width":2000,"height":1000,"caption":"Libri"},"image":{"@id":"https:\/\/www.libri.de\/fr\/#\/schema\/logo\/image\/"},"sameAs":["https:\/\/www.facebook.com\/libribarsortiment","https:\/\/www.instagram.com\/libri.barsortiment","https:\/\/www.linkedin.com\/company\/libri-gmbh"]}]}},"_links":{"self":[{"href":"https:\/\/www.libri.de\/fr\/wp-json\/wp\/v2\/pages\/73076","targetHints":{"allow":["GET"]}}],"collection":[{"href":"https:\/\/www.libri.de\/fr\/wp-json\/wp\/v2\/pages"}],"about":[{"href":"https:\/\/www.libri.de\/fr\/wp-json\/wp\/v2\/types\/page"}],"author":[{"embeddable":true,"href":"https:\/\/www.libri.de\/fr\/wp-json\/wp\/v2\/users\/24"}],"replies":[{"embeddable":true,"href":"https:\/\/www.libri.de\/fr\/wp-json\/wp\/v2\/comments?post=73076"}],"version-history":[{"count":3,"href":"https:\/\/www.libri.de\/fr\/wp-json\/wp\/v2\/pages\/73076\/revisions"}],"predecessor-version":[{"id":84014,"href":"https:\/\/www.libri.de\/fr\/wp-json\/wp\/v2\/pages\/73076\/revisions\/84014"}],"wp:featuredmedia":[{"embeddable":true,"href":"https:\/\/www.libri.de\/fr\/wp-json\/wp\/v2\/media\/61552"}],"wp:attachment":[{"href":"https:\/\/www.libri.de\/fr\/wp-json\/wp\/v2\/media?parent=73076"}],"curies":[{"name":"wp","href":"https:\/\/api.w.org\/{rel}","templated":true}]}}