{"id":38578,"date":"2021-11-24T11:47:19","date_gmt":"2021-11-24T09:47:19","guid":{"rendered":"https:\/\/www.libri.de\/for-traders\/ecommerce\/vom-angebot-in-ihrem-shop-zum-bestelleingang-bei-libri\/"},"modified":"2022-03-16T16:18:57","modified_gmt":"2022-03-16T14:18:57","slug":"from-articles-in-your-shop-to-orders-received-at-libri","status":"publish","type":"page","link":"https:\/\/www.libri.de\/en\/for-traders\/ecommerce\/from-articles-in-your-shop-to-orders-received-at-libri\/","title":{"rendered":"From articles in your shop to orders received at Libri"},"content":{"rendered":"\r\n<div id=\"header-block_619e0875e14e0\" class=\"block-header module type-big bc-third-blue c-white-imp\">\r\n  <div class=\"container\">\r\n\r\n    <p id=\"breadcrumbs\"><span><span><a href=\"https:\/\/www.libri.de\/en\/\">Home<\/a><\/span><\/span><\/p>    \r\n    \r\n              <div class=\"image\">\r\n          <img decoding=\"async\" width=\"1650\" height=\"910\" src=\"https:\/\/www.libri.de\/wp-content\/uploads\/2021\/12\/libri_ecommerce_katalogdaten-onix_service.jpg\" class=\"attachment-2048x2048 size-2048x2048\" alt=\"Mitarbeiterinnen von Libri \u00fcberpr\u00fcfen die aufgegebenen Bestellung eines Buchh\u00e4ndlers im System\" srcset=\"https:\/\/www.libri.de\/wp-content\/uploads\/2021\/12\/libri_ecommerce_katalogdaten-onix_service.jpg 1650w, https:\/\/www.libri.de\/wp-content\/uploads\/2021\/12\/libri_ecommerce_katalogdaten-onix_service-300x165.jpg 300w, https:\/\/www.libri.de\/wp-content\/uploads\/2021\/12\/libri_ecommerce_katalogdaten-onix_service-1024x565.jpg 1024w, https:\/\/www.libri.de\/wp-content\/uploads\/2021\/12\/libri_ecommerce_katalogdaten-onix_service-768x424.jpg 768w, https:\/\/www.libri.de\/wp-content\/uploads\/2021\/12\/libri_ecommerce_katalogdaten-onix_service-1536x847.jpg 1536w\" sizes=\"(max-width: 1650px) 100vw, 1650px\" \/>        <\/div>\r\n      \r\n      <div class=\"row\">\r\n        <div class=\"col-12 col-md-10 title\">\r\n          <h1 class=\"\">From articles in your shop to orders received at Libri<\/h1>\r\n        <\/div>\r\n\r\n        <div class=\"col-12 col-md-10 text\">\r\n          <p>Just like your online shop, our ordering service is available 24 hours a day to process your orders quickly, reliably and securely. Our tried and tested EDI system processes hundreds of thousands of orders every day while offering the flexibility that you and your customers expect.<\/p>\r\n        <\/div>\r\n      <\/div>\r\n\r\n      \r\n  <\/div>\r\n<\/div>\r\n\r\n\n\n\r\n<div id=\"anchor-nav-block_619e08ace14e1\" class=\"block-anchor-nav module bc-third-blue c-white-imp\"  >\r\n\r\n      <div class=\"container\"><div class=\"line\"><\/div><\/div>\r\n    \r\n    <div class=\"container\">\r\n      <div class=\"p-relative\">\r\n        <div class=\"arrow left\"><\/div>\r\n        <div class=\"arrow right\"><\/div>\r\n      <\/div>\r\n      <div class=\"overflow-x-auto\">\r\n        <div class=\"d-flex anchor-nav\" data-class=\"anchor-nav-entry\"><\/div>\r\n      <\/div>\r\n    <\/div>\r\n\r\n  <\/div>\r\n\r\n\n\n\r\n<div id=\"space-block_61a74ea42cf82\" class=\"block-space module bc-trans\" style=\"height: 48px;\"><\/div>\n\n\r\n<div id=\"order-transmission-for-conventional-books\" class=\"block-anchor\" data-title=\"Order transmission for conventional books\" >\r\n\r\n  <\/div>\r\n\r\n\n\n\r\n<div id=\"text-block_619e08d2e14e3\" class=\"block-text module type-text bc-trans\">\r\n  <div class=\"container\">\r\n\r\n    \r\n      <div class=\"row \">\r\n\r\n        \r\n        <div class=\"col-12 col-md-10\">\r\n\r\n                      <h2 class=\"title\">Order transmission for conventional books<\/h2>\r\n          \r\n          <div class=\"text for-box-js\">\r\n            <p>Libri XML offers you a choice of two types of order submission for physical items.<\/p>\n<p>As a batch operation for the general electronic transmission of order data. Here, order requests are sent to Libri as files via FTP. In combination with stock checks of the inventory feed (IVF), updated on an hourly basis, this enables you to regularly update article availability in your shop.<\/p>\n<p>In addition, you or your shop system can check the availability of the desired article in dialogue mode via web service during the purchase process and receive immediate feedback from our system. If this feedback is affirmative, the purchase process continues and the order is executed.<\/p>\n          <\/div>\r\n\r\n          \r\n          \r\n        <\/div>\r\n        \r\n      <\/div>\r\n\r\n    \r\n  <\/div>\r\n<\/div>\r\n\r\n\n\n\r\n<div id=\"order-transmission-for-e-books\" class=\"block-anchor\" data-title=\"Order transmission for e-books\" >\r\n\r\n  <\/div>\r\n\r\n\n\n\r\n<div id=\"text-block_619e0938e14e5\" class=\"block-text module type-text bc-trans\">\r\n  <div class=\"container\">\r\n\r\n    \r\n      <div class=\"row \">\r\n\r\n        \r\n        <div class=\"col-12 col-md-10\">\r\n\r\n                      <h2 class=\"title\">Order transmission for e-books<\/h2>\r\n          \r\n          <div class=\"text for-box-js\">\r\n            <p>For the sale of e-books we provide you with our Libri Digital Gateway as a web service. This automatically generates a URL after the order has been received, which you forward to your customers. The customers then have the option of downloading this individualised file on their end devices.<\/p>\n<p>You bill your customer and Libri issues you an invoice for the cost of goods and the fee for the technical processing service.<\/p>\n<p>Libri.Digital Rights Management ensures that you have all the information you need for legally compliant order processing, for example to comply with sales restrictions in certain countries.<\/p>\n          <\/div>\r\n\r\n          \r\n          \r\n        <\/div>\r\n        \r\n      <\/div>\r\n\r\n    \r\n  <\/div>\r\n<\/div>\r\n\r\n\n\n\r\n<div id=\"space-block_61a74ea82cf83\" class=\"block-space module bc-trans\" style=\"height: 48px;\"><\/div>\n\n\r\n<div id=\"space-block_61a74f472cf87\" class=\"block-space module bc-trans\" style=\"height: 48px;\"><\/div>\n\n\r\n<div id=\"teaser-contact-block_61a74ed52cf84\" class=\"block-teaser-contact bc-third-blue c-white-imp\">\r\n  <div class=\"container\">\r\n    <div class=\"row flex-md-row-reverse justify-content-between\">\r\n\r\n      <div class=\"col-12 col-md-4\">\r\n        <div class=\"image\">\r\n                  <\/div>\r\n      <\/div>\r\n\r\n      <div class=\"col-12 col-md-6 d-flex flex-column\">\r\n\r\n        <div class=\"text\">\r\n                      <h2 class=\"title\">We are happy to help you.<\/h2>\r\n          \r\n                      <p>Do you have questions or a specific request?<\/p>\r\n                  <\/div>\r\n\r\n                  <div class=\"cta\">\r\n            <a \r\n              class=\"bttn-primary \"\r\n              href=\"https:\/\/www.libri.de\/en\/contact\/ecommerce-und-internationale-kundinnen\/\"\r\n              target=\"_self\"\r\n              >\r\n              Contact us            <\/a>\r\n          <\/div>\r\n        \r\n        \r\n      <\/div>\r\n\r\n    <\/div>\r\n  <\/div>\r\n<\/div>\r\n\r\n\n\n\r\n<div id=\"text-block_61a74f1d2cf85\" class=\"block-text module type-text bc-green-2\">\r\n  <div class=\"container\">\r\n\r\n    \r\n      <div class=\"row \">\r\n\r\n        \r\n        <div class=\"col-12 col-md-10\">\r\n\r\n          \r\n          <div class=\"text for-box-js\">\r\n                      <\/div>\r\n\r\n                      <div class=\"cta\">\r\n              <a \r\n                class=\"bttn-secondary \" \r\n                href=\"https:\/\/www.libri.de\/en\/for-traders\/\" \r\n                target=\"_self\"\r\n                >\r\n                For traders              <\/a>\r\n            <\/div>\r\n          \r\n          \r\n        <\/div>\r\n        \r\n      <\/div>\r\n\r\n    \r\n  <\/div>\r\n<\/div>\r\n\r\n\n\n\r\n<div id=\"space-block_61a74f302cf86\" class=\"block-space module bc-green-2\" style=\"height: 48px;\"><\/div>","protected":false},"excerpt":{"rendered":"<p>Genau wie Ihr Online-Shop ist unsere Bestellannahme 24 Stunden am Tag erreichbar, um Ihre Auftr\u00e4ge schnell, zuverl\u00e4ssig und sicher abzuwickeln. Unser erprobter EDI-Prozess wickelt t\u00e4glich hunderttausende Bestellungen ab und bietet dabei die Flexibilit\u00e4t, wie sie von Ihnen und Ihren Kund*innen erwartet wird.<\/p>\n","protected":false},"author":10,"featured_media":34070,"parent":38560,"menu_order":0,"comment_status":"closed","ping_status":"closed","template":"","meta":{"_acf_changed":false,"footnotes":""},"class_list":["post-38578","page","type-page","status-publish","has-post-thumbnail","hentry"],"acf":[],"yoast_head":"<!-- This site is optimized with the Yoast SEO plugin v27.0 - https:\/\/yoast.com\/product\/yoast-seo-wordpress\/ -->\n<title>From articles in your shop to orders received at Libri | Libri GmbH<\/title>\n<meta name=\"robots\" content=\"index, follow, max-snippet:-1, max-image-preview:large, max-video-preview:-1\" \/>\n<link rel=\"canonical\" href=\"https:\/\/www.libri.de\/en\/for-traders\/ecommerce\/from-articles-in-your-shop-to-orders-received-at-libri\/\" \/>\n<meta property=\"og:locale\" content=\"en_US\" \/>\n<meta property=\"og:type\" content=\"article\" \/>\n<meta property=\"og:title\" content=\"From articles in your shop to orders received at Libri | Libri GmbH\" \/>\n<meta property=\"og:description\" content=\"Genau wie Ihr Online-Shop ist unsere Bestellannahme 24 Stunden am Tag erreichbar, um Ihre Auftr\u00e4ge schnell, zuverl\u00e4ssig und sicher abzuwickeln. Unser erprobter EDI-Prozess wickelt t\u00e4glich hunderttausende Bestellungen ab und bietet dabei die Flexibilit\u00e4t, wie sie von Ihnen und Ihren Kund*innen erwartet wird.\" \/>\n<meta property=\"og:url\" content=\"https:\/\/www.libri.de\/en\/for-traders\/ecommerce\/from-articles-in-your-shop-to-orders-received-at-libri\/\" \/>\n<meta property=\"og:site_name\" content=\"Libri GmbH\" \/>\n<meta property=\"article:publisher\" content=\"https:\/\/www.facebook.com\/libribarsortiment\" \/>\n<meta property=\"article:modified_time\" content=\"2022-03-16T14:18:57+00:00\" \/>\n<meta property=\"og:image\" content=\"https:\/\/www.libri.de\/wp-content\/uploads\/2021\/12\/libri_ecommerce_katalogdaten-onix.jpg\" \/>\n\t<meta property=\"og:image:width\" content=\"640\" \/>\n\t<meta property=\"og:image:height\" content=\"640\" \/>\n\t<meta property=\"og:image:type\" content=\"image\/jpeg\" \/>\n<meta name=\"twitter:card\" content=\"summary_large_image\" \/>\n<script type=\"application\/ld+json\" class=\"yoast-schema-graph\">{\"@context\":\"https:\/\/schema.org\",\"@graph\":[{\"@type\":\"WebPage\",\"@id\":\"https:\/\/www.libri.de\/en\/for-traders\/ecommerce\/from-articles-in-your-shop-to-orders-received-at-libri\/\",\"url\":\"https:\/\/www.libri.de\/en\/for-traders\/ecommerce\/from-articles-in-your-shop-to-orders-received-at-libri\/\",\"name\":\"From articles in your shop to orders received at Libri | Libri GmbH\",\"isPartOf\":{\"@id\":\"https:\/\/www.libri.de\/fr\/#website\"},\"primaryImageOfPage\":{\"@id\":\"https:\/\/www.libri.de\/en\/for-traders\/ecommerce\/from-articles-in-your-shop-to-orders-received-at-libri\/#primaryimage\"},\"image\":{\"@id\":\"https:\/\/www.libri.de\/en\/for-traders\/ecommerce\/from-articles-in-your-shop-to-orders-received-at-libri\/#primaryimage\"},\"thumbnailUrl\":\"https:\/\/www.libri.de\/wp-content\/uploads\/2021\/12\/libri_ecommerce_katalogdaten-onix.jpg\",\"datePublished\":\"2021-11-24T09:47:19+00:00\",\"dateModified\":\"2022-03-16T14:18:57+00:00\",\"breadcrumb\":{\"@id\":\"https:\/\/www.libri.de\/en\/for-traders\/ecommerce\/from-articles-in-your-shop-to-orders-received-at-libri\/#breadcrumb\"},\"inLanguage\":\"en-US\",\"potentialAction\":[{\"@type\":\"ReadAction\",\"target\":[\"https:\/\/www.libri.de\/en\/for-traders\/ecommerce\/from-articles-in-your-shop-to-orders-received-at-libri\/\"]}]},{\"@type\":\"ImageObject\",\"inLanguage\":\"en-US\",\"@id\":\"https:\/\/www.libri.de\/en\/for-traders\/ecommerce\/from-articles-in-your-shop-to-orders-received-at-libri\/#primaryimage\",\"url\":\"https:\/\/www.libri.de\/wp-content\/uploads\/2021\/12\/libri_ecommerce_katalogdaten-onix.jpg\",\"contentUrl\":\"https:\/\/www.libri.de\/wp-content\/uploads\/2021\/12\/libri_ecommerce_katalogdaten-onix.jpg\",\"width\":640,\"height\":640,\"caption\":\"Buchh\u00e4ndlerinnen organisieren sich mit Libri f\u00fcr die n\u00e4chste Buchbestellung\"},{\"@type\":\"BreadcrumbList\",\"@id\":\"https:\/\/www.libri.de\/en\/for-traders\/ecommerce\/from-articles-in-your-shop-to-orders-received-at-libri\/#breadcrumb\",\"itemListElement\":[{\"@type\":\"ListItem\",\"position\":1,\"name\":\"Home\",\"item\":\"https:\/\/www.libri.de\/en\/\"},{\"@type\":\"ListItem\",\"position\":2,\"name\":\"For traders\",\"item\":\"https:\/\/www.libri.de\/en\/for-traders\/\"},{\"@type\":\"ListItem\",\"position\":3,\"name\":\"eCommerce\",\"item\":\"https:\/\/www.libri.de\/en\/for-traders\/ecommerce\/\"},{\"@type\":\"ListItem\",\"position\":4,\"name\":\"From articles in your shop to orders received at Libri\"}]},{\"@type\":\"WebSite\",\"@id\":\"https:\/\/www.libri.de\/fr\/#website\",\"url\":\"https:\/\/www.libri.de\/fr\/\",\"name\":\"Libri GmbH\",\"description\":\"Barsortiment und Gro\u00dfhandel f\u00fcr B\u00fccher und andere Medien\",\"publisher\":{\"@id\":\"https:\/\/www.libri.de\/fr\/#organization\"},\"potentialAction\":[{\"@type\":\"SearchAction\",\"target\":{\"@type\":\"EntryPoint\",\"urlTemplate\":\"https:\/\/www.libri.de\/fr\/?s={search_term_string}\"},\"query-input\":{\"@type\":\"PropertyValueSpecification\",\"valueRequired\":true,\"valueName\":\"search_term_string\"}}],\"inLanguage\":\"en-US\"},{\"@type\":\"Organization\",\"@id\":\"https:\/\/www.libri.de\/fr\/#organization\",\"name\":\"Libri\",\"url\":\"https:\/\/www.libri.de\/fr\/\",\"logo\":{\"@type\":\"ImageObject\",\"inLanguage\":\"en-US\",\"@id\":\"https:\/\/www.libri.de\/fr\/#\/schema\/logo\/image\/\",\"url\":\"https:\/\/188.64.195.32\/wp-content\/uploads\/2022\/04\/libri_logo-1.jpg\",\"contentUrl\":\"https:\/\/188.64.195.32\/wp-content\/uploads\/2022\/04\/libri_logo-1.jpg\",\"width\":2000,\"height\":1000,\"caption\":\"Libri\"},\"image\":{\"@id\":\"https:\/\/www.libri.de\/fr\/#\/schema\/logo\/image\/\"},\"sameAs\":[\"https:\/\/www.facebook.com\/libribarsortiment\",\"https:\/\/www.instagram.com\/libri.barsortiment\",\"https:\/\/www.linkedin.com\/company\/libri-gmbh\"]}]}<\/script>\n<!-- \/ Yoast SEO plugin. -->","yoast_head_json":{"title":"From articles in your shop to orders received at Libri | Libri GmbH","robots":{"index":"index","follow":"follow","max-snippet":"max-snippet:-1","max-image-preview":"max-image-preview:large","max-video-preview":"max-video-preview:-1"},"canonical":"https:\/\/www.libri.de\/en\/for-traders\/ecommerce\/from-articles-in-your-shop-to-orders-received-at-libri\/","og_locale":"en_US","og_type":"article","og_title":"From articles in your shop to orders received at Libri | Libri GmbH","og_description":"Genau wie Ihr Online-Shop ist unsere Bestellannahme 24 Stunden am Tag erreichbar, um Ihre Auftr\u00e4ge schnell, zuverl\u00e4ssig und sicher abzuwickeln. Unser erprobter EDI-Prozess wickelt t\u00e4glich hunderttausende Bestellungen ab und bietet dabei die Flexibilit\u00e4t, wie sie von Ihnen und Ihren Kund*innen erwartet wird.","og_url":"https:\/\/www.libri.de\/en\/for-traders\/ecommerce\/from-articles-in-your-shop-to-orders-received-at-libri\/","og_site_name":"Libri GmbH","article_publisher":"https:\/\/www.facebook.com\/libribarsortiment","article_modified_time":"2022-03-16T14:18:57+00:00","og_image":[{"width":640,"height":640,"url":"https:\/\/www.libri.de\/wp-content\/uploads\/2021\/12\/libri_ecommerce_katalogdaten-onix.jpg","type":"image\/jpeg"}],"twitter_card":"summary_large_image","schema":{"@context":"https:\/\/schema.org","@graph":[{"@type":"WebPage","@id":"https:\/\/www.libri.de\/en\/for-traders\/ecommerce\/from-articles-in-your-shop-to-orders-received-at-libri\/","url":"https:\/\/www.libri.de\/en\/for-traders\/ecommerce\/from-articles-in-your-shop-to-orders-received-at-libri\/","name":"From articles in your shop to orders received at Libri | Libri GmbH","isPartOf":{"@id":"https:\/\/www.libri.de\/fr\/#website"},"primaryImageOfPage":{"@id":"https:\/\/www.libri.de\/en\/for-traders\/ecommerce\/from-articles-in-your-shop-to-orders-received-at-libri\/#primaryimage"},"image":{"@id":"https:\/\/www.libri.de\/en\/for-traders\/ecommerce\/from-articles-in-your-shop-to-orders-received-at-libri\/#primaryimage"},"thumbnailUrl":"https:\/\/www.libri.de\/wp-content\/uploads\/2021\/12\/libri_ecommerce_katalogdaten-onix.jpg","datePublished":"2021-11-24T09:47:19+00:00","dateModified":"2022-03-16T14:18:57+00:00","breadcrumb":{"@id":"https:\/\/www.libri.de\/en\/for-traders\/ecommerce\/from-articles-in-your-shop-to-orders-received-at-libri\/#breadcrumb"},"inLanguage":"en-US","potentialAction":[{"@type":"ReadAction","target":["https:\/\/www.libri.de\/en\/for-traders\/ecommerce\/from-articles-in-your-shop-to-orders-received-at-libri\/"]}]},{"@type":"ImageObject","inLanguage":"en-US","@id":"https:\/\/www.libri.de\/en\/for-traders\/ecommerce\/from-articles-in-your-shop-to-orders-received-at-libri\/#primaryimage","url":"https:\/\/www.libri.de\/wp-content\/uploads\/2021\/12\/libri_ecommerce_katalogdaten-onix.jpg","contentUrl":"https:\/\/www.libri.de\/wp-content\/uploads\/2021\/12\/libri_ecommerce_katalogdaten-onix.jpg","width":640,"height":640,"caption":"Buchh\u00e4ndlerinnen organisieren sich mit Libri f\u00fcr die n\u00e4chste Buchbestellung"},{"@type":"BreadcrumbList","@id":"https:\/\/www.libri.de\/en\/for-traders\/ecommerce\/from-articles-in-your-shop-to-orders-received-at-libri\/#breadcrumb","itemListElement":[{"@type":"ListItem","position":1,"name":"Home","item":"https:\/\/www.libri.de\/en\/"},{"@type":"ListItem","position":2,"name":"For traders","item":"https:\/\/www.libri.de\/en\/for-traders\/"},{"@type":"ListItem","position":3,"name":"eCommerce","item":"https:\/\/www.libri.de\/en\/for-traders\/ecommerce\/"},{"@type":"ListItem","position":4,"name":"From articles in your shop to orders received at Libri"}]},{"@type":"WebSite","@id":"https:\/\/www.libri.de\/fr\/#website","url":"https:\/\/www.libri.de\/fr\/","name":"Libri GmbH","description":"Barsortiment und Gro\u00dfhandel f\u00fcr B\u00fccher und andere Medien","publisher":{"@id":"https:\/\/www.libri.de\/fr\/#organization"},"potentialAction":[{"@type":"SearchAction","target":{"@type":"EntryPoint","urlTemplate":"https:\/\/www.libri.de\/fr\/?s={search_term_string}"},"query-input":{"@type":"PropertyValueSpecification","valueRequired":true,"valueName":"search_term_string"}}],"inLanguage":"en-US"},{"@type":"Organization","@id":"https:\/\/www.libri.de\/fr\/#organization","name":"Libri","url":"https:\/\/www.libri.de\/fr\/","logo":{"@type":"ImageObject","inLanguage":"en-US","@id":"https:\/\/www.libri.de\/fr\/#\/schema\/logo\/image\/","url":"https:\/\/188.64.195.32\/wp-content\/uploads\/2022\/04\/libri_logo-1.jpg","contentUrl":"https:\/\/188.64.195.32\/wp-content\/uploads\/2022\/04\/libri_logo-1.jpg","width":2000,"height":1000,"caption":"Libri"},"image":{"@id":"https:\/\/www.libri.de\/fr\/#\/schema\/logo\/image\/"},"sameAs":["https:\/\/www.facebook.com\/libribarsortiment","https:\/\/www.instagram.com\/libri.barsortiment","https:\/\/www.linkedin.com\/company\/libri-gmbh"]}]}},"_links":{"self":[{"href":"https:\/\/www.libri.de\/en\/wp-json\/wp\/v2\/pages\/38578","targetHints":{"allow":["GET"]}}],"collection":[{"href":"https:\/\/www.libri.de\/en\/wp-json\/wp\/v2\/pages"}],"about":[{"href":"https:\/\/www.libri.de\/en\/wp-json\/wp\/v2\/types\/page"}],"author":[{"embeddable":true,"href":"https:\/\/www.libri.de\/en\/wp-json\/wp\/v2\/users\/10"}],"replies":[{"embeddable":true,"href":"https:\/\/www.libri.de\/en\/wp-json\/wp\/v2\/comments?post=38578"}],"version-history":[{"count":0,"href":"https:\/\/www.libri.de\/en\/wp-json\/wp\/v2\/pages\/38578\/revisions"}],"up":[{"embeddable":true,"href":"https:\/\/www.libri.de\/en\/wp-json\/wp\/v2\/pages\/38560"}],"wp:featuredmedia":[{"embeddable":true,"href":"https:\/\/www.libri.de\/en\/wp-json\/wp\/v2\/media\/34070"}],"wp:attachment":[{"href":"https:\/\/www.libri.de\/en\/wp-json\/wp\/v2\/media?parent=38578"}],"curies":[{"name":"wp","href":"https:\/\/api.w.org\/{rel}","templated":true}]}}