{"id":38568,"date":"2021-11-24T11:34:22","date_gmt":"2021-11-24T09:34:22","guid":{"rendered":"https:\/\/www.libri.de\/for-traders\/ecommerce\/produktdaten-fuer-ecommerce-warenwirtschaft\/"},"modified":"2024-11-20T17:16:59","modified_gmt":"2024-11-20T15:16:59","slug":"product-data-for-ecommerce-erp","status":"publish","type":"page","link":"https:\/\/www.libri.de\/en\/for-traders\/ecommerce\/product-data-for-ecommerce-erp\/","title":{"rendered":"Product data for eCommerce &#038; ERP"},"content":{"rendered":"\r\n<div id=\"header-block_260c5c97f5a636a6bd70365cffcbbd44\" class=\"block-header module type-big bc-third-blue c-white-imp\">\r\n  <div class=\"container\">\r\n\r\n    <p id=\"breadcrumbs\"><span><span><a href=\"https:\/\/www.libri.de\/en\/\">Home<\/a><\/span><\/span><\/p>    \r\n    \r\n      \r\n      <div class=\"row\">\r\n        <div class=\"col-12 col-md-10 title\">\r\n          <h1 class=\"\"> Product data for eCommerce &#038; ERP<\/h1>\r\n        <\/div>\r\n\r\n        <div class=\"col-12 col-md-10 text\">\r\n          <p>Libri catalogue data includes an extensive range of national and international book titles, e-books and many other non-book articles that are updated on a daily basis.<\/p>\r\n        <\/div>\r\n      <\/div>\r\n\r\n      \r\n  <\/div>\r\n<\/div>\r\n\r\n\n\n\r\n<div id=\"anchor-nav-block_d42f2d2fa647fd68c8f0ed675204c689\" class=\"block-anchor-nav module bc-third-blue c-white-imp\"  >\r\n\r\n      <div class=\"container\"><div class=\"line\"><\/div><\/div>\r\n    \r\n    <div class=\"container\">\r\n      <div class=\"p-relative\">\r\n        <div class=\"arrow left\"><\/div>\r\n        <div class=\"arrow right\"><\/div>\r\n      <\/div>\r\n      <div class=\"overflow-x-auto\">\r\n        <div class=\"d-flex anchor-nav\" data-class=\"anchor-nav-entry\"><\/div>\r\n      <\/div>\r\n    <\/div>\r\n\r\n  <\/div>\r\n\r\n\n\n\r\n<div id=\"space-block_5dbdc2dbfb906ffea340651426559aac\" class=\"block-space module bc-trans\" style=\"height: 48px;\"><\/div>\n\n\r\n<div id=\"text-block_619650538347d99a8b26183008520f30\" class=\"block-text module type-text bc-trans\">\r\n  <div class=\"container\">\r\n\r\n    \r\n      <div class=\"row \">\r\n\r\n        \r\n        <div class=\"col-12 col-md-10\">\r\n\r\n          \r\n          <div class=\"text for-box-js\">\r\n            <p><span lang=\"EN-GB\">With the aim of providing you with the very best catalogue, the data is constantly being analysed, evaluated and is subjected to continuous data cleansing. This enables you to fully concentrate on your core business and rely on product data optimally prepared by Libri.<\/span><\/p>\n<p><span lang=\"EN-GB\">To help your customers find their next favourite book, the product data also contains a great deal of valuable information about the popularity of a title and its ranking, which you can use as content for your online shop if you wish.<\/span><\/p>\n          <\/div>\r\n\r\n          \r\n          \r\n        <\/div>\r\n        \r\n      <\/div>\r\n\r\n    \r\n  <\/div>\r\n<\/div>\r\n\r\n\n\n\r\n<div id=\"10-million-data-sets\" class=\"block-anchor\" data-title=\"10 million data sets\" >\r\n\r\n  <\/div>\r\n\r\n\n\n\r\n<div id=\"text-block_fd4203f5f52e427205def429220a9c25\" class=\"block-text module type-text bc-trans\">\r\n  <div class=\"container\">\r\n\r\n    \r\n      <div class=\"row \">\r\n\r\n        \r\n        <div class=\"col-12 col-md-10\">\r\n\r\n                      <h2 class=\"title\">Delivering cultural diversity for your success<\/h2>\r\n          \r\n          <div class=\"text for-box-js\">\r\n            <p><strong><span lang=\"EN-GB\">What do your customers want? Find everything!<\/span><\/strong><\/p>\n<blockquote><p><span lang=\"EN-GB\">Libri can provide you with over 10 million data sets<\/span><\/p><\/blockquote>\n<p>&nbsp;<\/p>\n<p><span lang=\"EN-GB\">With 10 million data sets, Libri provides the largest media offering in Germany. By using Libri\u2019s catalogue data you have the opportunity to present your customers with the most comprehensive range of articles on the German and international book market. It covers over 95% of readers&#8217; needs, impressive for even the discerning clientele of specialist book business.<\/span><\/p>\n<p><span lang=\"EN-GB\">A large selection of German-language titles also includes international literature, DVDs and CDs, calendars as well as other non-book articles.<\/span><\/p>\n          <\/div>\r\n\r\n          \r\n          \r\n        <\/div>\r\n        \r\n      <\/div>\r\n\r\n    \r\n  <\/div>\r\n<\/div>\r\n\r\n\n\n\r\n<div id=\"features-of-the-libri-catalogue\" class=\"block-anchor\" data-title=\"Features of the Libri catalogue\" >\r\n\r\n  <\/div>\r\n\r\n\n\n\r\n<div id=\"text-block_5b604d2f13dcb67c3a16531949898570\" class=\"block-text module type-text bc-trans\">\r\n  <div class=\"container\">\r\n\r\n    \r\n      <div class=\"row \">\r\n\r\n        \r\n        <div class=\"col-12 col-md-10\">\r\n\r\n                      <h2 class=\"title\">The highest data quality for optimum search results<\/h2>\r\n          \r\n          <div class=\"text for-box-js\">\r\n            <p><span lang=\"EN-GB\">You will receive important master data information, such as author, title, price, weight, for each article and have access to cover images in various sizes via our media server. In addition to front and back cover blurb, we also provide author portraits and tables of contents.<\/span><\/p>\n<p><span lang=\"EN-GB\">Especially in the case of online shops, being able to look inside the book is a decisive criterion when it comes to converting interest into a purchase decision and the resulting enjoyment of reading the book. Libri naturally also provides you with the catalogue data along with this link.<\/span><\/p>\n<p><span lang=\"EN-GB\">In order to help your customers to select suitable titles, you will also receive valuable information from us about title relevance (in relation to the sales figures of comparable titles) in order, for example, to map indices and purchase recommendations.<\/span><\/p>\n<p><span lang=\"EN-GB\">To ensure that the books reach readers on the expected delivery date, the catalogue data provides the current availability status as well as differentiated information on delivery times for special orders.<\/span><\/p>\n          <\/div>\r\n\r\n          \r\n          \r\n        <\/div>\r\n        \r\n      <\/div>\r\n\r\n    \r\n  <\/div>\r\n<\/div>\r\n\r\n\n\n\r\n<div id=\"onix-format\" class=\"block-anchor\" data-title=\"ONIX format\" >\r\n\r\n  <\/div>\r\n\r\n\n\n\r\n<div id=\"text-block_e1bf0319c3458e7a8b8c94f608ff37a7\" class=\"block-text module type-text bc-trans\">\r\n  <div class=\"container\">\r\n\r\n    \r\n      <div class=\"row \">\r\n\r\n        \r\n        <div class=\"col-12 col-md-10\">\r\n\r\n                      <h2 class=\"title\">Your access to Libri catalogue data<\/h2>\r\n          \r\n          <div class=\"text for-box-js\">\r\n            <p><span lang=\"EN-GB\">When transferring catalogue data (ONIX format) you have the choice between retrieving the daily update via FTP download or via a web service.<\/span><\/p>\n<p><span lang=\"EN-GB\">Via the initial upload you will receive all data from the extensive Libri catalogue, as well as daily updates providing you with important new information about the titles in our range. Extensive filter options relating to product groups, topics and other criteria of your choice are then available to you, providing extensive and unlimited access.<\/span><\/p>\n<p><span lang=\"EN-GB\">Both at the start of cooperation as well as throughout long-standing partnerships, we are there to actively assist and advise you on all EDI topics.<\/span><\/p>\n          <\/div>\r\n\r\n          \r\n          \r\n        <\/div>\r\n        \r\n      <\/div>\r\n\r\n    \r\n  <\/div>\r\n<\/div>\r\n\r\n\n\n\r\n<div id=\"libri-inventory-feed\" class=\"block-anchor\" data-title=\"Libri Inventory Feed\" >\r\n\r\n  <\/div>\r\n\r\n\n\n\r\n<div id=\"text-block_6a12b1c1d6de51d472dc476273ccaec4\" class=\"block-text module type-text bc-trans\">\r\n  <div class=\"container\">\r\n\r\n    \r\n      <div class=\"row \">\r\n\r\n        \r\n        <div class=\"col-12 col-md-10\">\r\n\r\n                      <h2 class=\"title\">Always be up-to-date with the Libri Inventory Feed<\/h2>\r\n          \r\n          <div class=\"text for-box-js\">\r\n            <p><span lang=\"EN-GB\">Do you already use catalogue data and only require an overview of titles available from Libri or would you like an hourly update of Libri\u2019s inventory? Here we can also provide you with a suitable solution: the Libri Inventory Feed (IVF).<\/span><\/p>\n<p><span lang=\"EN-GB\">The IVF with your personal access data is available as a CSV file and can be accessed via FTP server. It includes our current stock titles as well as information on EAN, price, stock, weight and the currency units of the respective product group.<\/span><\/p>\n<p><span lang=\"EN-GB\">We are happy to consider requests for individual IVFs.<\/span><\/p>\n          <\/div>\r\n\r\n          \r\n          \r\n        <\/div>\r\n        \r\n      <\/div>\r\n\r\n    \r\n  <\/div>\r\n<\/div>\r\n\r\n\n\n\r\n<div id=\"space-block_5dbdc2dbfb906ffea340651426559aac\" class=\"block-space module bc-trans\" style=\"height: 48px;\"><\/div>\n\n\r\n<div id=\"teaser-contact-block_5ee0388770f9a12b73e962668c1a4645\" class=\"block-teaser-contact bc-third-blue c-white-imp\">\r\n  <div class=\"container\">\r\n    <div class=\"row flex-md-row-reverse justify-content-between\">\r\n\r\n      <div class=\"col-12 col-md-4\">\r\n        <div class=\"image\">\r\n          <img decoding=\"async\" width=\"24\" height=\"24\" src=\"https:\/\/www.libri.de\/wp-content\/uploads\/2021\/11\/groups_white_24dp.svg\" class=\"attachment-medium_large size-medium_large\" alt=\"\" \/>        <\/div>\r\n      <\/div>\r\n\r\n      <div class=\"col-12 col-md-6 d-flex flex-column\">\r\n\r\n        <div class=\"text\">\r\n                      <h2 class=\"title\">We are happy to help you.<\/h2>\r\n          \r\n                      <p>Do you have questions or a specific request?<\/p>\r\n                  <\/div>\r\n\r\n                  <div class=\"cta\">\r\n            <a \r\n              class=\"bttn-primary \"\r\n              href=\"https:\/\/www.libri.de\/en\/contact\/ecommerce-und-internationale-kundinnen\/\"\r\n              target=\"_self\"\r\n              >\r\n              Contact us now            <\/a>\r\n          <\/div>\r\n        \r\n        \r\n      <\/div>\r\n\r\n    <\/div>\r\n  <\/div>\r\n<\/div>\r\n\r\n\n\n\r\n<div id=\"text-block_25db84edbccfca1a3bd1279e0aa5ce77\" class=\"block-text module type-text bc-green-2\">\r\n  <div class=\"container\">\r\n\r\n    \r\n      <div class=\"row \">\r\n\r\n        \r\n        <div class=\"col-12 col-md-10\">\r\n\r\n          \r\n          <div class=\"text for-box-js\">\r\n                      <\/div>\r\n\r\n                      <div class=\"cta\">\r\n              <a \r\n                class=\"bttn-secondary \" \r\n                href=\"https:\/\/www.libri.de\/en\/for-traders\/\" \r\n                target=\"_self\"\r\n                >\r\n                For traders              <\/a>\r\n            <\/div>\r\n          \r\n          \r\n        <\/div>\r\n        \r\n      <\/div>\r\n\r\n    \r\n  <\/div>\r\n<\/div>\r\n\r\n\n\n\r\n<div id=\"space-block_fa5c99b9766ed341c317351aeb1e9714\" class=\"block-space module bc-green-2\" style=\"height: 48px;\"><\/div>","protected":false},"excerpt":{"rendered":"<p>Die Libri Katalogdaten beinhalten ein umfangreiches Angebot nationaler und internationaler Buchtitel, eBooks sowie vielen weiteren Non-Book-Artikeln, die t\u00e4glich aktualisiert werden. <\/p>\n","protected":false},"author":10,"featured_media":34895,"parent":38560,"menu_order":0,"comment_status":"closed","ping_status":"closed","template":"","meta":{"_acf_changed":false,"footnotes":""},"class_list":["post-38568","page","type-page","status-publish","has-post-thumbnail","hentry"],"acf":[],"yoast_head":"<!-- This site is optimized with the Yoast SEO plugin v27.0 - https:\/\/yoast.com\/product\/yoast-seo-wordpress\/ -->\n<title>Product data for eCommerce &amp; ERP | Libri GmbH<\/title>\n<meta name=\"robots\" content=\"index, follow, max-snippet:-1, max-image-preview:large, max-video-preview:-1\" \/>\n<link rel=\"canonical\" href=\"https:\/\/www.libri.de\/en\/for-traders\/ecommerce\/product-data-for-ecommerce-erp\/\" \/>\n<meta property=\"og:locale\" content=\"en_US\" \/>\n<meta property=\"og:type\" content=\"article\" \/>\n<meta property=\"og:title\" content=\"Product data for eCommerce &amp; ERP | Libri GmbH\" \/>\n<meta property=\"og:description\" content=\"Die Libri Katalogdaten beinhalten ein umfangreiches Angebot nationaler und internationaler Buchtitel, eBooks sowie vielen weiteren Non-Book-Artikeln, die t\u00e4glich aktualisiert werden.\" \/>\n<meta property=\"og:url\" content=\"https:\/\/www.libri.de\/en\/for-traders\/ecommerce\/product-data-for-ecommerce-erp\/\" \/>\n<meta property=\"og:site_name\" content=\"Libri GmbH\" \/>\n<meta property=\"article:publisher\" content=\"https:\/\/www.facebook.com\/libribarsortiment\" \/>\n<meta property=\"article:modified_time\" content=\"2024-11-20T15:16:59+00:00\" \/>\n<meta property=\"og:image\" content=\"https:\/\/www.libri.de\/wp-content\/uploads\/2021\/12\/Beitragsbild_Libri_mittelblau.jpg\" \/>\n\t<meta property=\"og:image:width\" content=\"1990\" \/>\n\t<meta property=\"og:image:height\" content=\"1100\" \/>\n\t<meta property=\"og:image:type\" content=\"image\/jpeg\" \/>\n<meta name=\"twitter:card\" content=\"summary_large_image\" \/>\n<meta name=\"twitter:label1\" content=\"Est. reading time\" \/>\n\t<meta name=\"twitter:data1\" content=\"1 minute\" \/>\n<script type=\"application\/ld+json\" class=\"yoast-schema-graph\">{\"@context\":\"https:\/\/schema.org\",\"@graph\":[{\"@type\":\"WebPage\",\"@id\":\"https:\/\/www.libri.de\/en\/for-traders\/ecommerce\/product-data-for-ecommerce-erp\/\",\"url\":\"https:\/\/www.libri.de\/en\/for-traders\/ecommerce\/product-data-for-ecommerce-erp\/\",\"name\":\"Product data for eCommerce & ERP | Libri GmbH\",\"isPartOf\":{\"@id\":\"https:\/\/www.libri.de\/fr\/#website\"},\"primaryImageOfPage\":{\"@id\":\"https:\/\/www.libri.de\/en\/for-traders\/ecommerce\/product-data-for-ecommerce-erp\/#primaryimage\"},\"image\":{\"@id\":\"https:\/\/www.libri.de\/en\/for-traders\/ecommerce\/product-data-for-ecommerce-erp\/#primaryimage\"},\"thumbnailUrl\":\"https:\/\/www.libri.de\/wp-content\/uploads\/2021\/12\/Beitragsbild_Libri_mittelblau.jpg\",\"datePublished\":\"2021-11-24T09:34:22+00:00\",\"dateModified\":\"2024-11-20T15:16:59+00:00\",\"breadcrumb\":{\"@id\":\"https:\/\/www.libri.de\/en\/for-traders\/ecommerce\/product-data-for-ecommerce-erp\/#breadcrumb\"},\"inLanguage\":\"en-US\",\"potentialAction\":[{\"@type\":\"ReadAction\",\"target\":[\"https:\/\/www.libri.de\/en\/for-traders\/ecommerce\/product-data-for-ecommerce-erp\/\"]}]},{\"@type\":\"ImageObject\",\"inLanguage\":\"en-US\",\"@id\":\"https:\/\/www.libri.de\/en\/for-traders\/ecommerce\/product-data-for-ecommerce-erp\/#primaryimage\",\"url\":\"https:\/\/www.libri.de\/wp-content\/uploads\/2021\/12\/Beitragsbild_Libri_mittelblau.jpg\",\"contentUrl\":\"https:\/\/www.libri.de\/wp-content\/uploads\/2021\/12\/Beitragsbild_Libri_mittelblau.jpg\",\"width\":1990,\"height\":1100},{\"@type\":\"BreadcrumbList\",\"@id\":\"https:\/\/www.libri.de\/en\/for-traders\/ecommerce\/product-data-for-ecommerce-erp\/#breadcrumb\",\"itemListElement\":[{\"@type\":\"ListItem\",\"position\":1,\"name\":\"Home\",\"item\":\"https:\/\/www.libri.de\/en\/\"},{\"@type\":\"ListItem\",\"position\":2,\"name\":\"For traders\",\"item\":\"https:\/\/www.libri.de\/en\/for-traders\/\"},{\"@type\":\"ListItem\",\"position\":3,\"name\":\"eCommerce\",\"item\":\"https:\/\/www.libri.de\/en\/for-traders\/ecommerce\/\"},{\"@type\":\"ListItem\",\"position\":4,\"name\":\"Product data for eCommerce &#038; ERP\"}]},{\"@type\":\"WebSite\",\"@id\":\"https:\/\/www.libri.de\/fr\/#website\",\"url\":\"https:\/\/www.libri.de\/fr\/\",\"name\":\"Libri GmbH\",\"description\":\"Barsortiment und Gro\u00dfhandel f\u00fcr B\u00fccher und andere Medien\",\"publisher\":{\"@id\":\"https:\/\/www.libri.de\/fr\/#organization\"},\"potentialAction\":[{\"@type\":\"SearchAction\",\"target\":{\"@type\":\"EntryPoint\",\"urlTemplate\":\"https:\/\/www.libri.de\/fr\/?s={search_term_string}\"},\"query-input\":{\"@type\":\"PropertyValueSpecification\",\"valueRequired\":true,\"valueName\":\"search_term_string\"}}],\"inLanguage\":\"en-US\"},{\"@type\":\"Organization\",\"@id\":\"https:\/\/www.libri.de\/fr\/#organization\",\"name\":\"Libri\",\"url\":\"https:\/\/www.libri.de\/fr\/\",\"logo\":{\"@type\":\"ImageObject\",\"inLanguage\":\"en-US\",\"@id\":\"https:\/\/www.libri.de\/fr\/#\/schema\/logo\/image\/\",\"url\":\"https:\/\/188.64.195.32\/wp-content\/uploads\/2022\/04\/libri_logo-1.jpg\",\"contentUrl\":\"https:\/\/188.64.195.32\/wp-content\/uploads\/2022\/04\/libri_logo-1.jpg\",\"width\":2000,\"height\":1000,\"caption\":\"Libri\"},\"image\":{\"@id\":\"https:\/\/www.libri.de\/fr\/#\/schema\/logo\/image\/\"},\"sameAs\":[\"https:\/\/www.facebook.com\/libribarsortiment\",\"https:\/\/www.instagram.com\/libri.barsortiment\",\"https:\/\/www.linkedin.com\/company\/libri-gmbh\"]}]}<\/script>\n<!-- \/ Yoast SEO plugin. -->","yoast_head_json":{"title":"Product data for eCommerce & ERP | Libri GmbH","robots":{"index":"index","follow":"follow","max-snippet":"max-snippet:-1","max-image-preview":"max-image-preview:large","max-video-preview":"max-video-preview:-1"},"canonical":"https:\/\/www.libri.de\/en\/for-traders\/ecommerce\/product-data-for-ecommerce-erp\/","og_locale":"en_US","og_type":"article","og_title":"Product data for eCommerce & ERP | Libri GmbH","og_description":"Die Libri Katalogdaten beinhalten ein umfangreiches Angebot nationaler und internationaler Buchtitel, eBooks sowie vielen weiteren Non-Book-Artikeln, die t\u00e4glich aktualisiert werden.","og_url":"https:\/\/www.libri.de\/en\/for-traders\/ecommerce\/product-data-for-ecommerce-erp\/","og_site_name":"Libri GmbH","article_publisher":"https:\/\/www.facebook.com\/libribarsortiment","article_modified_time":"2024-11-20T15:16:59+00:00","og_image":[{"width":1990,"height":1100,"url":"https:\/\/www.libri.de\/wp-content\/uploads\/2021\/12\/Beitragsbild_Libri_mittelblau.jpg","type":"image\/jpeg"}],"twitter_card":"summary_large_image","twitter_misc":{"Est. reading time":"1 minute"},"schema":{"@context":"https:\/\/schema.org","@graph":[{"@type":"WebPage","@id":"https:\/\/www.libri.de\/en\/for-traders\/ecommerce\/product-data-for-ecommerce-erp\/","url":"https:\/\/www.libri.de\/en\/for-traders\/ecommerce\/product-data-for-ecommerce-erp\/","name":"Product data for eCommerce & ERP | Libri GmbH","isPartOf":{"@id":"https:\/\/www.libri.de\/fr\/#website"},"primaryImageOfPage":{"@id":"https:\/\/www.libri.de\/en\/for-traders\/ecommerce\/product-data-for-ecommerce-erp\/#primaryimage"},"image":{"@id":"https:\/\/www.libri.de\/en\/for-traders\/ecommerce\/product-data-for-ecommerce-erp\/#primaryimage"},"thumbnailUrl":"https:\/\/www.libri.de\/wp-content\/uploads\/2021\/12\/Beitragsbild_Libri_mittelblau.jpg","datePublished":"2021-11-24T09:34:22+00:00","dateModified":"2024-11-20T15:16:59+00:00","breadcrumb":{"@id":"https:\/\/www.libri.de\/en\/for-traders\/ecommerce\/product-data-for-ecommerce-erp\/#breadcrumb"},"inLanguage":"en-US","potentialAction":[{"@type":"ReadAction","target":["https:\/\/www.libri.de\/en\/for-traders\/ecommerce\/product-data-for-ecommerce-erp\/"]}]},{"@type":"ImageObject","inLanguage":"en-US","@id":"https:\/\/www.libri.de\/en\/for-traders\/ecommerce\/product-data-for-ecommerce-erp\/#primaryimage","url":"https:\/\/www.libri.de\/wp-content\/uploads\/2021\/12\/Beitragsbild_Libri_mittelblau.jpg","contentUrl":"https:\/\/www.libri.de\/wp-content\/uploads\/2021\/12\/Beitragsbild_Libri_mittelblau.jpg","width":1990,"height":1100},{"@type":"BreadcrumbList","@id":"https:\/\/www.libri.de\/en\/for-traders\/ecommerce\/product-data-for-ecommerce-erp\/#breadcrumb","itemListElement":[{"@type":"ListItem","position":1,"name":"Home","item":"https:\/\/www.libri.de\/en\/"},{"@type":"ListItem","position":2,"name":"For traders","item":"https:\/\/www.libri.de\/en\/for-traders\/"},{"@type":"ListItem","position":3,"name":"eCommerce","item":"https:\/\/www.libri.de\/en\/for-traders\/ecommerce\/"},{"@type":"ListItem","position":4,"name":"Product data for eCommerce &#038; ERP"}]},{"@type":"WebSite","@id":"https:\/\/www.libri.de\/fr\/#website","url":"https:\/\/www.libri.de\/fr\/","name":"Libri GmbH","description":"Barsortiment und Gro\u00dfhandel f\u00fcr B\u00fccher und andere Medien","publisher":{"@id":"https:\/\/www.libri.de\/fr\/#organization"},"potentialAction":[{"@type":"SearchAction","target":{"@type":"EntryPoint","urlTemplate":"https:\/\/www.libri.de\/fr\/?s={search_term_string}"},"query-input":{"@type":"PropertyValueSpecification","valueRequired":true,"valueName":"search_term_string"}}],"inLanguage":"en-US"},{"@type":"Organization","@id":"https:\/\/www.libri.de\/fr\/#organization","name":"Libri","url":"https:\/\/www.libri.de\/fr\/","logo":{"@type":"ImageObject","inLanguage":"en-US","@id":"https:\/\/www.libri.de\/fr\/#\/schema\/logo\/image\/","url":"https:\/\/188.64.195.32\/wp-content\/uploads\/2022\/04\/libri_logo-1.jpg","contentUrl":"https:\/\/188.64.195.32\/wp-content\/uploads\/2022\/04\/libri_logo-1.jpg","width":2000,"height":1000,"caption":"Libri"},"image":{"@id":"https:\/\/www.libri.de\/fr\/#\/schema\/logo\/image\/"},"sameAs":["https:\/\/www.facebook.com\/libribarsortiment","https:\/\/www.instagram.com\/libri.barsortiment","https:\/\/www.linkedin.com\/company\/libri-gmbh"]}]}},"_links":{"self":[{"href":"https:\/\/www.libri.de\/en\/wp-json\/wp\/v2\/pages\/38568","targetHints":{"allow":["GET"]}}],"collection":[{"href":"https:\/\/www.libri.de\/en\/wp-json\/wp\/v2\/pages"}],"about":[{"href":"https:\/\/www.libri.de\/en\/wp-json\/wp\/v2\/types\/page"}],"author":[{"embeddable":true,"href":"https:\/\/www.libri.de\/en\/wp-json\/wp\/v2\/users\/10"}],"replies":[{"embeddable":true,"href":"https:\/\/www.libri.de\/en\/wp-json\/wp\/v2\/comments?post=38568"}],"version-history":[{"count":1,"href":"https:\/\/www.libri.de\/en\/wp-json\/wp\/v2\/pages\/38568\/revisions"}],"predecessor-version":[{"id":74699,"href":"https:\/\/www.libri.de\/en\/wp-json\/wp\/v2\/pages\/38568\/revisions\/74699"}],"up":[{"embeddable":true,"href":"https:\/\/www.libri.de\/en\/wp-json\/wp\/v2\/pages\/38560"}],"wp:featuredmedia":[{"embeddable":true,"href":"https:\/\/www.libri.de\/en\/wp-json\/wp\/v2\/media\/34895"}],"wp:attachment":[{"href":"https:\/\/www.libri.de\/en\/wp-json\/wp\/v2\/media?parent=38568"}],"curies":[{"name":"wp","href":"https:\/\/api.w.org\/{rel}","templated":true}]}}