{"id":38560,"date":"2022-03-16T11:53:12","date_gmt":"2022-03-16T09:53:12","guid":{"rendered":"https:\/\/www.libri.de\/for-traders\/ecommerce\/"},"modified":"2025-03-06T11:22:03","modified_gmt":"2025-03-06T09:22:03","slug":"ecommerce","status":"publish","type":"page","link":"https:\/\/www.libri.de\/en\/for-traders\/ecommerce\/","title":{"rendered":"eCommerce"},"content":{"rendered":"\r\n<div id=\"header-block_68fa1b4c9bb7e14f690a89572096d957\" class=\"block-header module type-big bc-blue c-white-imp\">\r\n  <div class=\"container\">\r\n\r\n    <p id=\"breadcrumbs\"><span><span><a href=\"https:\/\/www.libri.de\/en\/\">Home<\/a><\/span><\/span><\/p>    \r\n    \r\n              <div class=\"image\">\r\n          <img decoding=\"async\" width=\"1650\" height=\"910\" src=\"https:\/\/www.libri.de\/wp-content\/uploads\/2021\/12\/libri_service_ecommerce.jpg\" class=\"attachment-2048x2048 size-2048x2048\" alt=\"Kundin sucht im Internet \u00fcber eCommerce ihr gesuchtes Buch\" srcset=\"https:\/\/www.libri.de\/wp-content\/uploads\/2021\/12\/libri_service_ecommerce.jpg 1650w, https:\/\/www.libri.de\/wp-content\/uploads\/2021\/12\/libri_service_ecommerce-300x165.jpg 300w, https:\/\/www.libri.de\/wp-content\/uploads\/2021\/12\/libri_service_ecommerce-1024x565.jpg 1024w, https:\/\/www.libri.de\/wp-content\/uploads\/2021\/12\/libri_service_ecommerce-768x424.jpg 768w, https:\/\/www.libri.de\/wp-content\/uploads\/2021\/12\/libri_service_ecommerce-1536x847.jpg 1536w\" sizes=\"(max-width: 1650px) 100vw, 1650px\" \/>        <\/div>\r\n      \r\n      <div class=\"row\">\r\n        <div class=\"col-12 col-md-10 title\">\r\n          <h1 class=\"\">eCommerce<\/h1>\r\n        <\/div>\r\n\r\n        <div class=\"col-12 col-md-10 text\">\r\n          <p>With the help of our extensive catalogue data, we provide you with the best possible support for your online business. We are happy to deliver our products to you or directly to your customers&#8217; homes. Flexibility and speed are first and foremost at Libri.<\/p>\r\n        <\/div>\r\n      <\/div>\r\n\r\n      \r\n  <\/div>\r\n<\/div>\r\n\r\n\n\n\r\n<div id=\"anchor-nav-block_e30ee243dd974787dcca643803333442\" class=\"block-anchor-nav module bc-blue c-white-imp\"  >\r\n\r\n      <div class=\"container\"><div class=\"line\"><\/div><\/div>\r\n    \r\n    <div class=\"container\">\r\n      <div class=\"p-relative\">\r\n        <div class=\"arrow left\"><\/div>\r\n        <div class=\"arrow right\"><\/div>\r\n      <\/div>\r\n      <div class=\"overflow-x-auto\">\r\n        <div class=\"d-flex anchor-nav\" data-class=\"anchor-nav-entry\"><\/div>\r\n      <\/div>\r\n    <\/div>\r\n\r\n  <\/div>\r\n\r\n\n\n\r\n<div id=\"space-block_400e27de02a15b28d6f761362a1d737d\" class=\"block-space module bc-blue c-white-imp\" style=\"height: 48px;\"><\/div>\n\n\r\n<div id=\"space-block_3bd0e7e188b2f7dd177bafbb9c15e144\" class=\"block-space module bc-trans\" style=\"height: 48px;\"><\/div>\n\n\r\n<div id=\"product-data\" class=\"block-anchor\" data-title=\"Product data \" >\r\n\r\n  <\/div>\r\n\r\n\n\n\r\n<div id=\"text-block_da19896cc151657cef5d24f8ddf5dd2a\" class=\"block-text module type-text bc-trans\">\r\n  <div class=\"container\">\r\n\r\n    \r\n      <div class=\"row \">\r\n\r\n        \r\n        <div class=\"col-12 col-md-10\">\r\n\r\n                      <h2 class=\"title\">Product data for eCommerce &#038; ERP systems<\/h2>\r\n          \r\n          <div class=\"text for-box-js\">\r\n            <p>Libri catalogue data includes an extensive range of national and international book titles, e-books and many other non-book articles, updated on a daily basis.<\/p>\n          <\/div>\r\n\r\n                      <div class=\"cta\">\r\n              <a \r\n                class=\"bttn-secondary icn-no\" \r\n                href=\"https:\/\/www.libri.de\/en\/for-traders\/ecommerce\/product-data-for-ecommerce-erp\/\" \r\n                target=\"_self\"\r\n                >\r\n                More \u2192              <\/a>\r\n            <\/div>\r\n          \r\n          \r\n        <\/div>\r\n        \r\n      <\/div>\r\n\r\n    \r\n  <\/div>\r\n<\/div>\r\n\r\n\n\n\r\n<div id=\"order-receipt-system\" class=\"block-anchor\" data-title=\"Order receipt system\" >\r\n\r\n  <\/div>\r\n\r\n\n\n\r\n<div id=\"text-block_ea087febfa2b205d3c477789a06666fa\" class=\"block-text module type-text bc-trans\">\r\n  <div class=\"container\">\r\n\r\n    \r\n      <div class=\"row \">\r\n\r\n        \r\n        <div class=\"col-12 col-md-10\">\r\n\r\n                      <h2 class=\"title\">From articles in your shop to order receipt at Libri<\/h2>\r\n          \r\n          <div class=\"text for-box-js\">\r\n            <p>Just like your own online shop, our order receipt system is available 24 hours a day, processing your orders quickly, reliably and securely. Our proven EDI process handles hundreds of thousands of orders every day while offering the flexibility that you and your customers expect.<\/p>\n          <\/div>\r\n\r\n                      <div class=\"cta\">\r\n              <a \r\n                class=\"bttn-secondary icn-no\" \r\n                href=\"https:\/\/www.libri.de\/en\/for-traders\/ecommerce\/from-articles-in-your-shop-to-orders-received-at-libri\/\" \r\n                target=\"_self\"\r\n                >\r\n                Order receipt system \u2192              <\/a>\r\n            <\/div>\r\n          \r\n          \r\n        <\/div>\r\n        \r\n      <\/div>\r\n\r\n    \r\n  <\/div>\r\n<\/div>\r\n\r\n\n\n\r\n<div id=\"shipping-service-libri-direkt\" class=\"block-anchor\" data-title=\"Shipping service Libri.Direkt\" >\r\n\r\n  <\/div>\r\n\r\n\n\n\r\n<div id=\"text-block_dab269a991d8d1e67378841b0d2f2a59\" class=\"block-text module type-text bc-trans\">\r\n  <div class=\"container\">\r\n\r\n    \r\n      <div class=\"row \">\r\n\r\n        \r\n        <div class=\"col-12 col-md-10\">\r\n\r\n                      <h2 class=\"title\">Libri.Direkt shipping service <\/h2>\r\n          \r\n          <div class=\"text for-box-js\">\r\n            <p>Fulfilment carried out to the highest standards: we deliver to your customers, worldwide directly to their homes with Libri.Direkt, saving you time and storage capacity.<\/p>\n          <\/div>\r\n\r\n                      <div class=\"cta\">\r\n              <a \r\n                class=\"bttn-secondary icn-no\" \r\n                href=\"https:\/\/www.libri.de\/en\/for-traders\/ecommerce\/libri-fulfilment\/\" \r\n                target=\"_self\"\r\n                >\r\n                More \u2192              <\/a>\r\n            <\/div>\r\n          \r\n          \r\n        <\/div>\r\n        \r\n      <\/div>\r\n\r\n    \r\n  <\/div>\r\n<\/div>\r\n\r\n\n\n\r\n<div id=\"teaser-small-block_3b862f61ac9852214dfe73549946904c\" class=\"block-teaser-small bc-green-2\">\r\n\r\n  <div class=\"container\">\r\n\r\n    <a href=\"https:\/\/www.libri.de\/en\/contact\/ecommerce-and-international-sales\/\" target=\"\" class=\"d-flex align-items-center justify-content-center flex-column flex-md-row\">\r\n\r\n              <div class=\"icon\">\r\n          <img decoding=\"async\" width=\"24\" height=\"24\" src=\"https:\/\/www.libri.de\/wp-content\/uploads\/2021\/10\/people_white_24dp.svg\" class=\"attachment-thumbnail size-thumbnail\" alt=\"Libri Kontakt Icon\" \/>        <\/div>\r\n      \r\n      <div class=\"text\">\r\n        <h3 class=\"title\">Please contact us!<\/h3>\r\n              <\/div>\r\n\r\n      <div class=\"teaser-arrow\"><\/div>\r\n\r\n    <\/a>\r\n\r\n  <\/div>\r\n<\/div>\r\n\r\n\n\n\r\n<div id=\"text-block_ef1509cc1d95654b6219392dbe0a4fc1\" class=\"block-text module type-text bc-green-2\">\r\n  <div class=\"container\">\r\n\r\n    \r\n      <div class=\"row \">\r\n\r\n        \r\n        <div class=\"col-12 col-md-10\">\r\n\r\n          \r\n          <div class=\"text for-box-js\">\r\n                      <\/div>\r\n\r\n                      <div class=\"cta\">\r\n              <a \r\n                class=\"bttn-secondary \" \r\n                href=\"https:\/\/www.libri.de\/en\/for-traders\/\" \r\n                target=\"_self\"\r\n                >\r\n                \u2190 For traders              <\/a>\r\n            <\/div>\r\n          \r\n          \r\n        <\/div>\r\n        \r\n      <\/div>\r\n\r\n    \r\n  <\/div>\r\n<\/div>\r\n\r\n\n\n\r\n<div id=\"space-block_f34aac203331b025e5ee5644c0c66ab1\" class=\"block-space module bc-green-2\" style=\"height: 48px;\"><\/div>","protected":false},"excerpt":{"rendered":"<p>With the help of our extensive catalogue data, we provide you with the best possible support for your online business. We are happy to deliver our products to you or directly to your customers&#8217; homes. Flexibility and speed are first and foremost at Libri.<\/p>\n","protected":false},"author":10,"featured_media":34034,"parent":38404,"menu_order":0,"comment_status":"closed","ping_status":"closed","template":"","meta":{"_acf_changed":false,"footnotes":""},"class_list":["post-38560","page","type-page","status-publish","has-post-thumbnail","hentry"],"acf":[],"yoast_head":"<!-- This site is optimized with the Yoast SEO plugin v27.0 - https:\/\/yoast.com\/product\/yoast-seo-wordpress\/ -->\n<title>eCommerce | Libri GmbH<\/title>\n<meta name=\"robots\" content=\"index, follow, max-snippet:-1, max-image-preview:large, max-video-preview:-1\" \/>\n<link rel=\"canonical\" href=\"https:\/\/www.libri.de\/en\/for-traders\/ecommerce\/\" \/>\n<meta property=\"og:locale\" content=\"en_US\" \/>\n<meta property=\"og:type\" content=\"article\" \/>\n<meta property=\"og:title\" content=\"eCommerce | Libri GmbH\" \/>\n<meta property=\"og:description\" content=\"With the help of our extensive catalogue data, we provide you with the best possible support for your online business. We are happy to deliver our products to you or directly to your customers&#039; homes. Flexibility and speed are first and foremost at Libri.\" \/>\n<meta property=\"og:url\" content=\"https:\/\/www.libri.de\/en\/for-traders\/ecommerce\/\" \/>\n<meta property=\"og:site_name\" content=\"Libri GmbH\" \/>\n<meta property=\"article:publisher\" content=\"https:\/\/www.facebook.com\/libribarsortiment\" \/>\n<meta property=\"article:modified_time\" content=\"2025-03-06T09:22:03+00:00\" \/>\n<meta property=\"og:image\" content=\"https:\/\/www.libri.de\/wp-content\/uploads\/2021\/12\/libri_service_ecommerce.jpg\" \/>\n\t<meta property=\"og:image:width\" content=\"1650\" \/>\n\t<meta property=\"og:image:height\" content=\"910\" \/>\n\t<meta property=\"og:image:type\" content=\"image\/jpeg\" \/>\n<meta name=\"twitter:card\" content=\"summary_large_image\" \/>\n<meta name=\"twitter:label1\" content=\"Est. reading time\" \/>\n\t<meta name=\"twitter:data1\" content=\"1 minute\" \/>\n<script type=\"application\/ld+json\" class=\"yoast-schema-graph\">{\"@context\":\"https:\/\/schema.org\",\"@graph\":[{\"@type\":\"WebPage\",\"@id\":\"https:\/\/www.libri.de\/en\/for-traders\/ecommerce\/\",\"url\":\"https:\/\/www.libri.de\/en\/for-traders\/ecommerce\/\",\"name\":\"eCommerce | Libri GmbH\",\"isPartOf\":{\"@id\":\"https:\/\/www.libri.de\/fr\/#website\"},\"primaryImageOfPage\":{\"@id\":\"https:\/\/www.libri.de\/en\/for-traders\/ecommerce\/#primaryimage\"},\"image\":{\"@id\":\"https:\/\/www.libri.de\/en\/for-traders\/ecommerce\/#primaryimage\"},\"thumbnailUrl\":\"https:\/\/www.libri.de\/wp-content\/uploads\/2021\/12\/libri_service_ecommerce.jpg\",\"datePublished\":\"2022-03-16T09:53:12+00:00\",\"dateModified\":\"2025-03-06T09:22:03+00:00\",\"breadcrumb\":{\"@id\":\"https:\/\/www.libri.de\/en\/for-traders\/ecommerce\/#breadcrumb\"},\"inLanguage\":\"en-US\",\"potentialAction\":[{\"@type\":\"ReadAction\",\"target\":[\"https:\/\/www.libri.de\/en\/for-traders\/ecommerce\/\"]}]},{\"@type\":\"ImageObject\",\"inLanguage\":\"en-US\",\"@id\":\"https:\/\/www.libri.de\/en\/for-traders\/ecommerce\/#primaryimage\",\"url\":\"https:\/\/www.libri.de\/wp-content\/uploads\/2021\/12\/libri_service_ecommerce.jpg\",\"contentUrl\":\"https:\/\/www.libri.de\/wp-content\/uploads\/2021\/12\/libri_service_ecommerce.jpg\",\"width\":1650,\"height\":910,\"caption\":\"Kundin sucht im Internet \u00fcber eCommerce ihr gesuchtes Buch\"},{\"@type\":\"BreadcrumbList\",\"@id\":\"https:\/\/www.libri.de\/en\/for-traders\/ecommerce\/#breadcrumb\",\"itemListElement\":[{\"@type\":\"ListItem\",\"position\":1,\"name\":\"Home\",\"item\":\"https:\/\/www.libri.de\/en\/\"},{\"@type\":\"ListItem\",\"position\":2,\"name\":\"For traders\",\"item\":\"https:\/\/www.libri.de\/en\/for-traders\/\"},{\"@type\":\"ListItem\",\"position\":3,\"name\":\"eCommerce\"}]},{\"@type\":\"WebSite\",\"@id\":\"https:\/\/www.libri.de\/fr\/#website\",\"url\":\"https:\/\/www.libri.de\/fr\/\",\"name\":\"Libri GmbH\",\"description\":\"Barsortiment und Gro\u00dfhandel f\u00fcr B\u00fccher und andere Medien\",\"publisher\":{\"@id\":\"https:\/\/www.libri.de\/fr\/#organization\"},\"potentialAction\":[{\"@type\":\"SearchAction\",\"target\":{\"@type\":\"EntryPoint\",\"urlTemplate\":\"https:\/\/www.libri.de\/fr\/?s={search_term_string}\"},\"query-input\":{\"@type\":\"PropertyValueSpecification\",\"valueRequired\":true,\"valueName\":\"search_term_string\"}}],\"inLanguage\":\"en-US\"},{\"@type\":\"Organization\",\"@id\":\"https:\/\/www.libri.de\/fr\/#organization\",\"name\":\"Libri\",\"url\":\"https:\/\/www.libri.de\/fr\/\",\"logo\":{\"@type\":\"ImageObject\",\"inLanguage\":\"en-US\",\"@id\":\"https:\/\/www.libri.de\/fr\/#\/schema\/logo\/image\/\",\"url\":\"https:\/\/188.64.195.32\/wp-content\/uploads\/2022\/04\/libri_logo-1.jpg\",\"contentUrl\":\"https:\/\/188.64.195.32\/wp-content\/uploads\/2022\/04\/libri_logo-1.jpg\",\"width\":2000,\"height\":1000,\"caption\":\"Libri\"},\"image\":{\"@id\":\"https:\/\/www.libri.de\/fr\/#\/schema\/logo\/image\/\"},\"sameAs\":[\"https:\/\/www.facebook.com\/libribarsortiment\",\"https:\/\/www.instagram.com\/libri.barsortiment\",\"https:\/\/www.linkedin.com\/company\/libri-gmbh\"]}]}<\/script>\n<!-- \/ Yoast SEO plugin. -->","yoast_head_json":{"title":"eCommerce | Libri GmbH","robots":{"index":"index","follow":"follow","max-snippet":"max-snippet:-1","max-image-preview":"max-image-preview:large","max-video-preview":"max-video-preview:-1"},"canonical":"https:\/\/www.libri.de\/en\/for-traders\/ecommerce\/","og_locale":"en_US","og_type":"article","og_title":"eCommerce | Libri GmbH","og_description":"With the help of our extensive catalogue data, we provide you with the best possible support for your online business. We are happy to deliver our products to you or directly to your customers' homes. Flexibility and speed are first and foremost at Libri.","og_url":"https:\/\/www.libri.de\/en\/for-traders\/ecommerce\/","og_site_name":"Libri GmbH","article_publisher":"https:\/\/www.facebook.com\/libribarsortiment","article_modified_time":"2025-03-06T09:22:03+00:00","og_image":[{"width":1650,"height":910,"url":"https:\/\/www.libri.de\/wp-content\/uploads\/2021\/12\/libri_service_ecommerce.jpg","type":"image\/jpeg"}],"twitter_card":"summary_large_image","twitter_misc":{"Est. reading time":"1 minute"},"schema":{"@context":"https:\/\/schema.org","@graph":[{"@type":"WebPage","@id":"https:\/\/www.libri.de\/en\/for-traders\/ecommerce\/","url":"https:\/\/www.libri.de\/en\/for-traders\/ecommerce\/","name":"eCommerce | Libri GmbH","isPartOf":{"@id":"https:\/\/www.libri.de\/fr\/#website"},"primaryImageOfPage":{"@id":"https:\/\/www.libri.de\/en\/for-traders\/ecommerce\/#primaryimage"},"image":{"@id":"https:\/\/www.libri.de\/en\/for-traders\/ecommerce\/#primaryimage"},"thumbnailUrl":"https:\/\/www.libri.de\/wp-content\/uploads\/2021\/12\/libri_service_ecommerce.jpg","datePublished":"2022-03-16T09:53:12+00:00","dateModified":"2025-03-06T09:22:03+00:00","breadcrumb":{"@id":"https:\/\/www.libri.de\/en\/for-traders\/ecommerce\/#breadcrumb"},"inLanguage":"en-US","potentialAction":[{"@type":"ReadAction","target":["https:\/\/www.libri.de\/en\/for-traders\/ecommerce\/"]}]},{"@type":"ImageObject","inLanguage":"en-US","@id":"https:\/\/www.libri.de\/en\/for-traders\/ecommerce\/#primaryimage","url":"https:\/\/www.libri.de\/wp-content\/uploads\/2021\/12\/libri_service_ecommerce.jpg","contentUrl":"https:\/\/www.libri.de\/wp-content\/uploads\/2021\/12\/libri_service_ecommerce.jpg","width":1650,"height":910,"caption":"Kundin sucht im Internet \u00fcber eCommerce ihr gesuchtes Buch"},{"@type":"BreadcrumbList","@id":"https:\/\/www.libri.de\/en\/for-traders\/ecommerce\/#breadcrumb","itemListElement":[{"@type":"ListItem","position":1,"name":"Home","item":"https:\/\/www.libri.de\/en\/"},{"@type":"ListItem","position":2,"name":"For traders","item":"https:\/\/www.libri.de\/en\/for-traders\/"},{"@type":"ListItem","position":3,"name":"eCommerce"}]},{"@type":"WebSite","@id":"https:\/\/www.libri.de\/fr\/#website","url":"https:\/\/www.libri.de\/fr\/","name":"Libri GmbH","description":"Barsortiment und Gro\u00dfhandel f\u00fcr B\u00fccher und andere Medien","publisher":{"@id":"https:\/\/www.libri.de\/fr\/#organization"},"potentialAction":[{"@type":"SearchAction","target":{"@type":"EntryPoint","urlTemplate":"https:\/\/www.libri.de\/fr\/?s={search_term_string}"},"query-input":{"@type":"PropertyValueSpecification","valueRequired":true,"valueName":"search_term_string"}}],"inLanguage":"en-US"},{"@type":"Organization","@id":"https:\/\/www.libri.de\/fr\/#organization","name":"Libri","url":"https:\/\/www.libri.de\/fr\/","logo":{"@type":"ImageObject","inLanguage":"en-US","@id":"https:\/\/www.libri.de\/fr\/#\/schema\/logo\/image\/","url":"https:\/\/188.64.195.32\/wp-content\/uploads\/2022\/04\/libri_logo-1.jpg","contentUrl":"https:\/\/188.64.195.32\/wp-content\/uploads\/2022\/04\/libri_logo-1.jpg","width":2000,"height":1000,"caption":"Libri"},"image":{"@id":"https:\/\/www.libri.de\/fr\/#\/schema\/logo\/image\/"},"sameAs":["https:\/\/www.facebook.com\/libribarsortiment","https:\/\/www.instagram.com\/libri.barsortiment","https:\/\/www.linkedin.com\/company\/libri-gmbh"]}]}},"_links":{"self":[{"href":"https:\/\/www.libri.de\/en\/wp-json\/wp\/v2\/pages\/38560","targetHints":{"allow":["GET"]}}],"collection":[{"href":"https:\/\/www.libri.de\/en\/wp-json\/wp\/v2\/pages"}],"about":[{"href":"https:\/\/www.libri.de\/en\/wp-json\/wp\/v2\/types\/page"}],"author":[{"embeddable":true,"href":"https:\/\/www.libri.de\/en\/wp-json\/wp\/v2\/users\/10"}],"replies":[{"embeddable":true,"href":"https:\/\/www.libri.de\/en\/wp-json\/wp\/v2\/comments?post=38560"}],"version-history":[{"count":3,"href":"https:\/\/www.libri.de\/en\/wp-json\/wp\/v2\/pages\/38560\/revisions"}],"predecessor-version":[{"id":77910,"href":"https:\/\/www.libri.de\/en\/wp-json\/wp\/v2\/pages\/38560\/revisions\/77910"}],"up":[{"embeddable":true,"href":"https:\/\/www.libri.de\/en\/wp-json\/wp\/v2\/pages\/38404"}],"wp:featuredmedia":[{"embeddable":true,"href":"https:\/\/www.libri.de\/en\/wp-json\/wp\/v2\/media\/34034"}],"wp:attachment":[{"href":"https:\/\/www.libri.de\/en\/wp-json\/wp\/v2\/media?parent=38560"}],"curies":[{"name":"wp","href":"https:\/\/api.w.org\/{rel}","templated":true}]}}