{"id":38468,"date":"2021-10-27T14:18:09","date_gmt":"2021-10-27T12:18:09","guid":{"rendered":"https:\/\/www.libri.de\/for-publishers\/verkaufsfoerderung\/"},"modified":"2025-12-29T16:27:32","modified_gmt":"2025-12-29T14:27:32","slug":"sales-promotion","status":"publish","type":"page","link":"https:\/\/www.libri.de\/en\/for-publishers\/sales-promotion\/","title":{"rendered":"Sales promotion"},"content":{"rendered":"\r\n<div id=\"header-block_173b134336d822dc386e36defe935502\" class=\"block-header module type-big bc-libri-blue c-white-imp\">\r\n  <div class=\"container\">\r\n\r\n    <p id=\"breadcrumbs\"><span><span><a href=\"https:\/\/www.libri.de\/en\/\">Home<\/a><\/span><\/span><\/p>    \r\n    \r\n      \r\n      <div class=\"row\">\r\n        <div class=\"col-12 col-md-10 title\">\r\n          <h1 class=\"\">Sales promotion<\/h1>\r\n        <\/div>\r\n\r\n        <div class=\"col-12 col-md-10 text\">\r\n          <p>We offer a range of bookable activities to support you in marketing your titles.<\/p>\r\n        <\/div>\r\n      <\/div>\r\n\r\n      \r\n  <\/div>\r\n<\/div>\r\n\r\n\n\n\r\n<div id=\"anchor-nav-block_14c86dc2f061e7cbf14bcc4d7c19c229\" class=\"block-anchor-nav module bc-libri-blue c-white-imp\"  >\r\n\r\n      <div class=\"container\"><div class=\"line\"><\/div><\/div>\r\n    \r\n    <div class=\"container\">\r\n      <div class=\"p-relative\">\r\n        <div class=\"arrow left\"><\/div>\r\n        <div class=\"arrow right\"><\/div>\r\n      <\/div>\r\n      <div class=\"overflow-x-auto\">\r\n        <div class=\"d-flex anchor-nav\" data-class=\"anchor-nav-entry\"><\/div>\r\n      <\/div>\r\n    <\/div>\r\n\r\n  <\/div>\r\n\r\n\n\n\r\n<div id=\"space-block_a4ccff3508c937fe014f7de9c3434522\" class=\"block-space module bc-trans\" style=\"height: 48px;\"><\/div>\n\n\r\n<div id=\"ads-on-libri-shopline\" class=\"block-anchor\" data-title=\"Ads on Libri.Shopline\" >\r\n\r\n  <\/div>\r\n\r\n\n\n\r\n<div id=\"text-block_6fcc08663b5ba623769e9b7fbe796ca6\" class=\"block-text module type-text-img bc-trans\">\r\n  <div class=\"container\">\r\n\r\n    \r\n      <div class=\"row flex-row-reverse\">\r\n\r\n        \r\n          <div class=\"col-12 col-md-6 col-xl-5\">\r\n            <div class=\"image square\">\r\n              <img decoding=\"async\" width=\"768\" height=\"424\" src=\"https:\/\/www.libri.de\/wp-content\/uploads\/2021\/10\/Anzeigen_Libri-Shopline-768x424.jpg\" class=\"attachment-medium_large size-medium_large\" alt=\"\" srcset=\"https:\/\/www.libri.de\/wp-content\/uploads\/2021\/10\/Anzeigen_Libri-Shopline-768x424.jpg 768w, https:\/\/www.libri.de\/wp-content\/uploads\/2021\/10\/Anzeigen_Libri-Shopline-300x165.jpg 300w, https:\/\/www.libri.de\/wp-content\/uploads\/2021\/10\/Anzeigen_Libri-Shopline-1024x565.jpg 1024w, https:\/\/www.libri.de\/wp-content\/uploads\/2021\/10\/Anzeigen_Libri-Shopline-1536x847.jpg 1536w, https:\/\/www.libri.de\/wp-content\/uploads\/2021\/10\/Anzeigen_Libri-Shopline.jpg 1650w\" sizes=\"(max-width: 768px) 100vw, 768px\" \/>            <\/div>\r\n                      <\/div>\r\n\r\n          <div class=\"d-none d-xl-block col-2\"><\/div>\r\n\r\n        \r\n        <div class=\"col-12 col-md-6 col-xl-5\">\r\n\r\n                      <h2 class=\"title\">Ads on Libri.Shopline<\/h2>\r\n          \r\n          <div class=\"text \">\r\n            <p>Over 700 bookstores currently use one of Libri&#8217;s white label online shop solutions. Libri also offers marketing activities tailored to your needs to give your titles the greatest possible reach.<\/p>\n          <\/div>\r\n\r\n          \r\n          \r\n        <\/div>\r\n        \r\n      <\/div>\r\n\r\n    \r\n  <\/div>\r\n<\/div>\r\n\r\n\n\n\r\n<div id=\"teaser-small-block_c6db735ac12bf175cd6b9eaa6962a0d0\" class=\"block-teaser-small bc-green-2\">\r\n\r\n  <div class=\"container\">\r\n\r\n    <a href=\"mailto:nkobow@libri.de\" target=\"\" class=\"d-flex align-items-center justify-content-center flex-column flex-md-row\">\r\n\r\n              <div class=\"icon\">\r\n          <img decoding=\"async\" width=\"24\" height=\"24\" src=\"https:\/\/www.libri.de\/wp-content\/uploads\/2021\/10\/people_white_24dp.svg\" class=\"attachment-thumbnail size-thumbnail\" alt=\"Libri Kontakt Icon\" \/>        <\/div>\r\n      \r\n      <div class=\"text\">\r\n        <h3 class=\"title\">Contact our Libri.Shoplline team!<\/h3>\r\n        <p>If you would like more information on this topic, please contact Nicole Kobow from the Libri.Shopline team!<\/p>      <\/div>\r\n\r\n      <div class=\"teaser-arrow\"><\/div>\r\n\r\n    <\/a>\r\n\r\n  <\/div>\r\n<\/div>\r\n\r\n\n\n\r\n<div id=\"space-block_e7c39f41be4bd146aca95f2312ff8896\" class=\"block-space module bc-trans\" style=\"height: 48px;\"><\/div>\n\n\r\n<div id=\"ads-in-the-just-the-best-catalogue\" class=\"block-anchor\" data-title=\"Ads in the Just the Best catalogue\" >\r\n\r\n  <\/div>\r\n\r\n\n\n\r\n<div id=\"text-block_bfd68a7d4179d2a71ca88ef3c1ef3ae1\" class=\"block-text module type-text-img bc-trans\">\r\n  <div class=\"container\">\r\n\r\n    \r\n      <div class=\"row flex-row-reverse\">\r\n\r\n        \r\n          <div class=\"col-12 col-md-6 col-xl-5\">\r\n            <div class=\"image square\">\r\n              <img decoding=\"async\" width=\"768\" height=\"768\" src=\"https:\/\/www.libri.de\/wp-content\/uploads\/2025\/12\/Just-the-Best-Katalog-Januar-Juni-2026-768x768.png\" class=\"attachment-medium_large size-medium_large\" alt=\"Cover des Katalogs Libri Just the Best Januar bis Juli 2026\" srcset=\"https:\/\/www.libri.de\/wp-content\/uploads\/2025\/12\/Just-the-Best-Katalog-Januar-Juni-2026-768x768.png 768w, https:\/\/www.libri.de\/wp-content\/uploads\/2025\/12\/Just-the-Best-Katalog-Januar-Juni-2026-300x300.png 300w, https:\/\/www.libri.de\/wp-content\/uploads\/2025\/12\/Just-the-Best-Katalog-Januar-Juni-2026-1024x1024.png 1024w, https:\/\/www.libri.de\/wp-content\/uploads\/2025\/12\/Just-the-Best-Katalog-Januar-Juni-2026-150x150.png 150w, https:\/\/www.libri.de\/wp-content\/uploads\/2025\/12\/Just-the-Best-Katalog-Januar-Juni-2026.png 1080w\" sizes=\"(max-width: 768px) 100vw, 768px\" \/>            <\/div>\r\n                      <\/div>\r\n\r\n          <div class=\"d-none d-xl-block col-2\"><\/div>\r\n\r\n        \r\n        <div class=\"col-12 col-md-6 col-xl-5\">\r\n\r\n                      <h2 class=\"title\">Placing ads in the Just the Best catalogue<\/h2>\r\n          \r\n          <div class=\"text \">\r\n            <p>Libri\u2019s own specialist \u201cJust the Best\u201d catalogue featuring foreign-language literature is published every six months with a circulation of around 3,500 copies. In Just the Best we present new releases in fiction, non-fiction, children&#8217;s and youth books as well as other strong-selling product groups. The international range is supplemented by bestsellers from France, Spain and Turkey.<\/p>\n<p>Why not place your advertisement in this catalogue? Please speak to your contact person in the purchasing department.<\/p>\n          <\/div>\r\n\r\n          \r\n          \r\n        <\/div>\r\n        \r\n      <\/div>\r\n\r\n    \r\n  <\/div>\r\n<\/div>\r\n\r\n\n\n\r\n<div id=\"postlink-block_be5442ecd9e578cddbe26349f1d155ee\" class=\"block-postlink module  bc-trans block-postlink--default\">\r\n  <div class=\"container\">\r\n    \r\n    <a class=\"postlink\" href=\"https:\/\/www.libri.de\/en\/magazin\/we-are-always-amazed-at-just-how-big-the-demand-is\/\">\r\n      <div class=\"row\">\r\n\r\n        <div class=\"col-12 col-sm-4\">\r\n          <div class=\"image a-hover-zoom\">\r\n            <img decoding=\"async\" width=\"1988\" height=\"940\" src=\"https:\/\/www.libri.de\/wp-content\/uploads\/2023\/08\/Kopie-von-Header-Blog-Libri.Magazin-38.jpeg\" class=\"attachment-post-thumbnail size-post-thumbnail wp-post-image\" alt=\"\" srcset=\"https:\/\/www.libri.de\/wp-content\/uploads\/2023\/08\/Kopie-von-Header-Blog-Libri.Magazin-38.jpeg 1988w, https:\/\/www.libri.de\/wp-content\/uploads\/2023\/08\/Kopie-von-Header-Blog-Libri.Magazin-38-300x142.jpeg 300w, https:\/\/www.libri.de\/wp-content\/uploads\/2023\/08\/Kopie-von-Header-Blog-Libri.Magazin-38-1024x484.jpeg 1024w, https:\/\/www.libri.de\/wp-content\/uploads\/2023\/08\/Kopie-von-Header-Blog-Libri.Magazin-38-768x363.jpeg 768w, https:\/\/www.libri.de\/wp-content\/uploads\/2023\/08\/Kopie-von-Header-Blog-Libri.Magazin-38-1536x726.jpeg 1536w\" sizes=\"(max-width: 1988px) 100vw, 1988px\" \/>          <\/div>\r\n        <\/div>\r\n\r\n        <div class=\"col\">\r\n          <div class=\"right d-flex flex-column justify-content-center auto-clamp-container\">\r\n            <div class=\"auto-clamp-inner d-flex flex-column\">\r\n              <div class=\"info\">\r\n                <span class=\"duration d-block d-sm-inline\">\r\n                    <span class=\"icon\"><img decoding=\"async\" src=\"https:\/\/www.libri.de\/wp-content\/themes\/libri\/img\/library.svg\" alt=\"\"><\/span>\r\n                    Reading time 3 min                  <\/span><span class=\"seperator d-none d-sm-inline\"> | <\/span><span class=\"category\">\r\n                    Discover our services                  <\/span><span class=\"seperator\"> | <\/span><span class=\"date\">16. August 2023<\/span>\r\n              <\/div>\r\n\r\n              <div class=\"title\">\r\n                <h3>\u201cWe are always amazed at just how big the demand is.\u201d<\/h3>\r\n              <\/div>\r\n\r\n              <p class=\"description\">\r\n                <span class=\"auto-clamp-content\">We asked Jutta Goullon from the Flintbek book shop in northern Germany about her experience so far of the Just the Best system solution.\n\n\u00a0<\/span>\r\n              <\/p>\r\n\r\n              <div class=\"right-bottom\">\r\n                <div class=\"bttn-secondary link\">To the magazine article<\/div>\r\n              <\/div>\r\n            <\/div>\r\n          <\/div>\r\n        <\/div>\r\n\r\n      <\/div>\r\n    <\/a>\r\n\r\n      <\/div>\r\n<\/div>\n\n\r\n<div id=\"space-block_ea7654cb90ea4381c04c6fc67fd26f50\" class=\"block-space module bc-trans\" style=\"height: 48px;\"><\/div>\n\n\r\n<div id=\"teaser-small-block_ce46e148787de20a207959ba9a359bb8\" class=\"block-teaser-small bc-green-2\">\r\n\r\n  <div class=\"container\">\r\n\r\n    <a href=\"https:\/\/www.libri.de\/en\/contact\/contact-international-publishers\/\" target=\"\" class=\"d-flex align-items-center justify-content-center flex-column flex-md-row\">\r\n\r\n              <div class=\"icon\">\r\n          <img decoding=\"async\" width=\"24\" height=\"24\" src=\"https:\/\/www.libri.de\/wp-content\/uploads\/2021\/10\/people_white_24dp.svg\" class=\"attachment-thumbnail size-thumbnail\" alt=\"Libri Kontakt Icon\" \/>        <\/div>\r\n      \r\n      <div class=\"text\">\r\n        <h3 class=\"title\">Our International Publishers-Team will help you!<\/h3>\r\n        <p>Do you have any questions or request for sales promotion? <\/p>      <\/div>\r\n\r\n      <div class=\"teaser-arrow\"><\/div>\r\n\r\n    <\/a>\r\n\r\n  <\/div>\r\n<\/div>\r\n\r\n\n\n\r\n<div id=\"text-block_a6b8bb7628d6ba6f2c7dd68bbf1689aa\" class=\"block-text module type-text bc-green-2\">\r\n  <div class=\"container\">\r\n\r\n    \r\n      <div class=\"row \">\r\n\r\n        \r\n        <div class=\"col-12 col-md-10\">\r\n\r\n          \r\n          <div class=\"text for-box-js\">\r\n                      <\/div>\r\n\r\n                      <div class=\"cta\">\r\n              <a \r\n                class=\"bttn-secondary \" \r\n                href=\"https:\/\/www.libri.de\/en\/for-publishers\/\" \r\n                target=\"_self\"\r\n                >\r\n                \u2190 For publishers              <\/a>\r\n            <\/div>\r\n          \r\n          \r\n        <\/div>\r\n        \r\n      <\/div>\r\n\r\n    \r\n  <\/div>\r\n<\/div>\r\n\r\n","protected":false},"excerpt":{"rendered":"<p>Bei der Vermarktung Ihrer Titel unterst\u00fctzen wir Sie durch verschiedene buchbare Marketingaktivit\u00e4ten.<\/p>\n","protected":false},"author":10,"featured_media":29669,"parent":38413,"menu_order":0,"comment_status":"closed","ping_status":"closed","template":"","meta":{"_acf_changed":false,"footnotes":""},"class_list":["post-38468","page","type-page","status-publish","has-post-thumbnail","hentry"],"acf":[],"yoast_head":"<!-- This site is optimized with the Yoast SEO plugin v27.0 - https:\/\/yoast.com\/product\/yoast-seo-wordpress\/ -->\n<title>Sales promotion | Libri GmbH<\/title>\n<meta name=\"robots\" content=\"index, follow, max-snippet:-1, max-image-preview:large, max-video-preview:-1\" \/>\n<link rel=\"canonical\" href=\"https:\/\/www.libri.de\/en\/for-publishers\/sales-promotion\/\" \/>\n<meta property=\"og:locale\" content=\"en_US\" \/>\n<meta property=\"og:type\" content=\"article\" \/>\n<meta property=\"og:title\" content=\"Sales promotion | Libri GmbH\" \/>\n<meta property=\"og:description\" content=\"Bei der Vermarktung Ihrer Titel unterst\u00fctzen wir Sie durch verschiedene buchbare Marketingaktivit\u00e4ten.\" \/>\n<meta property=\"og:url\" content=\"https:\/\/www.libri.de\/en\/for-publishers\/sales-promotion\/\" \/>\n<meta property=\"og:site_name\" content=\"Libri GmbH\" \/>\n<meta property=\"article:publisher\" content=\"https:\/\/www.facebook.com\/libribarsortiment\" \/>\n<meta property=\"article:modified_time\" content=\"2025-12-29T14:27:32+00:00\" \/>\n<meta property=\"og:image\" content=\"https:\/\/www.libri.de\/wp-content\/uploads\/2021\/10\/Verkaufsfoerderung_Libri_FuerVerlage.jpg\" \/>\n\t<meta property=\"og:image:width\" content=\"1990\" \/>\n\t<meta property=\"og:image:height\" content=\"1100\" \/>\n\t<meta property=\"og:image:type\" content=\"image\/jpeg\" \/>\n<meta name=\"twitter:card\" content=\"summary_large_image\" \/>\n<meta name=\"twitter:label1\" content=\"Est. reading time\" \/>\n\t<meta name=\"twitter:data1\" content=\"1 minute\" \/>\n<script type=\"application\/ld+json\" class=\"yoast-schema-graph\">{\"@context\":\"https:\/\/schema.org\",\"@graph\":[{\"@type\":\"WebPage\",\"@id\":\"https:\/\/www.libri.de\/en\/for-publishers\/sales-promotion\/\",\"url\":\"https:\/\/www.libri.de\/en\/for-publishers\/sales-promotion\/\",\"name\":\"Sales promotion | Libri GmbH\",\"isPartOf\":{\"@id\":\"https:\/\/www.libri.de\/fr\/#website\"},\"primaryImageOfPage\":{\"@id\":\"https:\/\/www.libri.de\/en\/for-publishers\/sales-promotion\/#primaryimage\"},\"image\":{\"@id\":\"https:\/\/www.libri.de\/en\/for-publishers\/sales-promotion\/#primaryimage\"},\"thumbnailUrl\":\"https:\/\/www.libri.de\/wp-content\/uploads\/2021\/10\/Verkaufsfoerderung_Libri_FuerVerlage.jpg\",\"datePublished\":\"2021-10-27T12:18:09+00:00\",\"dateModified\":\"2025-12-29T14:27:32+00:00\",\"breadcrumb\":{\"@id\":\"https:\/\/www.libri.de\/en\/for-publishers\/sales-promotion\/#breadcrumb\"},\"inLanguage\":\"en-US\",\"potentialAction\":[{\"@type\":\"ReadAction\",\"target\":[\"https:\/\/www.libri.de\/en\/for-publishers\/sales-promotion\/\"]}]},{\"@type\":\"ImageObject\",\"inLanguage\":\"en-US\",\"@id\":\"https:\/\/www.libri.de\/en\/for-publishers\/sales-promotion\/#primaryimage\",\"url\":\"https:\/\/www.libri.de\/wp-content\/uploads\/2021\/10\/Verkaufsfoerderung_Libri_FuerVerlage.jpg\",\"contentUrl\":\"https:\/\/www.libri.de\/wp-content\/uploads\/2021\/10\/Verkaufsfoerderung_Libri_FuerVerlage.jpg\",\"width\":1990,\"height\":1100},{\"@type\":\"BreadcrumbList\",\"@id\":\"https:\/\/www.libri.de\/en\/for-publishers\/sales-promotion\/#breadcrumb\",\"itemListElement\":[{\"@type\":\"ListItem\",\"position\":1,\"name\":\"Home\",\"item\":\"https:\/\/www.libri.de\/en\/\"},{\"@type\":\"ListItem\",\"position\":2,\"name\":\"For publishers\",\"item\":\"https:\/\/www.libri.de\/en\/for-publishers\/\"},{\"@type\":\"ListItem\",\"position\":3,\"name\":\"Sales promotion\"}]},{\"@type\":\"WebSite\",\"@id\":\"https:\/\/www.libri.de\/fr\/#website\",\"url\":\"https:\/\/www.libri.de\/fr\/\",\"name\":\"Libri GmbH\",\"description\":\"Barsortiment und Gro\u00dfhandel f\u00fcr B\u00fccher und andere Medien\",\"publisher\":{\"@id\":\"https:\/\/www.libri.de\/fr\/#organization\"},\"potentialAction\":[{\"@type\":\"SearchAction\",\"target\":{\"@type\":\"EntryPoint\",\"urlTemplate\":\"https:\/\/www.libri.de\/fr\/?s={search_term_string}\"},\"query-input\":{\"@type\":\"PropertyValueSpecification\",\"valueRequired\":true,\"valueName\":\"search_term_string\"}}],\"inLanguage\":\"en-US\"},{\"@type\":\"Organization\",\"@id\":\"https:\/\/www.libri.de\/fr\/#organization\",\"name\":\"Libri\",\"url\":\"https:\/\/www.libri.de\/fr\/\",\"logo\":{\"@type\":\"ImageObject\",\"inLanguage\":\"en-US\",\"@id\":\"https:\/\/www.libri.de\/fr\/#\/schema\/logo\/image\/\",\"url\":\"https:\/\/188.64.195.32\/wp-content\/uploads\/2022\/04\/libri_logo-1.jpg\",\"contentUrl\":\"https:\/\/188.64.195.32\/wp-content\/uploads\/2022\/04\/libri_logo-1.jpg\",\"width\":2000,\"height\":1000,\"caption\":\"Libri\"},\"image\":{\"@id\":\"https:\/\/www.libri.de\/fr\/#\/schema\/logo\/image\/\"},\"sameAs\":[\"https:\/\/www.facebook.com\/libribarsortiment\",\"https:\/\/www.instagram.com\/libri.barsortiment\",\"https:\/\/www.linkedin.com\/company\/libri-gmbh\"]}]}<\/script>\n<!-- \/ Yoast SEO plugin. -->","yoast_head_json":{"title":"Sales promotion | Libri GmbH","robots":{"index":"index","follow":"follow","max-snippet":"max-snippet:-1","max-image-preview":"max-image-preview:large","max-video-preview":"max-video-preview:-1"},"canonical":"https:\/\/www.libri.de\/en\/for-publishers\/sales-promotion\/","og_locale":"en_US","og_type":"article","og_title":"Sales promotion | Libri GmbH","og_description":"Bei der Vermarktung Ihrer Titel unterst\u00fctzen wir Sie durch verschiedene buchbare Marketingaktivit\u00e4ten.","og_url":"https:\/\/www.libri.de\/en\/for-publishers\/sales-promotion\/","og_site_name":"Libri GmbH","article_publisher":"https:\/\/www.facebook.com\/libribarsortiment","article_modified_time":"2025-12-29T14:27:32+00:00","og_image":[{"width":1990,"height":1100,"url":"https:\/\/www.libri.de\/wp-content\/uploads\/2021\/10\/Verkaufsfoerderung_Libri_FuerVerlage.jpg","type":"image\/jpeg"}],"twitter_card":"summary_large_image","twitter_misc":{"Est. reading time":"1 minute"},"schema":{"@context":"https:\/\/schema.org","@graph":[{"@type":"WebPage","@id":"https:\/\/www.libri.de\/en\/for-publishers\/sales-promotion\/","url":"https:\/\/www.libri.de\/en\/for-publishers\/sales-promotion\/","name":"Sales promotion | Libri GmbH","isPartOf":{"@id":"https:\/\/www.libri.de\/fr\/#website"},"primaryImageOfPage":{"@id":"https:\/\/www.libri.de\/en\/for-publishers\/sales-promotion\/#primaryimage"},"image":{"@id":"https:\/\/www.libri.de\/en\/for-publishers\/sales-promotion\/#primaryimage"},"thumbnailUrl":"https:\/\/www.libri.de\/wp-content\/uploads\/2021\/10\/Verkaufsfoerderung_Libri_FuerVerlage.jpg","datePublished":"2021-10-27T12:18:09+00:00","dateModified":"2025-12-29T14:27:32+00:00","breadcrumb":{"@id":"https:\/\/www.libri.de\/en\/for-publishers\/sales-promotion\/#breadcrumb"},"inLanguage":"en-US","potentialAction":[{"@type":"ReadAction","target":["https:\/\/www.libri.de\/en\/for-publishers\/sales-promotion\/"]}]},{"@type":"ImageObject","inLanguage":"en-US","@id":"https:\/\/www.libri.de\/en\/for-publishers\/sales-promotion\/#primaryimage","url":"https:\/\/www.libri.de\/wp-content\/uploads\/2021\/10\/Verkaufsfoerderung_Libri_FuerVerlage.jpg","contentUrl":"https:\/\/www.libri.de\/wp-content\/uploads\/2021\/10\/Verkaufsfoerderung_Libri_FuerVerlage.jpg","width":1990,"height":1100},{"@type":"BreadcrumbList","@id":"https:\/\/www.libri.de\/en\/for-publishers\/sales-promotion\/#breadcrumb","itemListElement":[{"@type":"ListItem","position":1,"name":"Home","item":"https:\/\/www.libri.de\/en\/"},{"@type":"ListItem","position":2,"name":"For publishers","item":"https:\/\/www.libri.de\/en\/for-publishers\/"},{"@type":"ListItem","position":3,"name":"Sales promotion"}]},{"@type":"WebSite","@id":"https:\/\/www.libri.de\/fr\/#website","url":"https:\/\/www.libri.de\/fr\/","name":"Libri GmbH","description":"Barsortiment und Gro\u00dfhandel f\u00fcr B\u00fccher und andere Medien","publisher":{"@id":"https:\/\/www.libri.de\/fr\/#organization"},"potentialAction":[{"@type":"SearchAction","target":{"@type":"EntryPoint","urlTemplate":"https:\/\/www.libri.de\/fr\/?s={search_term_string}"},"query-input":{"@type":"PropertyValueSpecification","valueRequired":true,"valueName":"search_term_string"}}],"inLanguage":"en-US"},{"@type":"Organization","@id":"https:\/\/www.libri.de\/fr\/#organization","name":"Libri","url":"https:\/\/www.libri.de\/fr\/","logo":{"@type":"ImageObject","inLanguage":"en-US","@id":"https:\/\/www.libri.de\/fr\/#\/schema\/logo\/image\/","url":"https:\/\/188.64.195.32\/wp-content\/uploads\/2022\/04\/libri_logo-1.jpg","contentUrl":"https:\/\/188.64.195.32\/wp-content\/uploads\/2022\/04\/libri_logo-1.jpg","width":2000,"height":1000,"caption":"Libri"},"image":{"@id":"https:\/\/www.libri.de\/fr\/#\/schema\/logo\/image\/"},"sameAs":["https:\/\/www.facebook.com\/libribarsortiment","https:\/\/www.instagram.com\/libri.barsortiment","https:\/\/www.linkedin.com\/company\/libri-gmbh"]}]}},"_links":{"self":[{"href":"https:\/\/www.libri.de\/en\/wp-json\/wp\/v2\/pages\/38468","targetHints":{"allow":["GET"]}}],"collection":[{"href":"https:\/\/www.libri.de\/en\/wp-json\/wp\/v2\/pages"}],"about":[{"href":"https:\/\/www.libri.de\/en\/wp-json\/wp\/v2\/types\/page"}],"author":[{"embeddable":true,"href":"https:\/\/www.libri.de\/en\/wp-json\/wp\/v2\/users\/10"}],"replies":[{"embeddable":true,"href":"https:\/\/www.libri.de\/en\/wp-json\/wp\/v2\/comments?post=38468"}],"version-history":[{"count":3,"href":"https:\/\/www.libri.de\/en\/wp-json\/wp\/v2\/pages\/38468\/revisions"}],"predecessor-version":[{"id":85725,"href":"https:\/\/www.libri.de\/en\/wp-json\/wp\/v2\/pages\/38468\/revisions\/85725"}],"up":[{"embeddable":true,"href":"https:\/\/www.libri.de\/en\/wp-json\/wp\/v2\/pages\/38413"}],"wp:featuredmedia":[{"embeddable":true,"href":"https:\/\/www.libri.de\/en\/wp-json\/wp\/v2\/media\/29669"}],"wp:attachment":[{"href":"https:\/\/www.libri.de\/en\/wp-json\/wp\/v2\/media?parent=38468"}],"curies":[{"name":"wp","href":"https:\/\/api.w.org\/{rel}","templated":true}]}}