{"id":38463,"date":"2021-11-23T16:27:26","date_gmt":"2021-11-23T14:27:26","guid":{"rendered":"https:\/\/www.libri.de\/for-traders\/transport\/"},"modified":"2025-10-09T19:12:28","modified_gmt":"2025-10-09T17:12:28","slug":"transport","status":"publish","type":"page","link":"https:\/\/www.libri.de\/en\/for-traders\/transport\/","title":{"rendered":"Transport"},"content":{"rendered":"\r\n<div id=\"header-block_66733dbc0bbdf07275855b195811a62c\" class=\"block-header module type-big bc-blue c-white-imp\">\r\n  <div class=\"container\">\r\n\r\n    <p id=\"breadcrumbs\"><span><span><a href=\"https:\/\/www.libri.de\/en\/\">Home<\/a><\/span><\/span><\/p>    \r\n    \r\n              <div class=\"image\">\r\n          <img decoding=\"async\" width=\"1990\" height=\"1100\" src=\"https:\/\/www.libri.de\/wp-content\/uploads\/2021\/11\/Logistik_Libri_Leistungen.jpg\" class=\"attachment-2048x2048 size-2048x2048\" alt=\"Logisitk Nachtsprung Libri Barsortiment\" srcset=\"https:\/\/www.libri.de\/wp-content\/uploads\/2021\/11\/Logistik_Libri_Leistungen.jpg 1990w, https:\/\/www.libri.de\/wp-content\/uploads\/2021\/11\/Logistik_Libri_Leistungen-300x166.jpg 300w, https:\/\/www.libri.de\/wp-content\/uploads\/2021\/11\/Logistik_Libri_Leistungen-1024x566.jpg 1024w, https:\/\/www.libri.de\/wp-content\/uploads\/2021\/11\/Logistik_Libri_Leistungen-768x425.jpg 768w, https:\/\/www.libri.de\/wp-content\/uploads\/2021\/11\/Logistik_Libri_Leistungen-1536x849.jpg 1536w\" sizes=\"(max-width: 1990px) 100vw, 1990px\" \/>        <\/div>\r\n      \r\n      <div class=\"row\">\r\n        <div class=\"col-12 col-md-10 title\">\r\n          <h1 class=\"\">Transport solutions for the book trade<\/h1>\r\n        <\/div>\r\n\r\n        <div class=\"col-12 col-md-10 text\">\r\n          <p>Our intelligent logistics solutions \u2013 delivering directly to you and your customers. <\/p>\r\n        <\/div>\r\n      <\/div>\r\n\r\n      \r\n  <\/div>\r\n<\/div>\r\n\r\n\n\n\r\n<div id=\"anchor-nav-block_3a1784ea24af4ebc6591b3e3d0e09c2e\" class=\"block-anchor-nav module bc-blue c-white-imp\"  >\r\n\r\n      <div class=\"container\"><div class=\"line\"><\/div><\/div>\r\n    \r\n    <div class=\"container\">\r\n      <div class=\"p-relative\">\r\n        <div class=\"arrow left\"><\/div>\r\n        <div class=\"arrow right\"><\/div>\r\n      <\/div>\r\n      <div class=\"overflow-x-auto\">\r\n        <div class=\"d-flex anchor-nav\" data-class=\"anchor-nav-entry\"><\/div>\r\n      <\/div>\r\n    <\/div>\r\n\r\n  <\/div>\r\n\r\n\n\n\r\n<div id=\"space-block_124f9d5391ce6c5aa0b118f0d99aa71c\" class=\"block-space module bc-blue c-white-imp\" style=\"height: 48px;\"><\/div>\n\n\r\n<div id=\"space-block_098220cda6fc66947a6094e8294649d9\" class=\"block-space module bc-trans\" style=\"height: 48px;\"><\/div>\n\n\r\n<div id=\"overnight-deliveries\" class=\"block-anchor\" data-title=\"Overnight deliveries\" >\r\n\r\n  <\/div>\r\n\r\n\n\n\r\n<div id=\"text-block_84411ac684a677c8540e608eefabef6c\" class=\"block-text module type-text bc-trans\">\r\n  <div class=\"container\">\r\n\r\n    \r\n      <div class=\"row \">\r\n\r\n        \r\n        <div class=\"col-12 col-md-10\">\r\n\r\n                      <h2 class=\"title\">Overnight deliveries with Booxpress<\/h2>\r\n          \r\n          <div class=\"text for-box-js\">\r\n            <p>We deliver your wholesale book orders to your bookstore before the store opens, six days a week from our warehouse in Bad Hersfeld, located logistically right at the heart of Germany. The books are labelled and sorted ready for sale. You will receive the books in our grey returnable containers, the well-known stackable \u201cbook trays\u201d \u2013 saving space and packaging waste.<\/p>\n<p>With its own delivery vehicles, Booxpress ensures fast delivery of ordered titles.<\/p>\n<ul>\n<li><strong>22 regional hubs<\/strong><\/li>\n<li>Up to <strong>400 delivery vehicles<\/strong> in use every day<\/li>\n<li><strong>Use of GPS<\/strong> to protect deliveries<\/li>\n<li>Delivery Monday to Saturday<strong> before the bookstore opens<\/strong>,<\/li>\n<li>Joint wholesale book and direct-from-publisher deliveries<\/li>\n<\/ul>\n          <\/div>\r\n\r\n          \r\n          \r\n        <\/div>\r\n        \r\n      <\/div>\r\n\r\n    \r\n  <\/div>\r\n<\/div>\r\n\r\n\n\n\r\n<div id=\"libri-direkt\" class=\"block-anchor\" data-title=\"Libri.Direkt\" >\r\n\r\n  <\/div>\r\n\r\n\n\n\r\n<div id=\"text-block_2fc4a1812558abd9d982ba10d5bc43e1\" class=\"block-text module type-text bc-trans\">\r\n  <div class=\"container\">\r\n\r\n    \r\n      <div class=\"row \">\r\n\r\n        \r\n        <div class=\"col-12 col-md-10\">\r\n\r\n                      <h2 class=\"title\">Libri.Direkt \u2013 our shipping service<\/h2>\r\n          \r\n          <div class=\"text for-box-js\">\r\n            <p>We ship books ordered via your bookstore directly to home and business addresses on your behalf. Dispatch and delivery confirmation is sent directly to the bookstore, which is responsible for billing the customer.<\/p>\n          <\/div>\r\n\r\n                      <div class=\"cta\">\r\n              <a \r\n                class=\"bttn-secondary icn-no\" \r\n                href=\"https:\/\/www.libri.de\/en\/for-traders\/ecommerce\/libri-fulfilment\/\" \r\n                target=\"_self\"\r\n                >\r\n                Fulfilment              <\/a>\r\n            <\/div>\r\n          \r\n          \r\n        <\/div>\r\n        \r\n      <\/div>\r\n\r\n    \r\n  <\/div>\r\n<\/div>\r\n\r\n\n\n\r\n<div id=\"text-block_a9fb27cfc7ecfedb25925acc77ac1e57\" class=\"block-text module type-text bc-green-2\">\r\n  <div class=\"container\">\r\n\r\n    \r\n      <div class=\"row \">\r\n\r\n        \r\n        <div class=\"col-12 col-md-10\">\r\n\r\n          \r\n          <div class=\"text for-box-js\">\r\n                      <\/div>\r\n\r\n                      <div class=\"cta\">\r\n              <a \r\n                class=\"bttn-secondary \" \r\n                href=\"https:\/\/www.libri.de\/en\/for-traders\/\" \r\n                target=\"_self\"\r\n                >\r\n                \u2190 For traders              <\/a>\r\n            <\/div>\r\n          \r\n          \r\n        <\/div>\r\n        \r\n      <\/div>\r\n\r\n    \r\n  <\/div>\r\n<\/div>\r\n\r\n\n\n\r\n<div id=\"space-block_332b64b67f1fea3677a31e7e56f8297d\" class=\"block-space module bc-green-2\" style=\"height: 48px;\"><\/div>","protected":false},"excerpt":{"rendered":"<p>Our intelligent logistics solutions \u2013 delivering directly to you and your customers. <\/p>\n","protected":false},"author":10,"featured_media":33251,"parent":38404,"menu_order":0,"comment_status":"closed","ping_status":"closed","template":"","meta":{"_acf_changed":false,"footnotes":""},"class_list":["post-38463","page","type-page","status-publish","has-post-thumbnail","hentry"],"acf":[],"yoast_head":"<!-- This site is optimized with the Yoast SEO plugin v27.0 - https:\/\/yoast.com\/product\/yoast-seo-wordpress\/ -->\n<title>Transport | Libri GmbH<\/title>\n<meta name=\"robots\" content=\"index, follow, max-snippet:-1, max-image-preview:large, max-video-preview:-1\" \/>\n<link rel=\"canonical\" href=\"https:\/\/www.libri.de\/en\/for-traders\/transport\/\" \/>\n<meta property=\"og:locale\" content=\"en_US\" \/>\n<meta property=\"og:type\" content=\"article\" \/>\n<meta property=\"og:title\" content=\"Transport | Libri GmbH\" \/>\n<meta property=\"og:description\" content=\"Our intelligent logistics solutions \u2013 delivering directly to you and your customers.\" \/>\n<meta property=\"og:url\" content=\"https:\/\/www.libri.de\/en\/for-traders\/transport\/\" \/>\n<meta property=\"og:site_name\" content=\"Libri GmbH\" \/>\n<meta property=\"article:publisher\" content=\"https:\/\/www.facebook.com\/libribarsortiment\" \/>\n<meta property=\"article:modified_time\" content=\"2025-10-09T17:12:28+00:00\" \/>\n<meta property=\"og:image\" content=\"https:\/\/www.libri.de\/wp-content\/uploads\/2021\/11\/Logistik_Libri_Leistungen.jpg\" \/>\n\t<meta property=\"og:image:width\" content=\"1990\" \/>\n\t<meta property=\"og:image:height\" content=\"1100\" \/>\n\t<meta property=\"og:image:type\" content=\"image\/jpeg\" \/>\n<meta name=\"twitter:card\" content=\"summary_large_image\" \/>\n<meta name=\"twitter:label1\" content=\"Est. reading time\" \/>\n\t<meta name=\"twitter:data1\" content=\"1 minute\" \/>\n<script type=\"application\/ld+json\" class=\"yoast-schema-graph\">{\"@context\":\"https:\/\/schema.org\",\"@graph\":[{\"@type\":\"WebPage\",\"@id\":\"https:\/\/www.libri.de\/en\/for-traders\/transport\/\",\"url\":\"https:\/\/www.libri.de\/en\/for-traders\/transport\/\",\"name\":\"Transport | Libri GmbH\",\"isPartOf\":{\"@id\":\"https:\/\/www.libri.de\/fr\/#website\"},\"primaryImageOfPage\":{\"@id\":\"https:\/\/www.libri.de\/en\/for-traders\/transport\/#primaryimage\"},\"image\":{\"@id\":\"https:\/\/www.libri.de\/en\/for-traders\/transport\/#primaryimage\"},\"thumbnailUrl\":\"https:\/\/www.libri.de\/wp-content\/uploads\/2021\/11\/Logistik_Libri_Leistungen.jpg\",\"datePublished\":\"2021-11-23T14:27:26+00:00\",\"dateModified\":\"2025-10-09T17:12:28+00:00\",\"breadcrumb\":{\"@id\":\"https:\/\/www.libri.de\/en\/for-traders\/transport\/#breadcrumb\"},\"inLanguage\":\"en-US\",\"potentialAction\":[{\"@type\":\"ReadAction\",\"target\":[\"https:\/\/www.libri.de\/en\/for-traders\/transport\/\"]}]},{\"@type\":\"ImageObject\",\"inLanguage\":\"en-US\",\"@id\":\"https:\/\/www.libri.de\/en\/for-traders\/transport\/#primaryimage\",\"url\":\"https:\/\/www.libri.de\/wp-content\/uploads\/2021\/11\/Logistik_Libri_Leistungen.jpg\",\"contentUrl\":\"https:\/\/www.libri.de\/wp-content\/uploads\/2021\/11\/Logistik_Libri_Leistungen.jpg\",\"width\":1990,\"height\":1100,\"caption\":\"Logisitk Nachtsprung Libri Barsortiment\"},{\"@type\":\"BreadcrumbList\",\"@id\":\"https:\/\/www.libri.de\/en\/for-traders\/transport\/#breadcrumb\",\"itemListElement\":[{\"@type\":\"ListItem\",\"position\":1,\"name\":\"Home\",\"item\":\"https:\/\/www.libri.de\/en\/\"},{\"@type\":\"ListItem\",\"position\":2,\"name\":\"For traders\",\"item\":\"https:\/\/www.libri.de\/en\/for-traders\/\"},{\"@type\":\"ListItem\",\"position\":3,\"name\":\"Transport\"}]},{\"@type\":\"WebSite\",\"@id\":\"https:\/\/www.libri.de\/fr\/#website\",\"url\":\"https:\/\/www.libri.de\/fr\/\",\"name\":\"Libri GmbH\",\"description\":\"Barsortiment und Gro\u00dfhandel f\u00fcr B\u00fccher und andere Medien\",\"publisher\":{\"@id\":\"https:\/\/www.libri.de\/fr\/#organization\"},\"potentialAction\":[{\"@type\":\"SearchAction\",\"target\":{\"@type\":\"EntryPoint\",\"urlTemplate\":\"https:\/\/www.libri.de\/fr\/?s={search_term_string}\"},\"query-input\":{\"@type\":\"PropertyValueSpecification\",\"valueRequired\":true,\"valueName\":\"search_term_string\"}}],\"inLanguage\":\"en-US\"},{\"@type\":\"Organization\",\"@id\":\"https:\/\/www.libri.de\/fr\/#organization\",\"name\":\"Libri\",\"url\":\"https:\/\/www.libri.de\/fr\/\",\"logo\":{\"@type\":\"ImageObject\",\"inLanguage\":\"en-US\",\"@id\":\"https:\/\/www.libri.de\/fr\/#\/schema\/logo\/image\/\",\"url\":\"https:\/\/188.64.195.32\/wp-content\/uploads\/2022\/04\/libri_logo-1.jpg\",\"contentUrl\":\"https:\/\/188.64.195.32\/wp-content\/uploads\/2022\/04\/libri_logo-1.jpg\",\"width\":2000,\"height\":1000,\"caption\":\"Libri\"},\"image\":{\"@id\":\"https:\/\/www.libri.de\/fr\/#\/schema\/logo\/image\/\"},\"sameAs\":[\"https:\/\/www.facebook.com\/libribarsortiment\",\"https:\/\/www.instagram.com\/libri.barsortiment\",\"https:\/\/www.linkedin.com\/company\/libri-gmbh\"]}]}<\/script>\n<!-- \/ Yoast SEO plugin. -->","yoast_head_json":{"title":"Transport | Libri GmbH","robots":{"index":"index","follow":"follow","max-snippet":"max-snippet:-1","max-image-preview":"max-image-preview:large","max-video-preview":"max-video-preview:-1"},"canonical":"https:\/\/www.libri.de\/en\/for-traders\/transport\/","og_locale":"en_US","og_type":"article","og_title":"Transport | Libri GmbH","og_description":"Our intelligent logistics solutions \u2013 delivering directly to you and your customers.","og_url":"https:\/\/www.libri.de\/en\/for-traders\/transport\/","og_site_name":"Libri GmbH","article_publisher":"https:\/\/www.facebook.com\/libribarsortiment","article_modified_time":"2025-10-09T17:12:28+00:00","og_image":[{"width":1990,"height":1100,"url":"https:\/\/www.libri.de\/wp-content\/uploads\/2021\/11\/Logistik_Libri_Leistungen.jpg","type":"image\/jpeg"}],"twitter_card":"summary_large_image","twitter_misc":{"Est. reading time":"1 minute"},"schema":{"@context":"https:\/\/schema.org","@graph":[{"@type":"WebPage","@id":"https:\/\/www.libri.de\/en\/for-traders\/transport\/","url":"https:\/\/www.libri.de\/en\/for-traders\/transport\/","name":"Transport | Libri GmbH","isPartOf":{"@id":"https:\/\/www.libri.de\/fr\/#website"},"primaryImageOfPage":{"@id":"https:\/\/www.libri.de\/en\/for-traders\/transport\/#primaryimage"},"image":{"@id":"https:\/\/www.libri.de\/en\/for-traders\/transport\/#primaryimage"},"thumbnailUrl":"https:\/\/www.libri.de\/wp-content\/uploads\/2021\/11\/Logistik_Libri_Leistungen.jpg","datePublished":"2021-11-23T14:27:26+00:00","dateModified":"2025-10-09T17:12:28+00:00","breadcrumb":{"@id":"https:\/\/www.libri.de\/en\/for-traders\/transport\/#breadcrumb"},"inLanguage":"en-US","potentialAction":[{"@type":"ReadAction","target":["https:\/\/www.libri.de\/en\/for-traders\/transport\/"]}]},{"@type":"ImageObject","inLanguage":"en-US","@id":"https:\/\/www.libri.de\/en\/for-traders\/transport\/#primaryimage","url":"https:\/\/www.libri.de\/wp-content\/uploads\/2021\/11\/Logistik_Libri_Leistungen.jpg","contentUrl":"https:\/\/www.libri.de\/wp-content\/uploads\/2021\/11\/Logistik_Libri_Leistungen.jpg","width":1990,"height":1100,"caption":"Logisitk Nachtsprung Libri Barsortiment"},{"@type":"BreadcrumbList","@id":"https:\/\/www.libri.de\/en\/for-traders\/transport\/#breadcrumb","itemListElement":[{"@type":"ListItem","position":1,"name":"Home","item":"https:\/\/www.libri.de\/en\/"},{"@type":"ListItem","position":2,"name":"For traders","item":"https:\/\/www.libri.de\/en\/for-traders\/"},{"@type":"ListItem","position":3,"name":"Transport"}]},{"@type":"WebSite","@id":"https:\/\/www.libri.de\/fr\/#website","url":"https:\/\/www.libri.de\/fr\/","name":"Libri GmbH","description":"Barsortiment und Gro\u00dfhandel f\u00fcr B\u00fccher und andere Medien","publisher":{"@id":"https:\/\/www.libri.de\/fr\/#organization"},"potentialAction":[{"@type":"SearchAction","target":{"@type":"EntryPoint","urlTemplate":"https:\/\/www.libri.de\/fr\/?s={search_term_string}"},"query-input":{"@type":"PropertyValueSpecification","valueRequired":true,"valueName":"search_term_string"}}],"inLanguage":"en-US"},{"@type":"Organization","@id":"https:\/\/www.libri.de\/fr\/#organization","name":"Libri","url":"https:\/\/www.libri.de\/fr\/","logo":{"@type":"ImageObject","inLanguage":"en-US","@id":"https:\/\/www.libri.de\/fr\/#\/schema\/logo\/image\/","url":"https:\/\/188.64.195.32\/wp-content\/uploads\/2022\/04\/libri_logo-1.jpg","contentUrl":"https:\/\/188.64.195.32\/wp-content\/uploads\/2022\/04\/libri_logo-1.jpg","width":2000,"height":1000,"caption":"Libri"},"image":{"@id":"https:\/\/www.libri.de\/fr\/#\/schema\/logo\/image\/"},"sameAs":["https:\/\/www.facebook.com\/libribarsortiment","https:\/\/www.instagram.com\/libri.barsortiment","https:\/\/www.linkedin.com\/company\/libri-gmbh"]}]}},"_links":{"self":[{"href":"https:\/\/www.libri.de\/en\/wp-json\/wp\/v2\/pages\/38463","targetHints":{"allow":["GET"]}}],"collection":[{"href":"https:\/\/www.libri.de\/en\/wp-json\/wp\/v2\/pages"}],"about":[{"href":"https:\/\/www.libri.de\/en\/wp-json\/wp\/v2\/types\/page"}],"author":[{"embeddable":true,"href":"https:\/\/www.libri.de\/en\/wp-json\/wp\/v2\/users\/10"}],"replies":[{"embeddable":true,"href":"https:\/\/www.libri.de\/en\/wp-json\/wp\/v2\/comments?post=38463"}],"version-history":[{"count":2,"href":"https:\/\/www.libri.de\/en\/wp-json\/wp\/v2\/pages\/38463\/revisions"}],"predecessor-version":[{"id":77867,"href":"https:\/\/www.libri.de\/en\/wp-json\/wp\/v2\/pages\/38463\/revisions\/77867"}],"up":[{"embeddable":true,"href":"https:\/\/www.libri.de\/en\/wp-json\/wp\/v2\/pages\/38404"}],"wp:featuredmedia":[{"embeddable":true,"href":"https:\/\/www.libri.de\/en\/wp-json\/wp\/v2\/media\/33251"}],"wp:attachment":[{"href":"https:\/\/www.libri.de\/en\/wp-json\/wp\/v2\/media?parent=38463"}],"curies":[{"name":"wp","href":"https:\/\/api.w.org\/{rel}","templated":true}]}}