{"id":38451,"date":"2021-11-24T12:14:49","date_gmt":"2021-11-24T10:14:49","guid":{"rendered":"https:\/\/www.libri.de\/libri-versandservice\/"},"modified":"2025-03-06T11:02:14","modified_gmt":"2025-03-06T09:02:14","slug":"libri-fulfilment","status":"publish","type":"page","link":"https:\/\/www.libri.de\/en\/for-traders\/ecommerce\/libri-fulfilment\/","title":{"rendered":"Libri.Direkt"},"content":{"rendered":"\r\n<div id=\"header-block_0c24f3c8933ad4a7f56159cd4ffa862a\" class=\"block-header module type-big bc-blue c-white-imp\">\r\n  <div class=\"container\">\r\n\r\n    <p id=\"breadcrumbs\"><span><span><a href=\"https:\/\/www.libri.de\/en\/\">Home<\/a><\/span><\/span><\/p>    \r\n    \r\n              <div class=\"image\">\r\n          <img decoding=\"async\" width=\"1650\" height=\"910\" src=\"https:\/\/www.libri.de\/wp-content\/uploads\/2021\/12\/Libri.Direkt_Dropshipment_Versandservice_02.jpg\" class=\"attachment-2048x2048 size-2048x2048\" alt=\"Libri Mitarbeiterin bereit im Versandservice eine Bestellung f\u00fcr den Versand vor im Logistikzentrum\" srcset=\"https:\/\/www.libri.de\/wp-content\/uploads\/2021\/12\/Libri.Direkt_Dropshipment_Versandservice_02.jpg 1650w, https:\/\/www.libri.de\/wp-content\/uploads\/2021\/12\/Libri.Direkt_Dropshipment_Versandservice_02-300x165.jpg 300w, https:\/\/www.libri.de\/wp-content\/uploads\/2021\/12\/Libri.Direkt_Dropshipment_Versandservice_02-1024x565.jpg 1024w, https:\/\/www.libri.de\/wp-content\/uploads\/2021\/12\/Libri.Direkt_Dropshipment_Versandservice_02-768x424.jpg 768w, https:\/\/www.libri.de\/wp-content\/uploads\/2021\/12\/Libri.Direkt_Dropshipment_Versandservice_02-1536x847.jpg 1536w\" sizes=\"(max-width: 1650px) 100vw, 1650px\" \/>        <\/div>\r\n      \r\n      <div class=\"row\">\r\n        <div class=\"col-12 col-md-10 title\">\r\n          <h1 class=\"\">Libri.Direkt\u2013 Fulfilment to the highest standards<\/h1>\r\n        <\/div>\r\n\r\n        <div class=\"col-12 col-md-10 text\">\r\n          <p>Save time and storage capacity with our Libri.Direkt shipping service, where we deliver articles directly to your customers at their homes, all around the world.<\/p>\r\n        <\/div>\r\n      <\/div>\r\n\r\n      \r\n  <\/div>\r\n<\/div>\r\n\r\n\n\n\r\n<div id=\"space-block_c5feaf171ca5f0827cbc0498b2389eb3\" class=\"block-space module bc-trans\" style=\"height: 48px;\"><\/div>\n\n\r\n<div id=\"text-block_ba41dbab107ff04d4bf06c4546915431\" class=\"block-text module type-text bc-trans\">\r\n  <div class=\"container\">\r\n\r\n    \r\n      <div class=\"row \">\r\n\r\n        \r\n        <div class=\"col-12 col-md-10\">\r\n\r\n                      <h2 class=\"title\">A range of services as well as delivery available for Germany and worldwide<\/h2>\r\n          \r\n          <div class=\"text for-box-js\">\r\n                      <\/div>\r\n\r\n          \r\n          \r\n        <\/div>\r\n        \r\n      <\/div>\r\n\r\n    \r\n  <\/div>\r\n<\/div>\r\n\r\n\n\n\r\n<div id=\"text-block_ff9ad0aacce81571ce05925d2a77408f\" class=\"block-text module type-text bc-trans\">\r\n  <div class=\"container\">\r\n\r\n    \r\n      <div class=\"row \">\r\n\r\n        \r\n        <div class=\"col-12 col-md-10\">\r\n\r\n                      <h2 class=\"title\">Libri delivers \u2013 perfect on-time fulfilment.<\/h2>\r\n          \r\n          <div class=\"text for-box-js\">\r\n            <p>By means of robust systems, well-established processes and perfect logistics, every order arrives at your shop or logistics location on time and ready for sale. Bookstores and online retailers have been able to count on this service from Libri, an established logistics partner in the industry for over 90 years.<\/p>\n          <\/div>\r\n\r\n          \r\n          \r\n        <\/div>\r\n        \r\n      <\/div>\r\n\r\n    \r\n  <\/div>\r\n<\/div>\r\n\r\n\n\n\r\n<div id=\"text-block_f0341b1b7ae1dd7c1861cfcef05ac8f2\" class=\"block-text module type-text bc-trans\">\r\n  <div class=\"container\">\r\n\r\n    \r\n      <div class=\"row \">\r\n\r\n        \r\n        <div class=\"col-12 col-md-10\">\r\n\r\n                      <h2 class=\"title\">Let us help you maintain your competitive edge!<\/h2>\r\n          \r\n          <div class=\"text for-box-js\">\r\n            <p>In cooperation with our logistics partners we also offer you a reliable, worldwide shipping service to your customers&#8217; homes, enabling you to conserve storage capacity and save resources. We offer the complete fulfilment of delivering your goods, including customs clearance and shipment processing.<\/p>\n          <\/div>\r\n\r\n          \r\n          \r\n        <\/div>\r\n        \r\n      <\/div>\r\n\r\n    \r\n  <\/div>\r\n<\/div>\r\n\r\n\n\n\r\n<div id=\"space-block_c5feaf171ca5f0827cbc0498b2389eb3\" class=\"block-space module bc-trans\" style=\"height: 48px;\"><\/div>\n\n\r\n<div id=\"text-block_24ef74d3f9ca77b430e08c40d26aadf4\" class=\"block-text module type-text bc-green-2\">\r\n  <div class=\"container\">\r\n\r\n    \r\n      <div class=\"row \">\r\n\r\n        \r\n        <div class=\"col-12 col-md-10\">\r\n\r\n          \r\n          <div class=\"text for-box-js\">\r\n                      <\/div>\r\n\r\n                      <div class=\"cta\">\r\n              <a \r\n                class=\"bttn-secondary icn-no\" \r\n                href=\"https:\/\/www.libri.de\/en\/for-traders\/\" \r\n                target=\"_self\"\r\n                >\r\n                For traders              <\/a>\r\n            <\/div>\r\n          \r\n          \r\n        <\/div>\r\n        \r\n      <\/div>\r\n\r\n    \r\n  <\/div>\r\n<\/div>\r\n\r\n","protected":false},"excerpt":{"rendered":"<p>Mit unserem Versandservice Libri.Direkt beliefern wir Ihre Kundinnen und Kunden weltweit direkt nach Hause und Sie sparen Zeit- &#038; Lagerkapazit\u00e4ten.<\/p>\n","protected":false},"author":10,"featured_media":34139,"parent":38560,"menu_order":0,"comment_status":"closed","ping_status":"closed","template":"","meta":{"_acf_changed":false,"footnotes":""},"class_list":["post-38451","page","type-page","status-publish","has-post-thumbnail","hentry"],"acf":[],"yoast_head":"<!-- This site is optimized with the Yoast SEO plugin v27.0 - https:\/\/yoast.com\/product\/yoast-seo-wordpress\/ -->\n<title>Libri.Direkt | Libri GmbH<\/title>\n<meta name=\"description\" content=\"Mit unserem Versandservice Libri.Direkt beliefern wir Ihre Kundinnen und Kunden weltweit direkt nach Hause und Sie sparen Zeit- &amp; Lagerkapazit\u00e4ten.\" \/>\n<meta name=\"robots\" content=\"index, follow, max-snippet:-1, max-image-preview:large, max-video-preview:-1\" \/>\n<link rel=\"canonical\" href=\"https:\/\/www.libri.de\/en\/for-traders\/ecommerce\/libri-fulfilment\/\" \/>\n<meta property=\"og:locale\" content=\"en_US\" \/>\n<meta property=\"og:type\" content=\"article\" \/>\n<meta property=\"og:title\" content=\"Libri.Direkt | Libri GmbH\" \/>\n<meta property=\"og:description\" content=\"Mit unserem Versandservice Libri.Direkt beliefern wir Ihre Kundinnen und Kunden weltweit direkt nach Hause und Sie sparen Zeit- &amp; Lagerkapazit\u00e4ten.\" \/>\n<meta property=\"og:url\" content=\"https:\/\/www.libri.de\/en\/for-traders\/ecommerce\/libri-fulfilment\/\" \/>\n<meta property=\"og:site_name\" content=\"Libri GmbH\" \/>\n<meta property=\"article:publisher\" content=\"https:\/\/www.facebook.com\/libribarsortiment\" \/>\n<meta property=\"article:modified_time\" content=\"2025-03-06T09:02:14+00:00\" \/>\n<meta property=\"og:image\" content=\"https:\/\/www.libri.de\/wp-content\/uploads\/2021\/12\/Libri.Direkt_Dropshipment_Versandservice_02.jpg\" \/>\n\t<meta property=\"og:image:width\" content=\"1650\" \/>\n\t<meta property=\"og:image:height\" content=\"910\" \/>\n\t<meta property=\"og:image:type\" content=\"image\/jpeg\" \/>\n<meta name=\"twitter:card\" content=\"summary_large_image\" \/>\n<meta name=\"twitter:label1\" content=\"Est. reading time\" \/>\n\t<meta name=\"twitter:data1\" content=\"1 minute\" \/>\n<script type=\"application\/ld+json\" class=\"yoast-schema-graph\">{\"@context\":\"https:\/\/schema.org\",\"@graph\":[{\"@type\":\"WebPage\",\"@id\":\"https:\/\/www.libri.de\/en\/for-traders\/ecommerce\/libri-fulfilment\/\",\"url\":\"https:\/\/www.libri.de\/en\/for-traders\/ecommerce\/libri-fulfilment\/\",\"name\":\"Libri.Direkt | Libri GmbH\",\"isPartOf\":{\"@id\":\"https:\/\/www.libri.de\/fr\/#website\"},\"primaryImageOfPage\":{\"@id\":\"https:\/\/www.libri.de\/en\/for-traders\/ecommerce\/libri-fulfilment\/#primaryimage\"},\"image\":{\"@id\":\"https:\/\/www.libri.de\/en\/for-traders\/ecommerce\/libri-fulfilment\/#primaryimage\"},\"thumbnailUrl\":\"https:\/\/www.libri.de\/wp-content\/uploads\/2021\/12\/Libri.Direkt_Dropshipment_Versandservice_02.jpg\",\"datePublished\":\"2021-11-24T10:14:49+00:00\",\"dateModified\":\"2025-03-06T09:02:14+00:00\",\"description\":\"Mit unserem Versandservice Libri.Direkt beliefern wir Ihre Kundinnen und Kunden weltweit direkt nach Hause und Sie sparen Zeit- & Lagerkapazit\u00e4ten.\",\"breadcrumb\":{\"@id\":\"https:\/\/www.libri.de\/en\/for-traders\/ecommerce\/libri-fulfilment\/#breadcrumb\"},\"inLanguage\":\"en-US\",\"potentialAction\":[{\"@type\":\"ReadAction\",\"target\":[\"https:\/\/www.libri.de\/en\/for-traders\/ecommerce\/libri-fulfilment\/\"]}]},{\"@type\":\"ImageObject\",\"inLanguage\":\"en-US\",\"@id\":\"https:\/\/www.libri.de\/en\/for-traders\/ecommerce\/libri-fulfilment\/#primaryimage\",\"url\":\"https:\/\/www.libri.de\/wp-content\/uploads\/2021\/12\/Libri.Direkt_Dropshipment_Versandservice_02.jpg\",\"contentUrl\":\"https:\/\/www.libri.de\/wp-content\/uploads\/2021\/12\/Libri.Direkt_Dropshipment_Versandservice_02.jpg\",\"width\":1650,\"height\":910,\"caption\":\"Libri Mitarbeiterin bereit im Versandservice eine Bestellung f\u00fcr den Versand vor im Logistikzentrum\"},{\"@type\":\"BreadcrumbList\",\"@id\":\"https:\/\/www.libri.de\/en\/for-traders\/ecommerce\/libri-fulfilment\/#breadcrumb\",\"itemListElement\":[{\"@type\":\"ListItem\",\"position\":1,\"name\":\"Home\",\"item\":\"https:\/\/www.libri.de\/en\/\"},{\"@type\":\"ListItem\",\"position\":2,\"name\":\"For traders\",\"item\":\"https:\/\/www.libri.de\/en\/for-traders\/\"},{\"@type\":\"ListItem\",\"position\":3,\"name\":\"eCommerce\",\"item\":\"https:\/\/www.libri.de\/en\/for-traders\/ecommerce\/\"},{\"@type\":\"ListItem\",\"position\":4,\"name\":\"Libri.Direkt\"}]},{\"@type\":\"WebSite\",\"@id\":\"https:\/\/www.libri.de\/fr\/#website\",\"url\":\"https:\/\/www.libri.de\/fr\/\",\"name\":\"Libri GmbH\",\"description\":\"Barsortiment und Gro\u00dfhandel f\u00fcr B\u00fccher und andere Medien\",\"publisher\":{\"@id\":\"https:\/\/www.libri.de\/fr\/#organization\"},\"potentialAction\":[{\"@type\":\"SearchAction\",\"target\":{\"@type\":\"EntryPoint\",\"urlTemplate\":\"https:\/\/www.libri.de\/fr\/?s={search_term_string}\"},\"query-input\":{\"@type\":\"PropertyValueSpecification\",\"valueRequired\":true,\"valueName\":\"search_term_string\"}}],\"inLanguage\":\"en-US\"},{\"@type\":\"Organization\",\"@id\":\"https:\/\/www.libri.de\/fr\/#organization\",\"name\":\"Libri\",\"url\":\"https:\/\/www.libri.de\/fr\/\",\"logo\":{\"@type\":\"ImageObject\",\"inLanguage\":\"en-US\",\"@id\":\"https:\/\/www.libri.de\/fr\/#\/schema\/logo\/image\/\",\"url\":\"https:\/\/188.64.195.32\/wp-content\/uploads\/2022\/04\/libri_logo-1.jpg\",\"contentUrl\":\"https:\/\/188.64.195.32\/wp-content\/uploads\/2022\/04\/libri_logo-1.jpg\",\"width\":2000,\"height\":1000,\"caption\":\"Libri\"},\"image\":{\"@id\":\"https:\/\/www.libri.de\/fr\/#\/schema\/logo\/image\/\"},\"sameAs\":[\"https:\/\/www.facebook.com\/libribarsortiment\",\"https:\/\/www.instagram.com\/libri.barsortiment\",\"https:\/\/www.linkedin.com\/company\/libri-gmbh\"]}]}<\/script>\n<!-- \/ Yoast SEO plugin. -->","yoast_head_json":{"title":"Libri.Direkt | Libri GmbH","description":"Mit unserem Versandservice Libri.Direkt beliefern wir Ihre Kundinnen und Kunden weltweit direkt nach Hause und Sie sparen Zeit- & Lagerkapazit\u00e4ten.","robots":{"index":"index","follow":"follow","max-snippet":"max-snippet:-1","max-image-preview":"max-image-preview:large","max-video-preview":"max-video-preview:-1"},"canonical":"https:\/\/www.libri.de\/en\/for-traders\/ecommerce\/libri-fulfilment\/","og_locale":"en_US","og_type":"article","og_title":"Libri.Direkt | Libri GmbH","og_description":"Mit unserem Versandservice Libri.Direkt beliefern wir Ihre Kundinnen und Kunden weltweit direkt nach Hause und Sie sparen Zeit- & Lagerkapazit\u00e4ten.","og_url":"https:\/\/www.libri.de\/en\/for-traders\/ecommerce\/libri-fulfilment\/","og_site_name":"Libri GmbH","article_publisher":"https:\/\/www.facebook.com\/libribarsortiment","article_modified_time":"2025-03-06T09:02:14+00:00","og_image":[{"width":1650,"height":910,"url":"https:\/\/www.libri.de\/wp-content\/uploads\/2021\/12\/Libri.Direkt_Dropshipment_Versandservice_02.jpg","type":"image\/jpeg"}],"twitter_card":"summary_large_image","twitter_misc":{"Est. reading time":"1 minute"},"schema":{"@context":"https:\/\/schema.org","@graph":[{"@type":"WebPage","@id":"https:\/\/www.libri.de\/en\/for-traders\/ecommerce\/libri-fulfilment\/","url":"https:\/\/www.libri.de\/en\/for-traders\/ecommerce\/libri-fulfilment\/","name":"Libri.Direkt | Libri GmbH","isPartOf":{"@id":"https:\/\/www.libri.de\/fr\/#website"},"primaryImageOfPage":{"@id":"https:\/\/www.libri.de\/en\/for-traders\/ecommerce\/libri-fulfilment\/#primaryimage"},"image":{"@id":"https:\/\/www.libri.de\/en\/for-traders\/ecommerce\/libri-fulfilment\/#primaryimage"},"thumbnailUrl":"https:\/\/www.libri.de\/wp-content\/uploads\/2021\/12\/Libri.Direkt_Dropshipment_Versandservice_02.jpg","datePublished":"2021-11-24T10:14:49+00:00","dateModified":"2025-03-06T09:02:14+00:00","description":"Mit unserem Versandservice Libri.Direkt beliefern wir Ihre Kundinnen und Kunden weltweit direkt nach Hause und Sie sparen Zeit- & Lagerkapazit\u00e4ten.","breadcrumb":{"@id":"https:\/\/www.libri.de\/en\/for-traders\/ecommerce\/libri-fulfilment\/#breadcrumb"},"inLanguage":"en-US","potentialAction":[{"@type":"ReadAction","target":["https:\/\/www.libri.de\/en\/for-traders\/ecommerce\/libri-fulfilment\/"]}]},{"@type":"ImageObject","inLanguage":"en-US","@id":"https:\/\/www.libri.de\/en\/for-traders\/ecommerce\/libri-fulfilment\/#primaryimage","url":"https:\/\/www.libri.de\/wp-content\/uploads\/2021\/12\/Libri.Direkt_Dropshipment_Versandservice_02.jpg","contentUrl":"https:\/\/www.libri.de\/wp-content\/uploads\/2021\/12\/Libri.Direkt_Dropshipment_Versandservice_02.jpg","width":1650,"height":910,"caption":"Libri Mitarbeiterin bereit im Versandservice eine Bestellung f\u00fcr den Versand vor im Logistikzentrum"},{"@type":"BreadcrumbList","@id":"https:\/\/www.libri.de\/en\/for-traders\/ecommerce\/libri-fulfilment\/#breadcrumb","itemListElement":[{"@type":"ListItem","position":1,"name":"Home","item":"https:\/\/www.libri.de\/en\/"},{"@type":"ListItem","position":2,"name":"For traders","item":"https:\/\/www.libri.de\/en\/for-traders\/"},{"@type":"ListItem","position":3,"name":"eCommerce","item":"https:\/\/www.libri.de\/en\/for-traders\/ecommerce\/"},{"@type":"ListItem","position":4,"name":"Libri.Direkt"}]},{"@type":"WebSite","@id":"https:\/\/www.libri.de\/fr\/#website","url":"https:\/\/www.libri.de\/fr\/","name":"Libri GmbH","description":"Barsortiment und Gro\u00dfhandel f\u00fcr B\u00fccher und andere Medien","publisher":{"@id":"https:\/\/www.libri.de\/fr\/#organization"},"potentialAction":[{"@type":"SearchAction","target":{"@type":"EntryPoint","urlTemplate":"https:\/\/www.libri.de\/fr\/?s={search_term_string}"},"query-input":{"@type":"PropertyValueSpecification","valueRequired":true,"valueName":"search_term_string"}}],"inLanguage":"en-US"},{"@type":"Organization","@id":"https:\/\/www.libri.de\/fr\/#organization","name":"Libri","url":"https:\/\/www.libri.de\/fr\/","logo":{"@type":"ImageObject","inLanguage":"en-US","@id":"https:\/\/www.libri.de\/fr\/#\/schema\/logo\/image\/","url":"https:\/\/188.64.195.32\/wp-content\/uploads\/2022\/04\/libri_logo-1.jpg","contentUrl":"https:\/\/188.64.195.32\/wp-content\/uploads\/2022\/04\/libri_logo-1.jpg","width":2000,"height":1000,"caption":"Libri"},"image":{"@id":"https:\/\/www.libri.de\/fr\/#\/schema\/logo\/image\/"},"sameAs":["https:\/\/www.facebook.com\/libribarsortiment","https:\/\/www.instagram.com\/libri.barsortiment","https:\/\/www.linkedin.com\/company\/libri-gmbh"]}]}},"_links":{"self":[{"href":"https:\/\/www.libri.de\/en\/wp-json\/wp\/v2\/pages\/38451","targetHints":{"allow":["GET"]}}],"collection":[{"href":"https:\/\/www.libri.de\/en\/wp-json\/wp\/v2\/pages"}],"about":[{"href":"https:\/\/www.libri.de\/en\/wp-json\/wp\/v2\/types\/page"}],"author":[{"embeddable":true,"href":"https:\/\/www.libri.de\/en\/wp-json\/wp\/v2\/users\/10"}],"replies":[{"embeddable":true,"href":"https:\/\/www.libri.de\/en\/wp-json\/wp\/v2\/comments?post=38451"}],"version-history":[{"count":2,"href":"https:\/\/www.libri.de\/en\/wp-json\/wp\/v2\/pages\/38451\/revisions"}],"predecessor-version":[{"id":77909,"href":"https:\/\/www.libri.de\/en\/wp-json\/wp\/v2\/pages\/38451\/revisions\/77909"}],"up":[{"embeddable":true,"href":"https:\/\/www.libri.de\/en\/wp-json\/wp\/v2\/pages\/38560"}],"wp:featuredmedia":[{"embeddable":true,"href":"https:\/\/www.libri.de\/en\/wp-json\/wp\/v2\/media\/34139"}],"wp:attachment":[{"href":"https:\/\/www.libri.de\/en\/wp-json\/wp\/v2\/media?parent=38451"}],"curies":[{"name":"wp","href":"https:\/\/api.w.org\/{rel}","templated":true}]}}