{"id":38417,"date":"2021-11-23T15:40:43","date_gmt":"2021-11-23T13:40:43","guid":{"rendered":"https:\/\/www.libri.de\/for-traders\/grosshandel\/"},"modified":"2025-03-05T19:25:06","modified_gmt":"2025-03-05T17:25:06","slug":"wholesale-trade","status":"publish","type":"page","link":"https:\/\/www.libri.de\/en\/for-traders\/wholesale-trade\/","title":{"rendered":"Wholesale trade"},"content":{"rendered":"\r\n<div id=\"header-block_c295368cdeb97ea3828471d1fc7ca686\" class=\"block-header module type-big bc-blue c-white-imp\">\r\n  <div class=\"container\">\r\n\r\n    <p id=\"breadcrumbs\"><span><span><a href=\"https:\/\/www.libri.de\/en\/\">Home<\/a><\/span><\/span><\/p>    \r\n    \r\n              <div class=\"image\">\r\n          <img decoding=\"async\" width=\"1990\" height=\"1100\" src=\"https:\/\/www.libri.de\/wp-content\/uploads\/2021\/11\/Libri_Grosshandel_Barsortiment.jpg\" class=\"attachment-2048x2048 size-2048x2048\" alt=\"Das Libri Lager f\u00fcr den Gro\u00dfhandel mit vielen verschiedenen Produkten in sortierten Regalen\" srcset=\"https:\/\/www.libri.de\/wp-content\/uploads\/2021\/11\/Libri_Grosshandel_Barsortiment.jpg 1990w, https:\/\/www.libri.de\/wp-content\/uploads\/2021\/11\/Libri_Grosshandel_Barsortiment-300x166.jpg 300w, https:\/\/www.libri.de\/wp-content\/uploads\/2021\/11\/Libri_Grosshandel_Barsortiment-1024x566.jpg 1024w, https:\/\/www.libri.de\/wp-content\/uploads\/2021\/11\/Libri_Grosshandel_Barsortiment-768x425.jpg 768w, https:\/\/www.libri.de\/wp-content\/uploads\/2021\/11\/Libri_Grosshandel_Barsortiment-1536x849.jpg 1536w\" sizes=\"(max-width: 1990px) 100vw, 1990px\" \/>        <\/div>\r\n      \r\n      <div class=\"row\">\r\n        <div class=\"col-12 col-md-10 title\">\r\n          <h1 class=\"\">Wholesale trade<\/h1>\r\n        <\/div>\r\n\r\n        <div class=\"col-12 col-md-10 text\">\r\n          <p>Libri offers you the widest range of book wholesaler articles on the German book market.\r\n\r\n<\/p>\r\n        <\/div>\r\n      <\/div>\r\n\r\n      \r\n  <\/div>\r\n<\/div>\r\n\r\n\n\n\r\n<div id=\"anchor-nav-block_1d720a99e768e3d0e1aa74898e02e737\" class=\"block-anchor-nav module bc-blue c-white-imp\"  >\r\n\r\n      <div class=\"container\"><div class=\"line\"><\/div><\/div>\r\n    \r\n    <div class=\"container\">\r\n      <div class=\"p-relative\">\r\n        <div class=\"arrow left\"><\/div>\r\n        <div class=\"arrow right\"><\/div>\r\n      <\/div>\r\n      <div class=\"overflow-x-auto\">\r\n        <div class=\"d-flex anchor-nav\" data-class=\"anchor-nav-entry\"><\/div>\r\n      <\/div>\r\n    <\/div>\r\n\r\n  <\/div>\r\n\r\n\n\n\r\n<div id=\"space-block_c2c2782acd2a4d765e53cc7a0f1dfd0f\" class=\"block-space module bc-blue c-white-imp\" style=\"height: 48px;\"><\/div>\n\n\r\n<div id=\"space-block_913843f501e0a36ff8dcdb944847b192\" class=\"block-space module bc-trans\" style=\"height: 48px;\"><\/div>\n\n\r\n<div id=\"book-wholesaler-articles\" class=\"block-anchor\" data-title=\"Book wholesaler articles\" >\r\n\r\n  <\/div>\r\n\r\n\n\n\r\n<div id=\"text-block_1d6a4a91ec66103e476a51e6987d95c9\" class=\"block-text module type-text bc-trans\">\r\n  <div class=\"container\">\r\n\r\n    \r\n      <div class=\"row \">\r\n\r\n        \r\n        <div class=\"col-12 col-md-10\">\r\n\r\n                      <h2 class=\"title\">Book wholesaler articles<\/h2>\r\n          \r\n          <div class=\"text for-box-js\">\r\n            <p>Delivering the right books in the right quantity to the right bookstore at the right time has always been our core business activity as a book wholesaler. From the catalogue and professional ERP systems through to central warehousing and logistics right up to sales promotion measures, Libri really does provide a full service!<\/p>\n<p>Depending on the season, 10 to 12 million books are stored at our warehouse in Bad Hersfeld, picked according to customer orders and delivered overnight nationwide by Booxpress, our delivery company.<\/p>\n<p>The range of articles stocked by Libri covers the entire German book market. Well over 95% of titles sold in bookstores on a day-to-day basis can be provided by Libri.<\/p>\n<p>Together with BoD\u2019s platform <a href=\"https:\/\/www.libri.de\/en\/for-publishers\/plureos\/\">Libri.PLUREOS<\/a>, and Libri\u2019s platform for publishers which makes millions of titles available with overnight delivery, the range of articles continues to grow.<\/p>\n          <\/div>\r\n\r\n          \r\n          \r\n        <\/div>\r\n        \r\n      <\/div>\r\n\r\n    \r\n  <\/div>\r\n<\/div>\r\n\r\n\n\n\r\n<div id=\"direct-from-publisher-articles\" class=\"block-anchor\" data-title=\"Direct-from-publisher articles\" >\r\n\r\n  <\/div>\r\n\r\n\n\n\r\n<div id=\"text-block_2099d6c51be19df798c2d69fca553acd\" class=\"block-text module type-text bc-trans\">\r\n  <div class=\"container\">\r\n\r\n    \r\n      <div class=\"row \">\r\n\r\n        \r\n        <div class=\"col-12 col-md-10\">\r\n\r\n                      <h2 class=\"title\">Direct-from-publisher articles<\/h2>\r\n          \r\n          <div class=\"text for-box-js\">\r\n            <p>We order several million titles direct from publishers from the whole book world for you and deliver them together with the titles you have ordered from book wholesalers.<\/p>\n          <\/div>\r\n\r\n          \r\n          \r\n        <\/div>\r\n        \r\n      <\/div>\r\n\r\n    \r\n  <\/div>\r\n<\/div>\r\n\r\n\n\n\r\n<div id=\"ebooks\" class=\"block-anchor\" data-title=\"eBooks\" >\r\n\r\n  <\/div>\r\n\r\n\n\n\r\n<div id=\"text-block_3ad54870a97d3144f3db46461f3a4389\" class=\"block-text module type-text bc-trans\">\r\n  <div class=\"container\">\r\n\r\n    \r\n      <div class=\"row \">\r\n\r\n        \r\n        <div class=\"col-12 col-md-10\">\r\n\r\n                      <h2 class=\"title\">Trading with eBooks<\/h2>\r\n          \r\n          <div class=\"text for-box-js\">\r\n            <p>As an eBook wholesaler, Libri provides sales channels suitable for booksellers with their own online shop solutions, members of the tolino alliance as well as for bricks and mortar bookstores.<\/p>\n          <\/div>\r\n\r\n          \r\n          \r\n        <\/div>\r\n        \r\n      <\/div>\r\n\r\n    \r\n  <\/div>\r\n<\/div>\r\n\r\n\n\n\r\n<div id=\"text-block_1346e6df80d2da0cd2b5d0fff2136e9f\" class=\"block-text module type-text bc-green-2\">\r\n  <div class=\"container\">\r\n\r\n    \r\n      <div class=\"row \">\r\n\r\n        \r\n        <div class=\"col-12 col-md-10\">\r\n\r\n          \r\n          <div class=\"text for-box-js\">\r\n                      <\/div>\r\n\r\n                      <div class=\"cta\">\r\n              <a \r\n                class=\"bttn-secondary \" \r\n                href=\"https:\/\/www.libri.de\/en\/for-traders\/\" \r\n                target=\"_self\"\r\n                >\r\n                \u2190 For traders              <\/a>\r\n            <\/div>\r\n          \r\n          \r\n        <\/div>\r\n        \r\n      <\/div>\r\n\r\n    \r\n  <\/div>\r\n<\/div>\r\n\r\n\n\n\r\n<div id=\"space-block_71bcb820025b432ca35dc59fb5b4623f\" class=\"block-space module bc-green-2\" style=\"height: 48px;\"><\/div>","protected":false},"excerpt":{"rendered":"<p>Libri bietet Ihnen das gr\u00f6\u00dfte Barsortimentsangebot im deutschen Buchmarkt.<\/p>\n","protected":false},"author":10,"featured_media":33374,"parent":38404,"menu_order":0,"comment_status":"closed","ping_status":"closed","template":"","meta":{"_acf_changed":false,"footnotes":""},"class_list":["post-38417","page","type-page","status-publish","has-post-thumbnail","hentry"],"acf":[],"yoast_head":"<!-- This site is optimized with the Yoast SEO plugin v27.0 - https:\/\/yoast.com\/product\/yoast-seo-wordpress\/ -->\n<title>Wholesale trade | Libri GmbH<\/title>\n<meta name=\"robots\" content=\"index, follow, max-snippet:-1, max-image-preview:large, max-video-preview:-1\" \/>\n<link rel=\"canonical\" href=\"https:\/\/www.libri.de\/en\/for-traders\/wholesale-trade\/\" \/>\n<meta property=\"og:locale\" content=\"en_US\" \/>\n<meta property=\"og:type\" content=\"article\" \/>\n<meta property=\"og:title\" content=\"Wholesale trade | Libri GmbH\" \/>\n<meta property=\"og:description\" content=\"Libri bietet Ihnen das gr\u00f6\u00dfte Barsortimentsangebot im deutschen Buchmarkt.\" \/>\n<meta property=\"og:url\" content=\"https:\/\/www.libri.de\/en\/for-traders\/wholesale-trade\/\" \/>\n<meta property=\"og:site_name\" content=\"Libri GmbH\" \/>\n<meta property=\"article:publisher\" content=\"https:\/\/www.facebook.com\/libribarsortiment\" \/>\n<meta property=\"article:modified_time\" content=\"2025-03-05T17:25:06+00:00\" \/>\n<meta property=\"og:image\" content=\"https:\/\/www.libri.de\/wp-content\/uploads\/2021\/11\/Libri_Grosshandel_Barsortiment.jpg\" \/>\n\t<meta property=\"og:image:width\" content=\"1990\" \/>\n\t<meta property=\"og:image:height\" content=\"1100\" \/>\n\t<meta property=\"og:image:type\" content=\"image\/jpeg\" \/>\n<meta name=\"twitter:card\" content=\"summary_large_image\" \/>\n<meta name=\"twitter:label1\" content=\"Est. reading time\" \/>\n\t<meta name=\"twitter:data1\" content=\"1 minute\" \/>\n<script type=\"application\/ld+json\" class=\"yoast-schema-graph\">{\"@context\":\"https:\/\/schema.org\",\"@graph\":[{\"@type\":\"WebPage\",\"@id\":\"https:\/\/www.libri.de\/en\/for-traders\/wholesale-trade\/\",\"url\":\"https:\/\/www.libri.de\/en\/for-traders\/wholesale-trade\/\",\"name\":\"Wholesale trade | Libri GmbH\",\"isPartOf\":{\"@id\":\"https:\/\/www.libri.de\/fr\/#website\"},\"primaryImageOfPage\":{\"@id\":\"https:\/\/www.libri.de\/en\/for-traders\/wholesale-trade\/#primaryimage\"},\"image\":{\"@id\":\"https:\/\/www.libri.de\/en\/for-traders\/wholesale-trade\/#primaryimage\"},\"thumbnailUrl\":\"https:\/\/www.libri.de\/wp-content\/uploads\/2021\/11\/Libri_Grosshandel_Barsortiment.jpg\",\"datePublished\":\"2021-11-23T13:40:43+00:00\",\"dateModified\":\"2025-03-05T17:25:06+00:00\",\"breadcrumb\":{\"@id\":\"https:\/\/www.libri.de\/en\/for-traders\/wholesale-trade\/#breadcrumb\"},\"inLanguage\":\"en-US\",\"potentialAction\":[{\"@type\":\"ReadAction\",\"target\":[\"https:\/\/www.libri.de\/en\/for-traders\/wholesale-trade\/\"]}]},{\"@type\":\"ImageObject\",\"inLanguage\":\"en-US\",\"@id\":\"https:\/\/www.libri.de\/en\/for-traders\/wholesale-trade\/#primaryimage\",\"url\":\"https:\/\/www.libri.de\/wp-content\/uploads\/2021\/11\/Libri_Grosshandel_Barsortiment.jpg\",\"contentUrl\":\"https:\/\/www.libri.de\/wp-content\/uploads\/2021\/11\/Libri_Grosshandel_Barsortiment.jpg\",\"width\":1990,\"height\":1100,\"caption\":\"Gro\u00dfhandel Libri Lager\"},{\"@type\":\"BreadcrumbList\",\"@id\":\"https:\/\/www.libri.de\/en\/for-traders\/wholesale-trade\/#breadcrumb\",\"itemListElement\":[{\"@type\":\"ListItem\",\"position\":1,\"name\":\"Home\",\"item\":\"https:\/\/www.libri.de\/en\/\"},{\"@type\":\"ListItem\",\"position\":2,\"name\":\"For traders\",\"item\":\"https:\/\/www.libri.de\/en\/for-traders\/\"},{\"@type\":\"ListItem\",\"position\":3,\"name\":\"Wholesale trade\"}]},{\"@type\":\"WebSite\",\"@id\":\"https:\/\/www.libri.de\/fr\/#website\",\"url\":\"https:\/\/www.libri.de\/fr\/\",\"name\":\"Libri GmbH\",\"description\":\"Barsortiment und Gro\u00dfhandel f\u00fcr B\u00fccher und andere Medien\",\"publisher\":{\"@id\":\"https:\/\/www.libri.de\/fr\/#organization\"},\"potentialAction\":[{\"@type\":\"SearchAction\",\"target\":{\"@type\":\"EntryPoint\",\"urlTemplate\":\"https:\/\/www.libri.de\/fr\/?s={search_term_string}\"},\"query-input\":{\"@type\":\"PropertyValueSpecification\",\"valueRequired\":true,\"valueName\":\"search_term_string\"}}],\"inLanguage\":\"en-US\"},{\"@type\":\"Organization\",\"@id\":\"https:\/\/www.libri.de\/fr\/#organization\",\"name\":\"Libri\",\"url\":\"https:\/\/www.libri.de\/fr\/\",\"logo\":{\"@type\":\"ImageObject\",\"inLanguage\":\"en-US\",\"@id\":\"https:\/\/www.libri.de\/fr\/#\/schema\/logo\/image\/\",\"url\":\"https:\/\/188.64.195.32\/wp-content\/uploads\/2022\/04\/libri_logo-1.jpg\",\"contentUrl\":\"https:\/\/188.64.195.32\/wp-content\/uploads\/2022\/04\/libri_logo-1.jpg\",\"width\":2000,\"height\":1000,\"caption\":\"Libri\"},\"image\":{\"@id\":\"https:\/\/www.libri.de\/fr\/#\/schema\/logo\/image\/\"},\"sameAs\":[\"https:\/\/www.facebook.com\/libribarsortiment\",\"https:\/\/www.instagram.com\/libri.barsortiment\",\"https:\/\/www.linkedin.com\/company\/libri-gmbh\"]}]}<\/script>\n<!-- \/ Yoast SEO plugin. -->","yoast_head_json":{"title":"Wholesale trade | Libri GmbH","robots":{"index":"index","follow":"follow","max-snippet":"max-snippet:-1","max-image-preview":"max-image-preview:large","max-video-preview":"max-video-preview:-1"},"canonical":"https:\/\/www.libri.de\/en\/for-traders\/wholesale-trade\/","og_locale":"en_US","og_type":"article","og_title":"Wholesale trade | Libri GmbH","og_description":"Libri bietet Ihnen das gr\u00f6\u00dfte Barsortimentsangebot im deutschen Buchmarkt.","og_url":"https:\/\/www.libri.de\/en\/for-traders\/wholesale-trade\/","og_site_name":"Libri GmbH","article_publisher":"https:\/\/www.facebook.com\/libribarsortiment","article_modified_time":"2025-03-05T17:25:06+00:00","og_image":[{"width":1990,"height":1100,"url":"https:\/\/www.libri.de\/wp-content\/uploads\/2021\/11\/Libri_Grosshandel_Barsortiment.jpg","type":"image\/jpeg"}],"twitter_card":"summary_large_image","twitter_misc":{"Est. reading time":"1 minute"},"schema":{"@context":"https:\/\/schema.org","@graph":[{"@type":"WebPage","@id":"https:\/\/www.libri.de\/en\/for-traders\/wholesale-trade\/","url":"https:\/\/www.libri.de\/en\/for-traders\/wholesale-trade\/","name":"Wholesale trade | Libri GmbH","isPartOf":{"@id":"https:\/\/www.libri.de\/fr\/#website"},"primaryImageOfPage":{"@id":"https:\/\/www.libri.de\/en\/for-traders\/wholesale-trade\/#primaryimage"},"image":{"@id":"https:\/\/www.libri.de\/en\/for-traders\/wholesale-trade\/#primaryimage"},"thumbnailUrl":"https:\/\/www.libri.de\/wp-content\/uploads\/2021\/11\/Libri_Grosshandel_Barsortiment.jpg","datePublished":"2021-11-23T13:40:43+00:00","dateModified":"2025-03-05T17:25:06+00:00","breadcrumb":{"@id":"https:\/\/www.libri.de\/en\/for-traders\/wholesale-trade\/#breadcrumb"},"inLanguage":"en-US","potentialAction":[{"@type":"ReadAction","target":["https:\/\/www.libri.de\/en\/for-traders\/wholesale-trade\/"]}]},{"@type":"ImageObject","inLanguage":"en-US","@id":"https:\/\/www.libri.de\/en\/for-traders\/wholesale-trade\/#primaryimage","url":"https:\/\/www.libri.de\/wp-content\/uploads\/2021\/11\/Libri_Grosshandel_Barsortiment.jpg","contentUrl":"https:\/\/www.libri.de\/wp-content\/uploads\/2021\/11\/Libri_Grosshandel_Barsortiment.jpg","width":1990,"height":1100,"caption":"Gro\u00dfhandel Libri Lager"},{"@type":"BreadcrumbList","@id":"https:\/\/www.libri.de\/en\/for-traders\/wholesale-trade\/#breadcrumb","itemListElement":[{"@type":"ListItem","position":1,"name":"Home","item":"https:\/\/www.libri.de\/en\/"},{"@type":"ListItem","position":2,"name":"For traders","item":"https:\/\/www.libri.de\/en\/for-traders\/"},{"@type":"ListItem","position":3,"name":"Wholesale trade"}]},{"@type":"WebSite","@id":"https:\/\/www.libri.de\/fr\/#website","url":"https:\/\/www.libri.de\/fr\/","name":"Libri GmbH","description":"Barsortiment und Gro\u00dfhandel f\u00fcr B\u00fccher und andere Medien","publisher":{"@id":"https:\/\/www.libri.de\/fr\/#organization"},"potentialAction":[{"@type":"SearchAction","target":{"@type":"EntryPoint","urlTemplate":"https:\/\/www.libri.de\/fr\/?s={search_term_string}"},"query-input":{"@type":"PropertyValueSpecification","valueRequired":true,"valueName":"search_term_string"}}],"inLanguage":"en-US"},{"@type":"Organization","@id":"https:\/\/www.libri.de\/fr\/#organization","name":"Libri","url":"https:\/\/www.libri.de\/fr\/","logo":{"@type":"ImageObject","inLanguage":"en-US","@id":"https:\/\/www.libri.de\/fr\/#\/schema\/logo\/image\/","url":"https:\/\/188.64.195.32\/wp-content\/uploads\/2022\/04\/libri_logo-1.jpg","contentUrl":"https:\/\/188.64.195.32\/wp-content\/uploads\/2022\/04\/libri_logo-1.jpg","width":2000,"height":1000,"caption":"Libri"},"image":{"@id":"https:\/\/www.libri.de\/fr\/#\/schema\/logo\/image\/"},"sameAs":["https:\/\/www.facebook.com\/libribarsortiment","https:\/\/www.instagram.com\/libri.barsortiment","https:\/\/www.linkedin.com\/company\/libri-gmbh"]}]}},"_links":{"self":[{"href":"https:\/\/www.libri.de\/en\/wp-json\/wp\/v2\/pages\/38417","targetHints":{"allow":["GET"]}}],"collection":[{"href":"https:\/\/www.libri.de\/en\/wp-json\/wp\/v2\/pages"}],"about":[{"href":"https:\/\/www.libri.de\/en\/wp-json\/wp\/v2\/types\/page"}],"author":[{"embeddable":true,"href":"https:\/\/www.libri.de\/en\/wp-json\/wp\/v2\/users\/10"}],"replies":[{"embeddable":true,"href":"https:\/\/www.libri.de\/en\/wp-json\/wp\/v2\/comments?post=38417"}],"version-history":[{"count":3,"href":"https:\/\/www.libri.de\/en\/wp-json\/wp\/v2\/pages\/38417\/revisions"}],"predecessor-version":[{"id":77860,"href":"https:\/\/www.libri.de\/en\/wp-json\/wp\/v2\/pages\/38417\/revisions\/77860"}],"up":[{"embeddable":true,"href":"https:\/\/www.libri.de\/en\/wp-json\/wp\/v2\/pages\/38404"}],"wp:featuredmedia":[{"embeddable":true,"href":"https:\/\/www.libri.de\/en\/wp-json\/wp\/v2\/media\/33374"}],"wp:attachment":[{"href":"https:\/\/www.libri.de\/en\/wp-json\/wp\/v2\/media?parent=38417"}],"curies":[{"name":"wp","href":"https:\/\/api.w.org\/{rel}","templated":true}]}}