{"id":38413,"date":"2021-11-22T16:17:45","date_gmt":"2021-11-22T14:17:45","guid":{"rendered":"https:\/\/www.libri.de\/fuer-verlage\/"},"modified":"2025-10-13T12:49:55","modified_gmt":"2025-10-13T10:49:55","slug":"for-publishers","status":"publish","type":"page","link":"https:\/\/www.libri.de\/en\/for-publishers\/","title":{"rendered":"For publishers"},"content":{"rendered":"\r\n<div id=\"header-block_3f8fbd7fde11cc37494fd0c6f747eea4\" class=\"block-header module type-small bc-libri-blue c-white-imp\">\r\n  <div class=\"container\">\r\n\r\n    <p id=\"breadcrumbs\"><span><span><a href=\"https:\/\/www.libri.de\/en\/\">Home<\/a><\/span><\/span><\/p>    \r\n    \r\n      \r\n      <div class=\"row\">\r\n        <div class=\"col-12 col-md-10 title\">\r\n          <h1 class=\"\">For publishers<\/h1>\r\n        <\/div>\r\n\r\n        <div class=\"col-12 col-md-10 text\">\r\n          <p>Libri is popular with publishers thanks to storage of their goods to ensure continuous availability as well as short delivery times for a whole range of articles. Find out more about which services we offer you for printed titles and e-books here.<\/p>\r\n        <\/div>\r\n      <\/div>\r\n\r\n      \r\n  <\/div>\r\n<\/div>\r\n\r\n\n\n\r\n<div id=\"image-block_336a968da43e4add00632afddba9cc15\" class=\"block-image module type-full bc-trans\">\r\n\r\n  \r\n    <img decoding=\"async\" width=\"1990\" height=\"1101\" src=\"https:\/\/www.libri.de\/wp-content\/uploads\/2021\/11\/fuerVerlage_Services_Libri.png\" class=\"attachment-2048x2048 size-2048x2048\" alt=\"Libri-Services f\u00fcr Verlage\" srcset=\"https:\/\/www.libri.de\/wp-content\/uploads\/2021\/11\/fuerVerlage_Services_Libri.png 1990w, https:\/\/www.libri.de\/wp-content\/uploads\/2021\/11\/fuerVerlage_Services_Libri-300x166.png 300w, https:\/\/www.libri.de\/wp-content\/uploads\/2021\/11\/fuerVerlage_Services_Libri-1024x567.png 1024w, https:\/\/www.libri.de\/wp-content\/uploads\/2021\/11\/fuerVerlage_Services_Libri-768x425.png 768w, https:\/\/www.libri.de\/wp-content\/uploads\/2021\/11\/fuerVerlage_Services_Libri-1536x850.png 1536w\" sizes=\"(max-width: 1990px) 100vw, 1990px\" \/>\r\n   \r\n  \r\n<\/div>\r\n\r\n\n\n\r\n<div id=\"space-block_c702b40c6789c1c1e1fd803874342969\" class=\"block-space module bc-trans\" style=\"height: 48px;\"><\/div>\n\n\r\n<div id=\"accordion-block_2b6b15ee7e3e531cfa624ecdc6fcf0b6\" class=\"block-accordion-entry type-links\">\r\n  <div class=\"container hr\"><\/div>\r\n  <div class=\"accordion-entry-content \">\r\n    \r\n    <div class=\"accordion-toggler container\">\r\n      <div class=\"row\">\r\n\r\n        <div class=\"col-11 col-md-5 acco-title\">\r\n          <h3 class=\"h3\">Print-on-Demand<\/h3>\r\n        <\/div>\r\n\r\n        <div class=\"d-none d-md-block col-1\"><\/div>\r\n\r\n        <div class=\"col-12 col-md-5 acco-excerpt\">\r\n          <p class=\"m-0\">PoD \u2013 with the seamless integration of BoD\u2019s print-on-demand production into Libri\u2019s book wholesaler\u2019s logistics, we ensure uninterrupted and immediate availability of millions of titles.<\/p>\r\n        <\/div>\r\n\r\n        <img decoding=\"async\" class=\"accordion-arrow\" src=\"https:\/\/www.libri.de\/wp-content\/themes\/libri\/img\/arrow.svg\">\r\n\r\n      <\/div>\r\n    <\/div>\r\n\r\n    <div class=\"accordion-menu \" >\r\n      <div class=\"accordion\">\r\n\r\n                  \r\n          <div class=\"container mt-4\">\r\n            <div class=\"row\">\r\n\r\n              <div class=\"col-12 col-md-5\">\r\n                                  <p class=\"acco-excerpt-inner d-none d-md-block\">PoD \u2013 with the seamless integration of BoD\u2019s print-on-demand production into Libri\u2019s book wholesaler\u2019s logistics, we ensure uninterrupted and immediate availability of millions of titles.<\/p>\r\n                                              <\/div>\r\n\r\n              <div class=\"d-none d-md-block col-1\"><\/div>\r\n\r\n              <div class=\"col-12 col-md-6\">\r\n                <p class=\"acco-links\">\r\n                                      \r\n                      <a class=\"\" \r\n                        href=\"https:\/\/www.libri.de\/en\/for-publishers\/libri-print-on-demand\/\"\r\n                        target=\"_self\">\r\n                        Libri-Print-on-Demand &gt;\r\n                      <\/a><br>\r\n\r\n                                                                                                                                                                                                                                                                                                                                <\/p>\r\n              <\/div>\r\n\r\n            <\/div>\r\n          <\/div>\r\n\r\n                      <div class=\"container acco-image-container\">\r\n              <div class=\"acco-image\">\r\n                <img decoding=\"async\" width=\"1024\" height=\"566\" src=\"https:\/\/www.libri.de\/wp-content\/uploads\/2024\/02\/LBM24-2000-x-1106-px-1024x566.jpg\" class=\"attachment-large size-large\" alt=\"Produktionshalle PoD\" srcset=\"https:\/\/www.libri.de\/wp-content\/uploads\/2024\/02\/LBM24-2000-x-1106-px-1024x566.jpg 1024w, https:\/\/www.libri.de\/wp-content\/uploads\/2024\/02\/LBM24-2000-x-1106-px-300x166.jpg 300w, https:\/\/www.libri.de\/wp-content\/uploads\/2024\/02\/LBM24-2000-x-1106-px-768x425.jpg 768w, https:\/\/www.libri.de\/wp-content\/uploads\/2024\/02\/LBM24-2000-x-1106-px-1536x849.jpg 1536w, https:\/\/www.libri.de\/wp-content\/uploads\/2024\/02\/LBM24-2000-x-1106-px.jpg 2000w\" sizes=\"(max-width: 1024px) 100vw, 1024px\" \/>              <\/div>\r\n            <\/div>\r\n          \r\n        \r\n      <\/div>\r\n    <\/div>\r\n\r\n  <\/div>\r\n  <div class=\"container hr\"><\/div>\r\n<\/div>\r\n\r\n\n\n\r\n<div id=\"accordion-block_2ff8779a88a60bb70cc05321e51250d3\" class=\"block-accordion-entry type-links\">\r\n  <div class=\"container hr\"><\/div>\r\n  <div class=\"accordion-entry-content \">\r\n    \r\n    <div class=\"accordion-toggler container\">\r\n      <div class=\"row\">\r\n\r\n        <div class=\"col-11 col-md-5 acco-title\">\r\n          <h3 class=\"h3\">eBook sales<\/h3>\r\n        <\/div>\r\n\r\n        <div class=\"d-none d-md-block col-1\"><\/div>\r\n\r\n        <div class=\"col-12 col-md-5 acco-excerpt\">\r\n          <p class=\"m-0\">Get your e-books to the market with Libri.Digital.<\/p>\r\n        <\/div>\r\n\r\n        <img decoding=\"async\" class=\"accordion-arrow\" src=\"https:\/\/www.libri.de\/wp-content\/themes\/libri\/img\/arrow.svg\">\r\n\r\n      <\/div>\r\n    <\/div>\r\n\r\n    <div class=\"accordion-menu \" >\r\n      <div class=\"accordion\">\r\n\r\n                  \r\n          <div class=\"container mt-4\">\r\n            <div class=\"row\">\r\n\r\n              <div class=\"col-12 col-md-5\">\r\n                                  <p class=\"acco-excerpt-inner d-none d-md-block\">Get your e-books to the market with Libri.Digital.<\/p>\r\n                                                  <p class=\"acco-text\">With its e-book catalogue, Libri ensures that new releases, bestsellers and backlist titles from publishers are reliably available for immediate download in booksellers&#8217; online shops.<\/p>\r\n                              <\/div>\r\n\r\n              <div class=\"d-none d-md-block col-1\"><\/div>\r\n\r\n              <div class=\"col-12 col-md-6\">\r\n                <p class=\"acco-links\">\r\n                                      \r\n                      <a class=\"\" \r\n                        href=\"https:\/\/www.libri.de\/en\/for-publishers\/ebook-distribution\/\"\r\n                        target=\"_self\">\r\n                        eBook distribution &gt;\r\n                      <\/a><br>\r\n\r\n                                                                                                                                                                                                                                                                                                                                <\/p>\r\n              <\/div>\r\n\r\n            <\/div>\r\n          <\/div>\r\n\r\n          \r\n        \r\n      <\/div>\r\n    <\/div>\r\n\r\n  <\/div>\r\n  <div class=\"container hr\"><\/div>\r\n<\/div>\r\n\r\n\n\n\r\n<div id=\"accordion-block_710bc1253a6623cd2676ac34c48a39a0\" class=\"block-accordion-entry type-links\">\r\n  <div class=\"container hr\"><\/div>\r\n  <div class=\"accordion-entry-content \">\r\n    \r\n    <div class=\"accordion-toggler container\">\r\n      <div class=\"row\">\r\n\r\n        <div class=\"col-11 col-md-5 acco-title\">\r\n          <h3 class=\"h3\">Sales promotion<\/h3>\r\n        <\/div>\r\n\r\n        <div class=\"d-none d-md-block col-1\"><\/div>\r\n\r\n        <div class=\"col-12 col-md-5 acco-excerpt\">\r\n          <p class=\"m-0\">We offer a range of bookable activities to support you in marketing your titles.<\/p>\r\n        <\/div>\r\n\r\n        <img decoding=\"async\" class=\"accordion-arrow\" src=\"https:\/\/www.libri.de\/wp-content\/themes\/libri\/img\/arrow.svg\">\r\n\r\n      <\/div>\r\n    <\/div>\r\n\r\n    <div class=\"accordion-menu \" >\r\n      <div class=\"accordion\">\r\n\r\n                  \r\n          <div class=\"container mt-4\">\r\n            <div class=\"row\">\r\n\r\n              <div class=\"col-12 col-md-5\">\r\n                                  <p class=\"acco-excerpt-inner d-none d-md-block\">We offer a range of bookable activities to support you in marketing your titles.<\/p>\r\n                                              <\/div>\r\n\r\n              <div class=\"d-none d-md-block col-1\"><\/div>\r\n\r\n              <div class=\"col-12 col-md-6\">\r\n                <p class=\"acco-links\">\r\n                                      \r\n                      <a class=\"bold\" \r\n                        href=\"https:\/\/www.libri.de\/en\/for-publishers\/sales-promotion\/\"\r\n                        target=\"_self\">\r\n                        Sales promotion &gt;\r\n                      <\/a><br>\r\n\r\n                                                          \r\n                      <a class=\"\" \r\n                        href=\"https:\/\/www.libri.de\/en\/for-publishers\/sales-promotion\/#ads-on-libri-shopline\"\r\n                        target=\"_self\">\r\n                        Ads on Libri.Shopline &gt;\r\n                      <\/a><br>\r\n\r\n                                                          \r\n                      <a class=\"\" \r\n                        href=\"https:\/\/www.libri.de\/en\/for-publishers\/sales-promotion\/#ads-in-the-just-the-best-catalogue\"\r\n                        target=\"_self\">\r\n                        Placing ads in the Just the Best catalogue &gt;\r\n                      <\/a><br>\r\n\r\n                                                                                                                                                                                                              <\/p>\r\n              <\/div>\r\n\r\n            <\/div>\r\n          <\/div>\r\n\r\n          \r\n        \r\n      <\/div>\r\n    <\/div>\r\n\r\n  <\/div>\r\n  <div class=\"container hr\"><\/div>\r\n<\/div>\r\n\r\n\n\n\r\n<div id=\"accordion-block_c75545c464445b34441151efbdba14b2\" class=\"block-accordion-entry type-links\">\r\n  <div class=\"container hr\"><\/div>\r\n  <div class=\"accordion-entry-content \">\r\n    \r\n    <div class=\"accordion-toggler container\">\r\n      <div class=\"row\">\r\n\r\n        <div class=\"col-11 col-md-5 acco-title\">\r\n          <h3 class=\"h3\">For authors<\/h3>\r\n        <\/div>\r\n\r\n        <div class=\"d-none d-md-block col-1\"><\/div>\r\n\r\n        <div class=\"col-12 col-md-5 acco-excerpt\">\r\n          <p class=\"m-0\">Please refer to our information page where you can read about what options are available to you as an author to list your book.<\/p>\r\n        <\/div>\r\n\r\n        <img decoding=\"async\" class=\"accordion-arrow\" src=\"https:\/\/www.libri.de\/wp-content\/themes\/libri\/img\/arrow.svg\">\r\n\r\n      <\/div>\r\n    <\/div>\r\n\r\n    <div class=\"accordion-menu \" >\r\n      <div class=\"accordion\">\r\n\r\n                  \r\n          <div class=\"container mt-4\">\r\n            <div class=\"row\">\r\n\r\n              <div class=\"col-12 col-md-5\">\r\n                                  <p class=\"acco-excerpt-inner d-none d-md-block\">Please refer to our information page where you can read about what options are available to you as an author to list your book.<\/p>\r\n                                              <\/div>\r\n\r\n              <div class=\"d-none d-md-block col-1\"><\/div>\r\n\r\n              <div class=\"col-12 col-md-6\">\r\n                <p class=\"acco-links\">\r\n                                      \r\n                      <a class=\"bold\" \r\n                        href=\"https:\/\/www.libri.de\/en\/for-publishers\/for-authors\/\"\r\n                        target=\"_self\">\r\n                        For authors &gt;\r\n                      <\/a><br>\r\n\r\n                                                                                                                                                                                                                                                                                                                                <\/p>\r\n              <\/div>\r\n\r\n            <\/div>\r\n          <\/div>\r\n\r\n          \r\n        \r\n      <\/div>\r\n    <\/div>\r\n\r\n  <\/div>\r\n  <div class=\"container hr\"><\/div>\r\n<\/div>\r\n\r\n\n\n\r\n<div id=\"space-block_c702b40c6789c1c1e1fd803874342969\" class=\"block-space module bc-trans\" style=\"height: 48px;\"><\/div>\n\n\r\n<div id=\"teaser-small-block_551f6778a74d738659b9dea15a248714\" class=\"block-teaser-small bc-green-2\">\r\n\r\n  <div class=\"container\">\r\n\r\n    <a href=\"https:\/\/www.libri.de\/en\/downloads\/\" target=\"\" class=\"d-flex align-items-center justify-content-center flex-column flex-md-row\">\r\n\r\n              <div class=\"icon\">\r\n          <img decoding=\"async\" width=\"24\" height=\"24\" src=\"https:\/\/www.libri.de\/wp-content\/uploads\/2021\/11\/file_download_white_24dp.svg\" class=\"attachment-thumbnail size-thumbnail\" alt=\"\" \/>        <\/div>\r\n      \r\n      <div class=\"text\">\r\n        <h3 class=\"title\">Downloads<\/h3>\r\n        <p>Documents on the registration of titles, purchasing guidelines for print titles and e-books can be found here.<\/p>      <\/div>\r\n\r\n      <div class=\"teaser-arrow\"><\/div>\r\n\r\n    <\/a>\r\n\r\n  <\/div>\r\n<\/div>\r\n\r\n\n\n\r\n<div id=\"teaser-contact-block_2c02b94650ce52e42351935a8fa52557\" class=\"block-teaser-contact bc-green-2\">\r\n  <div class=\"container\">\r\n    <div class=\"row flex-md-row-reverse justify-content-between\">\r\n\r\n      <div class=\"col-12 col-md-4\">\r\n        <div class=\"image\">\r\n                  <\/div>\r\n      <\/div>\r\n\r\n      <div class=\"col-12 col-md-6 d-flex flex-column\">\r\n\r\n        <div class=\"text\">\r\n                      <h2 class=\"title\">We will help you!<\/h2>\r\n          \r\n                      <p>Do you have questions or a specific request? <br \/>\r\n<br \/>\r\nPlease feel free to use our contact form.<\/p>\r\n                  <\/div>\r\n\r\n                  <div class=\"cta\">\r\n            <a \r\n              class=\"bttn-primary icn-no\"\r\n              href=\"https:\/\/www.libri.de\/en\/contact\/contact-international-publishers\/\"\r\n              target=\"_self\"\r\n              >\r\n              Contact us            <\/a>\r\n          <\/div>\r\n        \r\n        \r\n      <\/div>\r\n\r\n    <\/div>\r\n  <\/div>\r\n<\/div>\r\n\r\n","protected":false},"excerpt":{"rendered":"<p>Die st\u00e4ndige Lieferbereitschaft durch die Lagerung Ihrer Waren bei uns und eine kurze Lieferfrist an das Sortiment macht Libri bei Verlagen beliebt. Welche Services wir Ihnen f\u00fcr gedruckte Titel und eBooks anbieten, finden Sie hier.<\/p>\n","protected":false},"author":10,"featured_media":29713,"parent":0,"menu_order":0,"comment_status":"closed","ping_status":"closed","template":"","meta":{"_acf_changed":false,"footnotes":""},"class_list":["post-38413","page","type-page","status-publish","has-post-thumbnail","hentry"],"acf":[],"yoast_head":"<!-- This site is optimized with the Yoast SEO plugin v27.0 - https:\/\/yoast.com\/product\/yoast-seo-wordpress\/ -->\n<title>For publishers | Libri GmbH<\/title>\n<meta name=\"robots\" content=\"index, follow, max-snippet:-1, max-image-preview:large, max-video-preview:-1\" \/>\n<link rel=\"canonical\" href=\"https:\/\/www.libri.de\/en\/for-publishers\/\" \/>\n<meta property=\"og:locale\" content=\"en_US\" \/>\n<meta property=\"og:type\" content=\"article\" \/>\n<meta property=\"og:title\" content=\"For publishers | Libri GmbH\" \/>\n<meta property=\"og:description\" content=\"Die st\u00e4ndige Lieferbereitschaft durch die Lagerung Ihrer Waren bei uns und eine kurze Lieferfrist an das Sortiment macht Libri bei Verlagen beliebt. Welche Services wir Ihnen f\u00fcr gedruckte Titel und eBooks anbieten, finden Sie hier.\" \/>\n<meta property=\"og:url\" content=\"https:\/\/www.libri.de\/en\/for-publishers\/\" \/>\n<meta property=\"og:site_name\" content=\"Libri GmbH\" \/>\n<meta property=\"article:publisher\" content=\"https:\/\/www.facebook.com\/libribarsortiment\" \/>\n<meta property=\"article:modified_time\" content=\"2025-10-13T10:49:55+00:00\" \/>\n<meta property=\"og:image\" content=\"https:\/\/www.libri.de\/wp-content\/uploads\/2021\/10\/Libri_Fuer_Verlage_Lieferanten.png\" \/>\n\t<meta property=\"og:image:width\" content=\"1990\" \/>\n\t<meta property=\"og:image:height\" content=\"1101\" \/>\n\t<meta property=\"og:image:type\" content=\"image\/png\" \/>\n<meta name=\"twitter:card\" content=\"summary_large_image\" \/>\n<meta name=\"twitter:label1\" content=\"Est. reading time\" \/>\n\t<meta name=\"twitter:data1\" content=\"1 minute\" \/>\n<script type=\"application\/ld+json\" class=\"yoast-schema-graph\">{\"@context\":\"https:\/\/schema.org\",\"@graph\":[{\"@type\":\"WebPage\",\"@id\":\"https:\/\/www.libri.de\/en\/for-publishers\/\",\"url\":\"https:\/\/www.libri.de\/en\/for-publishers\/\",\"name\":\"For publishers | Libri GmbH\",\"isPartOf\":{\"@id\":\"https:\/\/www.libri.de\/fr\/#website\"},\"primaryImageOfPage\":{\"@id\":\"https:\/\/www.libri.de\/en\/for-publishers\/#primaryimage\"},\"image\":{\"@id\":\"https:\/\/www.libri.de\/en\/for-publishers\/#primaryimage\"},\"thumbnailUrl\":\"https:\/\/www.libri.de\/wp-content\/uploads\/2021\/10\/Libri_Fuer_Verlage_Lieferanten.png\",\"datePublished\":\"2021-11-22T14:17:45+00:00\",\"dateModified\":\"2025-10-13T10:49:55+00:00\",\"breadcrumb\":{\"@id\":\"https:\/\/www.libri.de\/en\/for-publishers\/#breadcrumb\"},\"inLanguage\":\"en-US\",\"potentialAction\":[{\"@type\":\"ReadAction\",\"target\":[\"https:\/\/www.libri.de\/en\/for-publishers\/\"]}]},{\"@type\":\"ImageObject\",\"inLanguage\":\"en-US\",\"@id\":\"https:\/\/www.libri.de\/en\/for-publishers\/#primaryimage\",\"url\":\"https:\/\/www.libri.de\/wp-content\/uploads\/2021\/10\/Libri_Fuer_Verlage_Lieferanten.png\",\"contentUrl\":\"https:\/\/www.libri.de\/wp-content\/uploads\/2021\/10\/Libri_Fuer_Verlage_Lieferanten.png\",\"width\":1990,\"height\":1101,\"caption\":\"B\u00fccherstapel, im Hintergrund Pflanzen und Tische\"},{\"@type\":\"BreadcrumbList\",\"@id\":\"https:\/\/www.libri.de\/en\/for-publishers\/#breadcrumb\",\"itemListElement\":[{\"@type\":\"ListItem\",\"position\":1,\"name\":\"Home\",\"item\":\"https:\/\/www.libri.de\/en\/\"},{\"@type\":\"ListItem\",\"position\":2,\"name\":\"For publishers\"}]},{\"@type\":\"WebSite\",\"@id\":\"https:\/\/www.libri.de\/fr\/#website\",\"url\":\"https:\/\/www.libri.de\/fr\/\",\"name\":\"Libri GmbH\",\"description\":\"Barsortiment und Gro\u00dfhandel f\u00fcr B\u00fccher und andere Medien\",\"publisher\":{\"@id\":\"https:\/\/www.libri.de\/fr\/#organization\"},\"potentialAction\":[{\"@type\":\"SearchAction\",\"target\":{\"@type\":\"EntryPoint\",\"urlTemplate\":\"https:\/\/www.libri.de\/fr\/?s={search_term_string}\"},\"query-input\":{\"@type\":\"PropertyValueSpecification\",\"valueRequired\":true,\"valueName\":\"search_term_string\"}}],\"inLanguage\":\"en-US\"},{\"@type\":\"Organization\",\"@id\":\"https:\/\/www.libri.de\/fr\/#organization\",\"name\":\"Libri\",\"url\":\"https:\/\/www.libri.de\/fr\/\",\"logo\":{\"@type\":\"ImageObject\",\"inLanguage\":\"en-US\",\"@id\":\"https:\/\/www.libri.de\/fr\/#\/schema\/logo\/image\/\",\"url\":\"https:\/\/188.64.195.32\/wp-content\/uploads\/2022\/04\/libri_logo-1.jpg\",\"contentUrl\":\"https:\/\/188.64.195.32\/wp-content\/uploads\/2022\/04\/libri_logo-1.jpg\",\"width\":2000,\"height\":1000,\"caption\":\"Libri\"},\"image\":{\"@id\":\"https:\/\/www.libri.de\/fr\/#\/schema\/logo\/image\/\"},\"sameAs\":[\"https:\/\/www.facebook.com\/libribarsortiment\",\"https:\/\/www.instagram.com\/libri.barsortiment\",\"https:\/\/www.linkedin.com\/company\/libri-gmbh\"]}]}<\/script>\n<!-- \/ Yoast SEO plugin. -->","yoast_head_json":{"title":"For publishers | Libri GmbH","robots":{"index":"index","follow":"follow","max-snippet":"max-snippet:-1","max-image-preview":"max-image-preview:large","max-video-preview":"max-video-preview:-1"},"canonical":"https:\/\/www.libri.de\/en\/for-publishers\/","og_locale":"en_US","og_type":"article","og_title":"For publishers | Libri GmbH","og_description":"Die st\u00e4ndige Lieferbereitschaft durch die Lagerung Ihrer Waren bei uns und eine kurze Lieferfrist an das Sortiment macht Libri bei Verlagen beliebt. Welche Services wir Ihnen f\u00fcr gedruckte Titel und eBooks anbieten, finden Sie hier.","og_url":"https:\/\/www.libri.de\/en\/for-publishers\/","og_site_name":"Libri GmbH","article_publisher":"https:\/\/www.facebook.com\/libribarsortiment","article_modified_time":"2025-10-13T10:49:55+00:00","og_image":[{"width":1990,"height":1101,"url":"https:\/\/www.libri.de\/wp-content\/uploads\/2021\/10\/Libri_Fuer_Verlage_Lieferanten.png","type":"image\/png"}],"twitter_card":"summary_large_image","twitter_misc":{"Est. reading time":"1 minute"},"schema":{"@context":"https:\/\/schema.org","@graph":[{"@type":"WebPage","@id":"https:\/\/www.libri.de\/en\/for-publishers\/","url":"https:\/\/www.libri.de\/en\/for-publishers\/","name":"For publishers | Libri GmbH","isPartOf":{"@id":"https:\/\/www.libri.de\/fr\/#website"},"primaryImageOfPage":{"@id":"https:\/\/www.libri.de\/en\/for-publishers\/#primaryimage"},"image":{"@id":"https:\/\/www.libri.de\/en\/for-publishers\/#primaryimage"},"thumbnailUrl":"https:\/\/www.libri.de\/wp-content\/uploads\/2021\/10\/Libri_Fuer_Verlage_Lieferanten.png","datePublished":"2021-11-22T14:17:45+00:00","dateModified":"2025-10-13T10:49:55+00:00","breadcrumb":{"@id":"https:\/\/www.libri.de\/en\/for-publishers\/#breadcrumb"},"inLanguage":"en-US","potentialAction":[{"@type":"ReadAction","target":["https:\/\/www.libri.de\/en\/for-publishers\/"]}]},{"@type":"ImageObject","inLanguage":"en-US","@id":"https:\/\/www.libri.de\/en\/for-publishers\/#primaryimage","url":"https:\/\/www.libri.de\/wp-content\/uploads\/2021\/10\/Libri_Fuer_Verlage_Lieferanten.png","contentUrl":"https:\/\/www.libri.de\/wp-content\/uploads\/2021\/10\/Libri_Fuer_Verlage_Lieferanten.png","width":1990,"height":1101,"caption":"B\u00fccherstapel, im Hintergrund Pflanzen und Tische"},{"@type":"BreadcrumbList","@id":"https:\/\/www.libri.de\/en\/for-publishers\/#breadcrumb","itemListElement":[{"@type":"ListItem","position":1,"name":"Home","item":"https:\/\/www.libri.de\/en\/"},{"@type":"ListItem","position":2,"name":"For publishers"}]},{"@type":"WebSite","@id":"https:\/\/www.libri.de\/fr\/#website","url":"https:\/\/www.libri.de\/fr\/","name":"Libri GmbH","description":"Barsortiment und Gro\u00dfhandel f\u00fcr B\u00fccher und andere Medien","publisher":{"@id":"https:\/\/www.libri.de\/fr\/#organization"},"potentialAction":[{"@type":"SearchAction","target":{"@type":"EntryPoint","urlTemplate":"https:\/\/www.libri.de\/fr\/?s={search_term_string}"},"query-input":{"@type":"PropertyValueSpecification","valueRequired":true,"valueName":"search_term_string"}}],"inLanguage":"en-US"},{"@type":"Organization","@id":"https:\/\/www.libri.de\/fr\/#organization","name":"Libri","url":"https:\/\/www.libri.de\/fr\/","logo":{"@type":"ImageObject","inLanguage":"en-US","@id":"https:\/\/www.libri.de\/fr\/#\/schema\/logo\/image\/","url":"https:\/\/188.64.195.32\/wp-content\/uploads\/2022\/04\/libri_logo-1.jpg","contentUrl":"https:\/\/188.64.195.32\/wp-content\/uploads\/2022\/04\/libri_logo-1.jpg","width":2000,"height":1000,"caption":"Libri"},"image":{"@id":"https:\/\/www.libri.de\/fr\/#\/schema\/logo\/image\/"},"sameAs":["https:\/\/www.facebook.com\/libribarsortiment","https:\/\/www.instagram.com\/libri.barsortiment","https:\/\/www.linkedin.com\/company\/libri-gmbh"]}]}},"_links":{"self":[{"href":"https:\/\/www.libri.de\/en\/wp-json\/wp\/v2\/pages\/38413","targetHints":{"allow":["GET"]}}],"collection":[{"href":"https:\/\/www.libri.de\/en\/wp-json\/wp\/v2\/pages"}],"about":[{"href":"https:\/\/www.libri.de\/en\/wp-json\/wp\/v2\/types\/page"}],"author":[{"embeddable":true,"href":"https:\/\/www.libri.de\/en\/wp-json\/wp\/v2\/users\/10"}],"replies":[{"embeddable":true,"href":"https:\/\/www.libri.de\/en\/wp-json\/wp\/v2\/comments?post=38413"}],"version-history":[{"count":3,"href":"https:\/\/www.libri.de\/en\/wp-json\/wp\/v2\/pages\/38413\/revisions"}],"predecessor-version":[{"id":77923,"href":"https:\/\/www.libri.de\/en\/wp-json\/wp\/v2\/pages\/38413\/revisions\/77923"}],"wp:featuredmedia":[{"embeddable":true,"href":"https:\/\/www.libri.de\/en\/wp-json\/wp\/v2\/media\/29713"}],"wp:attachment":[{"href":"https:\/\/www.libri.de\/en\/wp-json\/wp\/v2\/media?parent=38413"}],"curies":[{"name":"wp","href":"https:\/\/api.w.org\/{rel}","templated":true}]}}