{"id":38132,"date":"2021-11-23T14:32:51","date_gmt":"2021-11-23T12:32:51","guid":{"rendered":"https:\/\/www.libri.de\/fuer-autorinnen-und-autoren\/"},"modified":"2025-03-05T20:18:13","modified_gmt":"2025-03-05T18:18:13","slug":"for-authors","status":"publish","type":"page","link":"https:\/\/www.libri.de\/en\/for-publishers\/for-authors\/","title":{"rendered":"For authors"},"content":{"rendered":"\r\n<div id=\"header-block_446d8350227b1965f3f4302ed05c23ae\" class=\"block-header module type-big bc-blue c-white-imp\">\r\n  <div class=\"container\">\r\n\r\n    <p id=\"breadcrumbs\"><span><span><a href=\"https:\/\/www.libri.de\/en\/\">Home<\/a><\/span><\/span><\/p>    \r\n    \r\n              <div class=\"image\">\r\n          <img decoding=\"async\" width=\"1990\" height=\"1100\" src=\"https:\/\/www.libri.de\/wp-content\/uploads\/2021\/11\/Autoren_Infos_Libri.jpg\" class=\"attachment-2048x2048 size-2048x2048\" alt=\"Infos Autoren Libri BoD\" srcset=\"https:\/\/www.libri.de\/wp-content\/uploads\/2021\/11\/Autoren_Infos_Libri.jpg 1990w, https:\/\/www.libri.de\/wp-content\/uploads\/2021\/11\/Autoren_Infos_Libri-300x166.jpg 300w, https:\/\/www.libri.de\/wp-content\/uploads\/2021\/11\/Autoren_Infos_Libri-1024x566.jpg 1024w, https:\/\/www.libri.de\/wp-content\/uploads\/2021\/11\/Autoren_Infos_Libri-768x425.jpg 768w, https:\/\/www.libri.de\/wp-content\/uploads\/2021\/11\/Autoren_Infos_Libri-1536x849.jpg 1536w\" sizes=\"(max-width: 1990px) 100vw, 1990px\" \/>        <\/div>\r\n      \r\n      <div class=\"row\">\r\n        <div class=\"col-12 col-md-10 title\">\r\n          <h1 class=\"\">For authors<\/h1>\r\n        <\/div>\r\n\r\n        <div class=\"col-12 col-md-10 text\">\r\n          <p>Here you will find information about what Libri can offer you as an author. <\/p>\r\n        <\/div>\r\n      <\/div>\r\n\r\n      \r\n  <\/div>\r\n<\/div>\r\n\r\n\n\n\r\n<div id=\"accordion-block_3ba7ba66e6a7d267e55679b5552f38d0\" class=\"block-accordion-entry type-default\">\r\n  <div class=\"container hr\"><\/div>\r\n  <div class=\"accordion-entry-content \">\r\n    \r\n    <div class=\"accordion-toggler container\">\r\n      <div class=\"row\">\r\n\r\n        <div class=\"col-11 col-md-10 acco-title\">\r\n          <h3 class=\"h4\">As an author, how do I list my book at Libri for orders from bookstores?<\/h3>\r\n        <\/div>\r\n\r\n        <div class=\"d-none d-md-block col-1\"><\/div>\r\n\r\n        <div class=\"col-12 col-md-10 acco-excerpt\">\r\n          <p class=\"m-0\">The easiest way to realise your book for the book trade is with the support of our sister company BoD \u2013 a leading specialist in the field of self-publishing and e-book publication.<\/p>\r\n        <\/div>\r\n\r\n        <img decoding=\"async\" class=\"accordion-arrow\" src=\"https:\/\/www.libri.de\/wp-content\/themes\/libri\/img\/arrow.svg\">\r\n\r\n      <\/div>\r\n    <\/div>\r\n\r\n    <div class=\"accordion-menu \" >\r\n      <div class=\"accordion\">\r\n\r\n        \r\n          <div class=\"container\">\r\n            <div class=\"row\">\r\n              <div class=\"col-12 col-md-10\">\r\n                                  <p class=\"acco-text\">BoD enables authors, publishers and companies to publish and sell their books and e-books in bookstores. Their titles are available in all the important book wholesaler catalogues of Libri, Umbreit, Zeitfracht as well as the Lieferlicher B\u00fccher (VLB) directory. They are printed to a high quality with short lead times as soon as an order is placed. BoD titles are available nationwide at bookstores stocking German-language titles and up to 1,000 online shops. ISBN allocation and supplying obligatory copies to the German national library are an integral part of the self-publishing service offered by BoD.<br \/>\r\n<br \/>\r\nThe combination of being included in the range of articles offered by the wholesale book trade together with print runs starting with just one edition means that authors not only save on the costs of storage and inventory management but can also reduce their capital expenditure, thus minimising entrepreneurial risk. A large number of publishers (Suhrkamp, Bastei L\u00fcbbe, Springer, De Gruyter&#8230;) already take advantage of the benefits offered by BoD.<\/p>\r\n                              <\/div>\r\n            <\/div>\r\n          <\/div>\r\n\r\n          \n\r\n<div id=\"teaser-small-block_666f27204e3e7dee20a8d2bcaa5af3f4\" class=\"block-teaser-small bc-green-2\">\r\n\r\n  <div class=\"container\">\r\n\r\n    <a href=\"https:\/\/www.bod.com\/\" target=\"_blank\" class=\"d-flex align-items-center justify-content-center flex-column flex-md-row\">\r\n\r\n              <div class=\"icon\">\r\n          <img decoding=\"async\" width=\"24\" height=\"24\" src=\"https:\/\/www.libri.de\/wp-content\/uploads\/2021\/11\/menu_book_white_24dp.svg\" class=\"attachment-thumbnail size-thumbnail\" alt=\"\" \/>        <\/div>\r\n      \r\n      <div class=\"text\">\r\n        <h3 class=\"title\">About BoD<\/h3>\r\n        <p>Please visit the BoD website for further information about e-book publication and self-publishing.<\/p>      <\/div>\r\n\r\n      <div class=\"teaser-arrow\"><\/div>\r\n\r\n    <\/a>\r\n\r\n  <\/div>\r\n<\/div>\r\n\r\n\n\r\n\r\n        \r\n      <\/div>\r\n    <\/div>\r\n\r\n  <\/div>\r\n  <div class=\"container hr\"><\/div>\r\n<\/div>\r\n\r\n\n\n\r\n<div id=\"accordion-block_5f9729f23f35f0fcbe4dd004ceaf31b8\" class=\"block-accordion-entry type-default\">\r\n  <div class=\"container hr\"><\/div>\r\n  <div class=\"accordion-entry-content \">\r\n    \r\n    <div class=\"accordion-toggler container\">\r\n      <div class=\"row\">\r\n\r\n        <div class=\"col-11 col-md-10 acco-title\">\r\n          <h3 class=\"h4\">If BoD does not cover my book layout, can I arrange a direct contract?<\/h3>\r\n        <\/div>\r\n\r\n        <div class=\"d-none d-md-block col-1\"><\/div>\r\n\r\n        <div class=\"col-12 col-md-10 acco-excerpt\">\r\n          <p class=\"m-0\">This is possible in individual cases.<\/p>\r\n        <\/div>\r\n\r\n        <img decoding=\"async\" class=\"accordion-arrow\" src=\"https:\/\/www.libri.de\/wp-content\/themes\/libri\/img\/arrow.svg\">\r\n\r\n      <\/div>\r\n    <\/div>\r\n\r\n    <div class=\"accordion-menu \" >\r\n      <div class=\"accordion\">\r\n\r\n        \r\n          <div class=\"container\">\r\n            <div class=\"row\">\r\n              <div class=\"col-12 col-md-10\">\r\n                                  <p class=\"acco-text\">Your request will be considered on an individual basis.<\/p>\r\n                              <\/div>\r\n            <\/div>\r\n          <\/div>\r\n\r\n          \r\n\r\n        \r\n      <\/div>\r\n    <\/div>\r\n\r\n  <\/div>\r\n  <div class=\"container hr\"><\/div>\r\n<\/div>\r\n\r\n\n\n\r\n<div id=\"accordion-block_f23b98bbfa8280f6fe40cfa710578526\" class=\"block-accordion-entry type-default\">\r\n  <div class=\"container hr\"><\/div>\r\n  <div class=\"accordion-entry-content \">\r\n    \r\n    <div class=\"accordion-toggler container\">\r\n      <div class=\"row\">\r\n\r\n        <div class=\"col-11 col-md-10 acco-title\">\r\n          <h3 class=\"h4\">What criteria do I have to meet in order to receive a supplier contract for my book with Libri?<\/h3>\r\n        <\/div>\r\n\r\n        <div class=\"d-none d-md-block col-1\"><\/div>\r\n\r\n        <div class=\"col-12 col-md-10 acco-excerpt\">\r\n          <p class=\"m-0\">Various criteria are necessary for this.<\/p>\r\n        <\/div>\r\n\r\n        <img decoding=\"async\" class=\"accordion-arrow\" src=\"https:\/\/www.libri.de\/wp-content\/themes\/libri\/img\/arrow.svg\">\r\n\r\n      <\/div>\r\n    <\/div>\r\n\r\n    <div class=\"accordion-menu \" >\r\n      <div class=\"accordion\">\r\n\r\n        \r\n          <div class=\"container\">\r\n            <div class=\"row\">\r\n              <div class=\"col-12 col-md-10\">\r\n                              <\/div>\r\n            <\/div>\r\n          <\/div>\r\n\r\n          \n\r\n<div id=\"text-block_bc470d0f9d4683288471bbc740c92bf0\" class=\"block-text module type-text bc-trans\">\r\n  <div class=\"container\">\r\n\r\n    \r\n      <div class=\"row \">\r\n\r\n        \r\n        <div class=\"col-12 col-md-10\">\r\n\r\n          \r\n          <div class=\"text for-box-js\">\r\n            <p>You must have already published several books, the titles must be suitable for our portfolio and meet certain other requirements (see information for publishers)<\/p>\n          <\/div>\r\n\r\n          \r\n          \r\n        <\/div>\r\n        \r\n      <\/div>\r\n\r\n    \r\n  <\/div>\r\n<\/div>\r\n\r\n\n\r\n\r\n        \r\n      <\/div>\r\n    <\/div>\r\n\r\n  <\/div>\r\n  <div class=\"container hr\"><\/div>\r\n<\/div>\r\n\r\n\n\n\r\n<div id=\"accordion-block_20432ebfd4260a7c510a9b70d6c366ea\" class=\"block-accordion-entry type-default\">\r\n  <div class=\"container hr\"><\/div>\r\n  <div class=\"accordion-entry-content \">\r\n    \r\n    <div class=\"accordion-toggler container\">\r\n      <div class=\"row\">\r\n\r\n        <div class=\"col-11 col-md-10 acco-title\">\r\n          <h3 class=\"h4\">If my book is listed by Libri, what does this mean for me? <\/h3>\r\n        <\/div>\r\n\r\n        <div class=\"d-none d-md-block col-1\"><\/div>\r\n\r\n        <div class=\"col-12 col-md-10 acco-excerpt\">\r\n          <p class=\"m-0\">Please note the following points.<\/p>\r\n        <\/div>\r\n\r\n        <img decoding=\"async\" class=\"accordion-arrow\" src=\"https:\/\/www.libri.de\/wp-content\/themes\/libri\/img\/arrow.svg\">\r\n\r\n      <\/div>\r\n    <\/div>\r\n\r\n    <div class=\"accordion-menu \" >\r\n      <div class=\"accordion\">\r\n\r\n        \r\n          <div class=\"container\">\r\n            <div class=\"row\">\r\n              <div class=\"col-12 col-md-10\">\r\n                              <\/div>\r\n            <\/div>\r\n          <\/div>\r\n\r\n          \n\r\n<div id=\"text-block_8655c207fdf1909c17435e54895ad192\" class=\"block-text module type-text bc-trans\">\r\n  <div class=\"container\">\r\n\r\n    \r\n      <div class=\"row \">\r\n\r\n        \r\n        <div class=\"col-12 col-md-10\">\r\n\r\n          \r\n          <div class=\"text for-box-js\">\r\n            <ul>\n<li>\u00a0Automated order cycles as required, often with small batches<\/li>\n<li>Regular individual shipping and billing<\/li>\n<li>Continuous remission processes<\/li>\n<li>One sales channel among many others<\/li>\n<li>Automated processes, no individual agreements<\/li>\n<\/ul>\n          <\/div>\r\n\r\n          \r\n          \r\n        <\/div>\r\n        \r\n      <\/div>\r\n\r\n    \r\n  <\/div>\r\n<\/div>\r\n\r\n\n\r\n\r\n        \r\n      <\/div>\r\n    <\/div>\r\n\r\n  <\/div>\r\n  <div class=\"container hr\"><\/div>\r\n<\/div>\r\n\r\n\n\n\r\n<div id=\"space-block_0101b3e0504077ec530d0fb2496652a2\" class=\"block-space module bc-trans\" style=\"height: 48px;\"><\/div>","protected":false},"excerpt":{"rendered":"<p>Hier erhalten Sie Informationen, welche M\u00f6glichkeiten Libri Ihnen als Autor oder Autorin bietet.<\/p>\n","protected":false},"author":10,"featured_media":34895,"parent":38413,"menu_order":0,"comment_status":"closed","ping_status":"closed","template":"","meta":{"_acf_changed":false,"footnotes":""},"class_list":["post-38132","page","type-page","status-publish","has-post-thumbnail","hentry"],"acf":[],"yoast_head":"<!-- This site is optimized with the Yoast SEO plugin v27.0 - https:\/\/yoast.com\/product\/yoast-seo-wordpress\/ -->\n<title>For authors | Libri GmbH<\/title>\n<meta name=\"robots\" content=\"index, follow, max-snippet:-1, max-image-preview:large, max-video-preview:-1\" \/>\n<link rel=\"canonical\" href=\"https:\/\/www.libri.de\/en\/for-publishers\/for-authors\/\" \/>\n<meta property=\"og:locale\" content=\"en_US\" \/>\n<meta property=\"og:type\" content=\"article\" \/>\n<meta property=\"og:title\" content=\"For authors | Libri GmbH\" \/>\n<meta property=\"og:description\" content=\"Hier erhalten Sie Informationen, welche M\u00f6glichkeiten Libri Ihnen als Autor oder Autorin bietet.\" \/>\n<meta property=\"og:url\" content=\"https:\/\/www.libri.de\/en\/for-publishers\/for-authors\/\" \/>\n<meta property=\"og:site_name\" content=\"Libri GmbH\" \/>\n<meta property=\"article:publisher\" content=\"https:\/\/www.facebook.com\/libribarsortiment\" \/>\n<meta property=\"article:modified_time\" content=\"2025-03-05T18:18:13+00:00\" \/>\n<meta property=\"og:image\" content=\"https:\/\/www.libri.de\/wp-content\/uploads\/2021\/12\/Beitragsbild_Libri_mittelblau.jpg\" \/>\n\t<meta property=\"og:image:width\" content=\"1990\" \/>\n\t<meta property=\"og:image:height\" content=\"1100\" \/>\n\t<meta property=\"og:image:type\" content=\"image\/jpeg\" \/>\n<meta name=\"twitter:card\" content=\"summary_large_image\" \/>\n<meta name=\"twitter:label1\" content=\"Est. reading time\" \/>\n\t<meta name=\"twitter:data1\" content=\"1 minute\" \/>\n<script type=\"application\/ld+json\" class=\"yoast-schema-graph\">{\"@context\":\"https:\/\/schema.org\",\"@graph\":[{\"@type\":\"WebPage\",\"@id\":\"https:\/\/www.libri.de\/en\/for-publishers\/for-authors\/\",\"url\":\"https:\/\/www.libri.de\/en\/for-publishers\/for-authors\/\",\"name\":\"For authors | Libri GmbH\",\"isPartOf\":{\"@id\":\"https:\/\/www.libri.de\/fr\/#website\"},\"primaryImageOfPage\":{\"@id\":\"https:\/\/www.libri.de\/en\/for-publishers\/for-authors\/#primaryimage\"},\"image\":{\"@id\":\"https:\/\/www.libri.de\/en\/for-publishers\/for-authors\/#primaryimage\"},\"thumbnailUrl\":\"https:\/\/www.libri.de\/wp-content\/uploads\/2021\/12\/Beitragsbild_Libri_mittelblau.jpg\",\"datePublished\":\"2021-11-23T12:32:51+00:00\",\"dateModified\":\"2025-03-05T18:18:13+00:00\",\"breadcrumb\":{\"@id\":\"https:\/\/www.libri.de\/en\/for-publishers\/for-authors\/#breadcrumb\"},\"inLanguage\":\"en-US\",\"potentialAction\":[{\"@type\":\"ReadAction\",\"target\":[\"https:\/\/www.libri.de\/en\/for-publishers\/for-authors\/\"]}]},{\"@type\":\"ImageObject\",\"inLanguage\":\"en-US\",\"@id\":\"https:\/\/www.libri.de\/en\/for-publishers\/for-authors\/#primaryimage\",\"url\":\"https:\/\/www.libri.de\/wp-content\/uploads\/2021\/12\/Beitragsbild_Libri_mittelblau.jpg\",\"contentUrl\":\"https:\/\/www.libri.de\/wp-content\/uploads\/2021\/12\/Beitragsbild_Libri_mittelblau.jpg\",\"width\":1990,\"height\":1100},{\"@type\":\"BreadcrumbList\",\"@id\":\"https:\/\/www.libri.de\/en\/for-publishers\/for-authors\/#breadcrumb\",\"itemListElement\":[{\"@type\":\"ListItem\",\"position\":1,\"name\":\"Home\",\"item\":\"https:\/\/www.libri.de\/en\/\"},{\"@type\":\"ListItem\",\"position\":2,\"name\":\"For publishers\",\"item\":\"https:\/\/www.libri.de\/en\/for-publishers\/\"},{\"@type\":\"ListItem\",\"position\":3,\"name\":\"For authors\"}]},{\"@type\":\"WebSite\",\"@id\":\"https:\/\/www.libri.de\/fr\/#website\",\"url\":\"https:\/\/www.libri.de\/fr\/\",\"name\":\"Libri GmbH\",\"description\":\"Barsortiment und Gro\u00dfhandel f\u00fcr B\u00fccher und andere Medien\",\"publisher\":{\"@id\":\"https:\/\/www.libri.de\/fr\/#organization\"},\"potentialAction\":[{\"@type\":\"SearchAction\",\"target\":{\"@type\":\"EntryPoint\",\"urlTemplate\":\"https:\/\/www.libri.de\/fr\/?s={search_term_string}\"},\"query-input\":{\"@type\":\"PropertyValueSpecification\",\"valueRequired\":true,\"valueName\":\"search_term_string\"}}],\"inLanguage\":\"en-US\"},{\"@type\":\"Organization\",\"@id\":\"https:\/\/www.libri.de\/fr\/#organization\",\"name\":\"Libri\",\"url\":\"https:\/\/www.libri.de\/fr\/\",\"logo\":{\"@type\":\"ImageObject\",\"inLanguage\":\"en-US\",\"@id\":\"https:\/\/www.libri.de\/fr\/#\/schema\/logo\/image\/\",\"url\":\"https:\/\/188.64.195.32\/wp-content\/uploads\/2022\/04\/libri_logo-1.jpg\",\"contentUrl\":\"https:\/\/188.64.195.32\/wp-content\/uploads\/2022\/04\/libri_logo-1.jpg\",\"width\":2000,\"height\":1000,\"caption\":\"Libri\"},\"image\":{\"@id\":\"https:\/\/www.libri.de\/fr\/#\/schema\/logo\/image\/\"},\"sameAs\":[\"https:\/\/www.facebook.com\/libribarsortiment\",\"https:\/\/www.instagram.com\/libri.barsortiment\",\"https:\/\/www.linkedin.com\/company\/libri-gmbh\"]}]}<\/script>\n<!-- \/ Yoast SEO plugin. -->","yoast_head_json":{"title":"For authors | Libri GmbH","robots":{"index":"index","follow":"follow","max-snippet":"max-snippet:-1","max-image-preview":"max-image-preview:large","max-video-preview":"max-video-preview:-1"},"canonical":"https:\/\/www.libri.de\/en\/for-publishers\/for-authors\/","og_locale":"en_US","og_type":"article","og_title":"For authors | Libri GmbH","og_description":"Hier erhalten Sie Informationen, welche M\u00f6glichkeiten Libri Ihnen als Autor oder Autorin bietet.","og_url":"https:\/\/www.libri.de\/en\/for-publishers\/for-authors\/","og_site_name":"Libri GmbH","article_publisher":"https:\/\/www.facebook.com\/libribarsortiment","article_modified_time":"2025-03-05T18:18:13+00:00","og_image":[{"width":1990,"height":1100,"url":"https:\/\/www.libri.de\/wp-content\/uploads\/2021\/12\/Beitragsbild_Libri_mittelblau.jpg","type":"image\/jpeg"}],"twitter_card":"summary_large_image","twitter_misc":{"Est. reading time":"1 minute"},"schema":{"@context":"https:\/\/schema.org","@graph":[{"@type":"WebPage","@id":"https:\/\/www.libri.de\/en\/for-publishers\/for-authors\/","url":"https:\/\/www.libri.de\/en\/for-publishers\/for-authors\/","name":"For authors | Libri GmbH","isPartOf":{"@id":"https:\/\/www.libri.de\/fr\/#website"},"primaryImageOfPage":{"@id":"https:\/\/www.libri.de\/en\/for-publishers\/for-authors\/#primaryimage"},"image":{"@id":"https:\/\/www.libri.de\/en\/for-publishers\/for-authors\/#primaryimage"},"thumbnailUrl":"https:\/\/www.libri.de\/wp-content\/uploads\/2021\/12\/Beitragsbild_Libri_mittelblau.jpg","datePublished":"2021-11-23T12:32:51+00:00","dateModified":"2025-03-05T18:18:13+00:00","breadcrumb":{"@id":"https:\/\/www.libri.de\/en\/for-publishers\/for-authors\/#breadcrumb"},"inLanguage":"en-US","potentialAction":[{"@type":"ReadAction","target":["https:\/\/www.libri.de\/en\/for-publishers\/for-authors\/"]}]},{"@type":"ImageObject","inLanguage":"en-US","@id":"https:\/\/www.libri.de\/en\/for-publishers\/for-authors\/#primaryimage","url":"https:\/\/www.libri.de\/wp-content\/uploads\/2021\/12\/Beitragsbild_Libri_mittelblau.jpg","contentUrl":"https:\/\/www.libri.de\/wp-content\/uploads\/2021\/12\/Beitragsbild_Libri_mittelblau.jpg","width":1990,"height":1100},{"@type":"BreadcrumbList","@id":"https:\/\/www.libri.de\/en\/for-publishers\/for-authors\/#breadcrumb","itemListElement":[{"@type":"ListItem","position":1,"name":"Home","item":"https:\/\/www.libri.de\/en\/"},{"@type":"ListItem","position":2,"name":"For publishers","item":"https:\/\/www.libri.de\/en\/for-publishers\/"},{"@type":"ListItem","position":3,"name":"For authors"}]},{"@type":"WebSite","@id":"https:\/\/www.libri.de\/fr\/#website","url":"https:\/\/www.libri.de\/fr\/","name":"Libri GmbH","description":"Barsortiment und Gro\u00dfhandel f\u00fcr B\u00fccher und andere Medien","publisher":{"@id":"https:\/\/www.libri.de\/fr\/#organization"},"potentialAction":[{"@type":"SearchAction","target":{"@type":"EntryPoint","urlTemplate":"https:\/\/www.libri.de\/fr\/?s={search_term_string}"},"query-input":{"@type":"PropertyValueSpecification","valueRequired":true,"valueName":"search_term_string"}}],"inLanguage":"en-US"},{"@type":"Organization","@id":"https:\/\/www.libri.de\/fr\/#organization","name":"Libri","url":"https:\/\/www.libri.de\/fr\/","logo":{"@type":"ImageObject","inLanguage":"en-US","@id":"https:\/\/www.libri.de\/fr\/#\/schema\/logo\/image\/","url":"https:\/\/188.64.195.32\/wp-content\/uploads\/2022\/04\/libri_logo-1.jpg","contentUrl":"https:\/\/188.64.195.32\/wp-content\/uploads\/2022\/04\/libri_logo-1.jpg","width":2000,"height":1000,"caption":"Libri"},"image":{"@id":"https:\/\/www.libri.de\/fr\/#\/schema\/logo\/image\/"},"sameAs":["https:\/\/www.facebook.com\/libribarsortiment","https:\/\/www.instagram.com\/libri.barsortiment","https:\/\/www.linkedin.com\/company\/libri-gmbh"]}]}},"_links":{"self":[{"href":"https:\/\/www.libri.de\/en\/wp-json\/wp\/v2\/pages\/38132","targetHints":{"allow":["GET"]}}],"collection":[{"href":"https:\/\/www.libri.de\/en\/wp-json\/wp\/v2\/pages"}],"about":[{"href":"https:\/\/www.libri.de\/en\/wp-json\/wp\/v2\/types\/page"}],"author":[{"embeddable":true,"href":"https:\/\/www.libri.de\/en\/wp-json\/wp\/v2\/users\/10"}],"replies":[{"embeddable":true,"href":"https:\/\/www.libri.de\/en\/wp-json\/wp\/v2\/comments?post=38132"}],"version-history":[{"count":2,"href":"https:\/\/www.libri.de\/en\/wp-json\/wp\/v2\/pages\/38132\/revisions"}],"predecessor-version":[{"id":77899,"href":"https:\/\/www.libri.de\/en\/wp-json\/wp\/v2\/pages\/38132\/revisions\/77899"}],"up":[{"embeddable":true,"href":"https:\/\/www.libri.de\/en\/wp-json\/wp\/v2\/pages\/38413"}],"wp:featuredmedia":[{"embeddable":true,"href":"https:\/\/www.libri.de\/en\/wp-json\/wp\/v2\/media\/34895"}],"wp:attachment":[{"href":"https:\/\/www.libri.de\/en\/wp-json\/wp\/v2\/media?parent=38132"}],"curies":[{"name":"wp","href":"https:\/\/api.w.org\/{rel}","templated":true}]}}