{"id":35406,"date":"2021-10-08T14:29:57","date_gmt":"2021-10-08T12:29:57","guid":{"rendered":"https:\/\/www.libri.de\/unternehmen\/"},"modified":"2025-10-13T12:49:50","modified_gmt":"2025-10-13T10:49:50","slug":"company","status":"publish","type":"page","link":"https:\/\/www.libri.de\/en\/company\/","title":{"rendered":"Company"},"content":{"rendered":"\r\n<div id=\"header-block_a638ce1752b03988c3d43e7bb294c4d4\" class=\"block-header module type-small bc-libri-blue c-white-imp\">\r\n  <div class=\"container\">\r\n\r\n    <p id=\"breadcrumbs\"><span><span><a href=\"https:\/\/www.libri.de\/en\/\">Home<\/a><\/span><\/span><\/p>    \r\n    \r\n      \r\n      <div class=\"row\">\r\n        <div class=\"col-12 col-md-10 title\">\r\n          <h1 class=\"\">Books for everyone. Anytime. Anywhere.<\/h1>\r\n        <\/div>\r\n\r\n        <div class=\"col-12 col-md-10 text\">\r\n          <p><\/p>\r\n        <\/div>\r\n      <\/div>\r\n\r\n      \r\n  <\/div>\r\n<\/div>\r\n\r\n\n\n\r\n<div id=\"image-block_7faf03487523e11298b67df6abf493a1\" class=\"block-image module type-full bc-trans\">\r\n\r\n  \r\n    <img decoding=\"async\" width=\"1990\" height=\"1100\" src=\"https:\/\/www.libri.de\/wp-content\/uploads\/2021\/10\/Libri_Bad-Hersfel_Unternehmen.jpg\" class=\"attachment-2048x2048 size-2048x2048\" alt=\"Libri_Bad-Hersfel_Unternehmen\" srcset=\"https:\/\/www.libri.de\/wp-content\/uploads\/2021\/10\/Libri_Bad-Hersfel_Unternehmen.jpg 1990w, https:\/\/www.libri.de\/wp-content\/uploads\/2021\/10\/Libri_Bad-Hersfel_Unternehmen-300x166.jpg 300w, https:\/\/www.libri.de\/wp-content\/uploads\/2021\/10\/Libri_Bad-Hersfel_Unternehmen-1024x566.jpg 1024w, https:\/\/www.libri.de\/wp-content\/uploads\/2021\/10\/Libri_Bad-Hersfel_Unternehmen-768x425.jpg 768w, https:\/\/www.libri.de\/wp-content\/uploads\/2021\/10\/Libri_Bad-Hersfel_Unternehmen-1536x849.jpg 1536w\" sizes=\"(max-width: 1990px) 100vw, 1990px\" \/>\r\n   \r\n  \r\n<\/div>\r\n\r\n\n\n\r\n<div id=\"space-block_768b2893772d75a85b29cc4145878ecd\" class=\"block-space module bc-libri-blue c-white-imp\" style=\"height: 48px;\"><\/div>\n\n\r\n<div id=\"text-block_0bd8d4c43e62f421aa7b701b2bb5872d\" class=\"block-text module type-text bc-libri-blue c-white-imp\">\r\n  <div class=\"container\">\r\n\r\n    \r\n      <div class=\"row \">\r\n\r\n        \r\n        <div class=\"col-12 col-md-10\">\r\n\r\n          \r\n          <div class=\"text for-box-js\">\r\n                      <\/div>\r\n\r\n          \r\n          \r\n        <\/div>\r\n        \r\n      <\/div>\r\n\r\n    \r\n  <\/div>\r\n<\/div>\r\n\r\n\n\n\r\n<div id=\"space-block_768b2893772d75a85b29cc4145878ecd\" class=\"block-space module bc-libri-blue c-white-imp\" style=\"height: 48px;\"><\/div>\n\n\r\n<div id=\"space-block_768b2893772d75a85b29cc4145878ecd\" class=\"block-space module bc-libri-blue c-white-imp\" style=\"height: 48px;\"><\/div>\n\n\r\n<div id=\"space-block_273912955632ce9af3896b5b6af7739f\" class=\"block-space module bc-blue c-white-imp\" style=\"height: 48px;\"><\/div>\n\n\r\n<div id=\"text-block_ee46ef6a68c41361355024e7adef26a1\" class=\"block-text module type-img-text bc-blue c-white-imp\">\r\n  <div class=\"container\">\r\n\r\n    \r\n      <div class=\"row \">\r\n\r\n        \r\n          <div class=\"col-12 col-md-6 col-xl-5\">\r\n            <div class=\"image square\">\r\n              <img decoding=\"async\" width=\"768\" height=\"768\" src=\"https:\/\/www.libri.de\/wp-content\/uploads\/2022\/01\/libri_company_history_01-3-768x768_en.jpg\" class=\"attachment-medium_large size-medium_large\" alt=\"\" srcset=\"https:\/\/www.libri.de\/wp-content\/uploads\/2022\/01\/libri_company_history_01-3-768x768_en.jpg 768w, https:\/\/www.libri.de\/wp-content\/uploads\/2022\/01\/libri_company_history_01-3-768x768_en-300x300.jpg 300w, https:\/\/www.libri.de\/wp-content\/uploads\/2022\/01\/libri_company_history_01-3-768x768_en-150x150.jpg 150w\" sizes=\"(max-width: 768px) 100vw, 768px\" \/>            <\/div>\r\n                      <\/div>\r\n\r\n          <div class=\"d-none d-xl-block col-1\"><\/div>\r\n\r\n        \r\n        <div class=\"col-12 col-md-6 col-xl-5\">\r\n\r\n                      <h2 class=\"title\">Speed matters. Experience, too<\/h2>\r\n          \r\n          <div class=\"text \">\r\n            <p>Time is key to success. Serving your customers quickly gives them an advantage. This has been the case at Libri for more than 90 years. During this time we have accompanied the development of the book industry \u2013 as well as continuing to develop it.<\/p>\n          <\/div>\r\n\r\n          \r\n          \r\n        <\/div>\r\n        \r\n      <\/div>\r\n\r\n    \r\n  <\/div>\r\n<\/div>\r\n\r\n\n\n\r\n<div id=\"space-block_273912955632ce9af3896b5b6af7739f\" class=\"block-space module bc-blue c-white-imp\" style=\"height: 48px;\"><\/div>\n\n\r\n<div id=\"space-block_9dd96d1a2f71efc17a08abb6ba7b2b1f\" class=\"block-space module bc-trans\" style=\"height: 48px;\"><\/div>\n\n\r\n<div id=\"text-block_8d0c34a310c714b10308b758e98ecb68\" class=\"block-text module type-text bc-trans\">\r\n  <div class=\"container\">\r\n\r\n    \r\n      <div class=\"row \">\r\n\r\n        \r\n        <div class=\"col-12 col-md-10\">\r\n\r\n                      <h2 class=\"title\">Cutting-edge logistics services for the book trade<\/h2>\r\n          \r\n          <div class=\"text for-box-js\">\r\n            <p>As the leading book wholesaler in Germany, Libri is a central link between publishers and brick-and-mortar as well as online bookstores. From our hub in Bad Hersfeld, Hesse \u2013 in the heart of Germany \u2013 we provide one of the most modern logistics services in the book industry.<\/p>\n          <\/div>\r\n\r\n          \r\n          \r\n        <\/div>\r\n        \r\n      <\/div>\r\n\r\n    \r\n  <\/div>\r\n<\/div>\r\n\r\n\n\n\r\n<div id=\"text-block_e3ecf0310c437fec5dc12d7648bc6a5b\" class=\"block-text module type-text-img bc-trans\">\r\n  <div class=\"container\">\r\n\r\n    \r\n      <div class=\"row flex-row-reverse\">\r\n\r\n        \r\n          <div class=\"col-12 col-md-6 col-xl-5\">\r\n            <div class=\"image square\">\r\n              <img decoding=\"async\" width=\"768\" height=\"424\" src=\"https:\/\/www.libri.de\/wp-content\/uploads\/2021\/11\/Libri_Booxpress_Bad_Hersfeld-768x424.png\" class=\"attachment-medium_large size-medium_large\" alt=\"\" srcset=\"https:\/\/www.libri.de\/wp-content\/uploads\/2021\/11\/Libri_Booxpress_Bad_Hersfeld-768x424.png 768w, https:\/\/www.libri.de\/wp-content\/uploads\/2021\/11\/Libri_Booxpress_Bad_Hersfeld-300x165.png 300w, https:\/\/www.libri.de\/wp-content\/uploads\/2021\/11\/Libri_Booxpress_Bad_Hersfeld-1024x565.png 1024w, https:\/\/www.libri.de\/wp-content\/uploads\/2021\/11\/Libri_Booxpress_Bad_Hersfeld-1536x847.png 1536w, https:\/\/www.libri.de\/wp-content\/uploads\/2021\/11\/Libri_Booxpress_Bad_Hersfeld.png 1650w\" sizes=\"(max-width: 768px) 100vw, 768px\" \/>            <\/div>\r\n                      <\/div>\r\n\r\n          <div class=\"d-none d-xl-block col-2\"><\/div>\r\n\r\n        \r\n        <div class=\"col-12 col-md-6 col-xl-5\">\r\n\r\n          \r\n          <div class=\"text \">\r\n            <p>With our reliable overnight delivery service, we supply our customers \u2013 over 4,000 bookstores of all sizes \u2013 with books they have ordered or send them directly to end customers on their behalf.<\/p>\n<p>With the largest range of titles in the German book market, we cover over 95% of the needs of even specialist bookstores.<\/p>\n<p>We have developed one of the most efficient logistics and IT infrastructures for the retail book trade. In our role as consultant and service provider, we make available catalogue data, EDI interfaces, white label shops, ordering and merchandise management systems as well as providing a clearing centre for forwarding orders from publishers.<\/p>\n<p>Our own BOOXpress delivery service provides fast overnight deliveries and makes a significant contribution to ensuring that books as a symbol of our cultural diversity are present everywhere.<\/p>\n          <\/div>\r\n\r\n          \r\n          \r\n        <\/div>\r\n        \r\n      <\/div>\r\n\r\n    \r\n  <\/div>\r\n<\/div>\r\n\r\n\n\n\r\n<div id=\"space-block_fde3794d57e2d9893ebb1aaef9efcdbb\" class=\"block-space module bc-trans\" style=\"height: 48px;\"><\/div>\n\n\r\n<div id=\"space-block_fde3794d57e2d9893ebb1aaef9efcdbb\" class=\"block-space module bc-trans\" style=\"height: 48px;\"><\/div>\n\n\r\n<div id=\"image-block_45d55da921109014e811b333db651cbc\" class=\"block-image module type-full bc-trans\">\r\n\r\n  \r\n    <img decoding=\"async\" width=\"2048\" height=\"849\" src=\"https:\/\/www.libri.de\/wp-content\/uploads\/2021\/11\/2021_07_FQ_LIBRI-Imagebroschuere2021_Final-ANSICHT-2048x849.jpg\" class=\"attachment-2048x2048 size-2048x2048\" alt=\"PLUREOS in Bad Hersfeld\" srcset=\"https:\/\/www.libri.de\/wp-content\/uploads\/2021\/11\/2021_07_FQ_LIBRI-Imagebroschuere2021_Final-ANSICHT-2048x849.jpg 2048w, https:\/\/www.libri.de\/wp-content\/uploads\/2021\/11\/2021_07_FQ_LIBRI-Imagebroschuere2021_Final-ANSICHT-300x124.jpg 300w, https:\/\/www.libri.de\/wp-content\/uploads\/2021\/11\/2021_07_FQ_LIBRI-Imagebroschuere2021_Final-ANSICHT-1024x425.jpg 1024w, https:\/\/www.libri.de\/wp-content\/uploads\/2021\/11\/2021_07_FQ_LIBRI-Imagebroschuere2021_Final-ANSICHT-768x318.jpg 768w, https:\/\/www.libri.de\/wp-content\/uploads\/2021\/11\/2021_07_FQ_LIBRI-Imagebroschuere2021_Final-ANSICHT-1536x637.jpg 1536w\" sizes=\"(max-width: 2048px) 100vw, 2048px\" \/>\r\n   \r\n  \r\n<\/div>\r\n\r\n\n\n\r\n<div id=\"space-block_2596bca9ed154e055d58c086d6b40714\" class=\"block-space module bc-blue c-white-imp\" style=\"height: 48px;\"><\/div>\n\n\r\n<div id=\"text-block_5ef6971a4a101fcfb1ba7ad9e3c0fdbb\" class=\"block-text module type-text bc-blue c-white-imp\">\r\n  <div class=\"container\">\r\n\r\n    \r\n      <div class=\"row \">\r\n\r\n        \r\n        <div class=\"col-12 col-md-10\">\r\n\r\n                      <h2 class=\"title\">Working together for more diversity in the book market.<\/h2>\r\n          \r\n          <div class=\"text for-box-js\">\r\n            <p>Continuous availability, broad visibility and immediate delivery of millions of titles across the entire book trade \u2013 this is <a href=\"https:\/\/www.libri.de\/en\/for-publishers\/libri-print-on-demand\/\">Libri Print-on-Demand<\/a>, the platform for publishers from Libri and <a href=\"https:\/\/www.bod.com\/\">BoD<\/a>. The core of Libri Print-on-Demand is the most advanced print-on-demand and logistics centre in Europe located in Bad Hersfeld, Germany. It combines the latest digital printing technology from BoD with Libri\u2019s state-of-the-art distribution centre.<\/p>\n<p>Libri Print-on-Demand extends the limits of physically stocking books with the infinite possibilities of digital storage. In the print-on-demand process, titles are digitally stored and individual books are only printed and delivered to the end customer once an order has been placed through the bookstore. Thanks to Libri Print-on-Demand, publishers can keep their entire range of titles continuously in stock and have them delivered to bookstores overnight. Millions of German-language and international book titles are thus immediately available to readers.<\/p>\n<p>Libri Print-on-Demand also effectively prevents overproduction and book returns while providing publishers with risk-free, flexible book publishing \u2013 for more diversity in the book trade!<\/p>\n          <\/div>\r\n\r\n          \r\n          \r\n        <\/div>\r\n        \r\n      <\/div>\r\n\r\n    \r\n  <\/div>\r\n<\/div>\r\n\r\n\n\n\r\n<div id=\"image-block_e1342a72f3dd8f29a5eefcbe5dadc38b\" class=\"block-image module type-default bc-blue c-white-imp\">\r\n\r\n      <div class=\"container\">\r\n      <div class=\"row\">\r\n        <div class=\"col-12 col-md-10\">\r\n          \r\n          <div class=\"row\">\r\n\r\n                          <div class=\"col\">\r\n                <img decoding=\"async\" width=\"1024\" height=\"565\" src=\"https:\/\/www.libri.de\/wp-content\/uploads\/2024\/02\/Print-on-Demand-1-1024x565.png\" class=\"attachment-large size-large\" alt=\"company logos Libri, Libri Print-on-Demand and BoD\" srcset=\"https:\/\/www.libri.de\/wp-content\/uploads\/2024\/02\/Print-on-Demand-1-1024x565.png 1024w, https:\/\/www.libri.de\/wp-content\/uploads\/2024\/02\/Print-on-Demand-1-300x165.png 300w, https:\/\/www.libri.de\/wp-content\/uploads\/2024\/02\/Print-on-Demand-1-768x424.png 768w, https:\/\/www.libri.de\/wp-content\/uploads\/2024\/02\/Print-on-Demand-1-1536x847.png 1536w, https:\/\/www.libri.de\/wp-content\/uploads\/2024\/02\/Print-on-Demand-1.png 1650w\" sizes=\"(max-width: 1024px) 100vw, 1024px\" \/>              <\/div>\r\n                        \r\n            \r\n          <\/div>\r\n\r\n          <div class=\"row\">\r\n\r\n                        \r\n            \r\n          <\/div>\r\n\r\n        <\/div>\r\n      <\/div>\r\n    <\/div>\r\n\r\n   \r\n  \r\n<\/div>\r\n\r\n\n\n\r\n<div id=\"image-block_4681a57e691c0a7f83d9c8a27fb341bb\" class=\"block-image module type-full bc-trans\">\r\n\r\n  \r\n    <img decoding=\"async\" width=\"2048\" height=\"850\" src=\"https:\/\/www.libri.de\/wp-content\/uploads\/2021\/11\/libri_unternehmen_standtorthamburg-zukunft-2048x850.jpg\" class=\"attachment-2048x2048 size-2048x2048\" alt=\"\" srcset=\"https:\/\/www.libri.de\/wp-content\/uploads\/2021\/11\/libri_unternehmen_standtorthamburg-zukunft-2048x850.jpg 2048w, https:\/\/www.libri.de\/wp-content\/uploads\/2021\/11\/libri_unternehmen_standtorthamburg-zukunft-300x125.jpg 300w, https:\/\/www.libri.de\/wp-content\/uploads\/2021\/11\/libri_unternehmen_standtorthamburg-zukunft-1024x425.jpg 1024w, https:\/\/www.libri.de\/wp-content\/uploads\/2021\/11\/libri_unternehmen_standtorthamburg-zukunft-768x319.jpg 768w, https:\/\/www.libri.de\/wp-content\/uploads\/2021\/11\/libri_unternehmen_standtorthamburg-zukunft-1536x638.jpg 1536w\" sizes=\"(max-width: 2048px) 100vw, 2048px\" \/>\r\n   \r\n  \r\n<\/div>\r\n\r\n\n\n\r\n<div id=\"space-block_fde3794d57e2d9893ebb1aaef9efcdbb\" class=\"block-space module bc-trans\" style=\"height: 48px;\"><\/div>\n\n\r\n<div id=\"text-block_c1d99257b7c4578bd9a8424581783d39\" class=\"block-text module type-text bc-trans\">\r\n  <div class=\"container\">\r\n\r\n    \r\n      <div class=\"row \">\r\n\r\n        \r\n        <div class=\"col-12 col-md-10\">\r\n\r\n                      <h2 class=\"title\">Thinking ahead about the book trade \u2013 in an on-going dialogue.<\/h2>\r\n          \r\n          <div class=\"text for-box-js\">\r\n            <p>At the Libri administration centre in Hamburg, customer service, purchasing, sales, marketing and IT development work closely with book retailers and publishers on creating intelligent services and products for the industry.<\/p>\n          <\/div>\r\n\r\n          \r\n          \r\n        <\/div>\r\n        \r\n      <\/div>\r\n\r\n    \r\n  <\/div>\r\n<\/div>\r\n\r\n\n\n\r\n<div id=\"teaser-small-block_59fb18c17a1bb0ecc733da3f30ebe040\" class=\"block-teaser-small bc-green-2\">\r\n\r\n  <div class=\"container\">\r\n\r\n    <a href=\"https:\/\/www.libri.de\/en\/contact\/\" target=\"_blank\" class=\"d-flex align-items-center justify-content-center flex-column flex-md-row\">\r\n\r\n              <div class=\"icon\">\r\n          <img decoding=\"async\" width=\"24\" height=\"24\" src=\"https:\/\/www.libri.de\/wp-content\/uploads\/2021\/11\/info_white_24dp-1.svg\" class=\"attachment-thumbnail size-thumbnail\" alt=\"\" \/>        <\/div>\r\n      \r\n      <div class=\"text\">\r\n        <h3 class=\"title\">We are happy to answer any questions you may have<\/h3>\r\n        <p>Please select the right contact person from our contact section.<\/p>      <\/div>\r\n\r\n      <div class=\"teaser-arrow\"><\/div>\r\n\r\n    <\/a>\r\n\r\n  <\/div>\r\n<\/div>\r\n\r\n","protected":false},"excerpt":{"rendered":"<p>B\u00fccher f\u00fcr alle. Zu jeder Zeit. An jedem Ort.<\/p>\n","protected":false},"author":10,"featured_media":28820,"parent":0,"menu_order":0,"comment_status":"closed","ping_status":"closed","template":"","meta":{"_acf_changed":false,"footnotes":""},"class_list":["post-35406","page","type-page","status-publish","has-post-thumbnail","hentry"],"acf":[],"yoast_head":"<!-- This site is optimized with the Yoast SEO plugin v27.0 - https:\/\/yoast.com\/product\/yoast-seo-wordpress\/ -->\n<title>Company | Libri GmbH<\/title>\n<meta name=\"robots\" content=\"index, follow, max-snippet:-1, max-image-preview:large, max-video-preview:-1\" \/>\n<link rel=\"canonical\" href=\"https:\/\/www.libri.de\/en\/company\/\" \/>\n<meta property=\"og:locale\" content=\"en_US\" \/>\n<meta property=\"og:type\" content=\"article\" \/>\n<meta property=\"og:title\" content=\"Company | Libri GmbH\" \/>\n<meta property=\"og:description\" content=\"B\u00fccher f\u00fcr alle. Zu jeder Zeit. An jedem Ort.\" \/>\n<meta property=\"og:url\" content=\"https:\/\/www.libri.de\/en\/company\/\" \/>\n<meta property=\"og:site_name\" content=\"Libri GmbH\" \/>\n<meta property=\"article:publisher\" content=\"https:\/\/www.facebook.com\/libribarsortiment\" \/>\n<meta property=\"article:modified_time\" content=\"2025-10-13T10:49:50+00:00\" \/>\n<meta property=\"og:image\" content=\"https:\/\/www.libri.de\/wp-content\/uploads\/2021\/10\/Libri_Photovoltaik-Bad-Hersfeld.jpg\" \/>\n\t<meta property=\"og:image:width\" content=\"1650\" \/>\n\t<meta property=\"og:image:height\" content=\"910\" \/>\n\t<meta property=\"og:image:type\" content=\"image\/jpeg\" \/>\n<meta name=\"twitter:card\" content=\"summary_large_image\" \/>\n<meta name=\"twitter:label1\" content=\"Est. reading time\" \/>\n\t<meta name=\"twitter:data1\" content=\"1 minute\" \/>\n<script type=\"application\/ld+json\" class=\"yoast-schema-graph\">{\"@context\":\"https:\/\/schema.org\",\"@graph\":[{\"@type\":\"WebPage\",\"@id\":\"https:\/\/www.libri.de\/en\/company\/\",\"url\":\"https:\/\/www.libri.de\/en\/company\/\",\"name\":\"Company | Libri GmbH\",\"isPartOf\":{\"@id\":\"https:\/\/www.libri.de\/fr\/#website\"},\"primaryImageOfPage\":{\"@id\":\"https:\/\/www.libri.de\/en\/company\/#primaryimage\"},\"image\":{\"@id\":\"https:\/\/www.libri.de\/en\/company\/#primaryimage\"},\"thumbnailUrl\":\"https:\/\/www.libri.de\/wp-content\/uploads\/2021\/10\/Libri_Photovoltaik-Bad-Hersfeld.jpg\",\"datePublished\":\"2021-10-08T12:29:57+00:00\",\"dateModified\":\"2025-10-13T10:49:50+00:00\",\"breadcrumb\":{\"@id\":\"https:\/\/www.libri.de\/en\/company\/#breadcrumb\"},\"inLanguage\":\"en-US\",\"potentialAction\":[{\"@type\":\"ReadAction\",\"target\":[\"https:\/\/www.libri.de\/en\/company\/\"]}]},{\"@type\":\"ImageObject\",\"inLanguage\":\"en-US\",\"@id\":\"https:\/\/www.libri.de\/en\/company\/#primaryimage\",\"url\":\"https:\/\/www.libri.de\/wp-content\/uploads\/2021\/10\/Libri_Photovoltaik-Bad-Hersfeld.jpg\",\"contentUrl\":\"https:\/\/www.libri.de\/wp-content\/uploads\/2021\/10\/Libri_Photovoltaik-Bad-Hersfeld.jpg\",\"width\":1650,\"height\":910},{\"@type\":\"BreadcrumbList\",\"@id\":\"https:\/\/www.libri.de\/en\/company\/#breadcrumb\",\"itemListElement\":[{\"@type\":\"ListItem\",\"position\":1,\"name\":\"Home\",\"item\":\"https:\/\/www.libri.de\/en\/\"},{\"@type\":\"ListItem\",\"position\":2,\"name\":\"Company\"}]},{\"@type\":\"WebSite\",\"@id\":\"https:\/\/www.libri.de\/fr\/#website\",\"url\":\"https:\/\/www.libri.de\/fr\/\",\"name\":\"Libri GmbH\",\"description\":\"Barsortiment und Gro\u00dfhandel f\u00fcr B\u00fccher und andere Medien\",\"publisher\":{\"@id\":\"https:\/\/www.libri.de\/fr\/#organization\"},\"potentialAction\":[{\"@type\":\"SearchAction\",\"target\":{\"@type\":\"EntryPoint\",\"urlTemplate\":\"https:\/\/www.libri.de\/fr\/?s={search_term_string}\"},\"query-input\":{\"@type\":\"PropertyValueSpecification\",\"valueRequired\":true,\"valueName\":\"search_term_string\"}}],\"inLanguage\":\"en-US\"},{\"@type\":\"Organization\",\"@id\":\"https:\/\/www.libri.de\/fr\/#organization\",\"name\":\"Libri\",\"url\":\"https:\/\/www.libri.de\/fr\/\",\"logo\":{\"@type\":\"ImageObject\",\"inLanguage\":\"en-US\",\"@id\":\"https:\/\/www.libri.de\/fr\/#\/schema\/logo\/image\/\",\"url\":\"https:\/\/188.64.195.32\/wp-content\/uploads\/2022\/04\/libri_logo-1.jpg\",\"contentUrl\":\"https:\/\/188.64.195.32\/wp-content\/uploads\/2022\/04\/libri_logo-1.jpg\",\"width\":2000,\"height\":1000,\"caption\":\"Libri\"},\"image\":{\"@id\":\"https:\/\/www.libri.de\/fr\/#\/schema\/logo\/image\/\"},\"sameAs\":[\"https:\/\/www.facebook.com\/libribarsortiment\",\"https:\/\/www.instagram.com\/libri.barsortiment\",\"https:\/\/www.linkedin.com\/company\/libri-gmbh\"]}]}<\/script>\n<!-- \/ Yoast SEO plugin. -->","yoast_head_json":{"title":"Company | Libri GmbH","robots":{"index":"index","follow":"follow","max-snippet":"max-snippet:-1","max-image-preview":"max-image-preview:large","max-video-preview":"max-video-preview:-1"},"canonical":"https:\/\/www.libri.de\/en\/company\/","og_locale":"en_US","og_type":"article","og_title":"Company | Libri GmbH","og_description":"B\u00fccher f\u00fcr alle. Zu jeder Zeit. An jedem Ort.","og_url":"https:\/\/www.libri.de\/en\/company\/","og_site_name":"Libri GmbH","article_publisher":"https:\/\/www.facebook.com\/libribarsortiment","article_modified_time":"2025-10-13T10:49:50+00:00","og_image":[{"width":1650,"height":910,"url":"https:\/\/www.libri.de\/wp-content\/uploads\/2021\/10\/Libri_Photovoltaik-Bad-Hersfeld.jpg","type":"image\/jpeg"}],"twitter_card":"summary_large_image","twitter_misc":{"Est. reading time":"1 minute"},"schema":{"@context":"https:\/\/schema.org","@graph":[{"@type":"WebPage","@id":"https:\/\/www.libri.de\/en\/company\/","url":"https:\/\/www.libri.de\/en\/company\/","name":"Company | Libri GmbH","isPartOf":{"@id":"https:\/\/www.libri.de\/fr\/#website"},"primaryImageOfPage":{"@id":"https:\/\/www.libri.de\/en\/company\/#primaryimage"},"image":{"@id":"https:\/\/www.libri.de\/en\/company\/#primaryimage"},"thumbnailUrl":"https:\/\/www.libri.de\/wp-content\/uploads\/2021\/10\/Libri_Photovoltaik-Bad-Hersfeld.jpg","datePublished":"2021-10-08T12:29:57+00:00","dateModified":"2025-10-13T10:49:50+00:00","breadcrumb":{"@id":"https:\/\/www.libri.de\/en\/company\/#breadcrumb"},"inLanguage":"en-US","potentialAction":[{"@type":"ReadAction","target":["https:\/\/www.libri.de\/en\/company\/"]}]},{"@type":"ImageObject","inLanguage":"en-US","@id":"https:\/\/www.libri.de\/en\/company\/#primaryimage","url":"https:\/\/www.libri.de\/wp-content\/uploads\/2021\/10\/Libri_Photovoltaik-Bad-Hersfeld.jpg","contentUrl":"https:\/\/www.libri.de\/wp-content\/uploads\/2021\/10\/Libri_Photovoltaik-Bad-Hersfeld.jpg","width":1650,"height":910},{"@type":"BreadcrumbList","@id":"https:\/\/www.libri.de\/en\/company\/#breadcrumb","itemListElement":[{"@type":"ListItem","position":1,"name":"Home","item":"https:\/\/www.libri.de\/en\/"},{"@type":"ListItem","position":2,"name":"Company"}]},{"@type":"WebSite","@id":"https:\/\/www.libri.de\/fr\/#website","url":"https:\/\/www.libri.de\/fr\/","name":"Libri GmbH","description":"Barsortiment und Gro\u00dfhandel f\u00fcr B\u00fccher und andere Medien","publisher":{"@id":"https:\/\/www.libri.de\/fr\/#organization"},"potentialAction":[{"@type":"SearchAction","target":{"@type":"EntryPoint","urlTemplate":"https:\/\/www.libri.de\/fr\/?s={search_term_string}"},"query-input":{"@type":"PropertyValueSpecification","valueRequired":true,"valueName":"search_term_string"}}],"inLanguage":"en-US"},{"@type":"Organization","@id":"https:\/\/www.libri.de\/fr\/#organization","name":"Libri","url":"https:\/\/www.libri.de\/fr\/","logo":{"@type":"ImageObject","inLanguage":"en-US","@id":"https:\/\/www.libri.de\/fr\/#\/schema\/logo\/image\/","url":"https:\/\/188.64.195.32\/wp-content\/uploads\/2022\/04\/libri_logo-1.jpg","contentUrl":"https:\/\/188.64.195.32\/wp-content\/uploads\/2022\/04\/libri_logo-1.jpg","width":2000,"height":1000,"caption":"Libri"},"image":{"@id":"https:\/\/www.libri.de\/fr\/#\/schema\/logo\/image\/"},"sameAs":["https:\/\/www.facebook.com\/libribarsortiment","https:\/\/www.instagram.com\/libri.barsortiment","https:\/\/www.linkedin.com\/company\/libri-gmbh"]}]}},"_links":{"self":[{"href":"https:\/\/www.libri.de\/en\/wp-json\/wp\/v2\/pages\/35406","targetHints":{"allow":["GET"]}}],"collection":[{"href":"https:\/\/www.libri.de\/en\/wp-json\/wp\/v2\/pages"}],"about":[{"href":"https:\/\/www.libri.de\/en\/wp-json\/wp\/v2\/types\/page"}],"author":[{"embeddable":true,"href":"https:\/\/www.libri.de\/en\/wp-json\/wp\/v2\/users\/10"}],"replies":[{"embeddable":true,"href":"https:\/\/www.libri.de\/en\/wp-json\/wp\/v2\/comments?post=35406"}],"version-history":[{"count":2,"href":"https:\/\/www.libri.de\/en\/wp-json\/wp\/v2\/pages\/35406\/revisions"}],"predecessor-version":[{"id":77912,"href":"https:\/\/www.libri.de\/en\/wp-json\/wp\/v2\/pages\/35406\/revisions\/77912"}],"wp:featuredmedia":[{"embeddable":true,"href":"https:\/\/www.libri.de\/en\/wp-json\/wp\/v2\/media\/28820"}],"wp:attachment":[{"href":"https:\/\/www.libri.de\/en\/wp-json\/wp\/v2\/media?parent=35406"}],"curies":[{"name":"wp","href":"https:\/\/api.w.org\/{rel}","templated":true}]}}