{"id":34193,"date":"2021-12-01T18:13:52","date_gmt":"2021-12-01T16:13:52","guid":{"rendered":"https:\/\/www.libri.de\/?page_id=34193"},"modified":"2022-05-04T14:56:05","modified_gmt":"2022-05-04T12:56:05","slug":"press","status":"publish","type":"page","link":"https:\/\/www.libri.de\/en\/press\/","title":{"rendered":"Press"},"content":{"rendered":"\r\n<div id=\"header-block_61a765037ea89\" class=\"block-header module type-press bc-trans\">\r\n  <div class=\"container\">\r\n\r\n    <p id=\"breadcrumbs\"><span><span><a href=\"https:\/\/www.libri.de\/en\/\">Home<\/a><\/span><\/span><\/p>    \r\n          <div class=\"row\">\r\n        <div class=\"col-12 col-md-7\">\r\n          <h1>Press<\/h1>\r\n          <p>Here you will find our press releases, files for download and the contact details of our press officer.<\/p>\r\n        <\/div>\r\n\r\n        <div class=\"col-12 col-md-5\">\r\n          <div class=\"d-flex align-items-center press-contact\">\r\n\r\n            <div class=\"image\">\r\n              <img decoding=\"async\" width=\"150\" height=\"150\" src=\"https:\/\/www.libri.de\/wp-content\/uploads\/2022\/04\/ThorstenSimon_Pressesprecher_Presse_Libri-150x150.jpg\" class=\"attachment-thumbnail size-thumbnail\" alt=\"\" srcset=\"https:\/\/www.libri.de\/wp-content\/uploads\/2022\/04\/ThorstenSimon_Pressesprecher_Presse_Libri-150x150.jpg 150w, https:\/\/www.libri.de\/wp-content\/uploads\/2022\/04\/ThorstenSimon_Pressesprecher_Presse_Libri-300x300.jpg 300w, https:\/\/www.libri.de\/wp-content\/uploads\/2022\/04\/ThorstenSimon_Pressesprecher_Presse_Libri.jpg 640w\" sizes=\"(max-width: 150px) 100vw, 150px\" \/>            <\/div>\r\n\r\n            <div class=\"contact-info\">\r\n              <div class=\"label\">Press Officer<\/div>\r\n              <div class=\"name\">Thorsten Simon<\/div>\r\n\r\n                              <div class=\"phone\">\r\n                  <a class=\"d-block d-md-inline\" href=\"tel:+494053433576\">\r\n                    +49 40 534335-76                  <\/a>\r\n                <\/div>\r\n              \r\n                              <div class=\"email\"> \r\n                  <a class=\"d-block d-md-inline\" href=\"mailto:tsimon@libri.de\">\r\n                    tsimon@libri.de                  <\/a>\r\n                <\/div>\r\n                          <\/div>\r\n\r\n          <\/div>\r\n        <\/div>\r\n      <\/div>\r\n\r\n      \r\n  <\/div>\r\n<\/div>\r\n\r\n\n\n\r\n<div id=\"list-block_627277cbc10ac\" class=\"block-list module type-press\">\r\n\r\n  \r\n<a href=\"https:\/\/www.libri.de\/en\/presse\/ukrainian-language-titles-for-the-german-book-trade\/\" class=\"container d-block mb-8 bc-green-2\">\r\n  <div class=\"entry \">\r\n\r\n    \r\n    <div class=\"text\">\r\n      <div class=\"info\">\r\n        12. April 2022      <\/div>\r\n\r\n      <h3 class=\"h4 entry-title\">Ukrainian-language titles for the German book trade<\/h3>\r\n      <p class=\"entry-excerpt\">&nbsp;<\/p>\r\n    <\/div>\r\n    \r\n    <div class=\"list-arrow\"><\/div>\r\n\r\n    <\/div>\r\n  <\/a><\/div>\n\n\r\n<div id=\"downloads-block_61a765697ea8f\" class=\"block-downloads module bc-trans\">\r\n  <div class=\"container\">\r\n    \r\n          <div class=\"row\">\r\n\r\n        <div class=\"col-11 col-md-10\">\r\n          <h2 class=\"h3\">Downloads<\/h2>\r\n        <\/div>\r\n        <div class=\"col-11 col-md-10\">\r\n          <p>Please indicate Libri GmbH as the source of the image when using it.<\/p>\r\n        <\/div>\r\n\r\n      <\/div>\r\n          \r\n    \r\n  <\/div>\r\n<\/div>\r\n\r\n\n\n\r\n<div id=\"space-block_61a765c57ea94\" class=\"block-space module bc-trans\" style=\"height: 48px;\"><\/div>\n\n\r\n<div id=\"magazine-block_61a765cc7ea95\" class=\"block-magazine module bc-trans\">\r\n  <div class=\"container\">\r\n\r\n    <div class=\"title d-md-flex justify-content-between align-items-end\">\r\n      <h2 class=\"h3\">Insights from the Libri.Magazine<\/h2>\r\n      <a class=\"more-link\" href=\"https:\/\/www.libri.de\/en\/magazine\/\" target=\"_self\">Discover more &gt;<\/a>\r\n    <\/div>\r\n    \r\n    <div class=\"row\">\r\n\r\n      \r\n        <a class=\"col-md-4 post hover-zoom\" href=\"https:\/\/www.libri.de\/en\/magazin\/christmas-and-new-years-eve-2024-delivery-and-availability\/\" target=\"_self\">\r\n\r\n          <div class=\"image a-hover-zoom\"><img decoding=\"async\" width=\"768\" height=\"363\" src=\"https:\/\/www.libri.de\/wp-content\/uploads\/2024\/12\/Weihnachten-Silvester-2024-Libri-GmbH-768x363.png\" class=\"attachment-medium_large size-medium_large wp-post-image\" alt=\"Libri GmbH Weihnachten und Silvester 2024: Anlieferung und Erreichbarkeit\" srcset=\"https:\/\/www.libri.de\/wp-content\/uploads\/2024\/12\/Weihnachten-Silvester-2024-Libri-GmbH-768x363.png 768w, https:\/\/www.libri.de\/wp-content\/uploads\/2024\/12\/Weihnachten-Silvester-2024-Libri-GmbH-300x142.png 300w, https:\/\/www.libri.de\/wp-content\/uploads\/2024\/12\/Weihnachten-Silvester-2024-Libri-GmbH-1024x484.png 1024w, https:\/\/www.libri.de\/wp-content\/uploads\/2024\/12\/Weihnachten-Silvester-2024-Libri-GmbH-1536x726.png 1536w, https:\/\/www.libri.de\/wp-content\/uploads\/2024\/12\/Weihnachten-Silvester-2024-Libri-GmbH.png 1988w\" sizes=\"(max-width: 768px) 100vw, 768px\" \/><\/div>\r\n          <div class=\"text\">\r\n            <span class=\"date\">\r\n              04.12.2024            <\/span><span class=\"reading-time\">Reading time 1 min<\/span><span class=\"reading-time-mobile\">1 Min<\/span>\r\n            <h3 class=\"post-title h4\">Christmas and New Year\u2019s Eve 2024: Delivery and Availability<\/h3>\r\n          <\/div>\r\n        <\/a>\r\n        \r\n      \r\n        <a class=\"col-md-4 post hover-zoom\" href=\"https:\/\/www.libri.de\/en\/magazin\/delivery-information-regarding-christmas-new-years-eve-and-new-year\/\" target=\"_self\">\r\n\r\n          <div class=\"image a-hover-zoom\"><img decoding=\"async\" width=\"768\" height=\"363\" src=\"https:\/\/www.libri.de\/wp-content\/uploads\/2021\/11\/Belieferung_Weihnachten_2022-768x363.png\" class=\"attachment-medium_large size-medium_large wp-post-image\" alt=\"Libri Belieferung Weihnachten\" srcset=\"https:\/\/www.libri.de\/wp-content\/uploads\/2021\/11\/Belieferung_Weihnachten_2022-768x363.png 768w, https:\/\/www.libri.de\/wp-content\/uploads\/2021\/11\/Belieferung_Weihnachten_2022-300x142.png 300w, https:\/\/www.libri.de\/wp-content\/uploads\/2021\/11\/Belieferung_Weihnachten_2022-1024x484.png 1024w, https:\/\/www.libri.de\/wp-content\/uploads\/2021\/11\/Belieferung_Weihnachten_2022-1536x726.png 1536w, https:\/\/www.libri.de\/wp-content\/uploads\/2021\/11\/Belieferung_Weihnachten_2022.png 1988w\" sizes=\"(max-width: 768px) 100vw, 768px\" \/><\/div>\r\n          <div class=\"text\">\r\n            <span class=\"date\">\r\n              21.11.2023            <\/span><span class=\"reading-time\">Reading time 1 min<\/span><span class=\"reading-time-mobile\">1 Min<\/span>\r\n            <h3 class=\"post-title h4\">Delivery information regarding Christmas, New Year&#8217;s Eve and New Year&#8217;s Day<\/h3>\r\n          <\/div>\r\n        <\/a>\r\n        \r\n      \r\n        <a class=\"col-md-4 post hover-zoom\" href=\"https:\/\/www.libri.de\/en\/magazin\/we-are-always-amazed-at-just-how-big-the-demand-is\/\" target=\"_self\">\r\n\r\n          <div class=\"image a-hover-zoom\"><img decoding=\"async\" width=\"768\" height=\"363\" src=\"https:\/\/www.libri.de\/wp-content\/uploads\/2023\/08\/Kopie-von-Header-Blog-Libri.Magazin-38-768x363.jpeg\" class=\"attachment-medium_large size-medium_large wp-post-image\" alt=\"\" srcset=\"https:\/\/www.libri.de\/wp-content\/uploads\/2023\/08\/Kopie-von-Header-Blog-Libri.Magazin-38-768x363.jpeg 768w, https:\/\/www.libri.de\/wp-content\/uploads\/2023\/08\/Kopie-von-Header-Blog-Libri.Magazin-38-300x142.jpeg 300w, https:\/\/www.libri.de\/wp-content\/uploads\/2023\/08\/Kopie-von-Header-Blog-Libri.Magazin-38-1024x484.jpeg 1024w, https:\/\/www.libri.de\/wp-content\/uploads\/2023\/08\/Kopie-von-Header-Blog-Libri.Magazin-38-1536x726.jpeg 1536w, https:\/\/www.libri.de\/wp-content\/uploads\/2023\/08\/Kopie-von-Header-Blog-Libri.Magazin-38.jpeg 1988w\" sizes=\"(max-width: 768px) 100vw, 768px\" \/><\/div>\r\n          <div class=\"text\">\r\n            <span class=\"date\">\r\n              16.08.2023            <\/span><span class=\"reading-time\">Reading time 3 min<\/span><span class=\"reading-time-mobile\">3 Min<\/span>\r\n            <h3 class=\"post-title h4\">\u201cWe are always amazed at just how big the demand is.\u201d<\/h3>\r\n          <\/div>\r\n        <\/a>\r\n        \r\n          <\/div>\r\n\r\n  <\/div>\r\n<\/div>\r\n\r\n","protected":false},"excerpt":{"rendered":"","protected":false},"author":10,"featured_media":34895,"parent":0,"menu_order":0,"comment_status":"closed","ping_status":"closed","template":"","meta":{"_acf_changed":false,"footnotes":""},"class_list":["post-34193","page","type-page","status-publish","has-post-thumbnail","hentry"],"acf":[],"yoast_head":"<!-- This site is optimized with the Yoast SEO plugin v27.0 - https:\/\/yoast.com\/product\/yoast-seo-wordpress\/ -->\n<title>Press | Libri GmbH<\/title>\n<meta name=\"robots\" content=\"index, follow, max-snippet:-1, max-image-preview:large, max-video-preview:-1\" \/>\n<link rel=\"canonical\" href=\"https:\/\/www.libri.de\/en\/press\/\" \/>\n<meta property=\"og:locale\" content=\"en_US\" \/>\n<meta property=\"og:type\" content=\"article\" \/>\n<meta property=\"og:title\" content=\"Press | Libri GmbH\" \/>\n<meta property=\"og:url\" content=\"https:\/\/www.libri.de\/en\/press\/\" \/>\n<meta property=\"og:site_name\" content=\"Libri GmbH\" \/>\n<meta property=\"article:publisher\" content=\"https:\/\/www.facebook.com\/libribarsortiment\" \/>\n<meta property=\"article:modified_time\" content=\"2022-05-04T12:56:05+00:00\" \/>\n<meta property=\"og:image\" content=\"https:\/\/www.libri.de\/wp-content\/uploads\/2021\/12\/Beitragsbild_Libri_mittelblau.jpg\" \/>\n\t<meta property=\"og:image:width\" content=\"1990\" \/>\n\t<meta property=\"og:image:height\" content=\"1100\" \/>\n\t<meta property=\"og:image:type\" content=\"image\/jpeg\" \/>\n<meta name=\"twitter:card\" content=\"summary_large_image\" \/>\n<script type=\"application\/ld+json\" class=\"yoast-schema-graph\">{\"@context\":\"https:\/\/schema.org\",\"@graph\":[{\"@type\":\"WebPage\",\"@id\":\"https:\/\/www.libri.de\/en\/press\/\",\"url\":\"https:\/\/www.libri.de\/en\/press\/\",\"name\":\"Press | Libri GmbH\",\"isPartOf\":{\"@id\":\"https:\/\/www.libri.de\/fr\/#website\"},\"primaryImageOfPage\":{\"@id\":\"https:\/\/www.libri.de\/en\/press\/#primaryimage\"},\"image\":{\"@id\":\"https:\/\/www.libri.de\/en\/press\/#primaryimage\"},\"thumbnailUrl\":\"https:\/\/www.libri.de\/wp-content\/uploads\/2021\/12\/Beitragsbild_Libri_mittelblau.jpg\",\"datePublished\":\"2021-12-01T16:13:52+00:00\",\"dateModified\":\"2022-05-04T12:56:05+00:00\",\"breadcrumb\":{\"@id\":\"https:\/\/www.libri.de\/en\/press\/#breadcrumb\"},\"inLanguage\":\"en-US\",\"potentialAction\":[{\"@type\":\"ReadAction\",\"target\":[\"https:\/\/www.libri.de\/en\/press\/\"]}]},{\"@type\":\"ImageObject\",\"inLanguage\":\"en-US\",\"@id\":\"https:\/\/www.libri.de\/en\/press\/#primaryimage\",\"url\":\"https:\/\/www.libri.de\/wp-content\/uploads\/2021\/12\/Beitragsbild_Libri_mittelblau.jpg\",\"contentUrl\":\"https:\/\/www.libri.de\/wp-content\/uploads\/2021\/12\/Beitragsbild_Libri_mittelblau.jpg\",\"width\":1990,\"height\":1100},{\"@type\":\"BreadcrumbList\",\"@id\":\"https:\/\/www.libri.de\/en\/press\/#breadcrumb\",\"itemListElement\":[{\"@type\":\"ListItem\",\"position\":1,\"name\":\"Home\",\"item\":\"https:\/\/www.libri.de\/en\/\"},{\"@type\":\"ListItem\",\"position\":2,\"name\":\"Press\"}]},{\"@type\":\"WebSite\",\"@id\":\"https:\/\/www.libri.de\/fr\/#website\",\"url\":\"https:\/\/www.libri.de\/fr\/\",\"name\":\"Libri GmbH\",\"description\":\"Barsortiment und Gro\u00dfhandel f\u00fcr B\u00fccher und andere Medien\",\"publisher\":{\"@id\":\"https:\/\/www.libri.de\/fr\/#organization\"},\"potentialAction\":[{\"@type\":\"SearchAction\",\"target\":{\"@type\":\"EntryPoint\",\"urlTemplate\":\"https:\/\/www.libri.de\/fr\/?s={search_term_string}\"},\"query-input\":{\"@type\":\"PropertyValueSpecification\",\"valueRequired\":true,\"valueName\":\"search_term_string\"}}],\"inLanguage\":\"en-US\"},{\"@type\":\"Organization\",\"@id\":\"https:\/\/www.libri.de\/fr\/#organization\",\"name\":\"Libri\",\"url\":\"https:\/\/www.libri.de\/fr\/\",\"logo\":{\"@type\":\"ImageObject\",\"inLanguage\":\"en-US\",\"@id\":\"https:\/\/www.libri.de\/fr\/#\/schema\/logo\/image\/\",\"url\":\"https:\/\/188.64.195.32\/wp-content\/uploads\/2022\/04\/libri_logo-1.jpg\",\"contentUrl\":\"https:\/\/188.64.195.32\/wp-content\/uploads\/2022\/04\/libri_logo-1.jpg\",\"width\":2000,\"height\":1000,\"caption\":\"Libri\"},\"image\":{\"@id\":\"https:\/\/www.libri.de\/fr\/#\/schema\/logo\/image\/\"},\"sameAs\":[\"https:\/\/www.facebook.com\/libribarsortiment\",\"https:\/\/www.instagram.com\/libri.barsortiment\",\"https:\/\/www.linkedin.com\/company\/libri-gmbh\"]}]}<\/script>\n<!-- \/ Yoast SEO plugin. -->","yoast_head_json":{"title":"Press | Libri GmbH","robots":{"index":"index","follow":"follow","max-snippet":"max-snippet:-1","max-image-preview":"max-image-preview:large","max-video-preview":"max-video-preview:-1"},"canonical":"https:\/\/www.libri.de\/en\/press\/","og_locale":"en_US","og_type":"article","og_title":"Press | Libri GmbH","og_url":"https:\/\/www.libri.de\/en\/press\/","og_site_name":"Libri GmbH","article_publisher":"https:\/\/www.facebook.com\/libribarsortiment","article_modified_time":"2022-05-04T12:56:05+00:00","og_image":[{"width":1990,"height":1100,"url":"https:\/\/www.libri.de\/wp-content\/uploads\/2021\/12\/Beitragsbild_Libri_mittelblau.jpg","type":"image\/jpeg"}],"twitter_card":"summary_large_image","schema":{"@context":"https:\/\/schema.org","@graph":[{"@type":"WebPage","@id":"https:\/\/www.libri.de\/en\/press\/","url":"https:\/\/www.libri.de\/en\/press\/","name":"Press | Libri GmbH","isPartOf":{"@id":"https:\/\/www.libri.de\/fr\/#website"},"primaryImageOfPage":{"@id":"https:\/\/www.libri.de\/en\/press\/#primaryimage"},"image":{"@id":"https:\/\/www.libri.de\/en\/press\/#primaryimage"},"thumbnailUrl":"https:\/\/www.libri.de\/wp-content\/uploads\/2021\/12\/Beitragsbild_Libri_mittelblau.jpg","datePublished":"2021-12-01T16:13:52+00:00","dateModified":"2022-05-04T12:56:05+00:00","breadcrumb":{"@id":"https:\/\/www.libri.de\/en\/press\/#breadcrumb"},"inLanguage":"en-US","potentialAction":[{"@type":"ReadAction","target":["https:\/\/www.libri.de\/en\/press\/"]}]},{"@type":"ImageObject","inLanguage":"en-US","@id":"https:\/\/www.libri.de\/en\/press\/#primaryimage","url":"https:\/\/www.libri.de\/wp-content\/uploads\/2021\/12\/Beitragsbild_Libri_mittelblau.jpg","contentUrl":"https:\/\/www.libri.de\/wp-content\/uploads\/2021\/12\/Beitragsbild_Libri_mittelblau.jpg","width":1990,"height":1100},{"@type":"BreadcrumbList","@id":"https:\/\/www.libri.de\/en\/press\/#breadcrumb","itemListElement":[{"@type":"ListItem","position":1,"name":"Home","item":"https:\/\/www.libri.de\/en\/"},{"@type":"ListItem","position":2,"name":"Press"}]},{"@type":"WebSite","@id":"https:\/\/www.libri.de\/fr\/#website","url":"https:\/\/www.libri.de\/fr\/","name":"Libri GmbH","description":"Barsortiment und Gro\u00dfhandel f\u00fcr B\u00fccher und andere Medien","publisher":{"@id":"https:\/\/www.libri.de\/fr\/#organization"},"potentialAction":[{"@type":"SearchAction","target":{"@type":"EntryPoint","urlTemplate":"https:\/\/www.libri.de\/fr\/?s={search_term_string}"},"query-input":{"@type":"PropertyValueSpecification","valueRequired":true,"valueName":"search_term_string"}}],"inLanguage":"en-US"},{"@type":"Organization","@id":"https:\/\/www.libri.de\/fr\/#organization","name":"Libri","url":"https:\/\/www.libri.de\/fr\/","logo":{"@type":"ImageObject","inLanguage":"en-US","@id":"https:\/\/www.libri.de\/fr\/#\/schema\/logo\/image\/","url":"https:\/\/188.64.195.32\/wp-content\/uploads\/2022\/04\/libri_logo-1.jpg","contentUrl":"https:\/\/188.64.195.32\/wp-content\/uploads\/2022\/04\/libri_logo-1.jpg","width":2000,"height":1000,"caption":"Libri"},"image":{"@id":"https:\/\/www.libri.de\/fr\/#\/schema\/logo\/image\/"},"sameAs":["https:\/\/www.facebook.com\/libribarsortiment","https:\/\/www.instagram.com\/libri.barsortiment","https:\/\/www.linkedin.com\/company\/libri-gmbh"]}]}},"_links":{"self":[{"href":"https:\/\/www.libri.de\/en\/wp-json\/wp\/v2\/pages\/34193","targetHints":{"allow":["GET"]}}],"collection":[{"href":"https:\/\/www.libri.de\/en\/wp-json\/wp\/v2\/pages"}],"about":[{"href":"https:\/\/www.libri.de\/en\/wp-json\/wp\/v2\/types\/page"}],"author":[{"embeddable":true,"href":"https:\/\/www.libri.de\/en\/wp-json\/wp\/v2\/users\/10"}],"replies":[{"embeddable":true,"href":"https:\/\/www.libri.de\/en\/wp-json\/wp\/v2\/comments?post=34193"}],"version-history":[{"count":0,"href":"https:\/\/www.libri.de\/en\/wp-json\/wp\/v2\/pages\/34193\/revisions"}],"wp:featuredmedia":[{"embeddable":true,"href":"https:\/\/www.libri.de\/en\/wp-json\/wp\/v2\/media\/34895"}],"wp:attachment":[{"href":"https:\/\/www.libri.de\/en\/wp-json\/wp\/v2\/media?parent=34193"}],"curies":[{"name":"wp","href":"https:\/\/api.w.org\/{rel}","templated":true}]}}