{"id":28047,"date":"2021-09-29T05:31:39","date_gmt":"2021-09-29T03:31:39","guid":{"rendered":"https:\/\/www.libri.de\/?page_id=28047"},"modified":"2026-03-24T11:33:11","modified_gmt":"2026-03-24T09:33:11","slug":"home","status":"publish","type":"page","link":"https:\/\/www.libri.de\/en\/","title":{"rendered":"Home"},"content":{"rendered":"\r\n<div id=\"header-home-block_b2daea765f8abaf6b34e8fe90eab6a54\" class=\"block-header-home module bc-trans\">\r\n  \r\n\r\n  <h1>Libri<\/h1>\r\n\r\n  <div class=\"wrapper\">\r\n    <div class=\"slides d-flex\">\r\n\r\n                <div class=\"entry\">\r\n            <div class=\"header-image-wrapper\">\r\n              <img fetchpriority=\"high\" decoding=\"async\" width=\"1990\" height=\"1100\" src=\"https:\/\/www.libri.de\/wp-content\/uploads\/2021\/11\/Libri_Grosshandel_Barsortiment.jpg\" class=\"attachment-2048x2048 size-2048x2048\" alt=\"Gro\u00dfhandel Libri Lager\" draggable=\"false\" loading=\"eager\" srcset=\"https:\/\/www.libri.de\/wp-content\/uploads\/2021\/11\/Libri_Grosshandel_Barsortiment.jpg 1990w, https:\/\/www.libri.de\/wp-content\/uploads\/2021\/11\/Libri_Grosshandel_Barsortiment-300x166.jpg 300w, https:\/\/www.libri.de\/wp-content\/uploads\/2021\/11\/Libri_Grosshandel_Barsortiment-1024x566.jpg 1024w, https:\/\/www.libri.de\/wp-content\/uploads\/2021\/11\/Libri_Grosshandel_Barsortiment-768x425.jpg 768w, https:\/\/www.libri.de\/wp-content\/uploads\/2021\/11\/Libri_Grosshandel_Barsortiment-1536x849.jpg 1536w\" sizes=\"(max-width: 1990px) 100vw, 1990px\" \/>            <\/div>\r\n\r\n            <div class=\"header-text\">\r\n              <h2>The widest book range of wholesale trade<\/h2>\r\n              <h3>Libri offers you book wholesaler books, direct-from-publisher books and eBooks.<\/h3>\r\n              \r\n                              <a \r\n                  class=\"bttn-primary icn-no\" \r\n                  href=\"https:\/\/www.libri.de\/en\/for-traders\/wholesale-trade\/#book-wholesaler-articles\" \r\n                  target=\"_self\"\r\n                  >\r\n                  For traders wholesale trade                <\/a>\r\n                          <\/div>\r\n\r\n          <\/div>\r\n                  <div class=\"entry\">\r\n            <div class=\"header-image-wrapper\">\r\n              <img decoding=\"async\" width=\"1990\" height=\"1100\" src=\"https:\/\/www.libri.de\/wp-content\/uploads\/2021\/10\/Libri_Bad-Hersfel_Unternehmen.jpg\" class=\"attachment-2048x2048 size-2048x2048\" alt=\"Libri_Bad-Hersfel_Unternehmen\" draggable=\"false\" srcset=\"https:\/\/www.libri.de\/wp-content\/uploads\/2021\/10\/Libri_Bad-Hersfel_Unternehmen.jpg 1990w, https:\/\/www.libri.de\/wp-content\/uploads\/2021\/10\/Libri_Bad-Hersfel_Unternehmen-300x166.jpg 300w, https:\/\/www.libri.de\/wp-content\/uploads\/2021\/10\/Libri_Bad-Hersfel_Unternehmen-1024x566.jpg 1024w, https:\/\/www.libri.de\/wp-content\/uploads\/2021\/10\/Libri_Bad-Hersfel_Unternehmen-768x425.jpg 768w, https:\/\/www.libri.de\/wp-content\/uploads\/2021\/10\/Libri_Bad-Hersfel_Unternehmen-1536x849.jpg 1536w\" sizes=\"(max-width: 1990px) 100vw, 1990px\" \/>            <\/div>\r\n\r\n            <div class=\"header-text\">\r\n              <h2>Libri  \u2013 Your partner in success<\/h2>\r\n              <h3>Germany\u2019s leading book wholesaler is an indispensable trade partner to bookshops and publishers<\/h3>\r\n              \r\n                              <a \r\n                  class=\"bttn-primary icn-no\" \r\n                  href=\"https:\/\/www.libri.de\/en\/company\/\" \r\n                  target=\"_self\"\r\n                  >\r\n                  Company                <\/a>\r\n                          <\/div>\r\n\r\n          <\/div>\r\n                  <div class=\"entry\">\r\n            <div class=\"header-image-wrapper\">\r\n              <img decoding=\"async\" width=\"1000\" height=\"840\" src=\"https:\/\/www.libri.de\/wp-content\/uploads\/2024\/08\/Headergrafik-Website-Libri-Desktop-1000x840px.png\" class=\"attachment-2048x2048 size-2048x2048\" alt=\"tolino neuen eReader\" draggable=\"false\" srcset=\"https:\/\/www.libri.de\/wp-content\/uploads\/2024\/08\/Headergrafik-Website-Libri-Desktop-1000x840px.png 1000w, https:\/\/www.libri.de\/wp-content\/uploads\/2024\/08\/Headergrafik-Website-Libri-Desktop-1000x840px-300x252.png 300w, https:\/\/www.libri.de\/wp-content\/uploads\/2024\/08\/Headergrafik-Website-Libri-Desktop-1000x840px-768x645.png 768w\" sizes=\"(max-width: 1000px) 100vw, 1000px\" \/>            <\/div>\r\n\r\n            <div class=\"header-text\">\r\n              <h2>Your dependable partner in the tolino alliance<\/h2>\r\n              <h3>Libri is the central content supplier for the tolino alliance <\/h3>\r\n              \r\n                              <a \r\n                  class=\"bttn-primary icn-no\" \r\n                  href=\"https:\/\/www.libri.de\/en\/your-dependable-partner-in-the-tolino-alliance\/\" \r\n                  target=\"_self\"\r\n                  >\r\n                  More                <\/a>\r\n                          <\/div>\r\n\r\n          <\/div>\r\n                  <div class=\"entry\">\r\n            <div class=\"header-image-wrapper\">\r\n              <img decoding=\"async\" width=\"1650\" height=\"910\" src=\"https:\/\/www.libri.de\/wp-content\/uploads\/2021\/12\/Contact_Customer_Help_Desk_Libri.jpg\" class=\"attachment-2048x2048 size-2048x2048\" alt=\"Ein Mann sitzt mit Headset vor einem Computer\" draggable=\"false\" srcset=\"https:\/\/www.libri.de\/wp-content\/uploads\/2021\/12\/Contact_Customer_Help_Desk_Libri.jpg 1650w, https:\/\/www.libri.de\/wp-content\/uploads\/2021\/12\/Contact_Customer_Help_Desk_Libri-300x165.jpg 300w, https:\/\/www.libri.de\/wp-content\/uploads\/2021\/12\/Contact_Customer_Help_Desk_Libri-1024x565.jpg 1024w, https:\/\/www.libri.de\/wp-content\/uploads\/2021\/12\/Contact_Customer_Help_Desk_Libri-768x424.jpg 768w, https:\/\/www.libri.de\/wp-content\/uploads\/2021\/12\/Contact_Customer_Help_Desk_Libri-1536x847.jpg 1536w\" sizes=\"(max-width: 1650px) 100vw, 1650px\" \/>            <\/div>\r\n\r\n            <div class=\"header-text\">\r\n              <h2>Contact us!<\/h2>\r\n              <h3>Always available in person and on the phone<\/h3>\r\n              \r\n                              <a \r\n                  class=\"bttn-primary icn-no\" \r\n                  href=\"https:\/\/www.libri.de\/en\/contact\/\" \r\n                  target=\"_self\"\r\n                  >\r\n                  Contact                <\/a>\r\n                          <\/div>\r\n\r\n          <\/div>\r\n              \r\n    <\/div>\r\n\r\n    <div class=\"slider-indicator d-flex\">\r\n      <div class=\"slider-point active\" data-index=\"0\"><\/div><div class=\"slider-point\" data-index=\"1\"><\/div><div class=\"slider-point\" data-index=\"2\"><\/div><div class=\"slider-point\" data-index=\"3\"><\/div>    <\/div>\r\n  <\/div>\r\n\r\n<\/div>\n\n\r\n<div id=\"space-block_99585e4e178d981b5394780ad4159c06\" class=\"block-space module bc-trans\" style=\"height: 48px;\"><\/div>\n\n\r\n<div id=\"teaser-block_22a364ebc71dd83a81fe4cc82c75919b\" class=\"block-teaser module align-normal bc-trans\">\r\n\r\n  <div class=\"container\">\r\n\r\n    <div class=\"row flex-column-reverse flex-md-row justify-content-md-between align-items-md-center\">\r\n      <div class=\"col-12 col-md-custom text\">\r\n\r\n        <h3>About Libri<\/h3><p>With books, we humans experience the cultural diversity of the world. Libri delivers books quickly and reliably, connecting publishers and retailers. Libri drives innovation. For the love of books and for the success of the book industry.<br \/>\r\n<br \/>\r\nWe want to deliver cultural diversity &#8211; now and in the future.<\/p>\r\n        \r\n      <\/div>\r\n\r\n      <div class=\"col-12 col-md-custom image ratio-1-1\">\r\n        <img decoding=\"async\" width=\"1990\" height=\"1100\" src=\"https:\/\/www.libri.de\/wp-content\/uploads\/2021\/10\/Libri_Bad-Hersfel_Unternehmen.jpg\" class=\"attachment-larges size-larges\" alt=\"Libri_Bad-Hersfel_Unternehmen\" srcset=\"https:\/\/www.libri.de\/wp-content\/uploads\/2021\/10\/Libri_Bad-Hersfel_Unternehmen.jpg 1990w, https:\/\/www.libri.de\/wp-content\/uploads\/2021\/10\/Libri_Bad-Hersfel_Unternehmen-300x166.jpg 300w, https:\/\/www.libri.de\/wp-content\/uploads\/2021\/10\/Libri_Bad-Hersfel_Unternehmen-1024x566.jpg 1024w, https:\/\/www.libri.de\/wp-content\/uploads\/2021\/10\/Libri_Bad-Hersfel_Unternehmen-768x425.jpg 768w, https:\/\/www.libri.de\/wp-content\/uploads\/2021\/10\/Libri_Bad-Hersfel_Unternehmen-1536x849.jpg 1536w\" sizes=\"(max-width: 1990px) 100vw, 1990px\" \/>      <\/div>\r\n    <\/div>\r\n  <\/div>\r\n<\/div>\r\n\r\n\n\n\r\n<div id=\"teaser-small-block_b7164d0fb7533d700b9b56ae61b0fd2c\" class=\"block-teaser-small bc-green-2\">\r\n\r\n  <div class=\"container\">\r\n\r\n    <a href=\"https:\/\/www.libri.de\/en\/sustainability-and-compliance\/\" target=\"\" class=\"d-flex align-items-center justify-content-center flex-column flex-md-row\">\r\n\r\n              <div class=\"icon\">\r\n          <img decoding=\"async\" width=\"76\" height=\"76\" src=\"https:\/\/www.libri.de\/wp-content\/uploads\/2021\/10\/tolino_icon_schwarz_Globe.svg\" class=\"attachment-thumbnail size-thumbnail\" alt=\"\" \/>        <\/div>\r\n      \r\n      <div class=\"text\">\r\n        <h3 class=\"title\">Sustainability and compliance<\/h3>\r\n        <p>Environmental protection, social responsibility, and compliance are key to our success.<\/p>      <\/div>\r\n\r\n      <div class=\"teaser-arrow\"><\/div>\r\n\r\n    <\/a>\r\n\r\n  <\/div>\r\n<\/div>\r\n\r\n\n\n\r\n<div id=\"teaser-small-block_c9148df01440e73eec7036f94c4c2622\" class=\"block-teaser-small bc-green-2\">\r\n\r\n  <div class=\"container\">\r\n\r\n    <a href=\"https:\/\/www.libri.de\/en\/downloads\/\" target=\"\" class=\"d-flex align-items-center justify-content-center flex-column flex-md-row\">\r\n\r\n              <div class=\"icon\">\r\n          <img decoding=\"async\" width=\"24\" height=\"24\" src=\"https:\/\/www.libri.de\/wp-content\/uploads\/2021\/11\/file_download_white_24dp.svg\" class=\"attachment-thumbnail size-thumbnail\" alt=\"\" \/>        <\/div>\r\n      \r\n      <div class=\"text\">\r\n        <h3 class=\"title\">Downloads<\/h3>\r\n        <p>Here you will find important documents clearly arranged for download.<\/p>      <\/div>\r\n\r\n      <div class=\"teaser-arrow\"><\/div>\r\n\r\n    <\/a>\r\n\r\n  <\/div>\r\n<\/div>\r\n\r\n\n\n\r\n<div id=\"teaser-small-block_e0f3515ab8a6519a0807a1aec2c8d8ca\" class=\"block-teaser-small bc-green-2\">\r\n\r\n  <div class=\"container\">\r\n\r\n    <a href=\"https:\/\/www.libri.de\/en\/contact\/\" target=\"\" class=\"d-flex align-items-center justify-content-center flex-column flex-md-row\">\r\n\r\n              <div class=\"icon\">\r\n          <img decoding=\"async\" width=\"24\" height=\"24\" src=\"https:\/\/www.libri.de\/wp-content\/uploads\/2021\/10\/people_white_24dp.svg\" class=\"attachment-thumbnail size-thumbnail\" alt=\"Libri Kontakt Icon\" \/>        <\/div>\r\n      \r\n      <div class=\"text\">\r\n        <h3 class=\"title\">Contact<\/h3>\r\n        <p>Do you have any questions about our daily cooperation, services and complaints? Please contact us! <\/p>      <\/div>\r\n\r\n      <div class=\"teaser-arrow\"><\/div>\r\n\r\n    <\/a>\r\n\r\n  <\/div>\r\n<\/div>\r\n\r\n","protected":false},"excerpt":{"rendered":"","protected":false},"author":1,"featured_media":0,"parent":0,"menu_order":0,"comment_status":"closed","ping_status":"closed","template":"","meta":{"_acf_changed":false,"footnotes":""},"class_list":["post-28047","page","type-page","status-publish","hentry"],"acf":[],"yoast_head":"<!-- This site is optimized with the Yoast SEO plugin v27.0 - https:\/\/yoast.com\/product\/yoast-seo-wordpress\/ -->\n<title>Home | Libri GmbH<\/title>\n<meta name=\"robots\" content=\"index, follow, max-snippet:-1, max-image-preview:large, max-video-preview:-1\" \/>\n<link rel=\"canonical\" href=\"https:\/\/www.libri.de\/en\/\" \/>\n<meta property=\"og:locale\" content=\"en_US\" \/>\n<meta property=\"og:type\" content=\"article\" \/>\n<meta property=\"og:title\" content=\"Home | Libri GmbH\" \/>\n<meta property=\"og:url\" content=\"https:\/\/www.libri.de\/en\/\" \/>\n<meta property=\"og:site_name\" content=\"Libri GmbH\" \/>\n<meta property=\"article:publisher\" content=\"https:\/\/www.facebook.com\/libribarsortiment\" \/>\n<meta property=\"article:modified_time\" content=\"2026-03-24T09:33:11+00:00\" \/>\n<meta name=\"twitter:card\" content=\"summary_large_image\" \/>\n<script type=\"application\/ld+json\" class=\"yoast-schema-graph\">{\"@context\":\"https:\/\/schema.org\",\"@graph\":[{\"@type\":\"WebPage\",\"@id\":\"https:\/\/www.libri.de\/en\/\",\"url\":\"https:\/\/www.libri.de\/en\/\",\"name\":\"Home | Libri GmbH\",\"isPartOf\":{\"@id\":\"https:\/\/www.libri.de\/fr\/#website\"},\"datePublished\":\"2021-09-29T03:31:39+00:00\",\"dateModified\":\"2026-03-24T09:33:11+00:00\",\"breadcrumb\":{\"@id\":\"https:\/\/www.libri.de\/en\/#breadcrumb\"},\"inLanguage\":\"en-US\",\"potentialAction\":[{\"@type\":\"ReadAction\",\"target\":[\"https:\/\/www.libri.de\/en\/\"]}]},{\"@type\":\"BreadcrumbList\",\"@id\":\"https:\/\/www.libri.de\/en\/#breadcrumb\",\"itemListElement\":[{\"@type\":\"ListItem\",\"position\":1,\"name\":\"Home\",\"item\":\"https:\/\/www.libri.de\/en\/\"},{\"@type\":\"ListItem\",\"position\":2,\"name\":\"Home\"}]},{\"@type\":\"WebSite\",\"@id\":\"https:\/\/www.libri.de\/fr\/#website\",\"url\":\"https:\/\/www.libri.de\/fr\/\",\"name\":\"Libri GmbH\",\"description\":\"Barsortiment und Gro\u00dfhandel f\u00fcr B\u00fccher und andere Medien\",\"publisher\":{\"@id\":\"https:\/\/www.libri.de\/fr\/#organization\"},\"potentialAction\":[{\"@type\":\"SearchAction\",\"target\":{\"@type\":\"EntryPoint\",\"urlTemplate\":\"https:\/\/www.libri.de\/fr\/?s={search_term_string}\"},\"query-input\":{\"@type\":\"PropertyValueSpecification\",\"valueRequired\":true,\"valueName\":\"search_term_string\"}}],\"inLanguage\":\"en-US\"},{\"@type\":\"Organization\",\"@id\":\"https:\/\/www.libri.de\/fr\/#organization\",\"name\":\"Libri\",\"url\":\"https:\/\/www.libri.de\/fr\/\",\"logo\":{\"@type\":\"ImageObject\",\"inLanguage\":\"en-US\",\"@id\":\"https:\/\/www.libri.de\/fr\/#\/schema\/logo\/image\/\",\"url\":\"https:\/\/188.64.195.32\/wp-content\/uploads\/2022\/04\/libri_logo-1.jpg\",\"contentUrl\":\"https:\/\/188.64.195.32\/wp-content\/uploads\/2022\/04\/libri_logo-1.jpg\",\"width\":2000,\"height\":1000,\"caption\":\"Libri\"},\"image\":{\"@id\":\"https:\/\/www.libri.de\/fr\/#\/schema\/logo\/image\/\"},\"sameAs\":[\"https:\/\/www.facebook.com\/libribarsortiment\",\"https:\/\/www.instagram.com\/libri.barsortiment\",\"https:\/\/www.linkedin.com\/company\/libri-gmbh\"]}]}<\/script>\n<!-- \/ Yoast SEO plugin. -->","yoast_head_json":{"title":"Home | Libri GmbH","robots":{"index":"index","follow":"follow","max-snippet":"max-snippet:-1","max-image-preview":"max-image-preview:large","max-video-preview":"max-video-preview:-1"},"canonical":"https:\/\/www.libri.de\/en\/","og_locale":"en_US","og_type":"article","og_title":"Home | Libri GmbH","og_url":"https:\/\/www.libri.de\/en\/","og_site_name":"Libri GmbH","article_publisher":"https:\/\/www.facebook.com\/libribarsortiment","article_modified_time":"2026-03-24T09:33:11+00:00","twitter_card":"summary_large_image","schema":{"@context":"https:\/\/schema.org","@graph":[{"@type":"WebPage","@id":"https:\/\/www.libri.de\/en\/","url":"https:\/\/www.libri.de\/en\/","name":"Home | Libri GmbH","isPartOf":{"@id":"https:\/\/www.libri.de\/fr\/#website"},"datePublished":"2021-09-29T03:31:39+00:00","dateModified":"2026-03-24T09:33:11+00:00","breadcrumb":{"@id":"https:\/\/www.libri.de\/en\/#breadcrumb"},"inLanguage":"en-US","potentialAction":[{"@type":"ReadAction","target":["https:\/\/www.libri.de\/en\/"]}]},{"@type":"BreadcrumbList","@id":"https:\/\/www.libri.de\/en\/#breadcrumb","itemListElement":[{"@type":"ListItem","position":1,"name":"Home","item":"https:\/\/www.libri.de\/en\/"},{"@type":"ListItem","position":2,"name":"Home"}]},{"@type":"WebSite","@id":"https:\/\/www.libri.de\/fr\/#website","url":"https:\/\/www.libri.de\/fr\/","name":"Libri GmbH","description":"Barsortiment und Gro\u00dfhandel f\u00fcr B\u00fccher und andere Medien","publisher":{"@id":"https:\/\/www.libri.de\/fr\/#organization"},"potentialAction":[{"@type":"SearchAction","target":{"@type":"EntryPoint","urlTemplate":"https:\/\/www.libri.de\/fr\/?s={search_term_string}"},"query-input":{"@type":"PropertyValueSpecification","valueRequired":true,"valueName":"search_term_string"}}],"inLanguage":"en-US"},{"@type":"Organization","@id":"https:\/\/www.libri.de\/fr\/#organization","name":"Libri","url":"https:\/\/www.libri.de\/fr\/","logo":{"@type":"ImageObject","inLanguage":"en-US","@id":"https:\/\/www.libri.de\/fr\/#\/schema\/logo\/image\/","url":"https:\/\/188.64.195.32\/wp-content\/uploads\/2022\/04\/libri_logo-1.jpg","contentUrl":"https:\/\/188.64.195.32\/wp-content\/uploads\/2022\/04\/libri_logo-1.jpg","width":2000,"height":1000,"caption":"Libri"},"image":{"@id":"https:\/\/www.libri.de\/fr\/#\/schema\/logo\/image\/"},"sameAs":["https:\/\/www.facebook.com\/libribarsortiment","https:\/\/www.instagram.com\/libri.barsortiment","https:\/\/www.linkedin.com\/company\/libri-gmbh"]}]}},"_links":{"self":[{"href":"https:\/\/www.libri.de\/en\/wp-json\/wp\/v2\/pages\/28047","targetHints":{"allow":["GET"]}}],"collection":[{"href":"https:\/\/www.libri.de\/en\/wp-json\/wp\/v2\/pages"}],"about":[{"href":"https:\/\/www.libri.de\/en\/wp-json\/wp\/v2\/types\/page"}],"author":[{"embeddable":true,"href":"https:\/\/www.libri.de\/en\/wp-json\/wp\/v2\/users\/1"}],"replies":[{"embeddable":true,"href":"https:\/\/www.libri.de\/en\/wp-json\/wp\/v2\/comments?post=28047"}],"version-history":[{"count":3,"href":"https:\/\/www.libri.de\/en\/wp-json\/wp\/v2\/pages\/28047\/revisions"}],"predecessor-version":[{"id":88841,"href":"https:\/\/www.libri.de\/en\/wp-json\/wp\/v2\/pages\/28047\/revisions\/88841"}],"wp:attachment":[{"href":"https:\/\/www.libri.de\/en\/wp-json\/wp\/v2\/media?parent=28047"}],"curies":[{"name":"wp","href":"https:\/\/api.w.org\/{rel}","templated":true}]}}