{"id":82669,"date":"2025-09-15T11:25:40","date_gmt":"2025-09-15T09:25:40","guid":{"rendered":"https:\/\/www.libri.de\/?page_id=82669"},"modified":"2025-10-07T15:46:25","modified_gmt":"2025-10-07T13:46:25","slug":"kontakt-nachhaltigkeit-und-compliance","status":"publish","type":"page","link":"https:\/\/www.libri.de\/de\/kontakt\/kontakt-nachhaltigkeit-und-compliance\/","title":{"rendered":"Nachhaltigkeit und Compliance Kontakte"},"content":{"rendered":"\r\n<div id=\"header-block_610420764815e19513cf8b4dfc993b57\" class=\"block-header module type-left-right bc-trans\">\r\n  <div class=\"container\">\r\n\r\n    <p id=\"breadcrumbs\"><span><span><a href=\"https:\/\/www.libri.de\/de\/\">Start<\/a><\/span><\/span><\/p>    \r\n    \r\n      \r\n      <div class=\"row\">\r\n        <div class=\"col-12 col-md-7 title\">\r\n          <h1 class=\"\">Nachhaltigkeit und Compliance<\/h1>\r\n        <\/div>\r\n\r\n        <div class=\"col-12 col-md-5 text\">\r\n          <p>F\u00fcr Fragen und Anregungen zu Nachhaltigkeit und Compliance stehen wir Ihnen gerne zur Verf\u00fcgung.<\/p>\r\n        <\/div>\r\n      <\/div>\r\n\r\n      \r\n  <\/div>\r\n<\/div>\r\n\r\n\n\n\r\n<div id=\"contacts-block_b539b7a24ad009089b21ea81ce2e3921\" class=\"block-contacts module\">\r\n  <div class=\"container\">\r\n    <div class=\"row\">\r\n      \r\n        <div class=\"col-12 col-md-6\">\r\n          <div class=\"d-flex align-items-center contacts-entry bc-green-2\">\r\n\r\n            <div class=\"image-wrapper\">\r\n              <div class=\"image\">\r\n                <img decoding=\"async\" width=\"24\" height=\"24\" src=\"https:\/\/www.libri.de\/wp-content\/uploads\/2021\/10\/people_white_24dp.svg\" class=\"attachment-thumbnail size-thumbnail\" alt=\"Libri Kontakt Icon\" \/>              <\/div>\r\n            <\/div>\r\n\r\n            <p class=\"info\">\r\n              Abteilung<br>              <b>Compliance<\/b><br>\r\n                                            <a href=\"mailto:compliance@libri.de\">compliance@libri.de<\/a>\r\n                          <\/p>\r\n\r\n          <\/div>\r\n        <\/div>  \r\n      \r\n      \r\n        <div class=\"col-12 col-md-6\">\r\n          <div class=\"d-flex align-items-center contacts-entry bc-green-2\">\r\n\r\n            <div class=\"image-wrapper\">\r\n              <div class=\"image\">\r\n                <img decoding=\"async\" width=\"24\" height=\"24\" src=\"https:\/\/www.libri.de\/wp-content\/uploads\/2021\/10\/people_white_24dp.svg\" class=\"attachment-thumbnail size-thumbnail\" alt=\"Libri Kontakt Icon\" \/>              <\/div>\r\n            <\/div>\r\n\r\n            <p class=\"info\">\r\n              Abteilung<br>              <b>Nachhaltigkeit<\/b><br>\r\n                                            <a href=\"mailto:Nachhaltigkeit@libri.de\">Nachhaltigkeit@libri.de<\/a>\r\n                          <\/p>\r\n\r\n          <\/div>\r\n        <\/div>  \r\n      \r\n          <\/div>\r\n  <\/div>\r\n<\/div>\r\n\r\n\n\n\r\n<div id=\"teaser-small-block_b640b627604c8595f521e3e4727272d4\" class=\"block-teaser-small bc-green-2\">\r\n\r\n  <div class=\"container\">\r\n\r\n    <a href=\"http:\/\/www.sicher-melden.de\/libri\" target=\"_blank\" class=\"d-flex align-items-center justify-content-center flex-column flex-md-row\">\r\n\r\n              <div class=\"icon\">\r\n          <img decoding=\"async\" width=\"24\" height=\"24\" src=\"https:\/\/www.libri.de\/wp-content\/uploads\/2021\/12\/report_white_24dp.svg\" class=\"attachment-thumbnail size-thumbnail\" alt=\"Hinweis Icon\" \/>        <\/div>\r\n      \r\n      <div class=\"text\">\r\n        <h3 class=\"title\">Hinweisgebersystem<\/h3>\r\n        <p>Sie m\u00f6chten Verst\u00f6\u00dfe gegen Gesetze oder interne Richtlinien melden? Dann nutzen Sie bitte unser Hinweisgebersystem.<\/p>      <\/div>\r\n\r\n      <div class=\"teaser-arrow\"><\/div>\r\n\r\n    <\/a>\r\n\r\n  <\/div>\r\n<\/div>\r\n\r\n\n\n\r\n<div id=\"text-block_0a6f3771dba3d444ff2dd870670b2ee2\" class=\"block-text module type-text bc-trans\">\r\n  <div class=\"container\">\r\n\r\n    \r\n      <div class=\"row \">\r\n\r\n        \r\n        <div class=\"col-12 col-md-10\">\r\n\r\n          \r\n          <div class=\"text for-box-js\">\r\n            <p>Sie sind bereits Kund*in von uns? Dann wenden Sie sich bitte an unseren <a href=\"https:\/\/www.libri.de\/de\/kontakt\/kundenservice\/\">Kundenservice<\/a>.<\/p>\n<p data-start=\"153\" data-end=\"296\">\n<p data-start=\"153\" data-end=\"296\"><strong>Als Lieferant*in wenden Sie sich bei Fragen zur Entwaldungsverordnung (EUDR) oder Produktsicherheitsverordnung (GPSR) bitte an die jeweils zust\u00e4ndigen Kontakte:<\/strong><\/p>\n          <\/div>\r\n\r\n          \r\n          \r\n        <\/div>\r\n        \r\n      <\/div>\r\n\r\n    \r\n  <\/div>\r\n<\/div>\r\n\r\n\n\n\r\n<div id=\"contacts-block_c0fb120f1f6e0e840f08d37910807c67\" class=\"block-contacts module\">\r\n  <div class=\"container\">\r\n    <div class=\"row\">\r\n      \r\n        <div class=\"col-12 col-md-6\">\r\n          <div class=\"d-flex align-items-center contacts-entry bc-green-2\">\r\n\r\n            <div class=\"image-wrapper\">\r\n              <div class=\"image\">\r\n                <img decoding=\"async\" width=\"24\" height=\"24\" src=\"https:\/\/www.libri.de\/wp-content\/uploads\/2021\/10\/people_white_24dp.svg\" class=\"attachment-thumbnail size-thumbnail\" alt=\"Libri Kontakt Icon\" \/>              <\/div>\r\n            <\/div>\r\n\r\n            <p class=\"info\">\r\n              Abteilung<br>              <b>EUDR<\/b><br>\r\n                                            <a href=\"mailto:EUDR@libri.de\">EUDR@libri.de<\/a>\r\n                          <\/p>\r\n\r\n          <\/div>\r\n        <\/div>  \r\n      \r\n      \r\n        <div class=\"col-12 col-md-6\">\r\n          <div class=\"d-flex align-items-center contacts-entry bc-green-2\">\r\n\r\n            <div class=\"image-wrapper\">\r\n              <div class=\"image\">\r\n                <img decoding=\"async\" width=\"24\" height=\"24\" src=\"https:\/\/www.libri.de\/wp-content\/uploads\/2021\/10\/people_white_24dp.svg\" class=\"attachment-thumbnail size-thumbnail\" alt=\"Libri Kontakt Icon\" \/>              <\/div>\r\n            <\/div>\r\n\r\n            <p class=\"info\">\r\n              Abteilung<br>              <b>GPSR<\/b><br>\r\n                                            <a href=\"mailto:GPSR@libri.de\">GPSR@libri.de<\/a>\r\n                          <\/p>\r\n\r\n          <\/div>\r\n        <\/div>  \r\n      \r\n          <\/div>\r\n  <\/div>\r\n<\/div>\r\n\r\n\n\n\r\n<div id=\"go-back-block_edb6f704c11ae491948fe99f6a637768\" class=\"block-go-back module bc-trans\">\r\n  <div class=\"container\">\r\n\r\n    <a href=\"javascript:history.back()\" class=\"bttn-secondary go-back-link\">\r\n      <span class=\"arrow-left\"><\/span>Zur\u00fcck zur \u00dcbersicht    <\/a>\r\n\r\n  <\/div>\r\n<\/div>\r\n\r\n","protected":false},"excerpt":{"rendered":"<p>Bei Fragen zu unseren Services f\u00fcr Online-Kund*innen und zu unseren Angeboten f\u00fcr Ihr Unternehmen au\u00dferhalb Deutschlands stehen wir Ihnen gern zur Verf\u00fcgung.<\/p>\n","protected":false},"author":33,"featured_media":34899,"parent":28259,"menu_order":0,"comment_status":"closed","ping_status":"closed","template":"","meta":{"_acf_changed":false,"footnotes":""},"class_list":["post-82669","page","type-page","status-publish","has-post-thumbnail","hentry"],"acf":[],"yoast_head":"<!-- This site is optimized with the Yoast SEO plugin v27.0 - https:\/\/yoast.com\/product\/yoast-seo-wordpress\/ -->\n<title>Nachhaltigkeit und Compliance Kontakte | Libri GmbH<\/title>\n<meta name=\"robots\" content=\"index, follow, max-snippet:-1, max-image-preview:large, max-video-preview:-1\" \/>\n<link rel=\"canonical\" href=\"https:\/\/www.libri.de\/de\/kontakt\/kontakt-nachhaltigkeit-und-compliance\/\" \/>\n<meta property=\"og:locale\" content=\"de_DE\" \/>\n<meta property=\"og:type\" content=\"article\" \/>\n<meta property=\"og:title\" content=\"Nachhaltigkeit und Compliance Kontakte | Libri GmbH\" \/>\n<meta property=\"og:description\" content=\"Bei Fragen zu unseren Services f\u00fcr Online-Kund*innen und zu unseren Angeboten f\u00fcr Ihr Unternehmen au\u00dferhalb Deutschlands stehen wir Ihnen gern zur Verf\u00fcgung.\" \/>\n<meta property=\"og:url\" content=\"https:\/\/www.libri.de\/de\/kontakt\/kontakt-nachhaltigkeit-und-compliance\/\" \/>\n<meta property=\"og:site_name\" content=\"Libri GmbH\" \/>\n<meta property=\"article:publisher\" content=\"https:\/\/www.facebook.com\/libribarsortiment\" \/>\n<meta property=\"article:modified_time\" content=\"2025-10-07T13:46:25+00:00\" \/>\n<meta property=\"og:image\" content=\"https:\/\/www.libri.de\/wp-content\/uploads\/2021\/12\/Beitragsbild_Libri_blau.jpg\" \/>\n\t<meta property=\"og:image:width\" content=\"1990\" \/>\n\t<meta property=\"og:image:height\" content=\"1100\" \/>\n\t<meta property=\"og:image:type\" content=\"image\/jpeg\" \/>\n<meta name=\"twitter:card\" content=\"summary_large_image\" \/>\n<meta name=\"twitter:label1\" content=\"Gesch\u00e4tzte Lesezeit\" \/>\n\t<meta name=\"twitter:data1\" content=\"1\u00a0Minute\" \/>\n<script type=\"application\/ld+json\" class=\"yoast-schema-graph\">{\"@context\":\"https:\/\/schema.org\",\"@graph\":[{\"@type\":\"WebPage\",\"@id\":\"https:\/\/www.libri.de\/de\/kontakt\/kontakt-nachhaltigkeit-und-compliance\/\",\"url\":\"https:\/\/www.libri.de\/de\/kontakt\/kontakt-nachhaltigkeit-und-compliance\/\",\"name\":\"Nachhaltigkeit und Compliance Kontakte | Libri GmbH\",\"isPartOf\":{\"@id\":\"https:\/\/www.libri.de\/fr\/#website\"},\"primaryImageOfPage\":{\"@id\":\"https:\/\/www.libri.de\/de\/kontakt\/kontakt-nachhaltigkeit-und-compliance\/#primaryimage\"},\"image\":{\"@id\":\"https:\/\/www.libri.de\/de\/kontakt\/kontakt-nachhaltigkeit-und-compliance\/#primaryimage\"},\"thumbnailUrl\":\"https:\/\/www.libri.de\/wp-content\/uploads\/2021\/12\/Beitragsbild_Libri_blau.jpg\",\"datePublished\":\"2025-09-15T09:25:40+00:00\",\"dateModified\":\"2025-10-07T13:46:25+00:00\",\"breadcrumb\":{\"@id\":\"https:\/\/www.libri.de\/de\/kontakt\/kontakt-nachhaltigkeit-und-compliance\/#breadcrumb\"},\"inLanguage\":\"de\",\"potentialAction\":[{\"@type\":\"ReadAction\",\"target\":[\"https:\/\/www.libri.de\/de\/kontakt\/kontakt-nachhaltigkeit-und-compliance\/\"]}]},{\"@type\":\"ImageObject\",\"inLanguage\":\"de\",\"@id\":\"https:\/\/www.libri.de\/de\/kontakt\/kontakt-nachhaltigkeit-und-compliance\/#primaryimage\",\"url\":\"https:\/\/www.libri.de\/wp-content\/uploads\/2021\/12\/Beitragsbild_Libri_blau.jpg\",\"contentUrl\":\"https:\/\/www.libri.de\/wp-content\/uploads\/2021\/12\/Beitragsbild_Libri_blau.jpg\",\"width\":1990,\"height\":1100},{\"@type\":\"BreadcrumbList\",\"@id\":\"https:\/\/www.libri.de\/de\/kontakt\/kontakt-nachhaltigkeit-und-compliance\/#breadcrumb\",\"itemListElement\":[{\"@type\":\"ListItem\",\"position\":1,\"name\":\"Start\",\"item\":\"https:\/\/www.libri.de\/de\/\"},{\"@type\":\"ListItem\",\"position\":2,\"name\":\"Kontakt\",\"item\":\"https:\/\/www.libri.de\/de\/kontakt\/\"},{\"@type\":\"ListItem\",\"position\":3,\"name\":\"Nachhaltigkeit und Compliance Kontakte\"}]},{\"@type\":\"WebSite\",\"@id\":\"https:\/\/www.libri.de\/fr\/#website\",\"url\":\"https:\/\/www.libri.de\/fr\/\",\"name\":\"Libri GmbH\",\"description\":\"Barsortiment und Gro\u00dfhandel f\u00fcr B\u00fccher und andere Medien\",\"publisher\":{\"@id\":\"https:\/\/www.libri.de\/fr\/#organization\"},\"potentialAction\":[{\"@type\":\"SearchAction\",\"target\":{\"@type\":\"EntryPoint\",\"urlTemplate\":\"https:\/\/www.libri.de\/fr\/?s={search_term_string}\"},\"query-input\":{\"@type\":\"PropertyValueSpecification\",\"valueRequired\":true,\"valueName\":\"search_term_string\"}}],\"inLanguage\":\"de\"},{\"@type\":\"Organization\",\"@id\":\"https:\/\/www.libri.de\/fr\/#organization\",\"name\":\"Libri\",\"url\":\"https:\/\/www.libri.de\/fr\/\",\"logo\":{\"@type\":\"ImageObject\",\"inLanguage\":\"de\",\"@id\":\"https:\/\/www.libri.de\/fr\/#\/schema\/logo\/image\/\",\"url\":\"https:\/\/188.64.195.32\/wp-content\/uploads\/2022\/04\/libri_logo-1.jpg\",\"contentUrl\":\"https:\/\/188.64.195.32\/wp-content\/uploads\/2022\/04\/libri_logo-1.jpg\",\"width\":2000,\"height\":1000,\"caption\":\"Libri\"},\"image\":{\"@id\":\"https:\/\/www.libri.de\/fr\/#\/schema\/logo\/image\/\"},\"sameAs\":[\"https:\/\/www.facebook.com\/libribarsortiment\",\"https:\/\/www.instagram.com\/libri.barsortiment\",\"https:\/\/www.linkedin.com\/company\/libri-gmbh\"]}]}<\/script>\n<!-- \/ Yoast SEO plugin. -->","yoast_head_json":{"title":"Nachhaltigkeit und Compliance Kontakte | Libri GmbH","robots":{"index":"index","follow":"follow","max-snippet":"max-snippet:-1","max-image-preview":"max-image-preview:large","max-video-preview":"max-video-preview:-1"},"canonical":"https:\/\/www.libri.de\/de\/kontakt\/kontakt-nachhaltigkeit-und-compliance\/","og_locale":"de_DE","og_type":"article","og_title":"Nachhaltigkeit und Compliance Kontakte | Libri GmbH","og_description":"Bei Fragen zu unseren Services f\u00fcr Online-Kund*innen und zu unseren Angeboten f\u00fcr Ihr Unternehmen au\u00dferhalb Deutschlands stehen wir Ihnen gern zur Verf\u00fcgung.","og_url":"https:\/\/www.libri.de\/de\/kontakt\/kontakt-nachhaltigkeit-und-compliance\/","og_site_name":"Libri GmbH","article_publisher":"https:\/\/www.facebook.com\/libribarsortiment","article_modified_time":"2025-10-07T13:46:25+00:00","og_image":[{"width":1990,"height":1100,"url":"https:\/\/www.libri.de\/wp-content\/uploads\/2021\/12\/Beitragsbild_Libri_blau.jpg","type":"image\/jpeg"}],"twitter_card":"summary_large_image","twitter_misc":{"Gesch\u00e4tzte Lesezeit":"1\u00a0Minute"},"schema":{"@context":"https:\/\/schema.org","@graph":[{"@type":"WebPage","@id":"https:\/\/www.libri.de\/de\/kontakt\/kontakt-nachhaltigkeit-und-compliance\/","url":"https:\/\/www.libri.de\/de\/kontakt\/kontakt-nachhaltigkeit-und-compliance\/","name":"Nachhaltigkeit und Compliance Kontakte | Libri GmbH","isPartOf":{"@id":"https:\/\/www.libri.de\/fr\/#website"},"primaryImageOfPage":{"@id":"https:\/\/www.libri.de\/de\/kontakt\/kontakt-nachhaltigkeit-und-compliance\/#primaryimage"},"image":{"@id":"https:\/\/www.libri.de\/de\/kontakt\/kontakt-nachhaltigkeit-und-compliance\/#primaryimage"},"thumbnailUrl":"https:\/\/www.libri.de\/wp-content\/uploads\/2021\/12\/Beitragsbild_Libri_blau.jpg","datePublished":"2025-09-15T09:25:40+00:00","dateModified":"2025-10-07T13:46:25+00:00","breadcrumb":{"@id":"https:\/\/www.libri.de\/de\/kontakt\/kontakt-nachhaltigkeit-und-compliance\/#breadcrumb"},"inLanguage":"de","potentialAction":[{"@type":"ReadAction","target":["https:\/\/www.libri.de\/de\/kontakt\/kontakt-nachhaltigkeit-und-compliance\/"]}]},{"@type":"ImageObject","inLanguage":"de","@id":"https:\/\/www.libri.de\/de\/kontakt\/kontakt-nachhaltigkeit-und-compliance\/#primaryimage","url":"https:\/\/www.libri.de\/wp-content\/uploads\/2021\/12\/Beitragsbild_Libri_blau.jpg","contentUrl":"https:\/\/www.libri.de\/wp-content\/uploads\/2021\/12\/Beitragsbild_Libri_blau.jpg","width":1990,"height":1100},{"@type":"BreadcrumbList","@id":"https:\/\/www.libri.de\/de\/kontakt\/kontakt-nachhaltigkeit-und-compliance\/#breadcrumb","itemListElement":[{"@type":"ListItem","position":1,"name":"Start","item":"https:\/\/www.libri.de\/de\/"},{"@type":"ListItem","position":2,"name":"Kontakt","item":"https:\/\/www.libri.de\/de\/kontakt\/"},{"@type":"ListItem","position":3,"name":"Nachhaltigkeit und Compliance Kontakte"}]},{"@type":"WebSite","@id":"https:\/\/www.libri.de\/fr\/#website","url":"https:\/\/www.libri.de\/fr\/","name":"Libri GmbH","description":"Barsortiment und Gro\u00dfhandel f\u00fcr B\u00fccher und andere Medien","publisher":{"@id":"https:\/\/www.libri.de\/fr\/#organization"},"potentialAction":[{"@type":"SearchAction","target":{"@type":"EntryPoint","urlTemplate":"https:\/\/www.libri.de\/fr\/?s={search_term_string}"},"query-input":{"@type":"PropertyValueSpecification","valueRequired":true,"valueName":"search_term_string"}}],"inLanguage":"de"},{"@type":"Organization","@id":"https:\/\/www.libri.de\/fr\/#organization","name":"Libri","url":"https:\/\/www.libri.de\/fr\/","logo":{"@type":"ImageObject","inLanguage":"de","@id":"https:\/\/www.libri.de\/fr\/#\/schema\/logo\/image\/","url":"https:\/\/188.64.195.32\/wp-content\/uploads\/2022\/04\/libri_logo-1.jpg","contentUrl":"https:\/\/188.64.195.32\/wp-content\/uploads\/2022\/04\/libri_logo-1.jpg","width":2000,"height":1000,"caption":"Libri"},"image":{"@id":"https:\/\/www.libri.de\/fr\/#\/schema\/logo\/image\/"},"sameAs":["https:\/\/www.facebook.com\/libribarsortiment","https:\/\/www.instagram.com\/libri.barsortiment","https:\/\/www.linkedin.com\/company\/libri-gmbh"]}]}},"_links":{"self":[{"href":"https:\/\/www.libri.de\/de\/wp-json\/wp\/v2\/pages\/82669","targetHints":{"allow":["GET"]}}],"collection":[{"href":"https:\/\/www.libri.de\/de\/wp-json\/wp\/v2\/pages"}],"about":[{"href":"https:\/\/www.libri.de\/de\/wp-json\/wp\/v2\/types\/page"}],"author":[{"embeddable":true,"href":"https:\/\/www.libri.de\/de\/wp-json\/wp\/v2\/users\/33"}],"replies":[{"embeddable":true,"href":"https:\/\/www.libri.de\/de\/wp-json\/wp\/v2\/comments?post=82669"}],"version-history":[{"count":3,"href":"https:\/\/www.libri.de\/de\/wp-json\/wp\/v2\/pages\/82669\/revisions"}],"predecessor-version":[{"id":83210,"href":"https:\/\/www.libri.de\/de\/wp-json\/wp\/v2\/pages\/82669\/revisions\/83210"}],"up":[{"embeddable":true,"href":"https:\/\/www.libri.de\/de\/wp-json\/wp\/v2\/pages\/28259"}],"wp:featuredmedia":[{"embeddable":true,"href":"https:\/\/www.libri.de\/de\/wp-json\/wp\/v2\/media\/34899"}],"wp:attachment":[{"href":"https:\/\/www.libri.de\/de\/wp-json\/wp\/v2\/media?parent=82669"}],"curies":[{"name":"wp","href":"https:\/\/api.w.org\/{rel}","templated":true}]}}