{"id":80097,"date":"2025-06-13T10:18:10","date_gmt":"2025-06-13T08:18:10","guid":{"rendered":"https:\/\/www.libri.de\/?page_id=80097"},"modified":"2025-12-03T11:43:13","modified_gmt":"2025-12-03T09:43:13","slug":"unternehmen","status":"publish","type":"page","link":"https:\/\/www.libri.de\/de\/unternehmen\/","title":{"rendered":"Unternehmen"},"content":{"rendered":"\r\n<div id=\"header-block_791eddd9dfd2ed5cdb0194368010a0df\" class=\"block-header module type-top-bottom bc-libri-blue c-white-imp\">\r\n  <div class=\"container\">\r\n\r\n    <p id=\"breadcrumbs\"><span><span><a href=\"https:\/\/www.libri.de\/de\/\">Start<\/a><\/span><\/span><\/p>    \r\n    \r\n      \r\n      <div class=\"row\">\r\n        <div class=\"col-12 col-md-10 title\">\r\n          <h1 class=\"\">Gemeinsam f\u00fcr das Buch<\/h1>\r\n        <\/div>\r\n\r\n        <div class=\"col-12 col-md-10 text\">\r\n          <p>Wie wir heute die Buchbranche weiterbringen \u2014 zuverl\u00e4ssig, zupackend und mit viel Liebe zum Lesen.<\/p>\r\n        <\/div>\r\n      <\/div>\r\n\r\n      \r\n  <\/div>\r\n<\/div>\r\n\r\n\n\n\r\n<div id=\"anchor-nav-block_dea4a3a59586763004048300df88b1dc\" class=\"block-anchor-nav module bc-libri-blue c-white-imp\"  >\r\n\r\n      <div class=\"container\"><div class=\"line\"><\/div><\/div>\r\n    \r\n    <div class=\"container\">\r\n      <div class=\"p-relative\">\r\n        <div class=\"arrow left\"><\/div>\r\n        <div class=\"arrow right\"><\/div>\r\n      <\/div>\r\n      <div class=\"overflow-x-auto\">\r\n        <div class=\"d-flex anchor-nav\" data-class=\"anchor-nav-entry\"><\/div>\r\n      <\/div>\r\n    <\/div>\r\n\r\n  <\/div>\r\n\r\n\n\n\r\n<div id=\"text-block_9cfeafaa45e6829977cc0841defcf1d5\" class=\"block-text module type-text bc-trans\">\r\n  <div class=\"container\">\r\n\r\n    \r\n      <div class=\"row \">\r\n\r\n        \r\n        <div class=\"col-12 col-md-10\">\r\n\r\n          \r\n          <div class=\"text for-box-js\">\r\n            <h2>Wir machen uns gemeinsam stark f\u00fcrs Buch.<\/h2>\n<p>\u201eGemeinsam f\u00fcr das Buch\u201c bedeutet auch, dass wir nicht stehenbleiben. Wir sind offen f\u00fcr neue Themen, Partnerschaften, Menschen und Kulturen. Wir h\u00f6ren nicht auf zu lernen und machen uns weiterhin f\u00fcr die Lesef\u00f6rderung in Deutschland stark. Im Austausch mit Ihnen treiben wir auch unsere weiteren Nachhaltigkeitsthemen voran.<\/p>\n          <\/div>\r\n\r\n          \r\n          \r\n        <\/div>\r\n        \r\n      <\/div>\r\n\r\n    \r\n  <\/div>\r\n<\/div>\r\n\r\n\n\n\r\n<div id=\"standort-hamburg\" class=\"block-anchor\" data-title=\"Standort Hamburg\" >\r\n\r\n  <\/div>\r\n\r\n\n\n\r\n<div id=\"text-block_06612559723550af71b989dafae1c9b7\" class=\"block-text module type-text bc-trans\">\r\n  <div class=\"container\">\r\n\r\n    \r\n      <div class=\"row \">\r\n\r\n        \r\n        <div class=\"col-12 col-md-10\">\r\n\r\n          \r\n          <div class=\"text for-box-js\">\r\n            <h3>Die Buchbranche weiterdenken.<br \/>\nIm t\u00e4glichen Dialog.<\/h3>\n          <\/div>\r\n\r\n          \r\n          \r\n        <\/div>\r\n        \r\n      <\/div>\r\n\r\n    \r\n  <\/div>\r\n<\/div>\r\n\r\n\n\n\r\n<div id=\"box-block_655f6458b13a50f23650f886ac6cd68a\" class=\"block-box type-quote\">\r\n\r\n  <div class=\"container\">\r\n    <div class=\"box-teaser\">\r\n      <div class=\"icon icon-quote\"><\/div>\r\n      <div class=\"text\">\r\n        <p data-start=\"0\" data-end=\"357\">Wenn Ihre Kund*innen gl\u00fccklich sind, haben wir alles richtig gemacht.\u00a0<strong>Kurz: Wir entwickeln uns \u2014 und das am liebsten gemeinsam mit Ihnen und Ihrer Kundschaft.<\/strong><\/p>\n      <\/div>\r\n          <\/div>\r\n  <\/div>\r\n<\/div>\r\n\r\n\n\n\r\n<div id=\"text-block_12d9bd57007deaff97e10b4515220160\" class=\"block-text module type-text bc-trans\">\r\n  <div class=\"container\">\r\n\r\n    \r\n      <div class=\"row \">\r\n\r\n        \r\n        <div class=\"col-12 col-md-10\">\r\n\r\n          \r\n          <div class=\"text for-box-js\">\r\n            <p>Am Standort der Libri Verwaltung in Hamburg arbeiten Kundenservice, Einkauf, Vertrieb, Marketing, Produktmanagement sowie die IT-Entwicklung im engen Dialog mit Buchhandel und Verlagen an intelligenten Services und Produkten f\u00fcr die Branche.<\/p>\n<p>Von hier aus werden auch beliebte Branchenevents wie der <a href=\"https:\/\/www.libri.de\/de\/fuer-den-handel\/libri-campus\/\" target=\"_blank\" rel=\"noopener\">Libri.Campus<\/a> organisiert und das <a href=\"https:\/\/www.libri.de\/de\/magazin\/\" target=\"_blank\" rel=\"noopener\">Libri.Magazin<\/a> realisiert.<\/p>\n          <\/div>\r\n\r\n          \r\n          \r\n        <\/div>\r\n        \r\n      <\/div>\r\n\r\n    \r\n  <\/div>\r\n<\/div>\r\n\r\n\n\n\r\n<div id=\"standort-bad-hersfeld\" class=\"block-anchor\" data-title=\"Standort Bad Hersfeld\" >\r\n\r\n  <\/div>\r\n\r\n\n\n\r\n<div id=\"text-block_128eaaa279eb30278b967879e5157c23\" class=\"block-text module type-text bc-trans\">\r\n  <div class=\"container\">\r\n\r\n    \r\n      <div class=\"row \">\r\n\r\n        \r\n        <div class=\"col-12 col-md-10\">\r\n\r\n          \r\n          <div class=\"text for-box-js\">\r\n            <h3>Modernste Logistikleistung f\u00fcr die Buchbranche<\/h3>\n          <\/div>\r\n\r\n          \r\n          \r\n        <\/div>\r\n        \r\n      <\/div>\r\n\r\n    \r\n  <\/div>\r\n<\/div>\r\n\r\n\n\n\r\n<div id=\"box-block_8b1bda4f58bef1d2ad47162410b3fa8b\" class=\"block-box type-info\">\r\n\r\n  <div class=\"container\">\r\n    <div class=\"box-teaser\">\r\n      <div class=\"icon icon-info\"><\/div>\r\n      <div class=\"text\">\r\n        <p>Wussten Sie, dass wir das <strong>gr\u00f6\u00dfte Titel-Angebot<\/strong> im deutschen Buchmarkt bieten und nahezu alle in den Buch- und Fachbuchhandlungen nachgefragten Titel durch unser Sortiment abdecken k\u00f6nnen?<\/p>\n      <\/div>\r\n          <\/div>\r\n  <\/div>\r\n<\/div>\r\n\r\n\n\n\r\n<div id=\"text-block_3346edfca4cba300e69138c100ce6dc7\" class=\"block-text module type-text bc-trans\">\r\n  <div class=\"container\">\r\n\r\n    \r\n      <div class=\"row \">\r\n\r\n        \r\n        <div class=\"col-12 col-md-10\">\r\n\r\n          \r\n          <div class=\"text for-box-js\">\r\n            <p>Libri verbindet modernste Logistik mit innovativer Print-on-Demand-Technologie, um B\u00fccher schnell, zuverl\u00e4ssig und in gr\u00f6\u00dfter Vielfalt verf\u00fcgbar zu machen. Vom Herzen Deutschlands in Bad Hersfeld beliefern wir \u00fcber 4.000 Buchhandlungen \u00fcber Nacht und unterst\u00fctzen Verlage mit effizienten IT- und Logistikl\u00f6sungen. Millionen Titel \u2013 deutschsprachig und international \u2013 sind jederzeit bestellbar, ohne \u00dcberproduktion oder unn\u00f6tige Lagerhaltung. So machen wir kulturelle Vielfalt sichtbar, schonen Ressourcen und bringen Leser*innen in direkten Kontakt mit der Welt der B\u00fccher.<\/p>\n          <\/div>\r\n\r\n          \r\n          \r\n        <\/div>\r\n        \r\n      <\/div>\r\n\r\n    \r\n  <\/div>\r\n<\/div>\r\n\r\n\n\n\r\n<div id=\"facts-block_2ab79a510dc112826abead86ad58321c\" class=\"block-facts module type-left-right no-icons bc-white\">\r\n  <div class=\"container\">\r\n\r\n    \r\n    <div class=\"row facts\">\r\n              <div class=\"col-12 col-md-4 fact\">\r\n\r\n          \r\n                          <h3 class=\"big-title h2\">15 Mio. Buchtitel<\/h3>\r\n            \r\n            \r\n          \r\n          \r\n                      <p>(gedruckte und digitale B\u00fccher) aus \u00fcber 5.500 Verlagen umfasst unser Katalog.<\/p>\r\n          \r\n          \r\n        <\/div>\r\n              <div class=\"col-12 col-md-4 fact\">\r\n\r\n          \r\n                          <h3 class=\"big-title h2\">Bis zu 700.000<\/h3>\r\n            \r\n            \r\n          \r\n          \r\n                      <p>B\u00fccher werden t\u00e4glich von uns ausgeliefert.<\/p>\r\n          \r\n          \r\n        <\/div>\r\n              <div class=\"col-12 col-md-4 fact\">\r\n\r\n          \r\n                          <h3 class=\"big-title h2\">Rund 5 Mio. eBooks<\/h3>\r\n            \r\n            \r\n          \r\n          \r\n                      <p>weist unser Katalog aus &#8211; das gr\u00f6\u00dfte eBook-Angebot in der DACH-Region.<\/p>\r\n          \r\n          \r\n        <\/div>\r\n          <\/div>\r\n  <\/div>\r\n<\/div>\r\n\r\n\n\n\r\n<div id=\"image-block_98f32700713953cef5e48ac82c2a84e7\" class=\"block-image module type-full bc-trans\">\r\n\r\n  \r\n    <img decoding=\"async\" width=\"1990\" height=\"1100\" src=\"https:\/\/www.libri.de\/wp-content\/uploads\/2021\/10\/Libri_Bad-Hersfel_Unternehmen.jpg\" class=\"attachment-2048x2048 size-2048x2048\" alt=\"Libri_Bad-Hersfel_Unternehmen\" srcset=\"https:\/\/www.libri.de\/wp-content\/uploads\/2021\/10\/Libri_Bad-Hersfel_Unternehmen.jpg 1990w, https:\/\/www.libri.de\/wp-content\/uploads\/2021\/10\/Libri_Bad-Hersfel_Unternehmen-300x166.jpg 300w, https:\/\/www.libri.de\/wp-content\/uploads\/2021\/10\/Libri_Bad-Hersfel_Unternehmen-1024x566.jpg 1024w, https:\/\/www.libri.de\/wp-content\/uploads\/2021\/10\/Libri_Bad-Hersfel_Unternehmen-768x425.jpg 768w, https:\/\/www.libri.de\/wp-content\/uploads\/2021\/10\/Libri_Bad-Hersfel_Unternehmen-1536x849.jpg 1536w\" sizes=\"(max-width: 1990px) 100vw, 1990px\" \/>\r\n   \r\n  \r\n<\/div>\r\n\r\n\n\n\r\n<div id=\"magazine-block_a1f0984a285db1e8fb898af8969c3a3f\" class=\"block-magazine module bc-green-2\">\r\n  <div class=\"container\">\r\n\r\n    <div class=\"title d-md-flex justify-content-between align-items-end\">\r\n      <h2 class=\"h3\">Impulse aus dem Libri.Magazin<\/h2>\r\n      <a class=\"more-link\" href=\"https:\/\/www.libri.de\/de\/magazin\/\" target=\"_self\">Mehr entdecken &gt;<\/a>\r\n    <\/div>\r\n    \r\n    <div class=\"row\">\r\n\r\n      \r\n        <a class=\"col-md-4 post hover-zoom\" href=\"https:\/\/www.libri.de\/de\/magazin\/dem-buchhandels-traum-auf-die-spruenge-helfen\/\" target=\"_self\">\r\n\r\n          <div class=\"image a-hover-zoom\"><img decoding=\"async\" width=\"768\" height=\"363\" src=\"https:\/\/www.libri.de\/wp-content\/uploads\/2026\/03\/Banner-Magazin-Beitrag-768x363.png\" class=\"attachment-medium_large size-medium_large wp-post-image\" alt=\"Innenansicht einer einladenden Buchhandlung mit der Besitzerin am t\u00fcrkisfarbenen Verkaufstresen, darauf B\u00fccher und Postkarten. Regale voller B\u00fccher und Pflanzen schm\u00fccken den Raum, der helle, moderne Einrichtung und dekorative Beleuchtung bietet. Ein Einblick in die Vielfalt und Kreativit\u00e4t der Buchhandlung.\" srcset=\"https:\/\/www.libri.de\/wp-content\/uploads\/2026\/03\/Banner-Magazin-Beitrag-768x363.png 768w, https:\/\/www.libri.de\/wp-content\/uploads\/2026\/03\/Banner-Magazin-Beitrag-300x142.png 300w, https:\/\/www.libri.de\/wp-content\/uploads\/2026\/03\/Banner-Magazin-Beitrag-1024x484.png 1024w, https:\/\/www.libri.de\/wp-content\/uploads\/2026\/03\/Banner-Magazin-Beitrag-1536x726.png 1536w, https:\/\/www.libri.de\/wp-content\/uploads\/2026\/03\/Banner-Magazin-Beitrag.png 1988w\" sizes=\"(max-width: 768px) 100vw, 768px\" \/><\/div>\r\n          <div class=\"text\">\r\n            <span class=\"date\">\r\n              25.03.2026            <\/span><span class=\"reading-time\">Lesedauer 5 Min<\/span><span class=\"reading-time-mobile\">5 Min<\/span>\r\n            <h3 class=\"post-title h4\">Dem Buchhandels-Traum auf die Spr\u00fcnge helfen<\/h3>\r\n          <\/div>\r\n        <\/a>\r\n        \r\n      \r\n        <a class=\"col-md-4 post hover-zoom\" href=\"https:\/\/www.libri.de\/de\/magazin\/shopline-endkundenumfrage\/\" target=\"_self\">\r\n\r\n          <div class=\"image a-hover-zoom\"><img decoding=\"async\" width=\"768\" height=\"363\" src=\"https:\/\/www.libri.de\/wp-content\/uploads\/2026\/02\/2026_Shopline_B2C-Umfrage_magazin-header_v3.png-768x363.png\" class=\"attachment-medium_large size-medium_large wp-post-image\" alt=\"\" srcset=\"https:\/\/www.libri.de\/wp-content\/uploads\/2026\/02\/2026_Shopline_B2C-Umfrage_magazin-header_v3.png-768x363.png 768w, https:\/\/www.libri.de\/wp-content\/uploads\/2026\/02\/2026_Shopline_B2C-Umfrage_magazin-header_v3.png-300x142.png 300w, https:\/\/www.libri.de\/wp-content\/uploads\/2026\/02\/2026_Shopline_B2C-Umfrage_magazin-header_v3.png-1024x484.png 1024w, https:\/\/www.libri.de\/wp-content\/uploads\/2026\/02\/2026_Shopline_B2C-Umfrage_magazin-header_v3.png-1536x726.png 1536w, https:\/\/www.libri.de\/wp-content\/uploads\/2026\/02\/2026_Shopline_B2C-Umfrage_magazin-header_v3.png.png 1988w\" sizes=\"(max-width: 768px) 100vw, 768px\" \/><\/div>\r\n          <div class=\"text\">\r\n            <span class=\"date\">\r\n              25.02.2026            <\/span><span class=\"reading-time\">Lesedauer 5 Min<\/span><span class=\"reading-time-mobile\">5 Min<\/span>\r\n            <h3 class=\"post-title h4\">Libri.Shopline punktet bei Endkund*innen<\/h3>\r\n          <\/div>\r\n        <\/a>\r\n        \r\n      \r\n        <a class=\"col-md-4 post hover-zoom\" href=\"https:\/\/www.libri.de\/de\/magazin\/neugierige-vor-libri-campus-live-2026\/\" target=\"_self\">\r\n\r\n          <div class=\"image a-hover-zoom\"><img decoding=\"async\" width=\"768\" height=\"363\" src=\"https:\/\/www.libri.de\/wp-content\/uploads\/2026\/02\/Banner-Magazinbeitrag-2-768x363.png\" class=\"attachment-medium_large size-medium_large wp-post-image\" alt=\"\" srcset=\"https:\/\/www.libri.de\/wp-content\/uploads\/2026\/02\/Banner-Magazinbeitrag-2-768x363.png 768w, https:\/\/www.libri.de\/wp-content\/uploads\/2026\/02\/Banner-Magazinbeitrag-2-300x142.png 300w, https:\/\/www.libri.de\/wp-content\/uploads\/2026\/02\/Banner-Magazinbeitrag-2-1024x484.png 1024w, https:\/\/www.libri.de\/wp-content\/uploads\/2026\/02\/Banner-Magazinbeitrag-2-1536x726.png 1536w, https:\/\/www.libri.de\/wp-content\/uploads\/2026\/02\/Banner-Magazinbeitrag-2.png 1988w\" sizes=\"(max-width: 768px) 100vw, 768px\" \/><\/div>\r\n          <div class=\"text\">\r\n            <span class=\"date\">\r\n              12.02.2026            <\/span><span class=\"reading-time\">Lesedauer 5 Min<\/span><span class=\"reading-time-mobile\">5 Min<\/span>\r\n            <h3 class=\"post-title h4\">Neugierige vor! Libri.Campus live 2026<\/h3>\r\n          <\/div>\r\n        <\/a>\r\n        \r\n          <\/div>\r\n\r\n  <\/div>\r\n<\/div>\r\n\r\n\n\n\r\n<div id=\"go-back-block_6ea5ae47d25e148e86a3ccfc9ae8b8c3\" class=\"block-go-back module bc-trans\">\r\n  <div class=\"container\">\r\n\r\n    <a href=\"javascript:history.back()\" class=\"bttn-secondary go-back-link\">\r\n      <span class=\"arrow-left\"><\/span>Zur\u00fcck zur \u00dcbersicht    <\/a>\r\n\r\n  <\/div>\r\n<\/div>\r\n\r\n","protected":false},"excerpt":{"rendered":"","protected":false},"author":33,"featured_media":28819,"parent":0,"menu_order":0,"comment_status":"closed","ping_status":"closed","template":"","meta":{"_acf_changed":false,"footnotes":""},"class_list":["post-80097","page","type-page","status-publish","has-post-thumbnail","hentry"],"acf":[],"yoast_head":"<!-- This site is optimized with the Yoast SEO plugin v27.0 - https:\/\/yoast.com\/product\/yoast-seo-wordpress\/ -->\n<title>Unternehmen | Libri GmbH<\/title>\n<meta name=\"description\" content=\"Als f\u00fchrender Buchgro\u00dfh\u00e4ndler macht Libri B\u00fccher schnell und zuverl\u00e4ssig mit modernster Logistik &amp; Print-on-Demand-Technologie verf\u00fcgbar.\" \/>\n<meta name=\"robots\" content=\"index, follow, max-snippet:-1, max-image-preview:large, max-video-preview:-1\" \/>\n<link rel=\"canonical\" href=\"https:\/\/www.libri.de\/de\/unternehmen\/\" \/>\n<meta property=\"og:locale\" content=\"de_DE\" \/>\n<meta property=\"og:type\" content=\"article\" \/>\n<meta property=\"og:title\" content=\"Unternehmen | Libri GmbH\" \/>\n<meta property=\"og:description\" content=\"Als f\u00fchrender Buchgro\u00dfh\u00e4ndler macht Libri B\u00fccher schnell und zuverl\u00e4ssig mit modernster Logistik &amp; Print-on-Demand-Technologie verf\u00fcgbar.\" \/>\n<meta property=\"og:url\" content=\"https:\/\/www.libri.de\/de\/unternehmen\/\" \/>\n<meta property=\"og:site_name\" content=\"Libri GmbH\" \/>\n<meta property=\"article:publisher\" content=\"https:\/\/www.facebook.com\/libribarsortiment\" \/>\n<meta property=\"article:modified_time\" content=\"2025-12-03T09:43:13+00:00\" \/>\n<meta property=\"og:image\" content=\"https:\/\/www.libri.de\/wp-content\/uploads\/2021\/10\/Libri_Photovoltaik-Bad-Hersfeld.jpg\" \/>\n\t<meta property=\"og:image:width\" content=\"1650\" \/>\n\t<meta property=\"og:image:height\" content=\"910\" \/>\n\t<meta property=\"og:image:type\" content=\"image\/jpeg\" \/>\n<meta name=\"twitter:card\" content=\"summary_large_image\" \/>\n<meta name=\"twitter:label1\" content=\"Gesch\u00e4tzte Lesezeit\" \/>\n\t<meta name=\"twitter:data1\" content=\"1\u00a0Minute\" \/>\n<script type=\"application\/ld+json\" class=\"yoast-schema-graph\">{\"@context\":\"https:\/\/schema.org\",\"@graph\":[{\"@type\":\"WebPage\",\"@id\":\"https:\/\/www.libri.de\/de\/unternehmen\/\",\"url\":\"https:\/\/www.libri.de\/de\/unternehmen\/\",\"name\":\"Unternehmen | Libri GmbH\",\"isPartOf\":{\"@id\":\"https:\/\/www.libri.de\/fr\/#website\"},\"primaryImageOfPage\":{\"@id\":\"https:\/\/www.libri.de\/de\/unternehmen\/#primaryimage\"},\"image\":{\"@id\":\"https:\/\/www.libri.de\/de\/unternehmen\/#primaryimage\"},\"thumbnailUrl\":\"https:\/\/www.libri.de\/wp-content\/uploads\/2021\/10\/Libri_Photovoltaik-Bad-Hersfeld.jpg\",\"datePublished\":\"2025-06-13T08:18:10+00:00\",\"dateModified\":\"2025-12-03T09:43:13+00:00\",\"description\":\"Als f\u00fchrender Buchgro\u00dfh\u00e4ndler macht Libri B\u00fccher schnell und zuverl\u00e4ssig mit modernster Logistik & Print-on-Demand-Technologie verf\u00fcgbar.\",\"breadcrumb\":{\"@id\":\"https:\/\/www.libri.de\/de\/unternehmen\/#breadcrumb\"},\"inLanguage\":\"de\",\"potentialAction\":[{\"@type\":\"ReadAction\",\"target\":[\"https:\/\/www.libri.de\/de\/unternehmen\/\"]}]},{\"@type\":\"ImageObject\",\"inLanguage\":\"de\",\"@id\":\"https:\/\/www.libri.de\/de\/unternehmen\/#primaryimage\",\"url\":\"https:\/\/www.libri.de\/wp-content\/uploads\/2021\/10\/Libri_Photovoltaik-Bad-Hersfeld.jpg\",\"contentUrl\":\"https:\/\/www.libri.de\/wp-content\/uploads\/2021\/10\/Libri_Photovoltaik-Bad-Hersfeld.jpg\",\"width\":1650,\"height\":910},{\"@type\":\"BreadcrumbList\",\"@id\":\"https:\/\/www.libri.de\/de\/unternehmen\/#breadcrumb\",\"itemListElement\":[{\"@type\":\"ListItem\",\"position\":1,\"name\":\"Start\",\"item\":\"https:\/\/www.libri.de\/de\/\"},{\"@type\":\"ListItem\",\"position\":2,\"name\":\"Unternehmen\"}]},{\"@type\":\"WebSite\",\"@id\":\"https:\/\/www.libri.de\/fr\/#website\",\"url\":\"https:\/\/www.libri.de\/fr\/\",\"name\":\"Libri GmbH\",\"description\":\"Barsortiment und Gro\u00dfhandel f\u00fcr B\u00fccher und andere Medien\",\"publisher\":{\"@id\":\"https:\/\/www.libri.de\/fr\/#organization\"},\"potentialAction\":[{\"@type\":\"SearchAction\",\"target\":{\"@type\":\"EntryPoint\",\"urlTemplate\":\"https:\/\/www.libri.de\/fr\/?s={search_term_string}\"},\"query-input\":{\"@type\":\"PropertyValueSpecification\",\"valueRequired\":true,\"valueName\":\"search_term_string\"}}],\"inLanguage\":\"de\"},{\"@type\":\"Organization\",\"@id\":\"https:\/\/www.libri.de\/fr\/#organization\",\"name\":\"Libri\",\"url\":\"https:\/\/www.libri.de\/fr\/\",\"logo\":{\"@type\":\"ImageObject\",\"inLanguage\":\"de\",\"@id\":\"https:\/\/www.libri.de\/fr\/#\/schema\/logo\/image\/\",\"url\":\"https:\/\/188.64.195.32\/wp-content\/uploads\/2022\/04\/libri_logo-1.jpg\",\"contentUrl\":\"https:\/\/188.64.195.32\/wp-content\/uploads\/2022\/04\/libri_logo-1.jpg\",\"width\":2000,\"height\":1000,\"caption\":\"Libri\"},\"image\":{\"@id\":\"https:\/\/www.libri.de\/fr\/#\/schema\/logo\/image\/\"},\"sameAs\":[\"https:\/\/www.facebook.com\/libribarsortiment\",\"https:\/\/www.instagram.com\/libri.barsortiment\",\"https:\/\/www.linkedin.com\/company\/libri-gmbh\"]}]}<\/script>\n<!-- \/ Yoast SEO plugin. -->","yoast_head_json":{"title":"Unternehmen | Libri GmbH","description":"Als f\u00fchrender Buchgro\u00dfh\u00e4ndler macht Libri B\u00fccher schnell und zuverl\u00e4ssig mit modernster Logistik & Print-on-Demand-Technologie verf\u00fcgbar.","robots":{"index":"index","follow":"follow","max-snippet":"max-snippet:-1","max-image-preview":"max-image-preview:large","max-video-preview":"max-video-preview:-1"},"canonical":"https:\/\/www.libri.de\/de\/unternehmen\/","og_locale":"de_DE","og_type":"article","og_title":"Unternehmen | Libri GmbH","og_description":"Als f\u00fchrender Buchgro\u00dfh\u00e4ndler macht Libri B\u00fccher schnell und zuverl\u00e4ssig mit modernster Logistik & Print-on-Demand-Technologie verf\u00fcgbar.","og_url":"https:\/\/www.libri.de\/de\/unternehmen\/","og_site_name":"Libri GmbH","article_publisher":"https:\/\/www.facebook.com\/libribarsortiment","article_modified_time":"2025-12-03T09:43:13+00:00","og_image":[{"width":1650,"height":910,"url":"https:\/\/www.libri.de\/wp-content\/uploads\/2021\/10\/Libri_Photovoltaik-Bad-Hersfeld.jpg","type":"image\/jpeg"}],"twitter_card":"summary_large_image","twitter_misc":{"Gesch\u00e4tzte Lesezeit":"1\u00a0Minute"},"schema":{"@context":"https:\/\/schema.org","@graph":[{"@type":"WebPage","@id":"https:\/\/www.libri.de\/de\/unternehmen\/","url":"https:\/\/www.libri.de\/de\/unternehmen\/","name":"Unternehmen | Libri GmbH","isPartOf":{"@id":"https:\/\/www.libri.de\/fr\/#website"},"primaryImageOfPage":{"@id":"https:\/\/www.libri.de\/de\/unternehmen\/#primaryimage"},"image":{"@id":"https:\/\/www.libri.de\/de\/unternehmen\/#primaryimage"},"thumbnailUrl":"https:\/\/www.libri.de\/wp-content\/uploads\/2021\/10\/Libri_Photovoltaik-Bad-Hersfeld.jpg","datePublished":"2025-06-13T08:18:10+00:00","dateModified":"2025-12-03T09:43:13+00:00","description":"Als f\u00fchrender Buchgro\u00dfh\u00e4ndler macht Libri B\u00fccher schnell und zuverl\u00e4ssig mit modernster Logistik & Print-on-Demand-Technologie verf\u00fcgbar.","breadcrumb":{"@id":"https:\/\/www.libri.de\/de\/unternehmen\/#breadcrumb"},"inLanguage":"de","potentialAction":[{"@type":"ReadAction","target":["https:\/\/www.libri.de\/de\/unternehmen\/"]}]},{"@type":"ImageObject","inLanguage":"de","@id":"https:\/\/www.libri.de\/de\/unternehmen\/#primaryimage","url":"https:\/\/www.libri.de\/wp-content\/uploads\/2021\/10\/Libri_Photovoltaik-Bad-Hersfeld.jpg","contentUrl":"https:\/\/www.libri.de\/wp-content\/uploads\/2021\/10\/Libri_Photovoltaik-Bad-Hersfeld.jpg","width":1650,"height":910},{"@type":"BreadcrumbList","@id":"https:\/\/www.libri.de\/de\/unternehmen\/#breadcrumb","itemListElement":[{"@type":"ListItem","position":1,"name":"Start","item":"https:\/\/www.libri.de\/de\/"},{"@type":"ListItem","position":2,"name":"Unternehmen"}]},{"@type":"WebSite","@id":"https:\/\/www.libri.de\/fr\/#website","url":"https:\/\/www.libri.de\/fr\/","name":"Libri GmbH","description":"Barsortiment und Gro\u00dfhandel f\u00fcr B\u00fccher und andere Medien","publisher":{"@id":"https:\/\/www.libri.de\/fr\/#organization"},"potentialAction":[{"@type":"SearchAction","target":{"@type":"EntryPoint","urlTemplate":"https:\/\/www.libri.de\/fr\/?s={search_term_string}"},"query-input":{"@type":"PropertyValueSpecification","valueRequired":true,"valueName":"search_term_string"}}],"inLanguage":"de"},{"@type":"Organization","@id":"https:\/\/www.libri.de\/fr\/#organization","name":"Libri","url":"https:\/\/www.libri.de\/fr\/","logo":{"@type":"ImageObject","inLanguage":"de","@id":"https:\/\/www.libri.de\/fr\/#\/schema\/logo\/image\/","url":"https:\/\/188.64.195.32\/wp-content\/uploads\/2022\/04\/libri_logo-1.jpg","contentUrl":"https:\/\/188.64.195.32\/wp-content\/uploads\/2022\/04\/libri_logo-1.jpg","width":2000,"height":1000,"caption":"Libri"},"image":{"@id":"https:\/\/www.libri.de\/fr\/#\/schema\/logo\/image\/"},"sameAs":["https:\/\/www.facebook.com\/libribarsortiment","https:\/\/www.instagram.com\/libri.barsortiment","https:\/\/www.linkedin.com\/company\/libri-gmbh"]}]}},"_links":{"self":[{"href":"https:\/\/www.libri.de\/de\/wp-json\/wp\/v2\/pages\/80097","targetHints":{"allow":["GET"]}}],"collection":[{"href":"https:\/\/www.libri.de\/de\/wp-json\/wp\/v2\/pages"}],"about":[{"href":"https:\/\/www.libri.de\/de\/wp-json\/wp\/v2\/types\/page"}],"author":[{"embeddable":true,"href":"https:\/\/www.libri.de\/de\/wp-json\/wp\/v2\/users\/33"}],"replies":[{"embeddable":true,"href":"https:\/\/www.libri.de\/de\/wp-json\/wp\/v2\/comments?post=80097"}],"version-history":[{"count":2,"href":"https:\/\/www.libri.de\/de\/wp-json\/wp\/v2\/pages\/80097\/revisions"}],"predecessor-version":[{"id":87395,"href":"https:\/\/www.libri.de\/de\/wp-json\/wp\/v2\/pages\/80097\/revisions\/87395"}],"wp:featuredmedia":[{"embeddable":true,"href":"https:\/\/www.libri.de\/de\/wp-json\/wp\/v2\/media\/28819"}],"wp:attachment":[{"href":"https:\/\/www.libri.de\/de\/wp-json\/wp\/v2\/media?parent=80097"}],"curies":[{"name":"wp","href":"https:\/\/api.w.org\/{rel}","templated":true}]}}