{"id":79792,"date":"2025-06-04T17:39:04","date_gmt":"2025-06-04T15:39:04","guid":{"rendered":"https:\/\/www.libri.de\/?page_id=79792"},"modified":"2025-06-05T08:31:21","modified_gmt":"2025-06-05T06:31:21","slug":"datenschutz-information-fuer-meetings-mittels-microsoft-teams","status":"publish","type":"page","link":"https:\/\/www.libri.de\/de\/datenschutz-information-fuer-meetings-mittels-microsoft-teams\/","title":{"rendered":"Datenschutzhinweis Microsoft Teams"},"content":{"rendered":"\r\n<div id=\"text-block_de32073ace41ba342a89a3e20aa57a95\" class=\"block-text module type-text bc-trans\">\r\n  <div class=\"container\">\r\n\r\n    \r\n      <div class=\"row \">\r\n\r\n        \r\n        <div class=\"col-12 col-md-10\">\r\n\r\n                      <h2 class=\"title\">Datenschutz-Information f\u00fcr Meetings mittels Microsoft Teams<\/h2>\r\n          \r\n          <div class=\"text for-box-js\">\r\n            <p>Die Einhaltung datenschutzrechtlicher Vorgaben hat einen hohen Stellenwert f\u00fcr uns. Nachfolgend m\u00f6chten wir Sie \u00fcber die Erhebung und Verarbeitung Ihrer personenbezogenen Daten informieren.<\/p>\n<h5>Verantwortlicher<\/h5>\n<p>Verantwortlicher f\u00fcr die Datenverarbeitung im Zusammenhang mit der Nutzung von Microsoft Teams ist das Unternehmen, von dem das Meeting initiiert wurde:<\/p>\n<p>&nbsp;<\/p>\n<p><strong>Libri GmbH<br \/>\n<\/strong>Friedensallee 273<br \/>\n22763 Hamburg<br \/>\nTelefon: +49 40 853980<br \/>\nE-Mail: <a href=\"mailto:libri@libri.de\">libri@libri.de<\/a><\/p>\n<p>oder<\/p>\n<p><strong>Barsortiment K\u00f6nemann Vertriebs GmbH<br \/>\n<\/strong>Friedensallee 273<br \/>\n22763 Hamburg<br \/>\nTelefon: (02331) 6258-111<br \/>\nE-Mail: <a href=\"mailto:mail@koenemann-bs.de\">mail@koenemann-bs.de<\/a><\/p>\n<p>oder<\/p>\n<p><strong>BOOXpress GmbH<br \/>\n<\/strong>Friedensallee 273<br \/>\n22763 Hamburg<br \/>\nTelefon: +49 (0)40 853980<br \/>\nE-Mail: <a href=\"mailto:CVO@booxpress.de\">CVO@booxpress.de<\/a><\/p>\n<p>oder<\/p>\n<p><strong>Libri Plureos GmbH<br \/>\n<\/strong>Friedensallee 273<br \/>\n22763 Hamburg<\/p>\n<p>Sofern Sie die Webseite von \u201eTeams\u201c aufrufen, ist Microsoft Corporation als Anbieter von \u201eTeams\u201c f\u00fcr die Datenverarbeitung verantwortlich. Ein Aufruf der Webseite ist f\u00fcr die Nutzung von \u201eTeams\u201c jedoch nur erforderlich, um sich die Software f\u00fcr die Nutzung von \u201eTeams\u201c herunterzuladen. Sofern Sie die \u201eTeams\u201c-Software (App) nicht nutzen wollen oder k\u00f6nnen, k\u00f6nnen Sie \u201eTeams\u201c auch \u00fcber Ihren Browser nutzen. Der Dienst wird dann insoweit auch \u00fcber die Webseite von Microsoft Corporation erbracht.<\/p>\n          <\/div>\r\n\r\n          \r\n          \r\n        <\/div>\r\n        \r\n      <\/div>\r\n\r\n    \r\n  <\/div>\r\n<\/div>\r\n\r\n\n\n\r\n<div id=\"text-block_a234bcb691aa71ff13eb2e112470cbf3\" class=\"block-text module type-text bc-trans\">\r\n  <div class=\"container\">\r\n\r\n    \r\n      <div class=\"row \">\r\n\r\n        \r\n        <div class=\"col-12 col-md-10\">\r\n\r\n          \r\n          <div class=\"text for-box-js\">\r\n            <h3>Zweck und Rechtsgrundlage der Datenverarbeitung<\/h3>\n<h4>Datenverarbeitungen zur Teilnahme an dem Meeting<\/h4>\n<p>Zum Zweck der Planung, Organisation und Durchf\u00fchrung von digitalen Meetings werden personenbezogene Daten von Ihnen f\u00fcr die Organisation vor dem Meeting verarbeitet. Rechtsgrundlage daf\u00fcr ist das berechtigte Interesse gem\u00e4\u00df Art. 6 Abs. 1 S. 1 lit. f DSGVO an der ordnungsgem\u00e4\u00dfen Planung und Durchf\u00fchrung des digitalen Meetings.\u00a0 Die Einwahl erfolgt \u00fcber firmeninterne als auch externe (private) internetf\u00e4hige Endger\u00e4te.<\/p>\n<h4><strong>Datenverarbeitung bei dem Einsatz von Microsoft Teams<\/strong><\/h4>\n<p>Zur Durchf\u00fchrung von Telefonkonferenzen, Online-Meetings, Videokonferenzen und Webinaren (nachfolgend: \u201eOnline-Meetings\u201c) wird das Tool \u201eTeams\u201c des US-Anbieters Microsoft Corporation genutzt. Je nach Art und Umfang der Nutzung von \u201eTeams\u201c werden verschiedene Arten von Daten erhoben bzw. verarbeitet. Hierzu geh\u00f6ren insbesondere Angaben zu Ihrer Person (z.B. Vor- und Nachname, E-Mail-Adresse, Profilbild), Meeting-Metadaten (z.B. Datum, Uhrzeit und Dauer der Kommunikation, Name des Meetings, Teilnehmer-IP-Adresse), Text-, Audio- und Videodaten (z.B. Chatverl\u00e4ufe, Video- und Audiowiedergaben) sowie Verbindungsdaten (z.B. Rufnummern, L\u00e4ndernamen, Start- und Endzeiten, IP-Adressen).<\/p>\n<p>Als Besch\u00e4ftigtem steht Ihnen ggf. ein Benutzerkonto zur Verf\u00fcgung, mit dem Sie als \u201eBenutzer\u201c bzw. \u201eGastgeber\u201c Online-Meetings veranstalten und abhalten k\u00f6nnen. F\u00fcr die Erstellung Ihres Benutzerkontos bzw. zur Planung und Durchf\u00fchrung eines Online-Meetings werden u.a. folgende Daten von Ihnen erhoben bzw. verarbeitet: Name, Benutzername, E-Mail oder Telefonnummer, Passwort (wenn kein Single-Sign-On verwendet wird). Rechtsgrundlage f\u00fcr die Datenverarbeitung ist Art. 6 Abs. 1 S. 1 lit. b DSGVO bzw. Art. 88 DSGVO i.V.m. \u00a7\u00a026 Abs. 1 S. 1 BDSG, sofern und soweit die Durchf\u00fchrung von Online-Meetings f\u00fcr die Zwecke des Besch\u00e4ftigungsverh\u00e4ltnisses erforderlich ist.<\/p>\n<p>Nehmen Sie als Gast an einem Online-Meeting teil, erhalten Sie vom Gastgeber einen Zugangslink per E-Mail. Bei der Anmeldung zum Online-Meeting m\u00fcssen Sie sodann Ihren Namen und ggf. Ihre E-Maildresse angeben. Als Teilnehmer k\u00f6nnen Sie an Meetings direkt \u00fcber den Browser teilnehmen, ohne die Teams-App zu installieren. Die Datenverarbeitung erfolgt auf Grundlage von Art. 6 Abs. 1 S. 1 lit. b DSGVO, sofern Ihre Teilnahme am Online-Meeting zur Erf\u00fcllung eines mit Ihnen geschlossenen Vertrags erforderlich ist. Entsprechendes gilt, wenn die Durchf\u00fchrung des Online-Meetings zur Durchf\u00fchrung vorvertraglicher Ma\u00dfnahmen erforderlich ist, die auf Ihre Anfrage erfolgen.<\/p>\n<p>Daneben erhebt das Tool Benutzerdaten, die f\u00fcr die Bereitstellung sowie technische und betriebliche Unterst\u00fctzung und Verbesserungen der zur Verf\u00fcgung gestellten Dienste erforderlich sind. Hierzu geh\u00f6ren insbesondere technische Daten zu Ihren Ger\u00e4ten, Ihrem Netzwerk und Ihrer Internetverbindung, wie z.B. IP-Adresse, MAC-Adresse, andere Ger\u00e4te-IDs, Ger\u00e4tetyp, Betriebssystemtyp und -version, Client-Version, Kameratyp, Mikrofon und Lautsprecher oder Art der Verbindung.<\/p>\n<p>Die Bereitstellung der vorgenannten Daten ist zur Anmeldung und Teilnahme an dem Meeting erforderlich. Ohne Bereitstellung ist eine Teilnahme nicht m\u00f6glich.<\/p>\n<p>Weitere Angaben zu Ihrer Person k\u00f6nnen Sie machen, m\u00fcssen Sie aber nicht. Zudem steht es Ihnen frei, w\u00e4hrend des Online-Meetings die Chat-, Frage- oder Umfragefunktionen zu nutzen. Auch Ihre Kamera und Ihr Mikrofon k\u00f6nnen Sie selbst ein- und ab- bzw. stummschalten.<\/p>\n<p>Wenn Sie die Chat-, Frage- oder Umfragefunktion nutzen, werden die von Ihnen gemachten Texteingaben verarbeitet, um diese im \u201eOnline-Meeting\u201c anzuzeigen und ggf. zu protokollieren. Wenn Sie Ihre Kamera oder Ihr Mikrofon einschalten, werden f\u00fcr die Dauer des Meetings die Daten vom Mikrofon Ihres Endger\u00e4ts sowie von einer etwaigen Videokamera des Endger\u00e4ts verarbeitet. Bei Beginn von Online-Meetings sind Ihr Kamerabild und Ihr Mikrofon grunds\u00e4tzlich standardm\u00e4\u00dfig ausgeschaltet. Beachten Sie bitte, dass s\u00e4mtliche Informationen, die Sie oder andere w\u00e4hrend eines Online-Meetings hochladen, bereitstellen oder erstellen, zumindest f\u00fcr die Dauer des Meetings verarbeitet werden. Hierzu geh\u00f6ren insbesondere Chat-\/ Sofortnachrichten, Dateien, Whiteboards und andere Informationen, die w\u00e4hrend der Nutzung des Dienstes geteilt werden.<\/p>\n<p>Sofern die Datenverarbeitung im Zusammenhang mit der Nutzung von \u201eTeams\u201c weder f\u00fcr Zwecke des Besch\u00e4ftigungsverh\u00e4ltnisses noch zur Erf\u00fcllung eines mit Ihnen geschlossenen Vertrags bzw. zur Durchf\u00fchrung vorvertraglicher Ma\u00dfnahmen erforderlich ist, erfolgt sie auf Grundlage von Art. 6 Abs. 1 S. 1 lit. f DSGVO. Daten von Ansprechpartnern f\u00fcr ein Unternehmen oder eine Organisation verarbeiten wir auf Grundlage von Art. 6 Abs. 1 S. 1 lit. f DSGVO. Als Ansprechpartner k\u00f6nnen Sie dieser Verarbeitung jederzeit mit Wirkung f\u00fcr die Zukunft gem. Art. 21 DSGVO widersprechen.<\/p>\n<p>Um die Inhalte von Online-Meetings nachvollziehen zu k\u00f6nnen, f\u00fchren wir gegebenenfalls nach vorheriger Information der Teilnehmenden auch Aufzeichnungen von Meetings (Bild und Ton) durch oder nutzen die Transkriptionsfunktion, die in \u201eTeams\u201c integriert ist. Mithilfe dieser Funktion kann das im Online-Meeting gesprochene Wort direkt in Text umgewandelt werden, sodass ein Wortprotokoll entsteht. Sie werden vor Start einer Aufzeichnung oder Transkription \u00fcber deren Durchf\u00fchrung aufgekl\u00e4rt. Zus\u00e4tzlich wird bei Beginn der Aufzeichnung oder Transkription als auch bei deren Beendigung ein Hinweis in \u201eTeams\u201c eingeblendet. Im Anschluss an das Online-Meeting k\u00f6nnen Sie die Aufzeichnung oder das erstelle Wortprotokoll, sofern Sie \u00fcber ein eigenes Benutzerkonto in \u201eTeams\u201c verf\u00fcgen, einsehen. Sofern Sie \u00fcber kein eigenes Benutzerkonto verf\u00fcgen, gew\u00e4hren wir Ihnen gerne Zugriff auf Anfrage. Rechtsgrundlage f\u00fcr die Durchf\u00fchrung von Aufzeichnungen und Nutzung der Transkriptionsfunktion und die damit einhergehende Datenverarbeitung ist \u2013 sofern nicht vorab eine Einwilligung erteilt wurde \u2013 das berechtigte Interesse gem\u00e4\u00df Art. 6 Abs. 1 S. 1 lit. f DSGVO an einer sp\u00e4teren Nachvollziehbarkeit der Inhalte des Meetings.<\/p>\n<p>Im Rahmen von Aufzeichnungen und Transkriptionen kann nach vorheriger Information der Teilnehmenden auch der MS Copilot \u2013 ein Unterst\u00fctzungstool des Anbieters Microsoft Ireland Operations Limited mit K\u00fcnstlicher Intelligenz (KI) \u2013 zum Einsatz kommen. Es wird dabei zur Zusammenfassung von Meetings und zur Ableitung von Aufgaben eingesetzt. Sofern der Copilot daf\u00fcr herangezogen wird, erfolgt stets eine manuelle \u00dcberpr\u00fcfung der Zusammenfassung auf Korrektheit. Die Verarbeitung erfolgt \u2013 sofern nicht vorab eine Einwilligung erteilt wurde \u2013 auf Basis unseres berechtigten Interesses gem\u00e4\u00df Art. 6 Abs. 1 S. 1 lit. f DSGVO an einer Zeitersparnis bei der Erstellung von Meeting-Zusammenfassungen.<\/p>\n<p><strong>Hinsichtlich der Verarbeitung nach Art. 6 Abs. 1 S. 1 lit. f DSGVO steht Ihnen ein jederzeitiges Widerspruchsrecht zu. Wenden Sie sich hierf\u00fcr einfach an den Organisator des Meetings.<\/strong><\/p>\n<p>Weitere Informationen zur Verarbeitung Ihrer Daten bei Nutzung von \u201eTeams\u201c finden Sie unter: <a href=\"https:\/\/privacy.microsoft.com\/de-de\/privacystatement\">https:\/\/privacy.microsoft.com\/de-de\/privacystatement<\/a> und <a href=\"https:\/\/news.microsoft.com\/de-de\/datenschutz-und-sicherheit-in-microsoft-teams-nutzer\/\">https:\/\/news.microsoft.com\/de-de\/datenschutz-und-sicherheit-in-microsoft-teams-nutzer\/<\/a>.<\/p>\n<h3>Pflicht zur Bereitstellung Ihrer personenbezogenen Daten<\/h3>\n<p>Sie sind weder vertraglich noch gesetzlich dazu verpflichtet, Ihre Daten bereitzustellen. Stellen Sie Ihre Daten nicht bereit, k\u00f6nnen wir jedoch nicht mit Ihnen in Kontakt treten.<\/p>\n<h3>Speicherdauer\/Kriterien f\u00fcr die Festlegung der Speicherdauer<\/h3>\n<p>Wir verarbeiten Ihre Daten grunds\u00e4tzlich nur solange, wie sie f\u00fcr die Zwecke, f\u00fcr die sie erhoben worden sind, erforderlich sind. Danach werden Ihre Daten gel\u00f6scht, es sei denn, die Verarbeitung bzw. Speicherung Ihrer Daten ist zur Geltendmachung, Aus\u00fcbung oder Verteidigung von Rechtsanspr\u00fcchen erforderlich. Im Falle von gesetzlichen Aufbewahrungspflichten kommt eine L\u00f6schung erst nach Ablauf der jeweiligen Aufbewahrungspflicht in Betracht.<\/p>\n<p>Ihre Daten werden grunds\u00e4tzlich nach Ende des Meetings gel\u00f6scht. Steuerlich relevante Daten werden aufgrund gesetzlicher Aufbewahrungsfristen i.d.R. f\u00fcr 10 Jahre aufbewahrt.<\/p>\n<p>F\u00fcr die in Teams verarbeiteten Daten gelten dar\u00fcber hinaus folgende Speicher- bzw. L\u00f6schfristen:<\/p>\n<ul>\n<li>Alle Benutzerkontodaten werden grunds\u00e4tzlich nach Beendigung der Bereitstellung des Dienstes gel\u00f6scht.<\/li>\n<li>Sofern Sie als Benutzer \u00fcber ein Benutzerkonto verf\u00fcgen, k\u00f6nnen Sie Ihr Nutzungsprofil, einschlie\u00dflich der dort \u00fcber Sie gespeicherten Daten, jederzeit vollst\u00e4ndig l\u00f6schen.<\/li>\n<li>Admin-Benutzer im Konto des Verantwortlichen k\u00f6nnen Nutzungsprofile jedes Benutzers, einschlie\u00dflich der dort gespeicherten Daten jederzeit vollst\u00e4ndig l\u00f6schen.<\/li>\n<li>Medien, die zwischen Teilnehmern in einem \u201eMeeting-Raum\u201c gesendet werden, werden nicht gespeichert.<\/li>\n<li>Audio- und Videoinhalte werden im Stream verarbeitet und nicht gespeichert.<\/li>\n<li>Chat-Nachrichten werden nicht dauerhaft gespeichert.<\/li>\n<li>Gespeicherte technische Protokolle\/technische Diagnoseinformationen werden nach maximal 90 Tagen gel\u00f6scht oder anonymisiert.<\/li>\n<\/ul>\n<h3>Empf\u00e4nger Ihrer Daten<\/h3>\n<p>Wir \u00fcbermitteln Ihre Daten grunds\u00e4tzlich nicht an Dritte. Eine Weitergabe erfolgt nur, sofern die Daten gerade zur Weitergabe bestimmt sind, Sie vorher ausdr\u00fccklich in die \u00dcbermittlung eingewilligt haben oder wir aufgrund gesetzlicher Vorschriften hierzu verpflichtet bzw. berechtigt sind. Eine Datenweitergabe kann beispielsweise an andere Gesellschaften der Unternehmensgruppe zum Zwecke des Meetingmanagements oder zur steuerlichen Ber\u00fccksichtigung oder im Rahmen von EDV-Dienstleistungen erfolgen. Sofern verantwortliche Stelle die Barsortiment K\u00f6nemann Vertriebs GmbH, die BOOXpress GmbH oder die Libri Plureos GmbH ist, wird Microsoft Teams \u00fcber die Libri GmbH als Auftragsverarbeiter bereitgestellt. Es besteht ein Vertrag zur Auftragsverarbeitung gem\u00e4\u00df Art. 28 DSGVO. Die Libri GmbH wird wiederum im Rahmen eines Auftragsverarbeitungsvertrags mit dem Dienstleister itacs GmbH (Elisabeth-Schwarzhaupt-Platz 5, 10115 Berlin) bei der Administration von Teams unterst\u00fctzt.<\/p>\n<p>Bei der Verarbeitung Ihrer Daten unterst\u00fctzen uns die Microsoft Ireland Operations Ltd und die Microsoft Corporation als Dienstleister und (Unter-)Auftragsverarbeiter im Sinne des Art. 28 DSGVO streng weisungsgebunden. Hierbei kann nicht ausgeschlossen werden, dass Ihre Daten auch in Drittl\u00e4ndern au\u00dferhalb der EU bzw. des EWR verarbeitet werden. Im Hinblick auf diese Datentransfers ist ein angemessenes Datenschutzniveau durch den Angemessenheitsbeschluss der EU-Kommission f\u00fcr die USA (EU-U.S. Data Privacy Framework) gem\u00e4\u00df Art. 45 DSGVO gew\u00e4hrleistet. Ferner bestehen auch EU-Standardvertragsklauseln.<\/p>\n<h3>Ihre Datenschutzrechte<\/h3>\n<p>Sie haben das Recht, auf Antrag unentgeltlich Auskunft \u00fcber die zu Ihrer Person gespeicherten personenbezogenen Daten zu erhalten (Art. 15 Abs. 1 DSGVO). Zus\u00e4tzlich haben Sie bei Vorliegen der gesetzlichen Voraussetzungen ein Recht auf Berichtigung (Art. 16 DSGVO), L\u00f6schung (Art. 17 DSGVO) und Einschr\u00e4nkung der Verarbeitung (Art. 18 DSGVO) Ihrer personenbezogenen Daten sowie auf Daten\u00fcbertragbarkeit (Art. 20 DSGVO).<\/p>\n<p><strong>Sie haben das Recht, Ihre Einwilligung jederzeit mit Wirkung f\u00fcr die Zukunft zu widerrufen<\/strong>, wenn Ihre Daten auf Grundlage von Art. 6 Abs. 1 S. 1 lit. a) DSGVO verarbeitet werden. Bitte richten Sie den Widerruf an die E-Mail-Adresse der jeweils verantwortlichen Stelle (siehe \u201eVerantwortlicher\u201c).<\/p>\n<p><strong>Sie haben das Recht, gem\u00e4\u00df Art. 21 DSGVO Widerspruch gegen die Datenverarbeitung zu erheben<\/strong>, wenn Ihre Daten auf Grundlage von Art. 6 Abs. 1 S. 1 lit. f) DSGVO verarbeitet werden. Bitte richten Sie den Widerspruch an die E-Mail-Adresse der jeweils verantwortlichen Stelle (siehe \u201eVerantwortlicher\u201c).<\/p>\n<p>Sie haben gem. Art. 77 DSGVO das Recht auf Beschwerde bei einer Aufsichtsbeh\u00f6rde, wenn Sie der Ansicht sind, dass die Verarbeitung der Sie betreffenden Daten gegen datenschutzrechtliche Bestimmungen verst\u00f6\u00dft. Das Beschwerderecht kann insbesondere bei einer Aufsichtsbeh\u00f6rde in dem Mitgliedstaat Ihres gew\u00f6hnlichen Aufenthaltsorts, Ihres Arbeitsplatzes oder des Orts des mutma\u00dflichen Versto\u00dfes geltend gemacht werden.<\/p>\n<h3>Kontaktdaten der Datenschutzbeauftragten<\/h3>\n<p>Die externe Datenschutzbeauftragte steht Ihnen gerne f\u00fcr Ausk\u00fcnfte zum Thema Datenschutz unter folgenden Kontaktdaten zur Verf\u00fcgung:<\/p>\n<p><strong>datenschutz nord GmbH<br \/>\n<\/strong>Sechslingspforte 2<br \/>\n22087 Hamburg<br \/>\nWebsite: <a href=\"https:\/\/www.dsn-group.de\/\">https:\/\/www.dsn-group.de\/<\/a><br \/>\nE-Mail: <a href=\"mailto:office@datenschutz-nord.de\">office@datenschutz-nord.de<\/a><\/p>\n<p>Wenn Sie sich an unsere Datenschutzbeauftragten wenden, geben Sie hierbei bitte auch die jeweils verantwortliche Stelle an (siehe \u201eVerantwortlicher\u201c).<\/p>\n          <\/div>\r\n\r\n          \r\n          \r\n        <\/div>\r\n        \r\n      <\/div>\r\n\r\n    \r\n  <\/div>\r\n<\/div>\r\n\r\n\n\n\r\n<div id=\"teaser-small-block_0d7f01f193e2a46092a5cdf7e0f177b4\" class=\"block-teaser-small bc-green-2\">\r\n\r\n  <div class=\"container\">\r\n\r\n    <a href=\"#\" target=\"_self\" class=\"d-flex align-items-center justify-content-center flex-column flex-md-row\">\r\n\r\n              <div class=\"icon\"><\/div>\r\n      \r\n      <div class=\"text\">\r\n        <h3 class=\"title\"><\/h3>\r\n              <\/div>\r\n\r\n      <div class=\"teaser-arrow\"><\/div>\r\n\r\n    <\/a>\r\n\r\n  <\/div>\r\n<\/div>\r\n\r\n","protected":false},"excerpt":{"rendered":"","protected":false},"author":33,"featured_media":0,"parent":0,"menu_order":0,"comment_status":"closed","ping_status":"closed","template":"","meta":{"_acf_changed":false,"footnotes":""},"class_list":["post-79792","page","type-page","status-publish","hentry"],"acf":[],"yoast_head":"<!-- This site is optimized with the Yoast SEO plugin v27.0 - https:\/\/yoast.com\/product\/yoast-seo-wordpress\/ -->\n<title>Datenschutzhinweis Microsoft Teams | Libri GmbH<\/title>\n<meta name=\"robots\" content=\"index, follow, max-snippet:-1, max-image-preview:large, max-video-preview:-1\" \/>\n<link rel=\"canonical\" href=\"https:\/\/www.libri.de\/de\/datenschutz-information-fuer-meetings-mittels-microsoft-teams\/\" \/>\n<meta property=\"og:locale\" content=\"de_DE\" \/>\n<meta property=\"og:type\" content=\"article\" \/>\n<meta property=\"og:title\" content=\"Datenschutzhinweis Microsoft Teams | Libri GmbH\" \/>\n<meta property=\"og:url\" content=\"https:\/\/www.libri.de\/de\/datenschutz-information-fuer-meetings-mittels-microsoft-teams\/\" \/>\n<meta property=\"og:site_name\" content=\"Libri GmbH\" \/>\n<meta property=\"article:publisher\" content=\"https:\/\/www.facebook.com\/libribarsortiment\" \/>\n<meta property=\"article:modified_time\" content=\"2025-06-05T06:31:21+00:00\" \/>\n<meta name=\"twitter:card\" content=\"summary_large_image\" \/>\n<script type=\"application\/ld+json\" class=\"yoast-schema-graph\">{\"@context\":\"https:\/\/schema.org\",\"@graph\":[{\"@type\":\"WebPage\",\"@id\":\"https:\/\/www.libri.de\/de\/datenschutz-information-fuer-meetings-mittels-microsoft-teams\/\",\"url\":\"https:\/\/www.libri.de\/de\/datenschutz-information-fuer-meetings-mittels-microsoft-teams\/\",\"name\":\"Datenschutzhinweis Microsoft Teams | Libri GmbH\",\"isPartOf\":{\"@id\":\"https:\/\/www.libri.de\/fr\/#website\"},\"datePublished\":\"2025-06-04T15:39:04+00:00\",\"dateModified\":\"2025-06-05T06:31:21+00:00\",\"breadcrumb\":{\"@id\":\"https:\/\/www.libri.de\/de\/datenschutz-information-fuer-meetings-mittels-microsoft-teams\/#breadcrumb\"},\"inLanguage\":\"de\",\"potentialAction\":[{\"@type\":\"ReadAction\",\"target\":[\"https:\/\/www.libri.de\/de\/datenschutz-information-fuer-meetings-mittels-microsoft-teams\/\"]}]},{\"@type\":\"BreadcrumbList\",\"@id\":\"https:\/\/www.libri.de\/de\/datenschutz-information-fuer-meetings-mittels-microsoft-teams\/#breadcrumb\",\"itemListElement\":[{\"@type\":\"ListItem\",\"position\":1,\"name\":\"Start\",\"item\":\"https:\/\/www.libri.de\/de\/\"},{\"@type\":\"ListItem\",\"position\":2,\"name\":\"Datenschutzhinweis Microsoft Teams\"}]},{\"@type\":\"WebSite\",\"@id\":\"https:\/\/www.libri.de\/fr\/#website\",\"url\":\"https:\/\/www.libri.de\/fr\/\",\"name\":\"Libri GmbH\",\"description\":\"Barsortiment und Gro\u00dfhandel f\u00fcr B\u00fccher und andere Medien\",\"publisher\":{\"@id\":\"https:\/\/www.libri.de\/fr\/#organization\"},\"potentialAction\":[{\"@type\":\"SearchAction\",\"target\":{\"@type\":\"EntryPoint\",\"urlTemplate\":\"https:\/\/www.libri.de\/fr\/?s={search_term_string}\"},\"query-input\":{\"@type\":\"PropertyValueSpecification\",\"valueRequired\":true,\"valueName\":\"search_term_string\"}}],\"inLanguage\":\"de\"},{\"@type\":\"Organization\",\"@id\":\"https:\/\/www.libri.de\/fr\/#organization\",\"name\":\"Libri\",\"url\":\"https:\/\/www.libri.de\/fr\/\",\"logo\":{\"@type\":\"ImageObject\",\"inLanguage\":\"de\",\"@id\":\"https:\/\/www.libri.de\/fr\/#\/schema\/logo\/image\/\",\"url\":\"https:\/\/188.64.195.32\/wp-content\/uploads\/2022\/04\/libri_logo-1.jpg\",\"contentUrl\":\"https:\/\/188.64.195.32\/wp-content\/uploads\/2022\/04\/libri_logo-1.jpg\",\"width\":2000,\"height\":1000,\"caption\":\"Libri\"},\"image\":{\"@id\":\"https:\/\/www.libri.de\/fr\/#\/schema\/logo\/image\/\"},\"sameAs\":[\"https:\/\/www.facebook.com\/libribarsortiment\",\"https:\/\/www.instagram.com\/libri.barsortiment\",\"https:\/\/www.linkedin.com\/company\/libri-gmbh\"]}]}<\/script>\n<!-- \/ Yoast SEO plugin. -->","yoast_head_json":{"title":"Datenschutzhinweis Microsoft Teams | Libri GmbH","robots":{"index":"index","follow":"follow","max-snippet":"max-snippet:-1","max-image-preview":"max-image-preview:large","max-video-preview":"max-video-preview:-1"},"canonical":"https:\/\/www.libri.de\/de\/datenschutz-information-fuer-meetings-mittels-microsoft-teams\/","og_locale":"de_DE","og_type":"article","og_title":"Datenschutzhinweis Microsoft Teams | Libri GmbH","og_url":"https:\/\/www.libri.de\/de\/datenschutz-information-fuer-meetings-mittels-microsoft-teams\/","og_site_name":"Libri GmbH","article_publisher":"https:\/\/www.facebook.com\/libribarsortiment","article_modified_time":"2025-06-05T06:31:21+00:00","twitter_card":"summary_large_image","schema":{"@context":"https:\/\/schema.org","@graph":[{"@type":"WebPage","@id":"https:\/\/www.libri.de\/de\/datenschutz-information-fuer-meetings-mittels-microsoft-teams\/","url":"https:\/\/www.libri.de\/de\/datenschutz-information-fuer-meetings-mittels-microsoft-teams\/","name":"Datenschutzhinweis Microsoft Teams | Libri GmbH","isPartOf":{"@id":"https:\/\/www.libri.de\/fr\/#website"},"datePublished":"2025-06-04T15:39:04+00:00","dateModified":"2025-06-05T06:31:21+00:00","breadcrumb":{"@id":"https:\/\/www.libri.de\/de\/datenschutz-information-fuer-meetings-mittels-microsoft-teams\/#breadcrumb"},"inLanguage":"de","potentialAction":[{"@type":"ReadAction","target":["https:\/\/www.libri.de\/de\/datenschutz-information-fuer-meetings-mittels-microsoft-teams\/"]}]},{"@type":"BreadcrumbList","@id":"https:\/\/www.libri.de\/de\/datenschutz-information-fuer-meetings-mittels-microsoft-teams\/#breadcrumb","itemListElement":[{"@type":"ListItem","position":1,"name":"Start","item":"https:\/\/www.libri.de\/de\/"},{"@type":"ListItem","position":2,"name":"Datenschutzhinweis Microsoft Teams"}]},{"@type":"WebSite","@id":"https:\/\/www.libri.de\/fr\/#website","url":"https:\/\/www.libri.de\/fr\/","name":"Libri GmbH","description":"Barsortiment und Gro\u00dfhandel f\u00fcr B\u00fccher und andere Medien","publisher":{"@id":"https:\/\/www.libri.de\/fr\/#organization"},"potentialAction":[{"@type":"SearchAction","target":{"@type":"EntryPoint","urlTemplate":"https:\/\/www.libri.de\/fr\/?s={search_term_string}"},"query-input":{"@type":"PropertyValueSpecification","valueRequired":true,"valueName":"search_term_string"}}],"inLanguage":"de"},{"@type":"Organization","@id":"https:\/\/www.libri.de\/fr\/#organization","name":"Libri","url":"https:\/\/www.libri.de\/fr\/","logo":{"@type":"ImageObject","inLanguage":"de","@id":"https:\/\/www.libri.de\/fr\/#\/schema\/logo\/image\/","url":"https:\/\/188.64.195.32\/wp-content\/uploads\/2022\/04\/libri_logo-1.jpg","contentUrl":"https:\/\/188.64.195.32\/wp-content\/uploads\/2022\/04\/libri_logo-1.jpg","width":2000,"height":1000,"caption":"Libri"},"image":{"@id":"https:\/\/www.libri.de\/fr\/#\/schema\/logo\/image\/"},"sameAs":["https:\/\/www.facebook.com\/libribarsortiment","https:\/\/www.instagram.com\/libri.barsortiment","https:\/\/www.linkedin.com\/company\/libri-gmbh"]}]}},"_links":{"self":[{"href":"https:\/\/www.libri.de\/de\/wp-json\/wp\/v2\/pages\/79792","targetHints":{"allow":["GET"]}}],"collection":[{"href":"https:\/\/www.libri.de\/de\/wp-json\/wp\/v2\/pages"}],"about":[{"href":"https:\/\/www.libri.de\/de\/wp-json\/wp\/v2\/types\/page"}],"author":[{"embeddable":true,"href":"https:\/\/www.libri.de\/de\/wp-json\/wp\/v2\/users\/33"}],"replies":[{"embeddable":true,"href":"https:\/\/www.libri.de\/de\/wp-json\/wp\/v2\/comments?post=79792"}],"version-history":[{"count":3,"href":"https:\/\/www.libri.de\/de\/wp-json\/wp\/v2\/pages\/79792\/revisions"}],"predecessor-version":[{"id":79844,"href":"https:\/\/www.libri.de\/de\/wp-json\/wp\/v2\/pages\/79792\/revisions\/79844"}],"wp:attachment":[{"href":"https:\/\/www.libri.de\/de\/wp-json\/wp\/v2\/media?parent=79792"}],"curies":[{"name":"wp","href":"https:\/\/api.w.org\/{rel}","templated":true}]}}