{"id":78338,"date":"2025-04-22T13:37:26","date_gmt":"2025-04-22T11:37:26","guid":{"rendered":"https:\/\/www.libri.de\/?page_id=78338"},"modified":"2025-07-01T11:10:33","modified_gmt":"2025-07-01T09:10:33","slug":"libri-campus-preis-2025","status":"publish","type":"page","link":"https:\/\/www.libri.de\/de\/fuer-den-handel\/libri-campus\/libri-campus-preis-2025\/","title":{"rendered":"Libri.Campus-Preis 2025"},"content":{"rendered":"\r\n<div id=\"header-block_02c08685d1862984527412baa367f82e\" class=\"block-header module type-small bc-libri-blue c-white-imp\">\r\n  <div class=\"container\">\r\n\r\n    <p id=\"breadcrumbs\"><span><span><a href=\"https:\/\/www.libri.de\/de\/\">Start<\/a><\/span><\/span><\/p>    \r\n    \r\n      \r\n      <div class=\"row\">\r\n        <div class=\"col-12 col-md-10 title\">\r\n          <h1 class=\"\">Libri.Campus-Preis<\/h1>\r\n        <\/div>\r\n\r\n        <div class=\"col-12 col-md-10 text\">\r\n          <p>Der Libri.Campus Preis 2025 richtet sich an engagierte Buchh\u00e4ndler*innen, die ihre Kundenkommunikation gezielt auf WhatsApp auf- und ausbauen m\u00f6chten. \r\n<p><i>Bewerbungsschluss war am 30. Juni 2025.<\/p><\/i><\/p>\r\n        <\/div>\r\n      <\/div>\r\n\r\n      \r\n  <\/div>\r\n<\/div>\r\n\r\n\n\n\r\n<div id=\"text-block_a0a25061de20e6d00214912790b4c42b\" class=\"block-text module type-text bc-trans\">\r\n  <div class=\"container\">\r\n\r\n    \r\n      <div class=\"row \">\r\n\r\n        \r\n        <div class=\"col-12 col-md-10\">\r\n\r\n          \r\n          <div class=\"text for-box-js\">\r\n            <div class=\"relative\">\n<h3>WhatsApp: Ihr neuer Kanal?<\/h3>\n<p>Gleich drei Gr\u00fcnde sprechen aus unserer Sicht daf\u00fcr, sich f\u00fcr den Libri.Campus-Preis zu bewerben, um WhatsApp gezielt als Kanal zu entwickeln.<\/p>\n<ul>\n<li>Die Buchh\u00e4ndler*innen aus der <strong>Libri.Campus-Projektgruppe<\/strong> haben bereits <strong>positive Erfahrungen<\/strong> mit dem WhatsApp-Status gesammelt und sind auch schon erste Schritte in Richtung WhatsApp-Kanal gegangen. Seit Herbst 2023 k\u00f6nnen Unternehmen eigene Kan\u00e4le erstellen, die von den Nutzer*innen abonniert werden. Woodwalkers hat zum Beispiel 61.000 Abonnent*innen und Thalia hat im Februar 2025 einen Kanal gestartet.<\/li>\n<li><strong>Bequemes Einkaufen<\/strong> stand bei unserer Umfrage<sup>1 <\/sup>mit 41 % sehr starkem bis starkem Interesse an erster Stelle, gefolgt von <strong>Buchtipps<\/strong> (34 %) und <strong>pers\u00f6nlicher Beratung<\/strong> (33 %). Mit der M\u00f6glichkeit, B\u00fccher direkt \u00fcber Whatsapp zu bestellen, verbindet dieser Kanal Service, Kommunikation und Beratung.<\/li>\n<li>Mit einer <strong>Reichweite von 85 %<\/strong> steht WhatsApp Platz 1 im Ranking der beliebtesten Social Netzwerke und Messenger <sup>2<\/sup>, deutlich vor Instagram (63 %), Facebook (60 %) und TikTok (39 %).<\/li>\n<\/ul>\n<p><em><sup>1<\/sup> Wenn Sie an Buchhandlungen in Ihrer N\u00e4he denken: Was weckt Ihr Interesse? YouGov (Online-Interviews im Auftrag der Libri GmbH) Basis: 2.027 (repr\u00e4sentativ f\u00fcr die Wohnbev\u00f6lkerung in Deutschland ab 18 Jahren) | Erhebungszeitraum 24. \u2013 27.01.2025<\/em><br \/>\n<em><sup>2<\/sup> Anteil der Nutzer an den Internetnutzern in Deutschland, 3. Quartal 2024, Meltwater we are social<\/em><\/p>\n<\/div>\n          <\/div>\r\n\r\n          \r\n          \r\n        <\/div>\r\n        \r\n      <\/div>\r\n\r\n    \r\n  <\/div>\r\n<\/div>\r\n\r\n\n\n\r\n<div id=\"text-block_d07d242d4cefafc7a4ecb56622a025ed\" class=\"block-text module type-text-img bc-green-2\">\r\n  <div class=\"container\">\r\n\r\n    \r\n      <div class=\"row flex-row-reverse\">\r\n\r\n        \r\n          <div class=\"col-12 col-md-6 col-xl-5\">\r\n            <div class=\"image round\">\r\n              <img decoding=\"async\" width=\"768\" height=\"768\" src=\"https:\/\/www.libri.de\/wp-content\/uploads\/2025\/01\/Tina-Lurz-800x800px-768x768.jpg\" class=\"attachment-medium_large size-medium_large\" alt=\"Tina Lurz | Strategie, Content &amp; Social Media\" srcset=\"https:\/\/www.libri.de\/wp-content\/uploads\/2025\/01\/Tina-Lurz-800x800px-768x768.jpg 768w, https:\/\/www.libri.de\/wp-content\/uploads\/2025\/01\/Tina-Lurz-800x800px-300x300.jpg 300w, https:\/\/www.libri.de\/wp-content\/uploads\/2025\/01\/Tina-Lurz-800x800px-150x150.jpg 150w, https:\/\/www.libri.de\/wp-content\/uploads\/2025\/01\/Tina-Lurz-800x800px.jpg 800w\" sizes=\"(max-width: 768px) 100vw, 768px\" \/>            <\/div>\r\n                          <span class=\"caption\">Tina Lurz | Strategie, Content &#038; Social Media<\/span>\r\n                      <\/div>\r\n\r\n          <div class=\"d-none d-xl-block col-2\"><\/div>\r\n\r\n        \r\n        <div class=\"col-12 col-md-6 col-xl-5\">\r\n\r\n          \r\n          <div class=\"text \">\r\n            <h3>Zu gewinnen:<br \/>\nProfessionelle Begleitung<\/h3>\n<p>Wer in diesem Jahr auf dem Libri.Campus live dabei war, hat Tina Lurz bereits auf der B\u00fchne erlebt: Sie begleitete die Projektgruppe Sichtbarkeit und lieferte mit ihrem Impuls \u201c<a href=\"https:\/\/www.libri.de\/de\/veranstaltungen\/libri-campus-live-2025\/#sichtbar\" target=\"_blank\" rel=\"noopener\">Content is Queen<\/a>\u201d jede Menge Inspiration und Best-Practice-Beispiele f\u00fcr Social Media.<\/p>\n<p>Im Rahmen vom Libri.Campus-Preis wird sie nun eine Buchhandlung beim Auf- und Ausbau ihrer WhatsApp-Kommunikation begleiten. Dabei wird sie nicht nur auf diesen Kanal schauen, sondern einen ganzheitlichen Blick auf den Social-Media-Auftritt werfen:<\/p>\n<ul>\n<li>Welcher Content wird bereits produziert?<\/li>\n<li>\u00dcber welche Kan\u00e4le wird er verbreitet?<\/li>\n<li>Welche Formate und Interaktionen sto\u00dfen auf gute Resonanz?<\/li>\n<li>Wie lassen sich Synergien nutzen?<\/li>\n<\/ul>\n          <\/div>\r\n\r\n          \r\n          \r\n        <\/div>\r\n        \r\n      <\/div>\r\n\r\n    \r\n  <\/div>\r\n<\/div>\r\n\r\n\n\n\r\n<div id=\"text-block_5aea6c3edc479b5cc20ae8d0ac3bc8d3\" class=\"block-text module type-text bc-trans\">\r\n  <div class=\"container\">\r\n\r\n    \r\n      <div class=\"row \">\r\n\r\n        \r\n        <div class=\"col-12 col-md-10\">\r\n\r\n          \r\n          <div class=\"text for-box-js\">\r\n            <h3>Welche Leistungen umfasst der Libri.Campus-Preis?<\/h3>\n<ol>\n<li>Termin (3 Std.): Ist-Aufnahme sowie Content- und Kanalanalyse<\/li>\n<li>Termin (3 Std.): Content- und Kanalstrategie inklusive Zielgruppendefinition<\/li>\n<li>Termin (3 Std.): Erstellung Contentplan<\/li>\n<li>Begleitung: Review (Anzahl der Termine anh\u00e4ngig von Projektverlauf, in Summe max. 6 Std.)<\/li>\n<\/ol>\n<p>Alle Termine finden online im Laufe des zweiten Halbjahrs 2025 statt. Die Leistung umfasst insgesamt 15 Stunden individuelle Beratung durch Tina Lurz. Libri wird die Konzeption und sp\u00e4tere Umsetzung redaktionell begleiten.<\/p>\n          <\/div>\r\n\r\n          \r\n          \r\n        <\/div>\r\n        \r\n      <\/div>\r\n\r\n    \r\n  <\/div>\r\n<\/div>\r\n\r\n\n\n\r\n<div id=\"text-block_a6fe8599d6653a46965f3629016cff51\" class=\"block-text module type-text bc-green-2\">\r\n  <div class=\"container\">\r\n\r\n    \r\n      <div class=\"row \">\r\n\r\n        \r\n        <div class=\"col-12 col-md-10\">\r\n\r\n          \r\n          <div class=\"text for-box-js\">\r\n            <h3>Persona<\/h3>\n<p>Die Libri.Campus-Projektgruppe SICHTBAR h<span class=\"TextRun SCXW16431364 BCX8\" lang=\"DE-DE\" xml:lang=\"DE-DE\" data-contrast=\"auto\"><span class=\"NormalTextRun SCXW16431364 BCX8\">at mit Personas &#8211; idealtypischen <\/span><span class=\"NormalTextRun DictationCorrection SCXW16431364 BCX8\">Kund*innen &#8211;<\/span><span class=\"NormalTextRun SCXW16431364 BCX8\">\u00a0 <\/span><span class=\"NormalTextRun SpellingErrorV2Themed SCXW16431364 BCX8\">gearbeitet<\/span><span class=\"NormalTextRun SCXW16431364 BCX8\">, um ihre Zielgruppe besser greifen u<span class=\"TextRun SCXW171947907 BCX8\" lang=\"DE-DE\" xml:lang=\"DE-DE\" data-contrast=\"auto\"><span class=\"NormalTextRun SCXW171947907 BCX8\">nd Ma\u00dfnahmen ableiten <\/span><\/span>zu k\u00f6nnen. <\/span><\/span>Nutzen Sie gern unsere Canva-Vorlage, um zu \u00fcberlegen, welche Persona Sie in Zukunft \u00fcber WhatsApp erreichen m\u00f6chten!<\/p>\n          <\/div>\r\n\r\n                      <div class=\"cta\">\r\n              <a \r\n                class=\"bttn-secondary icn-no\" \r\n                href=\"https:\/\/www.canva.com\/design\/DAGjSC0xTTI\/rtxA27sRC4fK8E1dn3SejQ\/view?utm_content=DAGjSC0xTTI&#038;utm_campaign=designshare&#038;utm_medium=link&#038;utm_source=publishsharelink&#038;mode=preview\" \r\n                target=\"_blank\"\r\n                >\r\n                Zur Canva-Vorlage              <\/a>\r\n            <\/div>\r\n          \r\n          \r\n        <\/div>\r\n        \r\n      <\/div>\r\n\r\n    \r\n  <\/div>\r\n<\/div>\r\n\r\n","protected":false},"excerpt":{"rendered":"<p>Der Libri.Campus Preis 2025 richtet sich an engagierte Buchh\u00e4ndler*innen, die ihre Kundenkommunikation gezielt auf WhatsApp auf- und ausbauen m\u00f6chten. <\/p>\n","protected":false},"author":5,"featured_media":78390,"parent":73533,"menu_order":0,"comment_status":"closed","ping_status":"closed","template":"","meta":{"_acf_changed":false,"footnotes":""},"class_list":["post-78338","page","type-page","status-publish","has-post-thumbnail","hentry"],"acf":[],"yoast_head":"<!-- This site is optimized with the Yoast SEO plugin v27.0 - https:\/\/yoast.com\/product\/yoast-seo-wordpress\/ -->\n<title>Libri.Campus-Preis 2025 | Libri GmbH<\/title>\n<meta name=\"description\" content=\"Der Preis richtet sich an engagierte Buchh\u00e4ndler*innen, die ihre Kommunikation auf WhatsApp ausbauen m\u00f6chten. Bis 30. Juni bewerben!\" \/>\n<meta name=\"robots\" content=\"index, follow, max-snippet:-1, max-image-preview:large, max-video-preview:-1\" \/>\n<link rel=\"canonical\" href=\"https:\/\/www.libri.de\/de\/fuer-den-handel\/libri-campus\/libri-campus-preis-2025\/\" \/>\n<meta property=\"og:locale\" content=\"de_DE\" \/>\n<meta property=\"og:type\" content=\"article\" \/>\n<meta property=\"og:title\" content=\"Libri.Campus-Preis 2025 | Libri GmbH\" \/>\n<meta property=\"og:description\" content=\"Der Preis richtet sich an engagierte Buchh\u00e4ndler*innen, die ihre Kommunikation auf WhatsApp ausbauen m\u00f6chten. Bis 30. Juni bewerben!\" \/>\n<meta property=\"og:url\" content=\"https:\/\/www.libri.de\/de\/fuer-den-handel\/libri-campus\/libri-campus-preis-2025\/\" \/>\n<meta property=\"og:site_name\" content=\"Libri GmbH\" \/>\n<meta property=\"article:publisher\" content=\"https:\/\/www.facebook.com\/libribarsortiment\" \/>\n<meta property=\"article:modified_time\" content=\"2025-07-01T09:10:33+00:00\" \/>\n<meta property=\"og:image\" content=\"https:\/\/www.libri.de\/wp-content\/uploads\/2025\/04\/Libri.Campus-Preis-2025-1650-x-910px.png\" \/>\n\t<meta property=\"og:image:width\" content=\"1650\" \/>\n\t<meta property=\"og:image:height\" content=\"910\" \/>\n\t<meta property=\"og:image:type\" content=\"image\/png\" \/>\n<meta name=\"twitter:card\" content=\"summary_large_image\" \/>\n<meta name=\"twitter:label1\" content=\"Gesch\u00e4tzte Lesezeit\" \/>\n\t<meta name=\"twitter:data1\" content=\"1\u00a0Minute\" \/>\n<script type=\"application\/ld+json\" class=\"yoast-schema-graph\">{\"@context\":\"https:\/\/schema.org\",\"@graph\":[{\"@type\":\"WebPage\",\"@id\":\"https:\/\/www.libri.de\/de\/fuer-den-handel\/libri-campus\/libri-campus-preis-2025\/\",\"url\":\"https:\/\/www.libri.de\/de\/fuer-den-handel\/libri-campus\/libri-campus-preis-2025\/\",\"name\":\"Libri.Campus-Preis 2025 | Libri GmbH\",\"isPartOf\":{\"@id\":\"https:\/\/www.libri.de\/fr\/#website\"},\"primaryImageOfPage\":{\"@id\":\"https:\/\/www.libri.de\/de\/fuer-den-handel\/libri-campus\/libri-campus-preis-2025\/#primaryimage\"},\"image\":{\"@id\":\"https:\/\/www.libri.de\/de\/fuer-den-handel\/libri-campus\/libri-campus-preis-2025\/#primaryimage\"},\"thumbnailUrl\":\"https:\/\/www.libri.de\/wp-content\/uploads\/2025\/04\/Libri.Campus-Preis-2025-1650-x-910px.png\",\"datePublished\":\"2025-04-22T11:37:26+00:00\",\"dateModified\":\"2025-07-01T09:10:33+00:00\",\"description\":\"Der Preis richtet sich an engagierte Buchh\u00e4ndler*innen, die ihre Kommunikation auf WhatsApp ausbauen m\u00f6chten. Bis 30. Juni bewerben!\",\"breadcrumb\":{\"@id\":\"https:\/\/www.libri.de\/de\/fuer-den-handel\/libri-campus\/libri-campus-preis-2025\/#breadcrumb\"},\"inLanguage\":\"de\",\"potentialAction\":[{\"@type\":\"ReadAction\",\"target\":[\"https:\/\/www.libri.de\/de\/fuer-den-handel\/libri-campus\/libri-campus-preis-2025\/\"]}]},{\"@type\":\"ImageObject\",\"inLanguage\":\"de\",\"@id\":\"https:\/\/www.libri.de\/de\/fuer-den-handel\/libri-campus\/libri-campus-preis-2025\/#primaryimage\",\"url\":\"https:\/\/www.libri.de\/wp-content\/uploads\/2025\/04\/Libri.Campus-Preis-2025-1650-x-910px.png\",\"contentUrl\":\"https:\/\/www.libri.de\/wp-content\/uploads\/2025\/04\/Libri.Campus-Preis-2025-1650-x-910px.png\",\"width\":1650,\"height\":910,\"caption\":\"Libri.Campus-Preis 2025\"},{\"@type\":\"BreadcrumbList\",\"@id\":\"https:\/\/www.libri.de\/de\/fuer-den-handel\/libri-campus\/libri-campus-preis-2025\/#breadcrumb\",\"itemListElement\":[{\"@type\":\"ListItem\",\"position\":1,\"name\":\"Start\",\"item\":\"https:\/\/www.libri.de\/de\/\"},{\"@type\":\"ListItem\",\"position\":2,\"name\":\"F\u00fcr den Handel\",\"item\":\"https:\/\/www.libri.de\/de\/fuer-den-handel\/\"},{\"@type\":\"ListItem\",\"position\":3,\"name\":\"Libri.Campus\",\"item\":\"https:\/\/www.libri.de\/de\/fuer-den-handel\/libri-campus\/\"},{\"@type\":\"ListItem\",\"position\":4,\"name\":\"Libri.Campus-Preis 2025\"}]},{\"@type\":\"WebSite\",\"@id\":\"https:\/\/www.libri.de\/fr\/#website\",\"url\":\"https:\/\/www.libri.de\/fr\/\",\"name\":\"Libri GmbH\",\"description\":\"Barsortiment und Gro\u00dfhandel f\u00fcr B\u00fccher und andere Medien\",\"publisher\":{\"@id\":\"https:\/\/www.libri.de\/fr\/#organization\"},\"potentialAction\":[{\"@type\":\"SearchAction\",\"target\":{\"@type\":\"EntryPoint\",\"urlTemplate\":\"https:\/\/www.libri.de\/fr\/?s={search_term_string}\"},\"query-input\":{\"@type\":\"PropertyValueSpecification\",\"valueRequired\":true,\"valueName\":\"search_term_string\"}}],\"inLanguage\":\"de\"},{\"@type\":\"Organization\",\"@id\":\"https:\/\/www.libri.de\/fr\/#organization\",\"name\":\"Libri\",\"url\":\"https:\/\/www.libri.de\/fr\/\",\"logo\":{\"@type\":\"ImageObject\",\"inLanguage\":\"de\",\"@id\":\"https:\/\/www.libri.de\/fr\/#\/schema\/logo\/image\/\",\"url\":\"https:\/\/188.64.195.32\/wp-content\/uploads\/2022\/04\/libri_logo-1.jpg\",\"contentUrl\":\"https:\/\/188.64.195.32\/wp-content\/uploads\/2022\/04\/libri_logo-1.jpg\",\"width\":2000,\"height\":1000,\"caption\":\"Libri\"},\"image\":{\"@id\":\"https:\/\/www.libri.de\/fr\/#\/schema\/logo\/image\/\"},\"sameAs\":[\"https:\/\/www.facebook.com\/libribarsortiment\",\"https:\/\/www.instagram.com\/libri.barsortiment\",\"https:\/\/www.linkedin.com\/company\/libri-gmbh\"]}]}<\/script>\n<!-- \/ Yoast SEO plugin. -->","yoast_head_json":{"title":"Libri.Campus-Preis 2025 | Libri GmbH","description":"Der Preis richtet sich an engagierte Buchh\u00e4ndler*innen, die ihre Kommunikation auf WhatsApp ausbauen m\u00f6chten. Bis 30. Juni bewerben!","robots":{"index":"index","follow":"follow","max-snippet":"max-snippet:-1","max-image-preview":"max-image-preview:large","max-video-preview":"max-video-preview:-1"},"canonical":"https:\/\/www.libri.de\/de\/fuer-den-handel\/libri-campus\/libri-campus-preis-2025\/","og_locale":"de_DE","og_type":"article","og_title":"Libri.Campus-Preis 2025 | Libri GmbH","og_description":"Der Preis richtet sich an engagierte Buchh\u00e4ndler*innen, die ihre Kommunikation auf WhatsApp ausbauen m\u00f6chten. Bis 30. Juni bewerben!","og_url":"https:\/\/www.libri.de\/de\/fuer-den-handel\/libri-campus\/libri-campus-preis-2025\/","og_site_name":"Libri GmbH","article_publisher":"https:\/\/www.facebook.com\/libribarsortiment","article_modified_time":"2025-07-01T09:10:33+00:00","og_image":[{"width":1650,"height":910,"url":"https:\/\/www.libri.de\/wp-content\/uploads\/2025\/04\/Libri.Campus-Preis-2025-1650-x-910px.png","type":"image\/png"}],"twitter_card":"summary_large_image","twitter_misc":{"Gesch\u00e4tzte Lesezeit":"1\u00a0Minute"},"schema":{"@context":"https:\/\/schema.org","@graph":[{"@type":"WebPage","@id":"https:\/\/www.libri.de\/de\/fuer-den-handel\/libri-campus\/libri-campus-preis-2025\/","url":"https:\/\/www.libri.de\/de\/fuer-den-handel\/libri-campus\/libri-campus-preis-2025\/","name":"Libri.Campus-Preis 2025 | Libri GmbH","isPartOf":{"@id":"https:\/\/www.libri.de\/fr\/#website"},"primaryImageOfPage":{"@id":"https:\/\/www.libri.de\/de\/fuer-den-handel\/libri-campus\/libri-campus-preis-2025\/#primaryimage"},"image":{"@id":"https:\/\/www.libri.de\/de\/fuer-den-handel\/libri-campus\/libri-campus-preis-2025\/#primaryimage"},"thumbnailUrl":"https:\/\/www.libri.de\/wp-content\/uploads\/2025\/04\/Libri.Campus-Preis-2025-1650-x-910px.png","datePublished":"2025-04-22T11:37:26+00:00","dateModified":"2025-07-01T09:10:33+00:00","description":"Der Preis richtet sich an engagierte Buchh\u00e4ndler*innen, die ihre Kommunikation auf WhatsApp ausbauen m\u00f6chten. Bis 30. Juni bewerben!","breadcrumb":{"@id":"https:\/\/www.libri.de\/de\/fuer-den-handel\/libri-campus\/libri-campus-preis-2025\/#breadcrumb"},"inLanguage":"de","potentialAction":[{"@type":"ReadAction","target":["https:\/\/www.libri.de\/de\/fuer-den-handel\/libri-campus\/libri-campus-preis-2025\/"]}]},{"@type":"ImageObject","inLanguage":"de","@id":"https:\/\/www.libri.de\/de\/fuer-den-handel\/libri-campus\/libri-campus-preis-2025\/#primaryimage","url":"https:\/\/www.libri.de\/wp-content\/uploads\/2025\/04\/Libri.Campus-Preis-2025-1650-x-910px.png","contentUrl":"https:\/\/www.libri.de\/wp-content\/uploads\/2025\/04\/Libri.Campus-Preis-2025-1650-x-910px.png","width":1650,"height":910,"caption":"Libri.Campus-Preis 2025"},{"@type":"BreadcrumbList","@id":"https:\/\/www.libri.de\/de\/fuer-den-handel\/libri-campus\/libri-campus-preis-2025\/#breadcrumb","itemListElement":[{"@type":"ListItem","position":1,"name":"Start","item":"https:\/\/www.libri.de\/de\/"},{"@type":"ListItem","position":2,"name":"F\u00fcr den Handel","item":"https:\/\/www.libri.de\/de\/fuer-den-handel\/"},{"@type":"ListItem","position":3,"name":"Libri.Campus","item":"https:\/\/www.libri.de\/de\/fuer-den-handel\/libri-campus\/"},{"@type":"ListItem","position":4,"name":"Libri.Campus-Preis 2025"}]},{"@type":"WebSite","@id":"https:\/\/www.libri.de\/fr\/#website","url":"https:\/\/www.libri.de\/fr\/","name":"Libri GmbH","description":"Barsortiment und Gro\u00dfhandel f\u00fcr B\u00fccher und andere Medien","publisher":{"@id":"https:\/\/www.libri.de\/fr\/#organization"},"potentialAction":[{"@type":"SearchAction","target":{"@type":"EntryPoint","urlTemplate":"https:\/\/www.libri.de\/fr\/?s={search_term_string}"},"query-input":{"@type":"PropertyValueSpecification","valueRequired":true,"valueName":"search_term_string"}}],"inLanguage":"de"},{"@type":"Organization","@id":"https:\/\/www.libri.de\/fr\/#organization","name":"Libri","url":"https:\/\/www.libri.de\/fr\/","logo":{"@type":"ImageObject","inLanguage":"de","@id":"https:\/\/www.libri.de\/fr\/#\/schema\/logo\/image\/","url":"https:\/\/188.64.195.32\/wp-content\/uploads\/2022\/04\/libri_logo-1.jpg","contentUrl":"https:\/\/188.64.195.32\/wp-content\/uploads\/2022\/04\/libri_logo-1.jpg","width":2000,"height":1000,"caption":"Libri"},"image":{"@id":"https:\/\/www.libri.de\/fr\/#\/schema\/logo\/image\/"},"sameAs":["https:\/\/www.facebook.com\/libribarsortiment","https:\/\/www.instagram.com\/libri.barsortiment","https:\/\/www.linkedin.com\/company\/libri-gmbh"]}]}},"_links":{"self":[{"href":"https:\/\/www.libri.de\/de\/wp-json\/wp\/v2\/pages\/78338","targetHints":{"allow":["GET"]}}],"collection":[{"href":"https:\/\/www.libri.de\/de\/wp-json\/wp\/v2\/pages"}],"about":[{"href":"https:\/\/www.libri.de\/de\/wp-json\/wp\/v2\/types\/page"}],"author":[{"embeddable":true,"href":"https:\/\/www.libri.de\/de\/wp-json\/wp\/v2\/users\/5"}],"replies":[{"embeddable":true,"href":"https:\/\/www.libri.de\/de\/wp-json\/wp\/v2\/comments?post=78338"}],"version-history":[{"count":2,"href":"https:\/\/www.libri.de\/de\/wp-json\/wp\/v2\/pages\/78338\/revisions"}],"predecessor-version":[{"id":80594,"href":"https:\/\/www.libri.de\/de\/wp-json\/wp\/v2\/pages\/78338\/revisions\/80594"}],"up":[{"embeddable":true,"href":"https:\/\/www.libri.de\/de\/wp-json\/wp\/v2\/pages\/73533"}],"wp:featuredmedia":[{"embeddable":true,"href":"https:\/\/www.libri.de\/de\/wp-json\/wp\/v2\/media\/78390"}],"wp:attachment":[{"href":"https:\/\/www.libri.de\/de\/wp-json\/wp\/v2\/media?parent=78338"}],"curies":[{"name":"wp","href":"https:\/\/api.w.org\/{rel}","templated":true}]}}