{"id":73024,"date":"2024-10-11T14:21:57","date_gmt":"2024-10-11T12:21:57","guid":{"rendered":"https:\/\/www.libri.de\/?page_id=73024"},"modified":"2025-10-13T18:15:22","modified_gmt":"2025-10-13T16:15:22","slug":"eu-entwaldungsverordnung","status":"publish","type":"page","link":"https:\/\/www.libri.de\/de\/unternehmen\/nachhaltigkeit-und-compliance\/eu-entwaldungsverordnung\/","title":{"rendered":"EU-Entwaldungsverordnung"},"content":{"rendered":"\r\n<div id=\"header-block_894af6d1308326957a86a70d1280d7af\" class=\"block-header module type-top-bottom bc-libri-blue c-white-imp\">\r\n  <div class=\"container\">\r\n\r\n    <p id=\"breadcrumbs\"><span><span><a href=\"https:\/\/www.libri.de\/de\/\">Start<\/a><\/span><\/span><\/p>    \r\n    \r\n      \r\n      <div class=\"row\">\r\n        <div class=\"col-12 col-md-10 title\">\r\n          <h1 class=\"\">EU-Entwaldungsverordnung (EUDR)<\/h1>\r\n        <\/div>\r\n\r\n        <div class=\"col-12 col-md-10 text\">\r\n          <p><\/p>\r\n        <\/div>\r\n      <\/div>\r\n\r\n      \r\n  <\/div>\r\n<\/div>\r\n\r\n\n\n\r\n<div id=\"anchor-nav-block_58046de3c24a369b2a8eb41cd2c4dbd0\" class=\"block-anchor-nav module bc-libri-blue c-white-imp\"  >\r\n\r\n      <div class=\"container\"><div class=\"line\"><\/div><\/div>\r\n    \r\n    <div class=\"container\">\r\n      <div class=\"p-relative\">\r\n        <div class=\"arrow left\"><\/div>\r\n        <div class=\"arrow right\"><\/div>\r\n      <\/div>\r\n      <div class=\"overflow-x-auto\">\r\n        <div class=\"d-flex anchor-nav\" data-class=\"anchor-nav-entry\"><\/div>\r\n      <\/div>\r\n    <\/div>\r\n\r\n  <\/div>\r\n\r\n\n\n\r\n<div id=\"text-block_4da60d74a43ec4c7527581a2457857dd\" class=\"block-text module type-text bc-trans\">\r\n  <div class=\"container\">\r\n\r\n    \r\n      <div class=\"row \">\r\n\r\n        \r\n        <div class=\"col-12 col-md-10\">\r\n\r\n          \r\n          <div class=\"text for-box-js\">\r\n            <p>Unsere Branche besch\u00e4ftigt die EU-Verordnung \u00fcber entwaldungsfreie Lieferketten (EUDR oder Verordnung EU 2023\/1115) nachhaltig. Libri steht hinter den Zielen der EU-Entwaldungsverordnung und setzt sich aktiv f\u00fcr den Schutz der weltweiten Naturw\u00e4lder ein. Transparenz in der Lieferkette ist f\u00fcr uns ein zentrales Anliegen. Die Anwendung der Verordnung ist auf den 31. Dezember 2025 festgesetzt. Da wir als Marktteilnehmer in der Buchbranche alle von dieser Regelung betroffen sind, m\u00fcssen wir uns zusammen entsprechend vorbereiten. Unser Verband, der <a href=\"https:\/\/www.boersenverein.de\/beratung-service\/nachhaltigkeit\/herstellung\/entwaldungsfreie-lieferketten\/\" target=\"_blank\" rel=\"noopener\">B\u00f6rsenverein<\/a>, hat detaillierte Umsetzungsempfehlungen f\u00fcr Verlage und H\u00e4ndler zur Einf\u00fchrung der EUDR ver\u00f6ffentlicht. Wenn Sie keinen Zugang zum Mitgliederbereich des Verbandes haben, k\u00f6nnen Sie sich kurzgefasst auch beim <a href=\"https:\/\/vlb.de\/hilfe\/eudr\" target=\"_blank\" rel=\"noopener\">VLB<\/a>, eine Marke von MVB, informieren.<\/p>\n<h3>Update September 2025<\/h3>\n<p>Aufgrund fehlender IT-Kapazit\u00e4ten hat die Europ\u00e4ische Kommission am 23. September 2025 eine weitere Verschiebung der Anwendung der EU-Entwaldungsverordnung (EUDR) vorgeschlagen. Das neue Zieldatum f\u00fcr die Anwendung der Verordnung w\u00e4re dann der 30. Dezember 2026. F\u00fcr Kleinst- und Kleinunternehmen w\u00fcrde entsprechend der 30. Juni 2027 gelten. Dieser Vorschlag ist bislang noch nicht rechtsverbindlich, da er erst durch den Rat der Europ\u00e4ischen Union und das EU-Parlament best\u00e4tigt werden muss.<\/p>\n<h4>Was hei\u00dft das f\u00fcr Kunden und Lieferanten?<\/h4>\n<p>Die Vorbereitung der Umsetzung der Verordnung wird fortgesetzt. Bis zu einer rechtsverbindlichen Entscheidung behandeln wir den 31.12.2025 weiterhin als ma\u00dfgeblich und bereiten unsere Systeme\/Prozesse entsprechend vor. Wenn die Verschiebung formal best\u00e4tigt wird, passen wir den Zeitplan an.<\/p>\n          <\/div>\r\n\r\n          \r\n          \r\n        <\/div>\r\n        \r\n      <\/div>\r\n\r\n    \r\n  <\/div>\r\n<\/div>\r\n\r\n\n\n\r\n<div id=\"fuer-kundinnen\" class=\"block-anchor\" data-title=\"F\u00fcr Kund*innen\" >\r\n\r\n  <\/div>\r\n\r\n\n\n\r\n<div id=\"text-block_fa7a9665e9c92e62d89448fd2d8e9348\" class=\"block-text module type-text bc-white\">\r\n  <div class=\"container\">\r\n\r\n    \r\n      <div class=\"row \">\r\n\r\n        \r\n        <div class=\"col-12 col-md-10\">\r\n\r\n                      <h2 class=\"title\">F\u00fcr Kund*innen<\/h2>\r\n          \r\n          <div class=\"text for-box-js\">\r\n            <h4>Welche Informationen werden wir Ihnen ab dem Inkrafttreten der Verordnung zur Verf\u00fcgung stellen?<\/h4>\n<p>Kurzgefasst und vereinfacht m\u00fcssen in unserer Branche alle nach dem 30.12.2025 neu in der EU in Verkehr gebrachten Produkte auf Holzbasis einen Nachweis f\u00fchren, dass sie konform mit der Verordnung hergestellt wurden. Dieser Nachweis erfolgt \u00fcber eine Nummer, die als Due Diligence Statement (DDS) bezeichnet wird, und die neuen Produkten zugeordnet ist. Zur Produktnummer eines Produktes (ISBN \/ EAN) werden DDS-Nummern mitgeteilt werden, die ein H\u00e4ndler solcher Produkte nachhalten muss. Das wird \u00fcber die elektronisch zur Verf\u00fcgung gestellten Produktmetadaten erfolgen. Zu beachten ist noch, dass kleine und mittlere Marktteilnehmer (KMU) die Bedingungen der EUDR nicht schon zum Jahresende 2025 sondern erst ab der Jahresmitte 2026 (ab dem 1. Juli) werden erf\u00fcllen m\u00fcssen. Die Branche hat also eine \u00dcbergangsfrist von einem halben Jahr, in der noch nicht alle neu oder nachproduzierten Produkte ein DDS erfordern und mit einem solchen gemeldet werden.<\/p>\n<h5><strong>Bereitstellung der DDS-Informationen<\/strong><\/h5>\n<p>Libri stellt die DDS-Informationen auf mehreren Wegen bereit, sodass sie f\u00fcr alle Partner einfach nutzbar sind:<\/p>\n<ul>\n<li><strong>ONIX-Exporte<\/strong>: In den Produktmetadaten \u00fcbermitteln wir stets die <strong>gesamte Sammlung aller bisher gemeldeten DDS-Nummern<\/strong>. Dabei wird sowohl die <strong>jeweils aktuell g\u00fcltige Nummer<\/strong> als auch die <strong>Historie der vorherigen Meldungen<\/strong> ausgewiesen.<\/li>\n<li><strong>Datenschnittstellen<\/strong>: \u00dcber die WSDL- und REST-Schnittstellen stehen die Informationen kontinuierlich zur Verf\u00fcgung.<\/li>\n<li><strong>Inventory Feeds<\/strong>: Auch in den Libri-Verf\u00fcgbarkeitsmeldungen sind die DDS-Daten enthalten.<\/li>\n<li>Damit k\u00f6nnen die DDS-Nummern in den meisten Warenwirtschaftssystemen gelesen werden. Sie sind au\u00dferdem in den Libri-Systemen <strong>Quimus<\/strong> \/ <strong>JWWS<\/strong> hinterlegt und lassen sich zur Recherche auch in <strong>Shopline<\/strong>, der Libri-L\u00f6sung f\u00fcr den Onlinehandel, abrufen.<\/li>\n<\/ul>\n          <\/div>\r\n\r\n          \r\n          \r\n        <\/div>\r\n        \r\n      <\/div>\r\n\r\n    \r\n  <\/div>\r\n<\/div>\r\n\r\n\n\n\r\n<div id=\"fuer-inlandslieferantinnen\" class=\"block-anchor\" data-title=\"F\u00fcr Inlandslieferant*innen\" >\r\n\r\n  <\/div>\r\n\r\n\n\n\r\n<div id=\"text-block_3c717352a8e57e35fdcb4a3ddba972e6\" class=\"block-text module type-text bc-green-2\">\r\n  <div class=\"container\">\r\n\r\n    \r\n      <div class=\"row \">\r\n\r\n        \r\n        <div class=\"col-12 col-md-10\">\r\n\r\n                      <h2 class=\"title\">F\u00fcr Inlandslieferant*innen<\/h2>\r\n          \r\n          <div class=\"text for-box-js\">\r\n            <p>Kurzgefasst sind folgende Punkte zu beachten:<\/p>\n<ol>\n<li>Sorgfaltspflicht: Je nach Position und Gr\u00f6\u00dfe in der Lieferkette als Klein- und Mittelunternehmen (KMU) bzw. als Nicht-KMU, ergeben sich spezifische Anforderungen. Bitte pr\u00fcfen Sie Ihre Verpflichtungen sorgf\u00e4ltig.<\/li>\n<li>Daten\u00fcbermittlung: Wir ben\u00f6tigen von Ihnen die Referenz- (Due Diligence Statement oder DDS) und die Verifikationsnummern der Sorgfaltserkl\u00e4rungen f\u00fcr alle relevanten Materialien zu jedem nach dem Stichtag neu in Verkehr gebrachten Buch oder zu papier- oder holzbasierten Produkten in den Vorank\u00fcndigungen Ihrer Produkte immer vor Erscheinen.<\/li>\n<li>Technische Umsetzung: Wenn Sie ihre Produktdaten selbst per FTP-Transfer zur Verf\u00fcgung stellen, nutzen Sie bitte die definierten Felder im ONIX-Format. Wenn Sie uns ihre Produkte \u00fcber das Verzeichnis lieferbare B\u00fccher anzeigen, \u00fcbermitteln Sie uns die Informationen auf diesem Wege. Hilfreich sind hier zu dem die Best Practices der IG Produktmetadaten im B\u00f6rsenverein zum ONIX-Transfer\u00a0(\u201eSorgfaltserkl\u00e4rung zur EU-Verordnung \u00fcber entwaldungsfreie Produkte\u201c).<\/li>\n<li>Die Libri Excelformatvorlage zur Meldung von Produktmetadaten von Non-Books (auch hier sind in erster Linie Produkte auf Holzbasis betroffen) wird um die EUDR-relevanten Felder erweitert.<\/li>\n<\/ol>\n<p>Bitte beachten Sie, dass wir zuk\u00fcnftig nur Produkte beziehen k\u00f6nnen, f\u00fcr die alle erforderlichen Informationen vollst\u00e4ndig vorliegen. Die allgemeinen Einkaufbedingungen gelten in Ihrer aktuellen Form. Gemeinsam k\u00f6nnen wir zu nachhaltigen Lieferketten in unserer Branche beitragen.<\/p>\n          <\/div>\r\n\r\n                      <div class=\"cta\">\r\n              <a \r\n                class=\"bttn-secondary icn-redirect\" \r\n                href=\"https:\/\/www.boersenverein.de\/interessengruppen\/ig-produktmetadaten\/best-practices\/\" \r\n                target=\"_blank\"\r\n                >\r\n                Zu den Best Practices              <\/a>\r\n            <\/div>\r\n          \r\n          \r\n        <\/div>\r\n        \r\n      <\/div>\r\n\r\n    \r\n  <\/div>\r\n<\/div>\r\n\r\n\n\n\r\n<div id=\"text-block_f15289ceba99c38c642d0d2e9911f5d3\" class=\"block-text module type-text bc-trans\">\r\n  <div class=\"container\">\r\n\r\n    \r\n      <div class=\"row \">\r\n\r\n        \r\n        <div class=\"col-12 col-md-10\">\r\n\r\n          \r\n          <div class=\"text for-box-js\">\r\n            <p>Die oben gezeigten Links zu den in ONIX vorgesehenen \u00c4nderungen geben Ihnen sowohl f\u00fcr dieses Datenformat als auch f\u00fcr die Schnittstellenl\u00f6sungen ein Bild \u00fcber die zu erwartenden Anpassungen, die Sie vornehmen m\u00fcssen.<\/p>\n<p>Bitte beachten Sie, dass Libri nach Ablauf der halbj\u00e4hrlichen \u00dcbergangsfrist nach Eintreten der Verordnung nur noch Produkte anbieten kann, f\u00fcr die uns die Lieferanten alle erforderlichen Informationen gemeldet haben. Durch die gute Vorbereitung dieses Themas innerhalb unserer Branche gehen wir davon aus, dass unser Produktangebot weitgehend stabil gehalten werden kann. Gemeinsam k\u00f6nnen wir zu nachhaltigen Lieferketten in unserer Branche beitragen.<\/p>\n          <\/div>\r\n\r\n          \r\n          \r\n        <\/div>\r\n        \r\n      <\/div>\r\n\r\n    \r\n  <\/div>\r\n<\/div>\r\n\r\n\n\n\r\n<div id=\"go-back-block_84d8f2019a7c463d4c17999a226ec994\" class=\"block-go-back module bc-trans\">\r\n  <div class=\"container\">\r\n\r\n    <a href=\"javascript:history.back()\" class=\"bttn-secondary go-back-link\">\r\n      <span class=\"arrow-left\"><\/span>Zur\u00fcck zur \u00dcbersicht    <\/a>\r\n\r\n  <\/div>\r\n<\/div>\r\n\r\n","protected":false},"excerpt":{"rendered":"","protected":false},"author":33,"featured_media":0,"parent":71219,"menu_order":0,"comment_status":"closed","ping_status":"closed","template":"","meta":{"_acf_changed":false,"footnotes":""},"class_list":["post-73024","page","type-page","status-publish","hentry"],"acf":[],"yoast_head":"<!-- This site is optimized with the Yoast SEO plugin v27.0 - https:\/\/yoast.com\/product\/yoast-seo-wordpress\/ -->\n<title>EU-Entwaldungsverordnung | Libri GmbH<\/title>\n<meta name=\"description\" content=\"Libri unterst\u00fctzt die EU-Entwaldungsverordnung (EUDR) zum Schutz globaler Naturw\u00e4lder und setzt sich f\u00fcr transparente Lieferketten ein.\" \/>\n<meta name=\"robots\" content=\"index, follow, max-snippet:-1, max-image-preview:large, max-video-preview:-1\" \/>\n<link rel=\"canonical\" href=\"https:\/\/www.libri.de\/de\/unternehmen\/nachhaltigkeit-und-compliance\/eu-entwaldungsverordnung\/\" \/>\n<meta property=\"og:locale\" content=\"de_DE\" \/>\n<meta property=\"og:type\" content=\"article\" \/>\n<meta property=\"og:title\" content=\"EU-Entwaldungsverordnung | Libri GmbH\" \/>\n<meta property=\"og:description\" content=\"Libri unterst\u00fctzt die EU-Entwaldungsverordnung (EUDR) zum Schutz globaler Naturw\u00e4lder und setzt sich f\u00fcr transparente Lieferketten ein.\" \/>\n<meta property=\"og:url\" content=\"https:\/\/www.libri.de\/de\/unternehmen\/nachhaltigkeit-und-compliance\/eu-entwaldungsverordnung\/\" \/>\n<meta property=\"og:site_name\" content=\"Libri GmbH\" \/>\n<meta property=\"article:publisher\" content=\"https:\/\/www.facebook.com\/libribarsortiment\" \/>\n<meta property=\"article:modified_time\" content=\"2025-10-13T16:15:22+00:00\" \/>\n<meta name=\"twitter:card\" content=\"summary_large_image\" \/>\n<script type=\"application\/ld+json\" class=\"yoast-schema-graph\">{\"@context\":\"https:\/\/schema.org\",\"@graph\":[{\"@type\":\"WebPage\",\"@id\":\"https:\/\/www.libri.de\/de\/unternehmen\/nachhaltigkeit-und-compliance\/eu-entwaldungsverordnung\/\",\"url\":\"https:\/\/www.libri.de\/de\/unternehmen\/nachhaltigkeit-und-compliance\/eu-entwaldungsverordnung\/\",\"name\":\"EU-Entwaldungsverordnung | Libri GmbH\",\"isPartOf\":{\"@id\":\"https:\/\/www.libri.de\/fr\/#website\"},\"datePublished\":\"2024-10-11T12:21:57+00:00\",\"dateModified\":\"2025-10-13T16:15:22+00:00\",\"description\":\"Libri unterst\u00fctzt die EU-Entwaldungsverordnung (EUDR) zum Schutz globaler Naturw\u00e4lder und setzt sich f\u00fcr transparente Lieferketten ein.\",\"breadcrumb\":{\"@id\":\"https:\/\/www.libri.de\/de\/unternehmen\/nachhaltigkeit-und-compliance\/eu-entwaldungsverordnung\/#breadcrumb\"},\"inLanguage\":\"de\",\"potentialAction\":[{\"@type\":\"ReadAction\",\"target\":[\"https:\/\/www.libri.de\/de\/unternehmen\/nachhaltigkeit-und-compliance\/eu-entwaldungsverordnung\/\"]}]},{\"@type\":\"BreadcrumbList\",\"@id\":\"https:\/\/www.libri.de\/de\/unternehmen\/nachhaltigkeit-und-compliance\/eu-entwaldungsverordnung\/#breadcrumb\",\"itemListElement\":[{\"@type\":\"ListItem\",\"position\":1,\"name\":\"Start\",\"item\":\"https:\/\/www.libri.de\/de\/\"},{\"@type\":\"ListItem\",\"position\":2,\"name\":\"Unternehmen\",\"item\":\"https:\/\/www.libri.de\/de\/unternehmen\/\"},{\"@type\":\"ListItem\",\"position\":3,\"name\":\"Nachhaltigkeit &amp; Compliance\",\"item\":\"https:\/\/www.libri.de\/de\/unternehmen\/nachhaltigkeit-und-compliance\/\"},{\"@type\":\"ListItem\",\"position\":4,\"name\":\"EU-Entwaldungsverordnung\"}]},{\"@type\":\"WebSite\",\"@id\":\"https:\/\/www.libri.de\/fr\/#website\",\"url\":\"https:\/\/www.libri.de\/fr\/\",\"name\":\"Libri GmbH\",\"description\":\"Barsortiment und Gro\u00dfhandel f\u00fcr B\u00fccher und andere Medien\",\"publisher\":{\"@id\":\"https:\/\/www.libri.de\/fr\/#organization\"},\"potentialAction\":[{\"@type\":\"SearchAction\",\"target\":{\"@type\":\"EntryPoint\",\"urlTemplate\":\"https:\/\/www.libri.de\/fr\/?s={search_term_string}\"},\"query-input\":{\"@type\":\"PropertyValueSpecification\",\"valueRequired\":true,\"valueName\":\"search_term_string\"}}],\"inLanguage\":\"de\"},{\"@type\":\"Organization\",\"@id\":\"https:\/\/www.libri.de\/fr\/#organization\",\"name\":\"Libri\",\"url\":\"https:\/\/www.libri.de\/fr\/\",\"logo\":{\"@type\":\"ImageObject\",\"inLanguage\":\"de\",\"@id\":\"https:\/\/www.libri.de\/fr\/#\/schema\/logo\/image\/\",\"url\":\"https:\/\/188.64.195.32\/wp-content\/uploads\/2022\/04\/libri_logo-1.jpg\",\"contentUrl\":\"https:\/\/188.64.195.32\/wp-content\/uploads\/2022\/04\/libri_logo-1.jpg\",\"width\":2000,\"height\":1000,\"caption\":\"Libri\"},\"image\":{\"@id\":\"https:\/\/www.libri.de\/fr\/#\/schema\/logo\/image\/\"},\"sameAs\":[\"https:\/\/www.facebook.com\/libribarsortiment\",\"https:\/\/www.instagram.com\/libri.barsortiment\",\"https:\/\/www.linkedin.com\/company\/libri-gmbh\"]}]}<\/script>\n<!-- \/ Yoast SEO plugin. -->","yoast_head_json":{"title":"EU-Entwaldungsverordnung | Libri GmbH","description":"Libri unterst\u00fctzt die EU-Entwaldungsverordnung (EUDR) zum Schutz globaler Naturw\u00e4lder und setzt sich f\u00fcr transparente Lieferketten ein.","robots":{"index":"index","follow":"follow","max-snippet":"max-snippet:-1","max-image-preview":"max-image-preview:large","max-video-preview":"max-video-preview:-1"},"canonical":"https:\/\/www.libri.de\/de\/unternehmen\/nachhaltigkeit-und-compliance\/eu-entwaldungsverordnung\/","og_locale":"de_DE","og_type":"article","og_title":"EU-Entwaldungsverordnung | Libri GmbH","og_description":"Libri unterst\u00fctzt die EU-Entwaldungsverordnung (EUDR) zum Schutz globaler Naturw\u00e4lder und setzt sich f\u00fcr transparente Lieferketten ein.","og_url":"https:\/\/www.libri.de\/de\/unternehmen\/nachhaltigkeit-und-compliance\/eu-entwaldungsverordnung\/","og_site_name":"Libri GmbH","article_publisher":"https:\/\/www.facebook.com\/libribarsortiment","article_modified_time":"2025-10-13T16:15:22+00:00","twitter_card":"summary_large_image","schema":{"@context":"https:\/\/schema.org","@graph":[{"@type":"WebPage","@id":"https:\/\/www.libri.de\/de\/unternehmen\/nachhaltigkeit-und-compliance\/eu-entwaldungsverordnung\/","url":"https:\/\/www.libri.de\/de\/unternehmen\/nachhaltigkeit-und-compliance\/eu-entwaldungsverordnung\/","name":"EU-Entwaldungsverordnung | Libri GmbH","isPartOf":{"@id":"https:\/\/www.libri.de\/fr\/#website"},"datePublished":"2024-10-11T12:21:57+00:00","dateModified":"2025-10-13T16:15:22+00:00","description":"Libri unterst\u00fctzt die EU-Entwaldungsverordnung (EUDR) zum Schutz globaler Naturw\u00e4lder und setzt sich f\u00fcr transparente Lieferketten ein.","breadcrumb":{"@id":"https:\/\/www.libri.de\/de\/unternehmen\/nachhaltigkeit-und-compliance\/eu-entwaldungsverordnung\/#breadcrumb"},"inLanguage":"de","potentialAction":[{"@type":"ReadAction","target":["https:\/\/www.libri.de\/de\/unternehmen\/nachhaltigkeit-und-compliance\/eu-entwaldungsverordnung\/"]}]},{"@type":"BreadcrumbList","@id":"https:\/\/www.libri.de\/de\/unternehmen\/nachhaltigkeit-und-compliance\/eu-entwaldungsverordnung\/#breadcrumb","itemListElement":[{"@type":"ListItem","position":1,"name":"Start","item":"https:\/\/www.libri.de\/de\/"},{"@type":"ListItem","position":2,"name":"Unternehmen","item":"https:\/\/www.libri.de\/de\/unternehmen\/"},{"@type":"ListItem","position":3,"name":"Nachhaltigkeit &amp; Compliance","item":"https:\/\/www.libri.de\/de\/unternehmen\/nachhaltigkeit-und-compliance\/"},{"@type":"ListItem","position":4,"name":"EU-Entwaldungsverordnung"}]},{"@type":"WebSite","@id":"https:\/\/www.libri.de\/fr\/#website","url":"https:\/\/www.libri.de\/fr\/","name":"Libri GmbH","description":"Barsortiment und Gro\u00dfhandel f\u00fcr B\u00fccher und andere Medien","publisher":{"@id":"https:\/\/www.libri.de\/fr\/#organization"},"potentialAction":[{"@type":"SearchAction","target":{"@type":"EntryPoint","urlTemplate":"https:\/\/www.libri.de\/fr\/?s={search_term_string}"},"query-input":{"@type":"PropertyValueSpecification","valueRequired":true,"valueName":"search_term_string"}}],"inLanguage":"de"},{"@type":"Organization","@id":"https:\/\/www.libri.de\/fr\/#organization","name":"Libri","url":"https:\/\/www.libri.de\/fr\/","logo":{"@type":"ImageObject","inLanguage":"de","@id":"https:\/\/www.libri.de\/fr\/#\/schema\/logo\/image\/","url":"https:\/\/188.64.195.32\/wp-content\/uploads\/2022\/04\/libri_logo-1.jpg","contentUrl":"https:\/\/188.64.195.32\/wp-content\/uploads\/2022\/04\/libri_logo-1.jpg","width":2000,"height":1000,"caption":"Libri"},"image":{"@id":"https:\/\/www.libri.de\/fr\/#\/schema\/logo\/image\/"},"sameAs":["https:\/\/www.facebook.com\/libribarsortiment","https:\/\/www.instagram.com\/libri.barsortiment","https:\/\/www.linkedin.com\/company\/libri-gmbh"]}]}},"_links":{"self":[{"href":"https:\/\/www.libri.de\/de\/wp-json\/wp\/v2\/pages\/73024","targetHints":{"allow":["GET"]}}],"collection":[{"href":"https:\/\/www.libri.de\/de\/wp-json\/wp\/v2\/pages"}],"about":[{"href":"https:\/\/www.libri.de\/de\/wp-json\/wp\/v2\/types\/page"}],"author":[{"embeddable":true,"href":"https:\/\/www.libri.de\/de\/wp-json\/wp\/v2\/users\/33"}],"replies":[{"embeddable":true,"href":"https:\/\/www.libri.de\/de\/wp-json\/wp\/v2\/comments?post=73024"}],"version-history":[{"count":3,"href":"https:\/\/www.libri.de\/de\/wp-json\/wp\/v2\/pages\/73024\/revisions"}],"predecessor-version":[{"id":84097,"href":"https:\/\/www.libri.de\/de\/wp-json\/wp\/v2\/pages\/73024\/revisions\/84097"}],"up":[{"embeddable":true,"href":"https:\/\/www.libri.de\/de\/wp-json\/wp\/v2\/pages\/71219"}],"wp:attachment":[{"href":"https:\/\/www.libri.de\/de\/wp-json\/wp\/v2\/media?parent=73024"}],"curies":[{"name":"wp","href":"https:\/\/api.w.org\/{rel}","templated":true}]}}