{"id":72979,"date":"2024-10-11T13:56:46","date_gmt":"2024-10-11T11:56:46","guid":{"rendered":"https:\/\/www.libri.de\/?page_id=72979"},"modified":"2026-03-23T11:42:30","modified_gmt":"2026-03-23T09:42:30","slug":"produktsicherheitsverordnung-gpsr","status":"publish","type":"page","link":"https:\/\/www.libri.de\/de\/unternehmen\/nachhaltigkeit-und-compliance\/produktsicherheitsverordnung-gpsr\/","title":{"rendered":"GPSR (Produktsicherheitsverordnung)"},"content":{"rendered":"\r\n<div id=\"header-block_628490ea0b856992a6d7af3e5bb5418c\" class=\"block-header module type-top-bottom bc-green c-white-imp\">\r\n  <div class=\"container\">\r\n\r\n    <p id=\"breadcrumbs\"><span><span><a href=\"https:\/\/www.libri.de\/de\/\">Start<\/a><\/span><\/span><\/p>    \r\n    \r\n      \r\n      <div class=\"row\">\r\n        <div class=\"col-12 col-md-10 title\">\r\n          <h1 class=\"\">Produktsicherheitsverordnung (GPSR)<\/h1>\r\n        <\/div>\r\n\r\n        <div class=\"col-12 col-md-10 text\">\r\n          <p>Die GPSR (Produktsicherheitsverordnung) lautet im Englischen &#8222;General Product Safety Regulations&#8220;. Hiervon wird auch die Abk\u00fcrzung GPSR abgeleitet. Die GPSR (auch bekannt als Verordnung \u00fcber die Sicherheit von Produkten) stellt den rechtlichen Rahmen dar, der die Sicherheit von Produkten im europ\u00e4ischen Markt gew\u00e4hrleisten soll. Sie legt allgemeine Grunds\u00e4tze fest, wie Produkte gestaltet, hergestellt und in den Verkehr gebracht werden m\u00fcssen, um sicherzustellen, dass sie keine Risiken f\u00fcr Verbraucher oder Dritte darstellen.<\/p>\r\n        <\/div>\r\n      <\/div>\r\n\r\n      \r\n  <\/div>\r\n<\/div>\r\n\r\n\n\n\r\n<div id=\"anchor-nav-block_35c3db3cf3a393188b9fe69fa58c7f2f\" class=\"block-anchor-nav module bc-white\"  >\r\n\r\n      <div class=\"container\"><div class=\"line\"><\/div><\/div>\r\n    \r\n    <div class=\"container\">\r\n      <div class=\"p-relative\">\r\n        <div class=\"arrow left\"><\/div>\r\n        <div class=\"arrow right\"><\/div>\r\n      <\/div>\r\n      <div class=\"overflow-x-auto\">\r\n        <div class=\"d-flex anchor-nav\" data-class=\"anchor-nav-entry\"><\/div>\r\n      <\/div>\r\n    <\/div>\r\n\r\n  <\/div>\r\n\r\n\n\n\r\n<div id=\"regularien\" class=\"block-anchor\" data-title=\"Regularien\" >\r\n\r\n  <\/div>\r\n\r\n\n\n\r\n<div id=\"text-block_efc77dab1ed5046a68d5f57d0297bd7f\" class=\"block-text module type-text bc-trans\">\r\n  <div class=\"container\">\r\n\r\n    \r\n      <div class=\"row \">\r\n\r\n        \r\n        <div class=\"col-12 col-md-10\">\r\n\r\n          \r\n          <div class=\"text for-box-js\">\r\n            <p><b>Am 13. Dezember 2024 <\/b>wird die Produktsicherheit-\/kennzeichnung verbindlich. Libri bereitet sich sorgf\u00e4ltig auf diese neue Regelung vor und wird rechtzeitig alle Partnerverlage anschreiben und informieren. In Kurzform: Libri wird ab dann f\u00fcr die Pr\u00fcfung verantwortlich sein, dass alle Produkte korrekt von den Partnerverlagen gekennzeichnet sind (Produkte, die nicht GPSR-konform sind, werden aus dem Sortiment genommen), z.B.:<\/p>\n<ul>\n<li><strong>Kennzeichnung des Produkts:<\/strong> Hersteller oder Verlage m\u00fcssen sicherstellen, dass die Hersteller Ihre Produkte mit einer Typen-, Chargen- oder Seriennummer versehen, damit das Produkt leicht identifiziert werden kann (z. B. ISBN). Diese Kennzeichnung sollte als physisch erkennbares Etikett auf dem Produkt angebracht sein (siehe Pflichten f\u00fcr Verlage B\u00f6rsenverein).<\/li>\n<li><strong>Warnhinweise und Produktkennzeichnung:<\/strong> Wenn n\u00f6tig, m\u00fcssen die Produkte klare Warnhinweise oder Kennzeichnungen haben, die f\u00fcr Verbraucher gut sichtbar sind. Diese sollten ebenfalls als physisch erkennbares Etikett am Produkt oder der Verpackung angebracht werden.<\/li>\n<li><strong>Hersteller bzw. Verlagsinformationen:<\/strong> Der Hersteller oder Verleger muss seinen Namen, Handelsnamen oder die Marke, seine Postanschrift und E-Mail-Adresse angeben. Falls abweichend, muss auch eine zentrale Kontaktadresse angegeben werden. Diese Informationen sollten entweder auf dem Produkt selbst, auf der Verpackung oder in einer beigef\u00fcgten Unterlage stehen.<\/li>\n<\/ul>\n<p>Des Weiteren <b>operiert Libri als Fernabsatzbetreiber. Fernabsatzbetreiber agieren als Schnittstelle zwischen Herstellern, Verlagsh\u00e4usern, Importeuren und den Endverbrauchern<\/b>. Ihre zentrale Aufgabe ist es, sicherzustellen, dass die Produkte, die sie vertreiben oder \u00fcber ihre Plattformen anbieten, den geltenden Sicherheitsanforderungen entsprechen. Sie \u00fcbernehmen eine <b>Vermittlungsrolle<\/b>, die den Zugang von Produkten zum Markt und zu den Konsumenten erleichtert. Sie sind verpflichtet, sicherzustellen, dass die Produktbeschreibungen auf ihren Websites vollst\u00e4ndig, korrekt und klar verst\u00e4ndlich sind. Libri erwartet von seinen Partnern daher eine <b>umfassende Bereitstellung aller relevanten Informationen<\/b> in digitaler Form.<\/p>\n<ul>\n<li><strong>Herstellerangaben:<\/strong> Namen des Herstellers oder Verlags, Eingetragener Handelsname o. d. eingetragene Handelsmarke d. Herstellers oder Verlags, Postanschrift &amp; E-Mail des Herstellers oder Verlags<\/li>\n<li><strong>Produktidentifikation:<\/strong> Im Online-Verkauf m\u00fcssen Produkte klar identifizierbar sein, z.B. durch die digitale Bereitstellung v. Bilder, Produkttyp (Beschreibung) &amp; Identifikatoren (Nummern etc.)<\/li>\n<li><strong>Falls der Hersteller oder Verleger nicht in der EU niedergelassen ist:<\/strong> Namen d. verantwortlichen Person (Einf\u00fchrer, Bevollm\u00e4chtigter oder Fulfillment-Dienstleister), Anschrift d. verantwortlichen Person (Einf\u00fchrer, Bevollm\u00e4chtigter oder Fulfillment-Dienstleister), E-Mailadresse d. verantwortlichen Person (Einf\u00fchrer, Bevollm\u00e4chtigter oder Fulfillment-Dienstleister)<\/li>\n<\/ul>\n          <\/div>\r\n\r\n          \r\n          \r\n        <\/div>\r\n        \r\n      <\/div>\r\n\r\n    \r\n  <\/div>\r\n<\/div>\r\n\r\n\n\n\r\n<div id=\"faq\" class=\"block-anchor\" data-title=\"FAQ\" >\r\n\r\n  <\/div>\r\n\r\n\n\n\r\n<div id=\"teaser-small-block_7f5c363c4d1f9aad285086f81b323584\" class=\"block-teaser-small bc-green-2\">\r\n\r\n  <div class=\"container\">\r\n\r\n    <a href=\"https:\/\/www.libri.de\/de\/unternehmen\/nachhaltigkeit-und-compliance\/produktsicherheitsverordnung-gpsr\/faq-gpsr\/\" target=\"\" class=\"d-flex align-items-center justify-content-center flex-column flex-md-row\">\r\n\r\n              <div class=\"image\">\r\n          <img decoding=\"async\" width=\"150\" height=\"150\" src=\"https:\/\/www.libri.de\/wp-content\/uploads\/2024\/12\/GPSR-FAQ-Icon-150x150.png\" class=\"attachment-thumbnail size-thumbnail\" alt=\"\" srcset=\"https:\/\/www.libri.de\/wp-content\/uploads\/2024\/12\/GPSR-FAQ-Icon-150x150.png 150w, https:\/\/www.libri.de\/wp-content\/uploads\/2024\/12\/GPSR-FAQ-Icon-300x300.png 300w, https:\/\/www.libri.de\/wp-content\/uploads\/2024\/12\/GPSR-FAQ-Icon.png 600w\" sizes=\"(max-width: 150px) 100vw, 150px\" \/>        <\/div>\r\n      \r\n      <div class=\"text\">\r\n        <h3 class=\"title\">Zu den FAQs<\/h3>\r\n        <p>Produktrechtliche Anforderungen kompakt: Antworten auf h\u00e4ufige Fragen zur Produktsicherheitsverordnung.<\/p>      <\/div>\r\n\r\n      <div class=\"teaser-arrow\"><\/div>\r\n\r\n    <\/a>\r\n\r\n  <\/div>\r\n<\/div>\r\n\r\n\n\n\r\n<div id=\"go-back-block_0c49590ef5b81632a8e7abfce8bdc7ed\" class=\"block-go-back module bc-trans\">\r\n  <div class=\"container\">\r\n\r\n    <a href=\"javascript:history.back()\" class=\"bttn-secondary go-back-link\">\r\n      <span class=\"arrow-left\"><\/span>Zur\u00fcck zur \u00dcbersicht    <\/a>\r\n\r\n  <\/div>\r\n<\/div>\r\n\r\n","protected":false},"excerpt":{"rendered":"","protected":false},"author":33,"featured_media":0,"parent":71219,"menu_order":0,"comment_status":"closed","ping_status":"closed","template":"","meta":{"_acf_changed":false,"footnotes":""},"class_list":["post-72979","page","type-page","status-publish","hentry"],"acf":[],"yoast_head":"<!-- This site is optimized with the Yoast SEO plugin v27.0 - https:\/\/yoast.com\/product\/yoast-seo-wordpress\/ -->\n<title>GPSR (Produktsicherheitsverordnung) | Libri GmbH<\/title>\n<meta name=\"description\" content=\"Libri sorgt, dass Produkte gem\u00e4\u00df GPSR gekennzeichnet sind, um die Sicherheit der Verbraucher zu gew\u00e4hrleisten.\" \/>\n<meta name=\"robots\" content=\"index, follow, max-snippet:-1, max-image-preview:large, max-video-preview:-1\" \/>\n<link rel=\"canonical\" href=\"https:\/\/www.libri.de\/de\/unternehmen\/nachhaltigkeit-und-compliance\/produktsicherheitsverordnung-gpsr\/\" \/>\n<meta property=\"og:locale\" content=\"de_DE\" \/>\n<meta property=\"og:type\" content=\"article\" \/>\n<meta property=\"og:title\" content=\"GPSR (Produktsicherheitsverordnung) | Libri GmbH\" \/>\n<meta property=\"og:description\" content=\"Libri sorgt, dass Produkte gem\u00e4\u00df GPSR gekennzeichnet sind, um die Sicherheit der Verbraucher zu gew\u00e4hrleisten.\" \/>\n<meta property=\"og:url\" content=\"https:\/\/www.libri.de\/de\/unternehmen\/nachhaltigkeit-und-compliance\/produktsicherheitsverordnung-gpsr\/\" \/>\n<meta property=\"og:site_name\" content=\"Libri GmbH\" \/>\n<meta property=\"article:publisher\" content=\"https:\/\/www.facebook.com\/libribarsortiment\" \/>\n<meta property=\"article:modified_time\" content=\"2026-03-23T09:42:30+00:00\" \/>\n<meta name=\"twitter:card\" content=\"summary_large_image\" \/>\n<script type=\"application\/ld+json\" class=\"yoast-schema-graph\">{\"@context\":\"https:\/\/schema.org\",\"@graph\":[{\"@type\":\"WebPage\",\"@id\":\"https:\/\/www.libri.de\/de\/unternehmen\/nachhaltigkeit-und-compliance\/produktsicherheitsverordnung-gpsr\/\",\"url\":\"https:\/\/www.libri.de\/de\/unternehmen\/nachhaltigkeit-und-compliance\/produktsicherheitsverordnung-gpsr\/\",\"name\":\"GPSR (Produktsicherheitsverordnung) | Libri GmbH\",\"isPartOf\":{\"@id\":\"https:\/\/www.libri.de\/fr\/#website\"},\"datePublished\":\"2024-10-11T11:56:46+00:00\",\"dateModified\":\"2026-03-23T09:42:30+00:00\",\"description\":\"Libri sorgt, dass Produkte gem\u00e4\u00df GPSR gekennzeichnet sind, um die Sicherheit der Verbraucher zu gew\u00e4hrleisten.\",\"breadcrumb\":{\"@id\":\"https:\/\/www.libri.de\/de\/unternehmen\/nachhaltigkeit-und-compliance\/produktsicherheitsverordnung-gpsr\/#breadcrumb\"},\"inLanguage\":\"de\",\"potentialAction\":[{\"@type\":\"ReadAction\",\"target\":[\"https:\/\/www.libri.de\/de\/unternehmen\/nachhaltigkeit-und-compliance\/produktsicherheitsverordnung-gpsr\/\"]}]},{\"@type\":\"BreadcrumbList\",\"@id\":\"https:\/\/www.libri.de\/de\/unternehmen\/nachhaltigkeit-und-compliance\/produktsicherheitsverordnung-gpsr\/#breadcrumb\",\"itemListElement\":[{\"@type\":\"ListItem\",\"position\":1,\"name\":\"Start\",\"item\":\"https:\/\/www.libri.de\/de\/\"},{\"@type\":\"ListItem\",\"position\":2,\"name\":\"Unternehmen\",\"item\":\"https:\/\/www.libri.de\/de\/unternehmen\/\"},{\"@type\":\"ListItem\",\"position\":3,\"name\":\"Nachhaltigkeit &amp; Compliance\",\"item\":\"https:\/\/www.libri.de\/de\/unternehmen\/nachhaltigkeit-und-compliance\/\"},{\"@type\":\"ListItem\",\"position\":4,\"name\":\"GPSR (Produktsicherheitsverordnung)\"}]},{\"@type\":\"WebSite\",\"@id\":\"https:\/\/www.libri.de\/fr\/#website\",\"url\":\"https:\/\/www.libri.de\/fr\/\",\"name\":\"Libri GmbH\",\"description\":\"Barsortiment und Gro\u00dfhandel f\u00fcr B\u00fccher und andere Medien\",\"publisher\":{\"@id\":\"https:\/\/www.libri.de\/fr\/#organization\"},\"potentialAction\":[{\"@type\":\"SearchAction\",\"target\":{\"@type\":\"EntryPoint\",\"urlTemplate\":\"https:\/\/www.libri.de\/fr\/?s={search_term_string}\"},\"query-input\":{\"@type\":\"PropertyValueSpecification\",\"valueRequired\":true,\"valueName\":\"search_term_string\"}}],\"inLanguage\":\"de\"},{\"@type\":\"Organization\",\"@id\":\"https:\/\/www.libri.de\/fr\/#organization\",\"name\":\"Libri\",\"url\":\"https:\/\/www.libri.de\/fr\/\",\"logo\":{\"@type\":\"ImageObject\",\"inLanguage\":\"de\",\"@id\":\"https:\/\/www.libri.de\/fr\/#\/schema\/logo\/image\/\",\"url\":\"https:\/\/188.64.195.32\/wp-content\/uploads\/2022\/04\/libri_logo-1.jpg\",\"contentUrl\":\"https:\/\/188.64.195.32\/wp-content\/uploads\/2022\/04\/libri_logo-1.jpg\",\"width\":2000,\"height\":1000,\"caption\":\"Libri\"},\"image\":{\"@id\":\"https:\/\/www.libri.de\/fr\/#\/schema\/logo\/image\/\"},\"sameAs\":[\"https:\/\/www.facebook.com\/libribarsortiment\",\"https:\/\/www.instagram.com\/libri.barsortiment\",\"https:\/\/www.linkedin.com\/company\/libri-gmbh\"]}]}<\/script>\n<!-- \/ Yoast SEO plugin. -->","yoast_head_json":{"title":"GPSR (Produktsicherheitsverordnung) | Libri GmbH","description":"Libri sorgt, dass Produkte gem\u00e4\u00df GPSR gekennzeichnet sind, um die Sicherheit der Verbraucher zu gew\u00e4hrleisten.","robots":{"index":"index","follow":"follow","max-snippet":"max-snippet:-1","max-image-preview":"max-image-preview:large","max-video-preview":"max-video-preview:-1"},"canonical":"https:\/\/www.libri.de\/de\/unternehmen\/nachhaltigkeit-und-compliance\/produktsicherheitsverordnung-gpsr\/","og_locale":"de_DE","og_type":"article","og_title":"GPSR (Produktsicherheitsverordnung) | Libri GmbH","og_description":"Libri sorgt, dass Produkte gem\u00e4\u00df GPSR gekennzeichnet sind, um die Sicherheit der Verbraucher zu gew\u00e4hrleisten.","og_url":"https:\/\/www.libri.de\/de\/unternehmen\/nachhaltigkeit-und-compliance\/produktsicherheitsverordnung-gpsr\/","og_site_name":"Libri GmbH","article_publisher":"https:\/\/www.facebook.com\/libribarsortiment","article_modified_time":"2026-03-23T09:42:30+00:00","twitter_card":"summary_large_image","schema":{"@context":"https:\/\/schema.org","@graph":[{"@type":"WebPage","@id":"https:\/\/www.libri.de\/de\/unternehmen\/nachhaltigkeit-und-compliance\/produktsicherheitsverordnung-gpsr\/","url":"https:\/\/www.libri.de\/de\/unternehmen\/nachhaltigkeit-und-compliance\/produktsicherheitsverordnung-gpsr\/","name":"GPSR (Produktsicherheitsverordnung) | Libri GmbH","isPartOf":{"@id":"https:\/\/www.libri.de\/fr\/#website"},"datePublished":"2024-10-11T11:56:46+00:00","dateModified":"2026-03-23T09:42:30+00:00","description":"Libri sorgt, dass Produkte gem\u00e4\u00df GPSR gekennzeichnet sind, um die Sicherheit der Verbraucher zu gew\u00e4hrleisten.","breadcrumb":{"@id":"https:\/\/www.libri.de\/de\/unternehmen\/nachhaltigkeit-und-compliance\/produktsicherheitsverordnung-gpsr\/#breadcrumb"},"inLanguage":"de","potentialAction":[{"@type":"ReadAction","target":["https:\/\/www.libri.de\/de\/unternehmen\/nachhaltigkeit-und-compliance\/produktsicherheitsverordnung-gpsr\/"]}]},{"@type":"BreadcrumbList","@id":"https:\/\/www.libri.de\/de\/unternehmen\/nachhaltigkeit-und-compliance\/produktsicherheitsverordnung-gpsr\/#breadcrumb","itemListElement":[{"@type":"ListItem","position":1,"name":"Start","item":"https:\/\/www.libri.de\/de\/"},{"@type":"ListItem","position":2,"name":"Unternehmen","item":"https:\/\/www.libri.de\/de\/unternehmen\/"},{"@type":"ListItem","position":3,"name":"Nachhaltigkeit &amp; Compliance","item":"https:\/\/www.libri.de\/de\/unternehmen\/nachhaltigkeit-und-compliance\/"},{"@type":"ListItem","position":4,"name":"GPSR (Produktsicherheitsverordnung)"}]},{"@type":"WebSite","@id":"https:\/\/www.libri.de\/fr\/#website","url":"https:\/\/www.libri.de\/fr\/","name":"Libri GmbH","description":"Barsortiment und Gro\u00dfhandel f\u00fcr B\u00fccher und andere Medien","publisher":{"@id":"https:\/\/www.libri.de\/fr\/#organization"},"potentialAction":[{"@type":"SearchAction","target":{"@type":"EntryPoint","urlTemplate":"https:\/\/www.libri.de\/fr\/?s={search_term_string}"},"query-input":{"@type":"PropertyValueSpecification","valueRequired":true,"valueName":"search_term_string"}}],"inLanguage":"de"},{"@type":"Organization","@id":"https:\/\/www.libri.de\/fr\/#organization","name":"Libri","url":"https:\/\/www.libri.de\/fr\/","logo":{"@type":"ImageObject","inLanguage":"de","@id":"https:\/\/www.libri.de\/fr\/#\/schema\/logo\/image\/","url":"https:\/\/188.64.195.32\/wp-content\/uploads\/2022\/04\/libri_logo-1.jpg","contentUrl":"https:\/\/188.64.195.32\/wp-content\/uploads\/2022\/04\/libri_logo-1.jpg","width":2000,"height":1000,"caption":"Libri"},"image":{"@id":"https:\/\/www.libri.de\/fr\/#\/schema\/logo\/image\/"},"sameAs":["https:\/\/www.facebook.com\/libribarsortiment","https:\/\/www.instagram.com\/libri.barsortiment","https:\/\/www.linkedin.com\/company\/libri-gmbh"]}]}},"_links":{"self":[{"href":"https:\/\/www.libri.de\/de\/wp-json\/wp\/v2\/pages\/72979","targetHints":{"allow":["GET"]}}],"collection":[{"href":"https:\/\/www.libri.de\/de\/wp-json\/wp\/v2\/pages"}],"about":[{"href":"https:\/\/www.libri.de\/de\/wp-json\/wp\/v2\/types\/page"}],"author":[{"embeddable":true,"href":"https:\/\/www.libri.de\/de\/wp-json\/wp\/v2\/users\/33"}],"replies":[{"embeddable":true,"href":"https:\/\/www.libri.de\/de\/wp-json\/wp\/v2\/comments?post=72979"}],"version-history":[{"count":3,"href":"https:\/\/www.libri.de\/de\/wp-json\/wp\/v2\/pages\/72979\/revisions"}],"predecessor-version":[{"id":88831,"href":"https:\/\/www.libri.de\/de\/wp-json\/wp\/v2\/pages\/72979\/revisions\/88831"}],"up":[{"embeddable":true,"href":"https:\/\/www.libri.de\/de\/wp-json\/wp\/v2\/pages\/71219"}],"wp:attachment":[{"href":"https:\/\/www.libri.de\/de\/wp-json\/wp\/v2\/media?parent=72979"}],"curies":[{"name":"wp","href":"https:\/\/api.w.org\/{rel}","templated":true}]}}