{"id":71703,"date":"2024-10-09T14:56:27","date_gmt":"2024-10-09T12:56:27","guid":{"rendered":"https:\/\/www.libri.de\/?page_id=71703"},"modified":"2025-06-04T10:07:12","modified_gmt":"2025-06-04T08:07:12","slug":"libri-direkt","status":"publish","type":"page","link":"https:\/\/www.libri.de\/de\/fuer-den-handel\/ecommerce\/libri-direkt\/","title":{"rendered":"Libri.Direkt"},"content":{"rendered":"\r\n<div id=\"header-block_ab20c1e857af8eef2bbbca62d5dfc903\" class=\"block-header module type-small bc-blue c-white-imp\">\r\n  <div class=\"container\">\r\n\r\n    <p id=\"breadcrumbs\"><span><span><a href=\"https:\/\/www.libri.de\/de\/\">Start<\/a><\/span><\/span><\/p>    \r\n    \r\n      \r\n      <div class=\"row\">\r\n        <div class=\"col-12 col-md-10 title\">\r\n          <h1 class=\"\">Libri.Direkt \u2013 Fulfillment nach h\u00f6chsten Ma\u00dfst\u00e4ben<\/h1>\r\n        <\/div>\r\n\r\n        <div class=\"col-12 col-md-10 text\">\r\n          <p><\/p>\r\n        <\/div>\r\n      <\/div>\r\n\r\n      \r\n  <\/div>\r\n<\/div>\r\n\r\n\n\n\r\n<div id=\"text-block_8208ade61f07ceb1cb8fe9b31860cb22\" class=\"block-text module type-text bc-trans\">\r\n  <div class=\"container\">\r\n\r\n    \r\n      <div class=\"row \">\r\n\r\n        \r\n        <div class=\"col-12 col-md-10\">\r\n\r\n                      <h2 class=\"title\">Ausgereifte Systeme, eingespielte Abl\u00e4ufe und perfekte Logistik<\/h2>\r\n          \r\n          <div class=\"text for-box-js\">\r\n            <ul>\n<li>Um Ihre Lagerkapazit\u00e4ten zu schonen und Ressourcen zu sparen, bieten wir Ihnen in Kooperation mit unserem <strong>Logistikpartner Deutsche Post \/ DHL Group<\/strong> einen zuverl\u00e4ssigen <strong>Deutschland- und weltweiten Versandservice<\/strong> zu Ihren Kund*innen nach Hause an.<\/li>\n<li>Wir <strong style=\"font-size: 20px;\">\u00fcbernehmen<\/strong><span style=\"font-size: 20px;\"> dabei das <\/span><strong style=\"font-size: 20px;\">komplette Fulfillment Ihrer Ware<\/strong><span style=\"font-size: 20px;\">\u00a0inklusive Zollabwicklung und Veredelung der Sendungen.<\/span><\/li>\n<li>Wir bieten die <strong>Versandoptionen<\/strong> Gro\u00dfbrief, Kleinpaket und Paket (national) sowie international Paket an.<\/li>\n<li>Paket-Sendungen werden im Regelfall innerhalb Deutschlands am Folgetag zugestellt.<\/li>\n<\/ul>\n          <\/div>\r\n\r\n          \r\n          \r\n        <\/div>\r\n        \r\n      <\/div>\r\n\r\n    \r\n  <\/div>\r\n<\/div>\r\n\r\n\n\n\r\n<div id=\"image-block_4c155a9cccdf268526d2bf9292e4e731\" class=\"block-image module type-full bc-trans\">\r\n\r\n  \r\n    <img decoding=\"async\" width=\"1650\" height=\"910\" src=\"https:\/\/www.libri.de\/wp-content\/uploads\/2021\/12\/Libri.Direkt_Dropshipment_Versandservice_02.jpg\" class=\"attachment-2048x2048 size-2048x2048\" alt=\"Libri Mitarbeiterin bereit im Versandservice eine Bestellung f\u00fcr den Versand vor im Logistikzentrum\" srcset=\"https:\/\/www.libri.de\/wp-content\/uploads\/2021\/12\/Libri.Direkt_Dropshipment_Versandservice_02.jpg 1650w, https:\/\/www.libri.de\/wp-content\/uploads\/2021\/12\/Libri.Direkt_Dropshipment_Versandservice_02-300x165.jpg 300w, https:\/\/www.libri.de\/wp-content\/uploads\/2021\/12\/Libri.Direkt_Dropshipment_Versandservice_02-1024x565.jpg 1024w, https:\/\/www.libri.de\/wp-content\/uploads\/2021\/12\/Libri.Direkt_Dropshipment_Versandservice_02-768x424.jpg 768w, https:\/\/www.libri.de\/wp-content\/uploads\/2021\/12\/Libri.Direkt_Dropshipment_Versandservice_02-1536x847.jpg 1536w\" sizes=\"(max-width: 1650px) 100vw, 1650px\" \/>\r\n   \r\n  \r\n<\/div>\r\n\r\n\n\n\r\n<div id=\"teaser-contact-block_6e043c2121bcf61173e1e15a95e5ad0c\" class=\"block-teaser-contact bc-third-blue c-white-imp\">\r\n  <div class=\"container\">\r\n    <div class=\"row flex-md-row-reverse justify-content-between\">\r\n\r\n      <div class=\"col-12 col-md-4\">\r\n        <div class=\"image\">\r\n                  <\/div>\r\n      <\/div>\r\n\r\n      <div class=\"col-12 col-md-6 d-flex flex-column\">\r\n\r\n        <div class=\"text\">\r\n                      <h2 class=\"title\">Wir helfen Ihnen gerne weiter.<\/h2>\r\n          \r\n                      <p>Haben Sie Fragen oder ein bestimmtes Anliegen?<\/p>\r\n                  <\/div>\r\n\r\n                  <div class=\"cta\">\r\n            <a \r\n              class=\"bttn-primary icn-no\"\r\n              href=\"https:\/\/www.libri.de\/de\/kontakt\/internationale-ecommerce-haendlerinnen\/\"\r\n              target=\"_self\"\r\n              >\r\n              Jetzt Kontakt aufnehmen            <\/a>\r\n          <\/div>\r\n        \r\n        \r\n      <\/div>\r\n\r\n    <\/div>\r\n  <\/div>\r\n<\/div>\r\n\r\n\n\n\r\n<div id=\"go-back-block_3f5cfa3b85c4a6788c0f4e3158b47fb1\" class=\"block-go-back module bc-green-2\">\r\n  <div class=\"container\">\r\n\r\n    <a href=\"javascript:history.back()\" class=\"bttn-secondary go-back-link\">\r\n      <span class=\"arrow-left\"><\/span>Zur\u00fcck zur \u00dcbersicht    <\/a>\r\n\r\n  <\/div>\r\n<\/div>\r\n\r\n","protected":false},"excerpt":{"rendered":"<p>Mit unserem Versandservice Libri.Direkt beliefern wir Ihre Kundinnen und Kunden weltweit direkt nach Hause und Sie sparen Zeit- &#038; Lagerkapazit\u00e4ten.<\/p>\n","protected":false},"author":33,"featured_media":34138,"parent":71678,"menu_order":0,"comment_status":"closed","ping_status":"closed","template":"","meta":{"_acf_changed":false,"footnotes":""},"class_list":["post-71703","page","type-page","status-publish","has-post-thumbnail","hentry"],"acf":[],"yoast_head":"<!-- This site is optimized with the Yoast SEO plugin v27.0 - https:\/\/yoast.com\/product\/yoast-seo-wordpress\/ -->\n<title>Libri.Direkt | Libri GmbH<\/title>\n<meta name=\"description\" content=\"Mit unserem Versandservice Libri.Direkt beliefern wir Ihre Kundinnen und Kunden weltweit direkt nach Hause und Sie sparen Zeit- &amp; Lagerkapazit\u00e4ten.\" \/>\n<meta name=\"robots\" content=\"index, follow, max-snippet:-1, max-image-preview:large, max-video-preview:-1\" \/>\n<link rel=\"canonical\" href=\"https:\/\/www.libri.de\/de\/fuer-den-handel\/ecommerce\/libri-direkt\/\" \/>\n<meta property=\"og:locale\" content=\"de_DE\" \/>\n<meta property=\"og:type\" content=\"article\" \/>\n<meta property=\"og:title\" content=\"Libri.Direkt | Libri GmbH\" \/>\n<meta property=\"og:description\" content=\"Mit unserem Versandservice Libri.Direkt beliefern wir Ihre Kundinnen und Kunden weltweit direkt nach Hause und Sie sparen Zeit- &amp; Lagerkapazit\u00e4ten.\" \/>\n<meta property=\"og:url\" content=\"https:\/\/www.libri.de\/de\/fuer-den-handel\/ecommerce\/libri-direkt\/\" \/>\n<meta property=\"og:site_name\" content=\"Libri GmbH\" \/>\n<meta property=\"article:publisher\" content=\"https:\/\/www.facebook.com\/libribarsortiment\" \/>\n<meta property=\"article:modified_time\" content=\"2025-06-04T08:07:12+00:00\" \/>\n<meta property=\"og:image\" content=\"https:\/\/www.libri.de\/wp-content\/uploads\/2021\/12\/Libri.Direkt_Dropshipment_Versandservice_02.jpg\" \/>\n\t<meta property=\"og:image:width\" content=\"1650\" \/>\n\t<meta property=\"og:image:height\" content=\"910\" \/>\n\t<meta property=\"og:image:type\" content=\"image\/jpeg\" \/>\n<meta name=\"twitter:card\" content=\"summary_large_image\" \/>\n<meta name=\"twitter:label1\" content=\"Gesch\u00e4tzte Lesezeit\" \/>\n\t<meta name=\"twitter:data1\" content=\"1\u00a0Minute\" \/>\n<script type=\"application\/ld+json\" class=\"yoast-schema-graph\">{\"@context\":\"https:\/\/schema.org\",\"@graph\":[{\"@type\":\"WebPage\",\"@id\":\"https:\/\/www.libri.de\/de\/fuer-den-handel\/ecommerce\/libri-direkt\/\",\"url\":\"https:\/\/www.libri.de\/de\/fuer-den-handel\/ecommerce\/libri-direkt\/\",\"name\":\"Libri.Direkt | Libri GmbH\",\"isPartOf\":{\"@id\":\"https:\/\/www.libri.de\/fr\/#website\"},\"primaryImageOfPage\":{\"@id\":\"https:\/\/www.libri.de\/de\/fuer-den-handel\/ecommerce\/libri-direkt\/#primaryimage\"},\"image\":{\"@id\":\"https:\/\/www.libri.de\/de\/fuer-den-handel\/ecommerce\/libri-direkt\/#primaryimage\"},\"thumbnailUrl\":\"https:\/\/www.libri.de\/wp-content\/uploads\/2021\/12\/Libri.Direkt_Dropshipment_Versandservice_02.jpg\",\"datePublished\":\"2024-10-09T12:56:27+00:00\",\"dateModified\":\"2025-06-04T08:07:12+00:00\",\"description\":\"Mit unserem Versandservice Libri.Direkt beliefern wir Ihre Kundinnen und Kunden weltweit direkt nach Hause und Sie sparen Zeit- & Lagerkapazit\u00e4ten.\",\"breadcrumb\":{\"@id\":\"https:\/\/www.libri.de\/de\/fuer-den-handel\/ecommerce\/libri-direkt\/#breadcrumb\"},\"inLanguage\":\"de\",\"potentialAction\":[{\"@type\":\"ReadAction\",\"target\":[\"https:\/\/www.libri.de\/de\/fuer-den-handel\/ecommerce\/libri-direkt\/\"]}]},{\"@type\":\"ImageObject\",\"inLanguage\":\"de\",\"@id\":\"https:\/\/www.libri.de\/de\/fuer-den-handel\/ecommerce\/libri-direkt\/#primaryimage\",\"url\":\"https:\/\/www.libri.de\/wp-content\/uploads\/2021\/12\/Libri.Direkt_Dropshipment_Versandservice_02.jpg\",\"contentUrl\":\"https:\/\/www.libri.de\/wp-content\/uploads\/2021\/12\/Libri.Direkt_Dropshipment_Versandservice_02.jpg\",\"width\":1650,\"height\":910,\"caption\":\"Libri Mitarbeiterin bereit im Versandservice eine Bestellung f\u00fcr den Versand vor im Logistikzentrum\"},{\"@type\":\"BreadcrumbList\",\"@id\":\"https:\/\/www.libri.de\/de\/fuer-den-handel\/ecommerce\/libri-direkt\/#breadcrumb\",\"itemListElement\":[{\"@type\":\"ListItem\",\"position\":1,\"name\":\"Start\",\"item\":\"https:\/\/www.libri.de\/de\/\"},{\"@type\":\"ListItem\",\"position\":2,\"name\":\"F\u00fcr den Handel\",\"item\":\"https:\/\/www.libri.de\/de\/fuer-den-handel\/\"},{\"@type\":\"ListItem\",\"position\":3,\"name\":\"eCommerce\",\"item\":\"https:\/\/www.libri.de\/de\/fuer-den-handel\/ecommerce\/\"},{\"@type\":\"ListItem\",\"position\":4,\"name\":\"Libri.Direkt\"}]},{\"@type\":\"WebSite\",\"@id\":\"https:\/\/www.libri.de\/fr\/#website\",\"url\":\"https:\/\/www.libri.de\/fr\/\",\"name\":\"Libri GmbH\",\"description\":\"Barsortiment und Gro\u00dfhandel f\u00fcr B\u00fccher und andere Medien\",\"publisher\":{\"@id\":\"https:\/\/www.libri.de\/fr\/#organization\"},\"potentialAction\":[{\"@type\":\"SearchAction\",\"target\":{\"@type\":\"EntryPoint\",\"urlTemplate\":\"https:\/\/www.libri.de\/fr\/?s={search_term_string}\"},\"query-input\":{\"@type\":\"PropertyValueSpecification\",\"valueRequired\":true,\"valueName\":\"search_term_string\"}}],\"inLanguage\":\"de\"},{\"@type\":\"Organization\",\"@id\":\"https:\/\/www.libri.de\/fr\/#organization\",\"name\":\"Libri\",\"url\":\"https:\/\/www.libri.de\/fr\/\",\"logo\":{\"@type\":\"ImageObject\",\"inLanguage\":\"de\",\"@id\":\"https:\/\/www.libri.de\/fr\/#\/schema\/logo\/image\/\",\"url\":\"https:\/\/188.64.195.32\/wp-content\/uploads\/2022\/04\/libri_logo-1.jpg\",\"contentUrl\":\"https:\/\/188.64.195.32\/wp-content\/uploads\/2022\/04\/libri_logo-1.jpg\",\"width\":2000,\"height\":1000,\"caption\":\"Libri\"},\"image\":{\"@id\":\"https:\/\/www.libri.de\/fr\/#\/schema\/logo\/image\/\"},\"sameAs\":[\"https:\/\/www.facebook.com\/libribarsortiment\",\"https:\/\/www.instagram.com\/libri.barsortiment\",\"https:\/\/www.linkedin.com\/company\/libri-gmbh\"]}]}<\/script>\n<!-- \/ Yoast SEO plugin. -->","yoast_head_json":{"title":"Libri.Direkt | Libri GmbH","description":"Mit unserem Versandservice Libri.Direkt beliefern wir Ihre Kundinnen und Kunden weltweit direkt nach Hause und Sie sparen Zeit- & Lagerkapazit\u00e4ten.","robots":{"index":"index","follow":"follow","max-snippet":"max-snippet:-1","max-image-preview":"max-image-preview:large","max-video-preview":"max-video-preview:-1"},"canonical":"https:\/\/www.libri.de\/de\/fuer-den-handel\/ecommerce\/libri-direkt\/","og_locale":"de_DE","og_type":"article","og_title":"Libri.Direkt | Libri GmbH","og_description":"Mit unserem Versandservice Libri.Direkt beliefern wir Ihre Kundinnen und Kunden weltweit direkt nach Hause und Sie sparen Zeit- & Lagerkapazit\u00e4ten.","og_url":"https:\/\/www.libri.de\/de\/fuer-den-handel\/ecommerce\/libri-direkt\/","og_site_name":"Libri GmbH","article_publisher":"https:\/\/www.facebook.com\/libribarsortiment","article_modified_time":"2025-06-04T08:07:12+00:00","og_image":[{"width":1650,"height":910,"url":"https:\/\/www.libri.de\/wp-content\/uploads\/2021\/12\/Libri.Direkt_Dropshipment_Versandservice_02.jpg","type":"image\/jpeg"}],"twitter_card":"summary_large_image","twitter_misc":{"Gesch\u00e4tzte Lesezeit":"1\u00a0Minute"},"schema":{"@context":"https:\/\/schema.org","@graph":[{"@type":"WebPage","@id":"https:\/\/www.libri.de\/de\/fuer-den-handel\/ecommerce\/libri-direkt\/","url":"https:\/\/www.libri.de\/de\/fuer-den-handel\/ecommerce\/libri-direkt\/","name":"Libri.Direkt | Libri GmbH","isPartOf":{"@id":"https:\/\/www.libri.de\/fr\/#website"},"primaryImageOfPage":{"@id":"https:\/\/www.libri.de\/de\/fuer-den-handel\/ecommerce\/libri-direkt\/#primaryimage"},"image":{"@id":"https:\/\/www.libri.de\/de\/fuer-den-handel\/ecommerce\/libri-direkt\/#primaryimage"},"thumbnailUrl":"https:\/\/www.libri.de\/wp-content\/uploads\/2021\/12\/Libri.Direkt_Dropshipment_Versandservice_02.jpg","datePublished":"2024-10-09T12:56:27+00:00","dateModified":"2025-06-04T08:07:12+00:00","description":"Mit unserem Versandservice Libri.Direkt beliefern wir Ihre Kundinnen und Kunden weltweit direkt nach Hause und Sie sparen Zeit- & Lagerkapazit\u00e4ten.","breadcrumb":{"@id":"https:\/\/www.libri.de\/de\/fuer-den-handel\/ecommerce\/libri-direkt\/#breadcrumb"},"inLanguage":"de","potentialAction":[{"@type":"ReadAction","target":["https:\/\/www.libri.de\/de\/fuer-den-handel\/ecommerce\/libri-direkt\/"]}]},{"@type":"ImageObject","inLanguage":"de","@id":"https:\/\/www.libri.de\/de\/fuer-den-handel\/ecommerce\/libri-direkt\/#primaryimage","url":"https:\/\/www.libri.de\/wp-content\/uploads\/2021\/12\/Libri.Direkt_Dropshipment_Versandservice_02.jpg","contentUrl":"https:\/\/www.libri.de\/wp-content\/uploads\/2021\/12\/Libri.Direkt_Dropshipment_Versandservice_02.jpg","width":1650,"height":910,"caption":"Libri Mitarbeiterin bereit im Versandservice eine Bestellung f\u00fcr den Versand vor im Logistikzentrum"},{"@type":"BreadcrumbList","@id":"https:\/\/www.libri.de\/de\/fuer-den-handel\/ecommerce\/libri-direkt\/#breadcrumb","itemListElement":[{"@type":"ListItem","position":1,"name":"Start","item":"https:\/\/www.libri.de\/de\/"},{"@type":"ListItem","position":2,"name":"F\u00fcr den Handel","item":"https:\/\/www.libri.de\/de\/fuer-den-handel\/"},{"@type":"ListItem","position":3,"name":"eCommerce","item":"https:\/\/www.libri.de\/de\/fuer-den-handel\/ecommerce\/"},{"@type":"ListItem","position":4,"name":"Libri.Direkt"}]},{"@type":"WebSite","@id":"https:\/\/www.libri.de\/fr\/#website","url":"https:\/\/www.libri.de\/fr\/","name":"Libri GmbH","description":"Barsortiment und Gro\u00dfhandel f\u00fcr B\u00fccher und andere Medien","publisher":{"@id":"https:\/\/www.libri.de\/fr\/#organization"},"potentialAction":[{"@type":"SearchAction","target":{"@type":"EntryPoint","urlTemplate":"https:\/\/www.libri.de\/fr\/?s={search_term_string}"},"query-input":{"@type":"PropertyValueSpecification","valueRequired":true,"valueName":"search_term_string"}}],"inLanguage":"de"},{"@type":"Organization","@id":"https:\/\/www.libri.de\/fr\/#organization","name":"Libri","url":"https:\/\/www.libri.de\/fr\/","logo":{"@type":"ImageObject","inLanguage":"de","@id":"https:\/\/www.libri.de\/fr\/#\/schema\/logo\/image\/","url":"https:\/\/188.64.195.32\/wp-content\/uploads\/2022\/04\/libri_logo-1.jpg","contentUrl":"https:\/\/188.64.195.32\/wp-content\/uploads\/2022\/04\/libri_logo-1.jpg","width":2000,"height":1000,"caption":"Libri"},"image":{"@id":"https:\/\/www.libri.de\/fr\/#\/schema\/logo\/image\/"},"sameAs":["https:\/\/www.facebook.com\/libribarsortiment","https:\/\/www.instagram.com\/libri.barsortiment","https:\/\/www.linkedin.com\/company\/libri-gmbh"]}]}},"_links":{"self":[{"href":"https:\/\/www.libri.de\/de\/wp-json\/wp\/v2\/pages\/71703","targetHints":{"allow":["GET"]}}],"collection":[{"href":"https:\/\/www.libri.de\/de\/wp-json\/wp\/v2\/pages"}],"about":[{"href":"https:\/\/www.libri.de\/de\/wp-json\/wp\/v2\/types\/page"}],"author":[{"embeddable":true,"href":"https:\/\/www.libri.de\/de\/wp-json\/wp\/v2\/users\/33"}],"replies":[{"embeddable":true,"href":"https:\/\/www.libri.de\/de\/wp-json\/wp\/v2\/comments?post=71703"}],"version-history":[{"count":3,"href":"https:\/\/www.libri.de\/de\/wp-json\/wp\/v2\/pages\/71703\/revisions"}],"predecessor-version":[{"id":79662,"href":"https:\/\/www.libri.de\/de\/wp-json\/wp\/v2\/pages\/71703\/revisions\/79662"}],"up":[{"embeddable":true,"href":"https:\/\/www.libri.de\/de\/wp-json\/wp\/v2\/pages\/71678"}],"wp:featuredmedia":[{"embeddable":true,"href":"https:\/\/www.libri.de\/de\/wp-json\/wp\/v2\/media\/34138"}],"wp:attachment":[{"href":"https:\/\/www.libri.de\/de\/wp-json\/wp\/v2\/media?parent=71703"}],"curies":[{"name":"wp","href":"https:\/\/api.w.org\/{rel}","templated":true}]}}