{"id":71698,"date":"2024-10-09T14:55:41","date_gmt":"2024-10-09T12:55:41","guid":{"rendered":"https:\/\/www.libri.de\/?page_id=71698"},"modified":"2025-04-30T13:24:11","modified_gmt":"2025-04-30T11:24:11","slug":"auftragsuebermittlung-bei-libri","status":"publish","type":"page","link":"https:\/\/www.libri.de\/de\/fuer-den-handel\/ecommerce\/auftragsuebermittlung-bei-libri\/","title":{"rendered":"Auftrags\u00fcbermittlung bei Libri"},"content":{"rendered":"\r\n<div id=\"header-block_35bbad6e9a1e00acc8bf3396201324c2\" class=\"block-header module type-small bc-third-blue c-white-imp\">\r\n  <div class=\"container\">\r\n\r\n    <p id=\"breadcrumbs\"><span><span><a href=\"https:\/\/www.libri.de\/de\/\">Start<\/a><\/span><\/span><\/p>    \r\n    \r\n      \r\n      <div class=\"row\">\r\n        <div class=\"col-12 col-md-10 title\">\r\n          <h1 class=\"\">Auftrags\u00fcbermittlung bei Libri<\/h1>\r\n        <\/div>\r\n\r\n        <div class=\"col-12 col-md-10 text\">\r\n          <p><\/p>\r\n        <\/div>\r\n      <\/div>\r\n\r\n      \r\n  <\/div>\r\n<\/div>\r\n\r\n\n\n\r\n<div id=\"anchor-nav-block_987e1e40d26e6c886897692524be0d08\" class=\"block-anchor-nav module bc-libri-blue c-white-imp\"  >\r\n\r\n      <div class=\"container\"><div class=\"line\"><\/div><\/div>\r\n    \r\n    <div class=\"container\">\r\n      <div class=\"p-relative\">\r\n        <div class=\"arrow left\"><\/div>\r\n        <div class=\"arrow right\"><\/div>\r\n      <\/div>\r\n      <div class=\"overflow-x-auto\">\r\n        <div class=\"d-flex anchor-nav\" data-class=\"anchor-nav-entry\"><\/div>\r\n      <\/div>\r\n    <\/div>\r\n\r\n  <\/div>\r\n\r\n\n\n\r\n<div id=\"space-block_91c1676b39cc8bf5f996475c894da614\" class=\"block-space module bc-trans\" style=\"height: 48px;\"><\/div>\n\n\r\n<div id=\"auftragsuebermittlung-bei-physischen-titeln\" class=\"block-anchor\" data-title=\"Auftrags\u00fcbermittlung bei physischen Titeln\" >\r\n\r\n  <\/div>\r\n\r\n\n\n\r\n<div id=\"text-block_4859bd944046fd9210c137bb44fa8961\" class=\"block-text module type-text bc-trans\">\r\n  <div class=\"container\">\r\n\r\n    \r\n      <div class=\"row \">\r\n\r\n        \r\n        <div class=\"col-12 col-md-10\">\r\n\r\n                      <h2 class=\"title\">Auftrags\u00fcbermittlung bei physischen Titeln<\/h2>\r\n          \r\n          <div class=\"text for-box-js\">\r\n            <p>Automatisch nach <strong>Bestelleingang<\/strong> schicken wir Ihnen eine URL. Einerseits als Format f\u00fcr die allgemeine elektronische \u00dcbermittlung von Auftragsdaten (\u201eBatchbetrieb\u201c). Hier werden die Anfragen als Dateien per FTP an Libri \u00fcbermittelt. In Kombination mit der Bestandsabfrage des st\u00fcndlich bereitgestellten <a href=\"https:\/\/www.libri.de\/de\/?page_id=71682&amp;preview=true&amp;_thumbnail_id=34894#libri-inventory-feed\">Inventory Feed (IVF)<\/a>\u00a0k\u00f6nnen Sie Ihre Angebote im Shop regelm\u00e4\u00dfig aktualisieren.<\/p>\n<p>Zus\u00e4tzlich k\u00f6nnen Sie im <strong>Dialogbetrieb per Webservice<\/strong> beim Kaufvorgang die Lieferbarkeit des gew\u00fcnschten Artikels abfragen und erhalten von unserem System sofort eine R\u00fcckmeldung. Ist diese passend, geht der Kaufvorgang weiter und die Bestellung wird ausgef\u00fchrt.<\/p>\n          <\/div>\r\n\r\n          \r\n          \r\n        <\/div>\r\n        \r\n      <\/div>\r\n\r\n    \r\n  <\/div>\r\n<\/div>\r\n\r\n\n\n\r\n<div id=\"auftragsuebermittlung-bei-digitalen-titeln\" class=\"block-anchor\" data-title=\"Auftrags\u00fcbermittlung bei digitalen Titeln\" >\r\n\r\n  <\/div>\r\n\r\n\n\n\r\n<div id=\"text-block_5f288f0c3ea4802178a7d935574a1068\" class=\"block-text module type-text bc-trans\">\r\n  <div class=\"container\">\r\n\r\n    \r\n      <div class=\"row \">\r\n\r\n        \r\n        <div class=\"col-12 col-md-10\">\r\n\r\n                      <h2 class=\"title\">Auftrags\u00fcbermittlung bei digitalen Titeln<\/h2>\r\n          \r\n          <div class=\"text for-box-js\">\r\n            <p>F\u00fcr den Verkauf digitaler B\u00fccher (eBooks) stellen wir Ihnen unser Libri Digital Gateway als Webservice zur Verf\u00fcgung, welches automatisch nach Bestelleingang eine URL zur Verf\u00fcgung stellt, die Sie an Ihre Kund*innen weiterleiten. Die Kund*innen haben dann die M\u00f6glichkeit, diese individualisierte Datei auf ihren Endger\u00e4ten herunterzuladen.<\/p>\n<p>Durch das Libri.Digital Rights Managements ist sichergestellt, dass Sie \u00fcber alle Informationen f\u00fcr eine rechtssichere Abwicklung verf\u00fcgen, um beispielsweise Restriktionen zum Verkauf in bestimmte L\u00e4nder einzuhalten.<\/p>\n          <\/div>\r\n\r\n          \r\n          \r\n        <\/div>\r\n        \r\n      <\/div>\r\n\r\n    \r\n  <\/div>\r\n<\/div>\r\n\r\n\n\n\r\n<div id=\"space-block_91c1676b39cc8bf5f996475c894da614\" class=\"block-space module bc-trans\" style=\"height: 48px;\"><\/div>\n\n\r\n<div id=\"image-block_756c1fcef052f284c3ac3eac02486fff\" class=\"block-image module type-full bc-trans\">\r\n\r\n  \r\n    <img decoding=\"async\" width=\"1650\" height=\"910\" src=\"https:\/\/www.libri.de\/wp-content\/uploads\/2021\/12\/libri_ecommerce_katalogdaten-onix_service.jpg\" class=\"attachment-2048x2048 size-2048x2048\" alt=\"Mitarbeiterinnen von Libri \u00fcberpr\u00fcfen die aufgegebenen Bestellung eines Buchh\u00e4ndlers im System\" srcset=\"https:\/\/www.libri.de\/wp-content\/uploads\/2021\/12\/libri_ecommerce_katalogdaten-onix_service.jpg 1650w, https:\/\/www.libri.de\/wp-content\/uploads\/2021\/12\/libri_ecommerce_katalogdaten-onix_service-300x165.jpg 300w, https:\/\/www.libri.de\/wp-content\/uploads\/2021\/12\/libri_ecommerce_katalogdaten-onix_service-1024x565.jpg 1024w, https:\/\/www.libri.de\/wp-content\/uploads\/2021\/12\/libri_ecommerce_katalogdaten-onix_service-768x424.jpg 768w, https:\/\/www.libri.de\/wp-content\/uploads\/2021\/12\/libri_ecommerce_katalogdaten-onix_service-1536x847.jpg 1536w\" sizes=\"(max-width: 1650px) 100vw, 1650px\" \/>\r\n   \r\n  \r\n<\/div>\r\n\r\n\n\n\r\n<div id=\"space-block_91c1676b39cc8bf5f996475c894da614\" class=\"block-space module bc-trans\" style=\"height: 48px;\"><\/div>\n\n\r\n<div id=\"teaser-contact-block_ae8eeb69a9ea133f35fd973ea52368fd\" class=\"block-teaser-contact bc-third-blue c-white-imp\">\r\n  <div class=\"container\">\r\n    <div class=\"row flex-md-row-reverse justify-content-between\">\r\n\r\n      <div class=\"col-12 col-md-4\">\r\n        <div class=\"image\">\r\n                  <\/div>\r\n      <\/div>\r\n\r\n      <div class=\"col-12 col-md-6 d-flex flex-column\">\r\n\r\n        <div class=\"text\">\r\n                      <h2 class=\"title\">Wir helfen Ihnen gerne weiter.<\/h2>\r\n          \r\n                      <p>Haben Sie Fragen oder ein bestimmtes Anliegen?<\/p>\r\n                  <\/div>\r\n\r\n                  <div class=\"cta\">\r\n            <a \r\n              class=\"bttn-primary icn-no\"\r\n              href=\"https:\/\/www.libri.de\/de\/kontakt\/internationale-ecommerce-haendlerinnen\/\"\r\n              target=\"_self\"\r\n              >\r\n              Jetzt Kontakt aufnehmen            <\/a>\r\n          <\/div>\r\n        \r\n        \r\n      <\/div>\r\n\r\n    <\/div>\r\n  <\/div>\r\n<\/div>\r\n\r\n\n\n\r\n<div id=\"go-back-block_0f44bc96bd3fec1e3f3fdc573576e246\" class=\"block-go-back module bc-green-2\">\r\n  <div class=\"container\">\r\n\r\n    <a href=\"javascript:history.back()\" class=\"bttn-secondary go-back-link\">\r\n      <span class=\"arrow-left\"><\/span>Zur\u00fcck zur \u00dcbersicht    <\/a>\r\n\r\n  <\/div>\r\n<\/div>\r\n\r\n","protected":false},"excerpt":{"rendered":"<p>Genau wie Ihr Online-Shop ist unsere Bestellannahme 24 Stunden am Tag erreichbar, um Ihre Auftr\u00e4ge schnell, zuverl\u00e4ssig und sicher abzuwickeln. Unser erprobter EDI-Prozess wickelt t\u00e4glich hunderttausende Bestellungen ab und bietet dabei die Flexibilit\u00e4t, wie sie von Ihnen und Ihren Kund*innen erwartet wird.<\/p>\n","protected":false},"author":33,"featured_media":34069,"parent":71678,"menu_order":0,"comment_status":"closed","ping_status":"closed","template":"","meta":{"_acf_changed":false,"footnotes":""},"class_list":["post-71698","page","type-page","status-publish","has-post-thumbnail","hentry"],"acf":[],"yoast_head":"<!-- This site is optimized with the Yoast SEO plugin v27.0 - https:\/\/yoast.com\/product\/yoast-seo-wordpress\/ -->\n<title>Auftrags\u00fcbermittlung bei Libri | Libri GmbH<\/title>\n<meta name=\"robots\" content=\"index, follow, max-snippet:-1, max-image-preview:large, max-video-preview:-1\" \/>\n<link rel=\"canonical\" href=\"https:\/\/www.libri.de\/de\/fuer-den-handel\/ecommerce\/auftragsuebermittlung-bei-libri\/\" \/>\n<meta property=\"og:locale\" content=\"de_DE\" \/>\n<meta property=\"og:type\" content=\"article\" \/>\n<meta property=\"og:title\" content=\"Auftrags\u00fcbermittlung bei Libri | Libri GmbH\" \/>\n<meta property=\"og:description\" content=\"Genau wie Ihr Online-Shop ist unsere Bestellannahme 24 Stunden am Tag erreichbar, um Ihre Auftr\u00e4ge schnell, zuverl\u00e4ssig und sicher abzuwickeln. Unser erprobter EDI-Prozess wickelt t\u00e4glich hunderttausende Bestellungen ab und bietet dabei die Flexibilit\u00e4t, wie sie von Ihnen und Ihren Kund*innen erwartet wird.\" \/>\n<meta property=\"og:url\" content=\"https:\/\/www.libri.de\/de\/fuer-den-handel\/ecommerce\/auftragsuebermittlung-bei-libri\/\" \/>\n<meta property=\"og:site_name\" content=\"Libri GmbH\" \/>\n<meta property=\"article:publisher\" content=\"https:\/\/www.facebook.com\/libribarsortiment\" \/>\n<meta property=\"article:modified_time\" content=\"2025-04-30T11:24:11+00:00\" \/>\n<meta property=\"og:image\" content=\"https:\/\/www.libri.de\/wp-content\/uploads\/2021\/12\/libri_ecommerce_katalogdaten-onix.jpg\" \/>\n\t<meta property=\"og:image:width\" content=\"640\" \/>\n\t<meta property=\"og:image:height\" content=\"640\" \/>\n\t<meta property=\"og:image:type\" content=\"image\/jpeg\" \/>\n<meta name=\"twitter:card\" content=\"summary_large_image\" \/>\n<meta name=\"twitter:label1\" content=\"Gesch\u00e4tzte Lesezeit\" \/>\n\t<meta name=\"twitter:data1\" content=\"1\u00a0Minute\" \/>\n<script type=\"application\/ld+json\" class=\"yoast-schema-graph\">{\"@context\":\"https:\/\/schema.org\",\"@graph\":[{\"@type\":\"WebPage\",\"@id\":\"https:\/\/www.libri.de\/de\/fuer-den-handel\/ecommerce\/auftragsuebermittlung-bei-libri\/\",\"url\":\"https:\/\/www.libri.de\/de\/fuer-den-handel\/ecommerce\/auftragsuebermittlung-bei-libri\/\",\"name\":\"Auftrags\u00fcbermittlung bei Libri | Libri GmbH\",\"isPartOf\":{\"@id\":\"https:\/\/www.libri.de\/fr\/#website\"},\"primaryImageOfPage\":{\"@id\":\"https:\/\/www.libri.de\/de\/fuer-den-handel\/ecommerce\/auftragsuebermittlung-bei-libri\/#primaryimage\"},\"image\":{\"@id\":\"https:\/\/www.libri.de\/de\/fuer-den-handel\/ecommerce\/auftragsuebermittlung-bei-libri\/#primaryimage\"},\"thumbnailUrl\":\"https:\/\/www.libri.de\/wp-content\/uploads\/2021\/12\/libri_ecommerce_katalogdaten-onix.jpg\",\"datePublished\":\"2024-10-09T12:55:41+00:00\",\"dateModified\":\"2025-04-30T11:24:11+00:00\",\"breadcrumb\":{\"@id\":\"https:\/\/www.libri.de\/de\/fuer-den-handel\/ecommerce\/auftragsuebermittlung-bei-libri\/#breadcrumb\"},\"inLanguage\":\"de\",\"potentialAction\":[{\"@type\":\"ReadAction\",\"target\":[\"https:\/\/www.libri.de\/de\/fuer-den-handel\/ecommerce\/auftragsuebermittlung-bei-libri\/\"]}]},{\"@type\":\"ImageObject\",\"inLanguage\":\"de\",\"@id\":\"https:\/\/www.libri.de\/de\/fuer-den-handel\/ecommerce\/auftragsuebermittlung-bei-libri\/#primaryimage\",\"url\":\"https:\/\/www.libri.de\/wp-content\/uploads\/2021\/12\/libri_ecommerce_katalogdaten-onix.jpg\",\"contentUrl\":\"https:\/\/www.libri.de\/wp-content\/uploads\/2021\/12\/libri_ecommerce_katalogdaten-onix.jpg\",\"width\":640,\"height\":640,\"caption\":\"Buchh\u00e4ndlerinnen organisieren sich mit Libri f\u00fcr die n\u00e4chste Buchbestellung\"},{\"@type\":\"BreadcrumbList\",\"@id\":\"https:\/\/www.libri.de\/de\/fuer-den-handel\/ecommerce\/auftragsuebermittlung-bei-libri\/#breadcrumb\",\"itemListElement\":[{\"@type\":\"ListItem\",\"position\":1,\"name\":\"Start\",\"item\":\"https:\/\/www.libri.de\/de\/\"},{\"@type\":\"ListItem\",\"position\":2,\"name\":\"F\u00fcr den Handel\",\"item\":\"https:\/\/www.libri.de\/de\/fuer-den-handel\/\"},{\"@type\":\"ListItem\",\"position\":3,\"name\":\"eCommerce\",\"item\":\"https:\/\/www.libri.de\/de\/fuer-den-handel\/ecommerce\/\"},{\"@type\":\"ListItem\",\"position\":4,\"name\":\"Auftrags\u00fcbermittlung bei Libri\"}]},{\"@type\":\"WebSite\",\"@id\":\"https:\/\/www.libri.de\/fr\/#website\",\"url\":\"https:\/\/www.libri.de\/fr\/\",\"name\":\"Libri GmbH\",\"description\":\"Barsortiment und Gro\u00dfhandel f\u00fcr B\u00fccher und andere Medien\",\"publisher\":{\"@id\":\"https:\/\/www.libri.de\/fr\/#organization\"},\"potentialAction\":[{\"@type\":\"SearchAction\",\"target\":{\"@type\":\"EntryPoint\",\"urlTemplate\":\"https:\/\/www.libri.de\/fr\/?s={search_term_string}\"},\"query-input\":{\"@type\":\"PropertyValueSpecification\",\"valueRequired\":true,\"valueName\":\"search_term_string\"}}],\"inLanguage\":\"de\"},{\"@type\":\"Organization\",\"@id\":\"https:\/\/www.libri.de\/fr\/#organization\",\"name\":\"Libri\",\"url\":\"https:\/\/www.libri.de\/fr\/\",\"logo\":{\"@type\":\"ImageObject\",\"inLanguage\":\"de\",\"@id\":\"https:\/\/www.libri.de\/fr\/#\/schema\/logo\/image\/\",\"url\":\"https:\/\/188.64.195.32\/wp-content\/uploads\/2022\/04\/libri_logo-1.jpg\",\"contentUrl\":\"https:\/\/188.64.195.32\/wp-content\/uploads\/2022\/04\/libri_logo-1.jpg\",\"width\":2000,\"height\":1000,\"caption\":\"Libri\"},\"image\":{\"@id\":\"https:\/\/www.libri.de\/fr\/#\/schema\/logo\/image\/\"},\"sameAs\":[\"https:\/\/www.facebook.com\/libribarsortiment\",\"https:\/\/www.instagram.com\/libri.barsortiment\",\"https:\/\/www.linkedin.com\/company\/libri-gmbh\"]}]}<\/script>\n<!-- \/ Yoast SEO plugin. -->","yoast_head_json":{"title":"Auftrags\u00fcbermittlung bei Libri | Libri GmbH","robots":{"index":"index","follow":"follow","max-snippet":"max-snippet:-1","max-image-preview":"max-image-preview:large","max-video-preview":"max-video-preview:-1"},"canonical":"https:\/\/www.libri.de\/de\/fuer-den-handel\/ecommerce\/auftragsuebermittlung-bei-libri\/","og_locale":"de_DE","og_type":"article","og_title":"Auftrags\u00fcbermittlung bei Libri | Libri GmbH","og_description":"Genau wie Ihr Online-Shop ist unsere Bestellannahme 24 Stunden am Tag erreichbar, um Ihre Auftr\u00e4ge schnell, zuverl\u00e4ssig und sicher abzuwickeln. Unser erprobter EDI-Prozess wickelt t\u00e4glich hunderttausende Bestellungen ab und bietet dabei die Flexibilit\u00e4t, wie sie von Ihnen und Ihren Kund*innen erwartet wird.","og_url":"https:\/\/www.libri.de\/de\/fuer-den-handel\/ecommerce\/auftragsuebermittlung-bei-libri\/","og_site_name":"Libri GmbH","article_publisher":"https:\/\/www.facebook.com\/libribarsortiment","article_modified_time":"2025-04-30T11:24:11+00:00","og_image":[{"width":640,"height":640,"url":"https:\/\/www.libri.de\/wp-content\/uploads\/2021\/12\/libri_ecommerce_katalogdaten-onix.jpg","type":"image\/jpeg"}],"twitter_card":"summary_large_image","twitter_misc":{"Gesch\u00e4tzte Lesezeit":"1\u00a0Minute"},"schema":{"@context":"https:\/\/schema.org","@graph":[{"@type":"WebPage","@id":"https:\/\/www.libri.de\/de\/fuer-den-handel\/ecommerce\/auftragsuebermittlung-bei-libri\/","url":"https:\/\/www.libri.de\/de\/fuer-den-handel\/ecommerce\/auftragsuebermittlung-bei-libri\/","name":"Auftrags\u00fcbermittlung bei Libri | Libri GmbH","isPartOf":{"@id":"https:\/\/www.libri.de\/fr\/#website"},"primaryImageOfPage":{"@id":"https:\/\/www.libri.de\/de\/fuer-den-handel\/ecommerce\/auftragsuebermittlung-bei-libri\/#primaryimage"},"image":{"@id":"https:\/\/www.libri.de\/de\/fuer-den-handel\/ecommerce\/auftragsuebermittlung-bei-libri\/#primaryimage"},"thumbnailUrl":"https:\/\/www.libri.de\/wp-content\/uploads\/2021\/12\/libri_ecommerce_katalogdaten-onix.jpg","datePublished":"2024-10-09T12:55:41+00:00","dateModified":"2025-04-30T11:24:11+00:00","breadcrumb":{"@id":"https:\/\/www.libri.de\/de\/fuer-den-handel\/ecommerce\/auftragsuebermittlung-bei-libri\/#breadcrumb"},"inLanguage":"de","potentialAction":[{"@type":"ReadAction","target":["https:\/\/www.libri.de\/de\/fuer-den-handel\/ecommerce\/auftragsuebermittlung-bei-libri\/"]}]},{"@type":"ImageObject","inLanguage":"de","@id":"https:\/\/www.libri.de\/de\/fuer-den-handel\/ecommerce\/auftragsuebermittlung-bei-libri\/#primaryimage","url":"https:\/\/www.libri.de\/wp-content\/uploads\/2021\/12\/libri_ecommerce_katalogdaten-onix.jpg","contentUrl":"https:\/\/www.libri.de\/wp-content\/uploads\/2021\/12\/libri_ecommerce_katalogdaten-onix.jpg","width":640,"height":640,"caption":"Buchh\u00e4ndlerinnen organisieren sich mit Libri f\u00fcr die n\u00e4chste Buchbestellung"},{"@type":"BreadcrumbList","@id":"https:\/\/www.libri.de\/de\/fuer-den-handel\/ecommerce\/auftragsuebermittlung-bei-libri\/#breadcrumb","itemListElement":[{"@type":"ListItem","position":1,"name":"Start","item":"https:\/\/www.libri.de\/de\/"},{"@type":"ListItem","position":2,"name":"F\u00fcr den Handel","item":"https:\/\/www.libri.de\/de\/fuer-den-handel\/"},{"@type":"ListItem","position":3,"name":"eCommerce","item":"https:\/\/www.libri.de\/de\/fuer-den-handel\/ecommerce\/"},{"@type":"ListItem","position":4,"name":"Auftrags\u00fcbermittlung bei Libri"}]},{"@type":"WebSite","@id":"https:\/\/www.libri.de\/fr\/#website","url":"https:\/\/www.libri.de\/fr\/","name":"Libri GmbH","description":"Barsortiment und Gro\u00dfhandel f\u00fcr B\u00fccher und andere Medien","publisher":{"@id":"https:\/\/www.libri.de\/fr\/#organization"},"potentialAction":[{"@type":"SearchAction","target":{"@type":"EntryPoint","urlTemplate":"https:\/\/www.libri.de\/fr\/?s={search_term_string}"},"query-input":{"@type":"PropertyValueSpecification","valueRequired":true,"valueName":"search_term_string"}}],"inLanguage":"de"},{"@type":"Organization","@id":"https:\/\/www.libri.de\/fr\/#organization","name":"Libri","url":"https:\/\/www.libri.de\/fr\/","logo":{"@type":"ImageObject","inLanguage":"de","@id":"https:\/\/www.libri.de\/fr\/#\/schema\/logo\/image\/","url":"https:\/\/188.64.195.32\/wp-content\/uploads\/2022\/04\/libri_logo-1.jpg","contentUrl":"https:\/\/188.64.195.32\/wp-content\/uploads\/2022\/04\/libri_logo-1.jpg","width":2000,"height":1000,"caption":"Libri"},"image":{"@id":"https:\/\/www.libri.de\/fr\/#\/schema\/logo\/image\/"},"sameAs":["https:\/\/www.facebook.com\/libribarsortiment","https:\/\/www.instagram.com\/libri.barsortiment","https:\/\/www.linkedin.com\/company\/libri-gmbh"]}]}},"_links":{"self":[{"href":"https:\/\/www.libri.de\/de\/wp-json\/wp\/v2\/pages\/71698","targetHints":{"allow":["GET"]}}],"collection":[{"href":"https:\/\/www.libri.de\/de\/wp-json\/wp\/v2\/pages"}],"about":[{"href":"https:\/\/www.libri.de\/de\/wp-json\/wp\/v2\/types\/page"}],"author":[{"embeddable":true,"href":"https:\/\/www.libri.de\/de\/wp-json\/wp\/v2\/users\/33"}],"replies":[{"embeddable":true,"href":"https:\/\/www.libri.de\/de\/wp-json\/wp\/v2\/comments?post=71698"}],"version-history":[{"count":3,"href":"https:\/\/www.libri.de\/de\/wp-json\/wp\/v2\/pages\/71698\/revisions"}],"predecessor-version":[{"id":78498,"href":"https:\/\/www.libri.de\/de\/wp-json\/wp\/v2\/pages\/71698\/revisions\/78498"}],"up":[{"embeddable":true,"href":"https:\/\/www.libri.de\/de\/wp-json\/wp\/v2\/pages\/71678"}],"wp:featuredmedia":[{"embeddable":true,"href":"https:\/\/www.libri.de\/de\/wp-json\/wp\/v2\/media\/34069"}],"wp:attachment":[{"href":"https:\/\/www.libri.de\/de\/wp-json\/wp\/v2\/media?parent=71698"}],"curies":[{"name":"wp","href":"https:\/\/api.w.org\/{rel}","templated":true}]}}