{"id":71682,"date":"2024-10-09T14:52:59","date_gmt":"2024-10-09T12:52:59","guid":{"rendered":"https:\/\/www.libri.de\/?page_id=71682"},"modified":"2025-04-30T13:24:37","modified_gmt":"2025-04-30T11:24:37","slug":"produktdaten-fuer-den-online-auftritt","status":"publish","type":"page","link":"https:\/\/www.libri.de\/de\/fuer-den-handel\/ecommerce\/produktdaten-fuer-den-online-auftritt\/","title":{"rendered":"Produktdaten f\u00fcr den Online Auftritt"},"content":{"rendered":"\r\n<div id=\"header-block_63bef47d2f72b841384086665d14cd1b\" class=\"block-header module type-small bc-libri-blue c-white-imp\">\r\n  <div class=\"container\">\r\n\r\n    <p id=\"breadcrumbs\"><span><span><a href=\"https:\/\/www.libri.de\/de\/\">Start<\/a><\/span><\/span><\/p>    \r\n    \r\n      \r\n      <div class=\"row\">\r\n        <div class=\"col-12 col-md-10 title\">\r\n          <h1 class=\"\">Produktdaten f\u00fcr den Online Auftritt<\/h1>\r\n        <\/div>\r\n\r\n        <div class=\"col-12 col-md-10 text\">\r\n          <p><\/p>\r\n        <\/div>\r\n      <\/div>\r\n\r\n      \r\n  <\/div>\r\n<\/div>\r\n\r\n\n\n\r\n<div id=\"anchor-nav-block_bff213f6f851f392d9ea18e37c00b28c\" class=\"block-anchor-nav module bc-white\"  >\r\n\r\n      <div class=\"container\"><div class=\"line\"><\/div><\/div>\r\n    \r\n    <div class=\"container\">\r\n      <div class=\"p-relative\">\r\n        <div class=\"arrow left\"><\/div>\r\n        <div class=\"arrow right\"><\/div>\r\n      <\/div>\r\n      <div class=\"overflow-x-auto\">\r\n        <div class=\"d-flex anchor-nav\" data-class=\"anchor-nav-entry\"><\/div>\r\n      <\/div>\r\n    <\/div>\r\n\r\n  <\/div>\r\n\r\n\n\n\r\n<div id=\"space-block_15ff35b9aa17b125fa497510421d4583\" class=\"block-space module bc-trans\" style=\"height: 48px;\"><\/div>\n\n\r\n<div id=\"text-block_8b9d06433055fe2d2f44f687bb52e29c\" class=\"block-text module type-text bc-trans\">\r\n  <div class=\"container\">\r\n\r\n    \r\n      <div class=\"row \">\r\n\r\n        \r\n        <div class=\"col-12 col-md-10\">\r\n\r\n          \r\n          <div class=\"text for-box-js\">\r\n            <div class=\"flex max-w-full flex-col flex-grow\">\n<div class=\"min-h-[20px] text-message flex w-full flex-col items-end gap-2 whitespace-normal break-words [.text-message+&amp;]:mt-5\" dir=\"auto\" data-message-author-role=\"assistant\" data-message-id=\"4b4c377d-efd9-46c1-b25b-d53204648b77\">\n<div class=\"flex w-full flex-col gap-1 empty:hidden first:pt-[3px]\">\n<div class=\"markdown prose w-full break-words dark:prose-invert light\">\n<p>Um Ihnen den optimalen Katalog zu bieten, werden die Daten stetig analysiert, bewertet, bereinigt und t\u00e4glich aktualisiert zur Verf\u00fcgung gestellt. So k\u00f6nnen Sie sich voll und ganz auf Ihr Kerngesch\u00e4ft konzentrieren und sich auf die ideale Vorbereitung der Produktdaten durch Libri verlassen. Um Ihren Kund*innen bei der Suche nach dem n\u00e4chsten Lieblingsbuch zu helfen, beinhalten die Produktdaten auch viele wertvolle Informationen \u00fcber die Beliebtheit eines Titels (Ranking), die Sie nach Belieben in Ihrem Online-Shop einsetzen k\u00f6nnen.<\/p>\n<\/div>\n<\/div>\n<\/div>\n<\/div>\n          <\/div>\r\n\r\n          \r\n          \r\n        <\/div>\r\n        \r\n      <\/div>\r\n\r\n    \r\n  <\/div>\r\n<\/div>\r\n\r\n\n\n\r\n<div id=\"10-millionen-datensaetze\" class=\"block-anchor\" data-title=\"10 Millionen Datens\u00e4tze\" >\r\n\r\n  <\/div>\r\n\r\n\n\n\r\n<div id=\"text-block_f3fabf9a08f5e87f9bc365589efac49b\" class=\"block-text module type-text bc-trans\">\r\n  <div class=\"container\">\r\n\r\n    \r\n      <div class=\"row \">\r\n\r\n        \r\n        <div class=\"col-12 col-md-10\">\r\n\r\n                      <h2 class=\"title\">Unsere Vielfalt f\u00fcr Ihren Erfolg<\/h2>\r\n          \r\n          <div class=\"text for-box-js\">\r\n            <p><strong>Was wollen Ihre Kund*innen? Alles finden!<\/strong><\/p>\n<blockquote><p>Libri bietet \u00fcber 10 Mio. Datens\u00e4tze<\/p><\/blockquote>\n<p>&nbsp;<\/p>\n<p>Libri bietet mit 10 Mio. Datens\u00e4tzen das gr\u00f6\u00dfte Medienangebot Deutschlands. Mit den Katalogdaten von Libri bieten Sie ein umfassendes Angebot deutscher und internationaler Titel. Neben B\u00fcchern umfasst der Katalog ein gro\u00dfes Sortiment an Non-Books, DVDs, CDs und Kalendern.<\/p>\n          <\/div>\r\n\r\n          \r\n          \r\n        <\/div>\r\n        \r\n      <\/div>\r\n\r\n    \r\n  <\/div>\r\n<\/div>\r\n\r\n\n\n\r\n<div id=\"leistungsmerkmale-des-libri-katalogs\" class=\"block-anchor\" data-title=\"Leistungsmerkmale des Libri-Katalogs\" >\r\n\r\n  <\/div>\r\n\r\n\n\n\r\n<div id=\"text-block_dc2ab514ba92652172d0d2fba3867abb\" class=\"block-text module type-text bc-trans\">\r\n  <div class=\"container\">\r\n\r\n    \r\n      <div class=\"row \">\r\n\r\n        \r\n        <div class=\"col-12 col-md-10\">\r\n\r\n                      <h2 class=\"title\">H\u00f6chste Datenqualit\u00e4t f\u00fcr beste Sucherergebnisse<\/h2>\r\n          \r\n          <div class=\"text for-box-js\">\r\n            <p>Sie erhalten die wichtigen Stammdaten-Informationen (wie z. B. Autor*in, Titel, Preis oder Gewicht) zu jedem Artikel und haben \u00fcber unseren Medienserver Zugriff auf Cover-Bilder in verschiedenen Gr\u00f6\u00dfen. Dar\u00fcber hinaus bieten wir neben Klappentexten auch Autor*innenportraits und Inhaltsverzeichnisse an.<\/p>\n<p>F\u00fcr Ihren Online-Auftritt spielt der \u201cBlick ins Buch\u201d eine wichtige Rolle und kann ein entscheidendes Auswahlkriterium f\u00fcr den Kauf sein.\u00a0Selbstverst\u00e4ndlich liefert Ihnen Libri den Link des &#8222;Blick ins Buch&#8220; ebenfalls mit den Katalogdaten.<\/p>\n<p>Um Ihren Kund*innen bei der Auswahl geeigneter Titel zu helfen, erhalten Sie von uns ebenfalls wertvolle Informationen \u00fcber die Relevanz eines Titels (in Relation zu Verkaufszahlen vergleichbarer Titel), um bspw. Indizes und Kaufempfehlungen abzubilden.<\/p>\n<p>Unsere Katalogdaten zeigen nicht nur Verf\u00fcgbarkeiten, sondern auch differenzierte Ausk\u00fcnfte zur Lieferzeit bei Besorgungstiteln. Somit wird sichergestellt, dass die B\u00fccher zum erwarteten Datum bei den Kund*innen eintreffen.<\/p>\n          <\/div>\r\n\r\n          \r\n          \r\n        <\/div>\r\n        \r\n      <\/div>\r\n\r\n    \r\n  <\/div>\r\n<\/div>\r\n\r\n\n\n\r\n<div id=\"onix-format\" class=\"block-anchor\" data-title=\"ONIX-Format\" >\r\n\r\n  <\/div>\r\n\r\n\n\n\r\n<div id=\"text-block_d64cf81496cff4ad2ebb98e95a431251\" class=\"block-text module type-text bc-trans\">\r\n  <div class=\"container\">\r\n\r\n    \r\n      <div class=\"row \">\r\n\r\n        \r\n        <div class=\"col-12 col-md-10\">\r\n\r\n                      <h2 class=\"title\">Ihr Zugriff auf die Libri Katalogdaten<\/h2>\r\n          \r\n          <div class=\"text for-box-js\">\r\n            <p>Bei der \u00dcbermittlung der Katalogdaten (ONIX Format) haben Sie die Wahl zwischen dem Abrufen des t\u00e4glichen Updates via FTP-Download oder \u00fcber einen Webservice.<\/p>\n<p>Sie starten mit einem &#8222;Initial-Load&#8220; und erhalten dann t\u00e4glich Updates zu den Titeln in unserem Sortiment. Umfangreiche Filterm\u00f6glichkeiten nach Warengruppen, Themen und weiteren Kriterien Ihrer Wahl stehen Ihnen zur Verf\u00fcgung.<\/p>\n          <\/div>\r\n\r\n          \r\n          \r\n        <\/div>\r\n        \r\n      <\/div>\r\n\r\n    \r\n  <\/div>\r\n<\/div>\r\n\r\n\n\n\r\n<div id=\"libri-inventory-feed\" class=\"block-anchor\" data-title=\"Libri Inventory Feed\" >\r\n\r\n  <\/div>\r\n\r\n\n\n\r\n<div id=\"text-block_fe2f5259f1b4d302f1abd71dac513553\" class=\"block-text module type-text bc-trans\">\r\n  <div class=\"container\">\r\n\r\n    \r\n      <div class=\"row \">\r\n\r\n        \r\n        <div class=\"col-12 col-md-10\">\r\n\r\n                      <h2 class=\"title\">Immer auf dem neuesten Stand mit dem Libri Inventory Feed <\/h2>\r\n          \r\n          <div class=\"text for-box-js\">\r\n            <p>Ben\u00f6tigen Sie von Libri nur eine \u00dcbersicht der lieferbaren Titel oder w\u00fcnschen ein st\u00fcndliches Update \u00fcber den Libri-Bestand? Daf\u00fcr bieten wir Ihnen die passende L\u00f6sung \u2013 den <strong>Libri Inventory Feed (IVF)<\/strong>.<\/p>\n<p>Der IVF mit Ihren pers\u00f6nlichen Zugangsdaten ist als TXT-Datei erh\u00e4ltlich und wird via FTP-Server angesteuert. Er beinhaltet unsere aktuell gef\u00fchrten Bestandstitel mit Informationen zu EAN, Preis (Verkaufs- und Einkaufspreis), Bestand und Gewicht.<\/p>\n          <\/div>\r\n\r\n          \r\n          \r\n        <\/div>\r\n        \r\n      <\/div>\r\n\r\n    \r\n  <\/div>\r\n<\/div>\r\n\r\n\n\n\r\n<div id=\"space-block_15ff35b9aa17b125fa497510421d4583\" class=\"block-space module bc-trans\" style=\"height: 48px;\"><\/div>\n\n\r\n<div id=\"teaser-contact-block_7969fb1231ec93aca6420615b54e8e28\" class=\"block-teaser-contact bc-third-blue c-white-imp\">\r\n  <div class=\"container\">\r\n    <div class=\"row flex-md-row-reverse justify-content-between\">\r\n\r\n      <div class=\"col-12 col-md-4\">\r\n        <div class=\"image\">\r\n          <img decoding=\"async\" width=\"24\" height=\"24\" src=\"https:\/\/www.libri.de\/wp-content\/uploads\/2021\/11\/groups_white_24dp.svg\" class=\"attachment-medium_large size-medium_large\" alt=\"\" \/>        <\/div>\r\n      <\/div>\r\n\r\n      <div class=\"col-12 col-md-6 d-flex flex-column\">\r\n\r\n        <div class=\"text\">\r\n                      <h2 class=\"title\">Wir helfen Ihnen gerne weiter.<\/h2>\r\n          \r\n                      <p>Haben Sie Fragen oder ein bestimmtes Anliegen?<\/p>\r\n                  <\/div>\r\n\r\n                  <div class=\"cta\">\r\n            <a \r\n              class=\"bttn-primary icn-no\"\r\n              href=\"https:\/\/www.libri.de\/de\/kontakt\/internationale-ecommerce-haendlerinnen\/\"\r\n              target=\"_self\"\r\n              >\r\n              Jetzt Kontakt aufnehmen            <\/a>\r\n          <\/div>\r\n        \r\n        \r\n      <\/div>\r\n\r\n    <\/div>\r\n  <\/div>\r\n<\/div>\r\n\r\n\n\n\r\n<div id=\"go-back-block_91d480b3493a6d55c2be9f21c13310c4\" class=\"block-go-back module bc-green-2\">\r\n  <div class=\"container\">\r\n\r\n    <a href=\"javascript:history.back()\" class=\"bttn-secondary go-back-link\">\r\n      <span class=\"arrow-left\"><\/span>Zur\u00fcck zur \u00dcbersicht    <\/a>\r\n\r\n  <\/div>\r\n<\/div>\r\n\r\n","protected":false},"excerpt":{"rendered":"<p>Die Libri Katalogdaten beinhalten ein umfangreiches Angebot nationaler und internationaler Buchtitel, eBooks sowie vielen weiteren Non-Book-Artikeln, die t\u00e4glich aktualisiert werden. <\/p>\n","protected":false},"author":33,"featured_media":34894,"parent":71678,"menu_order":0,"comment_status":"closed","ping_status":"closed","template":"","meta":{"_acf_changed":false,"footnotes":""},"class_list":["post-71682","page","type-page","status-publish","has-post-thumbnail","hentry"],"acf":[],"yoast_head":"<!-- This site is optimized with the Yoast SEO plugin v27.0 - https:\/\/yoast.com\/product\/yoast-seo-wordpress\/ -->\n<title>Produktdaten f\u00fcr den Online Auftritt | Libri GmbH<\/title>\n<meta name=\"robots\" content=\"index, follow, max-snippet:-1, max-image-preview:large, max-video-preview:-1\" \/>\n<link rel=\"canonical\" href=\"https:\/\/www.libri.de\/de\/fuer-den-handel\/ecommerce\/produktdaten-fuer-den-online-auftritt\/\" \/>\n<meta property=\"og:locale\" content=\"de_DE\" \/>\n<meta property=\"og:type\" content=\"article\" \/>\n<meta property=\"og:title\" content=\"Produktdaten f\u00fcr den Online Auftritt | Libri GmbH\" \/>\n<meta property=\"og:description\" content=\"Die Libri Katalogdaten beinhalten ein umfangreiches Angebot nationaler und internationaler Buchtitel, eBooks sowie vielen weiteren Non-Book-Artikeln, die t\u00e4glich aktualisiert werden.\" \/>\n<meta property=\"og:url\" content=\"https:\/\/www.libri.de\/de\/fuer-den-handel\/ecommerce\/produktdaten-fuer-den-online-auftritt\/\" \/>\n<meta property=\"og:site_name\" content=\"Libri GmbH\" \/>\n<meta property=\"article:publisher\" content=\"https:\/\/www.facebook.com\/libribarsortiment\" \/>\n<meta property=\"article:modified_time\" content=\"2025-04-30T11:24:37+00:00\" \/>\n<meta property=\"og:image\" content=\"https:\/\/www.libri.de\/wp-content\/uploads\/2021\/12\/Beitragsbild_Libri_mittelblau.jpg\" \/>\n\t<meta property=\"og:image:width\" content=\"1990\" \/>\n\t<meta property=\"og:image:height\" content=\"1100\" \/>\n\t<meta property=\"og:image:type\" content=\"image\/jpeg\" \/>\n<meta name=\"twitter:card\" content=\"summary_large_image\" \/>\n<meta name=\"twitter:label1\" content=\"Gesch\u00e4tzte Lesezeit\" \/>\n\t<meta name=\"twitter:data1\" content=\"1\u00a0Minute\" \/>\n<script type=\"application\/ld+json\" class=\"yoast-schema-graph\">{\"@context\":\"https:\/\/schema.org\",\"@graph\":[{\"@type\":\"WebPage\",\"@id\":\"https:\/\/www.libri.de\/de\/fuer-den-handel\/ecommerce\/produktdaten-fuer-den-online-auftritt\/\",\"url\":\"https:\/\/www.libri.de\/de\/fuer-den-handel\/ecommerce\/produktdaten-fuer-den-online-auftritt\/\",\"name\":\"Produktdaten f\u00fcr den Online Auftritt | Libri GmbH\",\"isPartOf\":{\"@id\":\"https:\/\/www.libri.de\/fr\/#website\"},\"primaryImageOfPage\":{\"@id\":\"https:\/\/www.libri.de\/de\/fuer-den-handel\/ecommerce\/produktdaten-fuer-den-online-auftritt\/#primaryimage\"},\"image\":{\"@id\":\"https:\/\/www.libri.de\/de\/fuer-den-handel\/ecommerce\/produktdaten-fuer-den-online-auftritt\/#primaryimage\"},\"thumbnailUrl\":\"https:\/\/www.libri.de\/wp-content\/uploads\/2021\/12\/Beitragsbild_Libri_mittelblau.jpg\",\"datePublished\":\"2024-10-09T12:52:59+00:00\",\"dateModified\":\"2025-04-30T11:24:37+00:00\",\"breadcrumb\":{\"@id\":\"https:\/\/www.libri.de\/de\/fuer-den-handel\/ecommerce\/produktdaten-fuer-den-online-auftritt\/#breadcrumb\"},\"inLanguage\":\"de\",\"potentialAction\":[{\"@type\":\"ReadAction\",\"target\":[\"https:\/\/www.libri.de\/de\/fuer-den-handel\/ecommerce\/produktdaten-fuer-den-online-auftritt\/\"]}]},{\"@type\":\"ImageObject\",\"inLanguage\":\"de\",\"@id\":\"https:\/\/www.libri.de\/de\/fuer-den-handel\/ecommerce\/produktdaten-fuer-den-online-auftritt\/#primaryimage\",\"url\":\"https:\/\/www.libri.de\/wp-content\/uploads\/2021\/12\/Beitragsbild_Libri_mittelblau.jpg\",\"contentUrl\":\"https:\/\/www.libri.de\/wp-content\/uploads\/2021\/12\/Beitragsbild_Libri_mittelblau.jpg\",\"width\":1990,\"height\":1100},{\"@type\":\"BreadcrumbList\",\"@id\":\"https:\/\/www.libri.de\/de\/fuer-den-handel\/ecommerce\/produktdaten-fuer-den-online-auftritt\/#breadcrumb\",\"itemListElement\":[{\"@type\":\"ListItem\",\"position\":1,\"name\":\"Start\",\"item\":\"https:\/\/www.libri.de\/de\/\"},{\"@type\":\"ListItem\",\"position\":2,\"name\":\"F\u00fcr den Handel\",\"item\":\"https:\/\/www.libri.de\/de\/fuer-den-handel\/\"},{\"@type\":\"ListItem\",\"position\":3,\"name\":\"eCommerce\",\"item\":\"https:\/\/www.libri.de\/de\/fuer-den-handel\/ecommerce\/\"},{\"@type\":\"ListItem\",\"position\":4,\"name\":\"Produktdaten f\u00fcr den Online Auftritt\"}]},{\"@type\":\"WebSite\",\"@id\":\"https:\/\/www.libri.de\/fr\/#website\",\"url\":\"https:\/\/www.libri.de\/fr\/\",\"name\":\"Libri GmbH\",\"description\":\"Barsortiment und Gro\u00dfhandel f\u00fcr B\u00fccher und andere Medien\",\"publisher\":{\"@id\":\"https:\/\/www.libri.de\/fr\/#organization\"},\"potentialAction\":[{\"@type\":\"SearchAction\",\"target\":{\"@type\":\"EntryPoint\",\"urlTemplate\":\"https:\/\/www.libri.de\/fr\/?s={search_term_string}\"},\"query-input\":{\"@type\":\"PropertyValueSpecification\",\"valueRequired\":true,\"valueName\":\"search_term_string\"}}],\"inLanguage\":\"de\"},{\"@type\":\"Organization\",\"@id\":\"https:\/\/www.libri.de\/fr\/#organization\",\"name\":\"Libri\",\"url\":\"https:\/\/www.libri.de\/fr\/\",\"logo\":{\"@type\":\"ImageObject\",\"inLanguage\":\"de\",\"@id\":\"https:\/\/www.libri.de\/fr\/#\/schema\/logo\/image\/\",\"url\":\"https:\/\/188.64.195.32\/wp-content\/uploads\/2022\/04\/libri_logo-1.jpg\",\"contentUrl\":\"https:\/\/188.64.195.32\/wp-content\/uploads\/2022\/04\/libri_logo-1.jpg\",\"width\":2000,\"height\":1000,\"caption\":\"Libri\"},\"image\":{\"@id\":\"https:\/\/www.libri.de\/fr\/#\/schema\/logo\/image\/\"},\"sameAs\":[\"https:\/\/www.facebook.com\/libribarsortiment\",\"https:\/\/www.instagram.com\/libri.barsortiment\",\"https:\/\/www.linkedin.com\/company\/libri-gmbh\"]}]}<\/script>\n<!-- \/ Yoast SEO plugin. -->","yoast_head_json":{"title":"Produktdaten f\u00fcr den Online Auftritt | Libri GmbH","robots":{"index":"index","follow":"follow","max-snippet":"max-snippet:-1","max-image-preview":"max-image-preview:large","max-video-preview":"max-video-preview:-1"},"canonical":"https:\/\/www.libri.de\/de\/fuer-den-handel\/ecommerce\/produktdaten-fuer-den-online-auftritt\/","og_locale":"de_DE","og_type":"article","og_title":"Produktdaten f\u00fcr den Online Auftritt | Libri GmbH","og_description":"Die Libri Katalogdaten beinhalten ein umfangreiches Angebot nationaler und internationaler Buchtitel, eBooks sowie vielen weiteren Non-Book-Artikeln, die t\u00e4glich aktualisiert werden.","og_url":"https:\/\/www.libri.de\/de\/fuer-den-handel\/ecommerce\/produktdaten-fuer-den-online-auftritt\/","og_site_name":"Libri GmbH","article_publisher":"https:\/\/www.facebook.com\/libribarsortiment","article_modified_time":"2025-04-30T11:24:37+00:00","og_image":[{"width":1990,"height":1100,"url":"https:\/\/www.libri.de\/wp-content\/uploads\/2021\/12\/Beitragsbild_Libri_mittelblau.jpg","type":"image\/jpeg"}],"twitter_card":"summary_large_image","twitter_misc":{"Gesch\u00e4tzte Lesezeit":"1\u00a0Minute"},"schema":{"@context":"https:\/\/schema.org","@graph":[{"@type":"WebPage","@id":"https:\/\/www.libri.de\/de\/fuer-den-handel\/ecommerce\/produktdaten-fuer-den-online-auftritt\/","url":"https:\/\/www.libri.de\/de\/fuer-den-handel\/ecommerce\/produktdaten-fuer-den-online-auftritt\/","name":"Produktdaten f\u00fcr den Online Auftritt | Libri GmbH","isPartOf":{"@id":"https:\/\/www.libri.de\/fr\/#website"},"primaryImageOfPage":{"@id":"https:\/\/www.libri.de\/de\/fuer-den-handel\/ecommerce\/produktdaten-fuer-den-online-auftritt\/#primaryimage"},"image":{"@id":"https:\/\/www.libri.de\/de\/fuer-den-handel\/ecommerce\/produktdaten-fuer-den-online-auftritt\/#primaryimage"},"thumbnailUrl":"https:\/\/www.libri.de\/wp-content\/uploads\/2021\/12\/Beitragsbild_Libri_mittelblau.jpg","datePublished":"2024-10-09T12:52:59+00:00","dateModified":"2025-04-30T11:24:37+00:00","breadcrumb":{"@id":"https:\/\/www.libri.de\/de\/fuer-den-handel\/ecommerce\/produktdaten-fuer-den-online-auftritt\/#breadcrumb"},"inLanguage":"de","potentialAction":[{"@type":"ReadAction","target":["https:\/\/www.libri.de\/de\/fuer-den-handel\/ecommerce\/produktdaten-fuer-den-online-auftritt\/"]}]},{"@type":"ImageObject","inLanguage":"de","@id":"https:\/\/www.libri.de\/de\/fuer-den-handel\/ecommerce\/produktdaten-fuer-den-online-auftritt\/#primaryimage","url":"https:\/\/www.libri.de\/wp-content\/uploads\/2021\/12\/Beitragsbild_Libri_mittelblau.jpg","contentUrl":"https:\/\/www.libri.de\/wp-content\/uploads\/2021\/12\/Beitragsbild_Libri_mittelblau.jpg","width":1990,"height":1100},{"@type":"BreadcrumbList","@id":"https:\/\/www.libri.de\/de\/fuer-den-handel\/ecommerce\/produktdaten-fuer-den-online-auftritt\/#breadcrumb","itemListElement":[{"@type":"ListItem","position":1,"name":"Start","item":"https:\/\/www.libri.de\/de\/"},{"@type":"ListItem","position":2,"name":"F\u00fcr den Handel","item":"https:\/\/www.libri.de\/de\/fuer-den-handel\/"},{"@type":"ListItem","position":3,"name":"eCommerce","item":"https:\/\/www.libri.de\/de\/fuer-den-handel\/ecommerce\/"},{"@type":"ListItem","position":4,"name":"Produktdaten f\u00fcr den Online Auftritt"}]},{"@type":"WebSite","@id":"https:\/\/www.libri.de\/fr\/#website","url":"https:\/\/www.libri.de\/fr\/","name":"Libri GmbH","description":"Barsortiment und Gro\u00dfhandel f\u00fcr B\u00fccher und andere Medien","publisher":{"@id":"https:\/\/www.libri.de\/fr\/#organization"},"potentialAction":[{"@type":"SearchAction","target":{"@type":"EntryPoint","urlTemplate":"https:\/\/www.libri.de\/fr\/?s={search_term_string}"},"query-input":{"@type":"PropertyValueSpecification","valueRequired":true,"valueName":"search_term_string"}}],"inLanguage":"de"},{"@type":"Organization","@id":"https:\/\/www.libri.de\/fr\/#organization","name":"Libri","url":"https:\/\/www.libri.de\/fr\/","logo":{"@type":"ImageObject","inLanguage":"de","@id":"https:\/\/www.libri.de\/fr\/#\/schema\/logo\/image\/","url":"https:\/\/188.64.195.32\/wp-content\/uploads\/2022\/04\/libri_logo-1.jpg","contentUrl":"https:\/\/188.64.195.32\/wp-content\/uploads\/2022\/04\/libri_logo-1.jpg","width":2000,"height":1000,"caption":"Libri"},"image":{"@id":"https:\/\/www.libri.de\/fr\/#\/schema\/logo\/image\/"},"sameAs":["https:\/\/www.facebook.com\/libribarsortiment","https:\/\/www.instagram.com\/libri.barsortiment","https:\/\/www.linkedin.com\/company\/libri-gmbh"]}]}},"_links":{"self":[{"href":"https:\/\/www.libri.de\/de\/wp-json\/wp\/v2\/pages\/71682","targetHints":{"allow":["GET"]}}],"collection":[{"href":"https:\/\/www.libri.de\/de\/wp-json\/wp\/v2\/pages"}],"about":[{"href":"https:\/\/www.libri.de\/de\/wp-json\/wp\/v2\/types\/page"}],"author":[{"embeddable":true,"href":"https:\/\/www.libri.de\/de\/wp-json\/wp\/v2\/users\/33"}],"replies":[{"embeddable":true,"href":"https:\/\/www.libri.de\/de\/wp-json\/wp\/v2\/comments?post=71682"}],"version-history":[{"count":3,"href":"https:\/\/www.libri.de\/de\/wp-json\/wp\/v2\/pages\/71682\/revisions"}],"predecessor-version":[{"id":78499,"href":"https:\/\/www.libri.de\/de\/wp-json\/wp\/v2\/pages\/71682\/revisions\/78499"}],"up":[{"embeddable":true,"href":"https:\/\/www.libri.de\/de\/wp-json\/wp\/v2\/pages\/71678"}],"wp:featuredmedia":[{"embeddable":true,"href":"https:\/\/www.libri.de\/de\/wp-json\/wp\/v2\/media\/34894"}],"wp:attachment":[{"href":"https:\/\/www.libri.de\/de\/wp-json\/wp\/v2\/media?parent=71682"}],"curies":[{"name":"wp","href":"https:\/\/api.w.org\/{rel}","templated":true}]}}