{"id":71678,"date":"2024-10-09T14:49:10","date_gmt":"2024-10-09T12:49:10","guid":{"rendered":"https:\/\/www.libri.de\/?page_id=71678"},"modified":"2025-10-10T18:44:56","modified_gmt":"2025-10-10T16:44:56","slug":"ecommerce","status":"publish","type":"page","link":"https:\/\/www.libri.de\/de\/fuer-den-handel\/ecommerce\/","title":{"rendered":"eCommerce"},"content":{"rendered":"\r\n<div id=\"header-block_9b29181a7cd540ff1a6193a2bfe4d416\" class=\"block-header module type-top-bottom bc-blue c-white-imp\">\r\n  <div class=\"container\">\r\n\r\n    <p id=\"breadcrumbs\"><span><span><a href=\"https:\/\/www.libri.de\/de\/\">Start<\/a><\/span><\/span><\/p>    \r\n    \r\n      \r\n      <div class=\"row\">\r\n        <div class=\"col-12 col-md-10 title\">\r\n          <h1 class=\"\">eCommerce<\/h1>\r\n        <\/div>\r\n\r\n        <div class=\"col-12 col-md-10 text\">\r\n          <p>Unsere umfangreichen Katalogdaten unterst\u00fctzen Sie optimal bei Ihrem Onlinehandel. Wir liefern sowohl zu Ihnen als auch direkt zu Ihren Kund*innen nach Hause.<\/p>\r\n        <\/div>\r\n      <\/div>\r\n\r\n      \r\n  <\/div>\r\n<\/div>\r\n\r\n\n\n\r\n<div id=\"anchor-nav-block_ef29c0a5dabb6cea53d2e7bfc9db4435\" class=\"block-anchor-nav module bc-blue c-white-imp\"  >\r\n\r\n      <div class=\"container\"><div class=\"line\"><\/div><\/div>\r\n    \r\n    <div class=\"container\">\r\n      <div class=\"p-relative\">\r\n        <div class=\"arrow left\"><\/div>\r\n        <div class=\"arrow right\"><\/div>\r\n      <\/div>\r\n      <div class=\"overflow-x-auto\">\r\n        <div class=\"d-flex anchor-nav\" data-class=\"anchor-nav-entry\"><\/div>\r\n      <\/div>\r\n    <\/div>\r\n\r\n  <\/div>\r\n\r\n\n\n\r\n<div id=\"space-block_0e789bf5a4bc860e52dd79af61f3943a\" class=\"block-space module bc-trans\" style=\"height: 48px;\"><\/div>\n\n\r\n<div id=\"produktdaten\" class=\"block-anchor\" data-title=\"Produktdaten\" >\r\n\r\n  <\/div>\r\n\r\n\n\n\r\n<div id=\"text-block_8cc4cc3f2330bf0685a26a96a5d6cf54\" class=\"block-text module type-text bc-trans\">\r\n  <div class=\"container\">\r\n\r\n    \r\n      <div class=\"row \">\r\n\r\n        \r\n        <div class=\"col-12 col-md-10\">\r\n\r\n                      <h2 class=\"title\">Produktdaten f\u00fcr den Online Auftritt <\/h2>\r\n          \r\n          <div class=\"text for-box-js\">\r\n            <p>Die Libri Katalogdaten beinhalten ein umfangreiches Angebot nationaler und internationaler Buchtitel, Non-Books und eBooks, dass t\u00e4glich aktualisiert wird.<\/p>\n          <\/div>\r\n\r\n                      <div class=\"cta\">\r\n              <a \r\n                class=\"bttn-secondary icn-no\" \r\n                href=\"https:\/\/www.libri.de\/de\/fuer-den-handel\/ecommerce\/produktdaten-fuer-den-online-auftritt\/\" \r\n                target=\"_self\"\r\n                >\r\n                Mehr zu Produktdaten              <\/a>\r\n            <\/div>\r\n          \r\n          \r\n        <\/div>\r\n        \r\n      <\/div>\r\n\r\n    \r\n  <\/div>\r\n<\/div>\r\n\r\n\n\n\r\n<div id=\"auftragsuebermittlung\" class=\"block-anchor\" data-title=\"Auftrags\u00fcbermittlung\" >\r\n\r\n  <\/div>\r\n\r\n\n\n\r\n<div id=\"text-block_ad5d1ca6423371e65736ac6c9596e3c9\" class=\"block-text module type-text bc-trans\">\r\n  <div class=\"container\">\r\n\r\n    \r\n      <div class=\"row \">\r\n\r\n        \r\n        <div class=\"col-12 col-md-10\">\r\n\r\n                      <h2 class=\"title\">Auftrags\u00fcbermittlung bei Libri<\/h2>\r\n          \r\n          <div class=\"text for-box-js\">\r\n            <p>Genau wie Ihr Online-Shop ist unsere Bestellannahme 24 Stunden am Tag erreichbar, um Ihre Auftr\u00e4ge schnell, zuverl\u00e4ssig und sicher abzuwickeln. Unser erprobter EDI-Prozess wickelt t\u00e4glich hunderttausende Bestellungen ab und bietet dabei die Flexibilit\u00e4t, wie sie von Ihnen und Ihren Kund*innen erwartet wird.<\/p>\n          <\/div>\r\n\r\n                      <div class=\"cta\">\r\n              <a \r\n                class=\"bttn-secondary icn-no\" \r\n                href=\"https:\/\/www.libri.de\/de\/fuer-den-handel\/ecommerce\/auftragsuebermittlung-bei-libri\/\" \r\n                target=\"_self\"\r\n                >\r\n                Mehr zur Auftrags\u00fcbermittlung              <\/a>\r\n            <\/div>\r\n          \r\n          \r\n        <\/div>\r\n        \r\n      <\/div>\r\n\r\n    \r\n  <\/div>\r\n<\/div>\r\n\r\n\n\n\r\n<div id=\"versandservice-libri-direkt\" class=\"block-anchor\" data-title=\"Versandservice Libri.Direkt\" >\r\n\r\n  <\/div>\r\n\r\n\n\n\r\n<div id=\"text-block_c544847c3ca8b594256f994722d729a0\" class=\"block-text module type-text bc-trans\">\r\n  <div class=\"container\">\r\n\r\n    \r\n      <div class=\"row \">\r\n\r\n        \r\n        <div class=\"col-12 col-md-10\">\r\n\r\n                      <h2 class=\"title\">Versandservice Libri.Direkt<\/h2>\r\n          \r\n          <div class=\"text for-box-js\">\r\n            <p>Fulfillment nach h\u00f6chsten Ma\u00dfst\u00e4ben: Mit Libri.Direkt schicken wir Ihre Sendungen weltweit zu Ihren Kund*innen direkt nach Hause.<\/p>\n          <\/div>\r\n\r\n                      <div class=\"cta\">\r\n              <a \r\n                class=\"bttn-secondary icn-no\" \r\n                href=\"https:\/\/www.libri.de\/de\/fuer-den-handel\/ecommerce\/libri-direkt\/\" \r\n                target=\"_self\"\r\n                >\r\n                Mehr zu Libri.Direkt              <\/a>\r\n            <\/div>\r\n          \r\n          \r\n        <\/div>\r\n        \r\n      <\/div>\r\n\r\n    \r\n  <\/div>\r\n<\/div>\r\n\r\n\n\n\r\n<div id=\"space-block_0e789bf5a4bc860e52dd79af61f3943a\" class=\"block-space module bc-trans\" style=\"height: 48px;\"><\/div>\n\n\r\n<div id=\"libri-shopline\" class=\"block-anchor\" data-title=\"Libri.Shopline\" >\r\n\r\n  <\/div>\r\n\r\n\n\n\r\n<div id=\"text-block_8fee9144ba9dea47fbe7bcf02e66123d\" class=\"block-text module type-text-img bc-trans\">\r\n  <div class=\"container\">\r\n\r\n    \r\n      <div class=\"row flex-row-reverse\">\r\n\r\n        \r\n          <div class=\"col-12 col-md-6 col-xl-5\">\r\n            <div class=\"image square\">\r\n              <img decoding=\"async\" width=\"768\" height=\"424\" src=\"https:\/\/www.libri.de\/wp-content\/uploads\/2022\/01\/Libri_Shopline_Whitelabelshop-768x424.jpg\" class=\"attachment-medium_large size-medium_large\" alt=\"Logo des White Label Shops Libri.Shopline\" srcset=\"https:\/\/www.libri.de\/wp-content\/uploads\/2022\/01\/Libri_Shopline_Whitelabelshop-768x424.jpg 768w, https:\/\/www.libri.de\/wp-content\/uploads\/2022\/01\/Libri_Shopline_Whitelabelshop-300x165.jpg 300w, https:\/\/www.libri.de\/wp-content\/uploads\/2022\/01\/Libri_Shopline_Whitelabelshop-1024x565.jpg 1024w, https:\/\/www.libri.de\/wp-content\/uploads\/2022\/01\/Libri_Shopline_Whitelabelshop-1536x847.jpg 1536w, https:\/\/www.libri.de\/wp-content\/uploads\/2022\/01\/Libri_Shopline_Whitelabelshop.jpg 1650w\" sizes=\"(max-width: 768px) 100vw, 768px\" \/>            <\/div>\r\n                      <\/div>\r\n\r\n          <div class=\"d-none d-xl-block col-2\"><\/div>\r\n\r\n        \r\n        <div class=\"col-12 col-md-6 col-xl-5\">\r\n\r\n                      <h2 class=\"title\">Libri.Shopline \u2013 unsere White Label Shop-L\u00f6sung<\/h2>\r\n          \r\n          <div class=\"text \">\r\n            <p>Ihr Onlineshop im individuellen Look and Feel \u2013 mit Libri.Shopline wachsen die Online- und Offline-Welten ganz selbstverst\u00e4ndlich zusammen. Ihre Kund*innen erleben Ihre Buchhandlung ganzheitlich \u2014 auf allen Kan\u00e4len.<\/p>\n          <\/div>\r\n\r\n                      <div class=\"cta\">\r\n              <a \r\n                class=\"bttn-secondary icn-no\" \r\n                href=\"https:\/\/www.libri.de\/de\/fuer-den-handel\/produkte\/libri-shopline\/\" \r\n                target=\"_self\"\r\n                >\r\n                Mehr zu Libri.Shopline              <\/a>\r\n            <\/div>\r\n          \r\n          \r\n        <\/div>\r\n        \r\n      <\/div>\r\n\r\n    \r\n  <\/div>\r\n<\/div>\r\n\r\n\n\n\r\n<div id=\"go-back-block_add2cd60d553e8c713774845bc81b2cf\" class=\"block-go-back module bc-trans\">\r\n  <div class=\"container\">\r\n\r\n    <a href=\"javascript:history.back()\" class=\"bttn-secondary go-back-link\">\r\n      <span class=\"arrow-left\"><\/span>Zur\u00fcck zur \u00dcbersicht    <\/a>\r\n\r\n  <\/div>\r\n<\/div>\r\n\r\n","protected":false},"excerpt":{"rendered":"<p>Mithilfe unserer umfangreichen Katalogdaten unterst\u00fctzen wir Sie optimal bei Ihrem Onlinehandel. Gerne liefern wir unsere Produkte sowohl zu Ihnen als auch direkt zu Ihren Kund*innen nach Hause. Flexibilit\u00e4t und Schnelligkeit stehen bei uns an erster Stelle.<\/p>\n","protected":false},"author":33,"featured_media":34033,"parent":80976,"menu_order":0,"comment_status":"closed","ping_status":"closed","template":"","meta":{"_acf_changed":false,"footnotes":""},"class_list":["post-71678","page","type-page","status-publish","has-post-thumbnail","hentry"],"acf":[],"yoast_head":"<!-- This site is optimized with the Yoast SEO plugin v27.0 - https:\/\/yoast.com\/product\/yoast-seo-wordpress\/ -->\n<title>eCommerce | Libri GmbH<\/title>\n<meta name=\"robots\" content=\"index, follow, max-snippet:-1, max-image-preview:large, max-video-preview:-1\" \/>\n<link rel=\"canonical\" href=\"https:\/\/www.libri.de\/de\/fuer-den-handel\/ecommerce\/\" \/>\n<meta property=\"og:locale\" content=\"de_DE\" \/>\n<meta property=\"og:type\" content=\"article\" \/>\n<meta property=\"og:title\" content=\"eCommerce | Libri GmbH\" \/>\n<meta property=\"og:description\" content=\"Mithilfe unserer umfangreichen Katalogdaten unterst\u00fctzen wir Sie optimal bei Ihrem Onlinehandel. Gerne liefern wir unsere Produkte sowohl zu Ihnen als auch direkt zu Ihren Kund*innen nach Hause. Flexibilit\u00e4t und Schnelligkeit stehen bei uns an erster Stelle.\" \/>\n<meta property=\"og:url\" content=\"https:\/\/www.libri.de\/de\/fuer-den-handel\/ecommerce\/\" \/>\n<meta property=\"og:site_name\" content=\"Libri GmbH\" \/>\n<meta property=\"article:publisher\" content=\"https:\/\/www.facebook.com\/libribarsortiment\" \/>\n<meta property=\"article:modified_time\" content=\"2025-10-10T16:44:56+00:00\" \/>\n<meta property=\"og:image\" content=\"https:\/\/www.libri.de\/wp-content\/uploads\/2021\/12\/libri_service_ecommerce.jpg\" \/>\n\t<meta property=\"og:image:width\" content=\"1650\" \/>\n\t<meta property=\"og:image:height\" content=\"910\" \/>\n\t<meta property=\"og:image:type\" content=\"image\/jpeg\" \/>\n<meta name=\"twitter:card\" content=\"summary_large_image\" \/>\n<meta name=\"twitter:label1\" content=\"Gesch\u00e4tzte Lesezeit\" \/>\n\t<meta name=\"twitter:data1\" content=\"1\u00a0Minute\" \/>\n<script type=\"application\/ld+json\" class=\"yoast-schema-graph\">{\"@context\":\"https:\/\/schema.org\",\"@graph\":[{\"@type\":\"WebPage\",\"@id\":\"https:\/\/www.libri.de\/de\/fuer-den-handel\/ecommerce\/\",\"url\":\"https:\/\/www.libri.de\/de\/fuer-den-handel\/ecommerce\/\",\"name\":\"eCommerce | Libri GmbH\",\"isPartOf\":{\"@id\":\"https:\/\/www.libri.de\/fr\/#website\"},\"primaryImageOfPage\":{\"@id\":\"https:\/\/www.libri.de\/de\/fuer-den-handel\/ecommerce\/#primaryimage\"},\"image\":{\"@id\":\"https:\/\/www.libri.de\/de\/fuer-den-handel\/ecommerce\/#primaryimage\"},\"thumbnailUrl\":\"https:\/\/www.libri.de\/wp-content\/uploads\/2021\/12\/libri_service_ecommerce.jpg\",\"datePublished\":\"2024-10-09T12:49:10+00:00\",\"dateModified\":\"2025-10-10T16:44:56+00:00\",\"breadcrumb\":{\"@id\":\"https:\/\/www.libri.de\/de\/fuer-den-handel\/ecommerce\/#breadcrumb\"},\"inLanguage\":\"de\",\"potentialAction\":[{\"@type\":\"ReadAction\",\"target\":[\"https:\/\/www.libri.de\/de\/fuer-den-handel\/ecommerce\/\"]}]},{\"@type\":\"ImageObject\",\"inLanguage\":\"de\",\"@id\":\"https:\/\/www.libri.de\/de\/fuer-den-handel\/ecommerce\/#primaryimage\",\"url\":\"https:\/\/www.libri.de\/wp-content\/uploads\/2021\/12\/libri_service_ecommerce.jpg\",\"contentUrl\":\"https:\/\/www.libri.de\/wp-content\/uploads\/2021\/12\/libri_service_ecommerce.jpg\",\"width\":1650,\"height\":910,\"caption\":\"Kundin sucht im Internet \u00fcber eCommerce ihr gesuchtes Buch\"},{\"@type\":\"BreadcrumbList\",\"@id\":\"https:\/\/www.libri.de\/de\/fuer-den-handel\/ecommerce\/#breadcrumb\",\"itemListElement\":[{\"@type\":\"ListItem\",\"position\":1,\"name\":\"Start\",\"item\":\"https:\/\/www.libri.de\/de\/\"},{\"@type\":\"ListItem\",\"position\":2,\"name\":\"F\u00fcr den Handel\",\"item\":\"https:\/\/www.libri.de\/de\/fuer-den-handel\/\"},{\"@type\":\"ListItem\",\"position\":3,\"name\":\"eCommerce\"}]},{\"@type\":\"WebSite\",\"@id\":\"https:\/\/www.libri.de\/fr\/#website\",\"url\":\"https:\/\/www.libri.de\/fr\/\",\"name\":\"Libri GmbH\",\"description\":\"Barsortiment und Gro\u00dfhandel f\u00fcr B\u00fccher und andere Medien\",\"publisher\":{\"@id\":\"https:\/\/www.libri.de\/fr\/#organization\"},\"potentialAction\":[{\"@type\":\"SearchAction\",\"target\":{\"@type\":\"EntryPoint\",\"urlTemplate\":\"https:\/\/www.libri.de\/fr\/?s={search_term_string}\"},\"query-input\":{\"@type\":\"PropertyValueSpecification\",\"valueRequired\":true,\"valueName\":\"search_term_string\"}}],\"inLanguage\":\"de\"},{\"@type\":\"Organization\",\"@id\":\"https:\/\/www.libri.de\/fr\/#organization\",\"name\":\"Libri\",\"url\":\"https:\/\/www.libri.de\/fr\/\",\"logo\":{\"@type\":\"ImageObject\",\"inLanguage\":\"de\",\"@id\":\"https:\/\/www.libri.de\/fr\/#\/schema\/logo\/image\/\",\"url\":\"https:\/\/188.64.195.32\/wp-content\/uploads\/2022\/04\/libri_logo-1.jpg\",\"contentUrl\":\"https:\/\/188.64.195.32\/wp-content\/uploads\/2022\/04\/libri_logo-1.jpg\",\"width\":2000,\"height\":1000,\"caption\":\"Libri\"},\"image\":{\"@id\":\"https:\/\/www.libri.de\/fr\/#\/schema\/logo\/image\/\"},\"sameAs\":[\"https:\/\/www.facebook.com\/libribarsortiment\",\"https:\/\/www.instagram.com\/libri.barsortiment\",\"https:\/\/www.linkedin.com\/company\/libri-gmbh\"]}]}<\/script>\n<!-- \/ Yoast SEO plugin. -->","yoast_head_json":{"title":"eCommerce | Libri GmbH","robots":{"index":"index","follow":"follow","max-snippet":"max-snippet:-1","max-image-preview":"max-image-preview:large","max-video-preview":"max-video-preview:-1"},"canonical":"https:\/\/www.libri.de\/de\/fuer-den-handel\/ecommerce\/","og_locale":"de_DE","og_type":"article","og_title":"eCommerce | Libri GmbH","og_description":"Mithilfe unserer umfangreichen Katalogdaten unterst\u00fctzen wir Sie optimal bei Ihrem Onlinehandel. Gerne liefern wir unsere Produkte sowohl zu Ihnen als auch direkt zu Ihren Kund*innen nach Hause. Flexibilit\u00e4t und Schnelligkeit stehen bei uns an erster Stelle.","og_url":"https:\/\/www.libri.de\/de\/fuer-den-handel\/ecommerce\/","og_site_name":"Libri GmbH","article_publisher":"https:\/\/www.facebook.com\/libribarsortiment","article_modified_time":"2025-10-10T16:44:56+00:00","og_image":[{"width":1650,"height":910,"url":"https:\/\/www.libri.de\/wp-content\/uploads\/2021\/12\/libri_service_ecommerce.jpg","type":"image\/jpeg"}],"twitter_card":"summary_large_image","twitter_misc":{"Gesch\u00e4tzte Lesezeit":"1\u00a0Minute"},"schema":{"@context":"https:\/\/schema.org","@graph":[{"@type":"WebPage","@id":"https:\/\/www.libri.de\/de\/fuer-den-handel\/ecommerce\/","url":"https:\/\/www.libri.de\/de\/fuer-den-handel\/ecommerce\/","name":"eCommerce | Libri GmbH","isPartOf":{"@id":"https:\/\/www.libri.de\/fr\/#website"},"primaryImageOfPage":{"@id":"https:\/\/www.libri.de\/de\/fuer-den-handel\/ecommerce\/#primaryimage"},"image":{"@id":"https:\/\/www.libri.de\/de\/fuer-den-handel\/ecommerce\/#primaryimage"},"thumbnailUrl":"https:\/\/www.libri.de\/wp-content\/uploads\/2021\/12\/libri_service_ecommerce.jpg","datePublished":"2024-10-09T12:49:10+00:00","dateModified":"2025-10-10T16:44:56+00:00","breadcrumb":{"@id":"https:\/\/www.libri.de\/de\/fuer-den-handel\/ecommerce\/#breadcrumb"},"inLanguage":"de","potentialAction":[{"@type":"ReadAction","target":["https:\/\/www.libri.de\/de\/fuer-den-handel\/ecommerce\/"]}]},{"@type":"ImageObject","inLanguage":"de","@id":"https:\/\/www.libri.de\/de\/fuer-den-handel\/ecommerce\/#primaryimage","url":"https:\/\/www.libri.de\/wp-content\/uploads\/2021\/12\/libri_service_ecommerce.jpg","contentUrl":"https:\/\/www.libri.de\/wp-content\/uploads\/2021\/12\/libri_service_ecommerce.jpg","width":1650,"height":910,"caption":"Kundin sucht im Internet \u00fcber eCommerce ihr gesuchtes Buch"},{"@type":"BreadcrumbList","@id":"https:\/\/www.libri.de\/de\/fuer-den-handel\/ecommerce\/#breadcrumb","itemListElement":[{"@type":"ListItem","position":1,"name":"Start","item":"https:\/\/www.libri.de\/de\/"},{"@type":"ListItem","position":2,"name":"F\u00fcr den Handel","item":"https:\/\/www.libri.de\/de\/fuer-den-handel\/"},{"@type":"ListItem","position":3,"name":"eCommerce"}]},{"@type":"WebSite","@id":"https:\/\/www.libri.de\/fr\/#website","url":"https:\/\/www.libri.de\/fr\/","name":"Libri GmbH","description":"Barsortiment und Gro\u00dfhandel f\u00fcr B\u00fccher und andere Medien","publisher":{"@id":"https:\/\/www.libri.de\/fr\/#organization"},"potentialAction":[{"@type":"SearchAction","target":{"@type":"EntryPoint","urlTemplate":"https:\/\/www.libri.de\/fr\/?s={search_term_string}"},"query-input":{"@type":"PropertyValueSpecification","valueRequired":true,"valueName":"search_term_string"}}],"inLanguage":"de"},{"@type":"Organization","@id":"https:\/\/www.libri.de\/fr\/#organization","name":"Libri","url":"https:\/\/www.libri.de\/fr\/","logo":{"@type":"ImageObject","inLanguage":"de","@id":"https:\/\/www.libri.de\/fr\/#\/schema\/logo\/image\/","url":"https:\/\/188.64.195.32\/wp-content\/uploads\/2022\/04\/libri_logo-1.jpg","contentUrl":"https:\/\/188.64.195.32\/wp-content\/uploads\/2022\/04\/libri_logo-1.jpg","width":2000,"height":1000,"caption":"Libri"},"image":{"@id":"https:\/\/www.libri.de\/fr\/#\/schema\/logo\/image\/"},"sameAs":["https:\/\/www.facebook.com\/libribarsortiment","https:\/\/www.instagram.com\/libri.barsortiment","https:\/\/www.linkedin.com\/company\/libri-gmbh"]}]}},"_links":{"self":[{"href":"https:\/\/www.libri.de\/de\/wp-json\/wp\/v2\/pages\/71678","targetHints":{"allow":["GET"]}}],"collection":[{"href":"https:\/\/www.libri.de\/de\/wp-json\/wp\/v2\/pages"}],"about":[{"href":"https:\/\/www.libri.de\/de\/wp-json\/wp\/v2\/types\/page"}],"author":[{"embeddable":true,"href":"https:\/\/www.libri.de\/de\/wp-json\/wp\/v2\/users\/33"}],"replies":[{"embeddable":true,"href":"https:\/\/www.libri.de\/de\/wp-json\/wp\/v2\/comments?post=71678"}],"version-history":[{"count":2,"href":"https:\/\/www.libri.de\/de\/wp-json\/wp\/v2\/pages\/71678\/revisions"}],"predecessor-version":[{"id":84005,"href":"https:\/\/www.libri.de\/de\/wp-json\/wp\/v2\/pages\/71678\/revisions\/84005"}],"up":[{"embeddable":true,"href":"https:\/\/www.libri.de\/de\/wp-json\/wp\/v2\/pages\/80976"}],"wp:featuredmedia":[{"embeddable":true,"href":"https:\/\/www.libri.de\/de\/wp-json\/wp\/v2\/media\/34033"}],"wp:attachment":[{"href":"https:\/\/www.libri.de\/de\/wp-json\/wp\/v2\/media?parent=71678"}],"curies":[{"name":"wp","href":"https:\/\/api.w.org\/{rel}","templated":true}]}}