{"id":37526,"date":"2022-02-21T11:49:52","date_gmt":"2022-02-21T09:49:52","guid":{"rendered":"https:\/\/www.libri.de\/?page_id=37526"},"modified":"2022-02-21T11:51:38","modified_gmt":"2022-02-21T09:51:38","slug":"zoom-tipps","status":"publish","type":"page","link":"https:\/\/www.libri.de\/de\/zoom-tipps\/","title":{"rendered":"Zoom-Tipps"},"content":{"rendered":"\r\n<div id=\"header-block_61a777928ace1\" class=\"block-header module type-small bc-third-blue c-white-imp\">\r\n  <div class=\"container\">\r\n\r\n    <p id=\"breadcrumbs\"><span><span><a href=\"https:\/\/www.libri.de\/de\/\">Start<\/a><\/span><\/span><\/p>    \r\n    \r\n      \r\n      <div class=\"row\">\r\n        <div class=\"col-12 col-md-10 title\">\r\n          <h1 class=\"\">Tipps zur Teilnahme an Zoom-Veranstaltungen<\/h1>\r\n        <\/div>\r\n\r\n        <div class=\"col-12 col-md-10 text\">\r\n          <p><\/p>\r\n        <\/div>\r\n      <\/div>\r\n\r\n      \r\n  <\/div>\r\n<\/div>\r\n\r\n\n\n\r\n<div id=\"text-block_61a7544418f4a\" class=\"block-text module type-text bc-trans\">\r\n  <div class=\"container\">\r\n\r\n    \r\n      <div class=\"row \">\r\n\r\n        \r\n        <div class=\"col-12 col-md-10\">\r\n\r\n          \r\n          <div class=\"text for-box-js\">\r\n            <h3>Zwei Teilnahme-M\u00f6glichkeiten<\/h3>\n<ul>\n<li><strong>Webbrowser<\/strong>: Sie klicken auf den <strong>Veranstaltungslink<\/strong>. Automatisch \u00f6ffent sich ein Fenster Ihres Webbrowsers (Chrome, Firefox, Safari o. \u00c4.). Sie k\u00f6nnen den Link auch in die Browserzeile Ihres Browsers kopieren.<\/li>\n<li><strong>Zoom-App<\/strong>: Sie nutzen die Zoom-App oder geben dort die <strong>Meeting-ID<\/strong> ein.<\/li>\n<\/ul>\n<p>&nbsp;<\/p>\n<h3>Unsere Empfehlung<\/h3>\n<ul>\n<li>Nutzen Sie die <strong>Zoom-App<\/strong>, denn so k\u00f6nnen Sie alle interaktiven Funktionen nutzen. Sie m\u00fcssen sich <strong>nicht bei Zoom registrieren<\/strong>. Eine Teilnahme \u00fcber einen Webbrowser ist auch m\u00f6glich,\u00a0 ggf. aber mit eingeschr\u00e4nktem Funktionsumfang.<\/li>\n<li>Die Zoom-App k\u00f6nnen Sie auf Ihrem PC wie auch auf mobilen Ger\u00e4ten (Tablet, Smartphone) nutzen. Die entsprechende Version (Zoom-Client f\u00fcr Meetings bzw. Android\/iOS) k\u00f6nnen Sie unter <a href=\"https:\/\/zoom.us\/download\" target=\"_blank\" rel=\"noopener\">https:\/\/zoom.us\/download<\/a> herunterladen.<\/li>\n<\/ul>\n<p>&nbsp;<\/p>\n<h3>Teilnahme mit Bild und Ton<\/h3>\n<p>Wir empfehlen, mit <strong>Headset<\/strong> und <strong>intergrierter Kamera<\/strong> zu arbeiten. So k\u00f6nnen wir und die anderen Teilnehmenden Sie sehen und gut verstehen.<\/p>\n<p>Sollten Sie kein Headset und kein Mikrofon an Ihrem PC haben, k\u00f6nnen Sie sich alternativ \u00fcber das Telefon einw\u00e4hlen. Daf\u00fcr halten Sie bitte die <strong>Meeting-ID Ihres Termins <\/strong>bereit. Hier eine \u00dcbersicht der m\u00f6glichen Einwahlnummern:<\/p>\n<ul>\n<li>069 3807 9883<\/li>\n<li>0695 050 2596<\/li>\n<li>069 7104 9922<\/li>\n<\/ul>\n          <\/div>\r\n\r\n          \r\n          \r\n        <\/div>\r\n        \r\n      <\/div>\r\n\r\n    \r\n  <\/div>\r\n<\/div>\r\n\r\n","protected":false},"excerpt":{"rendered":"<p>Tipps zur Teilnahme an Zoom-Veranstaltungen<\/p>\n","protected":false},"author":5,"featured_media":34899,"parent":0,"menu_order":0,"comment_status":"closed","ping_status":"closed","template":"","meta":{"_acf_changed":false,"footnotes":""},"class_list":["post-37526","page","type-page","status-publish","has-post-thumbnail","hentry"],"acf":[],"yoast_head":"<!-- This site is optimized with the Yoast SEO plugin v27.0 - https:\/\/yoast.com\/product\/yoast-seo-wordpress\/ -->\n<title>Zoom-Tipps | Libri GmbH<\/title>\n<meta name=\"robots\" content=\"index, follow, max-snippet:-1, max-image-preview:large, max-video-preview:-1\" \/>\n<link rel=\"canonical\" href=\"https:\/\/www.libri.de\/de\/zoom-tipps\/\" \/>\n<meta property=\"og:locale\" content=\"de_DE\" \/>\n<meta property=\"og:type\" content=\"article\" \/>\n<meta property=\"og:title\" content=\"Zoom-Tipps | Libri GmbH\" \/>\n<meta property=\"og:description\" content=\"Tipps zur Teilnahme an Zoom-Veranstaltungen\" \/>\n<meta property=\"og:url\" content=\"https:\/\/www.libri.de\/de\/zoom-tipps\/\" \/>\n<meta property=\"og:site_name\" content=\"Libri GmbH\" \/>\n<meta property=\"article:publisher\" content=\"https:\/\/www.facebook.com\/libribarsortiment\" \/>\n<meta property=\"article:modified_time\" content=\"2022-02-21T09:51:38+00:00\" \/>\n<meta property=\"og:image\" content=\"https:\/\/www.libri.de\/wp-content\/uploads\/2021\/12\/Beitragsbild_Libri_blau.jpg\" \/>\n\t<meta property=\"og:image:width\" content=\"1990\" \/>\n\t<meta property=\"og:image:height\" content=\"1100\" \/>\n\t<meta property=\"og:image:type\" content=\"image\/jpeg\" \/>\n<meta name=\"twitter:card\" content=\"summary_large_image\" \/>\n<script type=\"application\/ld+json\" class=\"yoast-schema-graph\">{\"@context\":\"https:\/\/schema.org\",\"@graph\":[{\"@type\":\"WebPage\",\"@id\":\"https:\/\/www.libri.de\/de\/zoom-tipps\/\",\"url\":\"https:\/\/www.libri.de\/de\/zoom-tipps\/\",\"name\":\"Zoom-Tipps | Libri GmbH\",\"isPartOf\":{\"@id\":\"https:\/\/www.libri.de\/fr\/#website\"},\"primaryImageOfPage\":{\"@id\":\"https:\/\/www.libri.de\/de\/zoom-tipps\/#primaryimage\"},\"image\":{\"@id\":\"https:\/\/www.libri.de\/de\/zoom-tipps\/#primaryimage\"},\"thumbnailUrl\":\"https:\/\/www.libri.de\/wp-content\/uploads\/2021\/12\/Beitragsbild_Libri_blau.jpg\",\"datePublished\":\"2022-02-21T09:49:52+00:00\",\"dateModified\":\"2022-02-21T09:51:38+00:00\",\"breadcrumb\":{\"@id\":\"https:\/\/www.libri.de\/de\/zoom-tipps\/#breadcrumb\"},\"inLanguage\":\"de\",\"potentialAction\":[{\"@type\":\"ReadAction\",\"target\":[\"https:\/\/www.libri.de\/de\/zoom-tipps\/\"]}]},{\"@type\":\"ImageObject\",\"inLanguage\":\"de\",\"@id\":\"https:\/\/www.libri.de\/de\/zoom-tipps\/#primaryimage\",\"url\":\"https:\/\/www.libri.de\/wp-content\/uploads\/2021\/12\/Beitragsbild_Libri_blau.jpg\",\"contentUrl\":\"https:\/\/www.libri.de\/wp-content\/uploads\/2021\/12\/Beitragsbild_Libri_blau.jpg\",\"width\":1990,\"height\":1100},{\"@type\":\"BreadcrumbList\",\"@id\":\"https:\/\/www.libri.de\/de\/zoom-tipps\/#breadcrumb\",\"itemListElement\":[{\"@type\":\"ListItem\",\"position\":1,\"name\":\"Start\",\"item\":\"https:\/\/www.libri.de\/de\/\"},{\"@type\":\"ListItem\",\"position\":2,\"name\":\"Zoom-Tipps\"}]},{\"@type\":\"WebSite\",\"@id\":\"https:\/\/www.libri.de\/fr\/#website\",\"url\":\"https:\/\/www.libri.de\/fr\/\",\"name\":\"Libri GmbH\",\"description\":\"Barsortiment und Gro\u00dfhandel f\u00fcr B\u00fccher und andere Medien\",\"publisher\":{\"@id\":\"https:\/\/www.libri.de\/fr\/#organization\"},\"potentialAction\":[{\"@type\":\"SearchAction\",\"target\":{\"@type\":\"EntryPoint\",\"urlTemplate\":\"https:\/\/www.libri.de\/fr\/?s={search_term_string}\"},\"query-input\":{\"@type\":\"PropertyValueSpecification\",\"valueRequired\":true,\"valueName\":\"search_term_string\"}}],\"inLanguage\":\"de\"},{\"@type\":\"Organization\",\"@id\":\"https:\/\/www.libri.de\/fr\/#organization\",\"name\":\"Libri\",\"url\":\"https:\/\/www.libri.de\/fr\/\",\"logo\":{\"@type\":\"ImageObject\",\"inLanguage\":\"de\",\"@id\":\"https:\/\/www.libri.de\/fr\/#\/schema\/logo\/image\/\",\"url\":\"https:\/\/188.64.195.32\/wp-content\/uploads\/2022\/04\/libri_logo-1.jpg\",\"contentUrl\":\"https:\/\/188.64.195.32\/wp-content\/uploads\/2022\/04\/libri_logo-1.jpg\",\"width\":2000,\"height\":1000,\"caption\":\"Libri\"},\"image\":{\"@id\":\"https:\/\/www.libri.de\/fr\/#\/schema\/logo\/image\/\"},\"sameAs\":[\"https:\/\/www.facebook.com\/libribarsortiment\",\"https:\/\/www.instagram.com\/libri.barsortiment\",\"https:\/\/www.linkedin.com\/company\/libri-gmbh\"]}]}<\/script>\n<!-- \/ Yoast SEO plugin. -->","yoast_head_json":{"title":"Zoom-Tipps | Libri GmbH","robots":{"index":"index","follow":"follow","max-snippet":"max-snippet:-1","max-image-preview":"max-image-preview:large","max-video-preview":"max-video-preview:-1"},"canonical":"https:\/\/www.libri.de\/de\/zoom-tipps\/","og_locale":"de_DE","og_type":"article","og_title":"Zoom-Tipps | Libri GmbH","og_description":"Tipps zur Teilnahme an Zoom-Veranstaltungen","og_url":"https:\/\/www.libri.de\/de\/zoom-tipps\/","og_site_name":"Libri GmbH","article_publisher":"https:\/\/www.facebook.com\/libribarsortiment","article_modified_time":"2022-02-21T09:51:38+00:00","og_image":[{"width":1990,"height":1100,"url":"https:\/\/www.libri.de\/wp-content\/uploads\/2021\/12\/Beitragsbild_Libri_blau.jpg","type":"image\/jpeg"}],"twitter_card":"summary_large_image","schema":{"@context":"https:\/\/schema.org","@graph":[{"@type":"WebPage","@id":"https:\/\/www.libri.de\/de\/zoom-tipps\/","url":"https:\/\/www.libri.de\/de\/zoom-tipps\/","name":"Zoom-Tipps | Libri GmbH","isPartOf":{"@id":"https:\/\/www.libri.de\/fr\/#website"},"primaryImageOfPage":{"@id":"https:\/\/www.libri.de\/de\/zoom-tipps\/#primaryimage"},"image":{"@id":"https:\/\/www.libri.de\/de\/zoom-tipps\/#primaryimage"},"thumbnailUrl":"https:\/\/www.libri.de\/wp-content\/uploads\/2021\/12\/Beitragsbild_Libri_blau.jpg","datePublished":"2022-02-21T09:49:52+00:00","dateModified":"2022-02-21T09:51:38+00:00","breadcrumb":{"@id":"https:\/\/www.libri.de\/de\/zoom-tipps\/#breadcrumb"},"inLanguage":"de","potentialAction":[{"@type":"ReadAction","target":["https:\/\/www.libri.de\/de\/zoom-tipps\/"]}]},{"@type":"ImageObject","inLanguage":"de","@id":"https:\/\/www.libri.de\/de\/zoom-tipps\/#primaryimage","url":"https:\/\/www.libri.de\/wp-content\/uploads\/2021\/12\/Beitragsbild_Libri_blau.jpg","contentUrl":"https:\/\/www.libri.de\/wp-content\/uploads\/2021\/12\/Beitragsbild_Libri_blau.jpg","width":1990,"height":1100},{"@type":"BreadcrumbList","@id":"https:\/\/www.libri.de\/de\/zoom-tipps\/#breadcrumb","itemListElement":[{"@type":"ListItem","position":1,"name":"Start","item":"https:\/\/www.libri.de\/de\/"},{"@type":"ListItem","position":2,"name":"Zoom-Tipps"}]},{"@type":"WebSite","@id":"https:\/\/www.libri.de\/fr\/#website","url":"https:\/\/www.libri.de\/fr\/","name":"Libri GmbH","description":"Barsortiment und Gro\u00dfhandel f\u00fcr B\u00fccher und andere Medien","publisher":{"@id":"https:\/\/www.libri.de\/fr\/#organization"},"potentialAction":[{"@type":"SearchAction","target":{"@type":"EntryPoint","urlTemplate":"https:\/\/www.libri.de\/fr\/?s={search_term_string}"},"query-input":{"@type":"PropertyValueSpecification","valueRequired":true,"valueName":"search_term_string"}}],"inLanguage":"de"},{"@type":"Organization","@id":"https:\/\/www.libri.de\/fr\/#organization","name":"Libri","url":"https:\/\/www.libri.de\/fr\/","logo":{"@type":"ImageObject","inLanguage":"de","@id":"https:\/\/www.libri.de\/fr\/#\/schema\/logo\/image\/","url":"https:\/\/188.64.195.32\/wp-content\/uploads\/2022\/04\/libri_logo-1.jpg","contentUrl":"https:\/\/188.64.195.32\/wp-content\/uploads\/2022\/04\/libri_logo-1.jpg","width":2000,"height":1000,"caption":"Libri"},"image":{"@id":"https:\/\/www.libri.de\/fr\/#\/schema\/logo\/image\/"},"sameAs":["https:\/\/www.facebook.com\/libribarsortiment","https:\/\/www.instagram.com\/libri.barsortiment","https:\/\/www.linkedin.com\/company\/libri-gmbh"]}]}},"_links":{"self":[{"href":"https:\/\/www.libri.de\/de\/wp-json\/wp\/v2\/pages\/37526","targetHints":{"allow":["GET"]}}],"collection":[{"href":"https:\/\/www.libri.de\/de\/wp-json\/wp\/v2\/pages"}],"about":[{"href":"https:\/\/www.libri.de\/de\/wp-json\/wp\/v2\/types\/page"}],"author":[{"embeddable":true,"href":"https:\/\/www.libri.de\/de\/wp-json\/wp\/v2\/users\/5"}],"replies":[{"embeddable":true,"href":"https:\/\/www.libri.de\/de\/wp-json\/wp\/v2\/comments?post=37526"}],"version-history":[{"count":0,"href":"https:\/\/www.libri.de\/de\/wp-json\/wp\/v2\/pages\/37526\/revisions"}],"wp:featuredmedia":[{"embeddable":true,"href":"https:\/\/www.libri.de\/de\/wp-json\/wp\/v2\/media\/34899"}],"wp:attachment":[{"href":"https:\/\/www.libri.de\/de\/wp-json\/wp\/v2\/media?parent=37526"}],"curies":[{"name":"wp","href":"https:\/\/api.w.org\/{rel}","templated":true}]}}