{"id":36976,"date":"2022-02-02T11:36:02","date_gmt":"2022-02-02T09:36:02","guid":{"rendered":"https:\/\/www.libri.de\/?page_id=36976"},"modified":"2023-02-20T19:19:01","modified_gmt":"2023-02-20T17:19:01","slug":"agb-veranstaltungen","status":"publish","type":"page","link":"https:\/\/www.libri.de\/de\/agb-veranstaltungen\/","title":{"rendered":"Allgemeine Gesch\u00e4ftsbedingungen f\u00fcr Veranstaltungen"},"content":{"rendered":"\r\n<div id=\"header-block_c4ce9152a45569207f42f666c425be59\" class=\"block-header module type-small bc-libri-blue c-white-imp\">\r\n  <div class=\"container\">\r\n\r\n    <p id=\"breadcrumbs\"><span><span><a href=\"https:\/\/www.libri.de\/de\/\">Start<\/a><\/span><\/span><\/p>    \r\n    \r\n      \r\n      <div class=\"row\">\r\n        <div class=\"col-12 col-md-10 title\">\r\n          <h1 class=\"\">Allgemeine Gesch\u00e4ftsbedingungen f\u00fcr Veranstaltungen<\/h1>\r\n        <\/div>\r\n\r\n        <div class=\"col-12 col-md-10 text\">\r\n          <p>Wir freuen uns \u00fcber Ihr Interesse an unseren Veranstaltungen. Nachfolgend m\u00f6chten wir Sie gern \u00fcber unsere Allgemeinen Gesch\u00e4ftsbedingungen f\u00fcr alle von Libri angebotenen Veranstaltungen informieren.<\/p>\r\n        <\/div>\r\n      <\/div>\r\n\r\n      \r\n  <\/div>\r\n<\/div>\r\n\r\n\n\n\r\n<div id=\"text-block_1088e09c9757b677b51419444ea60588\" class=\"block-text module type-text bc-trans\">\r\n  <div class=\"container\">\r\n\r\n    \r\n      <div class=\"row \">\r\n\r\n        \r\n        <div class=\"col-12 col-md-10\">\r\n\r\n          \r\n          <div class=\"text for-box-js\">\r\n            <p>Aus Gr\u00fcnden der besseren Lesbarkeit wird auf die gleichzeitige Verwendung der Sprachformen m\u00e4nnlich, weiblich und divers (m\/w\/d) verzichtet. S\u00e4mtliche Personenbezeichnungen gelten gleicherma\u00dfen f\u00fcr alle Geschlechter.<\/p>\n<h3>Geltungsbereich<\/h3>\n<p>Diese allgemeinen Gesch\u00e4ftsbedingungen gelten f\u00fcr alle von der Libri GmbH (nachfolgend \u201eLibri\u201c) angebotenen Veranstaltungen (u. a. Libri.Campus live, Seminare f\u00fcr Buchh\u00e4ndler) und zwar sowohl f\u00fcr kostenpflichtige als auch f\u00fcr kostenfreie Veranstaltungen.<\/p>\n<h4>Anmeldung \/ Stornierung \/ \u00dcbertragung \/ Absage<\/h4>\n<p>Anmeldungen sind verbindlich. Mit Zugang der Anmeldebest\u00e4tigung von Libri gilt der Vertrag \u00fcber die Teilnahme an der Veranstaltung als abgeschlossen. Libri erkl\u00e4rt die Annahme innerhalb einer Frist von 14 Tagen ab Zugang der Anmeldung oder \u2013 ggf. \u2013 ab dem Ende des Anmeldezeitraums.<\/p>\n<p>Im Falle der \u00dcberbuchung wird der Anmeldende innerhalb der obigen Frist informiert; ein Vertrag kommt in diesem Fall nicht zustande.<\/p>\n<p>Es besteht kein Anspruch auf Abschluss eines Vertrages. Es steht Libri frei, jedes Angebot eines Teilnehmers zum Abschluss eines Vertrages ohne Angabe von Gr\u00fcnden abzulehnen. Auf in diesem Fall wird der Anmeldende entsprechend informiert.<\/p>\n<p>F\u00fcr die Stornierung einer Anmeldung gelten die nachfolgenden Bedingungen:<\/p>\n<p>Veranstaltungen k\u00f6nnen schriftlich storniert werden. Geht Libri die Stornierung sp\u00e4testens am 15. Tag vor dem Veranstaltungstermin zu, entf\u00e4llt die Pflicht zur Zahlung des Preises; bei sp\u00e4terer Absage wird der volle Preis erhoben.<\/p>\n<p>Bei kostenfreien Veranstaltungen beh\u00e4lt Libri sich im Fall einer Stornierung die Geltendmachung der durch Dritte an Libri in Rechnung gestellten Kosten, u. a. \u00dcbernachtung, Catering etc., ggf. auch anteilig, ausdr\u00fccklich vor.<\/p>\n<p>Zur Fristwahrung muss die Erkl\u00e4rung \u00fcber die Stornierung schriftlich per Post an die Libri GmbH, Marketing, Friedensallee 273, 22763 Hamburg, per Fax: 040 85398-8111 oder per E-Mail: <a href=\"mailto:marketing@libri.de\">marketing@libri.de<\/a> geschickt werden.<\/p>\n<p>Bei Absage der Veranstaltung durch Libri aus organisatorischen Gr\u00fcnden oder infolge h\u00f6herer Gewalt wir die bereits bezahlte Verg\u00fctung erstattet. F\u00fcr Sch\u00e4den, die dem Teilnehmer durch eine Absage durch Libri entstehen, kommt Libri nur unter den Voraussetzungen und in den Grenzen der Bestimmungen des Abschnitts \u201eHaftung\u201c auf. Geringf\u00fcgige \u00c4nderungen im Veranstaltungsprogramm oder Wechsel des Veranstaltungsformats (Pr\u00e4senz\/online) beh\u00e4lt sich Libri ebenso vor wie einen Referentenwechsel aus wichtigem Grund.<\/p>\n<h4>Leistungsumfang<\/h4>\n<p>Der Preis umfasst, soweit nichts anderes angegeben, die Teilnahme an der Veranstaltung sowie die Seminarunterlagen. Bei Seminaren sind zudem die Tagungsgetr\u00e4nke, die Pausenbewirtung und das Mittagessen inkludiert.<\/p>\n<h4>Anreise \/ \u00dcbernachtung \/ Hotels<\/h4>\n<p>Die Anreise ist nicht im Preis enthalten.<\/p>\n<p>F\u00fcr etwa erforderliche \u00dcbernachtungen gilt:<\/p>\n<p>Angabe zu \u00dcbernachtungsm\u00f6glichkeiten inkl. Stornofristen sind bei der jeweiligen Veranstaltung angegeben.<\/p>\n<p>Bei kostenfreien Veranstaltungen \u00fcbernimmt Libri die \u00dcbernachtungskosten und reserviert bei Bedarf ein Zimmer in einem von Libri ausgew\u00e4hlten Hotel. Bei kostenpflichtigen Veranstaltungen oder bei Anreise am Vortag einer kostenfreien Veranstaltung hat der Teilnehmer die M\u00f6glichkeit, auf eigene Kosten aus dem von Libri geblockten Zimmerkontingent ein Zimmer selbstst\u00e4ndig zu reservieren. Bei einer eigenst\u00e4ndigen Zimmerreservierung sollten die Teilnehmer bei der Reservierung auf das durch Libri geblockte Zimmerkontingent hinweisen.<\/p>\n<h4>Arbeitsmittel<\/h4>\n<p>Das schriftliche Begleitmaterial zu den Seminaren und Tagungen von Libri ist urheberrechtlich gesch\u00fctzt und darf nicht \u2013 auch nicht auszugsweise \u2013 ohne Einwilligung von Libri vervielf\u00e4ltigt oder verbreitet werden.<\/p>\n<h4>Preise<\/h4>\n<p>Die Verg\u00fctung wird mit dem Zugang der Rechnung beim Teilnehmer zur Zahlung f\u00e4llig. Zahlungen sind ohne Abzug auf eines der in der Rechnung genannten Konten zu leisten.<\/p>\n<h4>Haftung<\/h4>\n<p>Libri haftet auf Schadensersatz im Rahmen der gesetzlichen Vorschriften nur nach Ma\u00dfgabe der nachfolgenden Bestimmungen.<\/p>\n<p>Libri haftet f\u00fcr Sch\u00e4den aus der Verletzung des Lebens, des K\u00f6rpers oder der Gesundheit sowie f\u00fcr Sch\u00e4den, die auf Vorsatz oder grober Fahrl\u00e4ssigkeit von Libri oder ihrer gesetzlichen Vertreter oder Erf\u00fcllungsgehilfen beruhen, sowie f\u00fcr Sch\u00e4den bei Nichteinhaltung einer vom Verlag gegebenen Garantie oder wegen arglistig verschwiegener M\u00e4ngel.<\/p>\n<p>Libri haftet unter Begrenzung auf Ersatz des vertragstypischen, vorhersehbaren Schadens f\u00fcr solche Sch\u00e4den, die auf einer leicht fahrl\u00e4ssigen Verletzung wesentlicher Vertragspflichten durch Libri oder ihre gesetzlichen Vertreter oder Erf\u00fcllungsgehilfen beruhen. Wesentliche Vertragspflichten sind Pflichten, deren Erf\u00fcllung die ordnungsgem\u00e4\u00dfe Durchf\u00fchrung des Vertrages \u00fcberhaupt erst erm\u00f6glicht und auf deren Einhaltung der Vertragspartner regelm\u00e4\u00dfig vertrauen darf.<\/p>\n<p>Libri haftet f\u00fcr sonstige F\u00e4lle leicht fahrl\u00e4ssigen Verhaltens begrenzt auf \u20ac 25.000,- je Schadensfall.<\/p>\n<p>Die Vorschriften des Produkthaftungsgesetzes bleiben unber\u00fchrt.<\/p>\n<p>Die Beschr\u00e4nkungen der vorstehenden Bestimmungen gelten auch zugunsten der gesetzlichen Vertreter und Erf\u00fcllungsgehilfen von Libri, wenn Anspr\u00fcche direkt gegen diese geltend gemacht werden.<\/p>\n<h4>Datenschutz<\/h4>\n<p>Es gelten unsere allgemeinen Datenschutzhinweise (<a href=\"https:\/\/www.libri.de\/de\/datenschutz\/\">https:\/\/www.libri.de\/de\/datenschutz\/<\/a>) und zus\u00e4tzlich die datenschutzrechtlichen Hinweise f\u00fcr die Teilnahme an Online-Angeboten (<a href=\"https:\/\/www.libri.de\/de\/datenschutz\/online-angebote\/\">https:\/\/www.libri.de\/de\/datenschutz\/online-angebote\/<\/a>).<\/p>\n<p>&nbsp;<\/p>\n<h3>Online-Plattform zur au\u00dfergerichtlichen Streitschlichtung sowie Hinweis nach \u00a7 36 VSBG<\/h3>\n<p>Die Europ\u00e4ische Kommission stellt unter ec.europa.eu\/consumers\/odr\/ eine Plattform zur Online-Streitbeilegung (OS) bereit. Libri ist jedoch nicht verpflichtet und nicht bereit, an Streitbeilegungsverfahren vor einer Verbraucherschlichtungsstelle teilzunehmen.<\/p>\n<p>&nbsp;<\/p>\n<h3>Widerrufsbelehrung<\/h3>\n<h4>Widerrufsrecht<\/h4>\n<p>Teilnehmer haben das Recht, binnen vierzehn Tagen ohne Angabe von Gr\u00fcnden diesen Vertrag zu widerrufen. Die Widerrufsfrist betr\u00e4gt vierzehn Tage ab dem Tag des Vertragsabschlusses.<\/p>\n<p>Um das Widerrufsrecht auszu\u00fcben, muss der Teilnehmer Libri (Libri GmbH, Friedensallee 273, 22763 Hamburg, Telefax: 040 85398-8111, E-Mail: <a href=\"mailto:marketing@libri.de\">marketing@libri.de<\/a>) mittels einer eindeutigen Erkl\u00e4rung (z. B. ein mit der Post versandter Brief oder E-Mail) \u00fcber ihren Entschluss, diesen Vertrag zu widerrufen, informieren. Sie k\u00f6nnen daf\u00fcr das beigef\u00fcgte Muster-Widerrufsformular verwenden, das jedoch nicht vorgeschrieben ist. Zur Wahrung der Widerrufsfrist reicht es aus, dass sie die Mitteilung \u00fcber die Aus\u00fcbung des Widerrufsrechts vor Ablauf der Widerrufsfrist absenden.<\/p>\n<h4>Folgen des Widerrufs<\/h4>\n<p>Wenn ein Teilnehmer diesen Vertrag widerruft, hat Libri ihm alle Zahlungen, die von Libri von ihm erhalten hat, unverz\u00fcglich und sp\u00e4testens binnen vierzehn Tagen ab dem Tag zur\u00fcckzuzahlen, an dem die Mitteilung \u00fcber seinen Widerruf dieses Vertrags bei Libri eingegangen ist. F\u00fcr diese R\u00fcckzahlung verwendet Libri dasselbe Zahlungsmittel, das der Teilnehmer bei der urspr\u00fcnglichen Transaktion eingesetzt hat, es sei denn, es wurde ausdr\u00fccklich etwas anderes vereinbart, in keinem Fall werden dem Teilnehmer wegen dieser R\u00fcckzahlung Entgelte berechnet. Haben Sie verlangt, dass die Dienstleistungen w\u00e4hrend der Widerrufsfrist beginnen soll, so haben Sie uns einen angemessenen Betrag zu zahlen, der dem Anteil der bis zu dem Zeitpunkt, zu dem Sie uns von der Aus\u00fcbung des Widerrufsrechts hinsichtlich dieses Vertrags unterrichten, bereits erbrachten Dienstleistungen im Vergleich zum Gesamtumfang der im Vertrag vorgesehenen Dienstleistungen entspricht.<\/p>\n<h4>Muster-Widerrufsformular<\/h4>\n<p>Um den Vertrag zu widerrufen, kann dieses Formular ausgef\u00fcllt und an Libri zur\u00fcckgesendet werden.<\/p>\n<p>An<\/p>\n<p>Libri GmbH<br \/>\nMarketing<br \/>\nFriedensallee 273<br \/>\n22763 Hamburg<\/p>\n<p>Telefax: 40 \u2013 85398-8111<\/p>\n<p>E-Mail: <a href=\"mailto:marketing@libri.de\">marketing@libri.de<\/a><\/p>\n<p>&nbsp;<\/p>\n<p>Hiermit widerrufe(n) ich\/wir (*) den von mit\/und (*) abgeschlossenen Vertrag \u00fcber die Erbringung der folgenden Dienstleistung:<\/p>\n<p>&nbsp;<\/p>\n<p>Bestellt am (*)<\/p>\n<p>Name des\/der Kunden<\/p>\n<p>Anschrift des\/der Kunden<\/p>\n<p>Unterschrift des\/der Kunden (nur bei Mitteilung auf Papier)<\/p>\n<p>Datum<\/p>\n<p>&nbsp;<\/p>\n<p>(*) Unzutreffendes streichen<\/p>\n<p>&nbsp;<\/p>\n<p style=\"text-align: center;\">Ende der Widerrufsbelehrung<\/p>\n          <\/div>\r\n\r\n          \r\n          \r\n        <\/div>\r\n        \r\n      <\/div>\r\n\r\n    \r\n  <\/div>\r\n<\/div>\r\n\r\n","protected":false},"excerpt":{"rendered":"<p>Allgemeine Gesch\u00e4ftsbedingungen f\u00fcr alle von Libri angebotenen Veranstaltungen<\/p>\n","protected":false},"author":5,"featured_media":34899,"parent":0,"menu_order":0,"comment_status":"closed","ping_status":"closed","template":"","meta":{"_acf_changed":false,"footnotes":""},"class_list":["post-36976","page","type-page","status-publish","has-post-thumbnail","hentry"],"acf":[],"yoast_head":"<!-- This site is optimized with the Yoast SEO plugin v27.0 - https:\/\/yoast.com\/product\/yoast-seo-wordpress\/ -->\n<title>Allgemeine Gesch\u00e4ftsbedingungen f\u00fcr Veranstaltungen | Libri GmbH<\/title>\n<meta name=\"robots\" content=\"index, follow, max-snippet:-1, max-image-preview:large, max-video-preview:-1\" \/>\n<link rel=\"canonical\" href=\"https:\/\/www.libri.de\/de\/agb-veranstaltungen\/\" \/>\n<meta property=\"og:locale\" content=\"de_DE\" \/>\n<meta property=\"og:type\" content=\"article\" \/>\n<meta property=\"og:title\" content=\"Allgemeine Gesch\u00e4ftsbedingungen f\u00fcr Veranstaltungen | Libri GmbH\" \/>\n<meta property=\"og:description\" content=\"Allgemeine Gesch\u00e4ftsbedingungen f\u00fcr alle von Libri angebotenen Veranstaltungen\" \/>\n<meta property=\"og:url\" content=\"https:\/\/www.libri.de\/de\/agb-veranstaltungen\/\" \/>\n<meta property=\"og:site_name\" content=\"Libri GmbH\" \/>\n<meta property=\"article:publisher\" content=\"https:\/\/www.facebook.com\/libribarsortiment\" \/>\n<meta property=\"article:modified_time\" content=\"2023-02-20T17:19:01+00:00\" \/>\n<meta property=\"og:image\" content=\"https:\/\/www.libri.de\/wp-content\/uploads\/2021\/12\/Beitragsbild_Libri_blau.jpg\" \/>\n\t<meta property=\"og:image:width\" content=\"1990\" \/>\n\t<meta property=\"og:image:height\" content=\"1100\" \/>\n\t<meta property=\"og:image:type\" content=\"image\/jpeg\" \/>\n<meta name=\"twitter:card\" content=\"summary_large_image\" \/>\n<script type=\"application\/ld+json\" class=\"yoast-schema-graph\">{\"@context\":\"https:\/\/schema.org\",\"@graph\":[{\"@type\":\"WebPage\",\"@id\":\"https:\/\/www.libri.de\/de\/agb-veranstaltungen\/\",\"url\":\"https:\/\/www.libri.de\/de\/agb-veranstaltungen\/\",\"name\":\"Allgemeine Gesch\u00e4ftsbedingungen f\u00fcr Veranstaltungen | Libri GmbH\",\"isPartOf\":{\"@id\":\"https:\/\/www.libri.de\/fr\/#website\"},\"primaryImageOfPage\":{\"@id\":\"https:\/\/www.libri.de\/de\/agb-veranstaltungen\/#primaryimage\"},\"image\":{\"@id\":\"https:\/\/www.libri.de\/de\/agb-veranstaltungen\/#primaryimage\"},\"thumbnailUrl\":\"https:\/\/www.libri.de\/wp-content\/uploads\/2021\/12\/Beitragsbild_Libri_blau.jpg\",\"datePublished\":\"2022-02-02T09:36:02+00:00\",\"dateModified\":\"2023-02-20T17:19:01+00:00\",\"breadcrumb\":{\"@id\":\"https:\/\/www.libri.de\/de\/agb-veranstaltungen\/#breadcrumb\"},\"inLanguage\":\"de\",\"potentialAction\":[{\"@type\":\"ReadAction\",\"target\":[\"https:\/\/www.libri.de\/de\/agb-veranstaltungen\/\"]}]},{\"@type\":\"ImageObject\",\"inLanguage\":\"de\",\"@id\":\"https:\/\/www.libri.de\/de\/agb-veranstaltungen\/#primaryimage\",\"url\":\"https:\/\/www.libri.de\/wp-content\/uploads\/2021\/12\/Beitragsbild_Libri_blau.jpg\",\"contentUrl\":\"https:\/\/www.libri.de\/wp-content\/uploads\/2021\/12\/Beitragsbild_Libri_blau.jpg\",\"width\":1990,\"height\":1100},{\"@type\":\"BreadcrumbList\",\"@id\":\"https:\/\/www.libri.de\/de\/agb-veranstaltungen\/#breadcrumb\",\"itemListElement\":[{\"@type\":\"ListItem\",\"position\":1,\"name\":\"Start\",\"item\":\"https:\/\/www.libri.de\/de\/\"},{\"@type\":\"ListItem\",\"position\":2,\"name\":\"Allgemeine Gesch\u00e4ftsbedingungen f\u00fcr Veranstaltungen\"}]},{\"@type\":\"WebSite\",\"@id\":\"https:\/\/www.libri.de\/fr\/#website\",\"url\":\"https:\/\/www.libri.de\/fr\/\",\"name\":\"Libri GmbH\",\"description\":\"Barsortiment und Gro\u00dfhandel f\u00fcr B\u00fccher und andere Medien\",\"publisher\":{\"@id\":\"https:\/\/www.libri.de\/fr\/#organization\"},\"potentialAction\":[{\"@type\":\"SearchAction\",\"target\":{\"@type\":\"EntryPoint\",\"urlTemplate\":\"https:\/\/www.libri.de\/fr\/?s={search_term_string}\"},\"query-input\":{\"@type\":\"PropertyValueSpecification\",\"valueRequired\":true,\"valueName\":\"search_term_string\"}}],\"inLanguage\":\"de\"},{\"@type\":\"Organization\",\"@id\":\"https:\/\/www.libri.de\/fr\/#organization\",\"name\":\"Libri\",\"url\":\"https:\/\/www.libri.de\/fr\/\",\"logo\":{\"@type\":\"ImageObject\",\"inLanguage\":\"de\",\"@id\":\"https:\/\/www.libri.de\/fr\/#\/schema\/logo\/image\/\",\"url\":\"https:\/\/188.64.195.32\/wp-content\/uploads\/2022\/04\/libri_logo-1.jpg\",\"contentUrl\":\"https:\/\/188.64.195.32\/wp-content\/uploads\/2022\/04\/libri_logo-1.jpg\",\"width\":2000,\"height\":1000,\"caption\":\"Libri\"},\"image\":{\"@id\":\"https:\/\/www.libri.de\/fr\/#\/schema\/logo\/image\/\"},\"sameAs\":[\"https:\/\/www.facebook.com\/libribarsortiment\",\"https:\/\/www.instagram.com\/libri.barsortiment\",\"https:\/\/www.linkedin.com\/company\/libri-gmbh\"]}]}<\/script>\n<!-- \/ Yoast SEO plugin. -->","yoast_head_json":{"title":"Allgemeine Gesch\u00e4ftsbedingungen f\u00fcr Veranstaltungen | Libri GmbH","robots":{"index":"index","follow":"follow","max-snippet":"max-snippet:-1","max-image-preview":"max-image-preview:large","max-video-preview":"max-video-preview:-1"},"canonical":"https:\/\/www.libri.de\/de\/agb-veranstaltungen\/","og_locale":"de_DE","og_type":"article","og_title":"Allgemeine Gesch\u00e4ftsbedingungen f\u00fcr Veranstaltungen | Libri GmbH","og_description":"Allgemeine Gesch\u00e4ftsbedingungen f\u00fcr alle von Libri angebotenen Veranstaltungen","og_url":"https:\/\/www.libri.de\/de\/agb-veranstaltungen\/","og_site_name":"Libri GmbH","article_publisher":"https:\/\/www.facebook.com\/libribarsortiment","article_modified_time":"2023-02-20T17:19:01+00:00","og_image":[{"width":1990,"height":1100,"url":"https:\/\/www.libri.de\/wp-content\/uploads\/2021\/12\/Beitragsbild_Libri_blau.jpg","type":"image\/jpeg"}],"twitter_card":"summary_large_image","schema":{"@context":"https:\/\/schema.org","@graph":[{"@type":"WebPage","@id":"https:\/\/www.libri.de\/de\/agb-veranstaltungen\/","url":"https:\/\/www.libri.de\/de\/agb-veranstaltungen\/","name":"Allgemeine Gesch\u00e4ftsbedingungen f\u00fcr Veranstaltungen | Libri GmbH","isPartOf":{"@id":"https:\/\/www.libri.de\/fr\/#website"},"primaryImageOfPage":{"@id":"https:\/\/www.libri.de\/de\/agb-veranstaltungen\/#primaryimage"},"image":{"@id":"https:\/\/www.libri.de\/de\/agb-veranstaltungen\/#primaryimage"},"thumbnailUrl":"https:\/\/www.libri.de\/wp-content\/uploads\/2021\/12\/Beitragsbild_Libri_blau.jpg","datePublished":"2022-02-02T09:36:02+00:00","dateModified":"2023-02-20T17:19:01+00:00","breadcrumb":{"@id":"https:\/\/www.libri.de\/de\/agb-veranstaltungen\/#breadcrumb"},"inLanguage":"de","potentialAction":[{"@type":"ReadAction","target":["https:\/\/www.libri.de\/de\/agb-veranstaltungen\/"]}]},{"@type":"ImageObject","inLanguage":"de","@id":"https:\/\/www.libri.de\/de\/agb-veranstaltungen\/#primaryimage","url":"https:\/\/www.libri.de\/wp-content\/uploads\/2021\/12\/Beitragsbild_Libri_blau.jpg","contentUrl":"https:\/\/www.libri.de\/wp-content\/uploads\/2021\/12\/Beitragsbild_Libri_blau.jpg","width":1990,"height":1100},{"@type":"BreadcrumbList","@id":"https:\/\/www.libri.de\/de\/agb-veranstaltungen\/#breadcrumb","itemListElement":[{"@type":"ListItem","position":1,"name":"Start","item":"https:\/\/www.libri.de\/de\/"},{"@type":"ListItem","position":2,"name":"Allgemeine Gesch\u00e4ftsbedingungen f\u00fcr Veranstaltungen"}]},{"@type":"WebSite","@id":"https:\/\/www.libri.de\/fr\/#website","url":"https:\/\/www.libri.de\/fr\/","name":"Libri GmbH","description":"Barsortiment und Gro\u00dfhandel f\u00fcr B\u00fccher und andere Medien","publisher":{"@id":"https:\/\/www.libri.de\/fr\/#organization"},"potentialAction":[{"@type":"SearchAction","target":{"@type":"EntryPoint","urlTemplate":"https:\/\/www.libri.de\/fr\/?s={search_term_string}"},"query-input":{"@type":"PropertyValueSpecification","valueRequired":true,"valueName":"search_term_string"}}],"inLanguage":"de"},{"@type":"Organization","@id":"https:\/\/www.libri.de\/fr\/#organization","name":"Libri","url":"https:\/\/www.libri.de\/fr\/","logo":{"@type":"ImageObject","inLanguage":"de","@id":"https:\/\/www.libri.de\/fr\/#\/schema\/logo\/image\/","url":"https:\/\/188.64.195.32\/wp-content\/uploads\/2022\/04\/libri_logo-1.jpg","contentUrl":"https:\/\/188.64.195.32\/wp-content\/uploads\/2022\/04\/libri_logo-1.jpg","width":2000,"height":1000,"caption":"Libri"},"image":{"@id":"https:\/\/www.libri.de\/fr\/#\/schema\/logo\/image\/"},"sameAs":["https:\/\/www.facebook.com\/libribarsortiment","https:\/\/www.instagram.com\/libri.barsortiment","https:\/\/www.linkedin.com\/company\/libri-gmbh"]}]}},"_links":{"self":[{"href":"https:\/\/www.libri.de\/de\/wp-json\/wp\/v2\/pages\/36976","targetHints":{"allow":["GET"]}}],"collection":[{"href":"https:\/\/www.libri.de\/de\/wp-json\/wp\/v2\/pages"}],"about":[{"href":"https:\/\/www.libri.de\/de\/wp-json\/wp\/v2\/types\/page"}],"author":[{"embeddable":true,"href":"https:\/\/www.libri.de\/de\/wp-json\/wp\/v2\/users\/5"}],"replies":[{"embeddable":true,"href":"https:\/\/www.libri.de\/de\/wp-json\/wp\/v2\/comments?post=36976"}],"version-history":[{"count":1,"href":"https:\/\/www.libri.de\/de\/wp-json\/wp\/v2\/pages\/36976\/revisions"}],"predecessor-version":[{"id":82979,"href":"https:\/\/www.libri.de\/de\/wp-json\/wp\/v2\/pages\/36976\/revisions\/82979"}],"wp:featuredmedia":[{"embeddable":true,"href":"https:\/\/www.libri.de\/de\/wp-json\/wp\/v2\/media\/34899"}],"wp:attachment":[{"href":"https:\/\/www.libri.de\/de\/wp-json\/wp\/v2\/media?parent=36976"}],"curies":[{"name":"wp","href":"https:\/\/api.w.org\/{rel}","templated":true}]}}