{"id":34130,"date":"2021-12-01T15:29:44","date_gmt":"2021-12-01T13:29:44","guid":{"rendered":"https:\/\/www.libri.de\/?page_id=34130"},"modified":"2024-01-11T17:23:02","modified_gmt":"2024-01-11T15:23:02","slug":"online-angebote","status":"publish","type":"page","link":"https:\/\/www.libri.de\/de\/datenschutz\/online-angebote\/","title":{"rendered":"Online-Angebote"},"content":{"rendered":"\r\n<div id=\"header-block_0c44b6c478c7d1efa7492088893372b2\" class=\"block-header module type-small bc-libri-blue c-white-imp\">\r\n  <div class=\"container\">\r\n\r\n    <p id=\"breadcrumbs\"><span><span><a href=\"https:\/\/www.libri.de\/de\/\">Start<\/a><\/span><\/span><\/p>    \r\n    \r\n      \r\n      <div class=\"row\">\r\n        <div class=\"col-12 col-md-10 title\">\r\n          <h1 class=\"\">Teilnahme an Online-Angeboten<\/h1>\r\n        <\/div>\r\n\r\n        <div class=\"col-12 col-md-10 text\">\r\n          <p><\/p>\r\n        <\/div>\r\n      <\/div>\r\n\r\n      \r\n  <\/div>\r\n<\/div>\r\n\r\n\n\n\r\n<div id=\"text-block_e7fe1cdfcff1f3f16bf4fe79cabe9870\" class=\"block-text module type-text bc-trans\">\r\n  <div class=\"container\">\r\n\r\n    \r\n      <div class=\"row \">\r\n\r\n        \r\n        <div class=\"col-12 col-md-10\">\r\n\r\n          \r\n          <div class=\"text for-box-js\">\r\n            <h3>Datenschutzhinweise nach Art. 13 ff. DSGVO<\/h3>\n<h4>1. Beschreibung der Datenverarbeitung, Zwecke und Datenarten<\/h4>\n<p>Zur Durchf\u00fchrung von Telefonkonferenzen, Online-Meetings, Videokonferenzen und Webinaren (nach-folgend: \u201eOnline-Meetings\u201c) nutzen wir das Tool \u201eZoom\u201c.<\/p>\n<p>Je nach Art und Umfang der Nutzung von \u201eZoom\u201c werden verschiedene Arten von Daten erhoben bzw. verarbeitet. Hierzu geh\u00f6ren insbesondere<\/p>\n<ul>\n<li>Angaben zu Ihrer Person (z. B. Vor- und Nachname, E-Mail-Adresse, Profilbild)<\/li>\n<li>Meeting-Metadaten (z. B. Datum, Uhrzeit und Dauer der Kommunikation, Name des Meetings, Teil-nehmer-IP-Adresse)<\/li>\n<li>Ger\u00e4te-\/Hardwaredaten (z.B. IP-Adressen, MAC-Adressen, Clint-Version)<\/li>\n<li>Text-, Audio- und Videodaten (z.B. Chatverl\u00e4ufe, Video-, Audio- und Pr\u00e4sentationsaufnahmen)<\/li>\n<li>Verbindungsdaten (z.B. Rufnummern, L\u00e4ndernamen, Start- und Endzeiten, IP-Adressen)<\/li>\n<\/ul>\n<p>In einigen Veranstaltungen nutzen wir zus\u00e4tzlich das webbasierte Tool \u201eConceptboard\u201c von Digital Republic Media Group GmbH. Hierbei handelt es sich um ein interaktives Whiteboard (Conceptboard), welches zwischen den Teilnehmern zur Visualisierung von Ideen und zur Dokumentation des jeweiligen Workshops genutzt wird.<\/p>\n<p>Je nach Art und Umfang der Nutzung der Conceptboards werden verschiedene Arten von Daten erhoben bzw. verarbeitet. Hierzu geh\u00f6ren insbesondere:<\/p>\n<ul>\n<li>Angaben zu Ihrer Person (z.B. Vor- und Nachname)<\/li>\n<li>Meeting-Metadaten (z.B. IP-Adresse, Datum und Dauer der Kommunikation via Session Cookie)<\/li>\n<li>Ger\u00e4te-\/Hardwaredaten (z.B. Mac-Adresse)<\/li>\n<li>Textdaten (z.B. Kommentare in den Whiteboards\/Post-ist)<\/li>\n<\/ul>\n<p>Nachfolgend m\u00f6chten wir Sie n\u00e4her \u00fcber den Umfang der Datenverarbeitung informieren.<\/p>\n<h3>Erforderliche Daten und Funktionen<\/h3>\n<h4>1. Zoom<\/h4>\n<p>Als <strong>Mitarbeiter*in<\/strong> der Libri GmbH steht Ihnen ein Host-Account bzw. Basis-Account zur Verf\u00fcgung, mit dem Sie als \u201eHost\u201c bzw. \u201eGastgeber\u201c Online-Meetings veranstalten und abhalten k\u00f6nnen. F\u00fcr die Erstellung Ihres Accounts bzw. zur Planung und Durchf\u00fchrung eines Online-Meetings werden folgende Daten von Ihnen erhoben bzw. verarbeitet: Name, Benutzername, E-Mail oder Telefonnummer, Passwort (wenn kein Single-Sign-On verwendet wird).<\/p>\n<p>Nehmen Sie als <strong>interne*r oder externe*r Teilnehmer*in<\/strong> an einem Online-Meeting teil, erhalten Sie vom Host einen Zugangslink per E-Mail. Bei der Anmeldung zum Online-Meeting m\u00fcssen Sie sodann Ihren Namen und ggf. Ihre E-Maildresse angeben. Als Teilnehmer k\u00f6nnen Sie an Meetings direkt \u00fcber den Browser teilnehmen, ohne den Zoom-Client zu installieren.<\/p>\n<h4>2. Conceptboard<\/h4>\n<p>Sofern im Rahmen Ihres Online-Meetings Conceptboards zum Einsatz kommen erhalten Sie w\u00e4hrend der Zoom-Teilnahme einen Zugangslink und ein Passwort \u00fcber die Chatfunktion zur Verf\u00fcgung gestellt. Als Teilnehmer k\u00f6nnen Sie an den Conceptboards direkt \u00fcber den Browser mitarbeitern \/ teilnehmen, ohne sich hierf\u00fcr bei dem Anbieter anzumelden.<\/p>\n<p>F\u00fcr die Teilnahme werden Sie gebeten einen Nutzernamen anzugeben, damit Beitr\u00e4ge und Kommentare in den Conceptboards Ihnen zugeordnet werden k\u00f6nnen. Dies kann Ihr Vor- und Nachname oder auch ein Pseudonym sein.<\/p>\n<p><strong>Freiwillige Angaben und Funktionen<\/strong><\/p>\n<p>Weitere Angaben zu Ihrer Person k\u00f6nnen Sie machen, m\u00fcssen Sie aber nicht.<\/p>\n<p>Beachten Sie bitte, dass s\u00e4mtliche Informationen, die Sie oder andere w\u00e4hrend eines Online-Meetings hochladen, bereitstellen oder erstellen, zumindest f\u00fcr die Dauer des Meetings verarbeitet werden. Hierzu geh\u00f6ren insbesondere Chat-\/ Sofortnachrichten, Dateien, Whiteboards, Conceptboards und andere Informationen, wie z.B. Kommentare auf den Conceptboards, die w\u00e4hrend der Nutzung des Dienstes geteilt werden.<\/p>\n<p>Es steht Ihnen frei, w\u00e4hrend des Online-Meetings bei Zoom die Chat-, Frage- oder Umfragefunktionen zu nutzen. Auch Ihre Kamera und Ihr Mikrofon k\u00f6nnen Sie selbst ein-, ab- bzw. stummzuschalten.<\/p>\n<p>Wenn Sie die Chat-, Frage- oder Umfragefunktion nutzen, werden die von Ihnen gemachten Texteingaben verarbeitet, um diese im \u201eOnline-Meeting\u201c anzuzeigen und ggf. zu protokollieren. Wenn Sie Ihre Kamera oder Ihr Mikrofon einschalten, werden f\u00fcr die Dauer des Meetings die Daten vom Mikrofon Ihres Endger\u00e4ts sowie von einer etwaigen Videokamera des Endger\u00e4ts verarbeitet. Bei Beginn von Online-Meetings sind Ihre Kamera und Ihr Mikrofon standardm\u00e4\u00dfig ausgeschaltet.<\/p>\n<p>Beachten Sie bitte, dass s\u00e4mtliche Informationen, die Sie oder andere w\u00e4hrend eines Online-Meetings hochladen, bereitstellen oder erstellen, zumindest f\u00fcr die Dauer des Meetings verarbeitet werden. Hierzu geh\u00f6ren insbesondere Chat-\/ Sofortnachrichten, Dateien, Whiteboards und andere Informationen, die w\u00e4hrend der Nutzung des Dienstes geteilt werden.<\/p>\n<p><strong>Sonstige Funktionen<\/strong><\/p>\n<p>Sofern dies f\u00fcr die Zwecke der Protokollierung von Ergebnissen eines Online-Meetings erforderlich ist, k\u00f6nnen Chatinhalte bei Zoom protokolliert werden. Dies betrifft jedoch nur \u201e\u00f6ffentlichen\u201c Chats und die direkt an die Hosts gerichteten Nachrichten. Inhalte privater Chats werden nicht protokolliert.<\/p>\n<p>Sofern wir Online-Meetings aufzeichnen m\u00f6chten, werden wir Ihnen dies im Vorfeld mitteilen und \u2013 soweit erforderlich \u2013 um eine Zustimmung bitten. Sofern eine Aufzeichnung stattfindet, werden die Teilnehmer des Online-Meetings systemseitig sowohl per Video also auch per Audio hier\u00fcber informiert.<\/p>\n<p>Weitere Informationen zur Verarbeitung Ihrer Daten bei Nutzung von \u201eZoom\u201c, eine detaillierte Auflistung der durch \u201eZoom\u201c erhobenen und verarbeiteten Daten sowie die \u201eZoom\u201c-Datenschutzhinweise finden Sie unter: <a href=\"https:\/\/zoom.us\/de-de\/privacy.html\" target=\"_blank\" rel=\"noopener\">https:\/\/zoom.us\/de-de\/privacy.html<\/a>.<\/p>\n<p>Die im Rahmen des Online-Meetings erstellten Conceptboards, einschlie\u00dflich der vorhandenen Kommentare, werden \u00fcber das Meeting hinaus den Teilnehmern zur Verf\u00fcgung gestellt. Hierf\u00fcr wird das gemeinsam erstellte Conceptboard in eine pdf exportiert und per E-Mail an die jeweiligen Teilnehmer des Meetings verschickt.<\/p>\n<h4>2. Rechtsgrundlagen f\u00fcr die Datenverarbeitung<\/h4>\n<p>Wenn Sie \u201eZoom\u201c und \u201eConceptboard\u201c als Mitarbeiter der Libri GmbH nutzen, erfolgt die Datenverarbeitung auf Grundlage von \u00a7 26 Abs. 1 BDSG, sofern und soweit die Durchf\u00fchrung von Online-Meetings f\u00fcr die Zwecke des Besch\u00e4ftigungsverh\u00e4ltnisses erforderlich ist.<\/p>\n<p>Wenn Sie als externer Teilnehmer an einem Online-Meeting teilnehmen, erfolgt die Verarbeitung Ihrer Daten auf Grundlage von Art. 6 Abs. 1 S. lit. b. DSGVO, sofern Ihre Teilnahme am Online-Meeting zur Erf\u00fcllung eines mit Ihnen geschlossenen Vertrags erforderlich ist. Entsprechendes gilt, wenn die Durch-f\u00fchrung des Online-Meetings zur Durchf\u00fchrung vorvertraglicher Ma\u00dfnahmen erforderlich ist, die auf Ihre Anfrage erfolgen.<\/p>\n<p>Sofern die Datenverarbeitung im Zusammenhang mit der Nutzung von \u201eZoom\u201c sowie \u201eConceptboard\u201c weder f\u00fcr Zwecke des Besch\u00e4ftigungsverh\u00e4ltnisses noch zur Erf\u00fcllung eines mit Ihnen geschlossenen Vertrags bzw. zur Durch-f\u00fchrung vorvertraglicher Ma\u00dfnahmen erforderlich ist, erfolgt sie auf Grundlage von Art. 6 Abs. 1 S. 1 lit. f DSGVO. Unser berechtigtes Interesse besteht hierbei in der Aufrechterhaltung von ortsunabh\u00e4ngiger Kommunikation, der Pflege gesch\u00e4ftlicher Kontakte und der Erbringung geschuldeter Leistungen.<\/p>\n<p>Sofern Sie bei der Nutzung der Tools dar\u00fcber hinaus freiwillig Angaben zu Ihrer Person machen oder freiwillig nicht zwingend erforderliche Funktionen nutzen, erfolgt die damit einhergehende Datenverarbeitung auf Grundlage Ihrer widerrufbaren Einwilligung nach Art. 6 Abs. 1 S. 1 lit. a, 7 DSGVO gegebenen-falls i.V.m. \u00a7 26 Abs. 2 BDSG. Ihre Einwilligung k\u00f6nnen Sie jederzeit mit Wirkung f\u00fcr die Zukunft zu wider-rufen. Bitte beachten Sie, dass Verarbeitungen, die vor dem Widerruf erfolgt sind, davon nicht betroffen sind.<\/p>\n<h4>3. Weitergabe Ihrer Daten<\/h4>\n<p>Wir \u00fcbermitteln Ihre Daten grunds\u00e4tzlich nicht an Dritte. Eine Weitergabe erfolgt nur, sofern die Daten gerade zur Weitergabe bestimmt sind, Sie vorher ausdr\u00fccklich in die \u00dcbermittlung eingewilligt haben oder wir aufgrund gesetzlicher Vorschriften hierzu verpflichtet bzw. berechtigt sind. Beachten Sie bitte, dass Inhalte aus \u201eOnline-Meetings\u201c wie auch bei pers\u00f6nlichen Besprechungstreffen h\u00e4ufig gerade dazu dienen, Informationen mit Kunden, Interessenten oder Dritten zu kommunizieren und damit zur Weitergabe bestimmt sind.<\/p>\n<p>Bei der Verarbeitung Ihrer Daten unterst\u00fctzt uns Zoom Video Communications Inc. sowie bei der Verwendung von Conceptboard die Digital Depublic Media Group GmbH als externer Dienstleister und Auftragsverarbeiter im Sinne des Art. 28 DSGVO. Als Auftragsverarbeiter verarbeiten die beiden Dienstleister Ihre Daten streng weisungsgebunden und auf Grundlage eines gesondert geschlossenen Auftragsverarbeitungsvertrages.<\/p>\n<p>Die Datenverarbeitung kann dabei auch au\u00dferhalb der EU bzw. des EWR stattfinden. Im Hinblick auf die Zoom Video Communications Inc. sowie auf durch die Republic Media Group GmbH eingesetzte Subdienstleister (Amazon Web Services Inc.) kann ein angemessenes Datenschutzniveau gem. Art. 45 Abs. 1 DSGVO durch die Verwendung von EU-Standardvertragsklauseln und zus\u00e4tzlich getroffene Ma\u00dfnahmen (Einrichtung einer Ende zu Ende-Verschl\u00fcsselung) angenommen werden. Gerne stellen wir Ihnen eine Kopie der EU-Standardvertragsklauseln sowie weitere Informationen zu den getroffenen zus\u00e4tzlichen Ma\u00dfnahmen auf Anfrage zur Verf\u00fcgung.<\/p>\n<h4>4. L\u00f6schung Ihrer Daten<\/h4>\n<p>Wir verarbeiten Ihre Daten grunds\u00e4tzlich nur solange, wie sie f\u00fcr die Zwecke, f\u00fcr die sie erhoben worden sind, erforderlich sind. Daher werden Ihre Daten nach Beendigung der Veranstaltung gel\u00f6scht, es sei denn die Verarbeitung bzw. Speicherung Ihrer Daten ist zur Geltendmachung, Aus\u00fcbung oder Verteidigung von Rechtsanspr\u00fcchen erforderlich. Im Rahmen des Online-Meetings erstellte Conceptboards werden systemseitig nach 8 Wochen gel\u00f6scht. Im Falle von gesetzlichen Aufbewahrungspflichten kommt eine L\u00f6schung erst nach Ablauf der jeweiligen Aufbewahrungspflicht in Betracht.<\/p>\n<h4>5. Ihre Rechte als betroffenen Person<\/h4>\n<p>Sie haben gem\u00e4\u00df Art. 15 DSGVO das Recht auf Auskunft seitens des Verantwortlichen \u00fcber die Sie betref-fenden personenbezogenen Daten sowie auf Berichtigung unrichtiger Daten gem\u00e4\u00df Art. 16 DSGVO oder auf L\u00f6schung, sofern einer der in Art. 17 DSGVO genannten Gr\u00fcnde vorliegt, z.B. wenn die Daten f\u00fcr die verfolgten Zwecke nicht mehr ben\u00f6tigt werden. Sie haben zudem das Recht auf Einschr\u00e4nkung der Ver-arbeitung, wenn eine der in Art. 18 DSGVO genannten Voraussetzungen vorliegt und in den F\u00e4llen des Art. 20 DSGVO das Recht auf Daten\u00fcbertragbarkeit. <strong>In F\u00e4llen, in denen wir Ihre personenbezogenen Daten auf der Rechtsgrundlage von Art. 6 Abs. 1 S. 1 lit. f DSGVO verarbeiten, haben Sie zudem das Recht, aus Gr\u00fcnden, die sich aus Ihrer besonderen Situation ergeben, jederzeit Widerspruch einzulegen. Wir verarbeiten die personenbezogenen Daten dann nicht mehr, es sei denn, es liegen nachweisbar zwingende schutzw\u00fcrdige Gr\u00fcnde f\u00fcr die Verarbeitung vor, die gegen\u00fcber Ihren Interessen, Rechten und Freiheiten \u00fcberwiegen, oder die Verarbeitung dient der Geltendmachung, Aus\u00fcbung oder Verteidigung von Rechtsanspr\u00fcchen<\/strong>. Ihre Datenschutzrechte k\u00f6nnen Sie hier geltend machen: <a href=\"mailto:compliance@libri.de\">compliance@libri.de<\/a><\/p>\n<p>Sie haben zudem das Recht hat auf Beschwerde bei einer Aufsichtsbeh\u00f6rde, wenn Sie der Ansicht sind, dass die Verarbeitung der Sie betreffenden Daten gegen datenschutzrechtliche Bestimmungen verst\u00f6\u00dft. Das Beschwerderecht kann insbesondere bei einer Aufsichtsbeh\u00f6rde in dem Mitgliedstaat des Aufent-haltsorts der betroffenen Person oder des Orts des mutma\u00dflichen Versto\u00dfes geltend gemacht werden.<\/p>\n<h4>6. Verantwortlicher und unser Datenschutzbeauftragter:<\/h4>\n<p>F\u00fcr die Erhebung und Verarbeitung Ihrer personenbezogenen Daten in Zusammenhang mit der Nutzung von Zoom ist die Libri GmbH, +49 40 85398 0, <a href=\"mailto:libri@libri.de\">libri@libri.de<\/a>, verantwortlich. Bei der Erf\u00fcllung unserer datenschutzrechtlichen Pflichten werden wir von unserem Datenschutzbeauftragten unterst\u00fctzt. Er steht Ihnen gerne f\u00fcr Ausk\u00fcnfte oder Anregungen zum Thema Datenschutz zur Verf\u00fcgung:<\/p>\n<p>datenschutz nord GmbH<br \/>\nTel: +49 421 696632 0<br \/>\n<a href=\"mailto:office@datenschutz-nord.de\">office(at)datenschutz-nord.de<\/a><br \/>\n<a href=\"http:\/\/www.datenschutz-nord-gruppe.de\" target=\"_blank\" rel=\"noreferrer noopener\">www.datenschutz-nord-gruppe.de<\/a><\/p>\n<p>Wenn Sie sich an unseren Datenschutzbeauftragten wenden, geben Sie bitte den Namen des Unternehmens an, der in unserem Impressum angegeben ist.<\/p>\n          <\/div>\r\n\r\n          \r\n          \r\n        <\/div>\r\n        \r\n      <\/div>\r\n\r\n    \r\n  <\/div>\r\n<\/div>\r\n\r\n","protected":false},"excerpt":{"rendered":"<p>Hinweise zur Teilnahme an Online-Angeboten<\/p>\n","protected":false},"author":5,"featured_media":34899,"parent":3,"menu_order":0,"comment_status":"closed","ping_status":"closed","template":"","meta":{"_acf_changed":false,"footnotes":""},"class_list":["post-34130","page","type-page","status-publish","has-post-thumbnail","hentry"],"acf":[],"yoast_head":"<!-- This site is optimized with the Yoast SEO plugin v27.0 - https:\/\/yoast.com\/product\/yoast-seo-wordpress\/ -->\n<title>Online-Angebote | Libri GmbH<\/title>\n<meta name=\"robots\" content=\"index, follow, max-snippet:-1, max-image-preview:large, max-video-preview:-1\" \/>\n<link rel=\"canonical\" href=\"https:\/\/www.libri.de\/de\/datenschutz\/online-angebote\/\" \/>\n<meta property=\"og:locale\" content=\"de_DE\" \/>\n<meta property=\"og:type\" content=\"article\" \/>\n<meta property=\"og:title\" content=\"Online-Angebote | Libri GmbH\" \/>\n<meta property=\"og:description\" content=\"Hinweise zur Teilnahme an Online-Angeboten\" \/>\n<meta property=\"og:url\" content=\"https:\/\/www.libri.de\/de\/datenschutz\/online-angebote\/\" \/>\n<meta property=\"og:site_name\" content=\"Libri GmbH\" \/>\n<meta property=\"article:publisher\" content=\"https:\/\/www.facebook.com\/libribarsortiment\" \/>\n<meta property=\"article:modified_time\" content=\"2024-01-11T15:23:02+00:00\" \/>\n<meta property=\"og:image\" content=\"https:\/\/www.libri.de\/wp-content\/uploads\/2021\/12\/Beitragsbild_Libri_blau.jpg\" \/>\n\t<meta property=\"og:image:width\" content=\"1990\" \/>\n\t<meta property=\"og:image:height\" content=\"1100\" \/>\n\t<meta property=\"og:image:type\" content=\"image\/jpeg\" \/>\n<meta name=\"twitter:card\" content=\"summary_large_image\" \/>\n<script type=\"application\/ld+json\" class=\"yoast-schema-graph\">{\"@context\":\"https:\/\/schema.org\",\"@graph\":[{\"@type\":\"WebPage\",\"@id\":\"https:\/\/www.libri.de\/de\/datenschutz\/online-angebote\/\",\"url\":\"https:\/\/www.libri.de\/de\/datenschutz\/online-angebote\/\",\"name\":\"Online-Angebote | Libri GmbH\",\"isPartOf\":{\"@id\":\"https:\/\/www.libri.de\/fr\/#website\"},\"primaryImageOfPage\":{\"@id\":\"https:\/\/www.libri.de\/de\/datenschutz\/online-angebote\/#primaryimage\"},\"image\":{\"@id\":\"https:\/\/www.libri.de\/de\/datenschutz\/online-angebote\/#primaryimage\"},\"thumbnailUrl\":\"https:\/\/www.libri.de\/wp-content\/uploads\/2021\/12\/Beitragsbild_Libri_blau.jpg\",\"datePublished\":\"2021-12-01T13:29:44+00:00\",\"dateModified\":\"2024-01-11T15:23:02+00:00\",\"breadcrumb\":{\"@id\":\"https:\/\/www.libri.de\/de\/datenschutz\/online-angebote\/#breadcrumb\"},\"inLanguage\":\"de\",\"potentialAction\":[{\"@type\":\"ReadAction\",\"target\":[\"https:\/\/www.libri.de\/de\/datenschutz\/online-angebote\/\"]}]},{\"@type\":\"ImageObject\",\"inLanguage\":\"de\",\"@id\":\"https:\/\/www.libri.de\/de\/datenschutz\/online-angebote\/#primaryimage\",\"url\":\"https:\/\/www.libri.de\/wp-content\/uploads\/2021\/12\/Beitragsbild_Libri_blau.jpg\",\"contentUrl\":\"https:\/\/www.libri.de\/wp-content\/uploads\/2021\/12\/Beitragsbild_Libri_blau.jpg\",\"width\":1990,\"height\":1100},{\"@type\":\"BreadcrumbList\",\"@id\":\"https:\/\/www.libri.de\/de\/datenschutz\/online-angebote\/#breadcrumb\",\"itemListElement\":[{\"@type\":\"ListItem\",\"position\":1,\"name\":\"Start\",\"item\":\"https:\/\/www.libri.de\/de\/\"},{\"@type\":\"ListItem\",\"position\":2,\"name\":\"Datenschutz\",\"item\":\"https:\/\/www.libri.de\/de\/datenschutz\/\"},{\"@type\":\"ListItem\",\"position\":3,\"name\":\"Online-Angebote\"}]},{\"@type\":\"WebSite\",\"@id\":\"https:\/\/www.libri.de\/fr\/#website\",\"url\":\"https:\/\/www.libri.de\/fr\/\",\"name\":\"Libri GmbH\",\"description\":\"Barsortiment und Gro\u00dfhandel f\u00fcr B\u00fccher und andere Medien\",\"publisher\":{\"@id\":\"https:\/\/www.libri.de\/fr\/#organization\"},\"potentialAction\":[{\"@type\":\"SearchAction\",\"target\":{\"@type\":\"EntryPoint\",\"urlTemplate\":\"https:\/\/www.libri.de\/fr\/?s={search_term_string}\"},\"query-input\":{\"@type\":\"PropertyValueSpecification\",\"valueRequired\":true,\"valueName\":\"search_term_string\"}}],\"inLanguage\":\"de\"},{\"@type\":\"Organization\",\"@id\":\"https:\/\/www.libri.de\/fr\/#organization\",\"name\":\"Libri\",\"url\":\"https:\/\/www.libri.de\/fr\/\",\"logo\":{\"@type\":\"ImageObject\",\"inLanguage\":\"de\",\"@id\":\"https:\/\/www.libri.de\/fr\/#\/schema\/logo\/image\/\",\"url\":\"https:\/\/188.64.195.32\/wp-content\/uploads\/2022\/04\/libri_logo-1.jpg\",\"contentUrl\":\"https:\/\/188.64.195.32\/wp-content\/uploads\/2022\/04\/libri_logo-1.jpg\",\"width\":2000,\"height\":1000,\"caption\":\"Libri\"},\"image\":{\"@id\":\"https:\/\/www.libri.de\/fr\/#\/schema\/logo\/image\/\"},\"sameAs\":[\"https:\/\/www.facebook.com\/libribarsortiment\",\"https:\/\/www.instagram.com\/libri.barsortiment\",\"https:\/\/www.linkedin.com\/company\/libri-gmbh\"]}]}<\/script>\n<!-- \/ Yoast SEO plugin. -->","yoast_head_json":{"title":"Online-Angebote | Libri GmbH","robots":{"index":"index","follow":"follow","max-snippet":"max-snippet:-1","max-image-preview":"max-image-preview:large","max-video-preview":"max-video-preview:-1"},"canonical":"https:\/\/www.libri.de\/de\/datenschutz\/online-angebote\/","og_locale":"de_DE","og_type":"article","og_title":"Online-Angebote | Libri GmbH","og_description":"Hinweise zur Teilnahme an Online-Angeboten","og_url":"https:\/\/www.libri.de\/de\/datenschutz\/online-angebote\/","og_site_name":"Libri GmbH","article_publisher":"https:\/\/www.facebook.com\/libribarsortiment","article_modified_time":"2024-01-11T15:23:02+00:00","og_image":[{"width":1990,"height":1100,"url":"https:\/\/www.libri.de\/wp-content\/uploads\/2021\/12\/Beitragsbild_Libri_blau.jpg","type":"image\/jpeg"}],"twitter_card":"summary_large_image","schema":{"@context":"https:\/\/schema.org","@graph":[{"@type":"WebPage","@id":"https:\/\/www.libri.de\/de\/datenschutz\/online-angebote\/","url":"https:\/\/www.libri.de\/de\/datenschutz\/online-angebote\/","name":"Online-Angebote | Libri GmbH","isPartOf":{"@id":"https:\/\/www.libri.de\/fr\/#website"},"primaryImageOfPage":{"@id":"https:\/\/www.libri.de\/de\/datenschutz\/online-angebote\/#primaryimage"},"image":{"@id":"https:\/\/www.libri.de\/de\/datenschutz\/online-angebote\/#primaryimage"},"thumbnailUrl":"https:\/\/www.libri.de\/wp-content\/uploads\/2021\/12\/Beitragsbild_Libri_blau.jpg","datePublished":"2021-12-01T13:29:44+00:00","dateModified":"2024-01-11T15:23:02+00:00","breadcrumb":{"@id":"https:\/\/www.libri.de\/de\/datenschutz\/online-angebote\/#breadcrumb"},"inLanguage":"de","potentialAction":[{"@type":"ReadAction","target":["https:\/\/www.libri.de\/de\/datenschutz\/online-angebote\/"]}]},{"@type":"ImageObject","inLanguage":"de","@id":"https:\/\/www.libri.de\/de\/datenschutz\/online-angebote\/#primaryimage","url":"https:\/\/www.libri.de\/wp-content\/uploads\/2021\/12\/Beitragsbild_Libri_blau.jpg","contentUrl":"https:\/\/www.libri.de\/wp-content\/uploads\/2021\/12\/Beitragsbild_Libri_blau.jpg","width":1990,"height":1100},{"@type":"BreadcrumbList","@id":"https:\/\/www.libri.de\/de\/datenschutz\/online-angebote\/#breadcrumb","itemListElement":[{"@type":"ListItem","position":1,"name":"Start","item":"https:\/\/www.libri.de\/de\/"},{"@type":"ListItem","position":2,"name":"Datenschutz","item":"https:\/\/www.libri.de\/de\/datenschutz\/"},{"@type":"ListItem","position":3,"name":"Online-Angebote"}]},{"@type":"WebSite","@id":"https:\/\/www.libri.de\/fr\/#website","url":"https:\/\/www.libri.de\/fr\/","name":"Libri GmbH","description":"Barsortiment und Gro\u00dfhandel f\u00fcr B\u00fccher und andere Medien","publisher":{"@id":"https:\/\/www.libri.de\/fr\/#organization"},"potentialAction":[{"@type":"SearchAction","target":{"@type":"EntryPoint","urlTemplate":"https:\/\/www.libri.de\/fr\/?s={search_term_string}"},"query-input":{"@type":"PropertyValueSpecification","valueRequired":true,"valueName":"search_term_string"}}],"inLanguage":"de"},{"@type":"Organization","@id":"https:\/\/www.libri.de\/fr\/#organization","name":"Libri","url":"https:\/\/www.libri.de\/fr\/","logo":{"@type":"ImageObject","inLanguage":"de","@id":"https:\/\/www.libri.de\/fr\/#\/schema\/logo\/image\/","url":"https:\/\/188.64.195.32\/wp-content\/uploads\/2022\/04\/libri_logo-1.jpg","contentUrl":"https:\/\/188.64.195.32\/wp-content\/uploads\/2022\/04\/libri_logo-1.jpg","width":2000,"height":1000,"caption":"Libri"},"image":{"@id":"https:\/\/www.libri.de\/fr\/#\/schema\/logo\/image\/"},"sameAs":["https:\/\/www.facebook.com\/libribarsortiment","https:\/\/www.instagram.com\/libri.barsortiment","https:\/\/www.linkedin.com\/company\/libri-gmbh"]}]}},"_links":{"self":[{"href":"https:\/\/www.libri.de\/de\/wp-json\/wp\/v2\/pages\/34130","targetHints":{"allow":["GET"]}}],"collection":[{"href":"https:\/\/www.libri.de\/de\/wp-json\/wp\/v2\/pages"}],"about":[{"href":"https:\/\/www.libri.de\/de\/wp-json\/wp\/v2\/types\/page"}],"author":[{"embeddable":true,"href":"https:\/\/www.libri.de\/de\/wp-json\/wp\/v2\/users\/5"}],"replies":[{"embeddable":true,"href":"https:\/\/www.libri.de\/de\/wp-json\/wp\/v2\/comments?post=34130"}],"version-history":[{"count":0,"href":"https:\/\/www.libri.de\/de\/wp-json\/wp\/v2\/pages\/34130\/revisions"}],"up":[{"embeddable":true,"href":"https:\/\/www.libri.de\/de\/wp-json\/wp\/v2\/pages\/3"}],"wp:featuredmedia":[{"embeddable":true,"href":"https:\/\/www.libri.de\/de\/wp-json\/wp\/v2\/media\/34899"}],"wp:attachment":[{"href":"https:\/\/www.libri.de\/de\/wp-json\/wp\/v2\/media?parent=34130"}],"curies":[{"name":"wp","href":"https:\/\/api.w.org\/{rel}","templated":true}]}}