{"id":32803,"date":"2021-11-23T18:10:16","date_gmt":"2021-11-23T16:10:16","guid":{"rendered":"https:\/\/www.libri.de\/?page_id=32803"},"modified":"2026-01-30T16:17:46","modified_gmt":"2026-01-30T14:17:46","slug":"services","status":"publish","type":"page","link":"https:\/\/www.libri.de\/de\/fuer-den-handel\/services\/","title":{"rendered":"Services"},"content":{"rendered":"\r\n<div id=\"header-block_c59375b36449eeb2b2fde3fca3abb4f3\" class=\"block-header module type-left-right bc-libri-blue c-white-imp\">\r\n  <div class=\"container\">\r\n\r\n    <p id=\"breadcrumbs\"><span><span><a href=\"https:\/\/www.libri.de\/de\/\">Start<\/a><\/span><\/span><\/p>    \r\n    \r\n      \r\n      <div class=\"row\">\r\n        <div class=\"col-12 col-md-7 title\">\r\n          <h1 class=\"\">Services<\/h1>\r\n        <\/div>\r\n\r\n        <div class=\"col-12 col-md-5 text\">\r\n          <p>Mit unseren verschiedenen Services rund um das Schulbuch und kuratierten Sortimenten unterst\u00fctzen wir Sie in Ihrem Buchhandelsalltag. Damit Sie wieder Zeit f\u00fcr gl\u00fcckliche Kund*innen haben k\u00f6nnen!<\/p>\r\n        <\/div>\r\n      <\/div>\r\n\r\n      \r\n  <\/div>\r\n<\/div>\r\n\r\n\n\n\r\n<div id=\"anchor-nav-block_872a54305763a61e6d26a74b28ff2669\" class=\"block-anchor-nav module bc-libri-blue c-white-imp\"  >\r\n\r\n      <div class=\"container\"><div class=\"line\"><\/div><\/div>\r\n    \r\n    <div class=\"container\">\r\n      <div class=\"p-relative\">\r\n        <div class=\"arrow left\"><\/div>\r\n        <div class=\"arrow right\"><\/div>\r\n      <\/div>\r\n      <div class=\"overflow-x-auto\">\r\n        <div class=\"d-flex anchor-nav\" data-class=\"anchor-nav-entry\"><\/div>\r\n      <\/div>\r\n    <\/div>\r\n\r\n  <\/div>\r\n\r\n\n\n\r\n<div id=\"space-block_acb9c1cbabbc84bda79db1f9dc58c093\" class=\"block-space module bc-trans\" style=\"height: 48px;\"><\/div>\n\n\r\n<div id=\"libri-schulbuchmodell\" class=\"block-anchor\" data-title=\"Libri-Schulbuchmodell\" >\r\n\r\n  <\/div>\r\n\r\n\n\n\r\n<div id=\"text-block_422db5ccaa42c9d9450bd3090a45d42a\" class=\"block-text module type-text-img bc-trans\">\r\n  <div class=\"container\">\r\n\r\n    \r\n      <div class=\"row flex-row-reverse\">\r\n\r\n        \r\n          <div class=\"col-12 col-md-6 col-xl-5\">\r\n            <div class=\"image square\">\r\n              <img decoding=\"async\" width=\"640\" height=\"640\" src=\"https:\/\/www.libri.de\/wp-content\/uploads\/2021\/12\/libri_service_schulbuch-teaser.jpg\" class=\"attachment-medium_large size-medium_large\" alt=\"Sch\u00fcler meldet sich in der Klasse und benutzt sein passendes Schulbuch\" srcset=\"https:\/\/www.libri.de\/wp-content\/uploads\/2021\/12\/libri_service_schulbuch-teaser.jpg 640w, https:\/\/www.libri.de\/wp-content\/uploads\/2021\/12\/libri_service_schulbuch-teaser-300x300.jpg 300w, https:\/\/www.libri.de\/wp-content\/uploads\/2021\/12\/libri_service_schulbuch-teaser-150x150.jpg 150w\" sizes=\"(max-width: 640px) 100vw, 640px\" \/>            <\/div>\r\n                      <\/div>\r\n\r\n          <div class=\"d-none d-xl-block col-2\"><\/div>\r\n\r\n        \r\n        <div class=\"col-12 col-md-6 col-xl-5\">\r\n\r\n          \r\n          <div class=\"text \">\r\n            <h2>Unterst\u00fctzung im Schulbuchgesch\u00e4ft<\/h2>\n<p><strong>Gut geplant zum Erfolg<\/strong><\/p>\n<p>Das Schulbuchgesch\u00e4ft kann h\u00e4ufig zeit- und nervenaufw\u00e4ndig sein. Mit dem Libri-Schulbuchmodell haben Sie wieder Zeit und Platz f\u00fcr Ihr Kerngesch\u00e4ft!<\/p>\n          <\/div>\r\n\r\n                      <div class=\"cta\">\r\n              <a \r\n                class=\"bttn-secondary icn-no\" \r\n                href=\"https:\/\/www.libri.de\/de\/fuer-den-handel\/services\/schulbuchmodell-buchhandel\/\" \r\n                target=\"_self\"\r\n                >\r\n                 Mehr zum Libri-Schulbuch Modell              <\/a>\r\n            <\/div>\r\n          \r\n          \r\n        <\/div>\r\n        \r\n      <\/div>\r\n\r\n    \r\n  <\/div>\r\n<\/div>\r\n\r\n\n\n\r\n<div id=\"libri-first-choice-kuratierte-sortimente-fuer-buchhandlungen\" class=\"block-anchor\" data-title=\"Libri First Choice - kuratierte Sortimente f\u00fcr Buchhandlungen\" >\r\n\r\n  <\/div>\r\n\r\n\n\n\r\n<div id=\"text-block_772e7a451c9aae183a92c05921172397\" class=\"block-text module type-text-img bc-trans\">\r\n  <div class=\"container\">\r\n\r\n    \r\n      <div class=\"row flex-row-reverse\">\r\n\r\n        \r\n          <div class=\"col-12 col-md-6 col-xl-5\">\r\n            <div class=\"image square\">\r\n              <img decoding=\"async\" width=\"768\" height=\"768\" src=\"https:\/\/www.libri.de\/wp-content\/uploads\/2025\/10\/Libri-First-Choice-Logo-1-768x768.png\" class=\"attachment-medium_large size-medium_large\" alt=\"Logo von Libri Frist Choice\" srcset=\"https:\/\/www.libri.de\/wp-content\/uploads\/2025\/10\/Libri-First-Choice-Logo-1-768x768.png 768w, https:\/\/www.libri.de\/wp-content\/uploads\/2025\/10\/Libri-First-Choice-Logo-1-300x300.png 300w, https:\/\/www.libri.de\/wp-content\/uploads\/2025\/10\/Libri-First-Choice-Logo-1-150x150.png 150w, https:\/\/www.libri.de\/wp-content\/uploads\/2025\/10\/Libri-First-Choice-Logo-1.png 800w\" sizes=\"(max-width: 768px) 100vw, 768px\" \/>            <\/div>\r\n                      <\/div>\r\n\r\n          <div class=\"d-none d-xl-block col-2\"><\/div>\r\n\r\n        \r\n        <div class=\"col-12 col-md-6 col-xl-5\">\r\n\r\n          \r\n          <div class=\"text \">\r\n            <h2><strong>Libri First Choice<\/strong><\/h2>\n<p><strong>Angesagte Titel, gefragte Neuerscheinungen und verkaufsstarke Bestseller<\/strong><\/p>\n<p>Wir unterst\u00fctzen Buchhandlungen mit einer sorgf\u00e4ltig kuratierten Titelauswahl, die regelm\u00e4\u00dfig aktualisiert wird, um ein Buchangebot zu schaffen, das begeistert und verkauft. Zum Angebot geh\u00f6ren unter anderem Just the Best, Best of Manga und First Choice Sachbuch.<\/p>\n          <\/div>\r\n\r\n          \r\n          \r\n        <\/div>\r\n        \r\n      <\/div>\r\n\r\n    \r\n  <\/div>\r\n<\/div>\r\n\r\n\n\n\r\n<div id=\"teaser-small-block_a9b054d439b2279838dfeaf200ccf99b\" class=\"block-teaser-small bc-green-2\">\r\n\r\n  <div class=\"container\">\r\n\r\n    <a href=\"https:\/\/www.libri.de\/de\/fuer-den-handel\/services\/systemloesung-just-the-best\/\" target=\"\" class=\"d-flex align-items-center justify-content-center flex-column flex-md-row\">\r\n\r\n              <div class=\"image\">\r\n          <img decoding=\"async\" width=\"150\" height=\"150\" src=\"https:\/\/www.libri.de\/wp-content\/uploads\/2025\/10\/Just-the-Best-Logo-150x150.png\" class=\"attachment-thumbnail size-thumbnail\" alt=\"\" srcset=\"https:\/\/www.libri.de\/wp-content\/uploads\/2025\/10\/Just-the-Best-Logo-150x150.png 150w, https:\/\/www.libri.de\/wp-content\/uploads\/2025\/10\/Just-the-Best-Logo-300x300.png 300w, https:\/\/www.libri.de\/wp-content\/uploads\/2025\/10\/Just-the-Best-Logo-768x768.png 768w, https:\/\/www.libri.de\/wp-content\/uploads\/2025\/10\/Just-the-Best-Logo.png 800w\" sizes=\"(max-width: 150px) 100vw, 150px\" \/>        <\/div>\r\n      \r\n      <div class=\"text\">\r\n        <h3 class=\"title\">Systeml\u00f6sung \u2013 Just the Best<\/h3>\r\n        <p>Mit der Just the Best-Systeml\u00f6sung f\u00fcllen Sie Ihre Regale mit sorgf\u00e4ltig kuratierten Titeln und machen Ihre Kund*innen zufrieden \u2013 erfolgreich originalsprachige B\u00fccher verkaufen.<\/p>      <\/div>\r\n\r\n      <div class=\"teaser-arrow\"><\/div>\r\n\r\n    <\/a>\r\n\r\n  <\/div>\r\n<\/div>\r\n\r\n\n\n\r\n<div id=\"teaser-small-block_9a528cb1d4ed99a99ea4861e253d3eda\" class=\"block-teaser-small bc-green-2\">\r\n\r\n  <div class=\"container\">\r\n\r\n    <a href=\"https:\/\/www.libri.de\/de\/fuer-den-handel\/services\/best-of-manga-die-systemloesung\/\" target=\"\" class=\"d-flex align-items-center justify-content-center flex-column flex-md-row\">\r\n\r\n              <div class=\"image\">\r\n          <img decoding=\"async\" width=\"150\" height=\"150\" src=\"https:\/\/www.libri.de\/wp-content\/uploads\/2025\/10\/Best-of-Manga-Logo-150x150.png\" class=\"attachment-thumbnail size-thumbnail\" alt=\"\" srcset=\"https:\/\/www.libri.de\/wp-content\/uploads\/2025\/10\/Best-of-Manga-Logo-150x150.png 150w, https:\/\/www.libri.de\/wp-content\/uploads\/2025\/10\/Best-of-Manga-Logo-300x300.png 300w, https:\/\/www.libri.de\/wp-content\/uploads\/2025\/10\/Best-of-Manga-Logo-768x768.png 768w, https:\/\/www.libri.de\/wp-content\/uploads\/2025\/10\/Best-of-Manga-Logo.png 800w\" sizes=\"(max-width: 150px) 100vw, 150px\" \/>        <\/div>\r\n      \r\n      <div class=\"text\">\r\n        <h3 class=\"title\">Systeml\u00f6sung \u2013 Best of Manga<\/h3>\r\n        <p>Unsere Systeml\u00f6sung Best of Manga erm\u00f6glicht Ihnen einen einfachen Zugang zur Warengruppe Manga. Wir kuratieren Ihnen Ihr Manga-Sortiment mit Vorausblick und begleiten Sie langfristig beim Kompetenzaufbau.<\/p>      <\/div>\r\n\r\n      <div class=\"teaser-arrow\"><\/div>\r\n\r\n    <\/a>\r\n\r\n  <\/div>\r\n<\/div>\r\n\r\n\n\n\r\n<div id=\"go-back-block_ae620032ecb739c7fb9ea5c2293a6a1a\" class=\"block-go-back module bc-trans\">\r\n  <div class=\"container\">\r\n\r\n    <a href=\"javascript:history.back()\" class=\"bttn-secondary go-back-link\">\r\n      <span class=\"arrow-left\"><\/span>Zur\u00fcck zur \u00dcbersicht    <\/a>\r\n\r\n  <\/div>\r\n<\/div>\r\n\r\n","protected":false},"excerpt":{"rendered":"<p>Unsere verschiedene Services rund ums Schulbuch und originalsprachige Literatur unterst\u00fctzen Sie in Ihrem Buchhandelsalltag.<\/p>\n","protected":false},"author":33,"featured_media":33524,"parent":80976,"menu_order":0,"comment_status":"closed","ping_status":"closed","template":"","meta":{"_acf_changed":false,"footnotes":""},"class_list":["post-32803","page","type-page","status-publish","has-post-thumbnail","hentry"],"acf":[],"yoast_head":"<!-- This site is optimized with the Yoast SEO plugin v27.0 - https:\/\/yoast.com\/product\/yoast-seo-wordpress\/ -->\n<title>Services | Libri GmbH<\/title>\n<meta name=\"robots\" content=\"index, follow, max-snippet:-1, max-image-preview:large, max-video-preview:-1\" \/>\n<link rel=\"canonical\" href=\"https:\/\/www.libri.de\/de\/fuer-den-handel\/services\/\" \/>\n<meta property=\"og:locale\" content=\"de_DE\" \/>\n<meta property=\"og:type\" content=\"article\" \/>\n<meta property=\"og:title\" content=\"Services | Libri GmbH\" \/>\n<meta property=\"og:description\" content=\"Unsere verschiedene Services rund ums Schulbuch und originalsprachige Literatur unterst\u00fctzen Sie in Ihrem Buchhandelsalltag.\" \/>\n<meta property=\"og:url\" content=\"https:\/\/www.libri.de\/de\/fuer-den-handel\/services\/\" \/>\n<meta property=\"og:site_name\" content=\"Libri GmbH\" \/>\n<meta property=\"article:publisher\" content=\"https:\/\/www.facebook.com\/libribarsortiment\" \/>\n<meta property=\"article:modified_time\" content=\"2026-01-30T14:17:46+00:00\" \/>\n<meta property=\"og:image\" content=\"https:\/\/www.libri.de\/wp-content\/uploads\/2021\/11\/Services_Libri.jpg\" \/>\n\t<meta property=\"og:image:width\" content=\"1900\" \/>\n\t<meta property=\"og:image:height\" content=\"1100\" \/>\n\t<meta property=\"og:image:type\" content=\"image\/jpeg\" \/>\n<meta name=\"twitter:card\" content=\"summary_large_image\" \/>\n<meta name=\"twitter:label1\" content=\"Gesch\u00e4tzte Lesezeit\" \/>\n\t<meta name=\"twitter:data1\" content=\"1\u00a0Minute\" \/>\n<script type=\"application\/ld+json\" class=\"yoast-schema-graph\">{\"@context\":\"https:\/\/schema.org\",\"@graph\":[{\"@type\":\"WebPage\",\"@id\":\"https:\/\/www.libri.de\/de\/fuer-den-handel\/services\/\",\"url\":\"https:\/\/www.libri.de\/de\/fuer-den-handel\/services\/\",\"name\":\"Services | Libri GmbH\",\"isPartOf\":{\"@id\":\"https:\/\/www.libri.de\/fr\/#website\"},\"primaryImageOfPage\":{\"@id\":\"https:\/\/www.libri.de\/de\/fuer-den-handel\/services\/#primaryimage\"},\"image\":{\"@id\":\"https:\/\/www.libri.de\/de\/fuer-den-handel\/services\/#primaryimage\"},\"thumbnailUrl\":\"https:\/\/www.libri.de\/wp-content\/uploads\/2021\/11\/Services_Libri.jpg\",\"datePublished\":\"2021-11-23T16:10:16+00:00\",\"dateModified\":\"2026-01-30T14:17:46+00:00\",\"breadcrumb\":{\"@id\":\"https:\/\/www.libri.de\/de\/fuer-den-handel\/services\/#breadcrumb\"},\"inLanguage\":\"de\",\"potentialAction\":[{\"@type\":\"ReadAction\",\"target\":[\"https:\/\/www.libri.de\/de\/fuer-den-handel\/services\/\"]}]},{\"@type\":\"ImageObject\",\"inLanguage\":\"de\",\"@id\":\"https:\/\/www.libri.de\/de\/fuer-den-handel\/services\/#primaryimage\",\"url\":\"https:\/\/www.libri.de\/wp-content\/uploads\/2021\/11\/Services_Libri.jpg\",\"contentUrl\":\"https:\/\/www.libri.de\/wp-content\/uploads\/2021\/11\/Services_Libri.jpg\",\"width\":1900,\"height\":1100,\"caption\":\"Libri Services Buchhandel\"},{\"@type\":\"BreadcrumbList\",\"@id\":\"https:\/\/www.libri.de\/de\/fuer-den-handel\/services\/#breadcrumb\",\"itemListElement\":[{\"@type\":\"ListItem\",\"position\":1,\"name\":\"Start\",\"item\":\"https:\/\/www.libri.de\/de\/\"},{\"@type\":\"ListItem\",\"position\":2,\"name\":\"F\u00fcr den Handel\",\"item\":\"https:\/\/www.libri.de\/de\/fuer-den-handel\/\"},{\"@type\":\"ListItem\",\"position\":3,\"name\":\"Services\"}]},{\"@type\":\"WebSite\",\"@id\":\"https:\/\/www.libri.de\/fr\/#website\",\"url\":\"https:\/\/www.libri.de\/fr\/\",\"name\":\"Libri GmbH\",\"description\":\"Barsortiment und Gro\u00dfhandel f\u00fcr B\u00fccher und andere Medien\",\"publisher\":{\"@id\":\"https:\/\/www.libri.de\/fr\/#organization\"},\"potentialAction\":[{\"@type\":\"SearchAction\",\"target\":{\"@type\":\"EntryPoint\",\"urlTemplate\":\"https:\/\/www.libri.de\/fr\/?s={search_term_string}\"},\"query-input\":{\"@type\":\"PropertyValueSpecification\",\"valueRequired\":true,\"valueName\":\"search_term_string\"}}],\"inLanguage\":\"de\"},{\"@type\":\"Organization\",\"@id\":\"https:\/\/www.libri.de\/fr\/#organization\",\"name\":\"Libri\",\"url\":\"https:\/\/www.libri.de\/fr\/\",\"logo\":{\"@type\":\"ImageObject\",\"inLanguage\":\"de\",\"@id\":\"https:\/\/www.libri.de\/fr\/#\/schema\/logo\/image\/\",\"url\":\"https:\/\/188.64.195.32\/wp-content\/uploads\/2022\/04\/libri_logo-1.jpg\",\"contentUrl\":\"https:\/\/188.64.195.32\/wp-content\/uploads\/2022\/04\/libri_logo-1.jpg\",\"width\":2000,\"height\":1000,\"caption\":\"Libri\"},\"image\":{\"@id\":\"https:\/\/www.libri.de\/fr\/#\/schema\/logo\/image\/\"},\"sameAs\":[\"https:\/\/www.facebook.com\/libribarsortiment\",\"https:\/\/www.instagram.com\/libri.barsortiment\",\"https:\/\/www.linkedin.com\/company\/libri-gmbh\"]}]}<\/script>\n<!-- \/ Yoast SEO plugin. -->","yoast_head_json":{"title":"Services | Libri GmbH","robots":{"index":"index","follow":"follow","max-snippet":"max-snippet:-1","max-image-preview":"max-image-preview:large","max-video-preview":"max-video-preview:-1"},"canonical":"https:\/\/www.libri.de\/de\/fuer-den-handel\/services\/","og_locale":"de_DE","og_type":"article","og_title":"Services | Libri GmbH","og_description":"Unsere verschiedene Services rund ums Schulbuch und originalsprachige Literatur unterst\u00fctzen Sie in Ihrem Buchhandelsalltag.","og_url":"https:\/\/www.libri.de\/de\/fuer-den-handel\/services\/","og_site_name":"Libri GmbH","article_publisher":"https:\/\/www.facebook.com\/libribarsortiment","article_modified_time":"2026-01-30T14:17:46+00:00","og_image":[{"width":1900,"height":1100,"url":"https:\/\/www.libri.de\/wp-content\/uploads\/2021\/11\/Services_Libri.jpg","type":"image\/jpeg"}],"twitter_card":"summary_large_image","twitter_misc":{"Gesch\u00e4tzte Lesezeit":"1\u00a0Minute"},"schema":{"@context":"https:\/\/schema.org","@graph":[{"@type":"WebPage","@id":"https:\/\/www.libri.de\/de\/fuer-den-handel\/services\/","url":"https:\/\/www.libri.de\/de\/fuer-den-handel\/services\/","name":"Services | Libri GmbH","isPartOf":{"@id":"https:\/\/www.libri.de\/fr\/#website"},"primaryImageOfPage":{"@id":"https:\/\/www.libri.de\/de\/fuer-den-handel\/services\/#primaryimage"},"image":{"@id":"https:\/\/www.libri.de\/de\/fuer-den-handel\/services\/#primaryimage"},"thumbnailUrl":"https:\/\/www.libri.de\/wp-content\/uploads\/2021\/11\/Services_Libri.jpg","datePublished":"2021-11-23T16:10:16+00:00","dateModified":"2026-01-30T14:17:46+00:00","breadcrumb":{"@id":"https:\/\/www.libri.de\/de\/fuer-den-handel\/services\/#breadcrumb"},"inLanguage":"de","potentialAction":[{"@type":"ReadAction","target":["https:\/\/www.libri.de\/de\/fuer-den-handel\/services\/"]}]},{"@type":"ImageObject","inLanguage":"de","@id":"https:\/\/www.libri.de\/de\/fuer-den-handel\/services\/#primaryimage","url":"https:\/\/www.libri.de\/wp-content\/uploads\/2021\/11\/Services_Libri.jpg","contentUrl":"https:\/\/www.libri.de\/wp-content\/uploads\/2021\/11\/Services_Libri.jpg","width":1900,"height":1100,"caption":"Libri Services Buchhandel"},{"@type":"BreadcrumbList","@id":"https:\/\/www.libri.de\/de\/fuer-den-handel\/services\/#breadcrumb","itemListElement":[{"@type":"ListItem","position":1,"name":"Start","item":"https:\/\/www.libri.de\/de\/"},{"@type":"ListItem","position":2,"name":"F\u00fcr den Handel","item":"https:\/\/www.libri.de\/de\/fuer-den-handel\/"},{"@type":"ListItem","position":3,"name":"Services"}]},{"@type":"WebSite","@id":"https:\/\/www.libri.de\/fr\/#website","url":"https:\/\/www.libri.de\/fr\/","name":"Libri GmbH","description":"Barsortiment und Gro\u00dfhandel f\u00fcr B\u00fccher und andere Medien","publisher":{"@id":"https:\/\/www.libri.de\/fr\/#organization"},"potentialAction":[{"@type":"SearchAction","target":{"@type":"EntryPoint","urlTemplate":"https:\/\/www.libri.de\/fr\/?s={search_term_string}"},"query-input":{"@type":"PropertyValueSpecification","valueRequired":true,"valueName":"search_term_string"}}],"inLanguage":"de"},{"@type":"Organization","@id":"https:\/\/www.libri.de\/fr\/#organization","name":"Libri","url":"https:\/\/www.libri.de\/fr\/","logo":{"@type":"ImageObject","inLanguage":"de","@id":"https:\/\/www.libri.de\/fr\/#\/schema\/logo\/image\/","url":"https:\/\/188.64.195.32\/wp-content\/uploads\/2022\/04\/libri_logo-1.jpg","contentUrl":"https:\/\/188.64.195.32\/wp-content\/uploads\/2022\/04\/libri_logo-1.jpg","width":2000,"height":1000,"caption":"Libri"},"image":{"@id":"https:\/\/www.libri.de\/fr\/#\/schema\/logo\/image\/"},"sameAs":["https:\/\/www.facebook.com\/libribarsortiment","https:\/\/www.instagram.com\/libri.barsortiment","https:\/\/www.linkedin.com\/company\/libri-gmbh"]}]}},"_links":{"self":[{"href":"https:\/\/www.libri.de\/de\/wp-json\/wp\/v2\/pages\/32803","targetHints":{"allow":["GET"]}}],"collection":[{"href":"https:\/\/www.libri.de\/de\/wp-json\/wp\/v2\/pages"}],"about":[{"href":"https:\/\/www.libri.de\/de\/wp-json\/wp\/v2\/types\/page"}],"author":[{"embeddable":true,"href":"https:\/\/www.libri.de\/de\/wp-json\/wp\/v2\/users\/33"}],"replies":[{"embeddable":true,"href":"https:\/\/www.libri.de\/de\/wp-json\/wp\/v2\/comments?post=32803"}],"version-history":[{"count":3,"href":"https:\/\/www.libri.de\/de\/wp-json\/wp\/v2\/pages\/32803\/revisions"}],"predecessor-version":[{"id":86527,"href":"https:\/\/www.libri.de\/de\/wp-json\/wp\/v2\/pages\/32803\/revisions\/86527"}],"up":[{"embeddable":true,"href":"https:\/\/www.libri.de\/de\/wp-json\/wp\/v2\/pages\/80976"}],"wp:featuredmedia":[{"embeddable":true,"href":"https:\/\/www.libri.de\/de\/wp-json\/wp\/v2\/media\/33524"}],"wp:attachment":[{"href":"https:\/\/www.libri.de\/de\/wp-json\/wp\/v2\/media?parent=32803"}],"curies":[{"name":"wp","href":"https:\/\/api.w.org\/{rel}","templated":true}]}}