{"id":32791,"date":"2021-11-23T17:18:42","date_gmt":"2021-11-23T15:18:42","guid":{"rendered":"https:\/\/www.libri.de\/?page_id=32791"},"modified":"2026-01-07T19:11:16","modified_gmt":"2026-01-07T17:11:16","slug":"produkte","status":"publish","type":"page","link":"https:\/\/www.libri.de\/de\/fuer-den-handel\/produkte\/","title":{"rendered":"Produkte"},"content":{"rendered":"\r\n<div id=\"header-block_d954c8d5714d8afd337c1e22d6abe0b0\" class=\"block-header module type-big bc-blue c-white-imp\">\r\n  <div class=\"container\">\r\n\r\n    <p id=\"breadcrumbs\"><span><span><a href=\"https:\/\/www.libri.de\/de\/\">Start<\/a><\/span><\/span><\/p>    \r\n    \r\n              <div class=\"image\">\r\n          <img decoding=\"async\" width=\"1990\" height=\"1100\" src=\"https:\/\/www.libri.de\/wp-content\/uploads\/2021\/10\/Libri_Quimus_Suche.jpg\" class=\"attachment-2048x2048 size-2048x2048\" alt=\"\" srcset=\"https:\/\/www.libri.de\/wp-content\/uploads\/2021\/10\/Libri_Quimus_Suche.jpg 1990w, https:\/\/www.libri.de\/wp-content\/uploads\/2021\/10\/Libri_Quimus_Suche-300x166.jpg 300w, https:\/\/www.libri.de\/wp-content\/uploads\/2021\/10\/Libri_Quimus_Suche-1024x566.jpg 1024w, https:\/\/www.libri.de\/wp-content\/uploads\/2021\/10\/Libri_Quimus_Suche-768x425.jpg 768w, https:\/\/www.libri.de\/wp-content\/uploads\/2021\/10\/Libri_Quimus_Suche-1536x849.jpg 1536w\" sizes=\"(max-width: 1990px) 100vw, 1990px\" \/>        <\/div>\r\n      \r\n      <div class=\"row\">\r\n        <div class=\"col-12 col-md-10 title\">\r\n          <h1 class=\"\">Produkte f\u00fcr den Buchhandel<\/h1>\r\n        <\/div>\r\n\r\n        <div class=\"col-12 col-md-10 text\">\r\n          <p>Mit unseren Bestell-und Warenwirtschaftssystemen und unserer White-Label-Shop-L\u00f6sung unterst\u00fctzen wir Sie in Ihrem Buchhandelsalltag.<\/p>\r\n        <\/div>\r\n      <\/div>\r\n\r\n      \r\n  <\/div>\r\n<\/div>\r\n\r\n\n\n\r\n<div id=\"anchor-nav-block_b429e9cd50ae184b2b19bf1c2d8de555\" class=\"block-anchor-nav module bc-blue c-white-imp\"  >\r\n\r\n      <div class=\"container\"><div class=\"line\"><\/div><\/div>\r\n    \r\n    <div class=\"container\">\r\n      <div class=\"p-relative\">\r\n        <div class=\"arrow left\"><\/div>\r\n        <div class=\"arrow right\"><\/div>\r\n      <\/div>\r\n      <div class=\"overflow-x-auto\">\r\n        <div class=\"d-flex anchor-nav\" data-class=\"anchor-nav-entry\"><\/div>\r\n      <\/div>\r\n    <\/div>\r\n\r\n  <\/div>\r\n\r\n\n\n\r\n<div id=\"space-block_9970a31481be509b36644e180ce2a0bb\" class=\"block-space module bc-blue c-white-imp\" style=\"height: 48px;\"><\/div>\n\n\r\n<div id=\"space-block_e3e7417608913d570cea514ba221870f\" class=\"block-space module bc-white\" style=\"height: 48px;\"><\/div>\n\n\r\n<div id=\"libri-warenwirtschaft\" class=\"block-anchor\" data-title=\"Libri.Warenwirtschaft\" >\r\n\r\n  <\/div>\r\n\r\n\n\n\r\n<div id=\"text-block_efc09d5ee4948174b1d0e88e1697b704\" class=\"block-text module type-text-text bc-white\">\r\n  <div class=\"container\">\r\n\r\n    \r\n<div class=\"grid\">\r\n  <h3 class=\"left-top \">\r\n    Libri.Warenwirtschaft  <\/h3>\r\n\r\n  <div class=\"left-bottom text\">\r\n    <p><strong> Planm\u00e4\u00dfig erfolgreich<\/strong><\/p>\n<p>&nbsp;<\/p>\n<p>Das Libri.Warenwirtschaftssystem (JWWS) ist an \u00fcber 1000 Bildschirmarbeitspl\u00e4tzen an Einzelstandorten und in Filialbetrieben installiert und dort unverzichtbarer Teil des Arbeitsalltags.<\/p>\n          <div class=\"cta\">\r\n        <a \r\n          class=\"bttn-secondary icn-no\" \r\n          href=\"https:\/\/www.libri.de\/de\/fuer-den-handel\/produkte\/libri-warenwirtschaft\/\" \r\n          target=\"_self\"\r\n          >\r\n          Libri.Warenwirtschaft        <\/a>\r\n      <\/div>\r\n      <\/div>\r\n\r\n  <h3 class=\"right-top d-none d-md-block\">\r\n      <\/h3>\r\n\r\n  <div class=\"right-bottom text\">\r\n          <\/div>\r\n\r\n<\/div>\r\n\r\n  <\/div>\r\n<\/div>\r\n\r\n\n\n\r\n<div id=\"quimus\" class=\"block-anchor\" data-title=\"Quimus\" >\r\n\r\n  <\/div>\r\n\r\n\n\n\r\n<div id=\"space-block_e3e7417608913d570cea514ba221870f\" class=\"block-space module bc-white\" style=\"height: 48px;\"><\/div>\n\n\r\n<div id=\"space-block_9595bd8756cc3829ecde139bf60fc391\" class=\"block-space module bc-light-gray\" style=\"height: 48px;\"><\/div>\n\n\r\n<div id=\"text-block_100c9ce352f3e12c246cc85a955b7be4\" class=\"block-text module type-text-img bc-light-gray\">\r\n  <div class=\"container\">\r\n\r\n    \r\n      <div class=\"row flex-row-reverse\">\r\n\r\n        \r\n          <div class=\"col-12 col-md-6 col-xl-5\">\r\n            <div class=\"image square\">\r\n              <img decoding=\"async\" width=\"640\" height=\"640\" src=\"https:\/\/www.libri.de\/wp-content\/uploads\/2021\/11\/libri_qimus_teaser_01-2.jpg\" class=\"attachment-medium_large size-medium_large\" alt=\"\" srcset=\"https:\/\/www.libri.de\/wp-content\/uploads\/2021\/11\/libri_qimus_teaser_01-2.jpg 640w, https:\/\/www.libri.de\/wp-content\/uploads\/2021\/11\/libri_qimus_teaser_01-2-300x300.jpg 300w, https:\/\/www.libri.de\/wp-content\/uploads\/2021\/11\/libri_qimus_teaser_01-2-150x150.jpg 150w\" sizes=\"(max-width: 640px) 100vw, 640px\" \/>            <\/div>\r\n                      <\/div>\r\n\r\n          <div class=\"d-none d-xl-block col-2\"><\/div>\r\n\r\n        \r\n        <div class=\"col-12 col-md-6 col-xl-5\">\r\n\r\n          \r\n          <div class=\"text \">\r\n            <h2>Quimus<\/h2>\n<p><strong>Ein Tool f\u00fcr alles. Quimus f\u00fcr den Buchhandel<\/strong><\/p>\n<p>Machen Sie Ihre Kund*innen wunschlos gl\u00fccklich: mit Quimus \u2013 dem intelligenten, digitalen Tool. Steuern Sie Ihre Buchbestellungen ganz einfach zu jeder Zeit und an jedem Ort.<\/p>\n          <\/div>\r\n\r\n                      <div class=\"cta\">\r\n              <a \r\n                class=\"bttn-secondary icn-no\" \r\n                href=\"https:\/\/www.libri.de\/de\/fuer-den-handel\/produkte\/quimus\/\" \r\n                target=\"_self\"\r\n                >\r\n                Mehr zu Quimus              <\/a>\r\n            <\/div>\r\n          \r\n          \r\n        <\/div>\r\n        \r\n      <\/div>\r\n\r\n    \r\n  <\/div>\r\n<\/div>\r\n\r\n\n\n\r\n<div id=\"space-block_218a5f28df21b1bb65393627db8840d4\" class=\"block-space module bc-trans\" style=\"height: 48px;\"><\/div>\n\n\r\n<div id=\"mein-libri\" class=\"block-anchor\" data-title=\"Mein Libri\" >\r\n\r\n  <\/div>\r\n\r\n\n\n\r\n<div id=\"text-block_ada33faa48a1d0fd1b5db7fce95ee960\" class=\"block-text module type-text-text bc-white\">\r\n  <div class=\"container\">\r\n\r\n    \r\n<div class=\"grid\">\r\n  <h3 class=\"left-top \">\r\n    Mein Libri  <\/h3>\r\n\r\n  <div class=\"left-bottom text\">\r\n    <p>Suchen, bestellen und verwalten: Im Onlineportal\u00a0Mein Libri\u00a0k\u00f6nnen Sie einfach und komfortabel Artikel aus dem internationalen Libri-Katalog mit 10 Mio. Titeln suchen und bestellen.<\/p>\n          <div class=\"cta\">\r\n        <a \r\n          class=\"bttn-secondary icn-no\" \r\n          href=\"https:\/\/www.libri.de\/de\/fuer-den-handel\/produkte\/mein-libri\/\" \r\n          target=\"_self\"\r\n          >\r\n          Mein Libri        <\/a>\r\n      <\/div>\r\n      <\/div>\r\n\r\n  <h3 class=\"right-top d-none d-md-block\">\r\n      <\/h3>\r\n\r\n  <div class=\"right-bottom text\">\r\n          <\/div>\r\n\r\n<\/div>\r\n\r\n  <\/div>\r\n<\/div>\r\n\r\n\n\n\r\n<div id=\"space-block_8c89d2564ea357fc6bed47cd5522761c\" class=\"block-space module bc-white\" style=\"height: 48px;\"><\/div>\n\n\r\n<div id=\"libri-shopline\" class=\"block-anchor\" data-title=\"Libri.Shopline\" >\r\n\r\n  <\/div>\r\n\r\n\n\n\r\n<div id=\"text-block_ac59378f73b4bd4b2cabcbe1cedc0d71\" class=\"block-text module type-text-text bc-light-gray\">\r\n  <div class=\"container\">\r\n\r\n    \r\n<div class=\"grid\">\r\n  <h3 class=\"left-top \">\r\n    Libri.Shopline  <\/h3>\r\n\r\n  <div class=\"left-bottom text\">\r\n    <p>Ihr Onlineshop im individuellen Look and Feel \u2013 mit der White-Label-Shop-L\u00f6sung Libri.Shopline wachsen die Online- und Offline-Welten ganz selbstverst\u00e4ndlich zusammen. Ihre Kund*innen erleben Ihre Buchhandlung ganzheitlich \u2014 auf allen Kan\u00e4len.<\/p>\n          <div class=\"cta\">\r\n        <a \r\n          class=\"bttn-secondary icn-no\" \r\n          href=\"https:\/\/www.libri.de\/de\/fuer-den-handel\/produkte\/libri-shopline\/\" \r\n          target=\"_self\"\r\n          >\r\n          Libri.Shopline        <\/a>\r\n      <\/div>\r\n      <\/div>\r\n\r\n  <h3 class=\"right-top d-none d-md-block\">\r\n      <\/h3>\r\n\r\n  <div class=\"right-bottom text\">\r\n          <\/div>\r\n\r\n<\/div>\r\n\r\n  <\/div>\r\n<\/div>\r\n\r\n\n\n\r\n<div id=\"space-block_9595bd8756cc3829ecde139bf60fc391\" class=\"block-space module bc-light-gray\" style=\"height: 48px;\"><\/div>\n\n\r\n<div id=\"tolino\" class=\"block-anchor\" data-title=\"tolino\" >\r\n\r\n  <\/div>\r\n\r\n\n\n\r\n<div id=\"text-block_73688731dd59d6bc6272ba0debf577e7\" class=\"block-text module type-text-text bc-white\">\r\n  <div class=\"container\">\r\n\r\n    \r\n<div class=\"grid\">\r\n  <h3 class=\"left-top d-none d-md-block\">\r\n      <\/h3>\r\n\r\n  <div class=\"left-bottom text\">\r\n    <h3>tolino: <strong>die offene und sichere eReading-L\u00f6sung<\/strong><\/h3>\n<p><strong>Digitales Lesen mit dem tolino-\u00d6kosystem<\/strong><\/p>\n<p>Als Mitglied der tolino-Allianz bietet Libri dem unabh\u00e4ngigen Buchhandel Zugang zur eReading-L\u00f6sung des deutschen Buchhandels.<\/p>\n          <div class=\"cta\">\r\n        <a \r\n          class=\"bttn-secondary icn-no\" \r\n          href=\"https:\/\/www.libri.de\/de\/fuer-den-handel\/produkte\/tolino\" \r\n          target=\"_self\"\r\n          >\r\n          Mehr zu tolino        <\/a>\r\n      <\/div>\r\n      <\/div>\r\n\r\n  <h3 class=\"right-top d-none d-md-block\">\r\n      <\/h3>\r\n\r\n  <div class=\"right-bottom text\">\r\n          <\/div>\r\n\r\n<\/div>\r\n\r\n  <\/div>\r\n<\/div>\r\n\r\n\n\n\r\n<div id=\"space-block_e3e7417608913d570cea514ba221870f\" class=\"block-space module bc-white\" style=\"height: 48px;\"><\/div>\n\n\r\n<div id=\"magazine-block_0bef786ee56549398053daefb496c366\" class=\"block-magazine module bc-blue c-white-imp\">\r\n  <div class=\"container\">\r\n\r\n    <div class=\"title d-md-flex justify-content-between align-items-end\">\r\n      <h2 class=\"h3\">Impulse aus dem Libri.Magazin<\/h2>\r\n      <a class=\"more-link\" href=\"https:\/\/www.libri.de\/de\/magazin\/\" target=\"_self\">Mehr entdecken &gt;<\/a>\r\n    <\/div>\r\n    \r\n    <div class=\"row\">\r\n\r\n      \r\n        <a class=\"col-md-4 post hover-zoom\" href=\"https:\/\/www.libri.de\/de\/magazin\/shopline-endkundenumfrage\/\" target=\"_self\">\r\n\r\n          <div class=\"image a-hover-zoom\"><img decoding=\"async\" width=\"768\" height=\"363\" src=\"https:\/\/www.libri.de\/wp-content\/uploads\/2026\/02\/2026_Shopline_B2C-Umfrage_magazin-header_v3.png-768x363.png\" class=\"attachment-medium_large size-medium_large wp-post-image\" alt=\"\" srcset=\"https:\/\/www.libri.de\/wp-content\/uploads\/2026\/02\/2026_Shopline_B2C-Umfrage_magazin-header_v3.png-768x363.png 768w, https:\/\/www.libri.de\/wp-content\/uploads\/2026\/02\/2026_Shopline_B2C-Umfrage_magazin-header_v3.png-300x142.png 300w, https:\/\/www.libri.de\/wp-content\/uploads\/2026\/02\/2026_Shopline_B2C-Umfrage_magazin-header_v3.png-1024x484.png 1024w, https:\/\/www.libri.de\/wp-content\/uploads\/2026\/02\/2026_Shopline_B2C-Umfrage_magazin-header_v3.png-1536x726.png 1536w, https:\/\/www.libri.de\/wp-content\/uploads\/2026\/02\/2026_Shopline_B2C-Umfrage_magazin-header_v3.png.png 1988w\" sizes=\"(max-width: 768px) 100vw, 768px\" \/><\/div>\r\n          <div class=\"text\">\r\n            <span class=\"date\">\r\n              25.02.2026            <\/span><span class=\"reading-time\">Lesedauer 5 Min<\/span><span class=\"reading-time-mobile\">5 Min<\/span>\r\n            <h3 class=\"post-title h4\">Libri.Shopline punktet bei Endkund*innen<\/h3>\r\n          <\/div>\r\n        <\/a>\r\n        \r\n      \r\n        <a class=\"col-md-4 post hover-zoom\" href=\"https:\/\/www.libri.de\/de\/magazin\/die-quimus-bestandserfassung-2025\/\" target=\"_self\">\r\n\r\n          <div class=\"image a-hover-zoom\"><img decoding=\"async\" width=\"768\" height=\"513\" src=\"https:\/\/www.libri.de\/wp-content\/uploads\/2026\/01\/GettyImages-1356940771-768x513.jpg\" class=\"attachment-medium_large size-medium_large wp-post-image\" alt=\"Buchh\u00e4ndlerin bei der Quimus Bestandserfassung ihrer B\u00fccher am Regal\" srcset=\"https:\/\/www.libri.de\/wp-content\/uploads\/2026\/01\/GettyImages-1356940771-768x513.jpg 768w, https:\/\/www.libri.de\/wp-content\/uploads\/2026\/01\/GettyImages-1356940771-300x200.jpg 300w, https:\/\/www.libri.de\/wp-content\/uploads\/2026\/01\/GettyImages-1356940771-1024x684.jpg 1024w, https:\/\/www.libri.de\/wp-content\/uploads\/2026\/01\/GettyImages-1356940771-1536x1026.jpg 1536w, https:\/\/www.libri.de\/wp-content\/uploads\/2026\/01\/GettyImages-1356940771-2048x1368.jpg 2048w\" sizes=\"(max-width: 768px) 100vw, 768px\" \/><\/div>\r\n          <div class=\"text\">\r\n            <span class=\"date\">\r\n              28.01.2026            <\/span><span class=\"reading-time\">Lesedauer 13 Min<\/span><span class=\"reading-time-mobile\">13 Min<\/span>\r\n            <h3 class=\"post-title h4\">Die\u00a0Quimus\u00a0Bestandserfassung 2025<\/h3>\r\n          <\/div>\r\n        <\/a>\r\n        \r\n      \r\n        <a class=\"col-md-4 post hover-zoom\" href=\"https:\/\/www.libri.de\/de\/magazin\/ein-starkes-jahr-fuer-libri-shopline\/\" target=\"_self\">\r\n\r\n          <div class=\"image a-hover-zoom\"><img decoding=\"async\" width=\"768\" height=\"363\" src=\"https:\/\/www.libri.de\/wp-content\/uploads\/2025\/12\/Vorlage-Banner-Blogartikel-7-768x363.png\" class=\"attachment-medium_large size-medium_large wp-post-image\" alt=\"\" srcset=\"https:\/\/www.libri.de\/wp-content\/uploads\/2025\/12\/Vorlage-Banner-Blogartikel-7-768x363.png 768w, https:\/\/www.libri.de\/wp-content\/uploads\/2025\/12\/Vorlage-Banner-Blogartikel-7-300x142.png 300w, https:\/\/www.libri.de\/wp-content\/uploads\/2025\/12\/Vorlage-Banner-Blogartikel-7-1024x484.png 1024w, https:\/\/www.libri.de\/wp-content\/uploads\/2025\/12\/Vorlage-Banner-Blogartikel-7-1536x726.png 1536w, https:\/\/www.libri.de\/wp-content\/uploads\/2025\/12\/Vorlage-Banner-Blogartikel-7.png 1988w\" sizes=\"(max-width: 768px) 100vw, 768px\" \/><\/div>\r\n          <div class=\"text\">\r\n            <span class=\"date\">\r\n              16.12.2025            <\/span><span class=\"reading-time\">Lesedauer 2 Min<\/span><span class=\"reading-time-mobile\">2 Min<\/span>\r\n            <h3 class=\"post-title h4\">Ein starkes Jahr f\u00fcr\u00a0Libri.Shopline\u00a0<\/h3>\r\n          <\/div>\r\n        <\/a>\r\n        \r\n          <\/div>\r\n\r\n  <\/div>\r\n<\/div>\r\n\r\n\n\n\r\n<div id=\"go-back-block_833cbc92abdb75533e5b6d95a50b30d2\" class=\"block-go-back module bc-green-2\">\r\n  <div class=\"container\">\r\n\r\n    <a href=\"javascript:history.back()\" class=\"bttn-secondary go-back-link\">\r\n      <span class=\"arrow-left\"><\/span>Zur\u00fcck zur \u00dcbersicht    <\/a>\r\n\r\n  <\/div>\r\n<\/div>\r\n\r\n","protected":false},"excerpt":{"rendered":"<p>Mit unseren Bestell-und Warenwirtschaftssystemen und unserer White-Label-Shop-L\u00f6sung unterst\u00fctzen wir Sie in Ihrem Buchhandelsalltag.<\/p>\n","protected":false},"author":33,"featured_media":29638,"parent":80976,"menu_order":0,"comment_status":"closed","ping_status":"closed","template":"","meta":{"_acf_changed":false,"footnotes":""},"class_list":["post-32791","page","type-page","status-publish","has-post-thumbnail","hentry"],"acf":[],"yoast_head":"<!-- This site is optimized with the Yoast SEO plugin v27.0 - https:\/\/yoast.com\/product\/yoast-seo-wordpress\/ -->\n<title>Produkte | Libri GmbH<\/title>\n<meta name=\"robots\" content=\"index, follow, max-snippet:-1, max-image-preview:large, max-video-preview:-1\" \/>\n<link rel=\"canonical\" href=\"https:\/\/www.libri.de\/de\/fuer-den-handel\/produkte\/\" \/>\n<meta property=\"og:locale\" content=\"de_DE\" \/>\n<meta property=\"og:type\" content=\"article\" \/>\n<meta property=\"og:title\" content=\"Produkte | Libri GmbH\" \/>\n<meta property=\"og:description\" content=\"Mit unseren Bestell-und Warenwirtschaftssystemen und unserer White-Label-Shop-L\u00f6sung unterst\u00fctzen wir Sie in Ihrem Buchhandelsalltag.\" \/>\n<meta property=\"og:url\" content=\"https:\/\/www.libri.de\/de\/fuer-den-handel\/produkte\/\" \/>\n<meta property=\"og:site_name\" content=\"Libri GmbH\" \/>\n<meta property=\"article:publisher\" content=\"https:\/\/www.facebook.com\/libribarsortiment\" \/>\n<meta property=\"article:modified_time\" content=\"2026-01-07T17:11:16+00:00\" \/>\n<meta property=\"og:image\" content=\"https:\/\/www.libri.de\/wp-content\/uploads\/2021\/10\/Libri_Quimus_Suche.jpg\" \/>\n\t<meta property=\"og:image:width\" content=\"1990\" \/>\n\t<meta property=\"og:image:height\" content=\"1100\" \/>\n\t<meta property=\"og:image:type\" content=\"image\/jpeg\" \/>\n<meta name=\"twitter:card\" content=\"summary_large_image\" \/>\n<meta name=\"twitter:label1\" content=\"Gesch\u00e4tzte Lesezeit\" \/>\n\t<meta name=\"twitter:data1\" content=\"1\u00a0Minute\" \/>\n<script type=\"application\/ld+json\" class=\"yoast-schema-graph\">{\"@context\":\"https:\/\/schema.org\",\"@graph\":[{\"@type\":\"WebPage\",\"@id\":\"https:\/\/www.libri.de\/de\/fuer-den-handel\/produkte\/\",\"url\":\"https:\/\/www.libri.de\/de\/fuer-den-handel\/produkte\/\",\"name\":\"Produkte | Libri GmbH\",\"isPartOf\":{\"@id\":\"https:\/\/www.libri.de\/fr\/#website\"},\"primaryImageOfPage\":{\"@id\":\"https:\/\/www.libri.de\/de\/fuer-den-handel\/produkte\/#primaryimage\"},\"image\":{\"@id\":\"https:\/\/www.libri.de\/de\/fuer-den-handel\/produkte\/#primaryimage\"},\"thumbnailUrl\":\"https:\/\/www.libri.de\/wp-content\/uploads\/2021\/10\/Libri_Quimus_Suche.jpg\",\"datePublished\":\"2021-11-23T15:18:42+00:00\",\"dateModified\":\"2026-01-07T17:11:16+00:00\",\"breadcrumb\":{\"@id\":\"https:\/\/www.libri.de\/de\/fuer-den-handel\/produkte\/#breadcrumb\"},\"inLanguage\":\"de\",\"potentialAction\":[{\"@type\":\"ReadAction\",\"target\":[\"https:\/\/www.libri.de\/de\/fuer-den-handel\/produkte\/\"]}]},{\"@type\":\"ImageObject\",\"inLanguage\":\"de\",\"@id\":\"https:\/\/www.libri.de\/de\/fuer-den-handel\/produkte\/#primaryimage\",\"url\":\"https:\/\/www.libri.de\/wp-content\/uploads\/2021\/10\/Libri_Quimus_Suche.jpg\",\"contentUrl\":\"https:\/\/www.libri.de\/wp-content\/uploads\/2021\/10\/Libri_Quimus_Suche.jpg\",\"width\":1990,\"height\":1100},{\"@type\":\"BreadcrumbList\",\"@id\":\"https:\/\/www.libri.de\/de\/fuer-den-handel\/produkte\/#breadcrumb\",\"itemListElement\":[{\"@type\":\"ListItem\",\"position\":1,\"name\":\"Start\",\"item\":\"https:\/\/www.libri.de\/de\/\"},{\"@type\":\"ListItem\",\"position\":2,\"name\":\"F\u00fcr den Handel\",\"item\":\"https:\/\/www.libri.de\/de\/fuer-den-handel\/\"},{\"@type\":\"ListItem\",\"position\":3,\"name\":\"Produkte\"}]},{\"@type\":\"WebSite\",\"@id\":\"https:\/\/www.libri.de\/fr\/#website\",\"url\":\"https:\/\/www.libri.de\/fr\/\",\"name\":\"Libri GmbH\",\"description\":\"Barsortiment und Gro\u00dfhandel f\u00fcr B\u00fccher und andere Medien\",\"publisher\":{\"@id\":\"https:\/\/www.libri.de\/fr\/#organization\"},\"potentialAction\":[{\"@type\":\"SearchAction\",\"target\":{\"@type\":\"EntryPoint\",\"urlTemplate\":\"https:\/\/www.libri.de\/fr\/?s={search_term_string}\"},\"query-input\":{\"@type\":\"PropertyValueSpecification\",\"valueRequired\":true,\"valueName\":\"search_term_string\"}}],\"inLanguage\":\"de\"},{\"@type\":\"Organization\",\"@id\":\"https:\/\/www.libri.de\/fr\/#organization\",\"name\":\"Libri\",\"url\":\"https:\/\/www.libri.de\/fr\/\",\"logo\":{\"@type\":\"ImageObject\",\"inLanguage\":\"de\",\"@id\":\"https:\/\/www.libri.de\/fr\/#\/schema\/logo\/image\/\",\"url\":\"https:\/\/188.64.195.32\/wp-content\/uploads\/2022\/04\/libri_logo-1.jpg\",\"contentUrl\":\"https:\/\/188.64.195.32\/wp-content\/uploads\/2022\/04\/libri_logo-1.jpg\",\"width\":2000,\"height\":1000,\"caption\":\"Libri\"},\"image\":{\"@id\":\"https:\/\/www.libri.de\/fr\/#\/schema\/logo\/image\/\"},\"sameAs\":[\"https:\/\/www.facebook.com\/libribarsortiment\",\"https:\/\/www.instagram.com\/libri.barsortiment\",\"https:\/\/www.linkedin.com\/company\/libri-gmbh\"]}]}<\/script>\n<!-- \/ Yoast SEO plugin. -->","yoast_head_json":{"title":"Produkte | Libri GmbH","robots":{"index":"index","follow":"follow","max-snippet":"max-snippet:-1","max-image-preview":"max-image-preview:large","max-video-preview":"max-video-preview:-1"},"canonical":"https:\/\/www.libri.de\/de\/fuer-den-handel\/produkte\/","og_locale":"de_DE","og_type":"article","og_title":"Produkte | Libri GmbH","og_description":"Mit unseren Bestell-und Warenwirtschaftssystemen und unserer White-Label-Shop-L\u00f6sung unterst\u00fctzen wir Sie in Ihrem Buchhandelsalltag.","og_url":"https:\/\/www.libri.de\/de\/fuer-den-handel\/produkte\/","og_site_name":"Libri GmbH","article_publisher":"https:\/\/www.facebook.com\/libribarsortiment","article_modified_time":"2026-01-07T17:11:16+00:00","og_image":[{"width":1990,"height":1100,"url":"https:\/\/www.libri.de\/wp-content\/uploads\/2021\/10\/Libri_Quimus_Suche.jpg","type":"image\/jpeg"}],"twitter_card":"summary_large_image","twitter_misc":{"Gesch\u00e4tzte Lesezeit":"1\u00a0Minute"},"schema":{"@context":"https:\/\/schema.org","@graph":[{"@type":"WebPage","@id":"https:\/\/www.libri.de\/de\/fuer-den-handel\/produkte\/","url":"https:\/\/www.libri.de\/de\/fuer-den-handel\/produkte\/","name":"Produkte | Libri GmbH","isPartOf":{"@id":"https:\/\/www.libri.de\/fr\/#website"},"primaryImageOfPage":{"@id":"https:\/\/www.libri.de\/de\/fuer-den-handel\/produkte\/#primaryimage"},"image":{"@id":"https:\/\/www.libri.de\/de\/fuer-den-handel\/produkte\/#primaryimage"},"thumbnailUrl":"https:\/\/www.libri.de\/wp-content\/uploads\/2021\/10\/Libri_Quimus_Suche.jpg","datePublished":"2021-11-23T15:18:42+00:00","dateModified":"2026-01-07T17:11:16+00:00","breadcrumb":{"@id":"https:\/\/www.libri.de\/de\/fuer-den-handel\/produkte\/#breadcrumb"},"inLanguage":"de","potentialAction":[{"@type":"ReadAction","target":["https:\/\/www.libri.de\/de\/fuer-den-handel\/produkte\/"]}]},{"@type":"ImageObject","inLanguage":"de","@id":"https:\/\/www.libri.de\/de\/fuer-den-handel\/produkte\/#primaryimage","url":"https:\/\/www.libri.de\/wp-content\/uploads\/2021\/10\/Libri_Quimus_Suche.jpg","contentUrl":"https:\/\/www.libri.de\/wp-content\/uploads\/2021\/10\/Libri_Quimus_Suche.jpg","width":1990,"height":1100},{"@type":"BreadcrumbList","@id":"https:\/\/www.libri.de\/de\/fuer-den-handel\/produkte\/#breadcrumb","itemListElement":[{"@type":"ListItem","position":1,"name":"Start","item":"https:\/\/www.libri.de\/de\/"},{"@type":"ListItem","position":2,"name":"F\u00fcr den Handel","item":"https:\/\/www.libri.de\/de\/fuer-den-handel\/"},{"@type":"ListItem","position":3,"name":"Produkte"}]},{"@type":"WebSite","@id":"https:\/\/www.libri.de\/fr\/#website","url":"https:\/\/www.libri.de\/fr\/","name":"Libri GmbH","description":"Barsortiment und Gro\u00dfhandel f\u00fcr B\u00fccher und andere Medien","publisher":{"@id":"https:\/\/www.libri.de\/fr\/#organization"},"potentialAction":[{"@type":"SearchAction","target":{"@type":"EntryPoint","urlTemplate":"https:\/\/www.libri.de\/fr\/?s={search_term_string}"},"query-input":{"@type":"PropertyValueSpecification","valueRequired":true,"valueName":"search_term_string"}}],"inLanguage":"de"},{"@type":"Organization","@id":"https:\/\/www.libri.de\/fr\/#organization","name":"Libri","url":"https:\/\/www.libri.de\/fr\/","logo":{"@type":"ImageObject","inLanguage":"de","@id":"https:\/\/www.libri.de\/fr\/#\/schema\/logo\/image\/","url":"https:\/\/188.64.195.32\/wp-content\/uploads\/2022\/04\/libri_logo-1.jpg","contentUrl":"https:\/\/188.64.195.32\/wp-content\/uploads\/2022\/04\/libri_logo-1.jpg","width":2000,"height":1000,"caption":"Libri"},"image":{"@id":"https:\/\/www.libri.de\/fr\/#\/schema\/logo\/image\/"},"sameAs":["https:\/\/www.facebook.com\/libribarsortiment","https:\/\/www.instagram.com\/libri.barsortiment","https:\/\/www.linkedin.com\/company\/libri-gmbh"]}]}},"_links":{"self":[{"href":"https:\/\/www.libri.de\/de\/wp-json\/wp\/v2\/pages\/32791","targetHints":{"allow":["GET"]}}],"collection":[{"href":"https:\/\/www.libri.de\/de\/wp-json\/wp\/v2\/pages"}],"about":[{"href":"https:\/\/www.libri.de\/de\/wp-json\/wp\/v2\/types\/page"}],"author":[{"embeddable":true,"href":"https:\/\/www.libri.de\/de\/wp-json\/wp\/v2\/users\/33"}],"replies":[{"embeddable":true,"href":"https:\/\/www.libri.de\/de\/wp-json\/wp\/v2\/comments?post=32791"}],"version-history":[{"count":3,"href":"https:\/\/www.libri.de\/de\/wp-json\/wp\/v2\/pages\/32791\/revisions"}],"predecessor-version":[{"id":85827,"href":"https:\/\/www.libri.de\/de\/wp-json\/wp\/v2\/pages\/32791\/revisions\/85827"}],"up":[{"embeddable":true,"href":"https:\/\/www.libri.de\/de\/wp-json\/wp\/v2\/pages\/80976"}],"wp:featuredmedia":[{"embeddable":true,"href":"https:\/\/www.libri.de\/de\/wp-json\/wp\/v2\/media\/29638"}],"wp:attachment":[{"href":"https:\/\/www.libri.de\/de\/wp-json\/wp\/v2\/media?parent=32791"}],"curies":[{"name":"wp","href":"https:\/\/api.w.org\/{rel}","templated":true}]}}