{"id":32786,"date":"2021-11-23T16:27:26","date_gmt":"2021-11-23T14:27:26","guid":{"rendered":"https:\/\/www.libri.de\/?page_id=32786"},"modified":"2026-02-20T09:52:04","modified_gmt":"2026-02-20T07:52:04","slug":"transport","status":"publish","type":"page","link":"https:\/\/www.libri.de\/de\/fuer-den-handel\/transport\/","title":{"rendered":"Transport"},"content":{"rendered":"\r\n<div id=\"header-block_478df58319a4a57dab19181d06bad374\" class=\"block-header module type-big bc-blue c-white-imp\">\r\n  <div class=\"container\">\r\n\r\n    <p id=\"breadcrumbs\"><span><span><a href=\"https:\/\/www.libri.de\/de\/\">Start<\/a><\/span><\/span><\/p>    \r\n    \r\n              <div class=\"image\">\r\n          <img decoding=\"async\" width=\"1990\" height=\"1100\" src=\"https:\/\/www.libri.de\/wp-content\/uploads\/2021\/11\/Logistik_Libri_Leistungen.jpg\" class=\"attachment-2048x2048 size-2048x2048\" alt=\"Logisitk Nachtsprung Libri Barsortiment\" srcset=\"https:\/\/www.libri.de\/wp-content\/uploads\/2021\/11\/Logistik_Libri_Leistungen.jpg 1990w, https:\/\/www.libri.de\/wp-content\/uploads\/2021\/11\/Logistik_Libri_Leistungen-300x166.jpg 300w, https:\/\/www.libri.de\/wp-content\/uploads\/2021\/11\/Logistik_Libri_Leistungen-1024x566.jpg 1024w, https:\/\/www.libri.de\/wp-content\/uploads\/2021\/11\/Logistik_Libri_Leistungen-768x425.jpg 768w, https:\/\/www.libri.de\/wp-content\/uploads\/2021\/11\/Logistik_Libri_Leistungen-1536x849.jpg 1536w\" sizes=\"(max-width: 1990px) 100vw, 1990px\" \/>        <\/div>\r\n      \r\n      <div class=\"row\">\r\n        <div class=\"col-12 col-md-10 title\">\r\n          <h1 class=\"\">Transport f\u00fcr den Buchhandel<\/h1>\r\n        <\/div>\r\n\r\n        <div class=\"col-12 col-md-10 text\">\r\n          <p>Wir sind clever unterwegs \u2013 direkt zu Ihnen und Ihren Kund*innen.<\/p>\r\n        <\/div>\r\n      <\/div>\r\n\r\n      \r\n  <\/div>\r\n<\/div>\r\n\r\n\n\n\r\n<div id=\"anchor-nav-block_9dff1b1d21722fcc9465a03d2f19509c\" class=\"block-anchor-nav module bc-blue c-white-imp\"  >\r\n\r\n      <div class=\"container\"><div class=\"line\"><\/div><\/div>\r\n    \r\n    <div class=\"container\">\r\n      <div class=\"p-relative\">\r\n        <div class=\"arrow left\"><\/div>\r\n        <div class=\"arrow right\"><\/div>\r\n      <\/div>\r\n      <div class=\"overflow-x-auto\">\r\n        <div class=\"d-flex anchor-nav\" data-class=\"anchor-nav-entry\"><\/div>\r\n      <\/div>\r\n    <\/div>\r\n\r\n  <\/div>\r\n\r\n\n\n\r\n<div id=\"space-block_7c2d08d8165973f2d3014fb1ffb2c8b6\" class=\"block-space module bc-blue c-white-imp\" style=\"height: 48px;\"><\/div>\n\n\r\n<div id=\"space-block_70febca24ba74fcc39a538c428294885\" class=\"block-space module bc-trans\" style=\"height: 48px;\"><\/div>\n\n\r\n<div id=\"lieferung-im-nachtsprung\" class=\"block-anchor\" data-title=\"Lieferung im Nachtsprung\" >\r\n\r\n  <\/div>\r\n\r\n\n\n\r\n<div id=\"text-block_34303a2b8bf247b7ed21b60a48f31b26\" class=\"block-text module type-text bc-white\">\r\n  <div class=\"container\">\r\n\r\n    \r\n      <div class=\"row \">\r\n\r\n        \r\n        <div class=\"col-12 col-md-10\">\r\n\r\n                      <h2 class=\"title\">Lieferung im Nachtsprung mit Booxpress<\/h2>\r\n          \r\n          <div class=\"text for-box-js\">\r\n            <p><span class=\"TextRun SCXW149420654 BCX9\" lang=\"DE-DE\" xml:lang=\"DE-DE\" data-contrast=\"auto\"><span class=\"NormalTextRun SCXW149420654 BCX9\">Ihre Barsortimentsbestellungen liefern wir an sechs Tagen in der Woche aus unserem Lager in Bad Hersfeld, der logistischen Mitte Deutschlands, vor Laden\u00f6ffnung in Ihre Buchhandlung. Die Ware ist verkaufsfertig etikettiert und sortiert. Die B\u00fccher erhalten Sie in unseren grauen Mehrwegbeh\u00e4ltern, den bekannten stapelbaren \u201eB\u00fccherwannen\u201c, \u2013 das spart Platz und Verpackungsm\u00fcll.<\/span><\/span><\/p>\n<p>In eigenen Tourenfahrzeugen sorgt Booxpress f\u00fcr eine schnelle Belieferung mit den Wunschtiteln.<\/p>\n<ul>\n<li><strong>22 regionale Umschlagpl\u00e4tze<\/strong><\/li>\n<li>bis zu <strong>400 Tourenfahrzeuge<\/strong> t\u00e4glich im Einsatz<\/li>\n<li><strong>GPS-Einsatz<\/strong> zur Tourensicherung<\/li>\n<li>Zustellung von Montag bis Samstag <strong>vor Laden\u00f6ffnung<\/strong><\/li>\n<li><strong>gemeinsamer Transport<\/strong> von Barsortiment und Verlegerbeischluss<\/li>\n<\/ul>\n          <\/div>\r\n\r\n          \r\n          \r\n        <\/div>\r\n        \r\n      <\/div>\r\n\r\n    \r\n  <\/div>\r\n<\/div>\r\n\r\n\n\n\r\n<div id=\"libri-direkt\" class=\"block-anchor\" data-title=\"Libri.Direkt\" >\r\n\r\n  <\/div>\r\n\r\n\n\n\r\n<div id=\"text-block_f1fe87d045cfcf70059595b145f3d04b\" class=\"block-text module type-text bc-light-gray\">\r\n  <div class=\"container\">\r\n\r\n    \r\n      <div class=\"row \">\r\n\r\n        \r\n        <div class=\"col-12 col-md-10\">\r\n\r\n                      <h2 class=\"title\">Libri.Direkt &#8211; unser Versandservice<\/h2>\r\n          \r\n          <div class=\"text for-box-js\">\r\n            <p><span class=\"TextRun SCXW135434662 BCX9\" lang=\"DE-DE\" xml:lang=\"DE-DE\" data-contrast=\"auto\"><span class=\"NormalTextRun SCXW135434662 BCX9\">Wir versenden durch die Buchhandlung bei Libri bestellte B\u00fccher in Ihrem Namen direkt an Privat- oder B\u00fcroadressen. Eine Versand- und Lieferbest\u00e4tigung erfolgt direkt an die Buchhandlung, die anschlie\u00dfend die Rechnungsstellung \u00fcbernimmt.<\/span><\/span><span class=\"EOP SCXW135434662 BCX9\" data-ccp-props=\"{&quot;201341983&quot;:0,&quot;335559740&quot;:259}\">\u00a0<\/span><\/p>\n          <\/div>\r\n\r\n                      <div class=\"cta\">\r\n              <a \r\n                class=\"bttn-secondary icn-no\" \r\n                href=\"https:\/\/www.libri.de\/de\/fuer-den-handel\/ecommerce\/libri-direkt\/\" \r\n                target=\"_self\"\r\n                >\r\n                Mehr zum Versandservice              <\/a>\r\n            <\/div>\r\n          \r\n          \r\n        <\/div>\r\n        \r\n      <\/div>\r\n\r\n    \r\n  <\/div>\r\n<\/div>\r\n\r\n\n\n\r\n<div id=\"space-block_70febca24ba74fcc39a538c428294885\" class=\"block-space module bc-trans\" style=\"height: 48px;\"><\/div>\n\n\r\n<div id=\"space-block_70febca24ba74fcc39a538c428294885\" class=\"block-space module bc-trans\" style=\"height: 48px;\"><\/div>\n\n\r\n<div id=\"go-back-block_bf0769b581f96470320e1df5f6556cb7\" class=\"block-go-back module bc-green-2\">\r\n  <div class=\"container\">\r\n\r\n    <a href=\"javascript:history.back()\" class=\"bttn-secondary go-back-link\">\r\n      <span class=\"arrow-left\"><\/span>Zur\u00fcck zur \u00dcbersicht    <\/a>\r\n\r\n  <\/div>\r\n<\/div>\r\n\r\n","protected":false},"excerpt":{"rendered":"<p>Wir sind clever unterwegs \u2013 direkt zu Ihnen und Ihren Kund*innen.<\/p>\n","protected":false},"author":33,"featured_media":33250,"parent":80976,"menu_order":0,"comment_status":"closed","ping_status":"closed","template":"","meta":{"_acf_changed":false,"footnotes":""},"class_list":["post-32786","page","type-page","status-publish","has-post-thumbnail","hentry"],"acf":[],"yoast_head":"<!-- This site is optimized with the Yoast SEO plugin v27.0 - https:\/\/yoast.com\/product\/yoast-seo-wordpress\/ -->\n<title>Transport | Libri GmbH<\/title>\n<meta name=\"robots\" content=\"index, follow, max-snippet:-1, max-image-preview:large, max-video-preview:-1\" \/>\n<link rel=\"canonical\" href=\"https:\/\/www.libri.de\/de\/fuer-den-handel\/transport\/\" \/>\n<meta property=\"og:locale\" content=\"de_DE\" \/>\n<meta property=\"og:type\" content=\"article\" \/>\n<meta property=\"og:title\" content=\"Transport | Libri GmbH\" \/>\n<meta property=\"og:description\" content=\"Wir sind clever unterwegs \u2013 direkt zu Ihnen und Ihren Kund*innen.\" \/>\n<meta property=\"og:url\" content=\"https:\/\/www.libri.de\/de\/fuer-den-handel\/transport\/\" \/>\n<meta property=\"og:site_name\" content=\"Libri GmbH\" \/>\n<meta property=\"article:publisher\" content=\"https:\/\/www.facebook.com\/libribarsortiment\" \/>\n<meta property=\"article:modified_time\" content=\"2026-02-20T07:52:04+00:00\" \/>\n<meta property=\"og:image\" content=\"https:\/\/www.libri.de\/wp-content\/uploads\/2021\/11\/Logistik_Libri_Leistungen.jpg\" \/>\n\t<meta property=\"og:image:width\" content=\"1990\" \/>\n\t<meta property=\"og:image:height\" content=\"1100\" \/>\n\t<meta property=\"og:image:type\" content=\"image\/jpeg\" \/>\n<meta name=\"twitter:card\" content=\"summary_large_image\" \/>\n<meta name=\"twitter:label1\" content=\"Gesch\u00e4tzte Lesezeit\" \/>\n\t<meta name=\"twitter:data1\" content=\"1\u00a0Minute\" \/>\n<script type=\"application\/ld+json\" class=\"yoast-schema-graph\">{\"@context\":\"https:\/\/schema.org\",\"@graph\":[{\"@type\":\"WebPage\",\"@id\":\"https:\/\/www.libri.de\/de\/fuer-den-handel\/transport\/\",\"url\":\"https:\/\/www.libri.de\/de\/fuer-den-handel\/transport\/\",\"name\":\"Transport | Libri GmbH\",\"isPartOf\":{\"@id\":\"https:\/\/www.libri.de\/fr\/#website\"},\"primaryImageOfPage\":{\"@id\":\"https:\/\/www.libri.de\/de\/fuer-den-handel\/transport\/#primaryimage\"},\"image\":{\"@id\":\"https:\/\/www.libri.de\/de\/fuer-den-handel\/transport\/#primaryimage\"},\"thumbnailUrl\":\"https:\/\/www.libri.de\/wp-content\/uploads\/2021\/11\/Logistik_Libri_Leistungen.jpg\",\"datePublished\":\"2021-11-23T14:27:26+00:00\",\"dateModified\":\"2026-02-20T07:52:04+00:00\",\"breadcrumb\":{\"@id\":\"https:\/\/www.libri.de\/de\/fuer-den-handel\/transport\/#breadcrumb\"},\"inLanguage\":\"de\",\"potentialAction\":[{\"@type\":\"ReadAction\",\"target\":[\"https:\/\/www.libri.de\/de\/fuer-den-handel\/transport\/\"]}]},{\"@type\":\"ImageObject\",\"inLanguage\":\"de\",\"@id\":\"https:\/\/www.libri.de\/de\/fuer-den-handel\/transport\/#primaryimage\",\"url\":\"https:\/\/www.libri.de\/wp-content\/uploads\/2021\/11\/Logistik_Libri_Leistungen.jpg\",\"contentUrl\":\"https:\/\/www.libri.de\/wp-content\/uploads\/2021\/11\/Logistik_Libri_Leistungen.jpg\",\"width\":1990,\"height\":1100,\"caption\":\"Logisitk Nachtsprung Libri Barsortiment\"},{\"@type\":\"BreadcrumbList\",\"@id\":\"https:\/\/www.libri.de\/de\/fuer-den-handel\/transport\/#breadcrumb\",\"itemListElement\":[{\"@type\":\"ListItem\",\"position\":1,\"name\":\"Start\",\"item\":\"https:\/\/www.libri.de\/de\/\"},{\"@type\":\"ListItem\",\"position\":2,\"name\":\"F\u00fcr den Handel\",\"item\":\"https:\/\/www.libri.de\/de\/fuer-den-handel\/\"},{\"@type\":\"ListItem\",\"position\":3,\"name\":\"Transport\"}]},{\"@type\":\"WebSite\",\"@id\":\"https:\/\/www.libri.de\/fr\/#website\",\"url\":\"https:\/\/www.libri.de\/fr\/\",\"name\":\"Libri GmbH\",\"description\":\"Barsortiment und Gro\u00dfhandel f\u00fcr B\u00fccher und andere Medien\",\"publisher\":{\"@id\":\"https:\/\/www.libri.de\/fr\/#organization\"},\"potentialAction\":[{\"@type\":\"SearchAction\",\"target\":{\"@type\":\"EntryPoint\",\"urlTemplate\":\"https:\/\/www.libri.de\/fr\/?s={search_term_string}\"},\"query-input\":{\"@type\":\"PropertyValueSpecification\",\"valueRequired\":true,\"valueName\":\"search_term_string\"}}],\"inLanguage\":\"de\"},{\"@type\":\"Organization\",\"@id\":\"https:\/\/www.libri.de\/fr\/#organization\",\"name\":\"Libri\",\"url\":\"https:\/\/www.libri.de\/fr\/\",\"logo\":{\"@type\":\"ImageObject\",\"inLanguage\":\"de\",\"@id\":\"https:\/\/www.libri.de\/fr\/#\/schema\/logo\/image\/\",\"url\":\"https:\/\/188.64.195.32\/wp-content\/uploads\/2022\/04\/libri_logo-1.jpg\",\"contentUrl\":\"https:\/\/188.64.195.32\/wp-content\/uploads\/2022\/04\/libri_logo-1.jpg\",\"width\":2000,\"height\":1000,\"caption\":\"Libri\"},\"image\":{\"@id\":\"https:\/\/www.libri.de\/fr\/#\/schema\/logo\/image\/\"},\"sameAs\":[\"https:\/\/www.facebook.com\/libribarsortiment\",\"https:\/\/www.instagram.com\/libri.barsortiment\",\"https:\/\/www.linkedin.com\/company\/libri-gmbh\"]}]}<\/script>\n<!-- \/ Yoast SEO plugin. -->","yoast_head_json":{"title":"Transport | Libri GmbH","robots":{"index":"index","follow":"follow","max-snippet":"max-snippet:-1","max-image-preview":"max-image-preview:large","max-video-preview":"max-video-preview:-1"},"canonical":"https:\/\/www.libri.de\/de\/fuer-den-handel\/transport\/","og_locale":"de_DE","og_type":"article","og_title":"Transport | Libri GmbH","og_description":"Wir sind clever unterwegs \u2013 direkt zu Ihnen und Ihren Kund*innen.","og_url":"https:\/\/www.libri.de\/de\/fuer-den-handel\/transport\/","og_site_name":"Libri GmbH","article_publisher":"https:\/\/www.facebook.com\/libribarsortiment","article_modified_time":"2026-02-20T07:52:04+00:00","og_image":[{"width":1990,"height":1100,"url":"https:\/\/www.libri.de\/wp-content\/uploads\/2021\/11\/Logistik_Libri_Leistungen.jpg","type":"image\/jpeg"}],"twitter_card":"summary_large_image","twitter_misc":{"Gesch\u00e4tzte Lesezeit":"1\u00a0Minute"},"schema":{"@context":"https:\/\/schema.org","@graph":[{"@type":"WebPage","@id":"https:\/\/www.libri.de\/de\/fuer-den-handel\/transport\/","url":"https:\/\/www.libri.de\/de\/fuer-den-handel\/transport\/","name":"Transport | Libri GmbH","isPartOf":{"@id":"https:\/\/www.libri.de\/fr\/#website"},"primaryImageOfPage":{"@id":"https:\/\/www.libri.de\/de\/fuer-den-handel\/transport\/#primaryimage"},"image":{"@id":"https:\/\/www.libri.de\/de\/fuer-den-handel\/transport\/#primaryimage"},"thumbnailUrl":"https:\/\/www.libri.de\/wp-content\/uploads\/2021\/11\/Logistik_Libri_Leistungen.jpg","datePublished":"2021-11-23T14:27:26+00:00","dateModified":"2026-02-20T07:52:04+00:00","breadcrumb":{"@id":"https:\/\/www.libri.de\/de\/fuer-den-handel\/transport\/#breadcrumb"},"inLanguage":"de","potentialAction":[{"@type":"ReadAction","target":["https:\/\/www.libri.de\/de\/fuer-den-handel\/transport\/"]}]},{"@type":"ImageObject","inLanguage":"de","@id":"https:\/\/www.libri.de\/de\/fuer-den-handel\/transport\/#primaryimage","url":"https:\/\/www.libri.de\/wp-content\/uploads\/2021\/11\/Logistik_Libri_Leistungen.jpg","contentUrl":"https:\/\/www.libri.de\/wp-content\/uploads\/2021\/11\/Logistik_Libri_Leistungen.jpg","width":1990,"height":1100,"caption":"Logisitk Nachtsprung Libri Barsortiment"},{"@type":"BreadcrumbList","@id":"https:\/\/www.libri.de\/de\/fuer-den-handel\/transport\/#breadcrumb","itemListElement":[{"@type":"ListItem","position":1,"name":"Start","item":"https:\/\/www.libri.de\/de\/"},{"@type":"ListItem","position":2,"name":"F\u00fcr den Handel","item":"https:\/\/www.libri.de\/de\/fuer-den-handel\/"},{"@type":"ListItem","position":3,"name":"Transport"}]},{"@type":"WebSite","@id":"https:\/\/www.libri.de\/fr\/#website","url":"https:\/\/www.libri.de\/fr\/","name":"Libri GmbH","description":"Barsortiment und Gro\u00dfhandel f\u00fcr B\u00fccher und andere Medien","publisher":{"@id":"https:\/\/www.libri.de\/fr\/#organization"},"potentialAction":[{"@type":"SearchAction","target":{"@type":"EntryPoint","urlTemplate":"https:\/\/www.libri.de\/fr\/?s={search_term_string}"},"query-input":{"@type":"PropertyValueSpecification","valueRequired":true,"valueName":"search_term_string"}}],"inLanguage":"de"},{"@type":"Organization","@id":"https:\/\/www.libri.de\/fr\/#organization","name":"Libri","url":"https:\/\/www.libri.de\/fr\/","logo":{"@type":"ImageObject","inLanguage":"de","@id":"https:\/\/www.libri.de\/fr\/#\/schema\/logo\/image\/","url":"https:\/\/188.64.195.32\/wp-content\/uploads\/2022\/04\/libri_logo-1.jpg","contentUrl":"https:\/\/188.64.195.32\/wp-content\/uploads\/2022\/04\/libri_logo-1.jpg","width":2000,"height":1000,"caption":"Libri"},"image":{"@id":"https:\/\/www.libri.de\/fr\/#\/schema\/logo\/image\/"},"sameAs":["https:\/\/www.facebook.com\/libribarsortiment","https:\/\/www.instagram.com\/libri.barsortiment","https:\/\/www.linkedin.com\/company\/libri-gmbh"]}]}},"_links":{"self":[{"href":"https:\/\/www.libri.de\/de\/wp-json\/wp\/v2\/pages\/32786","targetHints":{"allow":["GET"]}}],"collection":[{"href":"https:\/\/www.libri.de\/de\/wp-json\/wp\/v2\/pages"}],"about":[{"href":"https:\/\/www.libri.de\/de\/wp-json\/wp\/v2\/types\/page"}],"author":[{"embeddable":true,"href":"https:\/\/www.libri.de\/de\/wp-json\/wp\/v2\/users\/33"}],"replies":[{"embeddable":true,"href":"https:\/\/www.libri.de\/de\/wp-json\/wp\/v2\/comments?post=32786"}],"version-history":[{"count":3,"href":"https:\/\/www.libri.de\/de\/wp-json\/wp\/v2\/pages\/32786\/revisions"}],"predecessor-version":[{"id":87403,"href":"https:\/\/www.libri.de\/de\/wp-json\/wp\/v2\/pages\/32786\/revisions\/87403"}],"up":[{"embeddable":true,"href":"https:\/\/www.libri.de\/de\/wp-json\/wp\/v2\/pages\/80976"}],"wp:featuredmedia":[{"embeddable":true,"href":"https:\/\/www.libri.de\/de\/wp-json\/wp\/v2\/media\/33250"}],"wp:attachment":[{"href":"https:\/\/www.libri.de\/de\/wp-json\/wp\/v2\/media?parent=32786"}],"curies":[{"name":"wp","href":"https:\/\/api.w.org\/{rel}","templated":true}]}}