{"id":32777,"date":"2021-11-23T15:40:43","date_gmt":"2021-11-23T13:40:43","guid":{"rendered":"https:\/\/www.libri.de\/?page_id=32777"},"modified":"2025-10-13T12:45:17","modified_gmt":"2025-10-13T10:45:17","slug":"grosshandel","status":"publish","type":"page","link":"https:\/\/www.libri.de\/de\/fuer-den-handel\/grosshandel\/","title":{"rendered":"Gro\u00dfhandel"},"content":{"rendered":"\r\n<div id=\"header-block_23612d9e6d6b327d6f05a9ff9f62758e\" class=\"block-header module type-big bc-blue c-white-imp\">\r\n  <div class=\"container\">\r\n\r\n    <p id=\"breadcrumbs\"><span><span><a href=\"https:\/\/www.libri.de\/de\/\">Start<\/a><\/span><\/span><\/p>    \r\n    \r\n              <div class=\"image\">\r\n          <img decoding=\"async\" width=\"1990\" height=\"1100\" src=\"https:\/\/www.libri.de\/wp-content\/uploads\/2021\/11\/Libri_Grosshandel_Barsortiment.jpg\" class=\"attachment-2048x2048 size-2048x2048\" alt=\"Das Libri Lager f\u00fcr den Gro\u00dfhandel mit vielen verschiedenen Produkten in sortierten Regalen\" srcset=\"https:\/\/www.libri.de\/wp-content\/uploads\/2021\/11\/Libri_Grosshandel_Barsortiment.jpg 1990w, https:\/\/www.libri.de\/wp-content\/uploads\/2021\/11\/Libri_Grosshandel_Barsortiment-300x166.jpg 300w, https:\/\/www.libri.de\/wp-content\/uploads\/2021\/11\/Libri_Grosshandel_Barsortiment-1024x566.jpg 1024w, https:\/\/www.libri.de\/wp-content\/uploads\/2021\/11\/Libri_Grosshandel_Barsortiment-768x425.jpg 768w, https:\/\/www.libri.de\/wp-content\/uploads\/2021\/11\/Libri_Grosshandel_Barsortiment-1536x849.jpg 1536w\" sizes=\"(max-width: 1990px) 100vw, 1990px\" \/>        <\/div>\r\n      \r\n      <div class=\"row\">\r\n        <div class=\"col-12 col-md-10 title\">\r\n          <h1 class=\"\">Gro\u00dfhandel<\/h1>\r\n        <\/div>\r\n\r\n        <div class=\"col-12 col-md-10 text\">\r\n          <p>Libri bietet Ihnen das gr\u00f6\u00dfte Barsortimentsangebot im deutschen Buchmarkt.<\/p>\r\n        <\/div>\r\n      <\/div>\r\n\r\n      \r\n  <\/div>\r\n<\/div>\r\n\r\n\n\n\r\n<div id=\"anchor-nav-block_11be42901b61aae4894573667ca38711\" class=\"block-anchor-nav module bc-blue c-white-imp\"  >\r\n\r\n      <div class=\"container\"><div class=\"line\"><\/div><\/div>\r\n    \r\n    <div class=\"container\">\r\n      <div class=\"p-relative\">\r\n        <div class=\"arrow left\"><\/div>\r\n        <div class=\"arrow right\"><\/div>\r\n      <\/div>\r\n      <div class=\"overflow-x-auto\">\r\n        <div class=\"d-flex anchor-nav\" data-class=\"anchor-nav-entry\"><\/div>\r\n      <\/div>\r\n    <\/div>\r\n\r\n  <\/div>\r\n\r\n\n\n\r\n<div id=\"space-block_2f6a52fc9e0ef34c8d6200d45a338503\" class=\"block-space module bc-trans\" style=\"height: 48px;\"><\/div>\n\n\r\n<div id=\"grosshandel\" class=\"block-anchor\" data-title=\"Gro\u00dfhandel\" >\r\n\r\n  <\/div>\r\n\r\n\n\n\r\n<div id=\"text-block_2a395af1da44f022e3bad1cdbb09388a\" class=\"block-text module type-text bc-trans\">\r\n  <div class=\"container\">\r\n\r\n    \r\n      <div class=\"row \">\r\n\r\n        \r\n        <div class=\"col-12 col-md-10\">\r\n\r\n                      <h2 class=\"title\">Der Gro\u00dfhandel<\/h2>\r\n          \r\n          <div class=\"text for-box-js\">\r\n            <p>Zum richtigen Zeitpunkt die richtigen B\u00fccher in der richtigen Menge an der richtigen Buchhandlung abzuliefern war und ist unsere Kernaufgabe als Barsortiment und Buchgro\u00dfh\u00e4ndler. Vom Katalog und professionellen Warenwirtschaftssystemen \u00fcber Zentrallager und die Logistik bis hin zu verkaufsf\u00f6rdernden Ma\u00dfnahmen leistet Libri echten\u00a0Full-Service.<\/p>\n<p>In unserem Lager in Bad Hersfeld werden je nach Saison 10 bis 12 Mio. B\u00fccher gelagert, nach Kundenbestellung kommissioniert und von unserem Transportunternehmen Booxpress fl\u00e4chendeckend \u00fcber Nacht zugestellt.<\/p>\n<p>Das Libri-Lagerspektrum umfasst den kompletten deutschen Buchmarkt. Deutlich \u00fcber 95 % des allt\u00e4glichen Bedarfs einer Buchhandlung lassen sich \u00fcber Libri abdecken.<\/p>\n<p>Mit <a href=\"https:\/\/www.libri.de\/de\/fuer-verlage\/libri-print-on-demand\/\">Libri Print-on-Demand<\/a> k\u00f6nnen den Verlagen Millionen Titel \u00fcber Nacht zur Verf\u00fcgung gestellt werden. Das Titelangebot w\u00e4chst stetig weiter.<\/p>\n          <\/div>\r\n\r\n          \r\n          \r\n        <\/div>\r\n        \r\n      <\/div>\r\n\r\n    \r\n  <\/div>\r\n<\/div>\r\n\r\n\n\n\r\n<div id=\"besorgungstitel\" class=\"block-anchor\" data-title=\"Besorgungstitel\" >\r\n\r\n  <\/div>\r\n\r\n\n\n\r\n<div id=\"text-block_2a7a6eac5bcab699fff30d775ba66a31\" class=\"block-text module type-text bc-trans\">\r\n  <div class=\"container\">\r\n\r\n    \r\n      <div class=\"row \">\r\n\r\n        \r\n        <div class=\"col-12 col-md-10\">\r\n\r\n                      <h2 class=\"title\">Besorgungstitel<\/h2>\r\n          \r\n          <div class=\"text for-box-js\">\r\n            <p>Mehrere Millionen Besorgungstitel\u00a0aus der ganzen\u00a0Buchwelt bestellen wir Ihnen und liefern sie\u00a0zusammen mit\u00a0Ihrer n\u00e4chsten\u00a0Barsortimentslieferung aus.<\/p>\n          <\/div>\r\n\r\n          \r\n          \r\n        <\/div>\r\n        \r\n      <\/div>\r\n\r\n    \r\n  <\/div>\r\n<\/div>\r\n\r\n\n\n\r\n<div id=\"ebooks\" class=\"block-anchor\" data-title=\"eBooks\" >\r\n\r\n  <\/div>\r\n\r\n\n\n\r\n<div id=\"text-block_5b6ff613d3956f46a0174476c487fb75\" class=\"block-text module type-text bc-trans\">\r\n  <div class=\"container\">\r\n\r\n    \r\n      <div class=\"row \">\r\n\r\n        \r\n        <div class=\"col-12 col-md-10\">\r\n\r\n                      <h2 class=\"title\">Mit eBooks handeln<\/h2>\r\n          \r\n          <div class=\"text for-box-js\">\r\n            <p>Als eBook-Gro\u00dfh\u00e4ndler bietet Libri Buchh\u00e4ndler*innen mit eigenen Shopl\u00f6sungen, den Mitgliedern der tolino-Allianz und auch dem station\u00e4ren Handel passende Vertriebswege.<\/p>\n          <\/div>\r\n\r\n                      <div class=\"cta\">\r\n              <a \r\n                class=\"bttn-secondary icn-no\" \r\n                href=\"https:\/\/www.libri.de\/de\/fuer-den-handel\/grosshandel\/ebook-grosshaendler\/\" \r\n                target=\"_self\"\r\n                >\r\n                Mehr dazu              <\/a>\r\n            <\/div>\r\n          \r\n          \r\n        <\/div>\r\n        \r\n      <\/div>\r\n\r\n    \r\n  <\/div>\r\n<\/div>\r\n\r\n\n\n\r\n<div id=\"go-back-block_138d8bb82a15b36c35fb9f4d511eac2f\" class=\"block-go-back module bc-trans\">\r\n  <div class=\"container\">\r\n\r\n    <a href=\"javascript:history.back()\" class=\"bttn-secondary go-back-link\">\r\n      <span class=\"arrow-left\"><\/span>Zur\u00fcck zur \u00dcbersicht    <\/a>\r\n\r\n  <\/div>\r\n<\/div>\r\n\r\n","protected":false},"excerpt":{"rendered":"<p>Libri bietet Ihnen das gr\u00f6\u00dfte Barsortimentsangebot im deutschen Buchmarkt.<\/p>\n","protected":false},"author":33,"featured_media":33373,"parent":80976,"menu_order":0,"comment_status":"closed","ping_status":"closed","template":"","meta":{"_acf_changed":false,"footnotes":""},"class_list":["post-32777","page","type-page","status-publish","has-post-thumbnail","hentry"],"acf":[],"yoast_head":"<!-- This site is optimized with the Yoast SEO plugin v27.0 - https:\/\/yoast.com\/product\/yoast-seo-wordpress\/ -->\n<title>Gro\u00dfhandel | Libri GmbH<\/title>\n<meta name=\"robots\" content=\"index, follow, max-snippet:-1, max-image-preview:large, max-video-preview:-1\" \/>\n<link rel=\"canonical\" href=\"https:\/\/www.libri.de\/de\/fuer-den-handel\/grosshandel\/\" \/>\n<meta property=\"og:locale\" content=\"de_DE\" \/>\n<meta property=\"og:type\" content=\"article\" \/>\n<meta property=\"og:title\" content=\"Gro\u00dfhandel | Libri GmbH\" \/>\n<meta property=\"og:description\" content=\"Libri bietet Ihnen das gr\u00f6\u00dfte Barsortimentsangebot im deutschen Buchmarkt.\" \/>\n<meta property=\"og:url\" content=\"https:\/\/www.libri.de\/de\/fuer-den-handel\/grosshandel\/\" \/>\n<meta property=\"og:site_name\" content=\"Libri GmbH\" \/>\n<meta property=\"article:publisher\" content=\"https:\/\/www.facebook.com\/libribarsortiment\" \/>\n<meta property=\"article:modified_time\" content=\"2025-10-13T10:45:17+00:00\" \/>\n<meta property=\"og:image\" content=\"https:\/\/www.libri.de\/wp-content\/uploads\/2021\/11\/Libri_Grosshandel_Barsortiment.jpg\" \/>\n\t<meta property=\"og:image:width\" content=\"1990\" \/>\n\t<meta property=\"og:image:height\" content=\"1100\" \/>\n\t<meta property=\"og:image:type\" content=\"image\/jpeg\" \/>\n<meta name=\"twitter:card\" content=\"summary_large_image\" \/>\n<meta name=\"twitter:label1\" content=\"Gesch\u00e4tzte Lesezeit\" \/>\n\t<meta name=\"twitter:data1\" content=\"1\u00a0Minute\" \/>\n<script type=\"application\/ld+json\" class=\"yoast-schema-graph\">{\"@context\":\"https:\/\/schema.org\",\"@graph\":[{\"@type\":\"WebPage\",\"@id\":\"https:\/\/www.libri.de\/de\/fuer-den-handel\/grosshandel\/\",\"url\":\"https:\/\/www.libri.de\/de\/fuer-den-handel\/grosshandel\/\",\"name\":\"Gro\u00dfhandel | Libri GmbH\",\"isPartOf\":{\"@id\":\"https:\/\/www.libri.de\/fr\/#website\"},\"primaryImageOfPage\":{\"@id\":\"https:\/\/www.libri.de\/de\/fuer-den-handel\/grosshandel\/#primaryimage\"},\"image\":{\"@id\":\"https:\/\/www.libri.de\/de\/fuer-den-handel\/grosshandel\/#primaryimage\"},\"thumbnailUrl\":\"https:\/\/www.libri.de\/wp-content\/uploads\/2021\/11\/Libri_Grosshandel_Barsortiment.jpg\",\"datePublished\":\"2021-11-23T13:40:43+00:00\",\"dateModified\":\"2025-10-13T10:45:17+00:00\",\"breadcrumb\":{\"@id\":\"https:\/\/www.libri.de\/de\/fuer-den-handel\/grosshandel\/#breadcrumb\"},\"inLanguage\":\"de\",\"potentialAction\":[{\"@type\":\"ReadAction\",\"target\":[\"https:\/\/www.libri.de\/de\/fuer-den-handel\/grosshandel\/\"]}]},{\"@type\":\"ImageObject\",\"inLanguage\":\"de\",\"@id\":\"https:\/\/www.libri.de\/de\/fuer-den-handel\/grosshandel\/#primaryimage\",\"url\":\"https:\/\/www.libri.de\/wp-content\/uploads\/2021\/11\/Libri_Grosshandel_Barsortiment.jpg\",\"contentUrl\":\"https:\/\/www.libri.de\/wp-content\/uploads\/2021\/11\/Libri_Grosshandel_Barsortiment.jpg\",\"width\":1990,\"height\":1100,\"caption\":\"Das Libri Lager f\u00fcr den Gro\u00dfhandel mit vielen verschiedenen Produkten in sortierten Regalen\"},{\"@type\":\"BreadcrumbList\",\"@id\":\"https:\/\/www.libri.de\/de\/fuer-den-handel\/grosshandel\/#breadcrumb\",\"itemListElement\":[{\"@type\":\"ListItem\",\"position\":1,\"name\":\"Start\",\"item\":\"https:\/\/www.libri.de\/de\/\"},{\"@type\":\"ListItem\",\"position\":2,\"name\":\"F\u00fcr den Handel\",\"item\":\"https:\/\/www.libri.de\/de\/fuer-den-handel\/\"},{\"@type\":\"ListItem\",\"position\":3,\"name\":\"Gro\u00dfhandel\"}]},{\"@type\":\"WebSite\",\"@id\":\"https:\/\/www.libri.de\/fr\/#website\",\"url\":\"https:\/\/www.libri.de\/fr\/\",\"name\":\"Libri GmbH\",\"description\":\"Barsortiment und Gro\u00dfhandel f\u00fcr B\u00fccher und andere Medien\",\"publisher\":{\"@id\":\"https:\/\/www.libri.de\/fr\/#organization\"},\"potentialAction\":[{\"@type\":\"SearchAction\",\"target\":{\"@type\":\"EntryPoint\",\"urlTemplate\":\"https:\/\/www.libri.de\/fr\/?s={search_term_string}\"},\"query-input\":{\"@type\":\"PropertyValueSpecification\",\"valueRequired\":true,\"valueName\":\"search_term_string\"}}],\"inLanguage\":\"de\"},{\"@type\":\"Organization\",\"@id\":\"https:\/\/www.libri.de\/fr\/#organization\",\"name\":\"Libri\",\"url\":\"https:\/\/www.libri.de\/fr\/\",\"logo\":{\"@type\":\"ImageObject\",\"inLanguage\":\"de\",\"@id\":\"https:\/\/www.libri.de\/fr\/#\/schema\/logo\/image\/\",\"url\":\"https:\/\/188.64.195.32\/wp-content\/uploads\/2022\/04\/libri_logo-1.jpg\",\"contentUrl\":\"https:\/\/188.64.195.32\/wp-content\/uploads\/2022\/04\/libri_logo-1.jpg\",\"width\":2000,\"height\":1000,\"caption\":\"Libri\"},\"image\":{\"@id\":\"https:\/\/www.libri.de\/fr\/#\/schema\/logo\/image\/\"},\"sameAs\":[\"https:\/\/www.facebook.com\/libribarsortiment\",\"https:\/\/www.instagram.com\/libri.barsortiment\",\"https:\/\/www.linkedin.com\/company\/libri-gmbh\"]}]}<\/script>\n<!-- \/ Yoast SEO plugin. -->","yoast_head_json":{"title":"Gro\u00dfhandel | Libri GmbH","robots":{"index":"index","follow":"follow","max-snippet":"max-snippet:-1","max-image-preview":"max-image-preview:large","max-video-preview":"max-video-preview:-1"},"canonical":"https:\/\/www.libri.de\/de\/fuer-den-handel\/grosshandel\/","og_locale":"de_DE","og_type":"article","og_title":"Gro\u00dfhandel | Libri GmbH","og_description":"Libri bietet Ihnen das gr\u00f6\u00dfte Barsortimentsangebot im deutschen Buchmarkt.","og_url":"https:\/\/www.libri.de\/de\/fuer-den-handel\/grosshandel\/","og_site_name":"Libri GmbH","article_publisher":"https:\/\/www.facebook.com\/libribarsortiment","article_modified_time":"2025-10-13T10:45:17+00:00","og_image":[{"width":1990,"height":1100,"url":"https:\/\/www.libri.de\/wp-content\/uploads\/2021\/11\/Libri_Grosshandel_Barsortiment.jpg","type":"image\/jpeg"}],"twitter_card":"summary_large_image","twitter_misc":{"Gesch\u00e4tzte Lesezeit":"1\u00a0Minute"},"schema":{"@context":"https:\/\/schema.org","@graph":[{"@type":"WebPage","@id":"https:\/\/www.libri.de\/de\/fuer-den-handel\/grosshandel\/","url":"https:\/\/www.libri.de\/de\/fuer-den-handel\/grosshandel\/","name":"Gro\u00dfhandel | Libri GmbH","isPartOf":{"@id":"https:\/\/www.libri.de\/fr\/#website"},"primaryImageOfPage":{"@id":"https:\/\/www.libri.de\/de\/fuer-den-handel\/grosshandel\/#primaryimage"},"image":{"@id":"https:\/\/www.libri.de\/de\/fuer-den-handel\/grosshandel\/#primaryimage"},"thumbnailUrl":"https:\/\/www.libri.de\/wp-content\/uploads\/2021\/11\/Libri_Grosshandel_Barsortiment.jpg","datePublished":"2021-11-23T13:40:43+00:00","dateModified":"2025-10-13T10:45:17+00:00","breadcrumb":{"@id":"https:\/\/www.libri.de\/de\/fuer-den-handel\/grosshandel\/#breadcrumb"},"inLanguage":"de","potentialAction":[{"@type":"ReadAction","target":["https:\/\/www.libri.de\/de\/fuer-den-handel\/grosshandel\/"]}]},{"@type":"ImageObject","inLanguage":"de","@id":"https:\/\/www.libri.de\/de\/fuer-den-handel\/grosshandel\/#primaryimage","url":"https:\/\/www.libri.de\/wp-content\/uploads\/2021\/11\/Libri_Grosshandel_Barsortiment.jpg","contentUrl":"https:\/\/www.libri.de\/wp-content\/uploads\/2021\/11\/Libri_Grosshandel_Barsortiment.jpg","width":1990,"height":1100,"caption":"Das Libri Lager f\u00fcr den Gro\u00dfhandel mit vielen verschiedenen Produkten in sortierten Regalen"},{"@type":"BreadcrumbList","@id":"https:\/\/www.libri.de\/de\/fuer-den-handel\/grosshandel\/#breadcrumb","itemListElement":[{"@type":"ListItem","position":1,"name":"Start","item":"https:\/\/www.libri.de\/de\/"},{"@type":"ListItem","position":2,"name":"F\u00fcr den Handel","item":"https:\/\/www.libri.de\/de\/fuer-den-handel\/"},{"@type":"ListItem","position":3,"name":"Gro\u00dfhandel"}]},{"@type":"WebSite","@id":"https:\/\/www.libri.de\/fr\/#website","url":"https:\/\/www.libri.de\/fr\/","name":"Libri GmbH","description":"Barsortiment und Gro\u00dfhandel f\u00fcr B\u00fccher und andere Medien","publisher":{"@id":"https:\/\/www.libri.de\/fr\/#organization"},"potentialAction":[{"@type":"SearchAction","target":{"@type":"EntryPoint","urlTemplate":"https:\/\/www.libri.de\/fr\/?s={search_term_string}"},"query-input":{"@type":"PropertyValueSpecification","valueRequired":true,"valueName":"search_term_string"}}],"inLanguage":"de"},{"@type":"Organization","@id":"https:\/\/www.libri.de\/fr\/#organization","name":"Libri","url":"https:\/\/www.libri.de\/fr\/","logo":{"@type":"ImageObject","inLanguage":"de","@id":"https:\/\/www.libri.de\/fr\/#\/schema\/logo\/image\/","url":"https:\/\/188.64.195.32\/wp-content\/uploads\/2022\/04\/libri_logo-1.jpg","contentUrl":"https:\/\/188.64.195.32\/wp-content\/uploads\/2022\/04\/libri_logo-1.jpg","width":2000,"height":1000,"caption":"Libri"},"image":{"@id":"https:\/\/www.libri.de\/fr\/#\/schema\/logo\/image\/"},"sameAs":["https:\/\/www.facebook.com\/libribarsortiment","https:\/\/www.instagram.com\/libri.barsortiment","https:\/\/www.linkedin.com\/company\/libri-gmbh"]}]}},"_links":{"self":[{"href":"https:\/\/www.libri.de\/de\/wp-json\/wp\/v2\/pages\/32777","targetHints":{"allow":["GET"]}}],"collection":[{"href":"https:\/\/www.libri.de\/de\/wp-json\/wp\/v2\/pages"}],"about":[{"href":"https:\/\/www.libri.de\/de\/wp-json\/wp\/v2\/types\/page"}],"author":[{"embeddable":true,"href":"https:\/\/www.libri.de\/de\/wp-json\/wp\/v2\/users\/33"}],"replies":[{"embeddable":true,"href":"https:\/\/www.libri.de\/de\/wp-json\/wp\/v2\/comments?post=32777"}],"version-history":[{"count":2,"href":"https:\/\/www.libri.de\/de\/wp-json\/wp\/v2\/pages\/32777\/revisions"}],"predecessor-version":[{"id":84064,"href":"https:\/\/www.libri.de\/de\/wp-json\/wp\/v2\/pages\/32777\/revisions\/84064"}],"up":[{"embeddable":true,"href":"https:\/\/www.libri.de\/de\/wp-json\/wp\/v2\/pages\/80976"}],"wp:featuredmedia":[{"embeddable":true,"href":"https:\/\/www.libri.de\/de\/wp-json\/wp\/v2\/media\/33373"}],"wp:attachment":[{"href":"https:\/\/www.libri.de\/de\/wp-json\/wp\/v2\/media?parent=32777"}],"curies":[{"name":"wp","href":"https:\/\/api.w.org\/{rel}","templated":true}]}}