{"id":32752,"date":"2021-11-23T14:32:51","date_gmt":"2021-11-23T12:32:51","guid":{"rendered":"https:\/\/www.libri.de\/?page_id=32752"},"modified":"2025-10-13T12:52:42","modified_gmt":"2025-10-13T10:52:42","slug":"fuer-autorinnen-und-autoren","status":"publish","type":"page","link":"https:\/\/www.libri.de\/de\/fuer-verlage\/fuer-autorinnen-und-autoren\/","title":{"rendered":"F\u00fcr Autor*innen"},"content":{"rendered":"\r\n<div id=\"header-block_393ea505078fd53627e0adac6d8ceb9e\" class=\"block-header module type-big bc-blue c-white-imp\">\r\n  <div class=\"container\">\r\n\r\n    <p id=\"breadcrumbs\"><span><span><a href=\"https:\/\/www.libri.de\/de\/\">Start<\/a><\/span><\/span><\/p>    \r\n    \r\n              <div class=\"image\">\r\n          <img decoding=\"async\" width=\"1990\" height=\"1100\" src=\"https:\/\/www.libri.de\/wp-content\/uploads\/2021\/11\/Autoren_Infos_Libri.jpg\" class=\"attachment-2048x2048 size-2048x2048\" alt=\"Infos Autoren Libri BoD\" srcset=\"https:\/\/www.libri.de\/wp-content\/uploads\/2021\/11\/Autoren_Infos_Libri.jpg 1990w, https:\/\/www.libri.de\/wp-content\/uploads\/2021\/11\/Autoren_Infos_Libri-300x166.jpg 300w, https:\/\/www.libri.de\/wp-content\/uploads\/2021\/11\/Autoren_Infos_Libri-1024x566.jpg 1024w, https:\/\/www.libri.de\/wp-content\/uploads\/2021\/11\/Autoren_Infos_Libri-768x425.jpg 768w, https:\/\/www.libri.de\/wp-content\/uploads\/2021\/11\/Autoren_Infos_Libri-1536x849.jpg 1536w\" sizes=\"(max-width: 1990px) 100vw, 1990px\" \/>        <\/div>\r\n      \r\n      <div class=\"row\">\r\n        <div class=\"col-12 col-md-10 title\">\r\n          <h1 class=\"\">F\u00fcr Autor*innen<\/h1>\r\n        <\/div>\r\n\r\n        <div class=\"col-12 col-md-10 text\">\r\n          <p>Hier erhalten Sie Informationen, welche M\u00f6glichkeiten Libri Ihnen als Autor*in bietet. <\/p>\r\n        <\/div>\r\n      <\/div>\r\n\r\n      \r\n  <\/div>\r\n<\/div>\r\n\r\n\n\n\r\n<div id=\"accordion-block_fc51c668e60c63f0372d9c80dd8cfd0c\" class=\"block-accordion-entry type-default\">\r\n  <div class=\"container hr\"><\/div>\r\n  <div class=\"accordion-entry-content \">\r\n    \r\n    <div class=\"accordion-toggler container\">\r\n      <div class=\"row\">\r\n\r\n        <div class=\"col-11 col-md-10 acco-title\">\r\n          <h3 class=\"h4\">Wie liste ich als Autor*in mein Buch bei Libri f\u00fcr Bestellungen von Buchhandlungen? <\/h3>\r\n        <\/div>\r\n\r\n        <div class=\"d-none d-md-block col-1\"><\/div>\r\n\r\n        <div class=\"col-12 col-md-10 acco-excerpt\">\r\n          <p class=\"m-0\">Der einfachste Weg f\u00fcr Ihr Buch in den Buchhandel ist \u00fcber unsere Schwester BoD &#8211; f\u00fchrender Spezialist im Bereich der digitalen Buchpublikation und im Self-Publishing.<\/p>\r\n        <\/div>\r\n\r\n        <img decoding=\"async\" class=\"accordion-arrow\" src=\"https:\/\/www.libri.de\/wp-content\/themes\/libri\/img\/arrow.svg\">\r\n\r\n      <\/div>\r\n    <\/div>\r\n\r\n    <div class=\"accordion-menu \" >\r\n      <div class=\"accordion\">\r\n\r\n        \r\n          <div class=\"container\">\r\n            <div class=\"row\">\r\n              <div class=\"col-12 col-md-10\">\r\n                                  <p class=\"acco-text\">Mit BoD ver\u00f6ffentlichen und verkaufen Autor*innen, Verlage und Unternehmen ihre B\u00fccher und E-Books im Buchhandel. Diese werden in allen wichtigen Katalogen der Buchgro\u00dfh\u00e4ndler Libri, Umbreit, Zeitfracht und dem Verzeichnis Lieferbarer B\u00fccher (VLB) erh\u00e4ltlich gef\u00fchrt und innerhalb kurzer Zeit in hoher Qualit\u00e4t produziert, sobald eine Bestellung eintrifft. BoD-Titel sind fl\u00e4chendeckend im deutschsprachigen Buchhandel und in bis zu 1.000 Online-Shops verf\u00fcgbar. Die ISBN-Vergabe und die Lieferung der Pflichtexemplare an die Nationalbibliothek sind bei BoD in das Selfpublishing Angebot integriert. <br \/>\r\n<br \/>\r\nIn der Kombination des Barsortiments-Angebotes und der Produktion bei Bedarf in Auflage 1 sparen Autor*innen nicht nur die Kosten f\u00fcr Lagerhaltung und Bestandsverwaltung, sondern reduzieren auch Ihren Kapitaleinsatz und damit Ihr unternehmerisches Risiko. Diese Vorteile von BoD nutzen bereits eine Vielzahl von Verlagen (Suhrkamp, Bastei L\u00fcbbe, Springer, De Gruyter..). <\/p>\r\n                              <\/div>\r\n            <\/div>\r\n          <\/div>\r\n\r\n          \n\r\n<div id=\"teaser-small-block_d34a8cba6db209539707c99116154804\" class=\"block-teaser-small bc-green-2\">\r\n\r\n  <div class=\"container\">\r\n\r\n    <a href=\"https:\/\/www.bod.de\/\" target=\"_blank\" class=\"d-flex align-items-center justify-content-center flex-column flex-md-row\">\r\n\r\n              <div class=\"icon\">\r\n          <img decoding=\"async\" width=\"24\" height=\"24\" src=\"https:\/\/www.libri.de\/wp-content\/uploads\/2021\/11\/menu_book_white_24dp.svg\" class=\"attachment-thumbnail size-thumbnail\" alt=\"\" \/>        <\/div>\r\n      \r\n      <div class=\"text\">\r\n        <h3 class=\"title\">Zu BoD<\/h3>\r\n        <p>Alle weiteren Informationen zur digitalen Buchpublikation und zum Self-Publishing finden Sie auf der Website von BoD.<\/p>      <\/div>\r\n\r\n      <div class=\"teaser-arrow\"><\/div>\r\n\r\n    <\/a>\r\n\r\n  <\/div>\r\n<\/div>\r\n\r\n\n\r\n\r\n        \r\n      <\/div>\r\n    <\/div>\r\n\r\n  <\/div>\r\n  <div class=\"container hr\"><\/div>\r\n<\/div>\r\n\r\n\n\n\r\n<div id=\"accordion-block_adaaefd414924f33af235e2cffbc42db\" class=\"block-accordion-entry type-default\">\r\n  <div class=\"container hr\"><\/div>\r\n  <div class=\"accordion-entry-content \">\r\n    \r\n    <div class=\"accordion-toggler container\">\r\n      <div class=\"row\">\r\n\r\n        <div class=\"col-11 col-md-10 acco-title\">\r\n          <h3 class=\"h4\">Wenn BoD nicht meine Buchausstattung abdeckt, kann ich dann einen direkten Vertrag vereinbaren? <\/h3>\r\n        <\/div>\r\n\r\n        <div class=\"d-none d-md-block col-1\"><\/div>\r\n\r\n        <div class=\"col-12 col-md-10 acco-excerpt\">\r\n          <p class=\"m-0\">In Einzelf\u00e4llen ist dies m\u00f6glich.<\/p>\r\n        <\/div>\r\n\r\n        <img decoding=\"async\" class=\"accordion-arrow\" src=\"https:\/\/www.libri.de\/wp-content\/themes\/libri\/img\/arrow.svg\">\r\n\r\n      <\/div>\r\n    <\/div>\r\n\r\n    <div class=\"accordion-menu \" >\r\n      <div class=\"accordion\">\r\n\r\n        \r\n          <div class=\"container\">\r\n            <div class=\"row\">\r\n              <div class=\"col-12 col-md-10\">\r\n                                  <p class=\"acco-text\">Es erfolgt eine individuelle Pr\u00fcfung Ihres Anliegen. <\/p>\r\n                              <\/div>\r\n            <\/div>\r\n          <\/div>\r\n\r\n          \r\n\r\n        \r\n      <\/div>\r\n    <\/div>\r\n\r\n  <\/div>\r\n  <div class=\"container hr\"><\/div>\r\n<\/div>\r\n\r\n\n\n\r\n<div id=\"accordion-block_f8381f6530c7ff46fb834a531ea59cc7\" class=\"block-accordion-entry type-default\">\r\n  <div class=\"container hr\"><\/div>\r\n  <div class=\"accordion-entry-content \">\r\n    \r\n    <div class=\"accordion-toggler container\">\r\n      <div class=\"row\">\r\n\r\n        <div class=\"col-11 col-md-10 acco-title\">\r\n          <h3 class=\"h4\">Was f\u00fcr Kriterien muss ich erf\u00fcllen, damit ich einen Lieferantenvertrag f\u00fcr mein Buch bei Libri erhalte? <\/h3>\r\n        <\/div>\r\n\r\n        <div class=\"d-none d-md-block col-1\"><\/div>\r\n\r\n        <div class=\"col-12 col-md-10 acco-excerpt\">\r\n          <p class=\"m-0\">Daf\u00fcr sind verschiedene Kriterien ausschlaggebend.<\/p>\r\n        <\/div>\r\n\r\n        <img decoding=\"async\" class=\"accordion-arrow\" src=\"https:\/\/www.libri.de\/wp-content\/themes\/libri\/img\/arrow.svg\">\r\n\r\n      <\/div>\r\n    <\/div>\r\n\r\n    <div class=\"accordion-menu \" >\r\n      <div class=\"accordion\">\r\n\r\n        \r\n          <div class=\"container\">\r\n            <div class=\"row\">\r\n              <div class=\"col-12 col-md-10\">\r\n                              <\/div>\r\n            <\/div>\r\n          <\/div>\r\n\r\n          \n\r\n<div id=\"text-block_d5defb620a28f50d5e3c4096c175ef9d\" class=\"block-text module type-text bc-trans\">\r\n  <div class=\"container\">\r\n\r\n    \r\n      <div class=\"row \">\r\n\r\n        \r\n        <div class=\"col-12 col-md-10\">\r\n\r\n          \r\n          <div class=\"text for-box-js\">\r\n            <p>Ich muss bereits mehrere B\u00fccher ver\u00f6ffentlicht haben, die Titel m\u00fcssen in unser Portfolio passen und die Erfordernisse (<a href=\"https:\/\/www.libri.de\/de\/informationen-fuer-verlage\/\" target=\"_blank\" rel=\"noopener\">Informationen f\u00fcr Verlage<\/a>) erf\u00fcllen.<\/p>\n          <\/div>\r\n\r\n          \r\n          \r\n        <\/div>\r\n        \r\n      <\/div>\r\n\r\n    \r\n  <\/div>\r\n<\/div>\r\n\r\n\n\r\n\r\n        \r\n      <\/div>\r\n    <\/div>\r\n\r\n  <\/div>\r\n  <div class=\"container hr\"><\/div>\r\n<\/div>\r\n\r\n\n\n\r\n<div id=\"accordion-block_9403295e1d2ea65135998f5013d1da01\" class=\"block-accordion-entry type-default\">\r\n  <div class=\"container hr\"><\/div>\r\n  <div class=\"accordion-entry-content \">\r\n    \r\n    <div class=\"accordion-toggler container\">\r\n      <div class=\"row\">\r\n\r\n        <div class=\"col-11 col-md-10 acco-title\">\r\n          <h3 class=\"h4\">Wenn mein Buch bei Libri gelistet ist, was bedeutet das f\u00fcr mich? <\/h3>\r\n        <\/div>\r\n\r\n        <div class=\"d-none d-md-block col-1\"><\/div>\r\n\r\n        <div class=\"col-12 col-md-10 acco-excerpt\">\r\n          <p class=\"m-0\">Bitte beachten Sie folgende Punkte.<\/p>\r\n        <\/div>\r\n\r\n        <img decoding=\"async\" class=\"accordion-arrow\" src=\"https:\/\/www.libri.de\/wp-content\/themes\/libri\/img\/arrow.svg\">\r\n\r\n      <\/div>\r\n    <\/div>\r\n\r\n    <div class=\"accordion-menu \" >\r\n      <div class=\"accordion\">\r\n\r\n        \r\n          <div class=\"container\">\r\n            <div class=\"row\">\r\n              <div class=\"col-12 col-md-10\">\r\n                              <\/div>\r\n            <\/div>\r\n          <\/div>\r\n\r\n          \n\r\n<div id=\"text-block_d93e3ca43e68ee92a0dfdf8463459033\" class=\"block-text module type-text bc-trans\">\r\n  <div class=\"container\">\r\n\r\n    \r\n      <div class=\"row \">\r\n\r\n        \r\n        <div class=\"col-12 col-md-10\">\r\n\r\n          \r\n          <div class=\"text for-box-js\">\r\n            <ul>\n<li>Automatisierte Bestellrythmen nach Bedarf mit oft geringer St\u00fcckzahl<\/li>\n<li>Regelm\u00e4\u00dfiger Einzelversand und Rechnungsstellung<\/li>\n<li>Stetige Remissionsvorg\u00e4nge<\/li>\n<li>Ein Absatzkanal neben vielen weiteren<\/li>\n<li>Automatisierte Prozesse, keine individuellen Vereinbarungen<\/li>\n<\/ul>\n          <\/div>\r\n\r\n          \r\n          \r\n        <\/div>\r\n        \r\n      <\/div>\r\n\r\n    \r\n  <\/div>\r\n<\/div>\r\n\r\n\n\r\n\r\n        \r\n      <\/div>\r\n    <\/div>\r\n\r\n  <\/div>\r\n  <div class=\"container hr\"><\/div>\r\n<\/div>\r\n\r\n\n\n\r\n<div id=\"space-block_d1c6db18cf5fe2afe4f31a132283abe9\" class=\"block-space module bc-trans\" style=\"height: 48px;\"><\/div>\n\n\r\n<div id=\"go-back-block_d6164588e5ace4c5078e54423092db23\" class=\"block-go-back module bc-green-2\">\r\n  <div class=\"container\">\r\n\r\n    <a href=\"javascript:history.back()\" class=\"bttn-secondary go-back-link\">\r\n      <span class=\"arrow-left\"><\/span>Zur\u00fcck zur \u00dcbersicht    <\/a>\r\n\r\n  <\/div>\r\n<\/div>\r\n\r\n","protected":false},"excerpt":{"rendered":"<p>Hier erhalten Sie Informationen, welche M\u00f6glichkeiten Libri Ihnen als Autor oder Autorin bietet.<\/p>\n","protected":false},"author":10,"featured_media":34894,"parent":29711,"menu_order":0,"comment_status":"closed","ping_status":"closed","template":"","meta":{"_acf_changed":false,"footnotes":""},"class_list":["post-32752","page","type-page","status-publish","has-post-thumbnail","hentry"],"acf":[],"yoast_head":"<!-- This site is optimized with the Yoast SEO plugin v27.0 - https:\/\/yoast.com\/product\/yoast-seo-wordpress\/ -->\n<title>F\u00fcr Autor*innen | Libri GmbH<\/title>\n<meta name=\"description\" content=\"Wir bieten Ihnen als Libri Informationen und M\u00f6glichkeiten als Autor*in im Bereich Listen, Lieferantenvertrag, Buchausstattung.\" \/>\n<meta name=\"robots\" content=\"index, follow, max-snippet:-1, max-image-preview:large, max-video-preview:-1\" \/>\n<link rel=\"canonical\" href=\"https:\/\/www.libri.de\/de\/fuer-verlage\/fuer-autorinnen-und-autoren\/\" \/>\n<meta property=\"og:locale\" content=\"de_DE\" \/>\n<meta property=\"og:type\" content=\"article\" \/>\n<meta property=\"og:title\" content=\"F\u00fcr Autor*innen | Libri GmbH\" \/>\n<meta property=\"og:description\" content=\"Wir bieten Ihnen als Libri Informationen und M\u00f6glichkeiten als Autor*in im Bereich Listen, Lieferantenvertrag, Buchausstattung.\" \/>\n<meta property=\"og:url\" content=\"https:\/\/www.libri.de\/de\/fuer-verlage\/fuer-autorinnen-und-autoren\/\" \/>\n<meta property=\"og:site_name\" content=\"Libri GmbH\" \/>\n<meta property=\"article:publisher\" content=\"https:\/\/www.facebook.com\/libribarsortiment\" \/>\n<meta property=\"article:modified_time\" content=\"2025-10-13T10:52:42+00:00\" \/>\n<meta property=\"og:image\" content=\"https:\/\/www.libri.de\/wp-content\/uploads\/2021\/12\/Beitragsbild_Libri_mittelblau.jpg\" \/>\n\t<meta property=\"og:image:width\" content=\"1990\" \/>\n\t<meta property=\"og:image:height\" content=\"1100\" \/>\n\t<meta property=\"og:image:type\" content=\"image\/jpeg\" \/>\n<meta name=\"twitter:card\" content=\"summary_large_image\" \/>\n<meta name=\"twitter:label1\" content=\"Gesch\u00e4tzte Lesezeit\" \/>\n\t<meta name=\"twitter:data1\" content=\"1\u00a0Minute\" \/>\n<script type=\"application\/ld+json\" class=\"yoast-schema-graph\">{\"@context\":\"https:\/\/schema.org\",\"@graph\":[{\"@type\":\"WebPage\",\"@id\":\"https:\/\/www.libri.de\/de\/fuer-verlage\/fuer-autorinnen-und-autoren\/\",\"url\":\"https:\/\/www.libri.de\/de\/fuer-verlage\/fuer-autorinnen-und-autoren\/\",\"name\":\"F\u00fcr Autor*innen | Libri GmbH\",\"isPartOf\":{\"@id\":\"https:\/\/www.libri.de\/fr\/#website\"},\"primaryImageOfPage\":{\"@id\":\"https:\/\/www.libri.de\/de\/fuer-verlage\/fuer-autorinnen-und-autoren\/#primaryimage\"},\"image\":{\"@id\":\"https:\/\/www.libri.de\/de\/fuer-verlage\/fuer-autorinnen-und-autoren\/#primaryimage\"},\"thumbnailUrl\":\"https:\/\/www.libri.de\/wp-content\/uploads\/2021\/12\/Beitragsbild_Libri_mittelblau.jpg\",\"datePublished\":\"2021-11-23T12:32:51+00:00\",\"dateModified\":\"2025-10-13T10:52:42+00:00\",\"description\":\"Wir bieten Ihnen als Libri Informationen und M\u00f6glichkeiten als Autor*in im Bereich Listen, Lieferantenvertrag, Buchausstattung.\",\"breadcrumb\":{\"@id\":\"https:\/\/www.libri.de\/de\/fuer-verlage\/fuer-autorinnen-und-autoren\/#breadcrumb\"},\"inLanguage\":\"de\",\"potentialAction\":[{\"@type\":\"ReadAction\",\"target\":[\"https:\/\/www.libri.de\/de\/fuer-verlage\/fuer-autorinnen-und-autoren\/\"]}]},{\"@type\":\"ImageObject\",\"inLanguage\":\"de\",\"@id\":\"https:\/\/www.libri.de\/de\/fuer-verlage\/fuer-autorinnen-und-autoren\/#primaryimage\",\"url\":\"https:\/\/www.libri.de\/wp-content\/uploads\/2021\/12\/Beitragsbild_Libri_mittelblau.jpg\",\"contentUrl\":\"https:\/\/www.libri.de\/wp-content\/uploads\/2021\/12\/Beitragsbild_Libri_mittelblau.jpg\",\"width\":1990,\"height\":1100},{\"@type\":\"BreadcrumbList\",\"@id\":\"https:\/\/www.libri.de\/de\/fuer-verlage\/fuer-autorinnen-und-autoren\/#breadcrumb\",\"itemListElement\":[{\"@type\":\"ListItem\",\"position\":1,\"name\":\"Start\",\"item\":\"https:\/\/www.libri.de\/de\/\"},{\"@type\":\"ListItem\",\"position\":2,\"name\":\"F\u00fcr Verlage\",\"item\":\"https:\/\/www.libri.de\/de\/fuer-verlage\/\"},{\"@type\":\"ListItem\",\"position\":3,\"name\":\"F\u00fcr Autor*innen\"}]},{\"@type\":\"WebSite\",\"@id\":\"https:\/\/www.libri.de\/fr\/#website\",\"url\":\"https:\/\/www.libri.de\/fr\/\",\"name\":\"Libri GmbH\",\"description\":\"Barsortiment und Gro\u00dfhandel f\u00fcr B\u00fccher und andere Medien\",\"publisher\":{\"@id\":\"https:\/\/www.libri.de\/fr\/#organization\"},\"potentialAction\":[{\"@type\":\"SearchAction\",\"target\":{\"@type\":\"EntryPoint\",\"urlTemplate\":\"https:\/\/www.libri.de\/fr\/?s={search_term_string}\"},\"query-input\":{\"@type\":\"PropertyValueSpecification\",\"valueRequired\":true,\"valueName\":\"search_term_string\"}}],\"inLanguage\":\"de\"},{\"@type\":\"Organization\",\"@id\":\"https:\/\/www.libri.de\/fr\/#organization\",\"name\":\"Libri\",\"url\":\"https:\/\/www.libri.de\/fr\/\",\"logo\":{\"@type\":\"ImageObject\",\"inLanguage\":\"de\",\"@id\":\"https:\/\/www.libri.de\/fr\/#\/schema\/logo\/image\/\",\"url\":\"https:\/\/188.64.195.32\/wp-content\/uploads\/2022\/04\/libri_logo-1.jpg\",\"contentUrl\":\"https:\/\/188.64.195.32\/wp-content\/uploads\/2022\/04\/libri_logo-1.jpg\",\"width\":2000,\"height\":1000,\"caption\":\"Libri\"},\"image\":{\"@id\":\"https:\/\/www.libri.de\/fr\/#\/schema\/logo\/image\/\"},\"sameAs\":[\"https:\/\/www.facebook.com\/libribarsortiment\",\"https:\/\/www.instagram.com\/libri.barsortiment\",\"https:\/\/www.linkedin.com\/company\/libri-gmbh\"]}]}<\/script>\n<!-- \/ Yoast SEO plugin. -->","yoast_head_json":{"title":"F\u00fcr Autor*innen | Libri GmbH","description":"Wir bieten Ihnen als Libri Informationen und M\u00f6glichkeiten als Autor*in im Bereich Listen, Lieferantenvertrag, Buchausstattung.","robots":{"index":"index","follow":"follow","max-snippet":"max-snippet:-1","max-image-preview":"max-image-preview:large","max-video-preview":"max-video-preview:-1"},"canonical":"https:\/\/www.libri.de\/de\/fuer-verlage\/fuer-autorinnen-und-autoren\/","og_locale":"de_DE","og_type":"article","og_title":"F\u00fcr Autor*innen | Libri GmbH","og_description":"Wir bieten Ihnen als Libri Informationen und M\u00f6glichkeiten als Autor*in im Bereich Listen, Lieferantenvertrag, Buchausstattung.","og_url":"https:\/\/www.libri.de\/de\/fuer-verlage\/fuer-autorinnen-und-autoren\/","og_site_name":"Libri GmbH","article_publisher":"https:\/\/www.facebook.com\/libribarsortiment","article_modified_time":"2025-10-13T10:52:42+00:00","og_image":[{"width":1990,"height":1100,"url":"https:\/\/www.libri.de\/wp-content\/uploads\/2021\/12\/Beitragsbild_Libri_mittelblau.jpg","type":"image\/jpeg"}],"twitter_card":"summary_large_image","twitter_misc":{"Gesch\u00e4tzte Lesezeit":"1\u00a0Minute"},"schema":{"@context":"https:\/\/schema.org","@graph":[{"@type":"WebPage","@id":"https:\/\/www.libri.de\/de\/fuer-verlage\/fuer-autorinnen-und-autoren\/","url":"https:\/\/www.libri.de\/de\/fuer-verlage\/fuer-autorinnen-und-autoren\/","name":"F\u00fcr Autor*innen | Libri GmbH","isPartOf":{"@id":"https:\/\/www.libri.de\/fr\/#website"},"primaryImageOfPage":{"@id":"https:\/\/www.libri.de\/de\/fuer-verlage\/fuer-autorinnen-und-autoren\/#primaryimage"},"image":{"@id":"https:\/\/www.libri.de\/de\/fuer-verlage\/fuer-autorinnen-und-autoren\/#primaryimage"},"thumbnailUrl":"https:\/\/www.libri.de\/wp-content\/uploads\/2021\/12\/Beitragsbild_Libri_mittelblau.jpg","datePublished":"2021-11-23T12:32:51+00:00","dateModified":"2025-10-13T10:52:42+00:00","description":"Wir bieten Ihnen als Libri Informationen und M\u00f6glichkeiten als Autor*in im Bereich Listen, Lieferantenvertrag, Buchausstattung.","breadcrumb":{"@id":"https:\/\/www.libri.de\/de\/fuer-verlage\/fuer-autorinnen-und-autoren\/#breadcrumb"},"inLanguage":"de","potentialAction":[{"@type":"ReadAction","target":["https:\/\/www.libri.de\/de\/fuer-verlage\/fuer-autorinnen-und-autoren\/"]}]},{"@type":"ImageObject","inLanguage":"de","@id":"https:\/\/www.libri.de\/de\/fuer-verlage\/fuer-autorinnen-und-autoren\/#primaryimage","url":"https:\/\/www.libri.de\/wp-content\/uploads\/2021\/12\/Beitragsbild_Libri_mittelblau.jpg","contentUrl":"https:\/\/www.libri.de\/wp-content\/uploads\/2021\/12\/Beitragsbild_Libri_mittelblau.jpg","width":1990,"height":1100},{"@type":"BreadcrumbList","@id":"https:\/\/www.libri.de\/de\/fuer-verlage\/fuer-autorinnen-und-autoren\/#breadcrumb","itemListElement":[{"@type":"ListItem","position":1,"name":"Start","item":"https:\/\/www.libri.de\/de\/"},{"@type":"ListItem","position":2,"name":"F\u00fcr Verlage","item":"https:\/\/www.libri.de\/de\/fuer-verlage\/"},{"@type":"ListItem","position":3,"name":"F\u00fcr Autor*innen"}]},{"@type":"WebSite","@id":"https:\/\/www.libri.de\/fr\/#website","url":"https:\/\/www.libri.de\/fr\/","name":"Libri GmbH","description":"Barsortiment und Gro\u00dfhandel f\u00fcr B\u00fccher und andere Medien","publisher":{"@id":"https:\/\/www.libri.de\/fr\/#organization"},"potentialAction":[{"@type":"SearchAction","target":{"@type":"EntryPoint","urlTemplate":"https:\/\/www.libri.de\/fr\/?s={search_term_string}"},"query-input":{"@type":"PropertyValueSpecification","valueRequired":true,"valueName":"search_term_string"}}],"inLanguage":"de"},{"@type":"Organization","@id":"https:\/\/www.libri.de\/fr\/#organization","name":"Libri","url":"https:\/\/www.libri.de\/fr\/","logo":{"@type":"ImageObject","inLanguage":"de","@id":"https:\/\/www.libri.de\/fr\/#\/schema\/logo\/image\/","url":"https:\/\/188.64.195.32\/wp-content\/uploads\/2022\/04\/libri_logo-1.jpg","contentUrl":"https:\/\/188.64.195.32\/wp-content\/uploads\/2022\/04\/libri_logo-1.jpg","width":2000,"height":1000,"caption":"Libri"},"image":{"@id":"https:\/\/www.libri.de\/fr\/#\/schema\/logo\/image\/"},"sameAs":["https:\/\/www.facebook.com\/libribarsortiment","https:\/\/www.instagram.com\/libri.barsortiment","https:\/\/www.linkedin.com\/company\/libri-gmbh"]}]}},"_links":{"self":[{"href":"https:\/\/www.libri.de\/de\/wp-json\/wp\/v2\/pages\/32752","targetHints":{"allow":["GET"]}}],"collection":[{"href":"https:\/\/www.libri.de\/de\/wp-json\/wp\/v2\/pages"}],"about":[{"href":"https:\/\/www.libri.de\/de\/wp-json\/wp\/v2\/types\/page"}],"author":[{"embeddable":true,"href":"https:\/\/www.libri.de\/de\/wp-json\/wp\/v2\/users\/10"}],"replies":[{"embeddable":true,"href":"https:\/\/www.libri.de\/de\/wp-json\/wp\/v2\/comments?post=32752"}],"version-history":[{"count":1,"href":"https:\/\/www.libri.de\/de\/wp-json\/wp\/v2\/pages\/32752\/revisions"}],"predecessor-version":[{"id":71351,"href":"https:\/\/www.libri.de\/de\/wp-json\/wp\/v2\/pages\/32752\/revisions\/71351"}],"up":[{"embeddable":true,"href":"https:\/\/www.libri.de\/de\/wp-json\/wp\/v2\/pages\/29711"}],"wp:featuredmedia":[{"embeddable":true,"href":"https:\/\/www.libri.de\/de\/wp-json\/wp\/v2\/media\/34894"}],"wp:attachment":[{"href":"https:\/\/www.libri.de\/de\/wp-json\/wp\/v2\/media?parent=32752"}],"curies":[{"name":"wp","href":"https:\/\/api.w.org\/{rel}","templated":true}]}}