{"id":32149,"date":"2021-11-18T10:43:51","date_gmt":"2021-11-18T08:43:51","guid":{"rendered":"https:\/\/www.libri.de\/?page_id=32149"},"modified":"2022-01-17T19:52:43","modified_gmt":"2022-01-17T17:52:43","slug":"netiquette","status":"publish","type":"page","link":"https:\/\/www.libri.de\/de\/netiquette\/","title":{"rendered":"Netiquette"},"content":{"rendered":"\r\n<div id=\"header-block_6196113145493\" class=\"block-header module type-small bc-libri-blue c-white-imp\">\r\n  <div class=\"container\">\r\n\r\n    <p id=\"breadcrumbs\"><span><span><a href=\"https:\/\/www.libri.de\/de\/\">Start<\/a><\/span><\/span><\/p>    \r\n    \r\n      \r\n      <div class=\"row\">\r\n        <div class=\"col-12 col-md-10 title\">\r\n          <h1 class=\"\">Netiquette<\/h1>\r\n        <\/div>\r\n\r\n        <div class=\"col-12 col-md-10 text\">\r\n          <p>Wir freuen uns auf offene und sachliche Diskussionen mit Ihnen unter den Artikeln des Libri.Magazins.<\/p>\r\n        <\/div>\r\n      <\/div>\r\n\r\n      \r\n  <\/div>\r\n<\/div>\r\n\r\n\n\n\r\n<div id=\"text-block_6196117045494\" class=\"block-text module type-text bc-trans\">\r\n  <div class=\"container\">\r\n\r\n    \r\n      <div class=\"row \">\r\n\r\n        \r\n        <div class=\"col-12 col-md-10\">\r\n\r\n          \r\n          <div class=\"text for-box-js\">\r\n            <p>Dabei w\u00fcnschen wir uns ein faires und respektvolles Miteinander, einen freundlichen Ton, Toleranz und den Respekt vor anderen Meinungen. Um eine f\u00fcr alle angenehme Kommunikation sicherzustellen, bitten wir um die Einhaltung und Beachtung unserer nachfolgenden Netiquette.<\/p>\n<h3>Umgangston<\/h3>\n<ul>\n<li>Wir w\u00fcnschen uns eine offene und transparente Kommunikation auf Augenh\u00f6he und w\u00fcrden es daher bevorzugen, wenn Sie mit Klarnamen auftreten.<\/li>\n<li>Achten Sie bei Diskussionen auf einen freundlichen Umgangston und behandeln Sie andere Nutzer*innen so, wie Sie auch behandelt werden m\u00f6chten.<\/li>\n<li>Jeder hat ein Recht auf seine eigene Meinung, halten Sie Ihren Kommentar bitte inhaltsbezogen und sachlich. Wenn Hypothesen oder Behauptungen aufgestellt werden, machen Sie diese bitte kenntlich, damit es nicht zu Missverst\u00e4ndnissen kommt.<\/li>\n<li>Beachten Sie das Urheberrecht und gehen Sie sorgf\u00e4ltig mit geistigem Eigentum anderer um. Zitate und Inhalte Dritter sollten daher auch deutlich als diese markiert werden. Wenn Sie zitieren, benennen Sie bitte den\/die Urheber*in.<\/li>\n<li>Sie d\u00fcrfen gerne Links zu weiteren Seiten, die inhaltlich zur Diskussion und zum Artikel passen, teilen. Wir haben keinen Einfluss auf die Inhalte externer Seiten und \u00fcbernehmen f\u00fcr diese fremden Inhalte keine Gew\u00e4hr. Es gilt der unten angef\u00fchrte Haftungsausschluss.<\/li>\n<li>Datenschutz ist uns wichtig! Bitte ver\u00f6ffentlichen Sie keine personenbezogenen Daten (Adressen, Telefonnummern o. \u00c4.) in Ihrem Kommentar \u2013 nicht von sich und nicht von anderen.<\/li>\n<\/ul>\n<h3>L\u00f6schen von Kommentaren<\/h3>\n<p>Alle Kommentare unserer Leser*innen werden direkt ohne vorherige Pr\u00fcfung ver\u00f6ffentlicht. Sie werden jedoch im Nachgang auf die Einhaltung der Netiquette \u00fcberpr\u00fcft. Es besteht kein Anspruch auf Ver\u00f6ffentlichung. Libri beh\u00e4lt sich vor, Kommentare zu l\u00f6schen oder die Kommentarfunktion zu schlie\u00dfen, wenn die Netiquette verletzt oder die Kommentarfunktion wie folgt missbraucht wird:<\/p>\n<ul>\n<li>Versto\u00df gegen die Netiquette<\/li>\n<li>Fehlender Bezug auf den Artikel<\/li>\n<li>Diskriminierung oder Diffamierung von Personen aufgrund der ethnischen Herkunft, des Geschlechts, der Religion oder Weltanschauung, einer Behinderung, des Alters oder der sexuellen Identit\u00e4t<\/li>\n<li>Ver\u00f6ffentlichung sexistischer, rassistischer \u00c4u\u00dferungen und Hasspropaganda<\/li>\n<li>Beleidigungen, Entw\u00fcrdigungen, \u00fcbler Nachrede von Personen, Institutionen und Unternehmen in jeglicher Form<\/li>\n<li>Ver\u00f6ffentlichung pornografischer Inhalte<\/li>\n<li>Aufforderungen zu Gewalt<\/li>\n<li>Verletzungen von Rechten Dritter (insbesondere Urheberrechte)<\/li>\n<li>Ver\u00f6ffentlichung von politischen \u00c4u\u00dferungen und\/oder Aufruf zu Demonstrationen und Kundgebungen jeglicher Art<\/li>\n<li>Ver\u00f6ffentlichung von kommerziellen und privaten Angeboten von Waren und Dienstleistungen<\/li>\n<li>Maschinell\/automatisch erstellte Inhalte (Bots, Spam)<\/li>\n<li>Ver\u00f6ffentlichung von Kommentaren, die nicht in deutscher oder englischer Sprache verfasst sind<\/li>\n<\/ul>\n<h3>Haftungsausschluss<\/h3>\n<p>Jede\/r Nutzer*in ist f\u00fcr die von ihr\/ihm publizierten Kommentare selbst verantwortlich. Sie spiegeln allein die Meinung des\/der Verfasser*in wider.<\/p>\n<p>Libri haftet nicht f\u00fcr den Inhalt der Kommentare. F\u00fcr die Richtigkeit und Vollst\u00e4ndigkeit der Inhalte \u00fcbernehmen wir keinerlei Gew\u00e4hr. Dies gilt ebenso f\u00fcr Inhalte externer Seiten, auf die in diesem Blog und in Kommentaren verlinkt wird. Libri distanziert sich ausdr\u00fccklich von allen Inhalten, die straf- oder haftungsrechtlich relevant sind.<\/p>\n<p>Wir behalten uns vor, unsere Richtlinien jederzeit zu \u00e4ndern oder zu erg\u00e4nzen.<\/p>\n<h3>Datensicherheit<\/h3>\n<p>Um Ihre Daten vor unerw\u00fcnschten Zugriffen m\u00f6glichst umfassend zu sch\u00fctzen, treffen wir technische und organisatorische Ma\u00dfnahmen. Wir setzen auf unseren Seiten ein Verschl\u00fcsselungsverfahren ein. Ihre Angaben werden von Ihrem Rechner zu unserem Server und umgekehrt \u00fcber das Internet mittels einer SSL-Verschl\u00fcsselung \u00fcbertragen. Sie erkennen dies daran, dass in der Statusleiste Ihres Browsers das Schloss-Symbol geschlossen ist und die Adresszeile mit https:\/\/ beginnt.<\/p>\n          <\/div>\r\n\r\n          \r\n          \r\n        <\/div>\r\n        \r\n      <\/div>\r\n\r\n    \r\n  <\/div>\r\n<\/div>\r\n\r\n","protected":false},"excerpt":{"rendered":"<p>Wir freuen uns auf offene und sachliche Diskussionen mit Ihnen unter den Artikeln des Libri.Magazins.<\/p>\n","protected":false},"author":5,"featured_media":34899,"parent":0,"menu_order":0,"comment_status":"closed","ping_status":"closed","template":"","meta":{"_acf_changed":false,"footnotes":""},"class_list":["post-32149","page","type-page","status-publish","has-post-thumbnail","hentry"],"acf":[],"yoast_head":"<!-- This site is optimized with the Yoast SEO plugin v27.0 - https:\/\/yoast.com\/product\/yoast-seo-wordpress\/ -->\n<title>Netiquette | Libri GmbH<\/title>\n<meta name=\"robots\" content=\"index, follow, max-snippet:-1, max-image-preview:large, max-video-preview:-1\" \/>\n<link rel=\"canonical\" href=\"https:\/\/www.libri.de\/de\/netiquette\/\" \/>\n<meta property=\"og:locale\" content=\"de_DE\" \/>\n<meta property=\"og:type\" content=\"article\" \/>\n<meta property=\"og:title\" content=\"Netiquette | Libri GmbH\" \/>\n<meta property=\"og:description\" content=\"Wir freuen uns auf offene und sachliche Diskussionen mit Ihnen unter den Artikeln des Libri.Magazins.\" \/>\n<meta property=\"og:url\" content=\"https:\/\/www.libri.de\/de\/netiquette\/\" \/>\n<meta property=\"og:site_name\" content=\"Libri GmbH\" \/>\n<meta property=\"article:publisher\" content=\"https:\/\/www.facebook.com\/libribarsortiment\" \/>\n<meta property=\"article:modified_time\" content=\"2022-01-17T17:52:43+00:00\" \/>\n<meta property=\"og:image\" content=\"https:\/\/www.libri.de\/wp-content\/uploads\/2021\/12\/Beitragsbild_Libri_blau.jpg\" \/>\n\t<meta property=\"og:image:width\" content=\"1990\" \/>\n\t<meta property=\"og:image:height\" content=\"1100\" \/>\n\t<meta property=\"og:image:type\" content=\"image\/jpeg\" \/>\n<meta name=\"twitter:card\" content=\"summary_large_image\" \/>\n<script type=\"application\/ld+json\" class=\"yoast-schema-graph\">{\"@context\":\"https:\/\/schema.org\",\"@graph\":[{\"@type\":\"WebPage\",\"@id\":\"https:\/\/www.libri.de\/de\/netiquette\/\",\"url\":\"https:\/\/www.libri.de\/de\/netiquette\/\",\"name\":\"Netiquette | Libri GmbH\",\"isPartOf\":{\"@id\":\"https:\/\/www.libri.de\/fr\/#website\"},\"primaryImageOfPage\":{\"@id\":\"https:\/\/www.libri.de\/de\/netiquette\/#primaryimage\"},\"image\":{\"@id\":\"https:\/\/www.libri.de\/de\/netiquette\/#primaryimage\"},\"thumbnailUrl\":\"https:\/\/www.libri.de\/wp-content\/uploads\/2021\/12\/Beitragsbild_Libri_blau.jpg\",\"datePublished\":\"2021-11-18T08:43:51+00:00\",\"dateModified\":\"2022-01-17T17:52:43+00:00\",\"breadcrumb\":{\"@id\":\"https:\/\/www.libri.de\/de\/netiquette\/#breadcrumb\"},\"inLanguage\":\"de\",\"potentialAction\":[{\"@type\":\"ReadAction\",\"target\":[\"https:\/\/www.libri.de\/de\/netiquette\/\"]}]},{\"@type\":\"ImageObject\",\"inLanguage\":\"de\",\"@id\":\"https:\/\/www.libri.de\/de\/netiquette\/#primaryimage\",\"url\":\"https:\/\/www.libri.de\/wp-content\/uploads\/2021\/12\/Beitragsbild_Libri_blau.jpg\",\"contentUrl\":\"https:\/\/www.libri.de\/wp-content\/uploads\/2021\/12\/Beitragsbild_Libri_blau.jpg\",\"width\":1990,\"height\":1100},{\"@type\":\"BreadcrumbList\",\"@id\":\"https:\/\/www.libri.de\/de\/netiquette\/#breadcrumb\",\"itemListElement\":[{\"@type\":\"ListItem\",\"position\":1,\"name\":\"Start\",\"item\":\"https:\/\/www.libri.de\/de\/\"},{\"@type\":\"ListItem\",\"position\":2,\"name\":\"Netiquette\"}]},{\"@type\":\"WebSite\",\"@id\":\"https:\/\/www.libri.de\/fr\/#website\",\"url\":\"https:\/\/www.libri.de\/fr\/\",\"name\":\"Libri GmbH\",\"description\":\"Barsortiment und Gro\u00dfhandel f\u00fcr B\u00fccher und andere Medien\",\"publisher\":{\"@id\":\"https:\/\/www.libri.de\/fr\/#organization\"},\"potentialAction\":[{\"@type\":\"SearchAction\",\"target\":{\"@type\":\"EntryPoint\",\"urlTemplate\":\"https:\/\/www.libri.de\/fr\/?s={search_term_string}\"},\"query-input\":{\"@type\":\"PropertyValueSpecification\",\"valueRequired\":true,\"valueName\":\"search_term_string\"}}],\"inLanguage\":\"de\"},{\"@type\":\"Organization\",\"@id\":\"https:\/\/www.libri.de\/fr\/#organization\",\"name\":\"Libri\",\"url\":\"https:\/\/www.libri.de\/fr\/\",\"logo\":{\"@type\":\"ImageObject\",\"inLanguage\":\"de\",\"@id\":\"https:\/\/www.libri.de\/fr\/#\/schema\/logo\/image\/\",\"url\":\"https:\/\/188.64.195.32\/wp-content\/uploads\/2022\/04\/libri_logo-1.jpg\",\"contentUrl\":\"https:\/\/188.64.195.32\/wp-content\/uploads\/2022\/04\/libri_logo-1.jpg\",\"width\":2000,\"height\":1000,\"caption\":\"Libri\"},\"image\":{\"@id\":\"https:\/\/www.libri.de\/fr\/#\/schema\/logo\/image\/\"},\"sameAs\":[\"https:\/\/www.facebook.com\/libribarsortiment\",\"https:\/\/www.instagram.com\/libri.barsortiment\",\"https:\/\/www.linkedin.com\/company\/libri-gmbh\"]}]}<\/script>\n<!-- \/ Yoast SEO plugin. -->","yoast_head_json":{"title":"Netiquette | Libri GmbH","robots":{"index":"index","follow":"follow","max-snippet":"max-snippet:-1","max-image-preview":"max-image-preview:large","max-video-preview":"max-video-preview:-1"},"canonical":"https:\/\/www.libri.de\/de\/netiquette\/","og_locale":"de_DE","og_type":"article","og_title":"Netiquette | Libri GmbH","og_description":"Wir freuen uns auf offene und sachliche Diskussionen mit Ihnen unter den Artikeln des Libri.Magazins.","og_url":"https:\/\/www.libri.de\/de\/netiquette\/","og_site_name":"Libri GmbH","article_publisher":"https:\/\/www.facebook.com\/libribarsortiment","article_modified_time":"2022-01-17T17:52:43+00:00","og_image":[{"width":1990,"height":1100,"url":"https:\/\/www.libri.de\/wp-content\/uploads\/2021\/12\/Beitragsbild_Libri_blau.jpg","type":"image\/jpeg"}],"twitter_card":"summary_large_image","schema":{"@context":"https:\/\/schema.org","@graph":[{"@type":"WebPage","@id":"https:\/\/www.libri.de\/de\/netiquette\/","url":"https:\/\/www.libri.de\/de\/netiquette\/","name":"Netiquette | Libri GmbH","isPartOf":{"@id":"https:\/\/www.libri.de\/fr\/#website"},"primaryImageOfPage":{"@id":"https:\/\/www.libri.de\/de\/netiquette\/#primaryimage"},"image":{"@id":"https:\/\/www.libri.de\/de\/netiquette\/#primaryimage"},"thumbnailUrl":"https:\/\/www.libri.de\/wp-content\/uploads\/2021\/12\/Beitragsbild_Libri_blau.jpg","datePublished":"2021-11-18T08:43:51+00:00","dateModified":"2022-01-17T17:52:43+00:00","breadcrumb":{"@id":"https:\/\/www.libri.de\/de\/netiquette\/#breadcrumb"},"inLanguage":"de","potentialAction":[{"@type":"ReadAction","target":["https:\/\/www.libri.de\/de\/netiquette\/"]}]},{"@type":"ImageObject","inLanguage":"de","@id":"https:\/\/www.libri.de\/de\/netiquette\/#primaryimage","url":"https:\/\/www.libri.de\/wp-content\/uploads\/2021\/12\/Beitragsbild_Libri_blau.jpg","contentUrl":"https:\/\/www.libri.de\/wp-content\/uploads\/2021\/12\/Beitragsbild_Libri_blau.jpg","width":1990,"height":1100},{"@type":"BreadcrumbList","@id":"https:\/\/www.libri.de\/de\/netiquette\/#breadcrumb","itemListElement":[{"@type":"ListItem","position":1,"name":"Start","item":"https:\/\/www.libri.de\/de\/"},{"@type":"ListItem","position":2,"name":"Netiquette"}]},{"@type":"WebSite","@id":"https:\/\/www.libri.de\/fr\/#website","url":"https:\/\/www.libri.de\/fr\/","name":"Libri GmbH","description":"Barsortiment und Gro\u00dfhandel f\u00fcr B\u00fccher und andere Medien","publisher":{"@id":"https:\/\/www.libri.de\/fr\/#organization"},"potentialAction":[{"@type":"SearchAction","target":{"@type":"EntryPoint","urlTemplate":"https:\/\/www.libri.de\/fr\/?s={search_term_string}"},"query-input":{"@type":"PropertyValueSpecification","valueRequired":true,"valueName":"search_term_string"}}],"inLanguage":"de"},{"@type":"Organization","@id":"https:\/\/www.libri.de\/fr\/#organization","name":"Libri","url":"https:\/\/www.libri.de\/fr\/","logo":{"@type":"ImageObject","inLanguage":"de","@id":"https:\/\/www.libri.de\/fr\/#\/schema\/logo\/image\/","url":"https:\/\/188.64.195.32\/wp-content\/uploads\/2022\/04\/libri_logo-1.jpg","contentUrl":"https:\/\/188.64.195.32\/wp-content\/uploads\/2022\/04\/libri_logo-1.jpg","width":2000,"height":1000,"caption":"Libri"},"image":{"@id":"https:\/\/www.libri.de\/fr\/#\/schema\/logo\/image\/"},"sameAs":["https:\/\/www.facebook.com\/libribarsortiment","https:\/\/www.instagram.com\/libri.barsortiment","https:\/\/www.linkedin.com\/company\/libri-gmbh"]}]}},"_links":{"self":[{"href":"https:\/\/www.libri.de\/de\/wp-json\/wp\/v2\/pages\/32149","targetHints":{"allow":["GET"]}}],"collection":[{"href":"https:\/\/www.libri.de\/de\/wp-json\/wp\/v2\/pages"}],"about":[{"href":"https:\/\/www.libri.de\/de\/wp-json\/wp\/v2\/types\/page"}],"author":[{"embeddable":true,"href":"https:\/\/www.libri.de\/de\/wp-json\/wp\/v2\/users\/5"}],"replies":[{"embeddable":true,"href":"https:\/\/www.libri.de\/de\/wp-json\/wp\/v2\/comments?post=32149"}],"version-history":[{"count":0,"href":"https:\/\/www.libri.de\/de\/wp-json\/wp\/v2\/pages\/32149\/revisions"}],"wp:featuredmedia":[{"embeddable":true,"href":"https:\/\/www.libri.de\/de\/wp-json\/wp\/v2\/media\/34899"}],"wp:attachment":[{"href":"https:\/\/www.libri.de\/de\/wp-json\/wp\/v2\/media?parent=32149"}],"curies":[{"name":"wp","href":"https:\/\/api.w.org\/{rel}","templated":true}]}}