{"id":31959,"date":"2021-11-16T19:35:27","date_gmt":"2021-11-16T17:35:27","guid":{"rendered":"https:\/\/www.libri.de\/?page_id=31959"},"modified":"2025-12-03T12:43:43","modified_gmt":"2025-12-03T10:43:43","slug":"ebook-grosshaendler","status":"publish","type":"page","link":"https:\/\/www.libri.de\/de\/fuer-den-handel\/grosshandel\/ebook-grosshaendler\/","title":{"rendered":"eBook-Gro\u00dfh\u00e4ndler"},"content":{"rendered":"\r\n<div id=\"header-block_5a49a0af62adafa890af30387cd21f8f\" class=\"block-header module type-small bc-third-blue c-white-imp\">\r\n  <div class=\"container\">\r\n\r\n    <p id=\"breadcrumbs\"><span><span><a href=\"https:\/\/www.libri.de\/de\/\">Start<\/a><\/span><\/span><\/p>    \r\n    \r\n      \r\n      <div class=\"row\">\r\n        <div class=\"col-12 col-md-10 title\">\r\n          <h1 class=\"\">Mit eBooks handeln<\/h1>\r\n        <\/div>\r\n\r\n        <div class=\"col-12 col-md-10 text\">\r\n          <p>Als eBook-Gro\u00dfh\u00e4ndler bietet Libri Buchh\u00e4ndler*innen mit eigenen Shopl\u00f6sungen, den Mitgliedern der tolino-Allianz und auch dem station\u00e4ren Handel passende Vertriebswege.<\/p>\r\n        <\/div>\r\n      <\/div>\r\n\r\n      \r\n  <\/div>\r\n<\/div>\r\n\r\n\n\n\r\n<div id=\"anchor-nav-block_569ea13c3cf85d1e730580baf0eb671c\" class=\"block-anchor-nav module bc-third-blue c-white-imp\"  >\r\n\r\n      <div class=\"container\"><div class=\"line\"><\/div><\/div>\r\n    \r\n    <div class=\"container\">\r\n      <div class=\"p-relative\">\r\n        <div class=\"arrow left\"><\/div>\r\n        <div class=\"arrow right\"><\/div>\r\n      <\/div>\r\n      <div class=\"overflow-x-auto\">\r\n        <div class=\"d-flex anchor-nav\" data-class=\"anchor-nav-entry\"><\/div>\r\n      <\/div>\r\n    <\/div>\r\n\r\n  <\/div>\r\n\r\n\n\n\r\n<div id=\"space-block_1dff94d3783dd23ac7b4f48d89f88ad0\" class=\"block-space module bc-trans\" style=\"height: 48px;\"><\/div>\n\n\r\n<div id=\"libri-digital\" class=\"block-anchor\" data-title=\"Libri.Digital\" >\r\n\r\n  <\/div>\r\n\r\n\n\n\r\n<div id=\"text-block_8f60250bca483bf4b9caca3e51771826\" class=\"block-text module type-text-img bc-trans\">\r\n  <div class=\"container\">\r\n\r\n    \r\n      <div class=\"row flex-row-reverse\">\r\n\r\n        \r\n          <div class=\"col-12 col-md-6 col-xl-5\">\r\n            <div class=\"image square\">\r\n              <img decoding=\"async\" width=\"768\" height=\"768\" src=\"https:\/\/www.libri.de\/wp-content\/uploads\/2025\/12\/tolino-vision-color-weiss-tolino-stylus-weiss-768x768.png\" class=\"attachment-medium_large size-medium_large\" alt=\"Junge Frau macht sich mit dem tolino stylus Notizen im tolino vision color Wei\u00df.\" srcset=\"https:\/\/www.libri.de\/wp-content\/uploads\/2025\/12\/tolino-vision-color-weiss-tolino-stylus-weiss-768x768.png 768w, https:\/\/www.libri.de\/wp-content\/uploads\/2025\/12\/tolino-vision-color-weiss-tolino-stylus-weiss-300x300.png 300w, https:\/\/www.libri.de\/wp-content\/uploads\/2025\/12\/tolino-vision-color-weiss-tolino-stylus-weiss-150x150.png 150w, https:\/\/www.libri.de\/wp-content\/uploads\/2025\/12\/tolino-vision-color-weiss-tolino-stylus-weiss.png 800w\" sizes=\"(max-width: 768px) 100vw, 768px\" \/>            <\/div>\r\n                      <\/div>\r\n\r\n          <div class=\"d-none d-xl-block col-2\"><\/div>\r\n\r\n        \r\n        <div class=\"col-12 col-md-6 col-xl-5\">\r\n\r\n                      <h2 class=\"title\">Libri.Digital: die Plattform f\u00fcr eBook-Vertrieb<\/h2>\r\n          \r\n          <div class=\"text \">\r\n            <p>Wenn Sie als Buchh\u00e4ndler*in eigene Systeme nutzen, ist die Libri.Digital-Plattform Ihre L\u00f6sung f\u00fcr den eBook-Vertrieb. Als Buchh\u00e4ndler*in erhalten Sie Zugriff auf umfangreiche und fortlaufend aktualisierte eBook-Katalogdaten.<\/p>\n          <\/div>\r\n\r\n                      <div class=\"cta\">\r\n              <a \r\n                class=\"bttn-secondary icn-no\" \r\n                href=\"https:\/\/www.libri.de\/de\/fuer-den-handel\/ecommerce\/produktdaten-fuer-den-online-auftritt\/\" \r\n                target=\"_self\"\r\n                >\r\n                Mehr zu Produktdaten              <\/a>\r\n            <\/div>\r\n          \r\n          \r\n        <\/div>\r\n        \r\n      <\/div>\r\n\r\n    \r\n  <\/div>\r\n<\/div>\r\n\r\n\n\n\r\n<div id=\"text-block_f9a9d7ac0f8ba72411f23100dcefe66d\" class=\"block-text module type-text bc-trans\">\r\n  <div class=\"container\">\r\n\r\n    \r\n      <div class=\"row \">\r\n\r\n        \r\n        <div class=\"col-12 col-md-10\">\r\n\r\n          \r\n          <div class=\"text for-box-js\">\r\n            <p>Libri \u00fcbernimmt die komplette Abwicklung des Digital Rights Managements (DRM). Kaufen Kundinnen und Kunden eBooks in Ihrem System, stellen wir je eBook eine URL zur Verf\u00fcgung. Den Link leiten Sie weiter, denn dar\u00fcber lassen sich individuelle eBook-Dateien ganz einfach auf das gew\u00fcnschte Endger\u00e4t (eReader, PC, Tablet etc.) herunterladen. Sie rechnen mit Ihren Kund*innen, wir rechnen mit Ihnen ab.<\/p>\n<p>Weitere Informationen zu den technischen Anbindungsm\u00f6glichkeiten finden Sie hier.<\/p>\n          <\/div>\r\n\r\n                      <div class=\"cta\">\r\n              <a \r\n                class=\"bttn-secondary icn-no\" \r\n                href=\"https:\/\/www.libri.de\/de\/fuer-den-handel\/ecommerce\/auftragsuebermittlung-bei-libri\/\" \r\n                target=\"_self\"\r\n                >\r\n                Mehr zur technischen \u00dcbermittlung              <\/a>\r\n            <\/div>\r\n          \r\n          \r\n        <\/div>\r\n        \r\n      <\/div>\r\n\r\n    \r\n  <\/div>\r\n<\/div>\r\n\r\n\n\n\r\n<div id=\"tolino\" class=\"block-anchor\" data-title=\"tolino\" >\r\n\r\n  <\/div>\r\n\r\n\n\n\r\n<div id=\"space-block_7afce5f89f65f41d7ac475a5b187d24e\" class=\"block-space module bc-trans\" style=\"height: 48px;\"><\/div>\n\n\r\n<div id=\"space-block_4340670699a371c535643150f2265136\" class=\"block-space module bc-green-2\" style=\"height: 48px;\"><\/div>\n\n\r\n<div id=\"text-block_950d988b2e324a81c1ef2132d9cabc35\" class=\"block-text module type-text-img bc-green-2\">\r\n  <div class=\"container\">\r\n\r\n    \r\n      <div class=\"row flex-row-reverse\">\r\n\r\n        \r\n          <div class=\"col-12 col-md-6 col-xl-5\">\r\n            <div class=\"image square\">\r\n              <img decoding=\"async\" width=\"768\" height=\"768\" src=\"https:\/\/www.libri.de\/wp-content\/uploads\/2021\/11\/Tolino_Logo_Dachmarke_Claim_transparent_800x800px-768x768.png\" class=\"attachment-medium_large size-medium_large\" alt=\"\" srcset=\"https:\/\/www.libri.de\/wp-content\/uploads\/2021\/11\/Tolino_Logo_Dachmarke_Claim_transparent_800x800px-768x768.png 768w, https:\/\/www.libri.de\/wp-content\/uploads\/2021\/11\/Tolino_Logo_Dachmarke_Claim_transparent_800x800px-300x300.png 300w, https:\/\/www.libri.de\/wp-content\/uploads\/2021\/11\/Tolino_Logo_Dachmarke_Claim_transparent_800x800px-150x150.png 150w, https:\/\/www.libri.de\/wp-content\/uploads\/2021\/11\/Tolino_Logo_Dachmarke_Claim_transparent_800x800px.png 800w\" sizes=\"(max-width: 768px) 100vw, 768px\" \/>            <\/div>\r\n                      <\/div>\r\n\r\n          <div class=\"d-none d-xl-block col-2\"><\/div>\r\n\r\n        \r\n        <div class=\"col-12 col-md-6 col-xl-5\">\r\n\r\n                      <h2 class=\"title\">Libri ist zentraler eBook-Lieferant f\u00fcr die tolino-Allianz<\/h2>\r\n          \r\n          <div class=\"text \">\r\n            <p>Als Mitglied der tolino-Allianz ist Ihr Onlineshop \u00fcber das tolino-\u00d6kosystem mit dem zentralen eBook-Katalog der tolino-Allianz verbunden.<\/p>\n<p>Ihre Kundinnen und Kunden profitieren vom breiten Sortiment mit mehr als 4,5 Mio. eBooks und von den vielf\u00e4ltigen Kaufm\u00f6glichkeiten: im Onlineshop, auf dem tolino eReader,\u00a0 in den tolino apps oder im tolino webreader.<\/p>\n          <\/div>\r\n\r\n                      <div class=\"cta\">\r\n              <a \r\n                class=\"bttn-secondary icn-no\" \r\n                href=\"https:\/\/www.libri.de\/de\/fuer-den-handel\/produkte\/tolino\/\" \r\n                target=\"_self\"\r\n                >\r\n                Digitales Lesen mit tolino              <\/a>\r\n            <\/div>\r\n          \r\n          \r\n        <\/div>\r\n        \r\n      <\/div>\r\n\r\n    \r\n  <\/div>\r\n<\/div>\r\n\r\n\n\n\r\n<div id=\"space-block_1dff94d3783dd23ac7b4f48d89f88ad0\" class=\"block-space module bc-trans\" style=\"height: 48px;\"><\/div>\n\n\r\n<div id=\"mein-libri\" class=\"block-anchor\" data-title=\"Mein Libri\" >\r\n\r\n  <\/div>\r\n\r\n\n\n\r\n<div id=\"text-block_742c0b991fe13b88b70e5703fa80499a\" class=\"block-text module type-text-img bc-trans\">\r\n  <div class=\"container\">\r\n\r\n    \r\n      <div class=\"row flex-row-reverse\">\r\n\r\n        \r\n          <div class=\"col-12 col-md-6 col-xl-5\">\r\n            <div class=\"image square\">\r\n              <img decoding=\"async\" width=\"768\" height=\"768\" src=\"https:\/\/www.libri.de\/wp-content\/uploads\/2021\/11\/tolino-vision6-regal-FBM21-768x768.png\" class=\"attachment-medium_large size-medium_large\" alt=\"tolino vision 6 vor Buchregal\" srcset=\"https:\/\/www.libri.de\/wp-content\/uploads\/2021\/11\/tolino-vision6-regal-FBM21-768x768.png 768w, https:\/\/www.libri.de\/wp-content\/uploads\/2021\/11\/tolino-vision6-regal-FBM21-300x300.png 300w, https:\/\/www.libri.de\/wp-content\/uploads\/2021\/11\/tolino-vision6-regal-FBM21-150x150.png 150w, https:\/\/www.libri.de\/wp-content\/uploads\/2021\/11\/tolino-vision6-regal-FBM21.png 800w\" sizes=\"(max-width: 768px) 100vw, 768px\" \/>            <\/div>\r\n                      <\/div>\r\n\r\n          <div class=\"d-none d-xl-block col-2\"><\/div>\r\n\r\n        \r\n        <div class=\"col-12 col-md-6 col-xl-5\">\r\n\r\n                      <h2 class=\"title\">Mein Libri: eBooks im station\u00e4ren Handel verkaufen<\/h2>\r\n          \r\n          <div class=\"text \">\r\n            <p>\u00dcber \u201cMein Libri\u201d haben Sie als Buchhandlungen Zugriff auf den eBook-Gro\u00dfhandelskatalog und verkaufen eBooks direkt im Ladengesch\u00e4ft.<\/p>\n<p>Libri stellt einen Downloadlink zur Verf\u00fcgung, den Sie direkt aus dem System heraus per E-Mail an Ihre Kundinnen und Kunden sendet. \u00dcber diesen Link lassen sich individuelle eBook-Dateien ganz einfach auf das gew\u00fcnschte Endger\u00e4t (eReader, PC, Tablet etc.) herunterladen. Die Kundinnen und Kunden bezahlen die digitalen Titel genau wie die physische Ware an der Kasse.<\/p>\n          <\/div>\r\n\r\n                      <div class=\"cta\">\r\n              <a \r\n                class=\"bttn-secondary \" \r\n                href=\"https:\/\/www.libri.de\/de\/fuer-den-handel\/produkte\/mein-libri\/\" \r\n                target=\"_self\"\r\n                >\r\n                Mein Libri              <\/a>\r\n            <\/div>\r\n          \r\n          \r\n        <\/div>\r\n        \r\n      <\/div>\r\n\r\n    \r\n  <\/div>\r\n<\/div>\r\n\r\n\n\n\r\n<div id=\"space-block_1dff94d3783dd23ac7b4f48d89f88ad0\" class=\"block-space module bc-trans\" style=\"height: 48px;\"><\/div>\n\n\r\n<div id=\"teaser-contact-block_0fecd3df4139d2529b62ada6ea4ab4af\" class=\"block-teaser-contact bc-third-blue c-white-imp\">\r\n  <div class=\"container\">\r\n    <div class=\"row flex-md-row-reverse justify-content-between\">\r\n\r\n      <div class=\"col-12 col-md-4\">\r\n        <div class=\"image\">\r\n                  <\/div>\r\n      <\/div>\r\n\r\n      <div class=\"col-12 col-md-6 d-flex flex-column\">\r\n\r\n        <div class=\"text\">\r\n                      <h2 class=\"title\">Wir helfen Ihnen gerne weiter.<\/h2>\r\n          \r\n                      <p>Haben Sie Fragen oder ein bestimmtes Anliegen?<\/p>\r\n                  <\/div>\r\n\r\n                  <div class=\"cta\">\r\n            <a \r\n              class=\"bttn-primary \"\r\n              href=\"https:\/\/www.libri.de\/de\/kontakt\/\"\r\n              target=\"_self\"\r\n              >\r\n              Jetzt Kontakt aufnehmen            <\/a>\r\n          <\/div>\r\n        \r\n        \r\n      <\/div>\r\n\r\n    <\/div>\r\n  <\/div>\r\n<\/div>\r\n\r\n\n\n\r\n<div id=\"go-back-block_befc255ee232e46b8c6e790081b8dd31\" class=\"block-go-back module bc-trans\">\r\n  <div class=\"container\">\r\n\r\n    <a href=\"javascript:history.back()\" class=\"bttn-secondary go-back-link\">\r\n      <span class=\"arrow-left\"><\/span>Zur\u00fcck zur \u00dcbersicht    <\/a>\r\n\r\n  <\/div>\r\n<\/div>\r\n\r\n","protected":false},"excerpt":{"rendered":"<p>Als eBook-Gro\u00dfh\u00e4ndler bietet Libri Buchh\u00e4ndlern mit eigenen Shopl\u00f6sungen, den Mitgliedern der tolino-Allianz und auch dem station\u00e4ren Handel passende Vertriebswege.<\/p>\n","protected":false},"author":5,"featured_media":34899,"parent":32777,"menu_order":0,"comment_status":"closed","ping_status":"closed","template":"","meta":{"_acf_changed":false,"footnotes":""},"class_list":["post-31959","page","type-page","status-publish","has-post-thumbnail","hentry"],"acf":[],"yoast_head":"<!-- This site is optimized with the Yoast SEO plugin v27.0 - https:\/\/yoast.com\/product\/yoast-seo-wordpress\/ -->\n<title>eBook-Gro\u00dfh\u00e4ndler | Libri GmbH<\/title>\n<meta name=\"robots\" content=\"index, follow, max-snippet:-1, max-image-preview:large, max-video-preview:-1\" \/>\n<link rel=\"canonical\" href=\"https:\/\/www.libri.de\/de\/fuer-den-handel\/grosshandel\/ebook-grosshaendler\/\" \/>\n<meta property=\"og:locale\" content=\"de_DE\" \/>\n<meta property=\"og:type\" content=\"article\" \/>\n<meta property=\"og:title\" content=\"eBook-Gro\u00dfh\u00e4ndler | Libri GmbH\" \/>\n<meta property=\"og:description\" content=\"Als eBook-Gro\u00dfh\u00e4ndler bietet Libri Buchh\u00e4ndlern mit eigenen Shopl\u00f6sungen, den Mitgliedern der tolino-Allianz und auch dem station\u00e4ren Handel passende Vertriebswege.\" \/>\n<meta property=\"og:url\" content=\"https:\/\/www.libri.de\/de\/fuer-den-handel\/grosshandel\/ebook-grosshaendler\/\" \/>\n<meta property=\"og:site_name\" content=\"Libri GmbH\" \/>\n<meta property=\"article:publisher\" content=\"https:\/\/www.facebook.com\/libribarsortiment\" \/>\n<meta property=\"article:modified_time\" content=\"2025-12-03T10:43:43+00:00\" \/>\n<meta property=\"og:image\" content=\"https:\/\/www.libri.de\/wp-content\/uploads\/2021\/12\/Beitragsbild_Libri_blau.jpg\" \/>\n\t<meta property=\"og:image:width\" content=\"1990\" \/>\n\t<meta property=\"og:image:height\" content=\"1100\" \/>\n\t<meta property=\"og:image:type\" content=\"image\/jpeg\" \/>\n<meta name=\"twitter:card\" content=\"summary_large_image\" \/>\n<meta name=\"twitter:label1\" content=\"Gesch\u00e4tzte Lesezeit\" \/>\n\t<meta name=\"twitter:data1\" content=\"1\u00a0Minute\" \/>\n<script type=\"application\/ld+json\" class=\"yoast-schema-graph\">{\"@context\":\"https:\/\/schema.org\",\"@graph\":[{\"@type\":\"WebPage\",\"@id\":\"https:\/\/www.libri.de\/de\/fuer-den-handel\/grosshandel\/ebook-grosshaendler\/\",\"url\":\"https:\/\/www.libri.de\/de\/fuer-den-handel\/grosshandel\/ebook-grosshaendler\/\",\"name\":\"eBook-Gro\u00dfh\u00e4ndler | Libri GmbH\",\"isPartOf\":{\"@id\":\"https:\/\/www.libri.de\/fr\/#website\"},\"primaryImageOfPage\":{\"@id\":\"https:\/\/www.libri.de\/de\/fuer-den-handel\/grosshandel\/ebook-grosshaendler\/#primaryimage\"},\"image\":{\"@id\":\"https:\/\/www.libri.de\/de\/fuer-den-handel\/grosshandel\/ebook-grosshaendler\/#primaryimage\"},\"thumbnailUrl\":\"https:\/\/www.libri.de\/wp-content\/uploads\/2021\/12\/Beitragsbild_Libri_blau.jpg\",\"datePublished\":\"2021-11-16T17:35:27+00:00\",\"dateModified\":\"2025-12-03T10:43:43+00:00\",\"breadcrumb\":{\"@id\":\"https:\/\/www.libri.de\/de\/fuer-den-handel\/grosshandel\/ebook-grosshaendler\/#breadcrumb\"},\"inLanguage\":\"de\",\"potentialAction\":[{\"@type\":\"ReadAction\",\"target\":[\"https:\/\/www.libri.de\/de\/fuer-den-handel\/grosshandel\/ebook-grosshaendler\/\"]}]},{\"@type\":\"ImageObject\",\"inLanguage\":\"de\",\"@id\":\"https:\/\/www.libri.de\/de\/fuer-den-handel\/grosshandel\/ebook-grosshaendler\/#primaryimage\",\"url\":\"https:\/\/www.libri.de\/wp-content\/uploads\/2021\/12\/Beitragsbild_Libri_blau.jpg\",\"contentUrl\":\"https:\/\/www.libri.de\/wp-content\/uploads\/2021\/12\/Beitragsbild_Libri_blau.jpg\",\"width\":1990,\"height\":1100},{\"@type\":\"BreadcrumbList\",\"@id\":\"https:\/\/www.libri.de\/de\/fuer-den-handel\/grosshandel\/ebook-grosshaendler\/#breadcrumb\",\"itemListElement\":[{\"@type\":\"ListItem\",\"position\":1,\"name\":\"Start\",\"item\":\"https:\/\/www.libri.de\/de\/\"},{\"@type\":\"ListItem\",\"position\":2,\"name\":\"F\u00fcr den Handel\",\"item\":\"https:\/\/www.libri.de\/de\/fuer-den-handel\/\"},{\"@type\":\"ListItem\",\"position\":3,\"name\":\"Gro\u00dfhandel\",\"item\":\"https:\/\/www.libri.de\/de\/fuer-den-handel\/grosshandel\/\"},{\"@type\":\"ListItem\",\"position\":4,\"name\":\"eBook-Gro\u00dfh\u00e4ndler\"}]},{\"@type\":\"WebSite\",\"@id\":\"https:\/\/www.libri.de\/fr\/#website\",\"url\":\"https:\/\/www.libri.de\/fr\/\",\"name\":\"Libri GmbH\",\"description\":\"Barsortiment und Gro\u00dfhandel f\u00fcr B\u00fccher und andere Medien\",\"publisher\":{\"@id\":\"https:\/\/www.libri.de\/fr\/#organization\"},\"potentialAction\":[{\"@type\":\"SearchAction\",\"target\":{\"@type\":\"EntryPoint\",\"urlTemplate\":\"https:\/\/www.libri.de\/fr\/?s={search_term_string}\"},\"query-input\":{\"@type\":\"PropertyValueSpecification\",\"valueRequired\":true,\"valueName\":\"search_term_string\"}}],\"inLanguage\":\"de\"},{\"@type\":\"Organization\",\"@id\":\"https:\/\/www.libri.de\/fr\/#organization\",\"name\":\"Libri\",\"url\":\"https:\/\/www.libri.de\/fr\/\",\"logo\":{\"@type\":\"ImageObject\",\"inLanguage\":\"de\",\"@id\":\"https:\/\/www.libri.de\/fr\/#\/schema\/logo\/image\/\",\"url\":\"https:\/\/188.64.195.32\/wp-content\/uploads\/2022\/04\/libri_logo-1.jpg\",\"contentUrl\":\"https:\/\/188.64.195.32\/wp-content\/uploads\/2022\/04\/libri_logo-1.jpg\",\"width\":2000,\"height\":1000,\"caption\":\"Libri\"},\"image\":{\"@id\":\"https:\/\/www.libri.de\/fr\/#\/schema\/logo\/image\/\"},\"sameAs\":[\"https:\/\/www.facebook.com\/libribarsortiment\",\"https:\/\/www.instagram.com\/libri.barsortiment\",\"https:\/\/www.linkedin.com\/company\/libri-gmbh\"]}]}<\/script>\n<!-- \/ Yoast SEO plugin. -->","yoast_head_json":{"title":"eBook-Gro\u00dfh\u00e4ndler | Libri GmbH","robots":{"index":"index","follow":"follow","max-snippet":"max-snippet:-1","max-image-preview":"max-image-preview:large","max-video-preview":"max-video-preview:-1"},"canonical":"https:\/\/www.libri.de\/de\/fuer-den-handel\/grosshandel\/ebook-grosshaendler\/","og_locale":"de_DE","og_type":"article","og_title":"eBook-Gro\u00dfh\u00e4ndler | Libri GmbH","og_description":"Als eBook-Gro\u00dfh\u00e4ndler bietet Libri Buchh\u00e4ndlern mit eigenen Shopl\u00f6sungen, den Mitgliedern der tolino-Allianz und auch dem station\u00e4ren Handel passende Vertriebswege.","og_url":"https:\/\/www.libri.de\/de\/fuer-den-handel\/grosshandel\/ebook-grosshaendler\/","og_site_name":"Libri GmbH","article_publisher":"https:\/\/www.facebook.com\/libribarsortiment","article_modified_time":"2025-12-03T10:43:43+00:00","og_image":[{"width":1990,"height":1100,"url":"https:\/\/www.libri.de\/wp-content\/uploads\/2021\/12\/Beitragsbild_Libri_blau.jpg","type":"image\/jpeg"}],"twitter_card":"summary_large_image","twitter_misc":{"Gesch\u00e4tzte Lesezeit":"1\u00a0Minute"},"schema":{"@context":"https:\/\/schema.org","@graph":[{"@type":"WebPage","@id":"https:\/\/www.libri.de\/de\/fuer-den-handel\/grosshandel\/ebook-grosshaendler\/","url":"https:\/\/www.libri.de\/de\/fuer-den-handel\/grosshandel\/ebook-grosshaendler\/","name":"eBook-Gro\u00dfh\u00e4ndler | Libri GmbH","isPartOf":{"@id":"https:\/\/www.libri.de\/fr\/#website"},"primaryImageOfPage":{"@id":"https:\/\/www.libri.de\/de\/fuer-den-handel\/grosshandel\/ebook-grosshaendler\/#primaryimage"},"image":{"@id":"https:\/\/www.libri.de\/de\/fuer-den-handel\/grosshandel\/ebook-grosshaendler\/#primaryimage"},"thumbnailUrl":"https:\/\/www.libri.de\/wp-content\/uploads\/2021\/12\/Beitragsbild_Libri_blau.jpg","datePublished":"2021-11-16T17:35:27+00:00","dateModified":"2025-12-03T10:43:43+00:00","breadcrumb":{"@id":"https:\/\/www.libri.de\/de\/fuer-den-handel\/grosshandel\/ebook-grosshaendler\/#breadcrumb"},"inLanguage":"de","potentialAction":[{"@type":"ReadAction","target":["https:\/\/www.libri.de\/de\/fuer-den-handel\/grosshandel\/ebook-grosshaendler\/"]}]},{"@type":"ImageObject","inLanguage":"de","@id":"https:\/\/www.libri.de\/de\/fuer-den-handel\/grosshandel\/ebook-grosshaendler\/#primaryimage","url":"https:\/\/www.libri.de\/wp-content\/uploads\/2021\/12\/Beitragsbild_Libri_blau.jpg","contentUrl":"https:\/\/www.libri.de\/wp-content\/uploads\/2021\/12\/Beitragsbild_Libri_blau.jpg","width":1990,"height":1100},{"@type":"BreadcrumbList","@id":"https:\/\/www.libri.de\/de\/fuer-den-handel\/grosshandel\/ebook-grosshaendler\/#breadcrumb","itemListElement":[{"@type":"ListItem","position":1,"name":"Start","item":"https:\/\/www.libri.de\/de\/"},{"@type":"ListItem","position":2,"name":"F\u00fcr den Handel","item":"https:\/\/www.libri.de\/de\/fuer-den-handel\/"},{"@type":"ListItem","position":3,"name":"Gro\u00dfhandel","item":"https:\/\/www.libri.de\/de\/fuer-den-handel\/grosshandel\/"},{"@type":"ListItem","position":4,"name":"eBook-Gro\u00dfh\u00e4ndler"}]},{"@type":"WebSite","@id":"https:\/\/www.libri.de\/fr\/#website","url":"https:\/\/www.libri.de\/fr\/","name":"Libri GmbH","description":"Barsortiment und Gro\u00dfhandel f\u00fcr B\u00fccher und andere Medien","publisher":{"@id":"https:\/\/www.libri.de\/fr\/#organization"},"potentialAction":[{"@type":"SearchAction","target":{"@type":"EntryPoint","urlTemplate":"https:\/\/www.libri.de\/fr\/?s={search_term_string}"},"query-input":{"@type":"PropertyValueSpecification","valueRequired":true,"valueName":"search_term_string"}}],"inLanguage":"de"},{"@type":"Organization","@id":"https:\/\/www.libri.de\/fr\/#organization","name":"Libri","url":"https:\/\/www.libri.de\/fr\/","logo":{"@type":"ImageObject","inLanguage":"de","@id":"https:\/\/www.libri.de\/fr\/#\/schema\/logo\/image\/","url":"https:\/\/188.64.195.32\/wp-content\/uploads\/2022\/04\/libri_logo-1.jpg","contentUrl":"https:\/\/188.64.195.32\/wp-content\/uploads\/2022\/04\/libri_logo-1.jpg","width":2000,"height":1000,"caption":"Libri"},"image":{"@id":"https:\/\/www.libri.de\/fr\/#\/schema\/logo\/image\/"},"sameAs":["https:\/\/www.facebook.com\/libribarsortiment","https:\/\/www.instagram.com\/libri.barsortiment","https:\/\/www.linkedin.com\/company\/libri-gmbh"]}]}},"_links":{"self":[{"href":"https:\/\/www.libri.de\/de\/wp-json\/wp\/v2\/pages\/31959","targetHints":{"allow":["GET"]}}],"collection":[{"href":"https:\/\/www.libri.de\/de\/wp-json\/wp\/v2\/pages"}],"about":[{"href":"https:\/\/www.libri.de\/de\/wp-json\/wp\/v2\/types\/page"}],"author":[{"embeddable":true,"href":"https:\/\/www.libri.de\/de\/wp-json\/wp\/v2\/users\/5"}],"replies":[{"embeddable":true,"href":"https:\/\/www.libri.de\/de\/wp-json\/wp\/v2\/comments?post=31959"}],"version-history":[{"count":2,"href":"https:\/\/www.libri.de\/de\/wp-json\/wp\/v2\/pages\/31959\/revisions"}],"predecessor-version":[{"id":85195,"href":"https:\/\/www.libri.de\/de\/wp-json\/wp\/v2\/pages\/31959\/revisions\/85195"}],"up":[{"embeddable":true,"href":"https:\/\/www.libri.de\/de\/wp-json\/wp\/v2\/pages\/32777"}],"wp:featuredmedia":[{"embeddable":true,"href":"https:\/\/www.libri.de\/de\/wp-json\/wp\/v2\/media\/34899"}],"wp:attachment":[{"href":"https:\/\/www.libri.de\/de\/wp-json\/wp\/v2\/media?parent=31959"}],"curies":[{"name":"wp","href":"https:\/\/api.w.org\/{rel}","templated":true}]}}