{"id":30529,"date":"2021-11-02T18:39:09","date_gmt":"2021-11-02T16:39:09","guid":{"rendered":"https:\/\/www.libri.de\/?page_id=30529"},"modified":"2025-10-13T12:52:16","modified_gmt":"2025-10-13T10:52:16","slug":"schulbuchmodell-buchhandel","status":"publish","type":"page","link":"https:\/\/www.libri.de\/de\/fuer-den-handel\/services\/schulbuchmodell-buchhandel\/","title":{"rendered":"Schulbuch"},"content":{"rendered":"\r\n<div id=\"header-block_aa3d96752b790431ffeb5dc228e2fd15\" class=\"block-header module type-big bc-blue c-white-imp\">\r\n  <div class=\"container\">\r\n\r\n    <p id=\"breadcrumbs\"><span><span><a href=\"https:\/\/www.libri.de\/de\/\">Start<\/a><\/span><\/span><\/p>    \r\n    \r\n              <div class=\"image\">\r\n          <img decoding=\"async\" width=\"1900\" height=\"1050\" src=\"https:\/\/www.libri.de\/wp-content\/uploads\/2021\/11\/Schulbuchgeschaeft_Libri.png\" class=\"attachment-2048x2048 size-2048x2048\" alt=\"Libri Schulbuchmodell f\u00fcr den Buchhandel: B\u00fccherstapel vor einer Schultafel\" srcset=\"https:\/\/www.libri.de\/wp-content\/uploads\/2021\/11\/Schulbuchgeschaeft_Libri.png 1900w, https:\/\/www.libri.de\/wp-content\/uploads\/2021\/11\/Schulbuchgeschaeft_Libri-300x166.png 300w, https:\/\/www.libri.de\/wp-content\/uploads\/2021\/11\/Schulbuchgeschaeft_Libri-1024x566.png 1024w, https:\/\/www.libri.de\/wp-content\/uploads\/2021\/11\/Schulbuchgeschaeft_Libri-768x424.png 768w, https:\/\/www.libri.de\/wp-content\/uploads\/2021\/11\/Schulbuchgeschaeft_Libri-1536x849.png 1536w\" sizes=\"(max-width: 1900px) 100vw, 1900px\" \/>        <\/div>\r\n      \r\n      <div class=\"row\">\r\n        <div class=\"col-12 col-md-10 title\">\r\n          <h1 class=\"\">Das Libri-Schulbuchmodell f\u00fcr den Buchhandel<\/h1>\r\n        <\/div>\r\n\r\n        <div class=\"col-12 col-md-10 text\">\r\n          <p>Erfolgreich im Schulbuchgesch\u00e4ft: Das Schulbuchgesch\u00e4ft kann oft zeitintensiv und stressig sein. Mit dem Libri-Schulbuchmodell gewinnen Sie als Buchh\u00e4ndler*in wertvolle Zeit und k\u00f6nnen sich wieder ganz auf Ihr Kerngesch\u00e4ft konzentrieren!<\/p>\r\n        <\/div>\r\n      <\/div>\r\n\r\n      \r\n  <\/div>\r\n<\/div>\r\n\r\n\n\n\r\n<div id=\"space-block_3d54fe1fb6612b657f00608dbb650bae\" class=\"block-space module bc-trans\" style=\"height: 48px;\"><\/div>\n\n\r\n<div id=\"text-block_2d76acfd91955d3942ed8f4979659405\" class=\"block-text module type-text bc-trans\">\r\n  <div class=\"container\">\r\n\r\n    \r\n      <div class=\"row \">\r\n\r\n        \r\n        <div class=\"col-12 col-md-10\">\r\n\r\n          \r\n          <div class=\"text for-box-js\">\r\n            <h2>Vier gute Gr\u00fcnde f\u00fcr das Libri-Schulbuch Modell<\/h2>\n          <\/div>\r\n\r\n          \r\n          \r\n        <\/div>\r\n        \r\n      <\/div>\r\n\r\n    \r\n  <\/div>\r\n<\/div>\r\n\r\n\n\n\r\n<div id=\"text-block_f3283f74634429aa9705b5b30f84fb50\" class=\"block-text module type-text bc-trans\">\r\n  <div class=\"container\">\r\n\r\n    \r\n      <div class=\"row \">\r\n\r\n        \r\n        <div class=\"col-12 col-md-10\">\r\n\r\n                      <h2 class=\"title\">Sie k\u00f6nnen sich auf Libri verlassen\u00a0<\/h2>\r\n          \r\n          <div class=\"text for-box-js\">\r\n            <p><span data-contrast=\"auto\">Ihr Schulbuch-Sammelauftrag wird exakt nach Ihren Vorgaben\u00a0Schule f\u00fcr Schule zusammengestellt, sortiert und geliefert. Wir liefern verl\u00e4sslich in Mehrwegwannen auf Paletten.<\/span><span data-ccp-props=\"{&quot;201341983&quot;:0,&quot;335559740&quot;:259}\">\u00a0<\/span><\/p>\n          <\/div>\r\n\r\n          \r\n          \r\n        <\/div>\r\n        \r\n      <\/div>\r\n\r\n    \r\n  <\/div>\r\n<\/div>\r\n\r\n\n\n\r\n<div id=\"text-block_895767de64f8b637017acaf5532855ce\" class=\"block-text module type-text bc-trans\">\r\n  <div class=\"container\">\r\n\r\n    \r\n      <div class=\"row \">\r\n\r\n        \r\n        <div class=\"col-12 col-md-10\">\r\n\r\n                      <h2 class=\"title\">Bestimmen Sie selbst, wie unsere Schulbuchlogistik Sie unterst\u00fctzt\u00a0<\/h2>\r\n          \r\n          <div class=\"text for-box-js\">\r\n            <p>Sie entscheiden, ob wir in\u00a0Ihre Buchhandlung liefern oder direkt in die Schule.\u00a0Daf\u00fcr geben Sie den Liefertermin vor, das Leergut holen wir sp\u00e4ter in der Schule oder in Ihrer Buchhandlung ab.<\/p>\n          <\/div>\r\n\r\n          \r\n          \r\n        <\/div>\r\n        \r\n      <\/div>\r\n\r\n    \r\n  <\/div>\r\n<\/div>\r\n\r\n\n\n\r\n<div id=\"text-block_697907f65c5142c53ffa15f2c9f673ea\" class=\"block-text module type-text bc-trans\">\r\n  <div class=\"container\">\r\n\r\n    \r\n      <div class=\"row \">\r\n\r\n        \r\n        <div class=\"col-12 col-md-10\">\r\n\r\n                      <h2 class=\"title\">Sie sparen Aufwand ein und haben wieder Zeit f\u00fcr Wesentliches\u00a0<\/h2>\r\n          \r\n          <div class=\"text for-box-js\">\r\n            <p><span data-contrast=\"auto\">Sie ben\u00f6tigen kein zus\u00e4tzliches\u00a0Personal und haben wieder mehr Kapazit\u00e4ten f\u00fcr Ihre Kund*innen.<\/span><\/p>\n          <\/div>\r\n\r\n          \r\n          \r\n        <\/div>\r\n        \r\n      <\/div>\r\n\r\n    \r\n  <\/div>\r\n<\/div>\r\n\r\n\n\n\r\n<div id=\"text-block_b1e9f082a56a697cd627e20b52610ba5\" class=\"block-text module type-text bc-trans\">\r\n  <div class=\"container\">\r\n\r\n    \r\n      <div class=\"row \">\r\n\r\n        \r\n        <div class=\"col-12 col-md-10\">\r\n\r\n                      <h2 class=\"title\">Halten Sie Ihre Belastung gering\u00a0<\/h2>\r\n          \r\n          <div class=\"text for-box-js\">\r\n            <p><span data-contrast=\"auto\">Unsere Konditionen sind g\u00fcnstig und klar strukturiert. Mit dem optionalen Finanzierungsservice bleiben Sie liquide, auch wenn die Zahlungen der Schulen noch ausstehen.<\/span><span data-ccp-props=\"{&quot;201341983&quot;:0,&quot;335559740&quot;:259}\">\u00a0<\/span><\/p>\n          <\/div>\r\n\r\n          \r\n          \r\n        <\/div>\r\n        \r\n      <\/div>\r\n\r\n    \r\n  <\/div>\r\n<\/div>\r\n\r\n\n\n\r\n<div id=\"space-block_3363bdf9255bb35cff3f78a22a70155a\" class=\"block-space module bc-trans\" style=\"height: 48px;\"><\/div>\n\n\r\n<div id=\"teaser-contact-block_d5c511e4f7d313632dbf858603e85010\" class=\"block-teaser-contact bc-blue c-white-imp\">\r\n  <div class=\"container\">\r\n    <div class=\"row flex-md-row-reverse justify-content-between\">\r\n\r\n      <div class=\"col-12 col-md-4\">\r\n        <div class=\"image\">\r\n          <img decoding=\"async\" width=\"24\" height=\"24\" src=\"https:\/\/www.libri.de\/wp-content\/uploads\/2021\/10\/people_white_24dp.svg\" class=\"attachment-medium_large size-medium_large\" alt=\"Libri Kontakt Icon\" \/>        <\/div>\r\n      <\/div>\r\n\r\n      <div class=\"col-12 col-md-6 d-flex flex-column\">\r\n\r\n        <div class=\"text\">\r\n                      <h2 class=\"title\">Interesse &#8230;<\/h2>\r\n          \r\n                      <p>&#8230; an unserer Schulbuchlogistik? M\u00f6chten Sie mehr zu den Konditionen erfahren?\u00a0<br \/>\r\n<br \/>\r\nDann kontaktieren Sie Ihre Kundenberater*in! <\/p>\r\n                  <\/div>\r\n\r\n                  <div class=\"cta\">\r\n            <a \r\n              class=\"bttn-primary \"\r\n              href=\"https:\/\/www.libri.de\/de\/vertrieb_stationaer\/\"\r\n              target=\"_self\"\r\n              >\r\n              Jetzt Kontakt aufnehmen            <\/a>\r\n          <\/div>\r\n        \r\n        \r\n      <\/div>\r\n\r\n    <\/div>\r\n  <\/div>\r\n<\/div>\r\n\r\n","protected":false},"excerpt":{"rendered":"<p>Libri unterst\u00fctzt Buchhandlungen mit einem effizienten Schulbuchmodell: ma\u00dfgeschneiderte Sammelauftr\u00e4ge, flexible Lieferoptionen und optionaler Finanzierungsservice erm\u00f6glichen eine zeitsparende und kostentransparente Abwicklung. So bleibt mehr Raum f\u00fcr Ihr Kerngesch\u00e4ft!<\/p>\n","protected":false},"author":10,"featured_media":30532,"parent":32803,"menu_order":0,"comment_status":"closed","ping_status":"closed","template":"","meta":{"_acf_changed":false,"footnotes":""},"class_list":["post-30529","page","type-page","status-publish","has-post-thumbnail","hentry"],"acf":[],"yoast_head":"<!-- This site is optimized with the Yoast SEO plugin v27.0 - https:\/\/yoast.com\/product\/yoast-seo-wordpress\/ -->\n<title>Schulbuch | Libri GmbH<\/title>\n<meta name=\"description\" content=\"Libri bietet das Schulbuchmodell f\u00fcr den Buchhandel mit Sammelauftr\u00e4gen, flexiblen Lieferoptionen und Finanzierungsservice.\" \/>\n<meta name=\"robots\" content=\"index, follow, max-snippet:-1, max-image-preview:large, max-video-preview:-1\" \/>\n<link rel=\"canonical\" href=\"https:\/\/www.libri.de\/de\/fuer-den-handel\/services\/schulbuchmodell-buchhandel\/\" \/>\n<meta property=\"og:locale\" content=\"de_DE\" \/>\n<meta property=\"og:type\" content=\"article\" \/>\n<meta property=\"og:title\" content=\"Schulbuch | Libri GmbH\" \/>\n<meta property=\"og:description\" content=\"Libri bietet das Schulbuchmodell f\u00fcr den Buchhandel mit Sammelauftr\u00e4gen, flexiblen Lieferoptionen und Finanzierungsservice.\" \/>\n<meta property=\"og:url\" content=\"https:\/\/www.libri.de\/de\/fuer-den-handel\/services\/schulbuchmodell-buchhandel\/\" \/>\n<meta property=\"og:site_name\" content=\"Libri GmbH\" \/>\n<meta property=\"article:publisher\" content=\"https:\/\/www.facebook.com\/libribarsortiment\" \/>\n<meta property=\"article:modified_time\" content=\"2025-10-13T10:52:16+00:00\" \/>\n<meta property=\"og:image\" content=\"https:\/\/www.libri.de\/wp-content\/uploads\/2021\/11\/Schulbuchgeschaeft_Libri.png\" \/>\n\t<meta property=\"og:image:width\" content=\"1900\" \/>\n\t<meta property=\"og:image:height\" content=\"1050\" \/>\n\t<meta property=\"og:image:type\" content=\"image\/png\" \/>\n<meta name=\"twitter:card\" content=\"summary_large_image\" \/>\n<meta name=\"twitter:label1\" content=\"Gesch\u00e4tzte Lesezeit\" \/>\n\t<meta name=\"twitter:data1\" content=\"1\u00a0Minute\" \/>\n<script type=\"application\/ld+json\" class=\"yoast-schema-graph\">{\"@context\":\"https:\/\/schema.org\",\"@graph\":[{\"@type\":\"WebPage\",\"@id\":\"https:\/\/www.libri.de\/de\/fuer-den-handel\/services\/schulbuchmodell-buchhandel\/\",\"url\":\"https:\/\/www.libri.de\/de\/fuer-den-handel\/services\/schulbuchmodell-buchhandel\/\",\"name\":\"Schulbuch | Libri GmbH\",\"isPartOf\":{\"@id\":\"https:\/\/www.libri.de\/fr\/#website\"},\"primaryImageOfPage\":{\"@id\":\"https:\/\/www.libri.de\/de\/fuer-den-handel\/services\/schulbuchmodell-buchhandel\/#primaryimage\"},\"image\":{\"@id\":\"https:\/\/www.libri.de\/de\/fuer-den-handel\/services\/schulbuchmodell-buchhandel\/#primaryimage\"},\"thumbnailUrl\":\"https:\/\/www.libri.de\/wp-content\/uploads\/2021\/11\/Schulbuchgeschaeft_Libri.png\",\"datePublished\":\"2021-11-02T16:39:09+00:00\",\"dateModified\":\"2025-10-13T10:52:16+00:00\",\"description\":\"Libri bietet das Schulbuchmodell f\u00fcr den Buchhandel mit Sammelauftr\u00e4gen, flexiblen Lieferoptionen und Finanzierungsservice.\",\"breadcrumb\":{\"@id\":\"https:\/\/www.libri.de\/de\/fuer-den-handel\/services\/schulbuchmodell-buchhandel\/#breadcrumb\"},\"inLanguage\":\"de\",\"potentialAction\":[{\"@type\":\"ReadAction\",\"target\":[\"https:\/\/www.libri.de\/de\/fuer-den-handel\/services\/schulbuchmodell-buchhandel\/\"]}]},{\"@type\":\"ImageObject\",\"inLanguage\":\"de\",\"@id\":\"https:\/\/www.libri.de\/de\/fuer-den-handel\/services\/schulbuchmodell-buchhandel\/#primaryimage\",\"url\":\"https:\/\/www.libri.de\/wp-content\/uploads\/2021\/11\/Schulbuchgeschaeft_Libri.png\",\"contentUrl\":\"https:\/\/www.libri.de\/wp-content\/uploads\/2021\/11\/Schulbuchgeschaeft_Libri.png\",\"width\":1900,\"height\":1050,\"caption\":\"Libri Schulbuchmodell f\u00fcr den Buchhandel: B\u00fccherstapel vor einer Schultafel\"},{\"@type\":\"BreadcrumbList\",\"@id\":\"https:\/\/www.libri.de\/de\/fuer-den-handel\/services\/schulbuchmodell-buchhandel\/#breadcrumb\",\"itemListElement\":[{\"@type\":\"ListItem\",\"position\":1,\"name\":\"Start\",\"item\":\"https:\/\/www.libri.de\/de\/\"},{\"@type\":\"ListItem\",\"position\":2,\"name\":\"F\u00fcr den Handel\",\"item\":\"https:\/\/www.libri.de\/de\/fuer-den-handel\/\"},{\"@type\":\"ListItem\",\"position\":3,\"name\":\"Services\",\"item\":\"https:\/\/www.libri.de\/de\/fuer-den-handel\/services\/\"},{\"@type\":\"ListItem\",\"position\":4,\"name\":\"Schulbuch\"}]},{\"@type\":\"WebSite\",\"@id\":\"https:\/\/www.libri.de\/fr\/#website\",\"url\":\"https:\/\/www.libri.de\/fr\/\",\"name\":\"Libri GmbH\",\"description\":\"Barsortiment und Gro\u00dfhandel f\u00fcr B\u00fccher und andere Medien\",\"publisher\":{\"@id\":\"https:\/\/www.libri.de\/fr\/#organization\"},\"potentialAction\":[{\"@type\":\"SearchAction\",\"target\":{\"@type\":\"EntryPoint\",\"urlTemplate\":\"https:\/\/www.libri.de\/fr\/?s={search_term_string}\"},\"query-input\":{\"@type\":\"PropertyValueSpecification\",\"valueRequired\":true,\"valueName\":\"search_term_string\"}}],\"inLanguage\":\"de\"},{\"@type\":\"Organization\",\"@id\":\"https:\/\/www.libri.de\/fr\/#organization\",\"name\":\"Libri\",\"url\":\"https:\/\/www.libri.de\/fr\/\",\"logo\":{\"@type\":\"ImageObject\",\"inLanguage\":\"de\",\"@id\":\"https:\/\/www.libri.de\/fr\/#\/schema\/logo\/image\/\",\"url\":\"https:\/\/188.64.195.32\/wp-content\/uploads\/2022\/04\/libri_logo-1.jpg\",\"contentUrl\":\"https:\/\/188.64.195.32\/wp-content\/uploads\/2022\/04\/libri_logo-1.jpg\",\"width\":2000,\"height\":1000,\"caption\":\"Libri\"},\"image\":{\"@id\":\"https:\/\/www.libri.de\/fr\/#\/schema\/logo\/image\/\"},\"sameAs\":[\"https:\/\/www.facebook.com\/libribarsortiment\",\"https:\/\/www.instagram.com\/libri.barsortiment\",\"https:\/\/www.linkedin.com\/company\/libri-gmbh\"]}]}<\/script>\n<!-- \/ Yoast SEO plugin. -->","yoast_head_json":{"title":"Schulbuch | Libri GmbH","description":"Libri bietet das Schulbuchmodell f\u00fcr den Buchhandel mit Sammelauftr\u00e4gen, flexiblen Lieferoptionen und Finanzierungsservice.","robots":{"index":"index","follow":"follow","max-snippet":"max-snippet:-1","max-image-preview":"max-image-preview:large","max-video-preview":"max-video-preview:-1"},"canonical":"https:\/\/www.libri.de\/de\/fuer-den-handel\/services\/schulbuchmodell-buchhandel\/","og_locale":"de_DE","og_type":"article","og_title":"Schulbuch | Libri GmbH","og_description":"Libri bietet das Schulbuchmodell f\u00fcr den Buchhandel mit Sammelauftr\u00e4gen, flexiblen Lieferoptionen und Finanzierungsservice.","og_url":"https:\/\/www.libri.de\/de\/fuer-den-handel\/services\/schulbuchmodell-buchhandel\/","og_site_name":"Libri GmbH","article_publisher":"https:\/\/www.facebook.com\/libribarsortiment","article_modified_time":"2025-10-13T10:52:16+00:00","og_image":[{"width":1900,"height":1050,"url":"https:\/\/www.libri.de\/wp-content\/uploads\/2021\/11\/Schulbuchgeschaeft_Libri.png","type":"image\/png"}],"twitter_card":"summary_large_image","twitter_misc":{"Gesch\u00e4tzte Lesezeit":"1\u00a0Minute"},"schema":{"@context":"https:\/\/schema.org","@graph":[{"@type":"WebPage","@id":"https:\/\/www.libri.de\/de\/fuer-den-handel\/services\/schulbuchmodell-buchhandel\/","url":"https:\/\/www.libri.de\/de\/fuer-den-handel\/services\/schulbuchmodell-buchhandel\/","name":"Schulbuch | Libri GmbH","isPartOf":{"@id":"https:\/\/www.libri.de\/fr\/#website"},"primaryImageOfPage":{"@id":"https:\/\/www.libri.de\/de\/fuer-den-handel\/services\/schulbuchmodell-buchhandel\/#primaryimage"},"image":{"@id":"https:\/\/www.libri.de\/de\/fuer-den-handel\/services\/schulbuchmodell-buchhandel\/#primaryimage"},"thumbnailUrl":"https:\/\/www.libri.de\/wp-content\/uploads\/2021\/11\/Schulbuchgeschaeft_Libri.png","datePublished":"2021-11-02T16:39:09+00:00","dateModified":"2025-10-13T10:52:16+00:00","description":"Libri bietet das Schulbuchmodell f\u00fcr den Buchhandel mit Sammelauftr\u00e4gen, flexiblen Lieferoptionen und Finanzierungsservice.","breadcrumb":{"@id":"https:\/\/www.libri.de\/de\/fuer-den-handel\/services\/schulbuchmodell-buchhandel\/#breadcrumb"},"inLanguage":"de","potentialAction":[{"@type":"ReadAction","target":["https:\/\/www.libri.de\/de\/fuer-den-handel\/services\/schulbuchmodell-buchhandel\/"]}]},{"@type":"ImageObject","inLanguage":"de","@id":"https:\/\/www.libri.de\/de\/fuer-den-handel\/services\/schulbuchmodell-buchhandel\/#primaryimage","url":"https:\/\/www.libri.de\/wp-content\/uploads\/2021\/11\/Schulbuchgeschaeft_Libri.png","contentUrl":"https:\/\/www.libri.de\/wp-content\/uploads\/2021\/11\/Schulbuchgeschaeft_Libri.png","width":1900,"height":1050,"caption":"Libri Schulbuchmodell f\u00fcr den Buchhandel: B\u00fccherstapel vor einer Schultafel"},{"@type":"BreadcrumbList","@id":"https:\/\/www.libri.de\/de\/fuer-den-handel\/services\/schulbuchmodell-buchhandel\/#breadcrumb","itemListElement":[{"@type":"ListItem","position":1,"name":"Start","item":"https:\/\/www.libri.de\/de\/"},{"@type":"ListItem","position":2,"name":"F\u00fcr den Handel","item":"https:\/\/www.libri.de\/de\/fuer-den-handel\/"},{"@type":"ListItem","position":3,"name":"Services","item":"https:\/\/www.libri.de\/de\/fuer-den-handel\/services\/"},{"@type":"ListItem","position":4,"name":"Schulbuch"}]},{"@type":"WebSite","@id":"https:\/\/www.libri.de\/fr\/#website","url":"https:\/\/www.libri.de\/fr\/","name":"Libri GmbH","description":"Barsortiment und Gro\u00dfhandel f\u00fcr B\u00fccher und andere Medien","publisher":{"@id":"https:\/\/www.libri.de\/fr\/#organization"},"potentialAction":[{"@type":"SearchAction","target":{"@type":"EntryPoint","urlTemplate":"https:\/\/www.libri.de\/fr\/?s={search_term_string}"},"query-input":{"@type":"PropertyValueSpecification","valueRequired":true,"valueName":"search_term_string"}}],"inLanguage":"de"},{"@type":"Organization","@id":"https:\/\/www.libri.de\/fr\/#organization","name":"Libri","url":"https:\/\/www.libri.de\/fr\/","logo":{"@type":"ImageObject","inLanguage":"de","@id":"https:\/\/www.libri.de\/fr\/#\/schema\/logo\/image\/","url":"https:\/\/188.64.195.32\/wp-content\/uploads\/2022\/04\/libri_logo-1.jpg","contentUrl":"https:\/\/188.64.195.32\/wp-content\/uploads\/2022\/04\/libri_logo-1.jpg","width":2000,"height":1000,"caption":"Libri"},"image":{"@id":"https:\/\/www.libri.de\/fr\/#\/schema\/logo\/image\/"},"sameAs":["https:\/\/www.facebook.com\/libribarsortiment","https:\/\/www.instagram.com\/libri.barsortiment","https:\/\/www.linkedin.com\/company\/libri-gmbh"]}]}},"_links":{"self":[{"href":"https:\/\/www.libri.de\/de\/wp-json\/wp\/v2\/pages\/30529","targetHints":{"allow":["GET"]}}],"collection":[{"href":"https:\/\/www.libri.de\/de\/wp-json\/wp\/v2\/pages"}],"about":[{"href":"https:\/\/www.libri.de\/de\/wp-json\/wp\/v2\/types\/page"}],"author":[{"embeddable":true,"href":"https:\/\/www.libri.de\/de\/wp-json\/wp\/v2\/users\/10"}],"replies":[{"embeddable":true,"href":"https:\/\/www.libri.de\/de\/wp-json\/wp\/v2\/comments?post=30529"}],"version-history":[{"count":2,"href":"https:\/\/www.libri.de\/de\/wp-json\/wp\/v2\/pages\/30529\/revisions"}],"predecessor-version":[{"id":82544,"href":"https:\/\/www.libri.de\/de\/wp-json\/wp\/v2\/pages\/30529\/revisions\/82544"}],"up":[{"embeddable":true,"href":"https:\/\/www.libri.de\/de\/wp-json\/wp\/v2\/pages\/32803"}],"wp:featuredmedia":[{"embeddable":true,"href":"https:\/\/www.libri.de\/de\/wp-json\/wp\/v2\/media\/30532"}],"wp:attachment":[{"href":"https:\/\/www.libri.de\/de\/wp-json\/wp\/v2\/media?parent=30529"}],"curies":[{"name":"wp","href":"https:\/\/api.w.org\/{rel}","templated":true}]}}