{"id":30497,"date":"2021-11-02T13:16:08","date_gmt":"2021-11-02T11:16:08","guid":{"rendered":"https:\/\/www.libri.de\/?page_id=30497"},"modified":"2025-10-09T12:55:48","modified_gmt":"2025-10-09T10:55:48","slug":"internationale-ecommerce-haendlerinnen","status":"publish","type":"page","link":"https:\/\/www.libri.de\/de\/kontakt\/internationale-ecommerce-haendlerinnen\/","title":{"rendered":"Internationale und eCommerce-H\u00e4ndler*innen"},"content":{"rendered":"\r\n<div id=\"header-block_6fb02107e46633fc3baf7495ce5bfdc3\" class=\"block-header module type-small bc-trans\">\r\n  <div class=\"container\">\r\n\r\n    <p id=\"breadcrumbs\"><span><span><a href=\"https:\/\/www.libri.de\/de\/\">Start<\/a><\/span><\/span><\/p>    \r\n    \r\n      \r\n      <div class=\"row\">\r\n        <div class=\"col-12 col-md-10 title\">\r\n          <h1 class=\"\">Internationale und eCommerce-H\u00e4ndler*innen<\/h1>\r\n        <\/div>\r\n\r\n        <div class=\"col-12 col-md-10 text\">\r\n          <p>Bei Fragen zu unseren Services f\u00fcr Online-Kund*innen und zu unseren Angeboten f\u00fcr Ihr Unternehmen au\u00dferhalb Deutschlands stehen wir Ihnen gern zur Verf\u00fcgung.<\/p>\r\n        <\/div>\r\n      <\/div>\r\n\r\n      \r\n  <\/div>\r\n<\/div>\r\n\r\n\n\n\r\n<div id=\"text-block_9ffa6de4fd96b3fdb96ab1cb16c4f66b\" class=\"block-text module type-text bc-trans\">\r\n  <div class=\"container\">\r\n\r\n    \r\n      <div class=\"row \">\r\n\r\n        \r\n        <div class=\"col-12 col-md-10\">\r\n\r\n          \r\n          <div class=\"text for-box-js\">\r\n            <h4>Sie haben Interesse an unserer White Label Shop-L\u00f6sung <strong>Libri.Shopline<\/strong>?<\/h4>\n<p>Dann wenden Sie sich bitte an unsere <a href=\"https:\/\/www.libri.de\/de\/kontakt\/vertrieb_stationaer\/\">Kundenberater*innen f\u00fcr den unabh\u00e4ngigen Buchhandel<\/a>.<\/p>\n          <\/div>\r\n\r\n          \r\n          \r\n        <\/div>\r\n        \r\n      <\/div>\r\n\r\n    \r\n  <\/div>\r\n<\/div>\r\n\r\n\n\n\r\n<div id=\"contacts-block_7f78489fdbe047ede35f9f4b02aa22ac\" class=\"block-contacts module\">\r\n  <div class=\"container\">\r\n    <div class=\"row\">\r\n      \r\n        <div class=\"col-12 col-md-6\">\r\n          <div class=\"d-flex align-items-center contacts-entry bc-green-2\">\r\n\r\n            <div class=\"image-wrapper\">\r\n              <div class=\"image\">\r\n                <img decoding=\"async\" width=\"24\" height=\"24\" src=\"https:\/\/www.libri.de\/wp-content\/uploads\/2021\/10\/people_white_24dp.svg\" class=\"attachment-thumbnail size-thumbnail\" alt=\"Libri Kontakt Icon\" \/>              <\/div>\r\n            <\/div>\r\n\r\n            <p class=\"info\">\r\n              Abteilung<br>              <b>Team Internationale und eCommerce-H\u00e4ndler*innen<\/b><br>\r\n                                            <a href=\"mailto:sales@libri.de\">sales@libri.de<\/a>\r\n                          <\/p>\r\n\r\n          <\/div>\r\n        <\/div>  \r\n      \r\n          <\/div>\r\n  <\/div>\r\n<\/div>\r\n\r\n\n\n\r\n<div id=\"go-back-block_2586369aa911182546137f75fecaadfe\" class=\"block-go-back module bc-trans\">\r\n  <div class=\"container\">\r\n\r\n    <a href=\"javascript:history.back()\" class=\"bttn-secondary go-back-link\">\r\n      <span class=\"arrow-left\"><\/span>Zur\u00fcck zur \u00dcbersicht    <\/a>\r\n\r\n  <\/div>\r\n<\/div>\r\n\r\n","protected":false},"excerpt":{"rendered":"<p>Bei Fragen zu unseren Services f\u00fcr Online-Kund*innen und zu unseren Angeboten f\u00fcr Ihr Unternehmen au\u00dferhalb Deutschlands stehen wir Ihnen gern zur Verf\u00fcgung.<\/p>\n","protected":false},"author":10,"featured_media":34899,"parent":28259,"menu_order":0,"comment_status":"closed","ping_status":"closed","template":"","meta":{"_acf_changed":false,"footnotes":""},"class_list":["post-30497","page","type-page","status-publish","has-post-thumbnail","hentry"],"acf":[],"yoast_head":"<!-- This site is optimized with the Yoast SEO plugin v27.0 - https:\/\/yoast.com\/product\/yoast-seo-wordpress\/ -->\n<title>Internationale und eCommerce-H\u00e4ndler*innen | Libri GmbH<\/title>\n<meta name=\"robots\" content=\"index, follow, max-snippet:-1, max-image-preview:large, max-video-preview:-1\" \/>\n<link rel=\"canonical\" href=\"https:\/\/www.libri.de\/de\/kontakt\/internationale-ecommerce-haendlerinnen\/\" \/>\n<meta property=\"og:locale\" content=\"de_DE\" \/>\n<meta property=\"og:type\" content=\"article\" \/>\n<meta property=\"og:title\" content=\"Internationale und eCommerce-H\u00e4ndler*innen | Libri GmbH\" \/>\n<meta property=\"og:description\" content=\"Bei Fragen zu unseren Services f\u00fcr Online-Kund*innen und zu unseren Angeboten f\u00fcr Ihr Unternehmen au\u00dferhalb Deutschlands stehen wir Ihnen gern zur Verf\u00fcgung.\" \/>\n<meta property=\"og:url\" content=\"https:\/\/www.libri.de\/de\/kontakt\/internationale-ecommerce-haendlerinnen\/\" \/>\n<meta property=\"og:site_name\" content=\"Libri GmbH\" \/>\n<meta property=\"article:publisher\" content=\"https:\/\/www.facebook.com\/libribarsortiment\" \/>\n<meta property=\"article:modified_time\" content=\"2025-10-09T10:55:48+00:00\" \/>\n<meta property=\"og:image\" content=\"https:\/\/www.libri.de\/wp-content\/uploads\/2021\/12\/Beitragsbild_Libri_blau.jpg\" \/>\n\t<meta property=\"og:image:width\" content=\"1990\" \/>\n\t<meta property=\"og:image:height\" content=\"1100\" \/>\n\t<meta property=\"og:image:type\" content=\"image\/jpeg\" \/>\n<meta name=\"twitter:card\" content=\"summary_large_image\" \/>\n<meta name=\"twitter:label1\" content=\"Gesch\u00e4tzte Lesezeit\" \/>\n\t<meta name=\"twitter:data1\" content=\"1\u00a0Minute\" \/>\n<script type=\"application\/ld+json\" class=\"yoast-schema-graph\">{\"@context\":\"https:\/\/schema.org\",\"@graph\":[{\"@type\":\"WebPage\",\"@id\":\"https:\/\/www.libri.de\/de\/kontakt\/internationale-ecommerce-haendlerinnen\/\",\"url\":\"https:\/\/www.libri.de\/de\/kontakt\/internationale-ecommerce-haendlerinnen\/\",\"name\":\"Internationale und eCommerce-H\u00e4ndler*innen | Libri GmbH\",\"isPartOf\":{\"@id\":\"https:\/\/www.libri.de\/fr\/#website\"},\"primaryImageOfPage\":{\"@id\":\"https:\/\/www.libri.de\/de\/kontakt\/internationale-ecommerce-haendlerinnen\/#primaryimage\"},\"image\":{\"@id\":\"https:\/\/www.libri.de\/de\/kontakt\/internationale-ecommerce-haendlerinnen\/#primaryimage\"},\"thumbnailUrl\":\"https:\/\/www.libri.de\/wp-content\/uploads\/2021\/12\/Beitragsbild_Libri_blau.jpg\",\"datePublished\":\"2021-11-02T11:16:08+00:00\",\"dateModified\":\"2025-10-09T10:55:48+00:00\",\"breadcrumb\":{\"@id\":\"https:\/\/www.libri.de\/de\/kontakt\/internationale-ecommerce-haendlerinnen\/#breadcrumb\"},\"inLanguage\":\"de\",\"potentialAction\":[{\"@type\":\"ReadAction\",\"target\":[\"https:\/\/www.libri.de\/de\/kontakt\/internationale-ecommerce-haendlerinnen\/\"]}]},{\"@type\":\"ImageObject\",\"inLanguage\":\"de\",\"@id\":\"https:\/\/www.libri.de\/de\/kontakt\/internationale-ecommerce-haendlerinnen\/#primaryimage\",\"url\":\"https:\/\/www.libri.de\/wp-content\/uploads\/2021\/12\/Beitragsbild_Libri_blau.jpg\",\"contentUrl\":\"https:\/\/www.libri.de\/wp-content\/uploads\/2021\/12\/Beitragsbild_Libri_blau.jpg\",\"width\":1990,\"height\":1100},{\"@type\":\"BreadcrumbList\",\"@id\":\"https:\/\/www.libri.de\/de\/kontakt\/internationale-ecommerce-haendlerinnen\/#breadcrumb\",\"itemListElement\":[{\"@type\":\"ListItem\",\"position\":1,\"name\":\"Start\",\"item\":\"https:\/\/www.libri.de\/de\/\"},{\"@type\":\"ListItem\",\"position\":2,\"name\":\"Kontakt\",\"item\":\"https:\/\/www.libri.de\/de\/kontakt\/\"},{\"@type\":\"ListItem\",\"position\":3,\"name\":\"Internationale und eCommerce-H\u00e4ndler*innen\"}]},{\"@type\":\"WebSite\",\"@id\":\"https:\/\/www.libri.de\/fr\/#website\",\"url\":\"https:\/\/www.libri.de\/fr\/\",\"name\":\"Libri GmbH\",\"description\":\"Barsortiment und Gro\u00dfhandel f\u00fcr B\u00fccher und andere Medien\",\"publisher\":{\"@id\":\"https:\/\/www.libri.de\/fr\/#organization\"},\"potentialAction\":[{\"@type\":\"SearchAction\",\"target\":{\"@type\":\"EntryPoint\",\"urlTemplate\":\"https:\/\/www.libri.de\/fr\/?s={search_term_string}\"},\"query-input\":{\"@type\":\"PropertyValueSpecification\",\"valueRequired\":true,\"valueName\":\"search_term_string\"}}],\"inLanguage\":\"de\"},{\"@type\":\"Organization\",\"@id\":\"https:\/\/www.libri.de\/fr\/#organization\",\"name\":\"Libri\",\"url\":\"https:\/\/www.libri.de\/fr\/\",\"logo\":{\"@type\":\"ImageObject\",\"inLanguage\":\"de\",\"@id\":\"https:\/\/www.libri.de\/fr\/#\/schema\/logo\/image\/\",\"url\":\"https:\/\/188.64.195.32\/wp-content\/uploads\/2022\/04\/libri_logo-1.jpg\",\"contentUrl\":\"https:\/\/188.64.195.32\/wp-content\/uploads\/2022\/04\/libri_logo-1.jpg\",\"width\":2000,\"height\":1000,\"caption\":\"Libri\"},\"image\":{\"@id\":\"https:\/\/www.libri.de\/fr\/#\/schema\/logo\/image\/\"},\"sameAs\":[\"https:\/\/www.facebook.com\/libribarsortiment\",\"https:\/\/www.instagram.com\/libri.barsortiment\",\"https:\/\/www.linkedin.com\/company\/libri-gmbh\"]}]}<\/script>\n<!-- \/ Yoast SEO plugin. -->","yoast_head_json":{"title":"Internationale und eCommerce-H\u00e4ndler*innen | Libri GmbH","robots":{"index":"index","follow":"follow","max-snippet":"max-snippet:-1","max-image-preview":"max-image-preview:large","max-video-preview":"max-video-preview:-1"},"canonical":"https:\/\/www.libri.de\/de\/kontakt\/internationale-ecommerce-haendlerinnen\/","og_locale":"de_DE","og_type":"article","og_title":"Internationale und eCommerce-H\u00e4ndler*innen | Libri GmbH","og_description":"Bei Fragen zu unseren Services f\u00fcr Online-Kund*innen und zu unseren Angeboten f\u00fcr Ihr Unternehmen au\u00dferhalb Deutschlands stehen wir Ihnen gern zur Verf\u00fcgung.","og_url":"https:\/\/www.libri.de\/de\/kontakt\/internationale-ecommerce-haendlerinnen\/","og_site_name":"Libri GmbH","article_publisher":"https:\/\/www.facebook.com\/libribarsortiment","article_modified_time":"2025-10-09T10:55:48+00:00","og_image":[{"width":1990,"height":1100,"url":"https:\/\/www.libri.de\/wp-content\/uploads\/2021\/12\/Beitragsbild_Libri_blau.jpg","type":"image\/jpeg"}],"twitter_card":"summary_large_image","twitter_misc":{"Gesch\u00e4tzte Lesezeit":"1\u00a0Minute"},"schema":{"@context":"https:\/\/schema.org","@graph":[{"@type":"WebPage","@id":"https:\/\/www.libri.de\/de\/kontakt\/internationale-ecommerce-haendlerinnen\/","url":"https:\/\/www.libri.de\/de\/kontakt\/internationale-ecommerce-haendlerinnen\/","name":"Internationale und eCommerce-H\u00e4ndler*innen | Libri GmbH","isPartOf":{"@id":"https:\/\/www.libri.de\/fr\/#website"},"primaryImageOfPage":{"@id":"https:\/\/www.libri.de\/de\/kontakt\/internationale-ecommerce-haendlerinnen\/#primaryimage"},"image":{"@id":"https:\/\/www.libri.de\/de\/kontakt\/internationale-ecommerce-haendlerinnen\/#primaryimage"},"thumbnailUrl":"https:\/\/www.libri.de\/wp-content\/uploads\/2021\/12\/Beitragsbild_Libri_blau.jpg","datePublished":"2021-11-02T11:16:08+00:00","dateModified":"2025-10-09T10:55:48+00:00","breadcrumb":{"@id":"https:\/\/www.libri.de\/de\/kontakt\/internationale-ecommerce-haendlerinnen\/#breadcrumb"},"inLanguage":"de","potentialAction":[{"@type":"ReadAction","target":["https:\/\/www.libri.de\/de\/kontakt\/internationale-ecommerce-haendlerinnen\/"]}]},{"@type":"ImageObject","inLanguage":"de","@id":"https:\/\/www.libri.de\/de\/kontakt\/internationale-ecommerce-haendlerinnen\/#primaryimage","url":"https:\/\/www.libri.de\/wp-content\/uploads\/2021\/12\/Beitragsbild_Libri_blau.jpg","contentUrl":"https:\/\/www.libri.de\/wp-content\/uploads\/2021\/12\/Beitragsbild_Libri_blau.jpg","width":1990,"height":1100},{"@type":"BreadcrumbList","@id":"https:\/\/www.libri.de\/de\/kontakt\/internationale-ecommerce-haendlerinnen\/#breadcrumb","itemListElement":[{"@type":"ListItem","position":1,"name":"Start","item":"https:\/\/www.libri.de\/de\/"},{"@type":"ListItem","position":2,"name":"Kontakt","item":"https:\/\/www.libri.de\/de\/kontakt\/"},{"@type":"ListItem","position":3,"name":"Internationale und eCommerce-H\u00e4ndler*innen"}]},{"@type":"WebSite","@id":"https:\/\/www.libri.de\/fr\/#website","url":"https:\/\/www.libri.de\/fr\/","name":"Libri GmbH","description":"Barsortiment und Gro\u00dfhandel f\u00fcr B\u00fccher und andere Medien","publisher":{"@id":"https:\/\/www.libri.de\/fr\/#organization"},"potentialAction":[{"@type":"SearchAction","target":{"@type":"EntryPoint","urlTemplate":"https:\/\/www.libri.de\/fr\/?s={search_term_string}"},"query-input":{"@type":"PropertyValueSpecification","valueRequired":true,"valueName":"search_term_string"}}],"inLanguage":"de"},{"@type":"Organization","@id":"https:\/\/www.libri.de\/fr\/#organization","name":"Libri","url":"https:\/\/www.libri.de\/fr\/","logo":{"@type":"ImageObject","inLanguage":"de","@id":"https:\/\/www.libri.de\/fr\/#\/schema\/logo\/image\/","url":"https:\/\/188.64.195.32\/wp-content\/uploads\/2022\/04\/libri_logo-1.jpg","contentUrl":"https:\/\/188.64.195.32\/wp-content\/uploads\/2022\/04\/libri_logo-1.jpg","width":2000,"height":1000,"caption":"Libri"},"image":{"@id":"https:\/\/www.libri.de\/fr\/#\/schema\/logo\/image\/"},"sameAs":["https:\/\/www.facebook.com\/libribarsortiment","https:\/\/www.instagram.com\/libri.barsortiment","https:\/\/www.linkedin.com\/company\/libri-gmbh"]}]}},"_links":{"self":[{"href":"https:\/\/www.libri.de\/de\/wp-json\/wp\/v2\/pages\/30497","targetHints":{"allow":["GET"]}}],"collection":[{"href":"https:\/\/www.libri.de\/de\/wp-json\/wp\/v2\/pages"}],"about":[{"href":"https:\/\/www.libri.de\/de\/wp-json\/wp\/v2\/types\/page"}],"author":[{"embeddable":true,"href":"https:\/\/www.libri.de\/de\/wp-json\/wp\/v2\/users\/10"}],"replies":[{"embeddable":true,"href":"https:\/\/www.libri.de\/de\/wp-json\/wp\/v2\/comments?post=30497"}],"version-history":[{"count":3,"href":"https:\/\/www.libri.de\/de\/wp-json\/wp\/v2\/pages\/30497\/revisions"}],"predecessor-version":[{"id":83587,"href":"https:\/\/www.libri.de\/de\/wp-json\/wp\/v2\/pages\/30497\/revisions\/83587"}],"up":[{"embeddable":true,"href":"https:\/\/www.libri.de\/de\/wp-json\/wp\/v2\/pages\/28259"}],"wp:featuredmedia":[{"embeddable":true,"href":"https:\/\/www.libri.de\/de\/wp-json\/wp\/v2\/media\/34899"}],"wp:attachment":[{"href":"https:\/\/www.libri.de\/de\/wp-json\/wp\/v2\/media?parent=30497"}],"curies":[{"name":"wp","href":"https:\/\/api.w.org\/{rel}","templated":true}]}}