{"id":29711,"date":"2021-11-22T16:17:45","date_gmt":"2021-11-22T14:17:45","guid":{"rendered":"https:\/\/www.libri.de\/?page_id=29711"},"modified":"2025-10-13T12:52:28","modified_gmt":"2025-10-13T10:52:28","slug":"fuer-verlage","status":"publish","type":"page","link":"https:\/\/www.libri.de\/de\/fuer-verlage\/","title":{"rendered":"F\u00fcr Verlage"},"content":{"rendered":"\r\n<div id=\"header-block_64c3441c71ca49231d834216aac51cf1\" class=\"block-header module type-top-bottom bc-libri-blue c-white-imp\">\r\n  <div class=\"container\">\r\n\r\n    <p id=\"breadcrumbs\"><span><span><a href=\"https:\/\/www.libri.de\/de\/\">Start<\/a><\/span><\/span><\/p>    \r\n    \r\n      \r\n      <div class=\"row\">\r\n        <div class=\"col-12 col-md-10 title\">\r\n          <h1 class=\"\">F\u00fcr Verlage<\/h1>\r\n        <\/div>\r\n\r\n        <div class=\"col-12 col-md-10 text\">\r\n          <p>Die st\u00e4ndige Lieferbereitschaft durch die Lagerung Ihrer Waren bei uns und eine kurze Lieferfrist an das Sortiment macht Libri bei Verlagen beliebt. Welche Services wir Ihnen f\u00fcr gedruckte Titel und eBooks anbieten, finden Sie hier.<\/p>\r\n        <\/div>\r\n      <\/div>\r\n\r\n      \r\n  <\/div>\r\n<\/div>\r\n\r\n\n\n\r\n<div id=\"space-block_924c5579f860e08fd9e6d2c0f02f6b46\" class=\"block-space module bc-trans\" style=\"height: 48px;\"><\/div>\n\n\r\n<div id=\"accordion-block_259b3e42b016425dc65d60fcf6fed510\" class=\"block-accordion-entry type-links\">\r\n  <div class=\"container hr\"><\/div>\r\n  <div class=\"accordion-entry-content \">\r\n    \r\n    <div class=\"accordion-toggler container\">\r\n      <div class=\"row\">\r\n\r\n        <div class=\"col-11 col-md-5 acco-title\">\r\n          <h3 class=\"h3\">Buchgro\u00dfhandel &#8211; Physische B\u00fccher<\/h3>\r\n        <\/div>\r\n\r\n        <div class=\"d-none d-md-block col-1\"><\/div>\r\n\r\n        <div class=\"col-12 col-md-5 acco-excerpt\">\r\n          <p class=\"m-0\">Neben dem klassischen Service des Buchgro\u00dfhandels bieten wir Ihnen weitere Dienstleistungen, um Ihre physischen Titel bestm\u00f6glich im station\u00e4ren Handel zu vertreiben.<\/p>\r\n        <\/div>\r\n\r\n        <img decoding=\"async\" class=\"accordion-arrow\" src=\"https:\/\/www.libri.de\/wp-content\/themes\/libri\/img\/arrow.svg\">\r\n\r\n      <\/div>\r\n    <\/div>\r\n\r\n    <div class=\"accordion-menu \" >\r\n      <div class=\"accordion\">\r\n\r\n                  \r\n          <div class=\"container mt-4\">\r\n            <div class=\"row\">\r\n\r\n              <div class=\"col-12 col-md-5\">\r\n                                  <p class=\"acco-excerpt-inner d-none d-md-block\">Neben dem klassischen Service des Buchgro\u00dfhandels bieten wir Ihnen weitere Dienstleistungen, um Ihre physischen Titel bestm\u00f6glich im station\u00e4ren Handel zu vertreiben.<\/p>\r\n                                              <\/div>\r\n\r\n              <div class=\"d-none d-md-block col-1\"><\/div>\r\n\r\n              <div class=\"col-12 col-md-6\">\r\n                <p class=\"acco-links\">\r\n                                      \r\n                      <a class=\"bold\" \r\n                        href=\"https:\/\/www.libri.de\/de\/fuer-verlage\/barsortiment-physische-buecher\/\"\r\n                        target=\"_self\">\r\n                        Ihre gedruckten Titel im Buchgro\u00dfandel &gt;\r\n                      <\/a><br>\r\n\r\n                                                          \r\n                      <a class=\"\" \r\n                        href=\"https:\/\/www.libri.de\/de\/informationen-fuer-verlage\/\"\r\n                        target=\"_self\">\r\n                        Aufnahme Ihrer Titel &gt;\r\n                      <\/a><br>\r\n\r\n                                                          \r\n                      <a class=\"\" \r\n                        href=\"https:\/\/www.libri.de\/de\/fuer-verlage\/barsortiment-physische-buecher\/#lieferantenportal\"\r\n                        target=\"_self\">\r\n                        Libri-Lieferantenportal &gt;\r\n                      <\/a><br>\r\n\r\n                                                          \r\n                      <a class=\"\" \r\n                        href=\"https:\/\/www.libri.de\/de\/fuer-verlage\/barsortiment-physische-buecher\/#transport-ihrer-waren\"\r\n                        target=\"_self\">\r\n                        Transport Ihrer Waren &gt;\r\n                      <\/a><br>\r\n\r\n                                                          \r\n                      <a class=\"\" \r\n                        href=\"https:\/\/www.libri.de\/de\/fuer-verlage\/libri-print-on-demand\/\"\r\n                        target=\"_self\">\r\n                        Libri Print-on-Demand &gt;\r\n                      <\/a><br>\r\n\r\n                                                                                                                                                                                                              <\/p>\r\n              <\/div>\r\n\r\n            <\/div>\r\n          <\/div>\r\n\r\n          \r\n        \r\n      <\/div>\r\n    <\/div>\r\n\r\n  <\/div>\r\n  <div class=\"container hr\"><\/div>\r\n<\/div>\r\n\r\n\n\n\r\n<div id=\"accordion-block_ad1d08fa5da0124e22e2162cbcfbaa25\" class=\"block-accordion-entry type-links\">\r\n  <div class=\"container hr\"><\/div>\r\n  <div class=\"accordion-entry-content \">\r\n    \r\n    <div class=\"accordion-toggler container\">\r\n      <div class=\"row\">\r\n\r\n        <div class=\"col-11 col-md-5 acco-title\">\r\n          <h3 class=\"h3\">eBook Vertrieb<\/h3>\r\n        <\/div>\r\n\r\n        <div class=\"d-none d-md-block col-1\"><\/div>\r\n\r\n        <div class=\"col-12 col-md-5 acco-excerpt\">\r\n          <p class=\"m-0\">Mit Libri.Digital kommen Ihre eBooks in den Handel. <\/p>\r\n        <\/div>\r\n\r\n        <img decoding=\"async\" class=\"accordion-arrow\" src=\"https:\/\/www.libri.de\/wp-content\/themes\/libri\/img\/arrow.svg\">\r\n\r\n      <\/div>\r\n    <\/div>\r\n\r\n    <div class=\"accordion-menu \" >\r\n      <div class=\"accordion\">\r\n\r\n                  \r\n          <div class=\"container mt-4\">\r\n            <div class=\"row\">\r\n\r\n              <div class=\"col-12 col-md-5\">\r\n                                  <p class=\"acco-excerpt-inner d-none d-md-block\">Mit Libri.Digital kommen Ihre eBooks in den Handel. <\/p>\r\n                                                  <p class=\"acco-text\">Mit dem eBook-Katalog sorgt Libri daf\u00fcr, dass Novit\u00e4ten, Bestseller und Backlist-Titel der Verlage verl\u00e4sslich zum sofortigen Download in den Onlineshops der Buchh\u00e4ndler verf\u00fcgbar sind.<\/p>\r\n                              <\/div>\r\n\r\n              <div class=\"d-none d-md-block col-1\"><\/div>\r\n\r\n              <div class=\"col-12 col-md-6\">\r\n                <p class=\"acco-links\">\r\n                                      \r\n                      <a class=\"\" \r\n                        href=\"https:\/\/www.libri.de\/de\/fuer-verlage\/ebook-vertrieb\/\"\r\n                        target=\"_self\">\r\n                        eBook Vertrieb &gt;\r\n                      <\/a><br>\r\n\r\n                                                                                                                                                                                                                                                                                                                                <\/p>\r\n              <\/div>\r\n\r\n            <\/div>\r\n          <\/div>\r\n\r\n          \r\n        \r\n      <\/div>\r\n    <\/div>\r\n\r\n  <\/div>\r\n  <div class=\"container hr\"><\/div>\r\n<\/div>\r\n\r\n\n\n\r\n<div id=\"accordion-block_6afa2b06a726038bc6ef257cc9d575e8\" class=\"block-accordion-entry type-links\">\r\n  <div class=\"container hr\"><\/div>\r\n  <div class=\"accordion-entry-content \">\r\n    \r\n    <div class=\"accordion-toggler container\">\r\n      <div class=\"row\">\r\n\r\n        <div class=\"col-11 col-md-5 acco-title\">\r\n          <h3 class=\"h3\">Verkaufsf\u00f6rderung<\/h3>\r\n        <\/div>\r\n\r\n        <div class=\"d-none d-md-block col-1\"><\/div>\r\n\r\n        <div class=\"col-12 col-md-5 acco-excerpt\">\r\n          <p class=\"m-0\">Bei der Vermarktung Ihrer Titel unterst\u00fctzen wir Sie durch verschiedene buchbare Marketingaktivit\u00e4ten.<\/p>\r\n        <\/div>\r\n\r\n        <img decoding=\"async\" class=\"accordion-arrow\" src=\"https:\/\/www.libri.de\/wp-content\/themes\/libri\/img\/arrow.svg\">\r\n\r\n      <\/div>\r\n    <\/div>\r\n\r\n    <div class=\"accordion-menu \" >\r\n      <div class=\"accordion\">\r\n\r\n                  \r\n          <div class=\"container mt-4\">\r\n            <div class=\"row\">\r\n\r\n              <div class=\"col-12 col-md-5\">\r\n                                  <p class=\"acco-excerpt-inner d-none d-md-block\">Bei der Vermarktung Ihrer Titel unterst\u00fctzen wir Sie durch verschiedene buchbare Marketingaktivit\u00e4ten.<\/p>\r\n                                              <\/div>\r\n\r\n              <div class=\"d-none d-md-block col-1\"><\/div>\r\n\r\n              <div class=\"col-12 col-md-6\">\r\n                <p class=\"acco-links\">\r\n                                      \r\n                      <a class=\"bold\" \r\n                        href=\"https:\/\/www.libri.de\/de\/fuer-verlage\/verkaufsfoerderung\/\"\r\n                        target=\"_self\">\r\n                        Verkaufsf\u00f6rderung &gt;\r\n                      <\/a><br>\r\n\r\n                                                          \r\n                      <a class=\"\" \r\n                        href=\"https:\/\/www.libri.de\/de\/fuer-verlage\/verkaufsfoerderung\/#anzeigen-libri-shopline\"\r\n                        target=\"_self\">\r\n                        Anzeigen in Libri.Shopline &gt;\r\n                      <\/a><br>\r\n\r\n                                                          \r\n                      <a class=\"\" \r\n                        href=\"https:\/\/www.libri.de\/de\/fuer-verlage\/verkaufsfoerderung\/#werbung-ueber-buecherwannen\"\r\n                        target=\"_self\">\r\n                        Werbung \u00fcber B\u00fccherwannen &gt;\r\n                      <\/a><br>\r\n\r\n                                                          \r\n                      <a class=\"\" \r\n                        href=\"https:\/\/www.libri.de\/de\/fuer-verlage\/verkaufsfoerderung\/#anzeigen-in-just-the-best\"\r\n                        target=\"_self\">\r\n                        Anzeigen im Just the Best-Katalog &gt;\r\n                      <\/a><br>\r\n\r\n                                                                                                                                                                                                              <\/p>\r\n              <\/div>\r\n\r\n            <\/div>\r\n          <\/div>\r\n\r\n          \r\n        \r\n      <\/div>\r\n    <\/div>\r\n\r\n  <\/div>\r\n  <div class=\"container hr\"><\/div>\r\n<\/div>\r\n\r\n\n\n\r\n<div id=\"accordion-block_7c5bdc9178f93785215ed3662329eb9f\" class=\"block-accordion-entry type-links\">\r\n  <div class=\"container hr\"><\/div>\r\n  <div class=\"accordion-entry-content \">\r\n    \r\n    <div class=\"accordion-toggler container\">\r\n      <div class=\"row\">\r\n\r\n        <div class=\"col-11 col-md-5 acco-title\">\r\n          <h3 class=\"h3\">F\u00fcr Autor*innen<\/h3>\r\n        <\/div>\r\n\r\n        <div class=\"d-none d-md-block col-1\"><\/div>\r\n\r\n        <div class=\"col-12 col-md-5 acco-excerpt\">\r\n          <p class=\"m-0\">Welche M\u00f6glichkeiten Sie als Autor*in haben, um Ihr Buch zu listen, lesen Sie auf unserer Infoseite.<\/p>\r\n        <\/div>\r\n\r\n        <img decoding=\"async\" class=\"accordion-arrow\" src=\"https:\/\/www.libri.de\/wp-content\/themes\/libri\/img\/arrow.svg\">\r\n\r\n      <\/div>\r\n    <\/div>\r\n\r\n    <div class=\"accordion-menu \" >\r\n      <div class=\"accordion\">\r\n\r\n                  \r\n          <div class=\"container mt-4\">\r\n            <div class=\"row\">\r\n\r\n              <div class=\"col-12 col-md-5\">\r\n                                  <p class=\"acco-excerpt-inner d-none d-md-block\">Welche M\u00f6glichkeiten Sie als Autor*in haben, um Ihr Buch zu listen, lesen Sie auf unserer Infoseite.<\/p>\r\n                                              <\/div>\r\n\r\n              <div class=\"d-none d-md-block col-1\"><\/div>\r\n\r\n              <div class=\"col-12 col-md-6\">\r\n                <p class=\"acco-links\">\r\n                                      \r\n                      <a class=\"bold\" \r\n                        href=\"https:\/\/www.libri.de\/de\/fuer-verlage\/fuer-autorinnen-und-autoren\/\"\r\n                        target=\"_self\">\r\n                        F\u00fcr Autor*innen &gt;\r\n                      <\/a><br>\r\n\r\n                                                                                                                                                                                                                                                                                                                                <\/p>\r\n              <\/div>\r\n\r\n            <\/div>\r\n          <\/div>\r\n\r\n          \r\n        \r\n      <\/div>\r\n    <\/div>\r\n\r\n  <\/div>\r\n  <div class=\"container hr\"><\/div>\r\n<\/div>\r\n\r\n\n\n\r\n<div id=\"space-block_924c5579f860e08fd9e6d2c0f02f6b46\" class=\"block-space module bc-trans\" style=\"height: 48px;\"><\/div>\n\n\r\n<div id=\"teaser-small-block_be1044bf1b155971b4752f1a9063c3fe\" class=\"block-teaser-small bc-green-2\">\r\n\r\n  <div class=\"container\">\r\n\r\n    <a href=\"https:\/\/www.libri.de\/de\/downloads\/\" target=\"\" class=\"d-flex align-items-center justify-content-center flex-column flex-md-row\">\r\n\r\n              <div class=\"icon\">\r\n          <img decoding=\"async\" width=\"24\" height=\"24\" src=\"https:\/\/www.libri.de\/wp-content\/uploads\/2021\/11\/file_download_white_24dp.svg\" class=\"attachment-thumbnail size-thumbnail\" alt=\"\" \/>        <\/div>\r\n      \r\n      <div class=\"text\">\r\n        <h3 class=\"title\">Downloads<\/h3>\r\n        <p>Dokumente zur Titelmeldung, zu Einkaufsrichtlinien f\u00fcr Printtitel und eBooks finden Sie auf dieser Seite.<\/p>      <\/div>\r\n\r\n      <div class=\"teaser-arrow\"><\/div>\r\n\r\n    <\/a>\r\n\r\n  <\/div>\r\n<\/div>\r\n\r\n","protected":false},"excerpt":{"rendered":"<p>Die st\u00e4ndige Lieferbereitschaft durch die Lagerung Ihrer Waren bei uns und eine kurze Lieferfrist an das Sortiment macht Libri bei Verlagen beliebt. Welche Services wir Ihnen f\u00fcr gedruckte Titel und eBooks anbieten, finden Sie hier.<\/p>\n","protected":false},"author":10,"featured_media":29712,"parent":0,"menu_order":0,"comment_status":"closed","ping_status":"closed","template":"","meta":{"_acf_changed":false,"footnotes":""},"class_list":["post-29711","page","type-page","status-publish","has-post-thumbnail","hentry"],"acf":[],"yoast_head":"<!-- This site is optimized with the Yoast SEO plugin v27.0 - https:\/\/yoast.com\/product\/yoast-seo-wordpress\/ -->\n<title>F\u00fcr Verlage | Libri GmbH<\/title>\n<meta name=\"robots\" content=\"index, follow, max-snippet:-1, max-image-preview:large, max-video-preview:-1\" \/>\n<link rel=\"canonical\" href=\"https:\/\/www.libri.de\/de\/fuer-verlage\/\" \/>\n<meta property=\"og:locale\" content=\"de_DE\" \/>\n<meta property=\"og:type\" content=\"article\" \/>\n<meta property=\"og:title\" content=\"F\u00fcr Verlage | Libri GmbH\" \/>\n<meta property=\"og:description\" content=\"Die st\u00e4ndige Lieferbereitschaft durch die Lagerung Ihrer Waren bei uns und eine kurze Lieferfrist an das Sortiment macht Libri bei Verlagen beliebt. Welche Services wir Ihnen f\u00fcr gedruckte Titel und eBooks anbieten, finden Sie hier.\" \/>\n<meta property=\"og:url\" content=\"https:\/\/www.libri.de\/de\/fuer-verlage\/\" \/>\n<meta property=\"og:site_name\" content=\"Libri GmbH\" \/>\n<meta property=\"article:publisher\" content=\"https:\/\/www.facebook.com\/libribarsortiment\" \/>\n<meta property=\"article:modified_time\" content=\"2025-10-13T10:52:28+00:00\" \/>\n<meta property=\"og:image\" content=\"https:\/\/www.libri.de\/wp-content\/uploads\/2021\/10\/Libri_Fuer_Verlage_Lieferanten.png\" \/>\n\t<meta property=\"og:image:width\" content=\"1990\" \/>\n\t<meta property=\"og:image:height\" content=\"1101\" \/>\n\t<meta property=\"og:image:type\" content=\"image\/png\" \/>\n<meta name=\"twitter:card\" content=\"summary_large_image\" \/>\n<meta name=\"twitter:label1\" content=\"Gesch\u00e4tzte Lesezeit\" \/>\n\t<meta name=\"twitter:data1\" content=\"1\u00a0Minute\" \/>\n<script type=\"application\/ld+json\" class=\"yoast-schema-graph\">{\"@context\":\"https:\/\/schema.org\",\"@graph\":[{\"@type\":\"WebPage\",\"@id\":\"https:\/\/www.libri.de\/de\/fuer-verlage\/\",\"url\":\"https:\/\/www.libri.de\/de\/fuer-verlage\/\",\"name\":\"F\u00fcr Verlage | Libri GmbH\",\"isPartOf\":{\"@id\":\"https:\/\/www.libri.de\/fr\/#website\"},\"primaryImageOfPage\":{\"@id\":\"https:\/\/www.libri.de\/de\/fuer-verlage\/#primaryimage\"},\"image\":{\"@id\":\"https:\/\/www.libri.de\/de\/fuer-verlage\/#primaryimage\"},\"thumbnailUrl\":\"https:\/\/www.libri.de\/wp-content\/uploads\/2021\/10\/Libri_Fuer_Verlage_Lieferanten.png\",\"datePublished\":\"2021-11-22T14:17:45+00:00\",\"dateModified\":\"2025-10-13T10:52:28+00:00\",\"breadcrumb\":{\"@id\":\"https:\/\/www.libri.de\/de\/fuer-verlage\/#breadcrumb\"},\"inLanguage\":\"de\",\"potentialAction\":[{\"@type\":\"ReadAction\",\"target\":[\"https:\/\/www.libri.de\/de\/fuer-verlage\/\"]}]},{\"@type\":\"ImageObject\",\"inLanguage\":\"de\",\"@id\":\"https:\/\/www.libri.de\/de\/fuer-verlage\/#primaryimage\",\"url\":\"https:\/\/www.libri.de\/wp-content\/uploads\/2021\/10\/Libri_Fuer_Verlage_Lieferanten.png\",\"contentUrl\":\"https:\/\/www.libri.de\/wp-content\/uploads\/2021\/10\/Libri_Fuer_Verlage_Lieferanten.png\",\"width\":1990,\"height\":1101,\"caption\":\"B\u00fccherstapel, im Hintergrund Pflanzen und Tische\"},{\"@type\":\"BreadcrumbList\",\"@id\":\"https:\/\/www.libri.de\/de\/fuer-verlage\/#breadcrumb\",\"itemListElement\":[{\"@type\":\"ListItem\",\"position\":1,\"name\":\"Start\",\"item\":\"https:\/\/www.libri.de\/de\/\"},{\"@type\":\"ListItem\",\"position\":2,\"name\":\"F\u00fcr Verlage\"}]},{\"@type\":\"WebSite\",\"@id\":\"https:\/\/www.libri.de\/fr\/#website\",\"url\":\"https:\/\/www.libri.de\/fr\/\",\"name\":\"Libri GmbH\",\"description\":\"Barsortiment und Gro\u00dfhandel f\u00fcr B\u00fccher und andere Medien\",\"publisher\":{\"@id\":\"https:\/\/www.libri.de\/fr\/#organization\"},\"potentialAction\":[{\"@type\":\"SearchAction\",\"target\":{\"@type\":\"EntryPoint\",\"urlTemplate\":\"https:\/\/www.libri.de\/fr\/?s={search_term_string}\"},\"query-input\":{\"@type\":\"PropertyValueSpecification\",\"valueRequired\":true,\"valueName\":\"search_term_string\"}}],\"inLanguage\":\"de\"},{\"@type\":\"Organization\",\"@id\":\"https:\/\/www.libri.de\/fr\/#organization\",\"name\":\"Libri\",\"url\":\"https:\/\/www.libri.de\/fr\/\",\"logo\":{\"@type\":\"ImageObject\",\"inLanguage\":\"de\",\"@id\":\"https:\/\/www.libri.de\/fr\/#\/schema\/logo\/image\/\",\"url\":\"https:\/\/188.64.195.32\/wp-content\/uploads\/2022\/04\/libri_logo-1.jpg\",\"contentUrl\":\"https:\/\/188.64.195.32\/wp-content\/uploads\/2022\/04\/libri_logo-1.jpg\",\"width\":2000,\"height\":1000,\"caption\":\"Libri\"},\"image\":{\"@id\":\"https:\/\/www.libri.de\/fr\/#\/schema\/logo\/image\/\"},\"sameAs\":[\"https:\/\/www.facebook.com\/libribarsortiment\",\"https:\/\/www.instagram.com\/libri.barsortiment\",\"https:\/\/www.linkedin.com\/company\/libri-gmbh\"]}]}<\/script>\n<!-- \/ Yoast SEO plugin. -->","yoast_head_json":{"title":"F\u00fcr Verlage | Libri GmbH","robots":{"index":"index","follow":"follow","max-snippet":"max-snippet:-1","max-image-preview":"max-image-preview:large","max-video-preview":"max-video-preview:-1"},"canonical":"https:\/\/www.libri.de\/de\/fuer-verlage\/","og_locale":"de_DE","og_type":"article","og_title":"F\u00fcr Verlage | Libri GmbH","og_description":"Die st\u00e4ndige Lieferbereitschaft durch die Lagerung Ihrer Waren bei uns und eine kurze Lieferfrist an das Sortiment macht Libri bei Verlagen beliebt. Welche Services wir Ihnen f\u00fcr gedruckte Titel und eBooks anbieten, finden Sie hier.","og_url":"https:\/\/www.libri.de\/de\/fuer-verlage\/","og_site_name":"Libri GmbH","article_publisher":"https:\/\/www.facebook.com\/libribarsortiment","article_modified_time":"2025-10-13T10:52:28+00:00","og_image":[{"width":1990,"height":1101,"url":"https:\/\/www.libri.de\/wp-content\/uploads\/2021\/10\/Libri_Fuer_Verlage_Lieferanten.png","type":"image\/png"}],"twitter_card":"summary_large_image","twitter_misc":{"Gesch\u00e4tzte Lesezeit":"1\u00a0Minute"},"schema":{"@context":"https:\/\/schema.org","@graph":[{"@type":"WebPage","@id":"https:\/\/www.libri.de\/de\/fuer-verlage\/","url":"https:\/\/www.libri.de\/de\/fuer-verlage\/","name":"F\u00fcr Verlage | Libri GmbH","isPartOf":{"@id":"https:\/\/www.libri.de\/fr\/#website"},"primaryImageOfPage":{"@id":"https:\/\/www.libri.de\/de\/fuer-verlage\/#primaryimage"},"image":{"@id":"https:\/\/www.libri.de\/de\/fuer-verlage\/#primaryimage"},"thumbnailUrl":"https:\/\/www.libri.de\/wp-content\/uploads\/2021\/10\/Libri_Fuer_Verlage_Lieferanten.png","datePublished":"2021-11-22T14:17:45+00:00","dateModified":"2025-10-13T10:52:28+00:00","breadcrumb":{"@id":"https:\/\/www.libri.de\/de\/fuer-verlage\/#breadcrumb"},"inLanguage":"de","potentialAction":[{"@type":"ReadAction","target":["https:\/\/www.libri.de\/de\/fuer-verlage\/"]}]},{"@type":"ImageObject","inLanguage":"de","@id":"https:\/\/www.libri.de\/de\/fuer-verlage\/#primaryimage","url":"https:\/\/www.libri.de\/wp-content\/uploads\/2021\/10\/Libri_Fuer_Verlage_Lieferanten.png","contentUrl":"https:\/\/www.libri.de\/wp-content\/uploads\/2021\/10\/Libri_Fuer_Verlage_Lieferanten.png","width":1990,"height":1101,"caption":"B\u00fccherstapel, im Hintergrund Pflanzen und Tische"},{"@type":"BreadcrumbList","@id":"https:\/\/www.libri.de\/de\/fuer-verlage\/#breadcrumb","itemListElement":[{"@type":"ListItem","position":1,"name":"Start","item":"https:\/\/www.libri.de\/de\/"},{"@type":"ListItem","position":2,"name":"F\u00fcr Verlage"}]},{"@type":"WebSite","@id":"https:\/\/www.libri.de\/fr\/#website","url":"https:\/\/www.libri.de\/fr\/","name":"Libri GmbH","description":"Barsortiment und Gro\u00dfhandel f\u00fcr B\u00fccher und andere Medien","publisher":{"@id":"https:\/\/www.libri.de\/fr\/#organization"},"potentialAction":[{"@type":"SearchAction","target":{"@type":"EntryPoint","urlTemplate":"https:\/\/www.libri.de\/fr\/?s={search_term_string}"},"query-input":{"@type":"PropertyValueSpecification","valueRequired":true,"valueName":"search_term_string"}}],"inLanguage":"de"},{"@type":"Organization","@id":"https:\/\/www.libri.de\/fr\/#organization","name":"Libri","url":"https:\/\/www.libri.de\/fr\/","logo":{"@type":"ImageObject","inLanguage":"de","@id":"https:\/\/www.libri.de\/fr\/#\/schema\/logo\/image\/","url":"https:\/\/188.64.195.32\/wp-content\/uploads\/2022\/04\/libri_logo-1.jpg","contentUrl":"https:\/\/188.64.195.32\/wp-content\/uploads\/2022\/04\/libri_logo-1.jpg","width":2000,"height":1000,"caption":"Libri"},"image":{"@id":"https:\/\/www.libri.de\/fr\/#\/schema\/logo\/image\/"},"sameAs":["https:\/\/www.facebook.com\/libribarsortiment","https:\/\/www.instagram.com\/libri.barsortiment","https:\/\/www.linkedin.com\/company\/libri-gmbh"]}]}},"_links":{"self":[{"href":"https:\/\/www.libri.de\/de\/wp-json\/wp\/v2\/pages\/29711","targetHints":{"allow":["GET"]}}],"collection":[{"href":"https:\/\/www.libri.de\/de\/wp-json\/wp\/v2\/pages"}],"about":[{"href":"https:\/\/www.libri.de\/de\/wp-json\/wp\/v2\/types\/page"}],"author":[{"embeddable":true,"href":"https:\/\/www.libri.de\/de\/wp-json\/wp\/v2\/users\/10"}],"replies":[{"embeddable":true,"href":"https:\/\/www.libri.de\/de\/wp-json\/wp\/v2\/comments?post=29711"}],"version-history":[{"count":2,"href":"https:\/\/www.libri.de\/de\/wp-json\/wp\/v2\/pages\/29711\/revisions"}],"predecessor-version":[{"id":84001,"href":"https:\/\/www.libri.de\/de\/wp-json\/wp\/v2\/pages\/29711\/revisions\/84001"}],"wp:featuredmedia":[{"embeddable":true,"href":"https:\/\/www.libri.de\/de\/wp-json\/wp\/v2\/media\/29712"}],"wp:attachment":[{"href":"https:\/\/www.libri.de\/de\/wp-json\/wp\/v2\/media?parent=29711"}],"curies":[{"name":"wp","href":"https:\/\/api.w.org\/{rel}","templated":true}]}}