{"id":29664,"date":"2021-10-27T14:18:09","date_gmt":"2021-10-27T12:18:09","guid":{"rendered":"https:\/\/www.libri.de\/?page_id=29664"},"modified":"2025-12-29T16:20:37","modified_gmt":"2025-12-29T14:20:37","slug":"verkaufsfoerderung","status":"publish","type":"page","link":"https:\/\/www.libri.de\/de\/fuer-verlage\/verkaufsfoerderung\/","title":{"rendered":"Verkaufsf\u00f6rderung"},"content":{"rendered":"\r\n<div id=\"header-block_80e884a41091010d222da7ae6f63a73e\" class=\"block-header module type-big bc-libri-blue c-white-imp\">\r\n  <div class=\"container\">\r\n\r\n    <p id=\"breadcrumbs\"><span><span><a href=\"https:\/\/www.libri.de\/de\/\">Start<\/a><\/span><\/span><\/p>    \r\n    \r\n              <div class=\"image\">\r\n          <img decoding=\"async\" width=\"1990\" height=\"1100\" src=\"https:\/\/www.libri.de\/wp-content\/uploads\/2021\/10\/Verkaufsfoerderung_Libri_FuerVerlage.jpg\" class=\"attachment-2048x2048 size-2048x2048\" alt=\"\" srcset=\"https:\/\/www.libri.de\/wp-content\/uploads\/2021\/10\/Verkaufsfoerderung_Libri_FuerVerlage.jpg 1990w, https:\/\/www.libri.de\/wp-content\/uploads\/2021\/10\/Verkaufsfoerderung_Libri_FuerVerlage-300x166.jpg 300w, https:\/\/www.libri.de\/wp-content\/uploads\/2021\/10\/Verkaufsfoerderung_Libri_FuerVerlage-1024x566.jpg 1024w, https:\/\/www.libri.de\/wp-content\/uploads\/2021\/10\/Verkaufsfoerderung_Libri_FuerVerlage-768x425.jpg 768w, https:\/\/www.libri.de\/wp-content\/uploads\/2021\/10\/Verkaufsfoerderung_Libri_FuerVerlage-1536x849.jpg 1536w\" sizes=\"(max-width: 1990px) 100vw, 1990px\" \/>        <\/div>\r\n      \r\n      <div class=\"row\">\r\n        <div class=\"col-12 col-md-10 title\">\r\n          <h1 class=\"\">Verkaufsf\u00f6rderung<\/h1>\r\n        <\/div>\r\n\r\n        <div class=\"col-12 col-md-10 text\">\r\n          <p>Bei der Vermarktung Ihrer Titel unterst\u00fctzen wir Sie durch verschiedene buchbare Marketingaktivit\u00e4ten.<\/p>\r\n        <\/div>\r\n      <\/div>\r\n\r\n      \r\n  <\/div>\r\n<\/div>\r\n\r\n\n\n\r\n<div id=\"anchor-nav-block_1e4c1ae084af46e7fdaa90fdc965bc48\" class=\"block-anchor-nav module bc-libri-blue c-white-imp\"  >\r\n\r\n      <div class=\"container\"><div class=\"line\"><\/div><\/div>\r\n    \r\n    <div class=\"container\">\r\n      <div class=\"p-relative\">\r\n        <div class=\"arrow left\"><\/div>\r\n        <div class=\"arrow right\"><\/div>\r\n      <\/div>\r\n      <div class=\"overflow-x-auto\">\r\n        <div class=\"d-flex anchor-nav\" data-class=\"anchor-nav-entry\"><\/div>\r\n      <\/div>\r\n    <\/div>\r\n\r\n  <\/div>\r\n\r\n\n\n\r\n<div id=\"space-block_1c531f9696ceca0a9f5a6f057b9d1ebb\" class=\"block-space module bc-libri-blue c-white-imp\" style=\"height: 48px;\"><\/div>\n\n\r\n<div id=\"space-block_127a4970ab122ea13c9d0563e6143118\" class=\"block-space module bc-trans\" style=\"height: 48px;\"><\/div>\n\n\r\n<div id=\"anzeigen-libri-shopline\" class=\"block-anchor\" data-title=\"Anzeigen Libri.Shopline\" >\r\n\r\n  <\/div>\r\n\r\n\n\n\r\n<div id=\"text-block_f6727e945120cddef1ba1877b88e1ca9\" class=\"block-text module type-img-text bc-trans\">\r\n  <div class=\"container\">\r\n\r\n    \r\n      <div class=\"row \">\r\n\r\n        \r\n          <div class=\"col-12 col-md-6 col-xl-5\">\r\n            <div class=\"image square\">\r\n              <img decoding=\"async\" width=\"768\" height=\"424\" src=\"https:\/\/www.libri.de\/wp-content\/uploads\/2021\/10\/Anzeigen_Libri-Shopline-768x424.jpg\" class=\"attachment-medium_large size-medium_large\" alt=\"\" srcset=\"https:\/\/www.libri.de\/wp-content\/uploads\/2021\/10\/Anzeigen_Libri-Shopline-768x424.jpg 768w, https:\/\/www.libri.de\/wp-content\/uploads\/2021\/10\/Anzeigen_Libri-Shopline-300x165.jpg 300w, https:\/\/www.libri.de\/wp-content\/uploads\/2021\/10\/Anzeigen_Libri-Shopline-1024x565.jpg 1024w, https:\/\/www.libri.de\/wp-content\/uploads\/2021\/10\/Anzeigen_Libri-Shopline-1536x847.jpg 1536w, https:\/\/www.libri.de\/wp-content\/uploads\/2021\/10\/Anzeigen_Libri-Shopline.jpg 1650w\" sizes=\"(max-width: 768px) 100vw, 768px\" \/>            <\/div>\r\n                      <\/div>\r\n\r\n          <div class=\"d-none d-xl-block col-1\"><\/div>\r\n\r\n        \r\n        <div class=\"col-12 col-md-6 col-xl-5\">\r\n\r\n                      <h2 class=\"title\">Anzeigen in Libri.Shopline<\/h2>\r\n          \r\n          <div class=\"text \">\r\n            <p><span class=\"TextRun SCXW133255742 BCX0\" lang=\"DE-DE\" xml:lang=\"DE-DE\" data-contrast=\"auto\"><span class=\"NormalTextRun SCXW133255742 BCX0\">\u00dcber 700 Buchhandlungen nutzen aktuell eine der White-Label-Onlineshop-L\u00f6sungen von Libri. Um Ihren Titeln eine m\u00f6glichst gro\u00dfe Reichweite zu verschaffen, bietet Libri direkt auf Ihre W\u00fcnsche zugeschnittene Marketingma\u00dfnahmen an.\u00a0<\/span><\/span><\/p>\n          <\/div>\r\n\r\n          \r\n          \r\n        <\/div>\r\n        \r\n      <\/div>\r\n\r\n    \r\n  <\/div>\r\n<\/div>\r\n\r\n\n\n\r\n<div id=\"text-block_5d27de31afcb0e68cbde36abe79bad95\" class=\"block-text module type-text-text bc-green-2\">\r\n  <div class=\"container\">\r\n\r\n    \r\n<div class=\"grid\">\r\n  <h3 class=\"left-top d-none d-md-block\">\r\n      <\/h3>\r\n\r\n  <div class=\"left-bottom text\">\r\n    <p><span class=\"TextRun SCXW123576254 BCX0\" lang=\"DE-DE\" xml:lang=\"DE-DE\" data-contrast=\"none\"><span class=\"NormalTextRun SCXW123576254 BCX0\">Sie m\u00f6chten weitere Informationen dazu erhalten? Dann kontaktieren Sie Nicole Kobow aus dem Libri.Shopline-Team!<\/span><\/span><\/p>\n          <div class=\"cta\">\r\n        <a \r\n          class=\"bttn-secondary \" \r\n          href=\"mailto:nkobow@libri.de\" \r\n          target=\"_self\"\r\n          >\r\n          Kontakt zum Libri.Shopline-Team        <\/a>\r\n      <\/div>\r\n      <\/div>\r\n\r\n  <h3 class=\"right-top d-none d-md-block\">\r\n      <\/h3>\r\n\r\n  <div class=\"right-bottom text\">\r\n          <\/div>\r\n\r\n<\/div>\r\n\r\n  <\/div>\r\n<\/div>\r\n\r\n\n\n\r\n<div id=\"space-block_dbb4d6f79808117ae581376800bb44f7\" class=\"block-space module bc-green-2\" style=\"height: 48px;\"><\/div>\n\n\r\n<div id=\"space-block_60f9d17703e752ff884d7648391b5522\" class=\"block-space module bc-trans\" style=\"height: 48px;\"><\/div>\n\n\r\n<div id=\"werbung-ueber-buecherwannen\" class=\"block-anchor\" data-title=\"Werbung \u00fcber B\u00fccherwannen\" >\r\n\r\n  <\/div>\r\n\r\n\n\n\r\n<div id=\"text-block_37c3219a6533ef3cf3f0e10ea635c9a7\" class=\"block-text module type-text-img bc-trans\">\r\n  <div class=\"container\">\r\n\r\n    \r\n      <div class=\"row flex-row-reverse\">\r\n\r\n        \r\n          <div class=\"col-12 col-md-6 col-xl-5\">\r\n            <div class=\"image square\">\r\n              <img decoding=\"async\" width=\"768\" height=\"424\" src=\"https:\/\/www.libri.de\/wp-content\/uploads\/2021\/10\/Werbung_Buecherwannen_Libri-768x424.jpg\" class=\"attachment-medium_large size-medium_large\" alt=\"\" srcset=\"https:\/\/www.libri.de\/wp-content\/uploads\/2021\/10\/Werbung_Buecherwannen_Libri-768x424.jpg 768w, https:\/\/www.libri.de\/wp-content\/uploads\/2021\/10\/Werbung_Buecherwannen_Libri-300x165.jpg 300w, https:\/\/www.libri.de\/wp-content\/uploads\/2021\/10\/Werbung_Buecherwannen_Libri-1024x565.jpg 1024w, https:\/\/www.libri.de\/wp-content\/uploads\/2021\/10\/Werbung_Buecherwannen_Libri-1536x847.jpg 1536w, https:\/\/www.libri.de\/wp-content\/uploads\/2021\/10\/Werbung_Buecherwannen_Libri.jpg 1650w\" sizes=\"(max-width: 768px) 100vw, 768px\" \/>            <\/div>\r\n                      <\/div>\r\n\r\n          <div class=\"d-none d-xl-block col-2\"><\/div>\r\n\r\n        \r\n        <div class=\"col-12 col-md-6 col-xl-5\">\r\n\r\n                      <h2 class=\"title\">Werbung \u00fcber B\u00fccherwannen<\/h2>\r\n          \r\n          <div class=\"text \">\r\n            <p>Mit Libri haben Sie die M\u00f6glichkeit, unadressierte\u00a0Werbeunterlagen an  alle\u00a0Buchhandlungen zu verschicken, die per\u00a0Booxpress von uns beliefert werden. Der Versand erfolgt als Beilage in unsere Libri-Versandbeh\u00e4lter an alle Besteller*innen des jeweiligen Versandtages.<\/p>\n<p><span class=\"TextRun SCXW123576254 BCX0\" lang=\"DE-DE\" xml:lang=\"DE-DE\" data-contrast=\"none\"><span class=\"NormalTextRun SCXW123576254 BCX0\">So erreichen Sie \u2013 ohne viel Aufwand und je nach Bestellaufkommen<\/span><span class=\"NormalTextRun SCXW123576254 BCX0\">\u00a0<\/span><span class=\"NormalTextRun SCXW123576254 BCX0\">\u2013<\/span><span class=\"NormalTextRun SCXW123576254 BCX0\"> ca. 3.000 Buchhandlungen.<br \/>\n<\/span><span class=\"NormalTextRun SCXW123576254 BCX0\">Sie m\u00f6chten weitere Informationen dazu erhalten? Dann kontaktieren Sie uns!<\/span><\/span><\/p>\n          <\/div>\r\n\r\n                      <div class=\"cta\">\r\n              <a \r\n                class=\"bttn-secondary \" \r\n                href=\"mailto:marketing@libri.de\" \r\n                target=\"_self\"\r\n                >\r\n                Kontakt zum Libri-Marketing              <\/a>\r\n            <\/div>\r\n          \r\n          \r\n        <\/div>\r\n        \r\n      <\/div>\r\n\r\n    \r\n  <\/div>\r\n<\/div>\r\n\r\n\n\n\r\n<div id=\"space-block_60f9d17703e752ff884d7648391b5522\" class=\"block-space module bc-trans\" style=\"height: 48px;\"><\/div>\n\n\r\n<div id=\"anzeigen-in-just-the-best\" class=\"block-anchor\" data-title=\"Anzeigen in Just the Best\" >\r\n\r\n  <\/div>\r\n\r\n\n\n\r\n<div id=\"text-block_1ecb7b8a81c715d647b821fb00df073f\" class=\"block-text module type-text-img bc-trans\">\r\n  <div class=\"container\">\r\n\r\n    \r\n      <div class=\"row flex-row-reverse\">\r\n\r\n        \r\n          <div class=\"col-12 col-md-6 col-xl-5\">\r\n            <div class=\"image square\">\r\n              <img decoding=\"async\" width=\"768\" height=\"768\" src=\"https:\/\/www.libri.de\/wp-content\/uploads\/2025\/12\/Just-the-Best-Katalog-Januar-Juni-2026-768x768.png\" class=\"attachment-medium_large size-medium_large\" alt=\"Cover des Katalogs Libri Just the Best Januar bis Juli 2026\" srcset=\"https:\/\/www.libri.de\/wp-content\/uploads\/2025\/12\/Just-the-Best-Katalog-Januar-Juni-2026-768x768.png 768w, https:\/\/www.libri.de\/wp-content\/uploads\/2025\/12\/Just-the-Best-Katalog-Januar-Juni-2026-300x300.png 300w, https:\/\/www.libri.de\/wp-content\/uploads\/2025\/12\/Just-the-Best-Katalog-Januar-Juni-2026-1024x1024.png 1024w, https:\/\/www.libri.de\/wp-content\/uploads\/2025\/12\/Just-the-Best-Katalog-Januar-Juni-2026-150x150.png 150w, https:\/\/www.libri.de\/wp-content\/uploads\/2025\/12\/Just-the-Best-Katalog-Januar-Juni-2026.png 1080w\" sizes=\"(max-width: 768px) 100vw, 768px\" \/>            <\/div>\r\n                      <\/div>\r\n\r\n          <div class=\"d-none d-xl-block col-2\"><\/div>\r\n\r\n        \r\n        <div class=\"col-12 col-md-6 col-xl-5\">\r\n\r\n                      <h2 class=\"title\">Anzeigen im Just the Best-Katalog<\/h2>\r\n          \r\n          <div class=\"text \">\r\n            <p><span data-contrast=\"none\">Der\u00a0Libri-Fachkatalog \u201eJust\u00a0the\u00a0Best\u201c mit fremdsprachiger Literatur\u00a0erscheint halbj\u00e4hrlich\u00a0mit<\/span><span data-contrast=\"none\">\u00a0einer Auflage\u00a0von rund 3.500 Exemplaren.<\/span><span data-contrast=\"none\">\u00a0Darin pr\u00e4sentieren wir Neuerscheinungen in Belletristik, Sachbuch, Kinder- und Jugendbuch und weiteren verkaufsstarken Warengruppen. Erg\u00e4nzt wird das internationale Sortiment durch Bestseller aus Frankreich, Spanien und der T\u00fcrkei.<\/span><span data-ccp-props=\"{&quot;201341983&quot;:0,&quot;335559740&quot;:259}\">\u00a0<\/span><\/p>\n<p><span data-contrast=\"none\">In diesem Katalog ist auch Platz f\u00fcr Ihre Anzeige!\u00a0Sprechen Sie dazu gerne Ihren Kontakt\u00a0im Einkauf an.\u00a0<\/span><span data-ccp-props=\"{&quot;201341983&quot;:0,&quot;335559740&quot;:259}\">\u00a0<\/span><\/p>\n          <\/div>\r\n\r\n          \r\n          \r\n        <\/div>\r\n        \r\n      <\/div>\r\n\r\n    \r\n  <\/div>\r\n<\/div>\r\n\r\n\n\n\r\n<div id=\"space-block_60f9d17703e752ff884d7648391b5522\" class=\"block-space module bc-trans\" style=\"height: 48px;\"><\/div>\n\n\r\n<div id=\"teaser-contact-block_f3f4eb04f300d1dae30c037ff766943b\" class=\"block-teaser-contact bc-third-blue c-white-imp\">\r\n  <div class=\"container\">\r\n    <div class=\"row flex-md-row-reverse justify-content-between\">\r\n\r\n      <div class=\"col-12 col-md-4\">\r\n        <div class=\"image\">\r\n                  <\/div>\r\n      <\/div>\r\n\r\n      <div class=\"col-12 col-md-6 d-flex flex-column\">\r\n\r\n        <div class=\"text\">\r\n                      <h2 class=\"title\">Wir helfen Ihnen gerne weiter.<\/h2>\r\n          \r\n                      <p>Haben Sie Fragen oder ein bestimmtes Anliegen?<\/p>\r\n                  <\/div>\r\n\r\n                  <div class=\"cta\">\r\n            <a \r\n              class=\"bttn-primary \"\r\n              href=\"https:\/\/www.libri.de\/de\/kontakt\/kontakt-fuer-verlage-und-lieferantinnen\/\"\r\n              target=\"_self\"\r\n              >\r\n              Jetzt Kontakt aufnehmen            <\/a>\r\n          <\/div>\r\n        \r\n        \r\n      <\/div>\r\n\r\n    <\/div>\r\n  <\/div>\r\n<\/div>\r\n\r\n\n\n\r\n<div id=\"go-back-block_91c69b371ec5d26cac24097a0a2df867\" class=\"block-go-back module bc-green-2\">\r\n  <div class=\"container\">\r\n\r\n    <a href=\"javascript:history.back()\" class=\"bttn-secondary go-back-link\">\r\n      <span class=\"arrow-left\"><\/span>Zur\u00fcck zur \u00dcbersicht    <\/a>\r\n\r\n  <\/div>\r\n<\/div>\r\n\r\n","protected":false},"excerpt":{"rendered":"<p>Bei der Vermarktung Ihrer Titel unterst\u00fctzen wir Sie durch verschiedene buchbare Marketingaktivit\u00e4ten.<\/p>\n","protected":false},"author":10,"featured_media":29668,"parent":29711,"menu_order":0,"comment_status":"closed","ping_status":"closed","template":"","meta":{"_acf_changed":false,"footnotes":""},"class_list":["post-29664","page","type-page","status-publish","has-post-thumbnail","hentry"],"acf":[],"yoast_head":"<!-- This site is optimized with the Yoast SEO plugin v27.0 - https:\/\/yoast.com\/product\/yoast-seo-wordpress\/ -->\n<title>Verkaufsf\u00f6rderung | Libri GmbH<\/title>\n<meta name=\"robots\" content=\"index, follow, max-snippet:-1, max-image-preview:large, max-video-preview:-1\" \/>\n<link rel=\"canonical\" href=\"https:\/\/www.libri.de\/de\/fuer-verlage\/verkaufsfoerderung\/\" \/>\n<meta property=\"og:locale\" content=\"de_DE\" \/>\n<meta property=\"og:type\" content=\"article\" \/>\n<meta property=\"og:title\" content=\"Verkaufsf\u00f6rderung | Libri GmbH\" \/>\n<meta property=\"og:description\" content=\"Bei der Vermarktung Ihrer Titel unterst\u00fctzen wir Sie durch verschiedene buchbare Marketingaktivit\u00e4ten.\" \/>\n<meta property=\"og:url\" content=\"https:\/\/www.libri.de\/de\/fuer-verlage\/verkaufsfoerderung\/\" \/>\n<meta property=\"og:site_name\" content=\"Libri GmbH\" \/>\n<meta property=\"article:publisher\" content=\"https:\/\/www.facebook.com\/libribarsortiment\" \/>\n<meta property=\"article:modified_time\" content=\"2025-12-29T14:20:37+00:00\" \/>\n<meta property=\"og:image\" content=\"https:\/\/www.libri.de\/wp-content\/uploads\/2021\/10\/Verkaufsfoerderung_Libri_FuerVerlage.jpg\" \/>\n\t<meta property=\"og:image:width\" content=\"1990\" \/>\n\t<meta property=\"og:image:height\" content=\"1100\" \/>\n\t<meta property=\"og:image:type\" content=\"image\/jpeg\" \/>\n<meta name=\"twitter:card\" content=\"summary_large_image\" \/>\n<meta name=\"twitter:label1\" content=\"Gesch\u00e4tzte Lesezeit\" \/>\n\t<meta name=\"twitter:data1\" content=\"1\u00a0Minute\" \/>\n<script type=\"application\/ld+json\" class=\"yoast-schema-graph\">{\"@context\":\"https:\/\/schema.org\",\"@graph\":[{\"@type\":\"WebPage\",\"@id\":\"https:\/\/www.libri.de\/de\/fuer-verlage\/verkaufsfoerderung\/\",\"url\":\"https:\/\/www.libri.de\/de\/fuer-verlage\/verkaufsfoerderung\/\",\"name\":\"Verkaufsf\u00f6rderung | Libri GmbH\",\"isPartOf\":{\"@id\":\"https:\/\/www.libri.de\/fr\/#website\"},\"primaryImageOfPage\":{\"@id\":\"https:\/\/www.libri.de\/de\/fuer-verlage\/verkaufsfoerderung\/#primaryimage\"},\"image\":{\"@id\":\"https:\/\/www.libri.de\/de\/fuer-verlage\/verkaufsfoerderung\/#primaryimage\"},\"thumbnailUrl\":\"https:\/\/www.libri.de\/wp-content\/uploads\/2021\/10\/Verkaufsfoerderung_Libri_FuerVerlage.jpg\",\"datePublished\":\"2021-10-27T12:18:09+00:00\",\"dateModified\":\"2025-12-29T14:20:37+00:00\",\"breadcrumb\":{\"@id\":\"https:\/\/www.libri.de\/de\/fuer-verlage\/verkaufsfoerderung\/#breadcrumb\"},\"inLanguage\":\"de\",\"potentialAction\":[{\"@type\":\"ReadAction\",\"target\":[\"https:\/\/www.libri.de\/de\/fuer-verlage\/verkaufsfoerderung\/\"]}]},{\"@type\":\"ImageObject\",\"inLanguage\":\"de\",\"@id\":\"https:\/\/www.libri.de\/de\/fuer-verlage\/verkaufsfoerderung\/#primaryimage\",\"url\":\"https:\/\/www.libri.de\/wp-content\/uploads\/2021\/10\/Verkaufsfoerderung_Libri_FuerVerlage.jpg\",\"contentUrl\":\"https:\/\/www.libri.de\/wp-content\/uploads\/2021\/10\/Verkaufsfoerderung_Libri_FuerVerlage.jpg\",\"width\":1990,\"height\":1100},{\"@type\":\"BreadcrumbList\",\"@id\":\"https:\/\/www.libri.de\/de\/fuer-verlage\/verkaufsfoerderung\/#breadcrumb\",\"itemListElement\":[{\"@type\":\"ListItem\",\"position\":1,\"name\":\"Start\",\"item\":\"https:\/\/www.libri.de\/de\/\"},{\"@type\":\"ListItem\",\"position\":2,\"name\":\"F\u00fcr Verlage\",\"item\":\"https:\/\/www.libri.de\/de\/fuer-verlage\/\"},{\"@type\":\"ListItem\",\"position\":3,\"name\":\"Verkaufsf\u00f6rderung\"}]},{\"@type\":\"WebSite\",\"@id\":\"https:\/\/www.libri.de\/fr\/#website\",\"url\":\"https:\/\/www.libri.de\/fr\/\",\"name\":\"Libri GmbH\",\"description\":\"Barsortiment und Gro\u00dfhandel f\u00fcr B\u00fccher und andere Medien\",\"publisher\":{\"@id\":\"https:\/\/www.libri.de\/fr\/#organization\"},\"potentialAction\":[{\"@type\":\"SearchAction\",\"target\":{\"@type\":\"EntryPoint\",\"urlTemplate\":\"https:\/\/www.libri.de\/fr\/?s={search_term_string}\"},\"query-input\":{\"@type\":\"PropertyValueSpecification\",\"valueRequired\":true,\"valueName\":\"search_term_string\"}}],\"inLanguage\":\"de\"},{\"@type\":\"Organization\",\"@id\":\"https:\/\/www.libri.de\/fr\/#organization\",\"name\":\"Libri\",\"url\":\"https:\/\/www.libri.de\/fr\/\",\"logo\":{\"@type\":\"ImageObject\",\"inLanguage\":\"de\",\"@id\":\"https:\/\/www.libri.de\/fr\/#\/schema\/logo\/image\/\",\"url\":\"https:\/\/188.64.195.32\/wp-content\/uploads\/2022\/04\/libri_logo-1.jpg\",\"contentUrl\":\"https:\/\/188.64.195.32\/wp-content\/uploads\/2022\/04\/libri_logo-1.jpg\",\"width\":2000,\"height\":1000,\"caption\":\"Libri\"},\"image\":{\"@id\":\"https:\/\/www.libri.de\/fr\/#\/schema\/logo\/image\/\"},\"sameAs\":[\"https:\/\/www.facebook.com\/libribarsortiment\",\"https:\/\/www.instagram.com\/libri.barsortiment\",\"https:\/\/www.linkedin.com\/company\/libri-gmbh\"]}]}<\/script>\n<!-- \/ Yoast SEO plugin. -->","yoast_head_json":{"title":"Verkaufsf\u00f6rderung | Libri GmbH","robots":{"index":"index","follow":"follow","max-snippet":"max-snippet:-1","max-image-preview":"max-image-preview:large","max-video-preview":"max-video-preview:-1"},"canonical":"https:\/\/www.libri.de\/de\/fuer-verlage\/verkaufsfoerderung\/","og_locale":"de_DE","og_type":"article","og_title":"Verkaufsf\u00f6rderung | Libri GmbH","og_description":"Bei der Vermarktung Ihrer Titel unterst\u00fctzen wir Sie durch verschiedene buchbare Marketingaktivit\u00e4ten.","og_url":"https:\/\/www.libri.de\/de\/fuer-verlage\/verkaufsfoerderung\/","og_site_name":"Libri GmbH","article_publisher":"https:\/\/www.facebook.com\/libribarsortiment","article_modified_time":"2025-12-29T14:20:37+00:00","og_image":[{"width":1990,"height":1100,"url":"https:\/\/www.libri.de\/wp-content\/uploads\/2021\/10\/Verkaufsfoerderung_Libri_FuerVerlage.jpg","type":"image\/jpeg"}],"twitter_card":"summary_large_image","twitter_misc":{"Gesch\u00e4tzte Lesezeit":"1\u00a0Minute"},"schema":{"@context":"https:\/\/schema.org","@graph":[{"@type":"WebPage","@id":"https:\/\/www.libri.de\/de\/fuer-verlage\/verkaufsfoerderung\/","url":"https:\/\/www.libri.de\/de\/fuer-verlage\/verkaufsfoerderung\/","name":"Verkaufsf\u00f6rderung | Libri GmbH","isPartOf":{"@id":"https:\/\/www.libri.de\/fr\/#website"},"primaryImageOfPage":{"@id":"https:\/\/www.libri.de\/de\/fuer-verlage\/verkaufsfoerderung\/#primaryimage"},"image":{"@id":"https:\/\/www.libri.de\/de\/fuer-verlage\/verkaufsfoerderung\/#primaryimage"},"thumbnailUrl":"https:\/\/www.libri.de\/wp-content\/uploads\/2021\/10\/Verkaufsfoerderung_Libri_FuerVerlage.jpg","datePublished":"2021-10-27T12:18:09+00:00","dateModified":"2025-12-29T14:20:37+00:00","breadcrumb":{"@id":"https:\/\/www.libri.de\/de\/fuer-verlage\/verkaufsfoerderung\/#breadcrumb"},"inLanguage":"de","potentialAction":[{"@type":"ReadAction","target":["https:\/\/www.libri.de\/de\/fuer-verlage\/verkaufsfoerderung\/"]}]},{"@type":"ImageObject","inLanguage":"de","@id":"https:\/\/www.libri.de\/de\/fuer-verlage\/verkaufsfoerderung\/#primaryimage","url":"https:\/\/www.libri.de\/wp-content\/uploads\/2021\/10\/Verkaufsfoerderung_Libri_FuerVerlage.jpg","contentUrl":"https:\/\/www.libri.de\/wp-content\/uploads\/2021\/10\/Verkaufsfoerderung_Libri_FuerVerlage.jpg","width":1990,"height":1100},{"@type":"BreadcrumbList","@id":"https:\/\/www.libri.de\/de\/fuer-verlage\/verkaufsfoerderung\/#breadcrumb","itemListElement":[{"@type":"ListItem","position":1,"name":"Start","item":"https:\/\/www.libri.de\/de\/"},{"@type":"ListItem","position":2,"name":"F\u00fcr Verlage","item":"https:\/\/www.libri.de\/de\/fuer-verlage\/"},{"@type":"ListItem","position":3,"name":"Verkaufsf\u00f6rderung"}]},{"@type":"WebSite","@id":"https:\/\/www.libri.de\/fr\/#website","url":"https:\/\/www.libri.de\/fr\/","name":"Libri GmbH","description":"Barsortiment und Gro\u00dfhandel f\u00fcr B\u00fccher und andere Medien","publisher":{"@id":"https:\/\/www.libri.de\/fr\/#organization"},"potentialAction":[{"@type":"SearchAction","target":{"@type":"EntryPoint","urlTemplate":"https:\/\/www.libri.de\/fr\/?s={search_term_string}"},"query-input":{"@type":"PropertyValueSpecification","valueRequired":true,"valueName":"search_term_string"}}],"inLanguage":"de"},{"@type":"Organization","@id":"https:\/\/www.libri.de\/fr\/#organization","name":"Libri","url":"https:\/\/www.libri.de\/fr\/","logo":{"@type":"ImageObject","inLanguage":"de","@id":"https:\/\/www.libri.de\/fr\/#\/schema\/logo\/image\/","url":"https:\/\/188.64.195.32\/wp-content\/uploads\/2022\/04\/libri_logo-1.jpg","contentUrl":"https:\/\/188.64.195.32\/wp-content\/uploads\/2022\/04\/libri_logo-1.jpg","width":2000,"height":1000,"caption":"Libri"},"image":{"@id":"https:\/\/www.libri.de\/fr\/#\/schema\/logo\/image\/"},"sameAs":["https:\/\/www.facebook.com\/libribarsortiment","https:\/\/www.instagram.com\/libri.barsortiment","https:\/\/www.linkedin.com\/company\/libri-gmbh"]}]}},"_links":{"self":[{"href":"https:\/\/www.libri.de\/de\/wp-json\/wp\/v2\/pages\/29664","targetHints":{"allow":["GET"]}}],"collection":[{"href":"https:\/\/www.libri.de\/de\/wp-json\/wp\/v2\/pages"}],"about":[{"href":"https:\/\/www.libri.de\/de\/wp-json\/wp\/v2\/types\/page"}],"author":[{"embeddable":true,"href":"https:\/\/www.libri.de\/de\/wp-json\/wp\/v2\/users\/10"}],"replies":[{"embeddable":true,"href":"https:\/\/www.libri.de\/de\/wp-json\/wp\/v2\/comments?post=29664"}],"version-history":[{"count":2,"href":"https:\/\/www.libri.de\/de\/wp-json\/wp\/v2\/pages\/29664\/revisions"}],"predecessor-version":[{"id":85713,"href":"https:\/\/www.libri.de\/de\/wp-json\/wp\/v2\/pages\/29664\/revisions\/85713"}],"up":[{"embeddable":true,"href":"https:\/\/www.libri.de\/de\/wp-json\/wp\/v2\/pages\/29711"}],"wp:featuredmedia":[{"embeddable":true,"href":"https:\/\/www.libri.de\/de\/wp-json\/wp\/v2\/media\/29668"}],"wp:attachment":[{"href":"https:\/\/www.libri.de\/de\/wp-json\/wp\/v2\/media?parent=29664"}],"curies":[{"name":"wp","href":"https:\/\/api.w.org\/{rel}","templated":true}]}}