{"id":29470,"date":"2021-10-12T15:25:28","date_gmt":"2021-10-12T13:25:28","guid":{"rendered":"https:\/\/www.libri.de\/?page_id=29470"},"modified":"2025-11-13T13:59:27","modified_gmt":"2025-11-13T11:59:27","slug":"impressum","status":"publish","type":"page","link":"https:\/\/www.libri.de\/de\/impressum\/","title":{"rendered":"Impressum"},"content":{"rendered":"\r\n<div id=\"header-block_1e15a920b6d72a88f9f0231baf5205ce\" class=\"block-header module type-small bc-trans\">\r\n  <div class=\"container\">\r\n\r\n    <p id=\"breadcrumbs\"><span><span><a href=\"https:\/\/www.libri.de\/de\/\">Start<\/a><\/span><\/span><\/p>    \r\n    \r\n      \r\n      <div class=\"row\">\r\n        <div class=\"col-12 col-md-10 title\">\r\n          <h1 class=\"\">Impressum<\/h1>\r\n        <\/div>\r\n\r\n        <div class=\"col-12 col-md-10 text\">\r\n          <p><\/p>\r\n        <\/div>\r\n      <\/div>\r\n\r\n      \r\n  <\/div>\r\n<\/div>\r\n\r\n\n\n\r\n<div id=\"text-block_aacfe47180c88fefd2df0a6398a678e7\" class=\"block-text module type-text bc-trans\">\r\n  <div class=\"container\">\r\n\r\n    \r\n      <div class=\"row \">\r\n\r\n        \r\n        <div class=\"col-12 col-md-10\">\r\n\r\n          \r\n          <div class=\"text for-box-js\">\r\n            <p>Verantwortlich f\u00fcr den Inhalt:<\/p>\n<p>Libri GmbH<br \/>\nFriedensallee 273<br \/>\n22763 Hamburg<\/p>\n<p>Tel: +49 40 853980<br \/>\nE-Mail:\u00a0<a href=\"mailto:Libri(at)libri.de%EF%BB%BF\">libri(at)libri.de<\/a><\/p>\n<p>Vertreten durch die Gesch\u00e4ftsf\u00fchrung: Alyna Wnukowsky (Sprecherin), Ulrich Vollmer<br \/>\nAufsichtsratsvorsitzender: Dr. Markus Conrad<br \/>\nHandelsregister: Amtsgericht Hamburg HRB 65430<br \/>\nUmsatzsteuer-ID: DE217908460<\/p>\n          <\/div>\r\n\r\n          \r\n          \r\n        <\/div>\r\n        \r\n      <\/div>\r\n\r\n    \r\n  <\/div>\r\n<\/div>\r\n\r\n\n\n\r\n<div id=\"text-block_0abacaf8ebd3f684a1a0e6daaf275668\" class=\"block-text module type-text bc-trans\">\r\n  <div class=\"container\">\r\n\r\n    \r\n      <div class=\"row \">\r\n\r\n        \r\n        <div class=\"col-12 col-md-10\">\r\n\r\n          \r\n          <div class=\"text for-box-js\">\r\n            <p>Als familienfreundlicher Arbeitgeber unterst\u00fctzen wir unsere Mitarbeitende aktiv bei der Vereinbarung von Beruf- und Privatleben. Unser nachhaltiges Personalmanagement beruht auf sozialer Verantwortung. Wir sind \u00fcberzeugt, dass ein Unternehmen nur dann erfolgreich sein kann, wenn es zufriedene Mitarbeitende hat. Die folgend genannten Quoten orientieren sich an der aktuellen Zusammensetzung und den Bestellungszeitr\u00e4umen. Als ein Unternehmen mit einer au\u00dfergew\u00f6hnlich stabilen und langj\u00e4hrig besch\u00e4ftigten Belegschaft folgen unsere Ziele einer realistischen Selbsteinsch\u00e4tzung.<\/p>\n<p>Dem Gesetz f\u00fcr die gleichberechtigte Teilhabe von Frauen in F\u00fchrungspositionen entsprechend, hat die Gesellschafterversammlung der Libri GmbH im Juni 2017 die Zielgr\u00f6\u00dfen f\u00fcr den Frauenanteil im Aufsichtsrat und in der Gesch\u00e4ftsf\u00fchrung von 0 % beschlossen. Diese Zielgr\u00f6\u00dfen wurden jeweils bis zum 30. Juni 2022 erreicht und im Fall der Gesch\u00e4ftsf\u00fchrung mit einem Frauenanteil von 20 % \u00fcbertroffen.<\/p>\n<p>Vor dem Hintergrund der aktuellen Organzusammensetzung und Bestellungszeitr\u00e4ume wurden von der Gesellschafterversammlung im Juni 2022 die Zielgr\u00f6\u00dfen f\u00fcr den Frauenanteil im Aufsichtsrat in H\u00f6he des Status Quo (Null Prozent) und in der Gesch\u00e4ftsf\u00fchrung in H\u00f6he von 25 % f\u00fcr die Zeit bis zum 30. Juni 2027 neu festgelegt. Dieser Beschluss bringt ausdr\u00fccklich nicht die Absicht zum Ausdruck, den Frauenanteil im Aufsichtsrat dauerhaft beim Status Quo zu belassen, sondern stellt lediglich den am 30. Juni 2027 vor dem Hintergrund der aktuellen Bestellungszeitr\u00e4ume realistischer Weise zu erwartenden Zustand dar, da gegenw\u00e4rtig keine Neubesetzungen beabsichtigt sind. Bei gleichwohl erforderlich werdenden Nachbesetzungen wird wie bisher auf Diversit\u00e4t geachtet.<\/p>\n<p>Die Gesch\u00e4ftsf\u00fchrung hat im Juni 2017 eine Zielgr\u00f6\u00dfe f\u00fcr den Frauenanteil in der ersten F\u00fchrungsebene von 15 % und in der zweiten F\u00fchrungsebene von 40 % beschlossen. Die Zielgr\u00f6\u00dfe f\u00fcr die erste F\u00fchrungsebene wurde bis zum 30. Juni 2022 mit 10 % leicht unterschritten. Der Grund hierf\u00fcr lag in dem Ausscheiden einer weiblichen F\u00fchrungskraft und der Nachbesetzung durch einen geeigneten m\u00e4nnlichen Kandidaten. Das Ziel f\u00fcr die zweite F\u00fchrungsebene wurde zum 30. Juni 2022 mit 42 % leicht \u00fcbertroffen. Die Gesch\u00e4ftsf\u00fchrung hat im Juni 2022 eine Zielgr\u00f6\u00dfe f\u00fcr den Frauenanteil in der ersten F\u00fchrungsebene von 15 % sowie in der zweiten F\u00fchrungsebene von 40 % festgelegt. Diese Zielgr\u00f6\u00dfen sollen bis zum 30. Juni 2027 erreicht werden.<\/p>\n<p>Webdesign: <a href=\"https:\/\/www.no-agency.de\/\" target=\"_blank\" rel=\"noopener\">No agency<\/a> \u2013 Webdesign Agentur aus Hamburg<\/p>\n          <\/div>\r\n\r\n          \r\n          \r\n        <\/div>\r\n        \r\n      <\/div>\r\n\r\n    \r\n  <\/div>\r\n<\/div>\r\n\r\n\n\n\r\n<div id=\"space-block_2c062cdcef34cd0a31878b94541e18a7\" class=\"block-space module bc-trans\" style=\"height: 48px;\"><\/div>","protected":false},"excerpt":{"rendered":"","protected":false},"author":10,"featured_media":0,"parent":0,"menu_order":0,"comment_status":"closed","ping_status":"closed","template":"","meta":{"_acf_changed":false,"footnotes":""},"class_list":["post-29470","page","type-page","status-publish","hentry"],"acf":[],"yoast_head":"<!-- This site is optimized with the Yoast SEO plugin v27.0 - https:\/\/yoast.com\/product\/yoast-seo-wordpress\/ -->\n<title>Impressum | Libri GmbH<\/title>\n<meta name=\"robots\" content=\"index, follow, max-snippet:-1, max-image-preview:large, max-video-preview:-1\" \/>\n<link rel=\"canonical\" href=\"https:\/\/www.libri.de\/de\/impressum\/\" \/>\n<meta property=\"og:locale\" content=\"de_DE\" \/>\n<meta property=\"og:type\" content=\"article\" \/>\n<meta property=\"og:title\" content=\"Impressum | Libri GmbH\" \/>\n<meta property=\"og:url\" content=\"https:\/\/www.libri.de\/de\/impressum\/\" \/>\n<meta property=\"og:site_name\" content=\"Libri GmbH\" \/>\n<meta property=\"article:publisher\" content=\"https:\/\/www.facebook.com\/libribarsortiment\" \/>\n<meta property=\"article:modified_time\" content=\"2025-11-13T11:59:27+00:00\" \/>\n<meta name=\"twitter:card\" content=\"summary_large_image\" \/>\n<script type=\"application\/ld+json\" class=\"yoast-schema-graph\">{\"@context\":\"https:\/\/schema.org\",\"@graph\":[{\"@type\":\"WebPage\",\"@id\":\"https:\/\/www.libri.de\/de\/impressum\/\",\"url\":\"https:\/\/www.libri.de\/de\/impressum\/\",\"name\":\"Impressum | Libri GmbH\",\"isPartOf\":{\"@id\":\"https:\/\/www.libri.de\/fr\/#website\"},\"datePublished\":\"2021-10-12T13:25:28+00:00\",\"dateModified\":\"2025-11-13T11:59:27+00:00\",\"breadcrumb\":{\"@id\":\"https:\/\/www.libri.de\/de\/impressum\/#breadcrumb\"},\"inLanguage\":\"de\",\"potentialAction\":[{\"@type\":\"ReadAction\",\"target\":[\"https:\/\/www.libri.de\/de\/impressum\/\"]}]},{\"@type\":\"BreadcrumbList\",\"@id\":\"https:\/\/www.libri.de\/de\/impressum\/#breadcrumb\",\"itemListElement\":[{\"@type\":\"ListItem\",\"position\":1,\"name\":\"Start\",\"item\":\"https:\/\/www.libri.de\/de\/\"},{\"@type\":\"ListItem\",\"position\":2,\"name\":\"Impressum\"}]},{\"@type\":\"WebSite\",\"@id\":\"https:\/\/www.libri.de\/fr\/#website\",\"url\":\"https:\/\/www.libri.de\/fr\/\",\"name\":\"Libri GmbH\",\"description\":\"Barsortiment und Gro\u00dfhandel f\u00fcr B\u00fccher und andere Medien\",\"publisher\":{\"@id\":\"https:\/\/www.libri.de\/fr\/#organization\"},\"potentialAction\":[{\"@type\":\"SearchAction\",\"target\":{\"@type\":\"EntryPoint\",\"urlTemplate\":\"https:\/\/www.libri.de\/fr\/?s={search_term_string}\"},\"query-input\":{\"@type\":\"PropertyValueSpecification\",\"valueRequired\":true,\"valueName\":\"search_term_string\"}}],\"inLanguage\":\"de\"},{\"@type\":\"Organization\",\"@id\":\"https:\/\/www.libri.de\/fr\/#organization\",\"name\":\"Libri\",\"url\":\"https:\/\/www.libri.de\/fr\/\",\"logo\":{\"@type\":\"ImageObject\",\"inLanguage\":\"de\",\"@id\":\"https:\/\/www.libri.de\/fr\/#\/schema\/logo\/image\/\",\"url\":\"https:\/\/188.64.195.32\/wp-content\/uploads\/2022\/04\/libri_logo-1.jpg\",\"contentUrl\":\"https:\/\/188.64.195.32\/wp-content\/uploads\/2022\/04\/libri_logo-1.jpg\",\"width\":2000,\"height\":1000,\"caption\":\"Libri\"},\"image\":{\"@id\":\"https:\/\/www.libri.de\/fr\/#\/schema\/logo\/image\/\"},\"sameAs\":[\"https:\/\/www.facebook.com\/libribarsortiment\",\"https:\/\/www.instagram.com\/libri.barsortiment\",\"https:\/\/www.linkedin.com\/company\/libri-gmbh\"]}]}<\/script>\n<!-- \/ Yoast SEO plugin. -->","yoast_head_json":{"title":"Impressum | Libri GmbH","robots":{"index":"index","follow":"follow","max-snippet":"max-snippet:-1","max-image-preview":"max-image-preview:large","max-video-preview":"max-video-preview:-1"},"canonical":"https:\/\/www.libri.de\/de\/impressum\/","og_locale":"de_DE","og_type":"article","og_title":"Impressum | Libri GmbH","og_url":"https:\/\/www.libri.de\/de\/impressum\/","og_site_name":"Libri GmbH","article_publisher":"https:\/\/www.facebook.com\/libribarsortiment","article_modified_time":"2025-11-13T11:59:27+00:00","twitter_card":"summary_large_image","schema":{"@context":"https:\/\/schema.org","@graph":[{"@type":"WebPage","@id":"https:\/\/www.libri.de\/de\/impressum\/","url":"https:\/\/www.libri.de\/de\/impressum\/","name":"Impressum | Libri GmbH","isPartOf":{"@id":"https:\/\/www.libri.de\/fr\/#website"},"datePublished":"2021-10-12T13:25:28+00:00","dateModified":"2025-11-13T11:59:27+00:00","breadcrumb":{"@id":"https:\/\/www.libri.de\/de\/impressum\/#breadcrumb"},"inLanguage":"de","potentialAction":[{"@type":"ReadAction","target":["https:\/\/www.libri.de\/de\/impressum\/"]}]},{"@type":"BreadcrumbList","@id":"https:\/\/www.libri.de\/de\/impressum\/#breadcrumb","itemListElement":[{"@type":"ListItem","position":1,"name":"Start","item":"https:\/\/www.libri.de\/de\/"},{"@type":"ListItem","position":2,"name":"Impressum"}]},{"@type":"WebSite","@id":"https:\/\/www.libri.de\/fr\/#website","url":"https:\/\/www.libri.de\/fr\/","name":"Libri GmbH","description":"Barsortiment und Gro\u00dfhandel f\u00fcr B\u00fccher und andere Medien","publisher":{"@id":"https:\/\/www.libri.de\/fr\/#organization"},"potentialAction":[{"@type":"SearchAction","target":{"@type":"EntryPoint","urlTemplate":"https:\/\/www.libri.de\/fr\/?s={search_term_string}"},"query-input":{"@type":"PropertyValueSpecification","valueRequired":true,"valueName":"search_term_string"}}],"inLanguage":"de"},{"@type":"Organization","@id":"https:\/\/www.libri.de\/fr\/#organization","name":"Libri","url":"https:\/\/www.libri.de\/fr\/","logo":{"@type":"ImageObject","inLanguage":"de","@id":"https:\/\/www.libri.de\/fr\/#\/schema\/logo\/image\/","url":"https:\/\/188.64.195.32\/wp-content\/uploads\/2022\/04\/libri_logo-1.jpg","contentUrl":"https:\/\/188.64.195.32\/wp-content\/uploads\/2022\/04\/libri_logo-1.jpg","width":2000,"height":1000,"caption":"Libri"},"image":{"@id":"https:\/\/www.libri.de\/fr\/#\/schema\/logo\/image\/"},"sameAs":["https:\/\/www.facebook.com\/libribarsortiment","https:\/\/www.instagram.com\/libri.barsortiment","https:\/\/www.linkedin.com\/company\/libri-gmbh"]}]}},"_links":{"self":[{"href":"https:\/\/www.libri.de\/de\/wp-json\/wp\/v2\/pages\/29470","targetHints":{"allow":["GET"]}}],"collection":[{"href":"https:\/\/www.libri.de\/de\/wp-json\/wp\/v2\/pages"}],"about":[{"href":"https:\/\/www.libri.de\/de\/wp-json\/wp\/v2\/types\/page"}],"author":[{"embeddable":true,"href":"https:\/\/www.libri.de\/de\/wp-json\/wp\/v2\/users\/10"}],"replies":[{"embeddable":true,"href":"https:\/\/www.libri.de\/de\/wp-json\/wp\/v2\/comments?post=29470"}],"version-history":[{"count":3,"href":"https:\/\/www.libri.de\/de\/wp-json\/wp\/v2\/pages\/29470\/revisions"}],"predecessor-version":[{"id":84596,"href":"https:\/\/www.libri.de\/de\/wp-json\/wp\/v2\/pages\/29470\/revisions\/84596"}],"wp:attachment":[{"href":"https:\/\/www.libri.de\/de\/wp-json\/wp\/v2\/media?parent=29470"}],"curies":[{"name":"wp","href":"https:\/\/api.w.org\/{rel}","templated":true}]}}